{"id":77974,"date":"2022-11-05T22:17:23","date_gmt":"2022-11-05T22:17:23","guid":{"rendered":"https:\/\/asteralabs.org\/product\/trenbolon-mix\/"},"modified":"2026-01-15T14:03:33","modified_gmt":"2026-01-15T14:03:33","slug":"trenbolon-mix","status":"publish","type":"product","link":"https:\/\/asteralabs.org\/nl\/product\/trenbolon-mix\/","title":{"rendered":"Trenbolon mix"},"content":{"rendered":"<p><strong>DOSERING:<\/strong><br \/>\nTrenbolonacetaat 50mg<br \/>\nTrenbolon Enanthaat 50mg<br \/>\nTrenbolon Hexahydrobenzylcarbonaat 50mg <strong>VERPAKKING INHOUD:<\/strong><br \/>\n1 x 10ML flacon, 150 mg per ml <strong>WAT IS HET:<\/strong><br \/>\nTrenbolon is een stero\u00efde die is afgeleid van 19-Nortestosteron en is een van de meest krachtige en effectieve stero\u00efden die momenteel bestaan. Door de hoge affiniteit met androgeenreceptoren is het een veelzijdige stero\u00efde, nuttig voor het verkrijgen van spiermassa, het verliezen van vet en het vergroten van kracht. Het is zeer nuttig tijdens een snijcyclus om zoveel mogelijk vetvrije massa te behouden terwijl je zoveel mogelijk vet verliest. Hoewel de bijwerkingen overdreven zijn en erg lijken op die van andere stero\u00efden en dosisafhankelijk, moet er rekening mee worden gehouden dat het slaapstoornissen (afhankelijk van de dosis en het tijdstip van gebruik) en stemmingswisselingen (afhankelijk van de persoon) veroorzaakt. <strong>HOE TE GEBRUIKEN:<\/strong><br \/>\nOmdat het een zeer veelzijdige stero\u00efde is, kunnen doses van 75 mg per week zeer nuttig zijn tijdens een cutting fase zonder bijwerkingen te veroorzaken of de kans daarop te verminderen. Doses van 200-400 mg per week worden beschouwd als &#8220;normaal&#8221;, afhankelijk van hoe gevorderd de atleet is, Wij raden beginnen met 75 mg per week en geleidelijk verhogen van de dosis totdat u merkt dat eventuele bijwerkingen en dat zou uw maximale dosis. Omdat het een combinatie van drie esters is, raden we aan om dezelfde injectiefrequentie te gebruiken als bij de kortere ester, dus ED of EOD.<\/p>\n<p><strong>BATCH INFORMATIE:<br \/>\n<\/strong>Batchnummer: <span data-sheets-root=\"1\" data-sheets-value=\"{\" data-sheets-userformat=\"{\">YO09765<\/span><br \/>\nProductiedatum: <span data-sheets-root=\"1\" data-sheets-value=\"{\" data-sheets-userformat=\"{\">10.2025.<\/span><br \/>\nVervaldatum: <span data-sheets-root=\"1\" data-sheets-value=\"{\" data-sheets-userformat=\"{\">10.2028.<\/span><\/p>\n","protected":false},"excerpt":{"rendered":"<p>DOSERING: Trenbolonacetaat 50mg Trenbolon Enanthaat 50mg Trenbolon Hexahydrobenzylcarbonaat 50mg VERPAKKING INHOUD: 1 x 10ML flacon, 150 mg per ml WAT IS HET: Trenbolon is een stero\u00efde die is afgeleid van 19-Nortestosteron en is een van de meest krachtige en effectieve stero\u00efden die momenteel bestaan. Door de hoge affiniteit met androgeenreceptoren is het een veelzijdige stero\u00efde,&hellip;<\/p>\n","protected":false},"featured_media":76176,"comment_status":"open","ping_status":"closed","template":"","meta":{"_acf_changed":false},"product_brand":[],"product_cat":[151,149],"product_tag":[],"class_list":{"0":"post-77974","1":"product","2":"type-product","3":"status-publish","4":"has-post-thumbnail","6":"product_cat-all-nl","7":"product_cat-injectables-nl","8":"description-off","10":"first","11":"instock","12":"shipping-taxable","13":"product-type-simple"},"acf":[],"yoast_head":"<!-- This site is optimized with the Yoast SEO plugin v27.4 - https:\/\/yoast.com\/product\/yoast-seo-wordpress\/ -->\n<title>Trenbolon mix - Astera Labs<\/title>\n<meta name=\"robots\" content=\"index, follow, max-snippet:-1, max-image-preview:large, max-video-preview:-1\" \/>\n<link rel=\"canonical\" href=\"https:\/\/asteralabs.org\/nl\/product\/trenbolon-mix\/\" \/>\n<meta property=\"og:locale\" content=\"nl_NL\" \/>\n<meta property=\"og:type\" content=\"article\" \/>\n<meta property=\"og:title\" content=\"Trenbolon mix - Astera Labs\" \/>\n<meta property=\"og:description\" content=\"DOSERING: Trenbolonacetaat 50mg Trenbolon Enanthaat 50mg Trenbolon Hexahydrobenzylcarbonaat 50mg VERPAKKING INHOUD: 1 x 10ML flacon, 150 mg per ml WAT IS HET: Trenbolon is een stero\u00efde die is afgeleid van 19-Nortestosteron en is een van de meest krachtige en effectieve stero\u00efden die momenteel bestaan. Door de hoge affiniteit met androgeenreceptoren is het een veelzijdige stero\u00efde,&hellip;\" \/>\n<meta property=\"og:url\" content=\"https:\/\/asteralabs.org\/nl\/product\/trenbolon-mix\/\" \/>\n<meta property=\"og:site_name\" content=\"Astera Labs\" \/>\n<meta property=\"article:modified_time\" content=\"2026-01-15T14:03:33+00:00\" \/>\n<meta property=\"og:image\" content=\"https:\/\/asteralabs.org\/wp-content\/uploads\/2022\/11\/Trenbolone-mix-inject-nbg-1.png\" \/>\n\t<meta property=\"og:image:width\" content=\"2000\" \/>\n\t<meta property=\"og:image:height\" content=\"2000\" \/>\n\t<meta property=\"og:image:type\" content=\"image\/png\" \/>\n<meta name=\"twitter:card\" content=\"summary_large_image\" \/>\n<script type=\"application\/ld+json\" class=\"yoast-schema-graph\">{\"@context\":\"https:\\\/\\\/schema.org\",\"@graph\":[{\"@type\":\"WebPage\",\"@id\":\"https:\\\/\\\/asteralabs.org\\\/nl\\\/product\\\/trenbolon-mix\\\/\",\"url\":\"https:\\\/\\\/asteralabs.org\\\/nl\\\/product\\\/trenbolon-mix\\\/\",\"name\":\"Trenbolon mix - Astera Labs\",\"isPartOf\":{\"@id\":\"https:\\\/\\\/asteralabs.org\\\/nl\\\/#website\"},\"primaryImageOfPage\":{\"@id\":\"https:\\\/\\\/asteralabs.org\\\/nl\\\/product\\\/trenbolon-mix\\\/#primaryimage\"},\"image\":{\"@id\":\"https:\\\/\\\/asteralabs.org\\\/nl\\\/product\\\/trenbolon-mix\\\/#primaryimage\"},\"thumbnailUrl\":\"https:\\\/\\\/asteralabs.org\\\/wp-content\\\/uploads\\\/2022\\\/11\\\/Trenbolone-mix-inject-nbg-1.png\",\"datePublished\":\"2022-11-05T22:17:23+00:00\",\"dateModified\":\"2026-01-15T14:03:33+00:00\",\"breadcrumb\":{\"@id\":\"https:\\\/\\\/asteralabs.org\\\/nl\\\/product\\\/trenbolon-mix\\\/#breadcrumb\"},\"inLanguage\":\"nl-NL\",\"potentialAction\":[{\"@type\":\"ReadAction\",\"target\":[\"https:\\\/\\\/asteralabs.org\\\/nl\\\/product\\\/trenbolon-mix\\\/\"]}]},{\"@type\":\"ImageObject\",\"inLanguage\":\"nl-NL\",\"@id\":\"https:\\\/\\\/asteralabs.org\\\/nl\\\/product\\\/trenbolon-mix\\\/#primaryimage\",\"url\":\"https:\\\/\\\/asteralabs.org\\\/wp-content\\\/uploads\\\/2022\\\/11\\\/Trenbolone-mix-inject-nbg-1.png\",\"contentUrl\":\"https:\\\/\\\/asteralabs.org\\\/wp-content\\\/uploads\\\/2022\\\/11\\\/Trenbolone-mix-inject-nbg-1.png\",\"width\":2000,\"height\":2000},{\"@type\":\"BreadcrumbList\",\"@id\":\"https:\\\/\\\/asteralabs.org\\\/nl\\\/product\\\/trenbolon-mix\\\/#breadcrumb\",\"itemListElement\":[{\"@type\":\"ListItem\",\"position\":1,\"name\":\"Home\",\"item\":\"https:\\\/\\\/asteralabs.org\\\/nl\\\/\"},{\"@type\":\"ListItem\",\"position\":2,\"name\":\"Winkel op\",\"item\":\"https:\\\/\\\/asteralabs.org\\\/nl\\\/winkel-op\\\/\"},{\"@type\":\"ListItem\",\"position\":3,\"name\":\"Trenbolon mix\"}]},{\"@type\":\"WebSite\",\"@id\":\"https:\\\/\\\/asteralabs.org\\\/nl\\\/#website\",\"url\":\"https:\\\/\\\/asteralabs.org\\\/nl\\\/\",\"name\":\"Astera Labs\",\"description\":\"Improve Your Quality Of Life\",\"publisher\":{\"@id\":\"https:\\\/\\\/asteralabs.org\\\/nl\\\/#organization\"},\"potentialAction\":[{\"@type\":\"SearchAction\",\"target\":{\"@type\":\"EntryPoint\",\"urlTemplate\":\"https:\\\/\\\/asteralabs.org\\\/nl\\\/?s={search_term_string}\"},\"query-input\":{\"@type\":\"PropertyValueSpecification\",\"valueRequired\":true,\"valueName\":\"search_term_string\"}}],\"inLanguage\":\"nl-NL\"},{\"@type\":\"Organization\",\"@id\":\"https:\\\/\\\/asteralabs.org\\\/nl\\\/#organization\",\"name\":\"Astera Labs\",\"url\":\"https:\\\/\\\/asteralabs.org\\\/nl\\\/\",\"logo\":{\"@type\":\"ImageObject\",\"inLanguage\":\"nl-NL\",\"@id\":\"https:\\\/\\\/asteralabs.org\\\/nl\\\/#\\\/schema\\\/logo\\\/image\\\/\",\"url\":\"https:\\\/\\\/asteralabs.org\\\/wp-content\\\/uploads\\\/2022\\\/12\\\/astera-2.png\",\"contentUrl\":\"https:\\\/\\\/asteralabs.org\\\/wp-content\\\/uploads\\\/2022\\\/12\\\/astera-2.png\",\"width\":437,\"height\":111,\"caption\":\"Astera Labs\"},\"image\":{\"@id\":\"https:\\\/\\\/asteralabs.org\\\/nl\\\/#\\\/schema\\\/logo\\\/image\\\/\"}}]}<\/script>\n<!-- \/ Yoast SEO plugin. -->","yoast_head_json":{"title":"Trenbolon mix - Astera Labs","robots":{"index":"index","follow":"follow","max-snippet":"max-snippet:-1","max-image-preview":"max-image-preview:large","max-video-preview":"max-video-preview:-1"},"canonical":"https:\/\/asteralabs.org\/nl\/product\/trenbolon-mix\/","og_locale":"nl_NL","og_type":"article","og_title":"Trenbolon mix - Astera Labs","og_description":"DOSERING: Trenbolonacetaat 50mg Trenbolon Enanthaat 50mg Trenbolon Hexahydrobenzylcarbonaat 50mg VERPAKKING INHOUD: 1 x 10ML flacon, 150 mg per ml WAT IS HET: Trenbolon is een stero\u00efde die is afgeleid van 19-Nortestosteron en is een van de meest krachtige en effectieve stero\u00efden die momenteel bestaan. Door de hoge affiniteit met androgeenreceptoren is het een veelzijdige stero\u00efde,&hellip;","og_url":"https:\/\/asteralabs.org\/nl\/product\/trenbolon-mix\/","og_site_name":"Astera Labs","article_modified_time":"2026-01-15T14:03:33+00:00","og_image":[{"width":2000,"height":2000,"url":"https:\/\/asteralabs.org\/wp-content\/uploads\/2022\/11\/Trenbolone-mix-inject-nbg-1.png","type":"image\/png"}],"twitter_card":"summary_large_image","schema":{"@context":"https:\/\/schema.org","@graph":[{"@type":"WebPage","@id":"https:\/\/asteralabs.org\/nl\/product\/trenbolon-mix\/","url":"https:\/\/asteralabs.org\/nl\/product\/trenbolon-mix\/","name":"Trenbolon mix - Astera Labs","isPartOf":{"@id":"https:\/\/asteralabs.org\/nl\/#website"},"primaryImageOfPage":{"@id":"https:\/\/asteralabs.org\/nl\/product\/trenbolon-mix\/#primaryimage"},"image":{"@id":"https:\/\/asteralabs.org\/nl\/product\/trenbolon-mix\/#primaryimage"},"thumbnailUrl":"https:\/\/asteralabs.org\/wp-content\/uploads\/2022\/11\/Trenbolone-mix-inject-nbg-1.png","datePublished":"2022-11-05T22:17:23+00:00","dateModified":"2026-01-15T14:03:33+00:00","breadcrumb":{"@id":"https:\/\/asteralabs.org\/nl\/product\/trenbolon-mix\/#breadcrumb"},"inLanguage":"nl-NL","potentialAction":[{"@type":"ReadAction","target":["https:\/\/asteralabs.org\/nl\/product\/trenbolon-mix\/"]}]},{"@type":"ImageObject","inLanguage":"nl-NL","@id":"https:\/\/asteralabs.org\/nl\/product\/trenbolon-mix\/#primaryimage","url":"https:\/\/asteralabs.org\/wp-content\/uploads\/2022\/11\/Trenbolone-mix-inject-nbg-1.png","contentUrl":"https:\/\/asteralabs.org\/wp-content\/uploads\/2022\/11\/Trenbolone-mix-inject-nbg-1.png","width":2000,"height":2000},{"@type":"BreadcrumbList","@id":"https:\/\/asteralabs.org\/nl\/product\/trenbolon-mix\/#breadcrumb","itemListElement":[{"@type":"ListItem","position":1,"name":"Home","item":"https:\/\/asteralabs.org\/nl\/"},{"@type":"ListItem","position":2,"name":"Winkel op","item":"https:\/\/asteralabs.org\/nl\/winkel-op\/"},{"@type":"ListItem","position":3,"name":"Trenbolon mix"}]},{"@type":"WebSite","@id":"https:\/\/asteralabs.org\/nl\/#website","url":"https:\/\/asteralabs.org\/nl\/","name":"Astera Labs","description":"Improve Your Quality Of Life","publisher":{"@id":"https:\/\/asteralabs.org\/nl\/#organization"},"potentialAction":[{"@type":"SearchAction","target":{"@type":"EntryPoint","urlTemplate":"https:\/\/asteralabs.org\/nl\/?s={search_term_string}"},"query-input":{"@type":"PropertyValueSpecification","valueRequired":true,"valueName":"search_term_string"}}],"inLanguage":"nl-NL"},{"@type":"Organization","@id":"https:\/\/asteralabs.org\/nl\/#organization","name":"Astera Labs","url":"https:\/\/asteralabs.org\/nl\/","logo":{"@type":"ImageObject","inLanguage":"nl-NL","@id":"https:\/\/asteralabs.org\/nl\/#\/schema\/logo\/image\/","url":"https:\/\/asteralabs.org\/wp-content\/uploads\/2022\/12\/astera-2.png","contentUrl":"https:\/\/asteralabs.org\/wp-content\/uploads\/2022\/12\/astera-2.png","width":437,"height":111,"caption":"Astera Labs"},"image":{"@id":"https:\/\/asteralabs.org\/nl\/#\/schema\/logo\/image\/"}}]}},"_links":{"self":[{"href":"https:\/\/asteralabs.org\/nl\/wp-json\/wp\/v2\/product\/77974","targetHints":{"allow":["GET"]}}],"collection":[{"href":"https:\/\/asteralabs.org\/nl\/wp-json\/wp\/v2\/product"}],"about":[{"href":"https:\/\/asteralabs.org\/nl\/wp-json\/wp\/v2\/types\/product"}],"replies":[{"embeddable":true,"href":"https:\/\/asteralabs.org\/nl\/wp-json\/wp\/v2\/comments?post=77974"}],"version-history":[{"count":0,"href":"https:\/\/asteralabs.org\/nl\/wp-json\/wp\/v2\/product\/77974\/revisions"}],"wp:featuredmedia":[{"embeddable":true,"href":"https:\/\/asteralabs.org\/nl\/wp-json\/wp\/v2\/media\/76176"}],"wp:attachment":[{"href":"https:\/\/asteralabs.org\/nl\/wp-json\/wp\/v2\/media?parent=77974"}],"wp:term":[{"taxonomy":"product_brand","embeddable":true,"href":"https:\/\/asteralabs.org\/nl\/wp-json\/wp\/v2\/product_brand?post=77974"},{"taxonomy":"product_cat","embeddable":true,"href":"https:\/\/asteralabs.org\/nl\/wp-json\/wp\/v2\/product_cat?post=77974"},{"taxonomy":"product_tag","embeddable":true,"href":"https:\/\/asteralabs.org\/nl\/wp-json\/wp\/v2\/product_tag?post=77974"}],"curies":[{"name":"wp","href":"https:\/\/api.w.org\/{rel}","templated":true}]}}