{"id":78243,"date":"2023-01-10T22:47:13","date_gmt":"2023-01-10T22:47:13","guid":{"rendered":"https:\/\/asteralabs.org\/product\/letrozol\/"},"modified":"2026-01-16T09:16:35","modified_gmt":"2026-01-16T09:16:35","slug":"letrozol","status":"publish","type":"product","link":"https:\/\/asteralabs.org\/nl\/product\/letrozol\/","title":{"rendered":"Letrozol"},"content":{"rendered":"<p><strong>DOSERING: <\/strong><br \/>\nLetrozol 1mg\/tab <strong>VERPAKKING INHOUD: <\/strong><br \/>\n1 satchet, 50 tabs, 1mg per tab <strong>WAT IS HET: <\/strong><br \/>\nHet is de krachtigste van de zogenaamde &#8220;su\u00efcidale aromataseremmers&#8221;, het wordt meestal gebruikt v\u00f3\u00f3r de wedstrijd of om gynaecomastie terug te draaien. <strong>INSTRUCTIES: <\/strong><br \/>\nDe dosis varieert sterk afhankelijk van de gebruiker en moet alleen worden aangepast op basis van het bloedwerk van die persoon, het is raadzaam om 0,5 mg te gebruiken als eerste dosis en deze aan te passen op basis van de verkregen effecten. <strong>BATCH INFORMATIE:<br \/>\n<\/strong>Batchnummer: <span data-sheets-root=\"1\" data-sheets-value=\"{\" data-sheets-userformat=\"{\">ZL47124<\/span><br \/>\nProductiedatum: <span data-sheets-root=\"1\" data-sheets-value=\"{\" data-sheets-userformat=\"{\">10.2025.<\/span><br \/>\nVervaldatum: <span data-sheets-root=\"1\" data-sheets-value=\"{\" data-sheets-userformat=\"{\">10.2028.<\/span><\/p>\n","protected":false},"excerpt":{"rendered":"<p>DOSERING: Letrozol 1mg\/tab VERPAKKING INHOUD: 1 satchet, 50 tabs, 1mg per tab WAT IS HET: Het is de krachtigste van de zogenaamde &#8220;su\u00efcidale aromataseremmers&#8221;, het wordt meestal gebruikt v\u00f3\u00f3r de wedstrijd of om gynaecomastie terug te draaien. INSTRUCTIES: De dosis varieert sterk afhankelijk van de gebruiker en moet alleen worden aangepast op basis van het&hellip;<\/p>\n","protected":false},"featured_media":76264,"comment_status":"open","ping_status":"closed","template":"","meta":[],"product_cat":[151,174],"product_tag":[],"yoast_head":"<!-- This site is optimized with the Yoast SEO plugin v23.0 - https:\/\/yoast.com\/wordpress\/plugins\/seo\/ -->\n<title>Letrozol - Astera Labs<\/title>\n<meta name=\"robots\" content=\"index, follow, max-snippet:-1, max-image-preview:large, max-video-preview:-1\" \/>\n<link rel=\"canonical\" href=\"https:\/\/asteralabs.org\/nl\/product\/letrozol\/\" \/>\n<meta property=\"og:locale\" content=\"nl_NL\" \/>\n<meta property=\"og:type\" content=\"article\" \/>\n<meta property=\"og:title\" content=\"Letrozol - Astera Labs\" \/>\n<meta property=\"og:description\" content=\"DOSERING: Letrozol 1mg\/tab VERPAKKING INHOUD: 1 satchet, 50 tabs, 1mg per tab WAT IS HET: Het is de krachtigste van de zogenaamde &#8220;su\u00efcidale aromataseremmers&#8221;, het wordt meestal gebruikt v\u00f3\u00f3r de wedstrijd of om gynaecomastie terug te draaien. INSTRUCTIES: De dosis varieert sterk afhankelijk van de gebruiker en moet alleen worden aangepast op basis van het&hellip;\" \/>\n<meta property=\"og:url\" content=\"https:\/\/asteralabs.org\/nl\/product\/letrozol\/\" \/>\n<meta property=\"og:site_name\" content=\"Astera Labs\" \/>\n<meta property=\"article:modified_time\" content=\"2026-01-16T09:16:35+00:00\" \/>\n<meta property=\"og:image\" content=\"https:\/\/asteralabs.org\/wp-content\/uploads\/2023\/01\/Letrozole-mockup-nbg.png\" \/>\n\t<meta property=\"og:image:width\" content=\"2000\" \/>\n\t<meta property=\"og:image:height\" content=\"2000\" \/>\n\t<meta property=\"og:image:type\" content=\"image\/png\" \/>\n<meta name=\"twitter:card\" content=\"summary_large_image\" \/>\n<script type=\"application\/ld+json\" class=\"yoast-schema-graph\">{\"@context\":\"https:\/\/schema.org\",\"@graph\":[{\"@type\":\"WebPage\",\"@id\":\"https:\/\/asteralabs.org\/nl\/product\/letrozol\/\",\"url\":\"https:\/\/asteralabs.org\/nl\/product\/letrozol\/\",\"name\":\"Letrozol - Astera Labs\",\"isPartOf\":{\"@id\":\"https:\/\/asteralabs.org\/nl\/#website\"},\"primaryImageOfPage\":{\"@id\":\"https:\/\/asteralabs.org\/nl\/product\/letrozol\/#primaryimage\"},\"image\":{\"@id\":\"https:\/\/asteralabs.org\/nl\/product\/letrozol\/#primaryimage\"},\"thumbnailUrl\":\"https:\/\/asteralabs.org\/wp-content\/uploads\/2023\/01\/Letrozole-mockup-nbg.png\",\"datePublished\":\"2023-01-10T22:47:13+00:00\",\"dateModified\":\"2026-01-16T09:16:35+00:00\",\"breadcrumb\":{\"@id\":\"https:\/\/asteralabs.org\/nl\/product\/letrozol\/#breadcrumb\"},\"inLanguage\":\"nl-NL\",\"potentialAction\":[{\"@type\":\"ReadAction\",\"target\":[\"https:\/\/asteralabs.org\/nl\/product\/letrozol\/\"]}]},{\"@type\":\"ImageObject\",\"inLanguage\":\"nl-NL\",\"@id\":\"https:\/\/asteralabs.org\/nl\/product\/letrozol\/#primaryimage\",\"url\":\"https:\/\/asteralabs.org\/wp-content\/uploads\/2023\/01\/Letrozole-mockup-nbg.png\",\"contentUrl\":\"https:\/\/asteralabs.org\/wp-content\/uploads\/2023\/01\/Letrozole-mockup-nbg.png\",\"width\":2000,\"height\":2000},{\"@type\":\"BreadcrumbList\",\"@id\":\"https:\/\/asteralabs.org\/nl\/product\/letrozol\/#breadcrumb\",\"itemListElement\":[{\"@type\":\"ListItem\",\"position\":1,\"name\":\"Home\",\"item\":\"https:\/\/asteralabs.org\/nl\/\"},{\"@type\":\"ListItem\",\"position\":2,\"name\":\"Winkel op\",\"item\":\"https:\/\/asteralabs.org\/winkel-op\/\"},{\"@type\":\"ListItem\",\"position\":3,\"name\":\"Letrozol\"}]},{\"@type\":\"WebSite\",\"@id\":\"https:\/\/asteralabs.org\/nl\/#website\",\"url\":\"https:\/\/asteralabs.org\/nl\/\",\"name\":\"Astera Labs\",\"description\":\"Improve Your Quality Of Life\",\"publisher\":{\"@id\":\"https:\/\/asteralabs.org\/nl\/#organization\"},\"potentialAction\":[{\"@type\":\"SearchAction\",\"target\":{\"@type\":\"EntryPoint\",\"urlTemplate\":\"https:\/\/asteralabs.org\/nl\/?s={search_term_string}\"},\"query-input\":\"required name=search_term_string\"}],\"inLanguage\":\"nl-NL\"},{\"@type\":\"Organization\",\"@id\":\"https:\/\/asteralabs.org\/nl\/#organization\",\"name\":\"Astera Labs\",\"url\":\"https:\/\/asteralabs.org\/nl\/\",\"logo\":{\"@type\":\"ImageObject\",\"inLanguage\":\"nl-NL\",\"@id\":\"https:\/\/asteralabs.org\/nl\/#\/schema\/logo\/image\/\",\"url\":\"https:\/\/asteralabs.org\/wp-content\/uploads\/2022\/12\/astera-2.png\",\"contentUrl\":\"https:\/\/asteralabs.org\/wp-content\/uploads\/2022\/12\/astera-2.png\",\"width\":437,\"height\":111,\"caption\":\"Astera Labs\"},\"image\":{\"@id\":\"https:\/\/asteralabs.org\/nl\/#\/schema\/logo\/image\/\"}}]}<\/script>\n<!-- \/ Yoast SEO plugin. -->","yoast_head_json":{"title":"Letrozol - Astera Labs","robots":{"index":"index","follow":"follow","max-snippet":"max-snippet:-1","max-image-preview":"max-image-preview:large","max-video-preview":"max-video-preview:-1"},"canonical":"https:\/\/asteralabs.org\/nl\/product\/letrozol\/","og_locale":"nl_NL","og_type":"article","og_title":"Letrozol - Astera Labs","og_description":"DOSERING: Letrozol 1mg\/tab VERPAKKING INHOUD: 1 satchet, 50 tabs, 1mg per tab WAT IS HET: Het is de krachtigste van de zogenaamde &#8220;su\u00efcidale aromataseremmers&#8221;, het wordt meestal gebruikt v\u00f3\u00f3r de wedstrijd of om gynaecomastie terug te draaien. INSTRUCTIES: De dosis varieert sterk afhankelijk van de gebruiker en moet alleen worden aangepast op basis van het&hellip;","og_url":"https:\/\/asteralabs.org\/nl\/product\/letrozol\/","og_site_name":"Astera Labs","article_modified_time":"2026-01-16T09:16:35+00:00","og_image":[{"width":2000,"height":2000,"url":"https:\/\/asteralabs.org\/wp-content\/uploads\/2023\/01\/Letrozole-mockup-nbg.png","type":"image\/png"}],"twitter_card":"summary_large_image","schema":{"@context":"https:\/\/schema.org","@graph":[{"@type":"WebPage","@id":"https:\/\/asteralabs.org\/nl\/product\/letrozol\/","url":"https:\/\/asteralabs.org\/nl\/product\/letrozol\/","name":"Letrozol - Astera Labs","isPartOf":{"@id":"https:\/\/asteralabs.org\/nl\/#website"},"primaryImageOfPage":{"@id":"https:\/\/asteralabs.org\/nl\/product\/letrozol\/#primaryimage"},"image":{"@id":"https:\/\/asteralabs.org\/nl\/product\/letrozol\/#primaryimage"},"thumbnailUrl":"https:\/\/asteralabs.org\/wp-content\/uploads\/2023\/01\/Letrozole-mockup-nbg.png","datePublished":"2023-01-10T22:47:13+00:00","dateModified":"2026-01-16T09:16:35+00:00","breadcrumb":{"@id":"https:\/\/asteralabs.org\/nl\/product\/letrozol\/#breadcrumb"},"inLanguage":"nl-NL","potentialAction":[{"@type":"ReadAction","target":["https:\/\/asteralabs.org\/nl\/product\/letrozol\/"]}]},{"@type":"ImageObject","inLanguage":"nl-NL","@id":"https:\/\/asteralabs.org\/nl\/product\/letrozol\/#primaryimage","url":"https:\/\/asteralabs.org\/wp-content\/uploads\/2023\/01\/Letrozole-mockup-nbg.png","contentUrl":"https:\/\/asteralabs.org\/wp-content\/uploads\/2023\/01\/Letrozole-mockup-nbg.png","width":2000,"height":2000},{"@type":"BreadcrumbList","@id":"https:\/\/asteralabs.org\/nl\/product\/letrozol\/#breadcrumb","itemListElement":[{"@type":"ListItem","position":1,"name":"Home","item":"https:\/\/asteralabs.org\/nl\/"},{"@type":"ListItem","position":2,"name":"Winkel op","item":"https:\/\/asteralabs.org\/winkel-op\/"},{"@type":"ListItem","position":3,"name":"Letrozol"}]},{"@type":"WebSite","@id":"https:\/\/asteralabs.org\/nl\/#website","url":"https:\/\/asteralabs.org\/nl\/","name":"Astera Labs","description":"Improve Your Quality Of Life","publisher":{"@id":"https:\/\/asteralabs.org\/nl\/#organization"},"potentialAction":[{"@type":"SearchAction","target":{"@type":"EntryPoint","urlTemplate":"https:\/\/asteralabs.org\/nl\/?s={search_term_string}"},"query-input":"required name=search_term_string"}],"inLanguage":"nl-NL"},{"@type":"Organization","@id":"https:\/\/asteralabs.org\/nl\/#organization","name":"Astera Labs","url":"https:\/\/asteralabs.org\/nl\/","logo":{"@type":"ImageObject","inLanguage":"nl-NL","@id":"https:\/\/asteralabs.org\/nl\/#\/schema\/logo\/image\/","url":"https:\/\/asteralabs.org\/wp-content\/uploads\/2022\/12\/astera-2.png","contentUrl":"https:\/\/asteralabs.org\/wp-content\/uploads\/2022\/12\/astera-2.png","width":437,"height":111,"caption":"Astera Labs"},"image":{"@id":"https:\/\/asteralabs.org\/nl\/#\/schema\/logo\/image\/"}}]}},"_links":{"self":[{"href":"https:\/\/asteralabs.org\/nl\/wp-json\/wp\/v2\/product\/78243"}],"collection":[{"href":"https:\/\/asteralabs.org\/nl\/wp-json\/wp\/v2\/product"}],"about":[{"href":"https:\/\/asteralabs.org\/nl\/wp-json\/wp\/v2\/types\/product"}],"replies":[{"embeddable":true,"href":"https:\/\/asteralabs.org\/nl\/wp-json\/wp\/v2\/comments?post=78243"}],"version-history":[{"count":0,"href":"https:\/\/asteralabs.org\/nl\/wp-json\/wp\/v2\/product\/78243\/revisions"}],"wp:featuredmedia":[{"embeddable":true,"href":"https:\/\/asteralabs.org\/nl\/wp-json\/wp\/v2\/media\/76264"}],"wp:attachment":[{"href":"https:\/\/asteralabs.org\/nl\/wp-json\/wp\/v2\/media?parent=78243"}],"wp:term":[{"taxonomy":"product_cat","embeddable":true,"href":"https:\/\/asteralabs.org\/nl\/wp-json\/wp\/v2\/product_cat?post=78243"},{"taxonomy":"product_tag","embeddable":true,"href":"https:\/\/asteralabs.org\/nl\/wp-json\/wp\/v2\/product_tag?post=78243"}],"curies":[{"name":"wp","href":"https:\/\/api.w.org\/{rel}","templated":true}]}}