{"id":77089,"date":"2023-02-21T19:33:10","date_gmt":"2023-02-21T19:33:10","guid":{"rendered":"https:\/\/asteralabs.org\/warunki-swiadczenia-uslug\/"},"modified":"2025-01-30T13:27:28","modified_gmt":"2025-01-30T13:27:28","slug":"warunki-swiadczenia-uslug","status":"publish","type":"page","link":"https:\/\/asteralabs.org\/pl\/warunki-swiadczenia-uslug\/","title":{"rendered":"Warunki \u015bwiadczenia us\u0142ug"},"content":{"rendered":"\t\t<div data-elementor-type=\"wp-page\" data-elementor-id=\"77089\" class=\"elementor elementor-77089 elementor-72914\" data-elementor-post-type=\"page\">\n\t\t\t\t\t\t<section class=\"elementor-section elementor-top-section elementor-element elementor-element-40ea88b elementor-section-boxed elementor-section-height-default elementor-section-height-default\" data-id=\"40ea88b\" data-element_type=\"section\" data-e-type=\"section\">\n\t\t\t\t\t\t<div class=\"elementor-container elementor-column-gap-default\">\n\t\t\t\t\t<div class=\"elementor-column elementor-col-100 elementor-top-column elementor-element elementor-element-3ed11c8\" data-id=\"3ed11c8\" data-element_type=\"column\" data-e-type=\"column\">\n\t\t\t<div class=\"elementor-widget-wrap elementor-element-populated\">\n\t\t\t\t\t\t<div class=\"elementor-element elementor-element-62d9358 elementor-widget elementor-widget-heading\" data-id=\"62d9358\" data-element_type=\"widget\" data-e-type=\"widget\" data-widget_type=\"heading.default\">\n\t\t\t\t<div class=\"elementor-widget-container\">\n\t\t\t\t\t<h2 class=\"elementor-heading-title elementor-size-default\">Warunki \u015bwiadczenia us\u0142ug<\/h2>\t\t\t\t<\/div>\n\t\t\t\t<\/div>\n\t\t\t\t<div class=\"elementor-element elementor-element-051793c elementor-widget elementor-widget-text-editor\" data-id=\"051793c\" data-element_type=\"widget\" data-e-type=\"widget\" data-widget_type=\"text-editor.default\">\n\t\t\t\t<div class=\"elementor-widget-container\">\n\t\t\t\t\t\t\t\t\t<p><span style=\"color: #000000;\"><span style=\"font-size: x-large;\">1. Warunki<\/span><\/span><\/p>\n<p align=\"justify\"><span style=\"color: #000000;\"><span style=\"font-size: medium;\">Wchodz\u0105c na stron\u0119 internetow\u0105 pod adresem&nbsp;<\/span><\/span><span style=\"color: #0000ff;\"><u><span style=\"font-size: medium;\"><a href=\"https:\/\/asteralabs.org\/pl\/\">https:\/\/asteralabs.org\/<\/a><\/span><\/u><\/span><span style=\"color: #000000;\"><span style=\"font-size: medium;\">u\u017cytkownik wyra\u017ca zgod\u0119 na przestrzeganie niniejszych warunk\u00f3w \u015bwiadczenia us\u0142ug, wszystkich obowi\u0105zuj\u0105cych przepis\u00f3w prawa i regulacji oraz zgadza si\u0119, \u017ce jest odpowiedzialny za zgodno\u015b\u0107 z wszelkimi obowi\u0105zuj\u0105cymi przepisami lokalnymi. Je\u015bli u\u017cytkownik nie zgadza si\u0119 z kt\u00f3rymkolwiek z tych warunk\u00f3w, nie mo\u017ce korzysta\u0107 z tej witryny ani uzyskiwa\u0107 do niej dost\u0119pu. Materia\u0142y zawarte w tej witrynie s\u0105 chronione obowi\u0105zuj\u0105cymi przepisami dotycz\u0105cymi praw autorskich i znak\u00f3w towarowych.  <\/span><\/span><\/p>\n<h3 class=\"western\"><span style=\"color: #000000;\"><span style=\"font-size: x-large;\">2. Korzystanie z licencji<\/span><\/span><\/h3>\n<ol start=\"2\">\n<li style=\"list-style-type: none;\">\n<ol>\n<li><span style=\"color: #000000;\"><span style=\"font-size: medium;\">Zezwala si\u0119 na tymczasowe pobranie jednej kopii materia\u0142\u00f3w (informacji lub oprogramowania) ze strony internetowej Astera Labs wy\u0142\u0105cznie do osobistego, niekomercyjnego, przej\u015bciowego przegl\u0105dania. Jest to udzielenie licencji, a nie przeniesienie tytu\u0142u w\u0142asno\u015bci i w ramach tej licencji u\u017cytkownik nie mo\u017ce: <\/span><\/span>\n<ol>\n<li><span style=\"color: #000000;\"><span style=\"font-size: medium;\">modyfikowa\u0107 ani kopiowa\u0107 materia\u0142\u00f3w;<\/span><\/span><\/li>\n<li><span style=\"color: #000000;\"><span style=\"font-size: medium;\">wykorzystywa\u0107 materia\u0142\u00f3w do jakichkolwiek cel\u00f3w komercyjnych lub do jakiegokolwiek publicznego wy\u015bwietlania (komercyjnego lub niekomercyjnego);<\/span><\/span><\/li>\n<li><span style=\"color: #000000;\"><span style=\"font-size: medium;\">pr\u00f3b dekompilacji lub in\u017cynierii wstecznej jakiegokolwiek oprogramowania zawartego na stronie Astera Labs;<\/span><\/span><\/li>\n<li><span style=\"color: #000000;\"><span style=\"font-size: medium;\">usuwa\u0107 z materia\u0142\u00f3w informacji o prawach autorskich lub innych prawach w\u0142asno\u015bci; lub<\/span><\/span><\/li>\n<li><span style=\"color: #000000;\"><span style=\"font-size: medium;\">przekazywa\u0107 materia\u0142\u00f3w innej osobie lub &#8220;kopiowa\u0107&#8221; materia\u0142\u00f3w na jakikolwiek inny serwer.<\/span><\/span><\/li>\n<\/ol>\n<\/li>\n<li><span style=\"color: #000000;\"><span style=\"font-size: medium;\">Niniejsza licencja wygasa automatycznie w przypadku naruszenia kt\u00f3regokolwiek z tych ogranicze\u0144 i mo\u017ce zosta\u0107 wypowiedziana przez Astera Labs w dowolnym momencie. Po zako\u0144czeniu przegl\u0105dania tych materia\u0142\u00f3w lub po wyga\u015bni\u0119ciu niniejszej licencji, u\u017cytkownik musi zniszczy\u0107 wszelkie pobrane materia\u0142y znajduj\u0105ce si\u0119 w jego posiadaniu, zar\u00f3wno w formacie elektronicznym, jak i drukowanym. <\/span><\/span><\/li>\n<\/ol>\n<\/li>\n<\/ol>\n<h3 class=\"western\"><span style=\"color: #000000;\"><span style=\"font-size: x-large;\">3. Zastrze\u017cenie<\/span><\/span><\/h3>\n<ol start=\"3\">\n<li style=\"list-style-type: none;\">\n<ol>\n<li><span style=\"color: #000000;\"><span style=\"font-size: medium;\">Materia\u0142y na stronie Astera Labs s\u0105 dostarczane na zasadzie &#8220;tak jak jest&#8221;. Astera Labs nie udziela \u017cadnych gwarancji, wyra\u017anych ani dorozumianych, i niniejszym zrzeka si\u0119 i neguje wszelkie inne gwarancje, w tym mi\u0119dzy innymi dorozumiane gwarancje lub warunki przydatno\u015bci handlowej, przydatno\u015bci do okre\u015blonego celu lub nienaruszania w\u0142asno\u015bci intelektualnej lub innego naruszenia praw. <\/span><\/span><\/li>\n<li><span style=\"color: #000000;\"><span style=\"font-size: medium;\">Ponadto Astera Labs nie gwarantuje ani nie sk\u0142ada \u017cadnych o\u015bwiadcze\u0144 dotycz\u0105cych dok\u0142adno\u015bci, prawdopodobnych wynik\u00f3w lub niezawodno\u015bci wykorzystania materia\u0142\u00f3w na swojej stronie internetowej lub w inny spos\u00f3b zwi\u0105zanych z takimi materia\u0142ami lub na jakichkolwiek stronach powi\u0105zanych z t\u0105 witryn\u0105.<\/span><\/span><\/li>\n<\/ol>\n<\/li>\n<\/ol>\n<h3 class=\"western\"><span style=\"color: #000000;\"><span style=\"font-size: x-large;\">4. Ograniczenia<\/span><\/span><\/h3>\n<p align=\"justify\"><span style=\"font-size: medium;\"><span style=\"color: #000000;\">W \u017cadnym wypadku firma Astera Labs ani jej dostawcy nie ponosz\u0105 odpowiedzialno\u015bci za jakiekolwiek szkody (w tym, bez ogranicze\u0144, za szkody zwi\u0105zane z utrat\u0105 danych lub zysk\u00f3w, lub z powodu przerw w dzia\u0142alno\u015bci) wynikaj\u0105ce z korzystania lub niemo\u017cno\u015bci korzystania z materia\u0142\u00f3w na stronie internetowej Astera Labs, nawet je\u015bli firma Astera Labs lub autoryzowany przedstawiciel Astera Labs zosta\u0142 powiadomiony ustnie lub pisemnie o mo\u017cliwo\u015bci wyst\u0105pienia takich szk\u00f3d. Poniewa\u017c niekt\u00f3re jurysdykcje nie zezwalaj\u0105 na ograniczenia dorozumianych gwarancji lub ograniczenia odpowiedzialno\u015bci za szkody wynikowe lub przypadkowe, ograniczenia te mog\u0105 nie mie\u0107 zastosowania do u\u017cytkownika. <\/span><\/span><\/p>\n<h3 class=\"western\"><span style=\"color: #000000;\"><span style=\"font-size: x-large;\">5. Dok\u0142adno\u015b\u0107 materia\u0142\u00f3w<\/span><\/span><\/h3>\n<p align=\"justify\"><span style=\"font-size: medium;\"><span style=\"color: #000000;\">Materia\u0142y pojawiaj\u0105ce si\u0119 na stronie internetowej Astera Labs mog\u0105 zawiera\u0107 b\u0142\u0119dy techniczne, typograficzne lub fotograficzne. Astera Labs nie gwarantuje, \u017ce jakiekolwiek materia\u0142y na jej stronie internetowej s\u0105 dok\u0142adne, kompletne lub aktualne. Astera Labs mo\u017ce wprowadza\u0107 zmiany w materia\u0142ach zawartych na swojej stronie internetowej w dowolnym momencie bez uprzedzenia. Astera Labs nie zobowi\u0105zuje si\u0119 jednak do aktualizacji materia\u0142\u00f3w.   <\/span><\/span><\/p>\n<h3 class=\"western\"><span style=\"color: #000000;\"><span style=\"font-size: x-large;\">6. Linki<\/span><\/span><\/h3>\n<p align=\"justify\"><span style=\"font-size: medium;\"><span style=\"color: #000000;\">Astera Labs nie sprawdzi\u0142a wszystkich witryn, do kt\u00f3rych prowadz\u0105 \u0142\u0105cza i nie ponosi odpowiedzialno\u015bci za zawarto\u015b\u0107 takich witryn. W\u0142\u0105czenie jakiegokolwiek linku nie oznacza poparcia Astera Labs dla tej strony. U\u017cytkownik korzysta z takich stron na w\u0142asne ryzyko.  <\/span><\/span><\/p>\n<h3 class=\"western\"><span style=\"color: #000000;\"><span style=\"font-size: x-large;\">7. Modyfikacje<\/span><\/span><\/h3>\n<p align=\"justify\"><span style=\"font-size: medium;\"><span style=\"color: #000000;\">Astera Labs mo\u017ce zmieni\u0107 niniejsze warunki \u015bwiadczenia us\u0142ug na swojej stronie internetowej w dowolnym momencie bez powiadomienia. Korzystaj\u0105c z tej witryny, u\u017cytkownik wyra\u017ca zgod\u0119 na przestrzeganie aktualnej wersji niniejszych warunk\u00f3w \u015bwiadczenia us\u0142ug. <\/span><\/span><\/p>\n<h3 class=\"western\"><span style=\"color: #000000;\"><span style=\"font-size: x-large;\">8. Prawo w\u0142a\u015bciwe<\/span><\/span><\/h3>\n<p><span style=\"color: #000000;\"><span style=\"font-size: medium;\">Niniejsze Warunki \u015bwiadczenia us\u0142ug oraz wszelkie odr\u0119bne umowy, na mocy kt\u00f3rych \u015bwiadczymy u\u017cytkownikowi Us\u0142ugi, podlegaj\u0105 przepisom prawa i zgodnie z nimi b\u0119d\u0105 interpretowane.<\/span><\/span><\/p>\n<h3 class=\"western\"><span style=\"color: #000000;\"><span style=\"font-size: x-large;\">8. Informacje kontaktowe<\/span><\/span><\/h3>\n<p><span style=\"color: #000000;\"><span style=\"font-size: medium;\">Pytania dotycz\u0105ce Warunk\u00f3w \u015bwiadczenia us\u0142ug nale\u017cy kierowa\u0107 do nas na adres <\/span><\/span><span style=\"color: #0000ff;\"><u><a href=\"mailto:info@dev.asteralabs.org\"><span style=\"font-size: medium;\">info@asteralabs.org<\/span><\/a><\/u><\/span><\/p>\t\t\t\t\t\t\t\t<\/div>\n\t\t\t\t<\/div>\n\t\t\t\t\t<\/div>\n\t\t<\/div>\n\t\t\t\t\t<\/div>\n\t\t<\/section>\n\t\t\t\t<\/div>\n\t\t","protected":false},"excerpt":{"rendered":"<p>Warunki \u015bwiadczenia us\u0142ug 1. Warunki Wchodz\u0105c na stron\u0119 internetow\u0105 pod adresem&nbsp;https:\/\/asteralabs.org\/u\u017cytkownik wyra\u017ca zgod\u0119 na przestrzeganie niniejszych warunk\u00f3w \u015bwiadczenia us\u0142ug, wszystkich obowi\u0105zuj\u0105cych przepis\u00f3w prawa i regulacji oraz zgadza si\u0119, \u017ce jest odpowiedzialny za zgodno\u015b\u0107 z wszelkimi obowi\u0105zuj\u0105cymi przepisami lokalnymi. Je\u015bli u\u017cytkownik nie zgadza si\u0119 z kt\u00f3rymkolwiek z tych warunk\u00f3w, nie mo\u017ce korzysta\u0107 z tej witryny ani&hellip;<\/p>\n","protected":false},"author":1,"featured_media":0,"parent":0,"menu_order":0,"comment_status":"closed","ping_status":"closed","template":"","meta":{"_acf_changed":false,"footnotes":""},"class_list":["post-77089","page","type-page","status-publish","hentry"],"acf":[],"yoast_head":"<!-- This site is optimized with the Yoast SEO plugin v27.4 - https:\/\/yoast.com\/product\/yoast-seo-wordpress\/ -->\n<title>Warunki \u015bwiadczenia us\u0142ug - Astera Labs<\/title>\n<meta name=\"robots\" content=\"index, follow, max-snippet:-1, max-image-preview:large, max-video-preview:-1\" \/>\n<link rel=\"canonical\" href=\"https:\/\/asteralabs.org\/pl\/warunki-swiadczenia-uslug\/\" \/>\n<meta property=\"og:locale\" content=\"pl_PL\" \/>\n<meta property=\"og:type\" content=\"article\" \/>\n<meta property=\"og:title\" content=\"Warunki \u015bwiadczenia us\u0142ug - Astera Labs\" \/>\n<meta property=\"og:description\" content=\"Warunki \u015bwiadczenia us\u0142ug 1. Warunki Wchodz\u0105c na stron\u0119 internetow\u0105 pod adresem&nbsp;https:\/\/asteralabs.org\/u\u017cytkownik wyra\u017ca zgod\u0119 na przestrzeganie niniejszych warunk\u00f3w \u015bwiadczenia us\u0142ug, wszystkich obowi\u0105zuj\u0105cych przepis\u00f3w prawa i regulacji oraz zgadza si\u0119, \u017ce jest odpowiedzialny za zgodno\u015b\u0107 z wszelkimi obowi\u0105zuj\u0105cymi przepisami lokalnymi. Je\u015bli u\u017cytkownik nie zgadza si\u0119 z kt\u00f3rymkolwiek z tych warunk\u00f3w, nie mo\u017ce korzysta\u0107 z tej witryny ani&hellip;\" \/>\n<meta property=\"og:url\" content=\"https:\/\/asteralabs.org\/pl\/warunki-swiadczenia-uslug\/\" \/>\n<meta property=\"og:site_name\" content=\"Astera Labs\" \/>\n<meta property=\"article:modified_time\" content=\"2025-01-30T13:27:28+00:00\" \/>\n<meta name=\"twitter:card\" content=\"summary_large_image\" \/>\n<script type=\"application\/ld+json\" class=\"yoast-schema-graph\">{\"@context\":\"https:\\\/\\\/schema.org\",\"@graph\":[{\"@type\":\"WebPage\",\"@id\":\"https:\\\/\\\/asteralabs.org\\\/pl\\\/warunki-swiadczenia-uslug\\\/\",\"url\":\"https:\\\/\\\/asteralabs.org\\\/pl\\\/warunki-swiadczenia-uslug\\\/\",\"name\":\"Warunki \u015bwiadczenia us\u0142ug - Astera Labs\",\"isPartOf\":{\"@id\":\"https:\\\/\\\/asteralabs.org\\\/pl\\\/#website\"},\"datePublished\":\"2023-02-21T19:33:10+00:00\",\"dateModified\":\"2025-01-30T13:27:28+00:00\",\"breadcrumb\":{\"@id\":\"https:\\\/\\\/asteralabs.org\\\/pl\\\/warunki-swiadczenia-uslug\\\/#breadcrumb\"},\"inLanguage\":\"pl-PL\",\"potentialAction\":[{\"@type\":\"ReadAction\",\"target\":[\"https:\\\/\\\/asteralabs.org\\\/pl\\\/warunki-swiadczenia-uslug\\\/\"]}]},{\"@type\":\"BreadcrumbList\",\"@id\":\"https:\\\/\\\/asteralabs.org\\\/pl\\\/warunki-swiadczenia-uslug\\\/#breadcrumb\",\"itemListElement\":[{\"@type\":\"ListItem\",\"position\":1,\"name\":\"Home\",\"item\":\"https:\\\/\\\/asteralabs.org\\\/pl\\\/\"},{\"@type\":\"ListItem\",\"position\":2,\"name\":\"Warunki \u015bwiadczenia us\u0142ug\"}]},{\"@type\":\"WebSite\",\"@id\":\"https:\\\/\\\/asteralabs.org\\\/pl\\\/#website\",\"url\":\"https:\\\/\\\/asteralabs.org\\\/pl\\\/\",\"name\":\"Astera Labs\",\"description\":\"Improve Your Quality Of Life\",\"publisher\":{\"@id\":\"https:\\\/\\\/asteralabs.org\\\/pl\\\/#organization\"},\"potentialAction\":[{\"@type\":\"SearchAction\",\"target\":{\"@type\":\"EntryPoint\",\"urlTemplate\":\"https:\\\/\\\/asteralabs.org\\\/pl\\\/?s={search_term_string}\"},\"query-input\":{\"@type\":\"PropertyValueSpecification\",\"valueRequired\":true,\"valueName\":\"search_term_string\"}}],\"inLanguage\":\"pl-PL\"},{\"@type\":\"Organization\",\"@id\":\"https:\\\/\\\/asteralabs.org\\\/pl\\\/#organization\",\"name\":\"Astera Labs\",\"url\":\"https:\\\/\\\/asteralabs.org\\\/pl\\\/\",\"logo\":{\"@type\":\"ImageObject\",\"inLanguage\":\"pl-PL\",\"@id\":\"https:\\\/\\\/asteralabs.org\\\/pl\\\/#\\\/schema\\\/logo\\\/image\\\/\",\"url\":\"https:\\\/\\\/asteralabs.org\\\/wp-content\\\/uploads\\\/2022\\\/12\\\/astera-2.png\",\"contentUrl\":\"https:\\\/\\\/asteralabs.org\\\/wp-content\\\/uploads\\\/2022\\\/12\\\/astera-2.png\",\"width\":437,\"height\":111,\"caption\":\"Astera Labs\"},\"image\":{\"@id\":\"https:\\\/\\\/asteralabs.org\\\/pl\\\/#\\\/schema\\\/logo\\\/image\\\/\"}}]}<\/script>\n<!-- \/ Yoast SEO plugin. -->","yoast_head_json":{"title":"Warunki \u015bwiadczenia us\u0142ug - Astera Labs","robots":{"index":"index","follow":"follow","max-snippet":"max-snippet:-1","max-image-preview":"max-image-preview:large","max-video-preview":"max-video-preview:-1"},"canonical":"https:\/\/asteralabs.org\/pl\/warunki-swiadczenia-uslug\/","og_locale":"pl_PL","og_type":"article","og_title":"Warunki \u015bwiadczenia us\u0142ug - Astera Labs","og_description":"Warunki \u015bwiadczenia us\u0142ug 1. Warunki Wchodz\u0105c na stron\u0119 internetow\u0105 pod adresem&nbsp;https:\/\/asteralabs.org\/u\u017cytkownik wyra\u017ca zgod\u0119 na przestrzeganie niniejszych warunk\u00f3w \u015bwiadczenia us\u0142ug, wszystkich obowi\u0105zuj\u0105cych przepis\u00f3w prawa i regulacji oraz zgadza si\u0119, \u017ce jest odpowiedzialny za zgodno\u015b\u0107 z wszelkimi obowi\u0105zuj\u0105cymi przepisami lokalnymi. Je\u015bli u\u017cytkownik nie zgadza si\u0119 z kt\u00f3rymkolwiek z tych warunk\u00f3w, nie mo\u017ce korzysta\u0107 z tej witryny ani&hellip;","og_url":"https:\/\/asteralabs.org\/pl\/warunki-swiadczenia-uslug\/","og_site_name":"Astera Labs","article_modified_time":"2025-01-30T13:27:28+00:00","twitter_card":"summary_large_image","schema":{"@context":"https:\/\/schema.org","@graph":[{"@type":"WebPage","@id":"https:\/\/asteralabs.org\/pl\/warunki-swiadczenia-uslug\/","url":"https:\/\/asteralabs.org\/pl\/warunki-swiadczenia-uslug\/","name":"Warunki \u015bwiadczenia us\u0142ug - Astera Labs","isPartOf":{"@id":"https:\/\/asteralabs.org\/pl\/#website"},"datePublished":"2023-02-21T19:33:10+00:00","dateModified":"2025-01-30T13:27:28+00:00","breadcrumb":{"@id":"https:\/\/asteralabs.org\/pl\/warunki-swiadczenia-uslug\/#breadcrumb"},"inLanguage":"pl-PL","potentialAction":[{"@type":"ReadAction","target":["https:\/\/asteralabs.org\/pl\/warunki-swiadczenia-uslug\/"]}]},{"@type":"BreadcrumbList","@id":"https:\/\/asteralabs.org\/pl\/warunki-swiadczenia-uslug\/#breadcrumb","itemListElement":[{"@type":"ListItem","position":1,"name":"Home","item":"https:\/\/asteralabs.org\/pl\/"},{"@type":"ListItem","position":2,"name":"Warunki \u015bwiadczenia us\u0142ug"}]},{"@type":"WebSite","@id":"https:\/\/asteralabs.org\/pl\/#website","url":"https:\/\/asteralabs.org\/pl\/","name":"Astera Labs","description":"Improve Your Quality Of Life","publisher":{"@id":"https:\/\/asteralabs.org\/pl\/#organization"},"potentialAction":[{"@type":"SearchAction","target":{"@type":"EntryPoint","urlTemplate":"https:\/\/asteralabs.org\/pl\/?s={search_term_string}"},"query-input":{"@type":"PropertyValueSpecification","valueRequired":true,"valueName":"search_term_string"}}],"inLanguage":"pl-PL"},{"@type":"Organization","@id":"https:\/\/asteralabs.org\/pl\/#organization","name":"Astera Labs","url":"https:\/\/asteralabs.org\/pl\/","logo":{"@type":"ImageObject","inLanguage":"pl-PL","@id":"https:\/\/asteralabs.org\/pl\/#\/schema\/logo\/image\/","url":"https:\/\/asteralabs.org\/wp-content\/uploads\/2022\/12\/astera-2.png","contentUrl":"https:\/\/asteralabs.org\/wp-content\/uploads\/2022\/12\/astera-2.png","width":437,"height":111,"caption":"Astera Labs"},"image":{"@id":"https:\/\/asteralabs.org\/pl\/#\/schema\/logo\/image\/"}}]}},"_links":{"self":[{"href":"https:\/\/asteralabs.org\/pl\/wp-json\/wp\/v2\/pages\/77089","targetHints":{"allow":["GET"]}}],"collection":[{"href":"https:\/\/asteralabs.org\/pl\/wp-json\/wp\/v2\/pages"}],"about":[{"href":"https:\/\/asteralabs.org\/pl\/wp-json\/wp\/v2\/types\/page"}],"author":[{"embeddable":true,"href":"https:\/\/asteralabs.org\/pl\/wp-json\/wp\/v2\/users\/1"}],"replies":[{"embeddable":true,"href":"https:\/\/asteralabs.org\/pl\/wp-json\/wp\/v2\/comments?post=77089"}],"version-history":[{"count":1,"href":"https:\/\/asteralabs.org\/pl\/wp-json\/wp\/v2\/pages\/77089\/revisions"}],"predecessor-version":[{"id":77091,"href":"https:\/\/asteralabs.org\/pl\/wp-json\/wp\/v2\/pages\/77089\/revisions\/77091"}],"wp:attachment":[{"href":"https:\/\/asteralabs.org\/pl\/wp-json\/wp\/v2\/media?parent=77089"}],"curies":[{"name":"wp","href":"https:\/\/api.w.org\/{rel}","templated":true}]}}