{"id":77102,"date":"2023-02-21T19:32:09","date_gmt":"2023-02-21T19:32:09","guid":{"rendered":"https:\/\/asteralabs.org\/polityka-prywatnosci-2\/"},"modified":"2025-01-30T13:22:41","modified_gmt":"2025-01-30T13:22:41","slug":"polityka-prywatnosci","status":"publish","type":"page","link":"https:\/\/asteralabs.org\/pl\/polityka-prywatnosci\/","title":{"rendered":"Polityka prywatno\u015bci"},"content":{"rendered":"\t\t<div data-elementor-type=\"wp-page\" data-elementor-id=\"77102\" class=\"elementor elementor-77102 elementor-72912\" data-elementor-post-type=\"page\">\n\t\t\t\t\t\t<section class=\"elementor-section elementor-top-section elementor-element elementor-element-778deb4 elementor-section-boxed elementor-section-height-default elementor-section-height-default\" data-id=\"778deb4\" data-element_type=\"section\" data-e-type=\"section\">\n\t\t\t\t\t\t<div class=\"elementor-container elementor-column-gap-default\">\n\t\t\t\t\t<div class=\"elementor-column elementor-col-100 elementor-top-column elementor-element elementor-element-b7ac418\" data-id=\"b7ac418\" data-element_type=\"column\" data-e-type=\"column\">\n\t\t\t<div class=\"elementor-widget-wrap elementor-element-populated\">\n\t\t\t\t\t\t<div class=\"elementor-element elementor-element-120ff5a elementor-widget elementor-widget-heading\" data-id=\"120ff5a\" data-element_type=\"widget\" data-e-type=\"widget\" data-widget_type=\"heading.default\">\n\t\t\t\t<div class=\"elementor-widget-container\">\n\t\t\t\t\t<h2 class=\"elementor-heading-title elementor-size-default\">Polityka prywatno\u015bci<\/h2>\t\t\t\t<\/div>\n\t\t\t\t<\/div>\n\t\t\t\t<div class=\"elementor-element elementor-element-f2e1b90 elementor-widget elementor-widget-text-editor\" data-id=\"f2e1b90\" data-element_type=\"widget\" data-e-type=\"widget\" data-widget_type=\"text-editor.default\">\n\t\t\t\t<div class=\"elementor-widget-container\">\n\t\t\t\t\t\t\t\t\t<p align=\"justify\"><span style=\"font-family:  \" open=\"\" sans=\"\" open-sans=\"\"><span style=\"font-size: medium;\">Niniejsza polityka prywatno\u015bci (&#8220;polityka&#8221;) pomo\u017ce Ci zrozumie\u0107, w jaki spos\u00f3b Astera Labs (&#8220;my&#8221;, &#8220;nas&#8221;, &#8220;nasz&#8221;) wykorzystuje i chroni dane, kt\u00f3re nam przekazujesz podczas odwiedzania i korzystania z witryny https:\/\/asteralabs.org\/.  <\/span><\/span><\/p>\n<p align=\"justify\"><span style=\"font-family: Arial, serif;\"><span style=\"font-size: medium;\">Zastrzegamy sobie prawo do zmiany niniejszej polityki w dowolnym momencie, o czym u\u017cytkownik zostanie niezw\u0142ocznie poinformowany. Je\u015bli chcesz mie\u0107 pewno\u015b\u0107, \u017ce jeste\u015b na bie\u017c\u0105co z najnowszymi zmianami, zalecamy cz\u0119ste odwiedzanie tej strony. <\/span><\/span><\/p>\n<p align=\"justify\"><span style=\"font-family: Arial, serif;\"><span style=\"font-size: medium;\"><b>Jakie dane u\u017cytkownik\u00f3w gromadzimy<\/b><\/span><\/span><\/p>\n<p align=\"justify\"><span style=\"font-family: Arial, serif;\"><span style=\"font-size: medium;\">Gdy u\u017cytkownik odwiedza witryn\u0119, mo\u017cemy gromadzi\u0107 nast\u0119puj\u0105ce dane:<\/span><\/span><\/p>\n<ul>\n<li>\n<p align=\"justify\"><span style=\"font-family: Arial, serif;\"><span style=\"font-size: medium;\">Adres IP u\u017cytkownika.<\/span><\/span><\/p>\n<\/li>\n<li>\n<p align=\"justify\"><span style=\"font-family: Arial, serif;\"><span style=\"font-size: medium;\">Dane kontaktowe i adres e-mail u\u017cytkownika.<\/span><\/span><\/p>\n<\/li>\n<li>\n<p align=\"justify\"><span style=\"font-family: Arial, serif;\"><span style=\"font-size: medium;\">Inne informacje, takie jak zainteresowania i preferencje.<\/span><\/span><\/p>\n<\/li>\n<li>\n<p align=\"justify\"><span style=\"font-family: Arial, serif;\"><span style=\"font-size: medium;\">Profil danych dotycz\u0105cych zachowania u\u017cytkownika na naszej stronie internetowej.<\/span><\/span><\/p>\n<\/li>\n<\/ul>\n<p align=\"justify\"><span style=\"font-family: Arial, serif;\"><span style=\"font-size: medium;\"><b>Dlaczego gromadzimy dane u\u017cytkownik\u00f3w<\/b><\/span><\/span><\/p>\n<p align=\"justify\"><span style=\"font-family: Arial, serif;\"><span style=\"font-size: medium;\">Gromadzimy dane u\u017cytkownik\u00f3w z kilku powod\u00f3w:<\/span><\/span><\/p>\n<ul>\n<li>\n<p align=\"justify\"><span style=\"font-family: Arial, serif;\"><span style=\"font-size: medium;\">Aby lepiej zrozumie\u0107 Twoje potrzeby.<\/span><\/span><\/p>\n<\/li>\n<li>\n<p align=\"justify\"><span style=\"font-family: Arial, serif;\"><span style=\"font-size: medium;\">Ulepszanie naszych us\u0142ug i produkt\u00f3w.<\/span><\/span><\/p>\n<\/li>\n<li>\n<p align=\"justify\"><span style=\"font-family: Arial, serif;\"><span style=\"font-size: medium;\">Wysy\u0142anie promocyjnych wiadomo\u015bci e-mail zawieraj\u0105cych informacje, kt\u00f3re naszym zdaniem mog\u0105 zainteresowa\u0107 u\u017cytkownika.<\/span><\/span><\/p>\n<\/li>\n<li>\n<p align=\"justify\"><span style=\"font-family: Arial, serif;\"><span style=\"font-size: medium;\">Aby skontaktowa\u0107 si\u0119 z u\u017cytkownikiem w celu wype\u0142nienia ankiet i wzi\u0119cia udzia\u0142u w innych rodzajach bada\u0144 rynkowych.<\/span><\/span><\/p>\n<\/li>\n<li>\n<p align=\"justify\"><span style=\"font-family: Arial, serif;\"><span style=\"font-size: medium;\">Aby dostosowa\u0107 nasz\u0105 stron\u0119 internetow\u0105 do zachowania u\u017cytkownika w Internecie i jego osobistych preferencji.<\/span><\/span><\/p>\n<\/li>\n<\/ul>\n<p align=\"justify\"><span style=\"font-family: Arial, serif;\"><span style=\"font-size: medium;\"><b>Ochrona i zabezpieczenie danych<\/b><\/span><\/span><\/p>\n<p align=\"justify\"><span style=\"font-family: Arial, serif;\"><span style=\"font-size: medium;\">Astera Labs zobowi\u0105zuje si\u0119 do zabezpieczenia danych u\u017cytkownika i zachowania ich poufno\u015bci. Astera Labs zrobi\u0142a wszystko, co w jej mocy, aby zapobiec kradzie\u017cy danych, nieautoryzowanemu dost\u0119powi i ujawnieniu poprzez wdro\u017cenie najnowszych technologii i oprogramowania, kt\u00f3re pomagaj\u0105 nam chroni\u0107 wszystkie informacje, kt\u00f3re zbieramy online. <\/span><\/span><\/p>\n<p align=\"justify\"><span style=\"font-family: Arial, serif;\"><span style=\"font-size: medium;\"><b>Nasza polityka dotycz\u0105ca plik\u00f3w cookie<\/b><\/span><\/span><\/p>\n<p align=\"justify\"><span style=\"font-family: Arial, serif;\"><span style=\"font-size: medium;\">Po wyra\u017ceniu zgody na korzystanie przez nasz\u0105 witryn\u0119 z plik\u00f3w cookie, u\u017cytkownik wyra\u017ca r\u00f3wnie\u017c zgod\u0119 na wykorzystywanie gromadzonych przez ni\u0105 danych dotycz\u0105cych jego zachowania w Internecie (analizowanie ruchu w sieci, odwiedzanych stron internetowych i sp\u0119dzanego na nich czasu).<\/span><\/span><\/p>\n<p align=\"justify\"><a name=\"_GoBack\"><\/a> <span style=\"font-family: Arial, serif;\"><span style=\"font-size: medium;\">Dane zbierane za pomoc\u0105 plik\u00f3w cookie s\u0105 wykorzystywane w celu dostosowania naszej strony internetowej do potrzeb u\u017cytkownik\u00f3w. Po wykorzystaniu danych do analizy statystycznej s\u0105 one ca\u0142kowicie usuwane z naszych system\u00f3w. <\/span><\/span><\/p>\n<p align=\"justify\"><span style=\"font-family: Arial, serif;\"><span style=\"font-size: medium;\">Nale\u017cy pami\u0119ta\u0107, \u017ce pliki cookie nie pozwalaj\u0105 nam w \u017caden spos\u00f3b przej\u0105\u0107 kontroli nad komputerem u\u017cytkownika. S\u0142u\u017c\u0105 one wy\u0142\u0105cznie do monitorowania, kt\u00f3re strony s\u0105 przydatne, a kt\u00f3re nie, aby\u015bmy mogli zapewni\u0107 u\u017cytkownikom lepsze wra\u017cenia. <\/span><\/span><\/p>\n<p align=\"justify\"><span style=\"font-family: Arial, serif;\"><span style=\"font-size: medium;\">Je\u015bli chcesz wy\u0142\u0105czy\u0107 pliki cookie, mo\u017cesz to zrobi\u0107, uzyskuj\u0105c dost\u0119p do ustawie\u0144 przegl\u0105darki internetowej. Mo\u017cesz odwiedzi\u0107 stron\u0119   <\/span><\/span><span style=\"color: #0563c1;\"><u><a href=\"https:\/\/www.internetcookies.com\/\"><span style=\"font-family: Arial, serif;\"><span style=\"font-size: medium;\">https:\/\/www.internetcookies.com<\/span><\/span><\/a><\/u><\/span><span style=\"font-family: Arial, serif;\"><span style=\"font-size: medium;\">kt\u00f3ra zawiera wyczerpuj\u0105ce informacje na temat tego, jak to zrobi\u0107 w wielu r\u00f3\u017cnych przegl\u0105darkach i urz\u0105dzeniach.<\/span><\/span><\/p>\n<p align=\"justify\"><span style=\"font-family: Arial, serif;\"><span style=\"font-size: medium;\"><b>Linki do innych stron internetowych<\/b><\/span><\/span><\/p>\n<p align=\"justify\"><span style=\"font-family: Arial, serif;\"><span style=\"font-size: medium;\">Nasza witryna zawiera \u0142\u0105cza prowadz\u0105ce do innych witryn. W przypadku klikni\u0119cia tych link\u00f3w Astera Labs nie ponosi odpowiedzialno\u015bci za ochron\u0119 danych i prywatno\u015bci u\u017cytkownika. Odwiedzanie tych witryn nie podlega niniejszej umowie dotycz\u0105cej polityki prywatno\u015bci. Upewnij si\u0119, \u017ce zapozna\u0142e\u015b si\u0119 z dokumentacj\u0105 polityki prywatno\u015bci witryny, do kt\u00f3rej przechodzisz z naszej witryny.   <\/span><\/span><\/p>\n<p align=\"justify\"><span style=\"font-family: Arial, serif;\"><span style=\"font-size: medium;\"><b>Ograniczenie gromadzenia danych osobowych u\u017cytkownika<\/b><\/span><\/span><\/p>\n<p align=\"justify\"><span style=\"font-family: Arial, serif;\"><span style=\"font-size: medium;\">W pewnym momencie u\u017cytkownik mo\u017ce chcie\u0107 ograniczy\u0107 wykorzystywanie i gromadzenie swoich danych osobowych. Mo\u017cna to osi\u0105gn\u0105\u0107, wykonuj\u0105c nast\u0119puj\u0105ce czynno\u015bci: <\/span><\/span><\/p>\n<p align=\"justify\"><span style=\"font-family: Arial, serif;\"><span style=\"font-size: medium;\">Podczas wype\u0142niania formularzy na stronie internetowej sprawd\u017a, czy istnieje pole, kt\u00f3re mo\u017cesz odznaczy\u0107, je\u015bli nie chcesz ujawnia\u0107 swoich danych osobowych.<\/span><\/span><\/p>\n<p align=\"justify\"><span style=\"font-family: Arial, serif;\"><span style=\"font-size: medium;\">Je\u015bli wyrazi\u0142e\u015b ju\u017c zgod\u0119 na udost\u0119pnianie nam swoich danych, skontaktuj si\u0119 z nami za po\u015brednictwem poczty elektronicznej, a my z przyjemno\u015bci\u0105 zmienimy t\u0119 zgod\u0119.<\/span><\/span><\/p>\n<p><span style=\"font-family: Arial, serif;\"><span style=\"font-size: medium;\">Astera Labs nie wydzier\u017cawia, nie sprzedaje ani nie rozpowszechnia danych osobowych u\u017cytkownika stronom trzecim, chyba \u017ce uzyska na to zgod\u0119 u\u017cytkownika. Mo\u017cemy to zrobi\u0107, je\u015bli zmusi nas do tego prawo. Dane osobowe u\u017cytkownika b\u0119d\u0105 wykorzystywane, gdy b\u0119dziemy musieli wys\u0142a\u0107 mu materia\u0142y promocyjne, je\u015bli u\u017cytkownik wyrazi zgod\u0119 na niniejsz\u0105 polityk\u0119 prywatno\u015bci.    <\/span><\/span><\/p>\t\t\t\t\t\t\t\t<\/div>\n\t\t\t\t<\/div>\n\t\t\t\t\t<\/div>\n\t\t<\/div>\n\t\t\t\t\t<\/div>\n\t\t<\/section>\n\t\t\t\t<\/div>\n\t\t","protected":false},"excerpt":{"rendered":"<p>Polityka prywatno\u015bci Niniejsza polityka prywatno\u015bci (&#8220;polityka&#8221;) pomo\u017ce Ci zrozumie\u0107, w jaki spos\u00f3b Astera Labs (&#8220;my&#8221;, &#8220;nas&#8221;, &#8220;nasz&#8221;) wykorzystuje i chroni dane, kt\u00f3re nam przekazujesz podczas odwiedzania i korzystania z witryny https:\/\/asteralabs.org\/. Zastrzegamy sobie prawo do zmiany niniejszej polityki w dowolnym momencie, o czym u\u017cytkownik zostanie niezw\u0142ocznie poinformowany. Je\u015bli chcesz mie\u0107 pewno\u015b\u0107, \u017ce jeste\u015b na bie\u017c\u0105co&hellip;<\/p>\n","protected":false},"author":1,"featured_media":0,"parent":0,"menu_order":0,"comment_status":"closed","ping_status":"closed","template":"","meta":{"_acf_changed":false,"footnotes":""},"class_list":["post-77102","page","type-page","status-publish","hentry"],"acf":[],"yoast_head":"<!-- This site is optimized with the Yoast SEO plugin v27.4 - https:\/\/yoast.com\/product\/yoast-seo-wordpress\/ -->\n<title>Polityka prywatno\u015bci - Astera Labs<\/title>\n<meta name=\"robots\" content=\"index, follow, max-snippet:-1, max-image-preview:large, max-video-preview:-1\" \/>\n<link rel=\"canonical\" href=\"https:\/\/asteralabs.org\/pl\/polityka-prywatnosci\/\" \/>\n<meta property=\"og:locale\" content=\"pl_PL\" \/>\n<meta property=\"og:type\" content=\"article\" \/>\n<meta property=\"og:title\" content=\"Polityka prywatno\u015bci - Astera Labs\" \/>\n<meta property=\"og:description\" content=\"Polityka prywatno\u015bci Niniejsza polityka prywatno\u015bci (&#8220;polityka&#8221;) pomo\u017ce Ci zrozumie\u0107, w jaki spos\u00f3b Astera Labs (&#8220;my&#8221;, &#8220;nas&#8221;, &#8220;nasz&#8221;) wykorzystuje i chroni dane, kt\u00f3re nam przekazujesz podczas odwiedzania i korzystania z witryny https:\/\/asteralabs.org\/. Zastrzegamy sobie prawo do zmiany niniejszej polityki w dowolnym momencie, o czym u\u017cytkownik zostanie niezw\u0142ocznie poinformowany. Je\u015bli chcesz mie\u0107 pewno\u015b\u0107, \u017ce jeste\u015b na bie\u017c\u0105co&hellip;\" \/>\n<meta property=\"og:url\" content=\"https:\/\/asteralabs.org\/pl\/polityka-prywatnosci\/\" \/>\n<meta property=\"og:site_name\" content=\"Astera Labs\" \/>\n<meta property=\"article:modified_time\" content=\"2025-01-30T13:22:41+00:00\" \/>\n<meta name=\"twitter:card\" content=\"summary_large_image\" \/>\n<script type=\"application\/ld+json\" class=\"yoast-schema-graph\">{\"@context\":\"https:\\\/\\\/schema.org\",\"@graph\":[{\"@type\":\"WebPage\",\"@id\":\"https:\\\/\\\/asteralabs.org\\\/pl\\\/polityka-prywatnosci\\\/\",\"url\":\"https:\\\/\\\/asteralabs.org\\\/pl\\\/polityka-prywatnosci\\\/\",\"name\":\"Polityka prywatno\u015bci - Astera Labs\",\"isPartOf\":{\"@id\":\"https:\\\/\\\/asteralabs.org\\\/pl\\\/#website\"},\"datePublished\":\"2023-02-21T19:32:09+00:00\",\"dateModified\":\"2025-01-30T13:22:41+00:00\",\"breadcrumb\":{\"@id\":\"https:\\\/\\\/asteralabs.org\\\/pl\\\/polityka-prywatnosci\\\/#breadcrumb\"},\"inLanguage\":\"pl-PL\",\"potentialAction\":[{\"@type\":\"ReadAction\",\"target\":[\"https:\\\/\\\/asteralabs.org\\\/pl\\\/polityka-prywatnosci\\\/\"]}]},{\"@type\":\"BreadcrumbList\",\"@id\":\"https:\\\/\\\/asteralabs.org\\\/pl\\\/polityka-prywatnosci\\\/#breadcrumb\",\"itemListElement\":[{\"@type\":\"ListItem\",\"position\":1,\"name\":\"Home\",\"item\":\"https:\\\/\\\/asteralabs.org\\\/pl\\\/\"},{\"@type\":\"ListItem\",\"position\":2,\"name\":\"Polityka prywatno\u015bci\"}]},{\"@type\":\"WebSite\",\"@id\":\"https:\\\/\\\/asteralabs.org\\\/pl\\\/#website\",\"url\":\"https:\\\/\\\/asteralabs.org\\\/pl\\\/\",\"name\":\"Astera Labs\",\"description\":\"Improve Your Quality Of Life\",\"publisher\":{\"@id\":\"https:\\\/\\\/asteralabs.org\\\/pl\\\/#organization\"},\"potentialAction\":[{\"@type\":\"SearchAction\",\"target\":{\"@type\":\"EntryPoint\",\"urlTemplate\":\"https:\\\/\\\/asteralabs.org\\\/pl\\\/?s={search_term_string}\"},\"query-input\":{\"@type\":\"PropertyValueSpecification\",\"valueRequired\":true,\"valueName\":\"search_term_string\"}}],\"inLanguage\":\"pl-PL\"},{\"@type\":\"Organization\",\"@id\":\"https:\\\/\\\/asteralabs.org\\\/pl\\\/#organization\",\"name\":\"Astera Labs\",\"url\":\"https:\\\/\\\/asteralabs.org\\\/pl\\\/\",\"logo\":{\"@type\":\"ImageObject\",\"inLanguage\":\"pl-PL\",\"@id\":\"https:\\\/\\\/asteralabs.org\\\/pl\\\/#\\\/schema\\\/logo\\\/image\\\/\",\"url\":\"https:\\\/\\\/asteralabs.org\\\/wp-content\\\/uploads\\\/2022\\\/12\\\/astera-2.png\",\"contentUrl\":\"https:\\\/\\\/asteralabs.org\\\/wp-content\\\/uploads\\\/2022\\\/12\\\/astera-2.png\",\"width\":437,\"height\":111,\"caption\":\"Astera Labs\"},\"image\":{\"@id\":\"https:\\\/\\\/asteralabs.org\\\/pl\\\/#\\\/schema\\\/logo\\\/image\\\/\"}}]}<\/script>\n<!-- \/ Yoast SEO plugin. -->","yoast_head_json":{"title":"Polityka prywatno\u015bci - Astera Labs","robots":{"index":"index","follow":"follow","max-snippet":"max-snippet:-1","max-image-preview":"max-image-preview:large","max-video-preview":"max-video-preview:-1"},"canonical":"https:\/\/asteralabs.org\/pl\/polityka-prywatnosci\/","og_locale":"pl_PL","og_type":"article","og_title":"Polityka prywatno\u015bci - Astera Labs","og_description":"Polityka prywatno\u015bci Niniejsza polityka prywatno\u015bci (&#8220;polityka&#8221;) pomo\u017ce Ci zrozumie\u0107, w jaki spos\u00f3b Astera Labs (&#8220;my&#8221;, &#8220;nas&#8221;, &#8220;nasz&#8221;) wykorzystuje i chroni dane, kt\u00f3re nam przekazujesz podczas odwiedzania i korzystania z witryny https:\/\/asteralabs.org\/. Zastrzegamy sobie prawo do zmiany niniejszej polityki w dowolnym momencie, o czym u\u017cytkownik zostanie niezw\u0142ocznie poinformowany. Je\u015bli chcesz mie\u0107 pewno\u015b\u0107, \u017ce jeste\u015b na bie\u017c\u0105co&hellip;","og_url":"https:\/\/asteralabs.org\/pl\/polityka-prywatnosci\/","og_site_name":"Astera Labs","article_modified_time":"2025-01-30T13:22:41+00:00","twitter_card":"summary_large_image","schema":{"@context":"https:\/\/schema.org","@graph":[{"@type":"WebPage","@id":"https:\/\/asteralabs.org\/pl\/polityka-prywatnosci\/","url":"https:\/\/asteralabs.org\/pl\/polityka-prywatnosci\/","name":"Polityka prywatno\u015bci - Astera Labs","isPartOf":{"@id":"https:\/\/asteralabs.org\/pl\/#website"},"datePublished":"2023-02-21T19:32:09+00:00","dateModified":"2025-01-30T13:22:41+00:00","breadcrumb":{"@id":"https:\/\/asteralabs.org\/pl\/polityka-prywatnosci\/#breadcrumb"},"inLanguage":"pl-PL","potentialAction":[{"@type":"ReadAction","target":["https:\/\/asteralabs.org\/pl\/polityka-prywatnosci\/"]}]},{"@type":"BreadcrumbList","@id":"https:\/\/asteralabs.org\/pl\/polityka-prywatnosci\/#breadcrumb","itemListElement":[{"@type":"ListItem","position":1,"name":"Home","item":"https:\/\/asteralabs.org\/pl\/"},{"@type":"ListItem","position":2,"name":"Polityka prywatno\u015bci"}]},{"@type":"WebSite","@id":"https:\/\/asteralabs.org\/pl\/#website","url":"https:\/\/asteralabs.org\/pl\/","name":"Astera Labs","description":"Improve Your Quality Of Life","publisher":{"@id":"https:\/\/asteralabs.org\/pl\/#organization"},"potentialAction":[{"@type":"SearchAction","target":{"@type":"EntryPoint","urlTemplate":"https:\/\/asteralabs.org\/pl\/?s={search_term_string}"},"query-input":{"@type":"PropertyValueSpecification","valueRequired":true,"valueName":"search_term_string"}}],"inLanguage":"pl-PL"},{"@type":"Organization","@id":"https:\/\/asteralabs.org\/pl\/#organization","name":"Astera Labs","url":"https:\/\/asteralabs.org\/pl\/","logo":{"@type":"ImageObject","inLanguage":"pl-PL","@id":"https:\/\/asteralabs.org\/pl\/#\/schema\/logo\/image\/","url":"https:\/\/asteralabs.org\/wp-content\/uploads\/2022\/12\/astera-2.png","contentUrl":"https:\/\/asteralabs.org\/wp-content\/uploads\/2022\/12\/astera-2.png","width":437,"height":111,"caption":"Astera Labs"},"image":{"@id":"https:\/\/asteralabs.org\/pl\/#\/schema\/logo\/image\/"}}]}},"_links":{"self":[{"href":"https:\/\/asteralabs.org\/pl\/wp-json\/wp\/v2\/pages\/77102","targetHints":{"allow":["GET"]}}],"collection":[{"href":"https:\/\/asteralabs.org\/pl\/wp-json\/wp\/v2\/pages"}],"about":[{"href":"https:\/\/asteralabs.org\/pl\/wp-json\/wp\/v2\/types\/page"}],"author":[{"embeddable":true,"href":"https:\/\/asteralabs.org\/pl\/wp-json\/wp\/v2\/users\/1"}],"replies":[{"embeddable":true,"href":"https:\/\/asteralabs.org\/pl\/wp-json\/wp\/v2\/comments?post=77102"}],"version-history":[{"count":1,"href":"https:\/\/asteralabs.org\/pl\/wp-json\/wp\/v2\/pages\/77102\/revisions"}],"predecessor-version":[{"id":77104,"href":"https:\/\/asteralabs.org\/pl\/wp-json\/wp\/v2\/pages\/77102\/revisions\/77104"}],"wp:attachment":[{"href":"https:\/\/asteralabs.org\/pl\/wp-json\/wp\/v2\/media?parent=77102"}],"curies":[{"name":"wp","href":"https:\/\/api.w.org\/{rel}","templated":true}]}}