{"id":78911,"date":"2022-11-05T18:38:12","date_gmt":"2022-11-05T18:38:12","guid":{"rendered":"https:\/\/asteralabs.org\/testy\/"},"modified":"2025-05-27T09:28:18","modified_gmt":"2025-05-27T09:28:18","slug":"testy","status":"publish","type":"page","link":"https:\/\/asteralabs.org\/pl\/testy\/","title":{"rendered":"testy"},"content":{"rendered":"\t\t<div data-elementor-type=\"wp-page\" data-elementor-id=\"78911\" class=\"elementor elementor-78911\" data-elementor-post-type=\"page\">\n\t\t\t\t\t\t\t\t\t<section class=\"elementor-section elementor-top-section elementor-element elementor-element-d73f387 elementor-section-boxed elementor-section-height-default elementor-section-height-default\" data-id=\"d73f387\" data-element_type=\"section\">\n\t\t\t\t\t\t<div class=\"elementor-container elementor-column-gap-default\">\n\t\t\t\t\t<div class=\"elementor-column elementor-col-100 elementor-top-column elementor-element elementor-element-4de6ece\" data-id=\"4de6ece\" data-element_type=\"column\">\n\t\t\t<div class=\"elementor-widget-wrap elementor-element-populated\">\n\t\t\t\t\t\t\t\t<div class=\"elementor-element elementor-element-57756b9 elementor-widget elementor-widget-heading\" data-id=\"57756b9\" data-element_type=\"widget\" data-widget_type=\"heading.default\">\n\t\t\t\t<div class=\"elementor-widget-container\">\n\t\t\t<h1 class=\"elementor-heading-title elementor-size-default\">O nas<\/h1>\t\t<\/div>\n\t\t\t\t<\/div>\n\t\t\t\t\t<\/div>\n\t\t<\/div>\n\t\t\t\t\t\t\t<\/div>\n\t\t<\/section>\n\t\t\t\t<section class=\"elementor-section elementor-top-section elementor-element elementor-element-f355abe elementor-section-boxed elementor-section-height-default elementor-section-height-default\" data-id=\"f355abe\" data-element_type=\"section\">\n\t\t\t\t\t\t<div class=\"elementor-container elementor-column-gap-default\">\n\t\t\t\t\t<div class=\"elementor-column elementor-col-50 elementor-top-column elementor-element elementor-element-db5dd59\" data-id=\"db5dd59\" data-element_type=\"column\">\n\t\t\t<div class=\"elementor-widget-wrap elementor-element-populated\">\n\t\t\t\t\t\t\t\t<div class=\"elementor-element elementor-element-0368fa5 elementor-widget__width-initial elementor-widget elementor-widget-heading\" data-id=\"0368fa5\" data-element_type=\"widget\" data-widget_type=\"heading.default\">\n\t\t\t\t<div class=\"elementor-widget-container\">\n\t\t\t<h2 class=\"elementor-heading-title elementor-size-default\">Jedna z wiod\u0105cych indyjskich firm farmaceutycznych, kt\u00f3ra dostarcza najwy\u017cszej jako\u015bci leki testowane laboratoryjnie.<\/h2>\t\t<\/div>\n\t\t\t\t<\/div>\n\t\t\t\t<div class=\"elementor-element elementor-element-5c8dd10 elementor-widget elementor-widget-spacer\" data-id=\"5c8dd10\" data-element_type=\"widget\" data-widget_type=\"spacer.default\">\n\t\t\t\t<div class=\"elementor-widget-container\">\n\t\t\t\t\t<div class=\"elementor-spacer\">\n\t\t\t<div class=\"elementor-spacer-inner\"><\/div>\n\t\t<\/div>\n\t\t\t\t<\/div>\n\t\t\t\t<\/div>\n\t\t\t\t<div class=\"elementor-element elementor-element-365912d elementor-widget elementor-widget-text-editor\" data-id=\"365912d\" data-element_type=\"widget\" data-widget_type=\"text-editor.default\">\n\t\t\t\t<div class=\"elementor-widget-container\">\n\t\t\t\t\t\t\t<p><span style=\"font-weight: 400;\">Astera Labs jest jedn\u0105 z wiod\u0105cych firm farmaceutycznych w Indiach. Nasze produkty reprezentuj\u0105 lata do\u015bwiadczenia naukowego i praktycznego, naturalnie ewoluowa\u0142y zgodnie z najwy\u017cszymi standardami farmaceutycznymi, co potwierdzaj\u0105 liczne niezale\u017cne testy laboratoryjne i doskona\u0142e recenzje naszych klient\u00f3w. Astera Labs spe\u0142nia potrzeby najbardziej \u015bwiadomych i selektywnych klient\u00f3w.    <\/span><span style=\"font-weight: 400;\"><\/p>\n<p>Kluczow\u0105 warto\u015bci\u0105 w Astera Labs jest najwy\u017cszy standard jako\u015bci, kt\u00f3ry opiera si\u0119 na profesjonalizmie, precyzji dzi\u0119ki do\u015bwiadczeniu naszych ekspert\u00f3w ds. zapewnienia jako\u015bci oraz wiedzy, kontroli i ostatecznym nadzorze nad ca\u0142ym procesem produkcji.<\/span><\/p>\n\t\t\t\t\t\t<\/div>\n\t\t\t\t<\/div>\n\t\t\t\t\t<\/div>\n\t\t<\/div>\n\t\t\t\t<div class=\"elementor-column elementor-col-50 elementor-top-column elementor-element elementor-element-f8c7bf2\" data-id=\"f8c7bf2\" data-element_type=\"column\">\n\t\t\t<div class=\"elementor-widget-wrap elementor-element-populated\">\n\t\t\t\t\t\t\t\t<div class=\"elementor-element elementor-element-46ce031 elementor-position-left elementor-view-default elementor-mobile-position-top elementor-vertical-align-top elementor-widget elementor-widget-icon-box\" data-id=\"46ce031\" data-element_type=\"widget\" data-widget_type=\"icon-box.default\">\n\t\t\t\t<div class=\"elementor-widget-container\">\n\t\t\t\t\t<div class=\"elementor-icon-box-wrapper\">\n\t\t\t\t\t\t<div class=\"elementor-icon-box-icon\">\n\t\t\t\t<span class=\"elementor-icon elementor-animation-\" >\n\t\t\t\t<i aria-hidden=\"true\" class=\"fas fa-money-check-alt\"><\/i>\t\t\t\t<\/span>\n\t\t\t<\/div>\n\t\t\t\t\t\t<div class=\"elementor-icon-box-content\">\n\t\t\t\t<h3 class=\"elementor-icon-box-title\">\n\t\t\t\t\t<span  >\n\t\t\t\t\t\tBezpieczne p\u0142atno\u015bci\t\t\t\t\t<\/span>\n\t\t\t\t<\/h3>\n\t\t\t\t\t\t\t\t\t<p class=\"elementor-icon-box-description\">\n\t\t\t\t\t\tBezpieczny system p\u0142atno\u015bci zapewniaj\u0105cy, \u017ce transakcje s\u0105 bezpieczne, niemo\u017cliwe do \u015bledzenia i chronione.\t\t\t\t\t<\/p>\n\t\t\t\t\t\t\t<\/div>\n\t\t<\/div>\n\t\t\t\t<\/div>\n\t\t\t\t<\/div>\n\t\t\t\t<div class=\"elementor-element elementor-element-20f7eb3 elementor-widget elementor-widget-spacer\" data-id=\"20f7eb3\" data-element_type=\"widget\" data-widget_type=\"spacer.default\">\n\t\t\t\t<div class=\"elementor-widget-container\">\n\t\t\t\t\t<div class=\"elementor-spacer\">\n\t\t\t<div class=\"elementor-spacer-inner\"><\/div>\n\t\t<\/div>\n\t\t\t\t<\/div>\n\t\t\t\t<\/div>\n\t\t\t\t<div class=\"elementor-element elementor-element-bdd529b elementor-position-left elementor-view-default elementor-mobile-position-top elementor-vertical-align-top elementor-widget elementor-widget-icon-box\" data-id=\"bdd529b\" data-element_type=\"widget\" data-widget_type=\"icon-box.default\">\n\t\t\t\t<div class=\"elementor-widget-container\">\n\t\t\t\t\t<div class=\"elementor-icon-box-wrapper\">\n\t\t\t\t\t\t<div class=\"elementor-icon-box-icon\">\n\t\t\t\t<span class=\"elementor-icon elementor-animation-\" >\n\t\t\t\t<i aria-hidden=\"true\" class=\"fab fa-rocketchat\"><\/i>\t\t\t\t<\/span>\n\t\t\t<\/div>\n\t\t\t\t\t\t<div class=\"elementor-icon-box-content\">\n\t\t\t\t<h3 class=\"elementor-icon-box-title\">\n\t\t\t\t\t<span  >\n\t\t\t\t\t\tDoskona\u0142a obs\u0142uga klienta\t\t\t\t\t<\/span>\n\t\t\t\t<\/h3>\n\t\t\t\t\t\t\t\t\t<p class=\"elementor-icon-box-description\">\n\t\t\t\t\t\tNasz kompetentny i przyjazny zesp\u00f3\u0142 obs\u0142ugi klienta jest dost\u0119pny, aby pom\u00f3c w przypadku jakichkolwiek pyta\u0144 lub w\u0105tpliwo\u015bci.\t\t\t\t\t<\/p>\n\t\t\t\t\t\t\t<\/div>\n\t\t<\/div>\n\t\t\t\t<\/div>\n\t\t\t\t<\/div>\n\t\t\t\t<div class=\"elementor-element elementor-element-d7b65e9 elementor-widget elementor-widget-spacer\" data-id=\"d7b65e9\" data-element_type=\"widget\" data-widget_type=\"spacer.default\">\n\t\t\t\t<div class=\"elementor-widget-container\">\n\t\t\t\t\t<div class=\"elementor-spacer\">\n\t\t\t<div class=\"elementor-spacer-inner\"><\/div>\n\t\t<\/div>\n\t\t\t\t<\/div>\n\t\t\t\t<\/div>\n\t\t\t\t<div class=\"elementor-element elementor-element-5042a07 elementor-position-left elementor-view-default elementor-mobile-position-top elementor-vertical-align-top elementor-widget elementor-widget-icon-box\" data-id=\"5042a07\" data-element_type=\"widget\" data-widget_type=\"icon-box.default\">\n\t\t\t\t<div class=\"elementor-widget-container\">\n\t\t\t\t\t<div class=\"elementor-icon-box-wrapper\">\n\t\t\t\t\t\t<div class=\"elementor-icon-box-icon\">\n\t\t\t\t<span class=\"elementor-icon elementor-animation-\" >\n\t\t\t\t<i aria-hidden=\"true\" class=\"fas fa-truck-loading\"><\/i>\t\t\t\t<\/span>\n\t\t\t<\/div>\n\t\t\t\t\t\t<div class=\"elementor-icon-box-content\">\n\t\t\t\t<h3 class=\"elementor-icon-box-title\">\n\t\t\t\t\t<span  >\n\t\t\t\t\t\tSzybka wysy\u0142ka\t\t\t\t\t<\/span>\n\t\t\t\t<\/h3>\n\t\t\t\t\t\t\t\t\t<p class=\"elementor-icon-box-description\">\n\t\t\t\t\t\tDzi\u0119ki naszym szybkim opcjom wysy\u0142ki mo\u017cesz otrzyma\u0107 swoje produkty z szybk\u0105 wysy\u0142k\u0105 i cieszy\u0107 si\u0119 zakupem wcze\u015bniej.\t\t\t\t\t<\/p>\n\t\t\t\t\t\t\t<\/div>\n\t\t<\/div>\n\t\t\t\t<\/div>\n\t\t\t\t<\/div>\n\t\t\t\t<div class=\"elementor-element elementor-element-9a4b5a3 elementor-widget elementor-widget-spacer\" data-id=\"9a4b5a3\" data-element_type=\"widget\" data-widget_type=\"spacer.default\">\n\t\t\t\t<div class=\"elementor-widget-container\">\n\t\t\t\t\t<div class=\"elementor-spacer\">\n\t\t\t<div class=\"elementor-spacer-inner\"><\/div>\n\t\t<\/div>\n\t\t\t\t<\/div>\n\t\t\t\t<\/div>\n\t\t\t\t<div class=\"elementor-element elementor-element-c071ea1 elementor-position-left elementor-view-default elementor-mobile-position-top elementor-vertical-align-top elementor-widget elementor-widget-icon-box\" data-id=\"c071ea1\" data-element_type=\"widget\" data-widget_type=\"icon-box.default\">\n\t\t\t\t<div class=\"elementor-widget-container\">\n\t\t\t\t\t<div class=\"elementor-icon-box-wrapper\">\n\t\t\t\t\t\t<div class=\"elementor-icon-box-icon\">\n\t\t\t\t<span class=\"elementor-icon elementor-animation-\" >\n\t\t\t\t<i aria-hidden=\"true\" class=\"fas fa-user-secret\"><\/i>\t\t\t\t<\/span>\n\t\t\t<\/div>\n\t\t\t\t\t\t<div class=\"elementor-icon-box-content\">\n\t\t\t\t<h3 class=\"elementor-icon-box-title\">\n\t\t\t\t\t<span  >\n\t\t\t\t\t\tPe\u0142na anonimowo\u015b\u0107\t\t\t\t\t<\/span>\n\t\t\t\t<\/h3>\n\t\t\t\t\t\t\t\t\t<p class=\"elementor-icon-box-description\">\n\t\t\t\t\t\tTwoja prywatno\u015b\u0107 jest dla nas wa\u017cna, dlatego oferujemy pe\u0142n\u0105 anonimowo\u015b\u0107 podczas zakup\u00f3w u nas.\t\t\t\t\t<\/p>\n\t\t\t\t\t\t\t<\/div>\n\t\t<\/div>\n\t\t\t\t<\/div>\n\t\t\t\t<\/div>\n\t\t\t\t\t<\/div>\n\t\t<\/div>\n\t\t\t\t\t\t\t<\/div>\n\t\t<\/section>\n\t\t\t\t\t\t\t<\/div>\n\t\t","protected":false},"excerpt":{"rendered":"<p>O nas Jedna z wiod\u0105cych indyjskich firm farmaceutycznych, kt\u00f3ra dostarcza najwy\u017cszej jako\u015bci leki testowane laboratoryjnie. Astera Labs jest jedn\u0105 z wiod\u0105cych firm farmaceutycznych w Indiach. Nasze produkty reprezentuj\u0105 lata do\u015bwiadczenia naukowego i praktycznego, naturalnie ewoluowa\u0142y zgodnie z najwy\u017cszymi standardami farmaceutycznymi, co potwierdzaj\u0105 liczne niezale\u017cne testy laboratoryjne i doskona\u0142e recenzje naszych klient\u00f3w. Astera Labs spe\u0142nia potrzeby&hellip;<\/p>\n","protected":false},"author":1,"featured_media":0,"parent":0,"menu_order":0,"comment_status":"closed","ping_status":"closed","template":"","meta":{"footnotes":""},"yoast_head":"<!-- This site is optimized with the Yoast SEO plugin v23.0 - https:\/\/yoast.com\/wordpress\/plugins\/seo\/ -->\n<title>testy - Astera Labs<\/title>\n<meta name=\"robots\" content=\"index, follow, max-snippet:-1, max-image-preview:large, max-video-preview:-1\" \/>\n<link rel=\"canonical\" href=\"https:\/\/asteralabs.org\/pl\/testy\/\" \/>\n<meta property=\"og:locale\" content=\"pl_PL\" \/>\n<meta property=\"og:type\" content=\"article\" \/>\n<meta property=\"og:title\" content=\"testy - Astera Labs\" \/>\n<meta property=\"og:description\" content=\"O nas Jedna z wiod\u0105cych indyjskich firm farmaceutycznych, kt\u00f3ra dostarcza najwy\u017cszej jako\u015bci leki testowane laboratoryjnie. Astera Labs jest jedn\u0105 z wiod\u0105cych firm farmaceutycznych w Indiach. Nasze produkty reprezentuj\u0105 lata do\u015bwiadczenia naukowego i praktycznego, naturalnie ewoluowa\u0142y zgodnie z najwy\u017cszymi standardami farmaceutycznymi, co potwierdzaj\u0105 liczne niezale\u017cne testy laboratoryjne i doskona\u0142e recenzje naszych klient\u00f3w. Astera Labs spe\u0142nia potrzeby&hellip;\" \/>\n<meta property=\"og:url\" content=\"https:\/\/asteralabs.org\/pl\/testy\/\" \/>\n<meta property=\"og:site_name\" content=\"Astera Labs\" \/>\n<meta property=\"article:modified_time\" content=\"2025-05-27T09:28:18+00:00\" \/>\n<meta name=\"twitter:card\" content=\"summary_large_image\" \/>\n<script type=\"application\/ld+json\" class=\"yoast-schema-graph\">{\"@context\":\"https:\/\/schema.org\",\"@graph\":[{\"@type\":\"WebPage\",\"@id\":\"https:\/\/asteralabs.org\/pl\/testy\/\",\"url\":\"https:\/\/asteralabs.org\/pl\/testy\/\",\"name\":\"testy - Astera Labs\",\"isPartOf\":{\"@id\":\"https:\/\/asteralabs.org\/pl\/#website\"},\"datePublished\":\"2022-11-05T18:38:12+00:00\",\"dateModified\":\"2025-05-27T09:28:18+00:00\",\"breadcrumb\":{\"@id\":\"https:\/\/asteralabs.org\/pl\/testy\/#breadcrumb\"},\"inLanguage\":\"pl-PL\",\"potentialAction\":[{\"@type\":\"ReadAction\",\"target\":[\"https:\/\/asteralabs.org\/pl\/testy\/\"]}]},{\"@type\":\"BreadcrumbList\",\"@id\":\"https:\/\/asteralabs.org\/pl\/testy\/#breadcrumb\",\"itemListElement\":[{\"@type\":\"ListItem\",\"position\":1,\"name\":\"Home\",\"item\":\"https:\/\/asteralabs.org\/pl\/\"},{\"@type\":\"ListItem\",\"position\":2,\"name\":\"testy\"}]},{\"@type\":\"WebSite\",\"@id\":\"https:\/\/asteralabs.org\/pl\/#website\",\"url\":\"https:\/\/asteralabs.org\/pl\/\",\"name\":\"Astera Labs\",\"description\":\"Improve Your Quality Of Life\",\"publisher\":{\"@id\":\"https:\/\/asteralabs.org\/pl\/#organization\"},\"potentialAction\":[{\"@type\":\"SearchAction\",\"target\":{\"@type\":\"EntryPoint\",\"urlTemplate\":\"https:\/\/asteralabs.org\/pl\/?s={search_term_string}\"},\"query-input\":\"required name=search_term_string\"}],\"inLanguage\":\"pl-PL\"},{\"@type\":\"Organization\",\"@id\":\"https:\/\/asteralabs.org\/pl\/#organization\",\"name\":\"Astera Labs\",\"url\":\"https:\/\/asteralabs.org\/pl\/\",\"logo\":{\"@type\":\"ImageObject\",\"inLanguage\":\"pl-PL\",\"@id\":\"https:\/\/asteralabs.org\/pl\/#\/schema\/logo\/image\/\",\"url\":\"https:\/\/asteralabs.org\/wp-content\/uploads\/2022\/12\/astera-2.png\",\"contentUrl\":\"https:\/\/asteralabs.org\/wp-content\/uploads\/2022\/12\/astera-2.png\",\"width\":437,\"height\":111,\"caption\":\"Astera Labs\"},\"image\":{\"@id\":\"https:\/\/asteralabs.org\/pl\/#\/schema\/logo\/image\/\"}}]}<\/script>\n<!-- \/ Yoast SEO plugin. -->","yoast_head_json":{"title":"testy - Astera Labs","robots":{"index":"index","follow":"follow","max-snippet":"max-snippet:-1","max-image-preview":"max-image-preview:large","max-video-preview":"max-video-preview:-1"},"canonical":"https:\/\/asteralabs.org\/pl\/testy\/","og_locale":"pl_PL","og_type":"article","og_title":"testy - Astera Labs","og_description":"O nas Jedna z wiod\u0105cych indyjskich firm farmaceutycznych, kt\u00f3ra dostarcza najwy\u017cszej jako\u015bci leki testowane laboratoryjnie. Astera Labs jest jedn\u0105 z wiod\u0105cych firm farmaceutycznych w Indiach. Nasze produkty reprezentuj\u0105 lata do\u015bwiadczenia naukowego i praktycznego, naturalnie ewoluowa\u0142y zgodnie z najwy\u017cszymi standardami farmaceutycznymi, co potwierdzaj\u0105 liczne niezale\u017cne testy laboratoryjne i doskona\u0142e recenzje naszych klient\u00f3w. Astera Labs spe\u0142nia potrzeby&hellip;","og_url":"https:\/\/asteralabs.org\/pl\/testy\/","og_site_name":"Astera Labs","article_modified_time":"2025-05-27T09:28:18+00:00","twitter_card":"summary_large_image","schema":{"@context":"https:\/\/schema.org","@graph":[{"@type":"WebPage","@id":"https:\/\/asteralabs.org\/pl\/testy\/","url":"https:\/\/asteralabs.org\/pl\/testy\/","name":"testy - Astera Labs","isPartOf":{"@id":"https:\/\/asteralabs.org\/pl\/#website"},"datePublished":"2022-11-05T18:38:12+00:00","dateModified":"2025-05-27T09:28:18+00:00","breadcrumb":{"@id":"https:\/\/asteralabs.org\/pl\/testy\/#breadcrumb"},"inLanguage":"pl-PL","potentialAction":[{"@type":"ReadAction","target":["https:\/\/asteralabs.org\/pl\/testy\/"]}]},{"@type":"BreadcrumbList","@id":"https:\/\/asteralabs.org\/pl\/testy\/#breadcrumb","itemListElement":[{"@type":"ListItem","position":1,"name":"Home","item":"https:\/\/asteralabs.org\/pl\/"},{"@type":"ListItem","position":2,"name":"testy"}]},{"@type":"WebSite","@id":"https:\/\/asteralabs.org\/pl\/#website","url":"https:\/\/asteralabs.org\/pl\/","name":"Astera Labs","description":"Improve Your Quality Of Life","publisher":{"@id":"https:\/\/asteralabs.org\/pl\/#organization"},"potentialAction":[{"@type":"SearchAction","target":{"@type":"EntryPoint","urlTemplate":"https:\/\/asteralabs.org\/pl\/?s={search_term_string}"},"query-input":"required name=search_term_string"}],"inLanguage":"pl-PL"},{"@type":"Organization","@id":"https:\/\/asteralabs.org\/pl\/#organization","name":"Astera Labs","url":"https:\/\/asteralabs.org\/pl\/","logo":{"@type":"ImageObject","inLanguage":"pl-PL","@id":"https:\/\/asteralabs.org\/pl\/#\/schema\/logo\/image\/","url":"https:\/\/asteralabs.org\/wp-content\/uploads\/2022\/12\/astera-2.png","contentUrl":"https:\/\/asteralabs.org\/wp-content\/uploads\/2022\/12\/astera-2.png","width":437,"height":111,"caption":"Astera Labs"},"image":{"@id":"https:\/\/asteralabs.org\/pl\/#\/schema\/logo\/image\/"}}]}},"_links":{"self":[{"href":"https:\/\/asteralabs.org\/pl\/wp-json\/wp\/v2\/pages\/78911"}],"collection":[{"href":"https:\/\/asteralabs.org\/pl\/wp-json\/wp\/v2\/pages"}],"about":[{"href":"https:\/\/asteralabs.org\/pl\/wp-json\/wp\/v2\/types\/page"}],"author":[{"embeddable":true,"href":"https:\/\/asteralabs.org\/pl\/wp-json\/wp\/v2\/users\/1"}],"replies":[{"embeddable":true,"href":"https:\/\/asteralabs.org\/pl\/wp-json\/wp\/v2\/comments?post=78911"}],"version-history":[{"count":1,"href":"https:\/\/asteralabs.org\/pl\/wp-json\/wp\/v2\/pages\/78911\/revisions"}],"predecessor-version":[{"id":78913,"href":"https:\/\/asteralabs.org\/pl\/wp-json\/wp\/v2\/pages\/78911\/revisions\/78913"}],"wp:attachment":[{"href":"https:\/\/asteralabs.org\/pl\/wp-json\/wp\/v2\/media?parent=78911"}],"curies":[{"name":"wp","href":"https:\/\/api.w.org\/{rel}","templated":true}]}}