{"id":77658,"date":"2022-10-30T18:28:38","date_gmt":"2022-10-30T18:28:38","guid":{"rendered":"https:\/\/asteralabs.org\/product\/drostanolone-enanthate\/"},"modified":"2026-01-15T08:48:51","modified_gmt":"2026-01-15T08:48:51","slug":"drostanolone-enanthate","status":"publish","type":"product","link":"https:\/\/asteralabs.org\/pl\/product\/drostanolone-enanthate\/","title":{"rendered":"Drostanolone Enanthate"},"content":{"rendered":"<p><strong>DAWKOWANIE:<\/strong><br \/>\nDrostanolone Enanthate 200mg \/ ml <strong>ZAWARTO\u015a\u0106 OPAKOWANIA:<\/strong><br \/>\n1 x fiolka 10 ml, 200 mg na ml <strong>CO TO JEST:<\/strong><br \/>\nDrostanolone Enanthate to steryd anaboliczny do wstrzykiwa\u0144 o podwy\u017cszonej sile androgennej. Ze wzgl\u0119du na wysok\u0105 si\u0142\u0119 androgenn\u0105 jest zwykle stosowany podczas cykli ci\u0119cia w celu poprawy utraty tkanki t\u0142uszczowej, zwykle powoduje suchy i twardy wygl\u0105d, je\u015bli jest stosowany prawid\u0142owo, jest r\u00f3wnie\u017c przydatny jako wsparcie androgenne podczas cyklu z Nandrolonem, aby unikn\u0105\u0107 konwersji tego do DHN powoduje niepo\u017c\u0105dane skutki uboczne. <strong>SPOS\u00d3B U\u017bYCIA:<\/strong><br \/>\nNormalne dawki to zwykle 400 do 600 mg na tydzie\u0144 dla pocz\u0105tkuj\u0105cych i \u015brednio zaawansowanych sportowc\u00f3w, z mo\u017cliwo\u015bci\u0105 stosowania 800 do 1000 mg na tydzie\u0144 do cel\u00f3w specyficznych lub konkurencyjnych. Zwykle stosuje si\u0119 go od 10 do 16 tygodni. Poniewa\u017c ma du\u017c\u0105 si\u0142\u0119 androgenn\u0105, jego stosowanie przez kobiety nie jest zalecane, z wyj\u0105tkiem bardzo szczeg\u00f3lnych przypadk\u00f3w (cele konkurencyjne) w bardzo kr\u00f3tkich okresach czasu i przy bardzo niskich dawkach. <strong>INFORMACJE O PARTII:<br \/>\n<\/strong>Nr partii: <span data-sheets-root=\"1\" data-sheets-value=\"{\" data-sheets-userformat=\"{\">OI10210<\/span><br \/>\nData produkcji: <span data-sheets-root=\"1\" data-sheets-value=\"{\" data-sheets-userformat=\"{\">10.2025.<\/span><br \/>\nData wa\u017cno\u015bci: <span data-sheets-root=\"1\" data-sheets-value=\"{\" data-sheets-userformat=\"{\">10.2028.<\/span><\/p>\n","protected":false},"excerpt":{"rendered":"<p>DAWKOWANIE: Drostanolone Enanthate 200mg \/ ml ZAWARTO\u015a\u0106 OPAKOWANIA: 1 x fiolka 10 ml, 200 mg na ml CO TO JEST: Drostanolone Enanthate to steryd anaboliczny do wstrzykiwa\u0144 o podwy\u017cszonej sile androgennej. Ze wzgl\u0119du na wysok\u0105 si\u0142\u0119 androgenn\u0105 jest zwykle stosowany podczas cykli ci\u0119cia w celu poprawy utraty tkanki t\u0142uszczowej, zwykle powoduje suchy i twardy wygl\u0105d,&hellip;<\/p>\n","protected":false},"featured_media":74836,"comment_status":"open","ping_status":"closed","template":"","meta":[],"product_cat":[167,165],"product_tag":[166],"yoast_head":"<!-- This site is optimized with the Yoast SEO plugin v23.0 - https:\/\/yoast.com\/wordpress\/plugins\/seo\/ -->\n<title>Drostanolone Enanthate - Astera Labs<\/title>\n<meta name=\"robots\" content=\"index, follow, max-snippet:-1, max-image-preview:large, max-video-preview:-1\" \/>\n<link rel=\"canonical\" href=\"https:\/\/asteralabs.org\/pl\/product\/drostanolone-enanthate\/\" \/>\n<meta property=\"og:locale\" content=\"pl_PL\" \/>\n<meta property=\"og:type\" content=\"article\" \/>\n<meta property=\"og:title\" content=\"Drostanolone Enanthate - Astera Labs\" \/>\n<meta property=\"og:description\" content=\"DAWKOWANIE: Drostanolone Enanthate 200mg \/ ml ZAWARTO\u015a\u0106 OPAKOWANIA: 1 x fiolka 10 ml, 200 mg na ml CO TO JEST: Drostanolone Enanthate to steryd anaboliczny do wstrzykiwa\u0144 o podwy\u017cszonej sile androgennej. Ze wzgl\u0119du na wysok\u0105 si\u0142\u0119 androgenn\u0105 jest zwykle stosowany podczas cykli ci\u0119cia w celu poprawy utraty tkanki t\u0142uszczowej, zwykle powoduje suchy i twardy wygl\u0105d,&hellip;\" \/>\n<meta property=\"og:url\" content=\"https:\/\/asteralabs.org\/pl\/product\/drostanolone-enanthate\/\" \/>\n<meta property=\"og:site_name\" content=\"Astera Labs\" \/>\n<meta property=\"article:modified_time\" content=\"2026-01-15T08:48:51+00:00\" \/>\n<meta property=\"og:image\" content=\"https:\/\/asteralabs.org\/wp-content\/uploads\/2022\/10\/121.png\" \/>\n\t<meta property=\"og:image:width\" content=\"2000\" \/>\n\t<meta property=\"og:image:height\" content=\"2000\" \/>\n\t<meta property=\"og:image:type\" content=\"image\/png\" \/>\n<meta name=\"twitter:card\" content=\"summary_large_image\" \/>\n<script type=\"application\/ld+json\" class=\"yoast-schema-graph\">{\"@context\":\"https:\/\/schema.org\",\"@graph\":[{\"@type\":\"WebPage\",\"@id\":\"https:\/\/asteralabs.org\/pl\/product\/drostanolone-enanthate\/\",\"url\":\"https:\/\/asteralabs.org\/pl\/product\/drostanolone-enanthate\/\",\"name\":\"Drostanolone Enanthate - Astera Labs\",\"isPartOf\":{\"@id\":\"https:\/\/asteralabs.org\/pl\/#website\"},\"primaryImageOfPage\":{\"@id\":\"https:\/\/asteralabs.org\/pl\/product\/drostanolone-enanthate\/#primaryimage\"},\"image\":{\"@id\":\"https:\/\/asteralabs.org\/pl\/product\/drostanolone-enanthate\/#primaryimage\"},\"thumbnailUrl\":\"https:\/\/asteralabs.org\/wp-content\/uploads\/2022\/10\/121.png\",\"datePublished\":\"2022-10-30T18:28:38+00:00\",\"dateModified\":\"2026-01-15T08:48:51+00:00\",\"breadcrumb\":{\"@id\":\"https:\/\/asteralabs.org\/pl\/product\/drostanolone-enanthate\/#breadcrumb\"},\"inLanguage\":\"pl-PL\",\"potentialAction\":[{\"@type\":\"ReadAction\",\"target\":[\"https:\/\/asteralabs.org\/pl\/product\/drostanolone-enanthate\/\"]}]},{\"@type\":\"ImageObject\",\"inLanguage\":\"pl-PL\",\"@id\":\"https:\/\/asteralabs.org\/pl\/product\/drostanolone-enanthate\/#primaryimage\",\"url\":\"https:\/\/asteralabs.org\/wp-content\/uploads\/2022\/10\/121.png\",\"contentUrl\":\"https:\/\/asteralabs.org\/wp-content\/uploads\/2022\/10\/121.png\",\"width\":2000,\"height\":2000},{\"@type\":\"BreadcrumbList\",\"@id\":\"https:\/\/asteralabs.org\/pl\/product\/drostanolone-enanthate\/#breadcrumb\",\"itemListElement\":[{\"@type\":\"ListItem\",\"position\":1,\"name\":\"Home\",\"item\":\"https:\/\/asteralabs.org\/pl\/\"},{\"@type\":\"ListItem\",\"position\":2,\"name\":\"Sklep\",\"item\":\"https:\/\/asteralabs.org\/sklep\/\"},{\"@type\":\"ListItem\",\"position\":3,\"name\":\"Drostanolone Enanthate\"}]},{\"@type\":\"WebSite\",\"@id\":\"https:\/\/asteralabs.org\/pl\/#website\",\"url\":\"https:\/\/asteralabs.org\/pl\/\",\"name\":\"Astera Labs\",\"description\":\"Improve Your Quality Of Life\",\"publisher\":{\"@id\":\"https:\/\/asteralabs.org\/pl\/#organization\"},\"potentialAction\":[{\"@type\":\"SearchAction\",\"target\":{\"@type\":\"EntryPoint\",\"urlTemplate\":\"https:\/\/asteralabs.org\/pl\/?s={search_term_string}\"},\"query-input\":\"required name=search_term_string\"}],\"inLanguage\":\"pl-PL\"},{\"@type\":\"Organization\",\"@id\":\"https:\/\/asteralabs.org\/pl\/#organization\",\"name\":\"Astera Labs\",\"url\":\"https:\/\/asteralabs.org\/pl\/\",\"logo\":{\"@type\":\"ImageObject\",\"inLanguage\":\"pl-PL\",\"@id\":\"https:\/\/asteralabs.org\/pl\/#\/schema\/logo\/image\/\",\"url\":\"https:\/\/asteralabs.org\/wp-content\/uploads\/2022\/12\/astera-2.png\",\"contentUrl\":\"https:\/\/asteralabs.org\/wp-content\/uploads\/2022\/12\/astera-2.png\",\"width\":437,\"height\":111,\"caption\":\"Astera Labs\"},\"image\":{\"@id\":\"https:\/\/asteralabs.org\/pl\/#\/schema\/logo\/image\/\"}}]}<\/script>\n<!-- \/ Yoast SEO plugin. -->","yoast_head_json":{"title":"Drostanolone Enanthate - Astera Labs","robots":{"index":"index","follow":"follow","max-snippet":"max-snippet:-1","max-image-preview":"max-image-preview:large","max-video-preview":"max-video-preview:-1"},"canonical":"https:\/\/asteralabs.org\/pl\/product\/drostanolone-enanthate\/","og_locale":"pl_PL","og_type":"article","og_title":"Drostanolone Enanthate - Astera Labs","og_description":"DAWKOWANIE: Drostanolone Enanthate 200mg \/ ml ZAWARTO\u015a\u0106 OPAKOWANIA: 1 x fiolka 10 ml, 200 mg na ml CO TO JEST: Drostanolone Enanthate to steryd anaboliczny do wstrzykiwa\u0144 o podwy\u017cszonej sile androgennej. Ze wzgl\u0119du na wysok\u0105 si\u0142\u0119 androgenn\u0105 jest zwykle stosowany podczas cykli ci\u0119cia w celu poprawy utraty tkanki t\u0142uszczowej, zwykle powoduje suchy i twardy wygl\u0105d,&hellip;","og_url":"https:\/\/asteralabs.org\/pl\/product\/drostanolone-enanthate\/","og_site_name":"Astera Labs","article_modified_time":"2026-01-15T08:48:51+00:00","og_image":[{"width":2000,"height":2000,"url":"https:\/\/asteralabs.org\/wp-content\/uploads\/2022\/10\/121.png","type":"image\/png"}],"twitter_card":"summary_large_image","schema":{"@context":"https:\/\/schema.org","@graph":[{"@type":"WebPage","@id":"https:\/\/asteralabs.org\/pl\/product\/drostanolone-enanthate\/","url":"https:\/\/asteralabs.org\/pl\/product\/drostanolone-enanthate\/","name":"Drostanolone Enanthate - Astera Labs","isPartOf":{"@id":"https:\/\/asteralabs.org\/pl\/#website"},"primaryImageOfPage":{"@id":"https:\/\/asteralabs.org\/pl\/product\/drostanolone-enanthate\/#primaryimage"},"image":{"@id":"https:\/\/asteralabs.org\/pl\/product\/drostanolone-enanthate\/#primaryimage"},"thumbnailUrl":"https:\/\/asteralabs.org\/wp-content\/uploads\/2022\/10\/121.png","datePublished":"2022-10-30T18:28:38+00:00","dateModified":"2026-01-15T08:48:51+00:00","breadcrumb":{"@id":"https:\/\/asteralabs.org\/pl\/product\/drostanolone-enanthate\/#breadcrumb"},"inLanguage":"pl-PL","potentialAction":[{"@type":"ReadAction","target":["https:\/\/asteralabs.org\/pl\/product\/drostanolone-enanthate\/"]}]},{"@type":"ImageObject","inLanguage":"pl-PL","@id":"https:\/\/asteralabs.org\/pl\/product\/drostanolone-enanthate\/#primaryimage","url":"https:\/\/asteralabs.org\/wp-content\/uploads\/2022\/10\/121.png","contentUrl":"https:\/\/asteralabs.org\/wp-content\/uploads\/2022\/10\/121.png","width":2000,"height":2000},{"@type":"BreadcrumbList","@id":"https:\/\/asteralabs.org\/pl\/product\/drostanolone-enanthate\/#breadcrumb","itemListElement":[{"@type":"ListItem","position":1,"name":"Home","item":"https:\/\/asteralabs.org\/pl\/"},{"@type":"ListItem","position":2,"name":"Sklep","item":"https:\/\/asteralabs.org\/sklep\/"},{"@type":"ListItem","position":3,"name":"Drostanolone Enanthate"}]},{"@type":"WebSite","@id":"https:\/\/asteralabs.org\/pl\/#website","url":"https:\/\/asteralabs.org\/pl\/","name":"Astera Labs","description":"Improve Your Quality Of Life","publisher":{"@id":"https:\/\/asteralabs.org\/pl\/#organization"},"potentialAction":[{"@type":"SearchAction","target":{"@type":"EntryPoint","urlTemplate":"https:\/\/asteralabs.org\/pl\/?s={search_term_string}"},"query-input":"required name=search_term_string"}],"inLanguage":"pl-PL"},{"@type":"Organization","@id":"https:\/\/asteralabs.org\/pl\/#organization","name":"Astera Labs","url":"https:\/\/asteralabs.org\/pl\/","logo":{"@type":"ImageObject","inLanguage":"pl-PL","@id":"https:\/\/asteralabs.org\/pl\/#\/schema\/logo\/image\/","url":"https:\/\/asteralabs.org\/wp-content\/uploads\/2022\/12\/astera-2.png","contentUrl":"https:\/\/asteralabs.org\/wp-content\/uploads\/2022\/12\/astera-2.png","width":437,"height":111,"caption":"Astera Labs"},"image":{"@id":"https:\/\/asteralabs.org\/pl\/#\/schema\/logo\/image\/"}}]}},"_links":{"self":[{"href":"https:\/\/asteralabs.org\/pl\/wp-json\/wp\/v2\/product\/77658"}],"collection":[{"href":"https:\/\/asteralabs.org\/pl\/wp-json\/wp\/v2\/product"}],"about":[{"href":"https:\/\/asteralabs.org\/pl\/wp-json\/wp\/v2\/types\/product"}],"replies":[{"embeddable":true,"href":"https:\/\/asteralabs.org\/pl\/wp-json\/wp\/v2\/comments?post=77658"}],"version-history":[{"count":0,"href":"https:\/\/asteralabs.org\/pl\/wp-json\/wp\/v2\/product\/77658\/revisions"}],"wp:featuredmedia":[{"embeddable":true,"href":"https:\/\/asteralabs.org\/pl\/wp-json\/wp\/v2\/media\/74836"}],"wp:attachment":[{"href":"https:\/\/asteralabs.org\/pl\/wp-json\/wp\/v2\/media?parent=77658"}],"wp:term":[{"taxonomy":"product_cat","embeddable":true,"href":"https:\/\/asteralabs.org\/pl\/wp-json\/wp\/v2\/product_cat?post=77658"},{"taxonomy":"product_tag","embeddable":true,"href":"https:\/\/asteralabs.org\/pl\/wp-json\/wp\/v2\/product_tag?post=77658"}],"curies":[{"name":"wp","href":"https:\/\/api.w.org\/{rel}","templated":true}]}}