{"id":77669,"date":"2022-11-05T20:06:18","date_gmt":"2022-11-05T20:06:18","guid":{"rendered":"https:\/\/asteralabs.org\/product\/sustanon-300mg\/"},"modified":"2026-01-15T13:50:59","modified_gmt":"2026-01-15T13:50:59","slug":"sustanon-300mg","status":"publish","type":"product","link":"https:\/\/asteralabs.org\/pl\/product\/sustanon-300mg\/","title":{"rendered":"Sustanon 300mg"},"content":{"rendered":"<p><strong>DAWKOWANIE:<\/strong><br \/>\nDekanian testosteronu 120mg\/ml<br \/>\nIzokapronian testosteronu 72mg\/ml<br \/>\nFenylopropionian testosteronu 72mg\/ml<br \/>\nPropionian testosteronu 36mg\/ml <strong>ZAWARTO\u015a\u0106 OPAKOWANIA:<\/strong><br \/>\n1 x fiolka 10ML, 300 mg na ml <strong>CO TO JEST: <\/strong><br \/>\nJest to po\u0142\u0105czenie r\u00f3\u017cnych estr\u00f3w testosteronu. Chocia\u017c jego st\u0119\u017cenie jest do\u015b\u0107 wysokie, po\u0142\u0105czenie r\u00f3\u017cnych estr\u00f3w sprawia, \u017ce jego stopie\u0144 tolerancji jest bardzo wysoki. Chocia\u017c ma kilka d\u0142ugich estr\u00f3w, kt\u00f3re utrzymuj\u0105 stabilny poziom we krwi przez d\u0142ugi czas, poniewa\u017c ma r\u00f3wnie\u017c kilka kr\u00f3tkich estr\u00f3w, zaleca si\u0119 stosowanie protoko\u0142u iniekcji opartego na okresie p\u00f3\u0142trwania produktu. <strong>SPOS\u00d3B U\u017bYCIA: <\/strong><br \/>\nB\u0119d\u0105c produktem opartym na testosteronie, mo\u017ce mie\u0107 r\u00f3\u017cne zastosowania, mo\u017ce by\u0107 stosowany jako TRT, mo\u017ce by\u0107 stosowany jako pojedynczy cykl lub mo\u017ce s\u0142u\u017cy\u0107 jako podstawa cyklu z r\u00f3\u017cnymi substancjami. Dawka do u\u017cycia mo\u017ce si\u0119 r\u00f3\u017cni\u0107 w zale\u017cno\u015bci od celu, dawki od 100 mg do 1000 mg tygodniowo to co\u015b, co jest do\u015b\u0107 powszechne.<\/p>\n<p><strong>INFORMACJE O PARTII:<br \/>\n<\/strong>Nr partii: <span data-sheets-root=\"1\" data-sheets-value=\"{\" data-sheets-userformat=\"{\">ZE37285<\/span><br \/>\nData produkcji: <span data-sheets-root=\"1\" data-sheets-value=\"{\" data-sheets-userformat=\"{\">10.2025.<\/span><br \/>\nData wa\u017cno\u015bci: <span data-sheets-root=\"1\" data-sheets-value=\"{\" data-sheets-userformat=\"{\">10.2028.<\/span><\/p>\n","protected":false},"excerpt":{"rendered":"<p>DAWKOWANIE: Dekanian testosteronu 120mg\/ml Izokapronian testosteronu 72mg\/ml Fenylopropionian testosteronu 72mg\/ml Propionian testosteronu 36mg\/ml ZAWARTO\u015a\u0106 OPAKOWANIA: 1 x fiolka 10ML, 300 mg na ml CO TO JEST: Jest to po\u0142\u0105czenie r\u00f3\u017cnych estr\u00f3w testosteronu. Chocia\u017c jego st\u0119\u017cenie jest do\u015b\u0107 wysokie, po\u0142\u0105czenie r\u00f3\u017cnych estr\u00f3w sprawia, \u017ce jego stopie\u0144 tolerancji jest bardzo wysoki. Chocia\u017c ma kilka d\u0142ugich estr\u00f3w, kt\u00f3re&hellip;<\/p>\n","protected":false},"featured_media":76036,"comment_status":"open","ping_status":"closed","template":"","meta":[],"product_cat":[167,165],"product_tag":[],"yoast_head":"<!-- This site is optimized with the Yoast SEO plugin v23.0 - https:\/\/yoast.com\/wordpress\/plugins\/seo\/ -->\n<title>Sustanon 300mg - Astera Labs<\/title>\n<meta name=\"robots\" content=\"index, follow, max-snippet:-1, max-image-preview:large, max-video-preview:-1\" \/>\n<link rel=\"canonical\" href=\"https:\/\/asteralabs.org\/pl\/product\/sustanon-300mg\/\" \/>\n<meta property=\"og:locale\" content=\"pl_PL\" \/>\n<meta property=\"og:type\" content=\"article\" \/>\n<meta property=\"og:title\" content=\"Sustanon 300mg - Astera Labs\" \/>\n<meta property=\"og:description\" content=\"DAWKOWANIE: Dekanian testosteronu 120mg\/ml Izokapronian testosteronu 72mg\/ml Fenylopropionian testosteronu 72mg\/ml Propionian testosteronu 36mg\/ml ZAWARTO\u015a\u0106 OPAKOWANIA: 1 x fiolka 10ML, 300 mg na ml CO TO JEST: Jest to po\u0142\u0105czenie r\u00f3\u017cnych estr\u00f3w testosteronu. Chocia\u017c jego st\u0119\u017cenie jest do\u015b\u0107 wysokie, po\u0142\u0105czenie r\u00f3\u017cnych estr\u00f3w sprawia, \u017ce jego stopie\u0144 tolerancji jest bardzo wysoki. Chocia\u017c ma kilka d\u0142ugich estr\u00f3w, kt\u00f3re&hellip;\" \/>\n<meta property=\"og:url\" content=\"https:\/\/asteralabs.org\/pl\/product\/sustanon-300mg\/\" \/>\n<meta property=\"og:site_name\" content=\"Astera Labs\" \/>\n<meta property=\"article:modified_time\" content=\"2026-01-15T13:50:59+00:00\" \/>\n<meta property=\"og:image\" content=\"https:\/\/asteralabs.org\/wp-content\/uploads\/2022\/11\/Sustanon-300mg-inject-nbg.png\" \/>\n\t<meta property=\"og:image:width\" content=\"2000\" \/>\n\t<meta property=\"og:image:height\" content=\"2000\" \/>\n\t<meta property=\"og:image:type\" content=\"image\/png\" \/>\n<meta name=\"twitter:card\" content=\"summary_large_image\" \/>\n<script type=\"application\/ld+json\" class=\"yoast-schema-graph\">{\"@context\":\"https:\/\/schema.org\",\"@graph\":[{\"@type\":\"WebPage\",\"@id\":\"https:\/\/asteralabs.org\/pl\/product\/sustanon-300mg\/\",\"url\":\"https:\/\/asteralabs.org\/pl\/product\/sustanon-300mg\/\",\"name\":\"Sustanon 300mg - Astera Labs\",\"isPartOf\":{\"@id\":\"https:\/\/asteralabs.org\/pl\/#website\"},\"primaryImageOfPage\":{\"@id\":\"https:\/\/asteralabs.org\/pl\/product\/sustanon-300mg\/#primaryimage\"},\"image\":{\"@id\":\"https:\/\/asteralabs.org\/pl\/product\/sustanon-300mg\/#primaryimage\"},\"thumbnailUrl\":\"https:\/\/asteralabs.org\/wp-content\/uploads\/2022\/11\/Sustanon-300mg-inject-nbg.png\",\"datePublished\":\"2022-11-05T20:06:18+00:00\",\"dateModified\":\"2026-01-15T13:50:59+00:00\",\"breadcrumb\":{\"@id\":\"https:\/\/asteralabs.org\/pl\/product\/sustanon-300mg\/#breadcrumb\"},\"inLanguage\":\"pl-PL\",\"potentialAction\":[{\"@type\":\"ReadAction\",\"target\":[\"https:\/\/asteralabs.org\/pl\/product\/sustanon-300mg\/\"]}]},{\"@type\":\"ImageObject\",\"inLanguage\":\"pl-PL\",\"@id\":\"https:\/\/asteralabs.org\/pl\/product\/sustanon-300mg\/#primaryimage\",\"url\":\"https:\/\/asteralabs.org\/wp-content\/uploads\/2022\/11\/Sustanon-300mg-inject-nbg.png\",\"contentUrl\":\"https:\/\/asteralabs.org\/wp-content\/uploads\/2022\/11\/Sustanon-300mg-inject-nbg.png\",\"width\":2000,\"height\":2000},{\"@type\":\"BreadcrumbList\",\"@id\":\"https:\/\/asteralabs.org\/pl\/product\/sustanon-300mg\/#breadcrumb\",\"itemListElement\":[{\"@type\":\"ListItem\",\"position\":1,\"name\":\"Home\",\"item\":\"https:\/\/asteralabs.org\/pl\/\"},{\"@type\":\"ListItem\",\"position\":2,\"name\":\"Sklep\",\"item\":\"https:\/\/asteralabs.org\/sklep\/\"},{\"@type\":\"ListItem\",\"position\":3,\"name\":\"Sustanon 300mg\"}]},{\"@type\":\"WebSite\",\"@id\":\"https:\/\/asteralabs.org\/pl\/#website\",\"url\":\"https:\/\/asteralabs.org\/pl\/\",\"name\":\"Astera Labs\",\"description\":\"Improve Your Quality Of Life\",\"publisher\":{\"@id\":\"https:\/\/asteralabs.org\/pl\/#organization\"},\"potentialAction\":[{\"@type\":\"SearchAction\",\"target\":{\"@type\":\"EntryPoint\",\"urlTemplate\":\"https:\/\/asteralabs.org\/pl\/?s={search_term_string}\"},\"query-input\":\"required name=search_term_string\"}],\"inLanguage\":\"pl-PL\"},{\"@type\":\"Organization\",\"@id\":\"https:\/\/asteralabs.org\/pl\/#organization\",\"name\":\"Astera Labs\",\"url\":\"https:\/\/asteralabs.org\/pl\/\",\"logo\":{\"@type\":\"ImageObject\",\"inLanguage\":\"pl-PL\",\"@id\":\"https:\/\/asteralabs.org\/pl\/#\/schema\/logo\/image\/\",\"url\":\"https:\/\/asteralabs.org\/wp-content\/uploads\/2022\/12\/astera-2.png\",\"contentUrl\":\"https:\/\/asteralabs.org\/wp-content\/uploads\/2022\/12\/astera-2.png\",\"width\":437,\"height\":111,\"caption\":\"Astera Labs\"},\"image\":{\"@id\":\"https:\/\/asteralabs.org\/pl\/#\/schema\/logo\/image\/\"}}]}<\/script>\n<!-- \/ Yoast SEO plugin. -->","yoast_head_json":{"title":"Sustanon 300mg - Astera Labs","robots":{"index":"index","follow":"follow","max-snippet":"max-snippet:-1","max-image-preview":"max-image-preview:large","max-video-preview":"max-video-preview:-1"},"canonical":"https:\/\/asteralabs.org\/pl\/product\/sustanon-300mg\/","og_locale":"pl_PL","og_type":"article","og_title":"Sustanon 300mg - Astera Labs","og_description":"DAWKOWANIE: Dekanian testosteronu 120mg\/ml Izokapronian testosteronu 72mg\/ml Fenylopropionian testosteronu 72mg\/ml Propionian testosteronu 36mg\/ml ZAWARTO\u015a\u0106 OPAKOWANIA: 1 x fiolka 10ML, 300 mg na ml CO TO JEST: Jest to po\u0142\u0105czenie r\u00f3\u017cnych estr\u00f3w testosteronu. Chocia\u017c jego st\u0119\u017cenie jest do\u015b\u0107 wysokie, po\u0142\u0105czenie r\u00f3\u017cnych estr\u00f3w sprawia, \u017ce jego stopie\u0144 tolerancji jest bardzo wysoki. Chocia\u017c ma kilka d\u0142ugich estr\u00f3w, kt\u00f3re&hellip;","og_url":"https:\/\/asteralabs.org\/pl\/product\/sustanon-300mg\/","og_site_name":"Astera Labs","article_modified_time":"2026-01-15T13:50:59+00:00","og_image":[{"width":2000,"height":2000,"url":"https:\/\/asteralabs.org\/wp-content\/uploads\/2022\/11\/Sustanon-300mg-inject-nbg.png","type":"image\/png"}],"twitter_card":"summary_large_image","schema":{"@context":"https:\/\/schema.org","@graph":[{"@type":"WebPage","@id":"https:\/\/asteralabs.org\/pl\/product\/sustanon-300mg\/","url":"https:\/\/asteralabs.org\/pl\/product\/sustanon-300mg\/","name":"Sustanon 300mg - Astera Labs","isPartOf":{"@id":"https:\/\/asteralabs.org\/pl\/#website"},"primaryImageOfPage":{"@id":"https:\/\/asteralabs.org\/pl\/product\/sustanon-300mg\/#primaryimage"},"image":{"@id":"https:\/\/asteralabs.org\/pl\/product\/sustanon-300mg\/#primaryimage"},"thumbnailUrl":"https:\/\/asteralabs.org\/wp-content\/uploads\/2022\/11\/Sustanon-300mg-inject-nbg.png","datePublished":"2022-11-05T20:06:18+00:00","dateModified":"2026-01-15T13:50:59+00:00","breadcrumb":{"@id":"https:\/\/asteralabs.org\/pl\/product\/sustanon-300mg\/#breadcrumb"},"inLanguage":"pl-PL","potentialAction":[{"@type":"ReadAction","target":["https:\/\/asteralabs.org\/pl\/product\/sustanon-300mg\/"]}]},{"@type":"ImageObject","inLanguage":"pl-PL","@id":"https:\/\/asteralabs.org\/pl\/product\/sustanon-300mg\/#primaryimage","url":"https:\/\/asteralabs.org\/wp-content\/uploads\/2022\/11\/Sustanon-300mg-inject-nbg.png","contentUrl":"https:\/\/asteralabs.org\/wp-content\/uploads\/2022\/11\/Sustanon-300mg-inject-nbg.png","width":2000,"height":2000},{"@type":"BreadcrumbList","@id":"https:\/\/asteralabs.org\/pl\/product\/sustanon-300mg\/#breadcrumb","itemListElement":[{"@type":"ListItem","position":1,"name":"Home","item":"https:\/\/asteralabs.org\/pl\/"},{"@type":"ListItem","position":2,"name":"Sklep","item":"https:\/\/asteralabs.org\/sklep\/"},{"@type":"ListItem","position":3,"name":"Sustanon 300mg"}]},{"@type":"WebSite","@id":"https:\/\/asteralabs.org\/pl\/#website","url":"https:\/\/asteralabs.org\/pl\/","name":"Astera Labs","description":"Improve Your Quality Of Life","publisher":{"@id":"https:\/\/asteralabs.org\/pl\/#organization"},"potentialAction":[{"@type":"SearchAction","target":{"@type":"EntryPoint","urlTemplate":"https:\/\/asteralabs.org\/pl\/?s={search_term_string}"},"query-input":"required name=search_term_string"}],"inLanguage":"pl-PL"},{"@type":"Organization","@id":"https:\/\/asteralabs.org\/pl\/#organization","name":"Astera Labs","url":"https:\/\/asteralabs.org\/pl\/","logo":{"@type":"ImageObject","inLanguage":"pl-PL","@id":"https:\/\/asteralabs.org\/pl\/#\/schema\/logo\/image\/","url":"https:\/\/asteralabs.org\/wp-content\/uploads\/2022\/12\/astera-2.png","contentUrl":"https:\/\/asteralabs.org\/wp-content\/uploads\/2022\/12\/astera-2.png","width":437,"height":111,"caption":"Astera Labs"},"image":{"@id":"https:\/\/asteralabs.org\/pl\/#\/schema\/logo\/image\/"}}]}},"_links":{"self":[{"href":"https:\/\/asteralabs.org\/pl\/wp-json\/wp\/v2\/product\/77669"}],"collection":[{"href":"https:\/\/asteralabs.org\/pl\/wp-json\/wp\/v2\/product"}],"about":[{"href":"https:\/\/asteralabs.org\/pl\/wp-json\/wp\/v2\/types\/product"}],"replies":[{"embeddable":true,"href":"https:\/\/asteralabs.org\/pl\/wp-json\/wp\/v2\/comments?post=77669"}],"version-history":[{"count":0,"href":"https:\/\/asteralabs.org\/pl\/wp-json\/wp\/v2\/product\/77669\/revisions"}],"wp:featuredmedia":[{"embeddable":true,"href":"https:\/\/asteralabs.org\/pl\/wp-json\/wp\/v2\/media\/76036"}],"wp:attachment":[{"href":"https:\/\/asteralabs.org\/pl\/wp-json\/wp\/v2\/media?parent=77669"}],"wp:term":[{"taxonomy":"product_cat","embeddable":true,"href":"https:\/\/asteralabs.org\/pl\/wp-json\/wp\/v2\/product_cat?post=77669"},{"taxonomy":"product_tag","embeddable":true,"href":"https:\/\/asteralabs.org\/pl\/wp-json\/wp\/v2\/product_tag?post=77669"}],"curies":[{"name":"wp","href":"https:\/\/api.w.org\/{rel}","templated":true}]}}