{"id":77701,"date":"2022-11-05T21:56:41","date_gmt":"2022-11-05T21:56:41","guid":{"rendered":"https:\/\/asteralabs.org\/product\/octan-boldenonu\/"},"modified":"2026-01-15T08:09:27","modified_gmt":"2026-01-15T08:09:27","slug":"octan-boldenonu","status":"publish","type":"product","link":"https:\/\/asteralabs.org\/pl\/product\/octan-boldenonu\/","title":{"rendered":"Octan boldenonu"},"content":{"rendered":"<p><strong>DAWKOWANIE<\/strong>:<br \/>\nOctan boldenonu 50mg\/ml <strong>ZAWARTO\u015a\u0106 OPAKOWANIA:<\/strong><br \/>\n1 x fiolka 10ML, 50 mg na ml <strong>CO TO JEST:<\/strong><br \/>\nOctan boldenonu jest rzadkim sterydem, jedn\u0105 z najwi\u0119kszych wad boldenonu jest to, \u017ce jego estry maj\u0105 du\u017c\u0105 mas\u0119 cz\u0105steczkow\u0105, co utrudnia przyswajanie, poprzez zmniejszenie masy estru mo\u017cna go przekszta\u0142ci\u0107 w steryd, kt\u00f3ry jest zwykle uwa\u017cany za &#8220;\u0142agodny&#8221; w do\u015b\u0107 silny steryd. <strong>SPOS\u00d3B U\u017bYCIA:<\/strong><br \/>\nZaleca si\u0119 rozpocz\u0119cie stosowania ma\u0142ej dawki, poniewa\u017c octan boldenonu mo\u017ce powodowa\u0107 PIP i reakcje grypopodobne u niekt\u00f3rych os\u00f3b. Dost\u0119pnych jest bardzo niewiele informacji na temat tego sterydu, wi\u0119c moim podstawowym zaleceniem by\u0142oby stosowanie najwy\u017cszej mo\u017cliwej dawki przy najmniejszej mo\u017cliwej ilo\u015bci efekt\u00f3w. Wstrzykiwaliby\u015bmy go ED lub EOD. <strong>INFORMACJE O PARTII:<br \/>\n<\/strong>Nr partii: <span data-sheets-root=\"1\" data-sheets-value=\"{\" data-sheets-userformat=\"{\">BG70578<\/span><br \/>\nData produkcji: <span data-sheets-root=\"1\" data-sheets-value=\"{\" data-sheets-userformat=\"{\">10.2025.<\/span><br \/>\nData wa\u017cno\u015bci: <span data-sheets-root=\"1\" data-sheets-value=\"{\" data-sheets-userformat=\"{\">10.2028.<\/span><\/p>\n","protected":false},"excerpt":{"rendered":"<p>DAWKOWANIE: Octan boldenonu 50mg\/ml ZAWARTO\u015a\u0106 OPAKOWANIA: 1 x fiolka 10ML, 50 mg na ml CO TO JEST: Octan boldenonu jest rzadkim sterydem, jedn\u0105 z najwi\u0119kszych wad boldenonu jest to, \u017ce jego estry maj\u0105 du\u017c\u0105 mas\u0119 cz\u0105steczkow\u0105, co utrudnia przyswajanie, poprzez zmniejszenie masy estru mo\u017cna go przekszta\u0142ci\u0107 w steryd, kt\u00f3ry jest zwykle uwa\u017cany za &#8220;\u0142agodny&#8221; w&hellip;<\/p>\n","protected":false},"featured_media":75236,"comment_status":"open","ping_status":"closed","template":"","meta":[],"product_cat":[167,165],"product_tag":[166],"yoast_head":"<!-- This site is optimized with the Yoast SEO plugin v23.0 - https:\/\/yoast.com\/wordpress\/plugins\/seo\/ -->\n<title>Octan boldenonu - Astera Labs<\/title>\n<meta name=\"robots\" content=\"index, follow, max-snippet:-1, max-image-preview:large, max-video-preview:-1\" \/>\n<link rel=\"canonical\" href=\"https:\/\/asteralabs.org\/pl\/product\/octan-boldenonu\/\" \/>\n<meta property=\"og:locale\" content=\"pl_PL\" \/>\n<meta property=\"og:type\" content=\"article\" \/>\n<meta property=\"og:title\" content=\"Octan boldenonu - Astera Labs\" \/>\n<meta property=\"og:description\" content=\"DAWKOWANIE: Octan boldenonu 50mg\/ml ZAWARTO\u015a\u0106 OPAKOWANIA: 1 x fiolka 10ML, 50 mg na ml CO TO JEST: Octan boldenonu jest rzadkim sterydem, jedn\u0105 z najwi\u0119kszych wad boldenonu jest to, \u017ce jego estry maj\u0105 du\u017c\u0105 mas\u0119 cz\u0105steczkow\u0105, co utrudnia przyswajanie, poprzez zmniejszenie masy estru mo\u017cna go przekszta\u0142ci\u0107 w steryd, kt\u00f3ry jest zwykle uwa\u017cany za &#8220;\u0142agodny&#8221; w&hellip;\" \/>\n<meta property=\"og:url\" content=\"https:\/\/asteralabs.org\/pl\/product\/octan-boldenonu\/\" \/>\n<meta property=\"og:site_name\" content=\"Astera Labs\" \/>\n<meta property=\"article:modified_time\" content=\"2026-01-15T08:09:27+00:00\" \/>\n<meta property=\"og:image\" content=\"https:\/\/asteralabs.org\/wp-content\/uploads\/2022\/11\/34-1.png\" \/>\n\t<meta property=\"og:image:width\" content=\"2000\" \/>\n\t<meta property=\"og:image:height\" content=\"2000\" \/>\n\t<meta property=\"og:image:type\" content=\"image\/png\" \/>\n<meta name=\"twitter:card\" content=\"summary_large_image\" \/>\n<script type=\"application\/ld+json\" class=\"yoast-schema-graph\">{\"@context\":\"https:\/\/schema.org\",\"@graph\":[{\"@type\":\"WebPage\",\"@id\":\"https:\/\/asteralabs.org\/pl\/product\/octan-boldenonu\/\",\"url\":\"https:\/\/asteralabs.org\/pl\/product\/octan-boldenonu\/\",\"name\":\"Octan boldenonu - Astera Labs\",\"isPartOf\":{\"@id\":\"https:\/\/asteralabs.org\/pl\/#website\"},\"primaryImageOfPage\":{\"@id\":\"https:\/\/asteralabs.org\/pl\/product\/octan-boldenonu\/#primaryimage\"},\"image\":{\"@id\":\"https:\/\/asteralabs.org\/pl\/product\/octan-boldenonu\/#primaryimage\"},\"thumbnailUrl\":\"https:\/\/asteralabs.org\/wp-content\/uploads\/2022\/11\/34-1.png\",\"datePublished\":\"2022-11-05T21:56:41+00:00\",\"dateModified\":\"2026-01-15T08:09:27+00:00\",\"breadcrumb\":{\"@id\":\"https:\/\/asteralabs.org\/pl\/product\/octan-boldenonu\/#breadcrumb\"},\"inLanguage\":\"pl-PL\",\"potentialAction\":[{\"@type\":\"ReadAction\",\"target\":[\"https:\/\/asteralabs.org\/pl\/product\/octan-boldenonu\/\"]}]},{\"@type\":\"ImageObject\",\"inLanguage\":\"pl-PL\",\"@id\":\"https:\/\/asteralabs.org\/pl\/product\/octan-boldenonu\/#primaryimage\",\"url\":\"https:\/\/asteralabs.org\/wp-content\/uploads\/2022\/11\/34-1.png\",\"contentUrl\":\"https:\/\/asteralabs.org\/wp-content\/uploads\/2022\/11\/34-1.png\",\"width\":2000,\"height\":2000},{\"@type\":\"BreadcrumbList\",\"@id\":\"https:\/\/asteralabs.org\/pl\/product\/octan-boldenonu\/#breadcrumb\",\"itemListElement\":[{\"@type\":\"ListItem\",\"position\":1,\"name\":\"Home\",\"item\":\"https:\/\/asteralabs.org\/pl\/\"},{\"@type\":\"ListItem\",\"position\":2,\"name\":\"Sklep\",\"item\":\"https:\/\/asteralabs.org\/sklep\/\"},{\"@type\":\"ListItem\",\"position\":3,\"name\":\"Octan boldenonu\"}]},{\"@type\":\"WebSite\",\"@id\":\"https:\/\/asteralabs.org\/pl\/#website\",\"url\":\"https:\/\/asteralabs.org\/pl\/\",\"name\":\"Astera Labs\",\"description\":\"Improve Your Quality Of Life\",\"publisher\":{\"@id\":\"https:\/\/asteralabs.org\/pl\/#organization\"},\"potentialAction\":[{\"@type\":\"SearchAction\",\"target\":{\"@type\":\"EntryPoint\",\"urlTemplate\":\"https:\/\/asteralabs.org\/pl\/?s={search_term_string}\"},\"query-input\":\"required name=search_term_string\"}],\"inLanguage\":\"pl-PL\"},{\"@type\":\"Organization\",\"@id\":\"https:\/\/asteralabs.org\/pl\/#organization\",\"name\":\"Astera Labs\",\"url\":\"https:\/\/asteralabs.org\/pl\/\",\"logo\":{\"@type\":\"ImageObject\",\"inLanguage\":\"pl-PL\",\"@id\":\"https:\/\/asteralabs.org\/pl\/#\/schema\/logo\/image\/\",\"url\":\"https:\/\/asteralabs.org\/wp-content\/uploads\/2022\/12\/astera-2.png\",\"contentUrl\":\"https:\/\/asteralabs.org\/wp-content\/uploads\/2022\/12\/astera-2.png\",\"width\":437,\"height\":111,\"caption\":\"Astera Labs\"},\"image\":{\"@id\":\"https:\/\/asteralabs.org\/pl\/#\/schema\/logo\/image\/\"}}]}<\/script>\n<!-- \/ Yoast SEO plugin. -->","yoast_head_json":{"title":"Octan boldenonu - Astera Labs","robots":{"index":"index","follow":"follow","max-snippet":"max-snippet:-1","max-image-preview":"max-image-preview:large","max-video-preview":"max-video-preview:-1"},"canonical":"https:\/\/asteralabs.org\/pl\/product\/octan-boldenonu\/","og_locale":"pl_PL","og_type":"article","og_title":"Octan boldenonu - Astera Labs","og_description":"DAWKOWANIE: Octan boldenonu 50mg\/ml ZAWARTO\u015a\u0106 OPAKOWANIA: 1 x fiolka 10ML, 50 mg na ml CO TO JEST: Octan boldenonu jest rzadkim sterydem, jedn\u0105 z najwi\u0119kszych wad boldenonu jest to, \u017ce jego estry maj\u0105 du\u017c\u0105 mas\u0119 cz\u0105steczkow\u0105, co utrudnia przyswajanie, poprzez zmniejszenie masy estru mo\u017cna go przekszta\u0142ci\u0107 w steryd, kt\u00f3ry jest zwykle uwa\u017cany za &#8220;\u0142agodny&#8221; w&hellip;","og_url":"https:\/\/asteralabs.org\/pl\/product\/octan-boldenonu\/","og_site_name":"Astera Labs","article_modified_time":"2026-01-15T08:09:27+00:00","og_image":[{"width":2000,"height":2000,"url":"https:\/\/asteralabs.org\/wp-content\/uploads\/2022\/11\/34-1.png","type":"image\/png"}],"twitter_card":"summary_large_image","schema":{"@context":"https:\/\/schema.org","@graph":[{"@type":"WebPage","@id":"https:\/\/asteralabs.org\/pl\/product\/octan-boldenonu\/","url":"https:\/\/asteralabs.org\/pl\/product\/octan-boldenonu\/","name":"Octan boldenonu - Astera Labs","isPartOf":{"@id":"https:\/\/asteralabs.org\/pl\/#website"},"primaryImageOfPage":{"@id":"https:\/\/asteralabs.org\/pl\/product\/octan-boldenonu\/#primaryimage"},"image":{"@id":"https:\/\/asteralabs.org\/pl\/product\/octan-boldenonu\/#primaryimage"},"thumbnailUrl":"https:\/\/asteralabs.org\/wp-content\/uploads\/2022\/11\/34-1.png","datePublished":"2022-11-05T21:56:41+00:00","dateModified":"2026-01-15T08:09:27+00:00","breadcrumb":{"@id":"https:\/\/asteralabs.org\/pl\/product\/octan-boldenonu\/#breadcrumb"},"inLanguage":"pl-PL","potentialAction":[{"@type":"ReadAction","target":["https:\/\/asteralabs.org\/pl\/product\/octan-boldenonu\/"]}]},{"@type":"ImageObject","inLanguage":"pl-PL","@id":"https:\/\/asteralabs.org\/pl\/product\/octan-boldenonu\/#primaryimage","url":"https:\/\/asteralabs.org\/wp-content\/uploads\/2022\/11\/34-1.png","contentUrl":"https:\/\/asteralabs.org\/wp-content\/uploads\/2022\/11\/34-1.png","width":2000,"height":2000},{"@type":"BreadcrumbList","@id":"https:\/\/asteralabs.org\/pl\/product\/octan-boldenonu\/#breadcrumb","itemListElement":[{"@type":"ListItem","position":1,"name":"Home","item":"https:\/\/asteralabs.org\/pl\/"},{"@type":"ListItem","position":2,"name":"Sklep","item":"https:\/\/asteralabs.org\/sklep\/"},{"@type":"ListItem","position":3,"name":"Octan boldenonu"}]},{"@type":"WebSite","@id":"https:\/\/asteralabs.org\/pl\/#website","url":"https:\/\/asteralabs.org\/pl\/","name":"Astera Labs","description":"Improve Your Quality Of Life","publisher":{"@id":"https:\/\/asteralabs.org\/pl\/#organization"},"potentialAction":[{"@type":"SearchAction","target":{"@type":"EntryPoint","urlTemplate":"https:\/\/asteralabs.org\/pl\/?s={search_term_string}"},"query-input":"required name=search_term_string"}],"inLanguage":"pl-PL"},{"@type":"Organization","@id":"https:\/\/asteralabs.org\/pl\/#organization","name":"Astera Labs","url":"https:\/\/asteralabs.org\/pl\/","logo":{"@type":"ImageObject","inLanguage":"pl-PL","@id":"https:\/\/asteralabs.org\/pl\/#\/schema\/logo\/image\/","url":"https:\/\/asteralabs.org\/wp-content\/uploads\/2022\/12\/astera-2.png","contentUrl":"https:\/\/asteralabs.org\/wp-content\/uploads\/2022\/12\/astera-2.png","width":437,"height":111,"caption":"Astera Labs"},"image":{"@id":"https:\/\/asteralabs.org\/pl\/#\/schema\/logo\/image\/"}}]}},"_links":{"self":[{"href":"https:\/\/asteralabs.org\/pl\/wp-json\/wp\/v2\/product\/77701"}],"collection":[{"href":"https:\/\/asteralabs.org\/pl\/wp-json\/wp\/v2\/product"}],"about":[{"href":"https:\/\/asteralabs.org\/pl\/wp-json\/wp\/v2\/types\/product"}],"replies":[{"embeddable":true,"href":"https:\/\/asteralabs.org\/pl\/wp-json\/wp\/v2\/comments?post=77701"}],"version-history":[{"count":0,"href":"https:\/\/asteralabs.org\/pl\/wp-json\/wp\/v2\/product\/77701\/revisions"}],"wp:featuredmedia":[{"embeddable":true,"href":"https:\/\/asteralabs.org\/pl\/wp-json\/wp\/v2\/media\/75236"}],"wp:attachment":[{"href":"https:\/\/asteralabs.org\/pl\/wp-json\/wp\/v2\/media?parent=77701"}],"wp:term":[{"taxonomy":"product_cat","embeddable":true,"href":"https:\/\/asteralabs.org\/pl\/wp-json\/wp\/v2\/product_cat?post=77701"},{"taxonomy":"product_tag","embeddable":true,"href":"https:\/\/asteralabs.org\/pl\/wp-json\/wp\/v2\/product_tag?post=77701"}],"curies":[{"name":"wp","href":"https:\/\/api.w.org\/{rel}","templated":true}]}}