{"id":77738,"date":"2023-01-10T22:23:05","date_gmt":"2023-01-10T22:23:05","guid":{"rendered":"https:\/\/asteralabs.org\/product\/sex-hard-strong-mix-viagra-cialis-dapoxetine-hcl\/"},"modified":"2026-01-15T14:22:55","modified_gmt":"2026-01-15T14:22:55","slug":"sex-hard-strong-mix-viagra-cialis-dapoxetine-hcl","status":"publish","type":"product","link":"https:\/\/asteralabs.org\/pl\/product\/sex-hard-strong-mix-viagra-cialis-dapoxetine-hcl\/","title":{"rendered":"Sex Hard &amp; Strong Mix (Viagra + Cialis + Dapoxetine HCL)"},"content":{"rendered":"<p><strong>DAWKOWANIE: <\/strong><br \/>\nSildenafil Citrate (Viagra) 50mg\/tab<br \/>\nTadalafil (Cialis) 20mg\/tab<br \/>\nDapoxetine HCL 30mg\/tab <strong>ZAWARTO\u015a\u0106 OPAKOWANIA: <\/strong><br \/>\n1 saszetka, 100 tabletek, 100 mg na tabletk\u0119 <strong>CO TO JEST: <\/strong><br \/>\nPo\u0142\u0105czenie viagry, cialisu i dapoksetyny pomo\u017ce osi\u0105gn\u0105\u0107 najlepsz\u0105 sprawno\u015b\u0107 seksualn\u0105, o jak\u0105 mo\u017cesz poprosi\u0107. Ostre dzia\u0142anie viagry \u0142\u0105czy si\u0119 z d\u0142ugotrwa\u0142ym dzia\u0142aniem cialisu i op\u00f3\u017aniaj\u0105cym dzia\u0142aniem dapoksetyny. <strong>SPOS\u00d3B U\u017bYCIA: <\/strong><br \/>\nZaleca si\u0119 przyjmowanie preparatu na godzin\u0119 przed aktywno\u015bci\u0105 seksualn\u0105, aby zadzia\u0142a\u0142. Konieczne jest przyjmowanie go tylko raz dziennie, a dawki nie powinny by\u0107 wy\u017csze ni\u017c 1 tabletka dziennie. <strong>INFORMACJE O BATCH:<br \/>\n<\/strong>Nr partii: <span data-sheets-root=\"1\">LW22138<\/span><br \/>\nData produkcji: <span data-sheets-root=\"1\" data-sheets-value=\"{&quot;1&quot;:2,&quot;2&quot;:&quot;03.2023.&quot;}\" data-sheets-userformat=\"{&quot;2&quot;:577,&quot;3&quot;:{&quot;1&quot;:0},&quot;9&quot;:0,&quot;12&quot;:0}\">10.2025.<\/span><br \/>\nData wa\u017cno\u015bci: 10<span data-sheets-root=\"1\" data-sheets-value=\"{&quot;1&quot;:2,&quot;2&quot;:&quot;03.2026.&quot;}\" data-sheets-userformat=\"{&quot;2&quot;:637,&quot;3&quot;:{&quot;1&quot;:0},&quot;5&quot;:{&quot;1&quot;:[{&quot;1&quot;:2,&quot;2&quot;:0,&quot;5&quot;:{&quot;1&quot;:2,&quot;2&quot;:0}},{&quot;1&quot;:0,&quot;2&quot;:0,&quot;3&quot;:3},{&quot;1&quot;:1,&quot;2&quot;:0,&quot;4&quot;:1}]},&quot;6&quot;:{&quot;1&quot;:[{&quot;1&quot;:2,&quot;2&quot;:0,&quot;5&quot;:{&quot;1&quot;:2,&quot;2&quot;:0}},{&quot;1&quot;:0,&quot;2&quot;:0,&quot;3&quot;:3},{&quot;1&quot;:1,&quot;2&quot;:0,&quot;4&quot;:1}]},&quot;7&quot;:{&quot;1&quot;:[{&quot;1&quot;:2,&quot;2&quot;:0,&quot;5&quot;:{&quot;1&quot;:2,&quot;2&quot;:0}},{&quot;1&quot;:0,&quot;2&quot;:0,&quot;3&quot;:3},{&quot;1&quot;:1,&quot;2&quot;:0,&quot;4&quot;:1}]},&quot;8&quot;:{&quot;1&quot;:[{&quot;1&quot;:2,&quot;2&quot;:0,&quot;5&quot;:{&quot;1&quot;:2,&quot;2&quot;:0}},{&quot;1&quot;:0,&quot;2&quot;:0,&quot;3&quot;:3},{&quot;1&quot;:1,&quot;2&quot;:0,&quot;4&quot;:1}]},&quot;9&quot;:0,&quot;12&quot;:0}\">.2028.<\/span><\/p>\n","protected":false},"excerpt":{"rendered":"<p>DAWKOWANIE: Sildenafil Citrate (Viagra) 50mg\/tab Tadalafil (Cialis) 20mg\/tab Dapoxetine HCL 30mg\/tab ZAWARTO\u015a\u0106 OPAKOWANIA: 1 saszetka, 100 tabletek, 100 mg na tabletk\u0119 CO TO JEST: Po\u0142\u0105czenie viagry, cialisu i dapoksetyny pomo\u017ce osi\u0105gn\u0105\u0107 najlepsz\u0105 sprawno\u015b\u0107 seksualn\u0105, o jak\u0105 mo\u017cesz poprosi\u0107. Ostre dzia\u0142anie viagry \u0142\u0105czy si\u0119 z d\u0142ugotrwa\u0142ym dzia\u0142aniem cialisu i op\u00f3\u017aniaj\u0105cym dzia\u0142aniem dapoksetyny. SPOS\u00d3B U\u017bYCIA: Zaleca si\u0119&hellip;<\/p>\n","protected":false},"featured_media":76196,"comment_status":"open","ping_status":"closed","template":"","meta":{"_acf_changed":false},"product_brand":[],"product_cat":[167,180],"product_tag":[],"class_list":{"0":"post-77738","1":"product","2":"type-product","3":"status-publish","4":"has-post-thumbnail","6":"product_cat-all-pl","7":"product_cat-orals-pl","8":"description-off","10":"first","11":"instock","12":"shipping-taxable","13":"product-type-simple"},"acf":[],"yoast_head":"<!-- This site is optimized with the Yoast SEO plugin v27.4 - https:\/\/yoast.com\/product\/yoast-seo-wordpress\/ -->\n<title>Sex Hard &amp; Strong Mix (Viagra + Cialis + Dapoxetine HCL) - Astera Labs<\/title>\n<meta name=\"robots\" content=\"index, follow, max-snippet:-1, max-image-preview:large, max-video-preview:-1\" \/>\n<link rel=\"canonical\" href=\"https:\/\/asteralabs.org\/pl\/product\/sex-hard-strong-mix-viagra-cialis-dapoxetine-hcl\/\" \/>\n<meta property=\"og:locale\" content=\"pl_PL\" \/>\n<meta property=\"og:type\" content=\"article\" \/>\n<meta property=\"og:title\" content=\"Sex Hard &amp; Strong Mix (Viagra + Cialis + Dapoxetine HCL) - Astera Labs\" \/>\n<meta property=\"og:description\" content=\"DAWKOWANIE: Sildenafil Citrate (Viagra) 50mg\/tab Tadalafil (Cialis) 20mg\/tab Dapoxetine HCL 30mg\/tab ZAWARTO\u015a\u0106 OPAKOWANIA: 1 saszetka, 100 tabletek, 100 mg na tabletk\u0119 CO TO JEST: Po\u0142\u0105czenie viagry, cialisu i dapoksetyny pomo\u017ce osi\u0105gn\u0105\u0107 najlepsz\u0105 sprawno\u015b\u0107 seksualn\u0105, o jak\u0105 mo\u017cesz poprosi\u0107. Ostre dzia\u0142anie viagry \u0142\u0105czy si\u0119 z d\u0142ugotrwa\u0142ym dzia\u0142aniem cialisu i op\u00f3\u017aniaj\u0105cym dzia\u0142aniem dapoksetyny. SPOS\u00d3B U\u017bYCIA: Zaleca si\u0119&hellip;\" \/>\n<meta property=\"og:url\" content=\"https:\/\/asteralabs.org\/pl\/product\/sex-hard-strong-mix-viagra-cialis-dapoxetine-hcl\/\" \/>\n<meta property=\"og:site_name\" content=\"Astera Labs\" \/>\n<meta property=\"article:modified_time\" content=\"2026-01-15T14:22:55+00:00\" \/>\n<meta property=\"og:image\" content=\"https:\/\/asteralabs.org\/wp-content\/uploads\/2023\/01\/Sex-hard-strong-mix-mockup-nbg.png\" \/>\n\t<meta property=\"og:image:width\" content=\"2000\" \/>\n\t<meta property=\"og:image:height\" content=\"2000\" \/>\n\t<meta property=\"og:image:type\" content=\"image\/png\" \/>\n<meta name=\"twitter:card\" content=\"summary_large_image\" \/>\n<script type=\"application\/ld+json\" class=\"yoast-schema-graph\">{\"@context\":\"https:\\\/\\\/schema.org\",\"@graph\":[{\"@type\":\"WebPage\",\"@id\":\"https:\\\/\\\/asteralabs.org\\\/pl\\\/product\\\/sex-hard-strong-mix-viagra-cialis-dapoxetine-hcl\\\/\",\"url\":\"https:\\\/\\\/asteralabs.org\\\/pl\\\/product\\\/sex-hard-strong-mix-viagra-cialis-dapoxetine-hcl\\\/\",\"name\":\"Sex Hard &amp; Strong Mix (Viagra + Cialis + Dapoxetine HCL) - Astera Labs\",\"isPartOf\":{\"@id\":\"https:\\\/\\\/asteralabs.org\\\/pl\\\/#website\"},\"primaryImageOfPage\":{\"@id\":\"https:\\\/\\\/asteralabs.org\\\/pl\\\/product\\\/sex-hard-strong-mix-viagra-cialis-dapoxetine-hcl\\\/#primaryimage\"},\"image\":{\"@id\":\"https:\\\/\\\/asteralabs.org\\\/pl\\\/product\\\/sex-hard-strong-mix-viagra-cialis-dapoxetine-hcl\\\/#primaryimage\"},\"thumbnailUrl\":\"https:\\\/\\\/asteralabs.org\\\/wp-content\\\/uploads\\\/2023\\\/01\\\/Sex-hard-strong-mix-mockup-nbg.png\",\"datePublished\":\"2023-01-10T22:23:05+00:00\",\"dateModified\":\"2026-01-15T14:22:55+00:00\",\"breadcrumb\":{\"@id\":\"https:\\\/\\\/asteralabs.org\\\/pl\\\/product\\\/sex-hard-strong-mix-viagra-cialis-dapoxetine-hcl\\\/#breadcrumb\"},\"inLanguage\":\"pl-PL\",\"potentialAction\":[{\"@type\":\"ReadAction\",\"target\":[\"https:\\\/\\\/asteralabs.org\\\/pl\\\/product\\\/sex-hard-strong-mix-viagra-cialis-dapoxetine-hcl\\\/\"]}]},{\"@type\":\"ImageObject\",\"inLanguage\":\"pl-PL\",\"@id\":\"https:\\\/\\\/asteralabs.org\\\/pl\\\/product\\\/sex-hard-strong-mix-viagra-cialis-dapoxetine-hcl\\\/#primaryimage\",\"url\":\"https:\\\/\\\/asteralabs.org\\\/wp-content\\\/uploads\\\/2023\\\/01\\\/Sex-hard-strong-mix-mockup-nbg.png\",\"contentUrl\":\"https:\\\/\\\/asteralabs.org\\\/wp-content\\\/uploads\\\/2023\\\/01\\\/Sex-hard-strong-mix-mockup-nbg.png\",\"width\":2000,\"height\":2000},{\"@type\":\"BreadcrumbList\",\"@id\":\"https:\\\/\\\/asteralabs.org\\\/pl\\\/product\\\/sex-hard-strong-mix-viagra-cialis-dapoxetine-hcl\\\/#breadcrumb\",\"itemListElement\":[{\"@type\":\"ListItem\",\"position\":1,\"name\":\"Home\",\"item\":\"https:\\\/\\\/asteralabs.org\\\/pl\\\/\"},{\"@type\":\"ListItem\",\"position\":2,\"name\":\"Sklep\",\"item\":\"https:\\\/\\\/asteralabs.org\\\/pl\\\/sklep\\\/\"},{\"@type\":\"ListItem\",\"position\":3,\"name\":\"Sex Hard &amp; Strong Mix (Viagra + Cialis + Dapoxetine HCL)\"}]},{\"@type\":\"WebSite\",\"@id\":\"https:\\\/\\\/asteralabs.org\\\/pl\\\/#website\",\"url\":\"https:\\\/\\\/asteralabs.org\\\/pl\\\/\",\"name\":\"Astera Labs\",\"description\":\"Improve Your Quality Of Life\",\"publisher\":{\"@id\":\"https:\\\/\\\/asteralabs.org\\\/pl\\\/#organization\"},\"potentialAction\":[{\"@type\":\"SearchAction\",\"target\":{\"@type\":\"EntryPoint\",\"urlTemplate\":\"https:\\\/\\\/asteralabs.org\\\/pl\\\/?s={search_term_string}\"},\"query-input\":{\"@type\":\"PropertyValueSpecification\",\"valueRequired\":true,\"valueName\":\"search_term_string\"}}],\"inLanguage\":\"pl-PL\"},{\"@type\":\"Organization\",\"@id\":\"https:\\\/\\\/asteralabs.org\\\/pl\\\/#organization\",\"name\":\"Astera Labs\",\"url\":\"https:\\\/\\\/asteralabs.org\\\/pl\\\/\",\"logo\":{\"@type\":\"ImageObject\",\"inLanguage\":\"pl-PL\",\"@id\":\"https:\\\/\\\/asteralabs.org\\\/pl\\\/#\\\/schema\\\/logo\\\/image\\\/\",\"url\":\"https:\\\/\\\/asteralabs.org\\\/wp-content\\\/uploads\\\/2022\\\/12\\\/astera-2.png\",\"contentUrl\":\"https:\\\/\\\/asteralabs.org\\\/wp-content\\\/uploads\\\/2022\\\/12\\\/astera-2.png\",\"width\":437,\"height\":111,\"caption\":\"Astera Labs\"},\"image\":{\"@id\":\"https:\\\/\\\/asteralabs.org\\\/pl\\\/#\\\/schema\\\/logo\\\/image\\\/\"}}]}<\/script>\n<!-- \/ Yoast SEO plugin. -->","yoast_head_json":{"title":"Sex Hard &amp; Strong Mix (Viagra + Cialis + Dapoxetine HCL) - Astera Labs","robots":{"index":"index","follow":"follow","max-snippet":"max-snippet:-1","max-image-preview":"max-image-preview:large","max-video-preview":"max-video-preview:-1"},"canonical":"https:\/\/asteralabs.org\/pl\/product\/sex-hard-strong-mix-viagra-cialis-dapoxetine-hcl\/","og_locale":"pl_PL","og_type":"article","og_title":"Sex Hard &amp; Strong Mix (Viagra + Cialis + Dapoxetine HCL) - Astera Labs","og_description":"DAWKOWANIE: Sildenafil Citrate (Viagra) 50mg\/tab Tadalafil (Cialis) 20mg\/tab Dapoxetine HCL 30mg\/tab ZAWARTO\u015a\u0106 OPAKOWANIA: 1 saszetka, 100 tabletek, 100 mg na tabletk\u0119 CO TO JEST: Po\u0142\u0105czenie viagry, cialisu i dapoksetyny pomo\u017ce osi\u0105gn\u0105\u0107 najlepsz\u0105 sprawno\u015b\u0107 seksualn\u0105, o jak\u0105 mo\u017cesz poprosi\u0107. Ostre dzia\u0142anie viagry \u0142\u0105czy si\u0119 z d\u0142ugotrwa\u0142ym dzia\u0142aniem cialisu i op\u00f3\u017aniaj\u0105cym dzia\u0142aniem dapoksetyny. SPOS\u00d3B U\u017bYCIA: Zaleca si\u0119&hellip;","og_url":"https:\/\/asteralabs.org\/pl\/product\/sex-hard-strong-mix-viagra-cialis-dapoxetine-hcl\/","og_site_name":"Astera Labs","article_modified_time":"2026-01-15T14:22:55+00:00","og_image":[{"width":2000,"height":2000,"url":"https:\/\/asteralabs.org\/wp-content\/uploads\/2023\/01\/Sex-hard-strong-mix-mockup-nbg.png","type":"image\/png"}],"twitter_card":"summary_large_image","schema":{"@context":"https:\/\/schema.org","@graph":[{"@type":"WebPage","@id":"https:\/\/asteralabs.org\/pl\/product\/sex-hard-strong-mix-viagra-cialis-dapoxetine-hcl\/","url":"https:\/\/asteralabs.org\/pl\/product\/sex-hard-strong-mix-viagra-cialis-dapoxetine-hcl\/","name":"Sex Hard &amp; Strong Mix (Viagra + Cialis + Dapoxetine HCL) - Astera Labs","isPartOf":{"@id":"https:\/\/asteralabs.org\/pl\/#website"},"primaryImageOfPage":{"@id":"https:\/\/asteralabs.org\/pl\/product\/sex-hard-strong-mix-viagra-cialis-dapoxetine-hcl\/#primaryimage"},"image":{"@id":"https:\/\/asteralabs.org\/pl\/product\/sex-hard-strong-mix-viagra-cialis-dapoxetine-hcl\/#primaryimage"},"thumbnailUrl":"https:\/\/asteralabs.org\/wp-content\/uploads\/2023\/01\/Sex-hard-strong-mix-mockup-nbg.png","datePublished":"2023-01-10T22:23:05+00:00","dateModified":"2026-01-15T14:22:55+00:00","breadcrumb":{"@id":"https:\/\/asteralabs.org\/pl\/product\/sex-hard-strong-mix-viagra-cialis-dapoxetine-hcl\/#breadcrumb"},"inLanguage":"pl-PL","potentialAction":[{"@type":"ReadAction","target":["https:\/\/asteralabs.org\/pl\/product\/sex-hard-strong-mix-viagra-cialis-dapoxetine-hcl\/"]}]},{"@type":"ImageObject","inLanguage":"pl-PL","@id":"https:\/\/asteralabs.org\/pl\/product\/sex-hard-strong-mix-viagra-cialis-dapoxetine-hcl\/#primaryimage","url":"https:\/\/asteralabs.org\/wp-content\/uploads\/2023\/01\/Sex-hard-strong-mix-mockup-nbg.png","contentUrl":"https:\/\/asteralabs.org\/wp-content\/uploads\/2023\/01\/Sex-hard-strong-mix-mockup-nbg.png","width":2000,"height":2000},{"@type":"BreadcrumbList","@id":"https:\/\/asteralabs.org\/pl\/product\/sex-hard-strong-mix-viagra-cialis-dapoxetine-hcl\/#breadcrumb","itemListElement":[{"@type":"ListItem","position":1,"name":"Home","item":"https:\/\/asteralabs.org\/pl\/"},{"@type":"ListItem","position":2,"name":"Sklep","item":"https:\/\/asteralabs.org\/pl\/sklep\/"},{"@type":"ListItem","position":3,"name":"Sex Hard &amp; Strong Mix (Viagra + Cialis + Dapoxetine HCL)"}]},{"@type":"WebSite","@id":"https:\/\/asteralabs.org\/pl\/#website","url":"https:\/\/asteralabs.org\/pl\/","name":"Astera Labs","description":"Improve Your Quality Of Life","publisher":{"@id":"https:\/\/asteralabs.org\/pl\/#organization"},"potentialAction":[{"@type":"SearchAction","target":{"@type":"EntryPoint","urlTemplate":"https:\/\/asteralabs.org\/pl\/?s={search_term_string}"},"query-input":{"@type":"PropertyValueSpecification","valueRequired":true,"valueName":"search_term_string"}}],"inLanguage":"pl-PL"},{"@type":"Organization","@id":"https:\/\/asteralabs.org\/pl\/#organization","name":"Astera Labs","url":"https:\/\/asteralabs.org\/pl\/","logo":{"@type":"ImageObject","inLanguage":"pl-PL","@id":"https:\/\/asteralabs.org\/pl\/#\/schema\/logo\/image\/","url":"https:\/\/asteralabs.org\/wp-content\/uploads\/2022\/12\/astera-2.png","contentUrl":"https:\/\/asteralabs.org\/wp-content\/uploads\/2022\/12\/astera-2.png","width":437,"height":111,"caption":"Astera Labs"},"image":{"@id":"https:\/\/asteralabs.org\/pl\/#\/schema\/logo\/image\/"}}]}},"_links":{"self":[{"href":"https:\/\/asteralabs.org\/pl\/wp-json\/wp\/v2\/product\/77738","targetHints":{"allow":["GET"]}}],"collection":[{"href":"https:\/\/asteralabs.org\/pl\/wp-json\/wp\/v2\/product"}],"about":[{"href":"https:\/\/asteralabs.org\/pl\/wp-json\/wp\/v2\/types\/product"}],"replies":[{"embeddable":true,"href":"https:\/\/asteralabs.org\/pl\/wp-json\/wp\/v2\/comments?post=77738"}],"version-history":[{"count":2,"href":"https:\/\/asteralabs.org\/pl\/wp-json\/wp\/v2\/product\/77738\/revisions"}],"predecessor-version":[{"id":80016,"href":"https:\/\/asteralabs.org\/pl\/wp-json\/wp\/v2\/product\/77738\/revisions\/80016"}],"wp:featuredmedia":[{"embeddable":true,"href":"https:\/\/asteralabs.org\/pl\/wp-json\/wp\/v2\/media\/76196"}],"wp:attachment":[{"href":"https:\/\/asteralabs.org\/pl\/wp-json\/wp\/v2\/media?parent=77738"}],"wp:term":[{"taxonomy":"product_brand","embeddable":true,"href":"https:\/\/asteralabs.org\/pl\/wp-json\/wp\/v2\/product_brand?post=77738"},{"taxonomy":"product_cat","embeddable":true,"href":"https:\/\/asteralabs.org\/pl\/wp-json\/wp\/v2\/product_cat?post=77738"},{"taxonomy":"product_tag","embeddable":true,"href":"https:\/\/asteralabs.org\/pl\/wp-json\/wp\/v2\/product_tag?post=77738"}],"curies":[{"name":"wp","href":"https:\/\/api.w.org\/{rel}","templated":true}]}}