{"id":77752,"date":"2023-01-10T22:21:28","date_gmt":"2023-01-10T22:21:28","guid":{"rendered":"https:\/\/asteralabs.org\/product\/metylodrostanolon-superdrol\/"},"modified":"2026-01-16T10:09:06","modified_gmt":"2026-01-16T10:09:06","slug":"metylodrostanolon-superdrol","status":"publish","type":"product","link":"https:\/\/asteralabs.org\/pl\/product\/metylodrostanolon-superdrol\/","title":{"rendered":"Metylodrostanolon (Superdrol)"},"content":{"rendered":"<p><strong>DAWKOWANIE: <\/strong><br \/>\nMethyldrostanolone 10mg\/tab <strong>ZAWARTO\u015a\u0106 OPAKOWANIA: <\/strong><br \/>\n1 satchet, 50tabs, 10 mg na tab <strong>CO TO JEST: <\/strong><br \/>\nMethyldrosnanolone znany r\u00f3wnie\u017c jako Superdrol jest najpot\u0119\u017cniejszym istniej\u0105cym doustnym sterydem. Jest to metylowana modyfikacja drostanolonu, ale nie wygl\u0105da na to, ma wysok\u0105 moc anaboliczn\u0105 i androgenn\u0105 i mo\u017ce by\u0107 stosowana w obj\u0119to\u015bci, ci\u0119ciu lub na etapach si\u0142owych i podobnie jak Anadrol nasyca z\u0142ogi glikogenu. Jest to bardzo hepatotoksyczny steryd. <strong>JAK STOSOWA\u0106: <\/strong><br \/>\nDawka 10mg jest ju\u017c bardzo skuteczna, ale cz\u0119sto stosuje si\u0119 dawki do 20-30mg dziennie. Zalecamy stosowanie przez maksymalnie 4 tygodnie. Zalecamy dzielenie dawki dwa razy dziennie. Powinien by\u0107 stosowany w po\u0142\u0105czeniu z protektorem w\u0105troby, takim jak TUDCA. <strong>INFORMACJE O PARTII:<br \/>\n<\/strong>Nr partii: <span data-sheets-root=\"1\" data-sheets-value=\"{\" data-sheets-userformat=\"{\">VA38269<\/span><br \/>\nData produkcji: <span data-sheets-root=\"1\" data-sheets-value=\"{\" data-sheets-userformat=\"{\">10.2025.<\/span><br \/>\nData wa\u017cno\u015bci: <span data-sheets-root=\"1\" data-sheets-value=\"{\" data-sheets-userformat=\"{\">10.2028.<\/span><\/p>\n","protected":false},"excerpt":{"rendered":"<p>DAWKOWANIE: Methyldrostanolone 10mg\/tab ZAWARTO\u015a\u0106 OPAKOWANIA: 1 satchet, 50tabs, 10 mg na tab CO TO JEST: Methyldrosnanolone znany r\u00f3wnie\u017c jako Superdrol jest najpot\u0119\u017cniejszym istniej\u0105cym doustnym sterydem. Jest to metylowana modyfikacja drostanolonu, ale nie wygl\u0105da na to, ma wysok\u0105 moc anaboliczn\u0105 i androgenn\u0105 i mo\u017ce by\u0107 stosowana w obj\u0119to\u015bci, ci\u0119ciu lub na etapach si\u0142owych i podobnie jak&hellip;<\/p>\n","protected":false},"featured_media":76300,"comment_status":"open","ping_status":"closed","template":"","meta":{"_acf_changed":false},"product_brand":[],"product_cat":[167,180],"product_tag":[],"class_list":{"0":"post-77752","1":"product","2":"type-product","3":"status-publish","4":"has-post-thumbnail","6":"product_cat-all-pl","7":"product_cat-orals-pl","8":"description-off","10":"first","11":"instock","12":"shipping-taxable","13":"product-type-simple"},"acf":[],"yoast_head":"<!-- This site is optimized with the Yoast SEO plugin v27.4 - https:\/\/yoast.com\/product\/yoast-seo-wordpress\/ -->\n<title>Metylodrostanolon (Superdrol) - Astera Labs<\/title>\n<meta name=\"robots\" content=\"index, follow, max-snippet:-1, max-image-preview:large, max-video-preview:-1\" \/>\n<link rel=\"canonical\" href=\"https:\/\/asteralabs.org\/pl\/product\/metylodrostanolon-superdrol\/\" \/>\n<meta property=\"og:locale\" content=\"pl_PL\" \/>\n<meta property=\"og:type\" content=\"article\" \/>\n<meta property=\"og:title\" content=\"Metylodrostanolon (Superdrol) - Astera Labs\" \/>\n<meta property=\"og:description\" content=\"DAWKOWANIE: Methyldrostanolone 10mg\/tab ZAWARTO\u015a\u0106 OPAKOWANIA: 1 satchet, 50tabs, 10 mg na tab CO TO JEST: Methyldrosnanolone znany r\u00f3wnie\u017c jako Superdrol jest najpot\u0119\u017cniejszym istniej\u0105cym doustnym sterydem. Jest to metylowana modyfikacja drostanolonu, ale nie wygl\u0105da na to, ma wysok\u0105 moc anaboliczn\u0105 i androgenn\u0105 i mo\u017ce by\u0107 stosowana w obj\u0119to\u015bci, ci\u0119ciu lub na etapach si\u0142owych i podobnie jak&hellip;\" \/>\n<meta property=\"og:url\" content=\"https:\/\/asteralabs.org\/pl\/product\/metylodrostanolon-superdrol\/\" \/>\n<meta property=\"og:site_name\" content=\"Astera Labs\" \/>\n<meta property=\"article:modified_time\" content=\"2026-01-16T10:09:06+00:00\" \/>\n<meta property=\"og:image\" content=\"https:\/\/asteralabs.org\/wp-content\/uploads\/2023\/01\/Methyldrostanolone-superdrol-mockup-nbg.png\" \/>\n\t<meta property=\"og:image:width\" content=\"2000\" \/>\n\t<meta property=\"og:image:height\" content=\"2000\" \/>\n\t<meta property=\"og:image:type\" content=\"image\/png\" \/>\n<meta name=\"twitter:card\" content=\"summary_large_image\" \/>\n<script type=\"application\/ld+json\" class=\"yoast-schema-graph\">{\"@context\":\"https:\\\/\\\/schema.org\",\"@graph\":[{\"@type\":\"WebPage\",\"@id\":\"https:\\\/\\\/asteralabs.org\\\/pl\\\/product\\\/metylodrostanolon-superdrol\\\/\",\"url\":\"https:\\\/\\\/asteralabs.org\\\/pl\\\/product\\\/metylodrostanolon-superdrol\\\/\",\"name\":\"Metylodrostanolon (Superdrol) - Astera Labs\",\"isPartOf\":{\"@id\":\"https:\\\/\\\/asteralabs.org\\\/pl\\\/#website\"},\"primaryImageOfPage\":{\"@id\":\"https:\\\/\\\/asteralabs.org\\\/pl\\\/product\\\/metylodrostanolon-superdrol\\\/#primaryimage\"},\"image\":{\"@id\":\"https:\\\/\\\/asteralabs.org\\\/pl\\\/product\\\/metylodrostanolon-superdrol\\\/#primaryimage\"},\"thumbnailUrl\":\"https:\\\/\\\/asteralabs.org\\\/wp-content\\\/uploads\\\/2023\\\/01\\\/Methyldrostanolone-superdrol-mockup-nbg.png\",\"datePublished\":\"2023-01-10T22:21:28+00:00\",\"dateModified\":\"2026-01-16T10:09:06+00:00\",\"breadcrumb\":{\"@id\":\"https:\\\/\\\/asteralabs.org\\\/pl\\\/product\\\/metylodrostanolon-superdrol\\\/#breadcrumb\"},\"inLanguage\":\"pl-PL\",\"potentialAction\":[{\"@type\":\"ReadAction\",\"target\":[\"https:\\\/\\\/asteralabs.org\\\/pl\\\/product\\\/metylodrostanolon-superdrol\\\/\"]}]},{\"@type\":\"ImageObject\",\"inLanguage\":\"pl-PL\",\"@id\":\"https:\\\/\\\/asteralabs.org\\\/pl\\\/product\\\/metylodrostanolon-superdrol\\\/#primaryimage\",\"url\":\"https:\\\/\\\/asteralabs.org\\\/wp-content\\\/uploads\\\/2023\\\/01\\\/Methyldrostanolone-superdrol-mockup-nbg.png\",\"contentUrl\":\"https:\\\/\\\/asteralabs.org\\\/wp-content\\\/uploads\\\/2023\\\/01\\\/Methyldrostanolone-superdrol-mockup-nbg.png\",\"width\":2000,\"height\":2000},{\"@type\":\"BreadcrumbList\",\"@id\":\"https:\\\/\\\/asteralabs.org\\\/pl\\\/product\\\/metylodrostanolon-superdrol\\\/#breadcrumb\",\"itemListElement\":[{\"@type\":\"ListItem\",\"position\":1,\"name\":\"Home\",\"item\":\"https:\\\/\\\/asteralabs.org\\\/pl\\\/\"},{\"@type\":\"ListItem\",\"position\":2,\"name\":\"Shop\",\"item\":\"https:\\\/\\\/asteralabs.org\\\/shop\\\/\"},{\"@type\":\"ListItem\",\"position\":3,\"name\":\"Metylodrostanolon (Superdrol)\"}]},{\"@type\":\"WebSite\",\"@id\":\"https:\\\/\\\/asteralabs.org\\\/pl\\\/#website\",\"url\":\"https:\\\/\\\/asteralabs.org\\\/pl\\\/\",\"name\":\"Astera Labs\",\"description\":\"Improve Your Quality Of Life\",\"publisher\":{\"@id\":\"https:\\\/\\\/asteralabs.org\\\/pl\\\/#organization\"},\"potentialAction\":[{\"@type\":\"SearchAction\",\"target\":{\"@type\":\"EntryPoint\",\"urlTemplate\":\"https:\\\/\\\/asteralabs.org\\\/pl\\\/?s={search_term_string}\"},\"query-input\":{\"@type\":\"PropertyValueSpecification\",\"valueRequired\":true,\"valueName\":\"search_term_string\"}}],\"inLanguage\":\"pl-PL\"},{\"@type\":\"Organization\",\"@id\":\"https:\\\/\\\/asteralabs.org\\\/pl\\\/#organization\",\"name\":\"Astera Labs\",\"url\":\"https:\\\/\\\/asteralabs.org\\\/pl\\\/\",\"logo\":{\"@type\":\"ImageObject\",\"inLanguage\":\"pl-PL\",\"@id\":\"https:\\\/\\\/asteralabs.org\\\/pl\\\/#\\\/schema\\\/logo\\\/image\\\/\",\"url\":\"https:\\\/\\\/asteralabs.org\\\/wp-content\\\/uploads\\\/2022\\\/12\\\/astera-2.png\",\"contentUrl\":\"https:\\\/\\\/asteralabs.org\\\/wp-content\\\/uploads\\\/2022\\\/12\\\/astera-2.png\",\"width\":437,\"height\":111,\"caption\":\"Astera Labs\"},\"image\":{\"@id\":\"https:\\\/\\\/asteralabs.org\\\/pl\\\/#\\\/schema\\\/logo\\\/image\\\/\"}}]}<\/script>\n<!-- \/ Yoast SEO plugin. -->","yoast_head_json":{"title":"Metylodrostanolon (Superdrol) - Astera Labs","robots":{"index":"index","follow":"follow","max-snippet":"max-snippet:-1","max-image-preview":"max-image-preview:large","max-video-preview":"max-video-preview:-1"},"canonical":"https:\/\/asteralabs.org\/pl\/product\/metylodrostanolon-superdrol\/","og_locale":"pl_PL","og_type":"article","og_title":"Metylodrostanolon (Superdrol) - Astera Labs","og_description":"DAWKOWANIE: Methyldrostanolone 10mg\/tab ZAWARTO\u015a\u0106 OPAKOWANIA: 1 satchet, 50tabs, 10 mg na tab CO TO JEST: Methyldrosnanolone znany r\u00f3wnie\u017c jako Superdrol jest najpot\u0119\u017cniejszym istniej\u0105cym doustnym sterydem. Jest to metylowana modyfikacja drostanolonu, ale nie wygl\u0105da na to, ma wysok\u0105 moc anaboliczn\u0105 i androgenn\u0105 i mo\u017ce by\u0107 stosowana w obj\u0119to\u015bci, ci\u0119ciu lub na etapach si\u0142owych i podobnie jak&hellip;","og_url":"https:\/\/asteralabs.org\/pl\/product\/metylodrostanolon-superdrol\/","og_site_name":"Astera Labs","article_modified_time":"2026-01-16T10:09:06+00:00","og_image":[{"width":2000,"height":2000,"url":"https:\/\/asteralabs.org\/wp-content\/uploads\/2023\/01\/Methyldrostanolone-superdrol-mockup-nbg.png","type":"image\/png"}],"twitter_card":"summary_large_image","schema":{"@context":"https:\/\/schema.org","@graph":[{"@type":"WebPage","@id":"https:\/\/asteralabs.org\/pl\/product\/metylodrostanolon-superdrol\/","url":"https:\/\/asteralabs.org\/pl\/product\/metylodrostanolon-superdrol\/","name":"Metylodrostanolon (Superdrol) - Astera Labs","isPartOf":{"@id":"https:\/\/asteralabs.org\/pl\/#website"},"primaryImageOfPage":{"@id":"https:\/\/asteralabs.org\/pl\/product\/metylodrostanolon-superdrol\/#primaryimage"},"image":{"@id":"https:\/\/asteralabs.org\/pl\/product\/metylodrostanolon-superdrol\/#primaryimage"},"thumbnailUrl":"https:\/\/asteralabs.org\/wp-content\/uploads\/2023\/01\/Methyldrostanolone-superdrol-mockup-nbg.png","datePublished":"2023-01-10T22:21:28+00:00","dateModified":"2026-01-16T10:09:06+00:00","breadcrumb":{"@id":"https:\/\/asteralabs.org\/pl\/product\/metylodrostanolon-superdrol\/#breadcrumb"},"inLanguage":"pl-PL","potentialAction":[{"@type":"ReadAction","target":["https:\/\/asteralabs.org\/pl\/product\/metylodrostanolon-superdrol\/"]}]},{"@type":"ImageObject","inLanguage":"pl-PL","@id":"https:\/\/asteralabs.org\/pl\/product\/metylodrostanolon-superdrol\/#primaryimage","url":"https:\/\/asteralabs.org\/wp-content\/uploads\/2023\/01\/Methyldrostanolone-superdrol-mockup-nbg.png","contentUrl":"https:\/\/asteralabs.org\/wp-content\/uploads\/2023\/01\/Methyldrostanolone-superdrol-mockup-nbg.png","width":2000,"height":2000},{"@type":"BreadcrumbList","@id":"https:\/\/asteralabs.org\/pl\/product\/metylodrostanolon-superdrol\/#breadcrumb","itemListElement":[{"@type":"ListItem","position":1,"name":"Home","item":"https:\/\/asteralabs.org\/pl\/"},{"@type":"ListItem","position":2,"name":"Shop","item":"https:\/\/asteralabs.org\/shop\/"},{"@type":"ListItem","position":3,"name":"Metylodrostanolon (Superdrol)"}]},{"@type":"WebSite","@id":"https:\/\/asteralabs.org\/pl\/#website","url":"https:\/\/asteralabs.org\/pl\/","name":"Astera Labs","description":"Improve Your Quality Of Life","publisher":{"@id":"https:\/\/asteralabs.org\/pl\/#organization"},"potentialAction":[{"@type":"SearchAction","target":{"@type":"EntryPoint","urlTemplate":"https:\/\/asteralabs.org\/pl\/?s={search_term_string}"},"query-input":{"@type":"PropertyValueSpecification","valueRequired":true,"valueName":"search_term_string"}}],"inLanguage":"pl-PL"},{"@type":"Organization","@id":"https:\/\/asteralabs.org\/pl\/#organization","name":"Astera Labs","url":"https:\/\/asteralabs.org\/pl\/","logo":{"@type":"ImageObject","inLanguage":"pl-PL","@id":"https:\/\/asteralabs.org\/pl\/#\/schema\/logo\/image\/","url":"https:\/\/asteralabs.org\/wp-content\/uploads\/2022\/12\/astera-2.png","contentUrl":"https:\/\/asteralabs.org\/wp-content\/uploads\/2022\/12\/astera-2.png","width":437,"height":111,"caption":"Astera Labs"},"image":{"@id":"https:\/\/asteralabs.org\/pl\/#\/schema\/logo\/image\/"}}]}},"_links":{"self":[{"href":"https:\/\/asteralabs.org\/pl\/wp-json\/wp\/v2\/product\/77752","targetHints":{"allow":["GET"]}}],"collection":[{"href":"https:\/\/asteralabs.org\/pl\/wp-json\/wp\/v2\/product"}],"about":[{"href":"https:\/\/asteralabs.org\/pl\/wp-json\/wp\/v2\/types\/product"}],"replies":[{"embeddable":true,"href":"https:\/\/asteralabs.org\/pl\/wp-json\/wp\/v2\/comments?post=77752"}],"version-history":[{"count":0,"href":"https:\/\/asteralabs.org\/pl\/wp-json\/wp\/v2\/product\/77752\/revisions"}],"wp:featuredmedia":[{"embeddable":true,"href":"https:\/\/asteralabs.org\/pl\/wp-json\/wp\/v2\/media\/76300"}],"wp:attachment":[{"href":"https:\/\/asteralabs.org\/pl\/wp-json\/wp\/v2\/media?parent=77752"}],"wp:term":[{"taxonomy":"product_brand","embeddable":true,"href":"https:\/\/asteralabs.org\/pl\/wp-json\/wp\/v2\/product_brand?post=77752"},{"taxonomy":"product_cat","embeddable":true,"href":"https:\/\/asteralabs.org\/pl\/wp-json\/wp\/v2\/product_cat?post=77752"},{"taxonomy":"product_tag","embeddable":true,"href":"https:\/\/asteralabs.org\/pl\/wp-json\/wp\/v2\/product_tag?post=77752"}],"curies":[{"name":"wp","href":"https:\/\/api.w.org\/{rel}","templated":true}]}}