{"id":77759,"date":"2023-01-10T22:19:43","date_gmt":"2023-01-10T22:19:43","guid":{"rendered":"https:\/\/asteralabs.org\/product\/mesterolon\/"},"modified":"2026-01-16T09:38:14","modified_gmt":"2026-01-16T09:38:14","slug":"mesterolon","status":"publish","type":"product","link":"https:\/\/asteralabs.org\/pl\/product\/mesterolon\/","title":{"rendered":"Mesterolon"},"content":{"rendered":"<p><strong>DAWKOWANIE: <\/strong><br \/>\nMesterolone 50mg\/tab <strong>ZAWARTO\u015a\u0106 OPAKOWANIA: <\/strong><br \/>\n1 satchet, 50tabs, 50 mg na tab <strong>CO TO JEST: <\/strong><br \/>\nMesterolon jest androgenem i sterydem anabolicznym stosowanym w leczeniu niedoboru androgen\u00f3w i wspomaganiu m\u0119skiej p\u0142odno\u015bci, by\u0142 r\u00f3wnie\u017c stosowany w leczeniu op\u00f3\u017anionego dojrzewania u ch\u0142opc\u00f3w. Poniewa\u017c nie ma dzia\u0142ania estrogennego, mesterolon mo\u017ce by\u0107 wskazany w leczeniu przypadk\u00f3w niedoboru androgen\u00f3w, w kt\u00f3rych wyst\u0119puje r\u00f3wnie\u017c ginekomastia. <strong>JAK STOSOWA\u0106: <\/strong><br \/>\nJego najcz\u0119stszym zastosowaniem jest wsparcie androgenne, przydatne w celu zwi\u0119kszenia libido, spalenia wi\u0119kszej ilo\u015bci t\u0142uszczu lub unikni\u0119cia skutk\u00f3w ubocznych innych substancji, takich jak nandrolon. Dawki r\u00f3\u017cni\u0105 si\u0119 w zale\u017cno\u015bci od tego, co jest wymagane, najcz\u0119\u015bciej 50-100 mg, zalecam podzielenie dawki na dwie dawki dzienne. Proviron jest zwykle wolny od powa\u017cnych skutk\u00f3w ubocznych. <strong>INFORMACJE O PARTII:<br \/>\n<\/strong>Nr partii: <span data-sheets-root=\"1\" data-sheets-value=\"{\" data-sheets-userformat=\"{\">GZ77347<\/span><br \/>\nData produkcji: <span data-sheets-root=\"1\" data-sheets-value=\"{\" data-sheets-userformat=\"{\">10.2025.<\/span><br \/>\nData wa\u017cno\u015bci: <span data-sheets-root=\"1\" data-sheets-value=\"{\" data-sheets-userformat=\"{\">10.2028.<\/span><\/p>\n","protected":false},"excerpt":{"rendered":"<p>DAWKOWANIE: Mesterolone 50mg\/tab ZAWARTO\u015a\u0106 OPAKOWANIA: 1 satchet, 50tabs, 50 mg na tab CO TO JEST: Mesterolon jest androgenem i sterydem anabolicznym stosowanym w leczeniu niedoboru androgen\u00f3w i wspomaganiu m\u0119skiej p\u0142odno\u015bci, by\u0142 r\u00f3wnie\u017c stosowany w leczeniu op\u00f3\u017anionego dojrzewania u ch\u0142opc\u00f3w. Poniewa\u017c nie ma dzia\u0142ania estrogennego, mesterolon mo\u017ce by\u0107 wskazany w leczeniu przypadk\u00f3w niedoboru androgen\u00f3w, w kt\u00f3rych&hellip;<\/p>\n","protected":false},"featured_media":76276,"comment_status":"open","ping_status":"closed","template":"","meta":[],"product_cat":[167,180],"product_tag":[],"yoast_head":"<!-- This site is optimized with the Yoast SEO plugin v23.0 - https:\/\/yoast.com\/wordpress\/plugins\/seo\/ -->\n<title>Mesterolon - Astera Labs<\/title>\n<meta name=\"robots\" content=\"index, follow, max-snippet:-1, max-image-preview:large, max-video-preview:-1\" \/>\n<link rel=\"canonical\" href=\"https:\/\/asteralabs.org\/pl\/product\/mesterolon\/\" \/>\n<meta property=\"og:locale\" content=\"pl_PL\" \/>\n<meta property=\"og:type\" content=\"article\" \/>\n<meta property=\"og:title\" content=\"Mesterolon - Astera Labs\" \/>\n<meta property=\"og:description\" content=\"DAWKOWANIE: Mesterolone 50mg\/tab ZAWARTO\u015a\u0106 OPAKOWANIA: 1 satchet, 50tabs, 50 mg na tab CO TO JEST: Mesterolon jest androgenem i sterydem anabolicznym stosowanym w leczeniu niedoboru androgen\u00f3w i wspomaganiu m\u0119skiej p\u0142odno\u015bci, by\u0142 r\u00f3wnie\u017c stosowany w leczeniu op\u00f3\u017anionego dojrzewania u ch\u0142opc\u00f3w. Poniewa\u017c nie ma dzia\u0142ania estrogennego, mesterolon mo\u017ce by\u0107 wskazany w leczeniu przypadk\u00f3w niedoboru androgen\u00f3w, w kt\u00f3rych&hellip;\" \/>\n<meta property=\"og:url\" content=\"https:\/\/asteralabs.org\/pl\/product\/mesterolon\/\" \/>\n<meta property=\"og:site_name\" content=\"Astera Labs\" \/>\n<meta property=\"article:modified_time\" content=\"2026-01-16T09:38:14+00:00\" \/>\n<meta property=\"og:image\" content=\"https:\/\/asteralabs.org\/wp-content\/uploads\/2023\/01\/Mesterolone-mockup-nbg.png\" \/>\n\t<meta property=\"og:image:width\" content=\"2000\" \/>\n\t<meta property=\"og:image:height\" content=\"2000\" \/>\n\t<meta property=\"og:image:type\" content=\"image\/png\" \/>\n<meta name=\"twitter:card\" content=\"summary_large_image\" \/>\n<script type=\"application\/ld+json\" class=\"yoast-schema-graph\">{\"@context\":\"https:\/\/schema.org\",\"@graph\":[{\"@type\":\"WebPage\",\"@id\":\"https:\/\/asteralabs.org\/pl\/product\/mesterolon\/\",\"url\":\"https:\/\/asteralabs.org\/pl\/product\/mesterolon\/\",\"name\":\"Mesterolon - Astera Labs\",\"isPartOf\":{\"@id\":\"https:\/\/asteralabs.org\/pl\/#website\"},\"primaryImageOfPage\":{\"@id\":\"https:\/\/asteralabs.org\/pl\/product\/mesterolon\/#primaryimage\"},\"image\":{\"@id\":\"https:\/\/asteralabs.org\/pl\/product\/mesterolon\/#primaryimage\"},\"thumbnailUrl\":\"https:\/\/asteralabs.org\/wp-content\/uploads\/2023\/01\/Mesterolone-mockup-nbg.png\",\"datePublished\":\"2023-01-10T22:19:43+00:00\",\"dateModified\":\"2026-01-16T09:38:14+00:00\",\"breadcrumb\":{\"@id\":\"https:\/\/asteralabs.org\/pl\/product\/mesterolon\/#breadcrumb\"},\"inLanguage\":\"pl-PL\",\"potentialAction\":[{\"@type\":\"ReadAction\",\"target\":[\"https:\/\/asteralabs.org\/pl\/product\/mesterolon\/\"]}]},{\"@type\":\"ImageObject\",\"inLanguage\":\"pl-PL\",\"@id\":\"https:\/\/asteralabs.org\/pl\/product\/mesterolon\/#primaryimage\",\"url\":\"https:\/\/asteralabs.org\/wp-content\/uploads\/2023\/01\/Mesterolone-mockup-nbg.png\",\"contentUrl\":\"https:\/\/asteralabs.org\/wp-content\/uploads\/2023\/01\/Mesterolone-mockup-nbg.png\",\"width\":2000,\"height\":2000},{\"@type\":\"BreadcrumbList\",\"@id\":\"https:\/\/asteralabs.org\/pl\/product\/mesterolon\/#breadcrumb\",\"itemListElement\":[{\"@type\":\"ListItem\",\"position\":1,\"name\":\"Home\",\"item\":\"https:\/\/asteralabs.org\/pl\/\"},{\"@type\":\"ListItem\",\"position\":2,\"name\":\"Sklep\",\"item\":\"https:\/\/asteralabs.org\/sklep\/\"},{\"@type\":\"ListItem\",\"position\":3,\"name\":\"Mesterolon\"}]},{\"@type\":\"WebSite\",\"@id\":\"https:\/\/asteralabs.org\/pl\/#website\",\"url\":\"https:\/\/asteralabs.org\/pl\/\",\"name\":\"Astera Labs\",\"description\":\"Improve Your Quality Of Life\",\"publisher\":{\"@id\":\"https:\/\/asteralabs.org\/pl\/#organization\"},\"potentialAction\":[{\"@type\":\"SearchAction\",\"target\":{\"@type\":\"EntryPoint\",\"urlTemplate\":\"https:\/\/asteralabs.org\/pl\/?s={search_term_string}\"},\"query-input\":\"required name=search_term_string\"}],\"inLanguage\":\"pl-PL\"},{\"@type\":\"Organization\",\"@id\":\"https:\/\/asteralabs.org\/pl\/#organization\",\"name\":\"Astera Labs\",\"url\":\"https:\/\/asteralabs.org\/pl\/\",\"logo\":{\"@type\":\"ImageObject\",\"inLanguage\":\"pl-PL\",\"@id\":\"https:\/\/asteralabs.org\/pl\/#\/schema\/logo\/image\/\",\"url\":\"https:\/\/asteralabs.org\/wp-content\/uploads\/2022\/12\/astera-2.png\",\"contentUrl\":\"https:\/\/asteralabs.org\/wp-content\/uploads\/2022\/12\/astera-2.png\",\"width\":437,\"height\":111,\"caption\":\"Astera Labs\"},\"image\":{\"@id\":\"https:\/\/asteralabs.org\/pl\/#\/schema\/logo\/image\/\"}}]}<\/script>\n<!-- \/ Yoast SEO plugin. -->","yoast_head_json":{"title":"Mesterolon - Astera Labs","robots":{"index":"index","follow":"follow","max-snippet":"max-snippet:-1","max-image-preview":"max-image-preview:large","max-video-preview":"max-video-preview:-1"},"canonical":"https:\/\/asteralabs.org\/pl\/product\/mesterolon\/","og_locale":"pl_PL","og_type":"article","og_title":"Mesterolon - Astera Labs","og_description":"DAWKOWANIE: Mesterolone 50mg\/tab ZAWARTO\u015a\u0106 OPAKOWANIA: 1 satchet, 50tabs, 50 mg na tab CO TO JEST: Mesterolon jest androgenem i sterydem anabolicznym stosowanym w leczeniu niedoboru androgen\u00f3w i wspomaganiu m\u0119skiej p\u0142odno\u015bci, by\u0142 r\u00f3wnie\u017c stosowany w leczeniu op\u00f3\u017anionego dojrzewania u ch\u0142opc\u00f3w. Poniewa\u017c nie ma dzia\u0142ania estrogennego, mesterolon mo\u017ce by\u0107 wskazany w leczeniu przypadk\u00f3w niedoboru androgen\u00f3w, w kt\u00f3rych&hellip;","og_url":"https:\/\/asteralabs.org\/pl\/product\/mesterolon\/","og_site_name":"Astera Labs","article_modified_time":"2026-01-16T09:38:14+00:00","og_image":[{"width":2000,"height":2000,"url":"https:\/\/asteralabs.org\/wp-content\/uploads\/2023\/01\/Mesterolone-mockup-nbg.png","type":"image\/png"}],"twitter_card":"summary_large_image","schema":{"@context":"https:\/\/schema.org","@graph":[{"@type":"WebPage","@id":"https:\/\/asteralabs.org\/pl\/product\/mesterolon\/","url":"https:\/\/asteralabs.org\/pl\/product\/mesterolon\/","name":"Mesterolon - Astera Labs","isPartOf":{"@id":"https:\/\/asteralabs.org\/pl\/#website"},"primaryImageOfPage":{"@id":"https:\/\/asteralabs.org\/pl\/product\/mesterolon\/#primaryimage"},"image":{"@id":"https:\/\/asteralabs.org\/pl\/product\/mesterolon\/#primaryimage"},"thumbnailUrl":"https:\/\/asteralabs.org\/wp-content\/uploads\/2023\/01\/Mesterolone-mockup-nbg.png","datePublished":"2023-01-10T22:19:43+00:00","dateModified":"2026-01-16T09:38:14+00:00","breadcrumb":{"@id":"https:\/\/asteralabs.org\/pl\/product\/mesterolon\/#breadcrumb"},"inLanguage":"pl-PL","potentialAction":[{"@type":"ReadAction","target":["https:\/\/asteralabs.org\/pl\/product\/mesterolon\/"]}]},{"@type":"ImageObject","inLanguage":"pl-PL","@id":"https:\/\/asteralabs.org\/pl\/product\/mesterolon\/#primaryimage","url":"https:\/\/asteralabs.org\/wp-content\/uploads\/2023\/01\/Mesterolone-mockup-nbg.png","contentUrl":"https:\/\/asteralabs.org\/wp-content\/uploads\/2023\/01\/Mesterolone-mockup-nbg.png","width":2000,"height":2000},{"@type":"BreadcrumbList","@id":"https:\/\/asteralabs.org\/pl\/product\/mesterolon\/#breadcrumb","itemListElement":[{"@type":"ListItem","position":1,"name":"Home","item":"https:\/\/asteralabs.org\/pl\/"},{"@type":"ListItem","position":2,"name":"Sklep","item":"https:\/\/asteralabs.org\/sklep\/"},{"@type":"ListItem","position":3,"name":"Mesterolon"}]},{"@type":"WebSite","@id":"https:\/\/asteralabs.org\/pl\/#website","url":"https:\/\/asteralabs.org\/pl\/","name":"Astera Labs","description":"Improve Your Quality Of Life","publisher":{"@id":"https:\/\/asteralabs.org\/pl\/#organization"},"potentialAction":[{"@type":"SearchAction","target":{"@type":"EntryPoint","urlTemplate":"https:\/\/asteralabs.org\/pl\/?s={search_term_string}"},"query-input":"required name=search_term_string"}],"inLanguage":"pl-PL"},{"@type":"Organization","@id":"https:\/\/asteralabs.org\/pl\/#organization","name":"Astera Labs","url":"https:\/\/asteralabs.org\/pl\/","logo":{"@type":"ImageObject","inLanguage":"pl-PL","@id":"https:\/\/asteralabs.org\/pl\/#\/schema\/logo\/image\/","url":"https:\/\/asteralabs.org\/wp-content\/uploads\/2022\/12\/astera-2.png","contentUrl":"https:\/\/asteralabs.org\/wp-content\/uploads\/2022\/12\/astera-2.png","width":437,"height":111,"caption":"Astera Labs"},"image":{"@id":"https:\/\/asteralabs.org\/pl\/#\/schema\/logo\/image\/"}}]}},"_links":{"self":[{"href":"https:\/\/asteralabs.org\/pl\/wp-json\/wp\/v2\/product\/77759"}],"collection":[{"href":"https:\/\/asteralabs.org\/pl\/wp-json\/wp\/v2\/product"}],"about":[{"href":"https:\/\/asteralabs.org\/pl\/wp-json\/wp\/v2\/types\/product"}],"replies":[{"embeddable":true,"href":"https:\/\/asteralabs.org\/pl\/wp-json\/wp\/v2\/comments?post=77759"}],"version-history":[{"count":0,"href":"https:\/\/asteralabs.org\/pl\/wp-json\/wp\/v2\/product\/77759\/revisions"}],"wp:featuredmedia":[{"embeddable":true,"href":"https:\/\/asteralabs.org\/pl\/wp-json\/wp\/v2\/media\/76276"}],"wp:attachment":[{"href":"https:\/\/asteralabs.org\/pl\/wp-json\/wp\/v2\/media?parent=77759"}],"wp:term":[{"taxonomy":"product_cat","embeddable":true,"href":"https:\/\/asteralabs.org\/pl\/wp-json\/wp\/v2\/product_cat?post=77759"},{"taxonomy":"product_tag","embeddable":true,"href":"https:\/\/asteralabs.org\/pl\/wp-json\/wp\/v2\/product_tag?post=77759"}],"curies":[{"name":"wp","href":"https:\/\/api.w.org\/{rel}","templated":true}]}}