{"id":77765,"date":"2023-01-10T22:15:19","date_gmt":"2023-01-10T22:15:19","guid":{"rendered":"https:\/\/asteralabs.org\/product\/dapoxetine-hcl\/"},"modified":"2026-01-16T08:58:10","modified_gmt":"2026-01-16T08:58:10","slug":"dapoxetine-hcl","status":"publish","type":"product","link":"https:\/\/asteralabs.org\/pl\/product\/dapoxetine-hcl\/","title":{"rendered":"Dapoxetine HCL"},"content":{"rendered":"<p><strong>DAWKOWANIE: <\/strong><br \/>\nDapoxetine HCL 60mg\/tab <strong>ZAWARTO\u015a\u0106 OPAKOWANIA: <\/strong><br \/>\n1 saszetka, 50tabs, 60 mg na tab <strong>CO TO JEST: <\/strong><br \/>\nDapoksetyna jest lekiem stosowanym w leczeniu przedwczesnego wytrysku.<br \/>\nJest to kr\u00f3tko dzia\u0142aj\u0105cy selektywny inhibitor wychwytu zwrotnego serotoniny. <strong>JAK STOSOWA\u0106: <\/strong><br \/>\nDzienna dawka waha si\u0119 od 30 do 60 mg, zaleca si\u0119 dostosowanie dawki w zale\u017cno\u015bci od skutk\u00f3w ubocznych i po\u017c\u0105danego efektu. Zaleca si\u0119 przyjmowanie go na godzin\u0119 przed rozpocz\u0119ciem aktywno\u015bci seksualnej, zaleca si\u0119, aby nie przekracza\u0107 dziennej dawki 60 mg i stosowa\u0107 go tylko raz dziennie, a nie codziennie.<\/p>\n<p><strong>INFORMACJE O BATCH:<br \/>\n<\/strong>Nr partii: <span data-sheets-root=\"1\" data-sheets-value=\"{\" data-sheets-userformat=\"{\">MD24826<\/span><br \/>\nData produkcji: <span data-sheets-root=\"1\" data-sheets-value=\"{\" data-sheets-userformat=\"{\">10.2025.<\/span><br \/>\nData wa\u017cno\u015bci: <span data-sheets-root=\"1\" data-sheets-value=\"{\" data-sheets-userformat=\"{\">10.2028.<\/span><\/p>\n","protected":false},"excerpt":{"rendered":"<p>DAWKOWANIE: Dapoxetine HCL 60mg\/tab ZAWARTO\u015a\u0106 OPAKOWANIA: 1 saszetka, 50tabs, 60 mg na tab CO TO JEST: Dapoksetyna jest lekiem stosowanym w leczeniu przedwczesnego wytrysku. Jest to kr\u00f3tko dzia\u0142aj\u0105cy selektywny inhibitor wychwytu zwrotnego serotoniny. JAK STOSOWA\u0106: Dzienna dawka waha si\u0119 od 30 do 60 mg, zaleca si\u0119 dostosowanie dawki w zale\u017cno\u015bci od skutk\u00f3w ubocznych i po\u017c\u0105danego&hellip;<\/p>\n","protected":false},"featured_media":76244,"comment_status":"open","ping_status":"closed","template":"","meta":[],"product_cat":[167,180],"product_tag":[],"yoast_head":"<!-- This site is optimized with the Yoast SEO plugin v23.0 - https:\/\/yoast.com\/wordpress\/plugins\/seo\/ -->\n<title>Dapoxetine HCL - Astera Labs<\/title>\n<meta name=\"robots\" content=\"index, follow, max-snippet:-1, max-image-preview:large, max-video-preview:-1\" \/>\n<link rel=\"canonical\" href=\"https:\/\/asteralabs.org\/pl\/product\/dapoxetine-hcl\/\" \/>\n<meta property=\"og:locale\" content=\"pl_PL\" \/>\n<meta property=\"og:type\" content=\"article\" \/>\n<meta property=\"og:title\" content=\"Dapoxetine HCL - Astera Labs\" \/>\n<meta property=\"og:description\" content=\"DAWKOWANIE: Dapoxetine HCL 60mg\/tab ZAWARTO\u015a\u0106 OPAKOWANIA: 1 saszetka, 50tabs, 60 mg na tab CO TO JEST: Dapoksetyna jest lekiem stosowanym w leczeniu przedwczesnego wytrysku. Jest to kr\u00f3tko dzia\u0142aj\u0105cy selektywny inhibitor wychwytu zwrotnego serotoniny. JAK STOSOWA\u0106: Dzienna dawka waha si\u0119 od 30 do 60 mg, zaleca si\u0119 dostosowanie dawki w zale\u017cno\u015bci od skutk\u00f3w ubocznych i po\u017c\u0105danego&hellip;\" \/>\n<meta property=\"og:url\" content=\"https:\/\/asteralabs.org\/pl\/product\/dapoxetine-hcl\/\" \/>\n<meta property=\"og:site_name\" content=\"Astera Labs\" \/>\n<meta property=\"article:modified_time\" content=\"2026-01-16T08:58:10+00:00\" \/>\n<meta property=\"og:image\" content=\"https:\/\/asteralabs.org\/wp-content\/uploads\/2023\/01\/Dapoxetine-HCL-mockup-nbg.png\" \/>\n\t<meta property=\"og:image:width\" content=\"2000\" \/>\n\t<meta property=\"og:image:height\" content=\"2000\" \/>\n\t<meta property=\"og:image:type\" content=\"image\/png\" \/>\n<meta name=\"twitter:card\" content=\"summary_large_image\" \/>\n<script type=\"application\/ld+json\" class=\"yoast-schema-graph\">{\"@context\":\"https:\/\/schema.org\",\"@graph\":[{\"@type\":\"WebPage\",\"@id\":\"https:\/\/asteralabs.org\/pl\/product\/dapoxetine-hcl\/\",\"url\":\"https:\/\/asteralabs.org\/pl\/product\/dapoxetine-hcl\/\",\"name\":\"Dapoxetine HCL - Astera Labs\",\"isPartOf\":{\"@id\":\"https:\/\/asteralabs.org\/pl\/#website\"},\"primaryImageOfPage\":{\"@id\":\"https:\/\/asteralabs.org\/pl\/product\/dapoxetine-hcl\/#primaryimage\"},\"image\":{\"@id\":\"https:\/\/asteralabs.org\/pl\/product\/dapoxetine-hcl\/#primaryimage\"},\"thumbnailUrl\":\"https:\/\/asteralabs.org\/wp-content\/uploads\/2023\/01\/Dapoxetine-HCL-mockup-nbg.png\",\"datePublished\":\"2023-01-10T22:15:19+00:00\",\"dateModified\":\"2026-01-16T08:58:10+00:00\",\"breadcrumb\":{\"@id\":\"https:\/\/asteralabs.org\/pl\/product\/dapoxetine-hcl\/#breadcrumb\"},\"inLanguage\":\"pl-PL\",\"potentialAction\":[{\"@type\":\"ReadAction\",\"target\":[\"https:\/\/asteralabs.org\/pl\/product\/dapoxetine-hcl\/\"]}]},{\"@type\":\"ImageObject\",\"inLanguage\":\"pl-PL\",\"@id\":\"https:\/\/asteralabs.org\/pl\/product\/dapoxetine-hcl\/#primaryimage\",\"url\":\"https:\/\/asteralabs.org\/wp-content\/uploads\/2023\/01\/Dapoxetine-HCL-mockup-nbg.png\",\"contentUrl\":\"https:\/\/asteralabs.org\/wp-content\/uploads\/2023\/01\/Dapoxetine-HCL-mockup-nbg.png\",\"width\":2000,\"height\":2000},{\"@type\":\"BreadcrumbList\",\"@id\":\"https:\/\/asteralabs.org\/pl\/product\/dapoxetine-hcl\/#breadcrumb\",\"itemListElement\":[{\"@type\":\"ListItem\",\"position\":1,\"name\":\"Home\",\"item\":\"https:\/\/asteralabs.org\/pl\/\"},{\"@type\":\"ListItem\",\"position\":2,\"name\":\"Sklep\",\"item\":\"https:\/\/asteralabs.org\/sklep\/\"},{\"@type\":\"ListItem\",\"position\":3,\"name\":\"Dapoxetine HCL\"}]},{\"@type\":\"WebSite\",\"@id\":\"https:\/\/asteralabs.org\/pl\/#website\",\"url\":\"https:\/\/asteralabs.org\/pl\/\",\"name\":\"Astera Labs\",\"description\":\"Improve Your Quality Of Life\",\"publisher\":{\"@id\":\"https:\/\/asteralabs.org\/pl\/#organization\"},\"potentialAction\":[{\"@type\":\"SearchAction\",\"target\":{\"@type\":\"EntryPoint\",\"urlTemplate\":\"https:\/\/asteralabs.org\/pl\/?s={search_term_string}\"},\"query-input\":\"required name=search_term_string\"}],\"inLanguage\":\"pl-PL\"},{\"@type\":\"Organization\",\"@id\":\"https:\/\/asteralabs.org\/pl\/#organization\",\"name\":\"Astera Labs\",\"url\":\"https:\/\/asteralabs.org\/pl\/\",\"logo\":{\"@type\":\"ImageObject\",\"inLanguage\":\"pl-PL\",\"@id\":\"https:\/\/asteralabs.org\/pl\/#\/schema\/logo\/image\/\",\"url\":\"https:\/\/asteralabs.org\/wp-content\/uploads\/2022\/12\/astera-2.png\",\"contentUrl\":\"https:\/\/asteralabs.org\/wp-content\/uploads\/2022\/12\/astera-2.png\",\"width\":437,\"height\":111,\"caption\":\"Astera Labs\"},\"image\":{\"@id\":\"https:\/\/asteralabs.org\/pl\/#\/schema\/logo\/image\/\"}}]}<\/script>\n<!-- \/ Yoast SEO plugin. -->","yoast_head_json":{"title":"Dapoxetine HCL - Astera Labs","robots":{"index":"index","follow":"follow","max-snippet":"max-snippet:-1","max-image-preview":"max-image-preview:large","max-video-preview":"max-video-preview:-1"},"canonical":"https:\/\/asteralabs.org\/pl\/product\/dapoxetine-hcl\/","og_locale":"pl_PL","og_type":"article","og_title":"Dapoxetine HCL - Astera Labs","og_description":"DAWKOWANIE: Dapoxetine HCL 60mg\/tab ZAWARTO\u015a\u0106 OPAKOWANIA: 1 saszetka, 50tabs, 60 mg na tab CO TO JEST: Dapoksetyna jest lekiem stosowanym w leczeniu przedwczesnego wytrysku. Jest to kr\u00f3tko dzia\u0142aj\u0105cy selektywny inhibitor wychwytu zwrotnego serotoniny. JAK STOSOWA\u0106: Dzienna dawka waha si\u0119 od 30 do 60 mg, zaleca si\u0119 dostosowanie dawki w zale\u017cno\u015bci od skutk\u00f3w ubocznych i po\u017c\u0105danego&hellip;","og_url":"https:\/\/asteralabs.org\/pl\/product\/dapoxetine-hcl\/","og_site_name":"Astera Labs","article_modified_time":"2026-01-16T08:58:10+00:00","og_image":[{"width":2000,"height":2000,"url":"https:\/\/asteralabs.org\/wp-content\/uploads\/2023\/01\/Dapoxetine-HCL-mockup-nbg.png","type":"image\/png"}],"twitter_card":"summary_large_image","schema":{"@context":"https:\/\/schema.org","@graph":[{"@type":"WebPage","@id":"https:\/\/asteralabs.org\/pl\/product\/dapoxetine-hcl\/","url":"https:\/\/asteralabs.org\/pl\/product\/dapoxetine-hcl\/","name":"Dapoxetine HCL - Astera Labs","isPartOf":{"@id":"https:\/\/asteralabs.org\/pl\/#website"},"primaryImageOfPage":{"@id":"https:\/\/asteralabs.org\/pl\/product\/dapoxetine-hcl\/#primaryimage"},"image":{"@id":"https:\/\/asteralabs.org\/pl\/product\/dapoxetine-hcl\/#primaryimage"},"thumbnailUrl":"https:\/\/asteralabs.org\/wp-content\/uploads\/2023\/01\/Dapoxetine-HCL-mockup-nbg.png","datePublished":"2023-01-10T22:15:19+00:00","dateModified":"2026-01-16T08:58:10+00:00","breadcrumb":{"@id":"https:\/\/asteralabs.org\/pl\/product\/dapoxetine-hcl\/#breadcrumb"},"inLanguage":"pl-PL","potentialAction":[{"@type":"ReadAction","target":["https:\/\/asteralabs.org\/pl\/product\/dapoxetine-hcl\/"]}]},{"@type":"ImageObject","inLanguage":"pl-PL","@id":"https:\/\/asteralabs.org\/pl\/product\/dapoxetine-hcl\/#primaryimage","url":"https:\/\/asteralabs.org\/wp-content\/uploads\/2023\/01\/Dapoxetine-HCL-mockup-nbg.png","contentUrl":"https:\/\/asteralabs.org\/wp-content\/uploads\/2023\/01\/Dapoxetine-HCL-mockup-nbg.png","width":2000,"height":2000},{"@type":"BreadcrumbList","@id":"https:\/\/asteralabs.org\/pl\/product\/dapoxetine-hcl\/#breadcrumb","itemListElement":[{"@type":"ListItem","position":1,"name":"Home","item":"https:\/\/asteralabs.org\/pl\/"},{"@type":"ListItem","position":2,"name":"Sklep","item":"https:\/\/asteralabs.org\/sklep\/"},{"@type":"ListItem","position":3,"name":"Dapoxetine HCL"}]},{"@type":"WebSite","@id":"https:\/\/asteralabs.org\/pl\/#website","url":"https:\/\/asteralabs.org\/pl\/","name":"Astera Labs","description":"Improve Your Quality Of Life","publisher":{"@id":"https:\/\/asteralabs.org\/pl\/#organization"},"potentialAction":[{"@type":"SearchAction","target":{"@type":"EntryPoint","urlTemplate":"https:\/\/asteralabs.org\/pl\/?s={search_term_string}"},"query-input":"required name=search_term_string"}],"inLanguage":"pl-PL"},{"@type":"Organization","@id":"https:\/\/asteralabs.org\/pl\/#organization","name":"Astera Labs","url":"https:\/\/asteralabs.org\/pl\/","logo":{"@type":"ImageObject","inLanguage":"pl-PL","@id":"https:\/\/asteralabs.org\/pl\/#\/schema\/logo\/image\/","url":"https:\/\/asteralabs.org\/wp-content\/uploads\/2022\/12\/astera-2.png","contentUrl":"https:\/\/asteralabs.org\/wp-content\/uploads\/2022\/12\/astera-2.png","width":437,"height":111,"caption":"Astera Labs"},"image":{"@id":"https:\/\/asteralabs.org\/pl\/#\/schema\/logo\/image\/"}}]}},"_links":{"self":[{"href":"https:\/\/asteralabs.org\/pl\/wp-json\/wp\/v2\/product\/77765"}],"collection":[{"href":"https:\/\/asteralabs.org\/pl\/wp-json\/wp\/v2\/product"}],"about":[{"href":"https:\/\/asteralabs.org\/pl\/wp-json\/wp\/v2\/types\/product"}],"replies":[{"embeddable":true,"href":"https:\/\/asteralabs.org\/pl\/wp-json\/wp\/v2\/comments?post=77765"}],"version-history":[{"count":0,"href":"https:\/\/asteralabs.org\/pl\/wp-json\/wp\/v2\/product\/77765\/revisions"}],"wp:featuredmedia":[{"embeddable":true,"href":"https:\/\/asteralabs.org\/pl\/wp-json\/wp\/v2\/media\/76244"}],"wp:attachment":[{"href":"https:\/\/asteralabs.org\/pl\/wp-json\/wp\/v2\/media?parent=77765"}],"wp:term":[{"taxonomy":"product_cat","embeddable":true,"href":"https:\/\/asteralabs.org\/pl\/wp-json\/wp\/v2\/product_cat?post=77765"},{"taxonomy":"product_tag","embeddable":true,"href":"https:\/\/asteralabs.org\/pl\/wp-json\/wp\/v2\/product_tag?post=77765"}],"curies":[{"name":"wp","href":"https:\/\/api.w.org\/{rel}","templated":true}]}}