{"id":77777,"date":"2022-12-29T21:01:59","date_gmt":"2022-12-29T21:01:59","guid":{"rendered":"https:\/\/asteralabs.org\/product\/trestolone-enanthate-ment\/"},"modified":"2026-01-16T07:50:53","modified_gmt":"2026-01-16T07:50:53","slug":"trestolone-enanthate-ment","status":"publish","type":"product","link":"https:\/\/asteralabs.org\/pl\/product\/trestolone-enanthate-ment\/","title":{"rendered":"Trestolone Enanthate (MENT)"},"content":{"rendered":"<p><strong>DAWKOWANIE:<\/strong><br \/>\nTrestolone Enanthate 50mg\/ml <strong>ZAWARTO\u015a\u0106 OPAKOWANIA:<\/strong><br \/>\n1 x fiolka 10 ml, 50 mg na ml <strong>CO TO JEST:<\/strong><br \/>\nTRESTOLONE ENANTHATE (MENT) to silny steryd anaboliczny pochodz\u0105cy z hormonu nandrolonu. Jest popularnie uwa\u017cany za mieszank\u0119 Trenbolonu i Nandrolonu, oferuj\u0105c pot\u0119\u017cne po\u0142\u0105czenie przyrost\u00f3w si\u0142y i rozmiaru. Dzi\u0119ki wi\u0119kszej sile dzia\u0142ania ni\u017c Trenbolon, Trestolone Enanthate jest jednym z najpot\u0119\u017cniejszych dost\u0119pnych steryd\u00f3w. Zwi\u0105zek ten silnie aromatyzuje, co oznacza, \u017ce przekszta\u0142ca si\u0119 w estrogen w organizmie. U\u017cytkownicy powinni by\u0107 tego \u015bwiadomi i podj\u0105\u0107 odpowiednie \u015brodki w celu kontrolowania poziomu estradiolu, wykorzystuj\u0105c inne strategie ni\u017c te zwykle stosowane z mniej silnymi zwi\u0105zkami lub wybieraj\u0105c mniejsze dawki. Trestolone Enanthate nie przekszta\u0142ca si\u0119 w DHT, co zmniejsza ryzyko wypadania w\u0142os\u00f3w i innych skutk\u00f3w ubocznych zwi\u0105zanych z DHT. Co ciekawe, ma wysok\u0105 sta\u0142\u0105 inhibicji, a jednym z zastosowa\u0144 tej substancji jest jako m\u0119ski \u015brodek antykoncepcyjny. <strong>SPOS\u00d3B U\u017bYCIA:<\/strong><br \/>\nDawka Trestolone Enanthate r\u00f3\u017cni si\u0119 w zale\u017cno\u015bci od do\u015bwiadczenia i cel\u00f3w u\u017cytkownika. Typowe dawki wahaj\u0105 si\u0119 od 5-10 mg dziennie (35-70 mg tygodniowo) dla pocz\u0105tkuj\u0105cych, podczas gdy bardziej zaawansowani u\u017cytkownicy mog\u0105 stosowa\u0107 10-25 mg dziennie (70-175 mg tygodniowo) lub nawet 25-50 mg dziennie (175-350 mg tygodniowo). Zaleca si\u0119 stopniowe zwi\u0119kszanie dawki, co tydzie\u0144, a\u017c do osi\u0105gni\u0119cia po\u017c\u0105danych efekt\u00f3w. Cykle zazwyczaj trwaj\u0105 8-12 tygodni, przy czym u\u017cytkownicy uwa\u017cnie monitoruj\u0105 swoj\u0105 reakcj\u0119 na zwi\u0105zek i dostosowuj\u0105 dawk\u0119 w razie potrzeby, aby zoptymalizowa\u0107 wyniki przy jednoczesnym zminimalizowaniu potencjalnych skutk\u00f3w ubocznych. Po zako\u0144czeniu cyklu zalecana jest terapia po cyklu (PCT), kt\u00f3ra pomaga przywr\u00f3ci\u0107 naturaln\u0105 produkcj\u0119 testosteronu i utrzyma\u0107 przyrosty osi\u0105gni\u0119te podczas cyklu. <strong>INFORMACJE O PARTII:<br \/>\n<\/strong>Nr partii: <span data-sheets-root=\"1\" data-sheets-value=\"{\" data-sheets-userformat=\"{\">QD65113<\/span><br \/>\nData produkcji: <span data-sheets-root=\"1\" data-sheets-value=\"{\" data-sheets-userformat=\"{\">10.2025.<\/span><br \/>\nData wa\u017cno\u015bci: <span data-sheets-root=\"1\" data-sheets-value=\"{\" data-sheets-userformat=\"{\">10.2028.<\/span><\/p>\n","protected":false},"excerpt":{"rendered":"<p>DAWKOWANIE: Trestolone Enanthate 50mg\/ml ZAWARTO\u015a\u0106 OPAKOWANIA: 1 x fiolka 10 ml, 50 mg na ml CO TO JEST: TRESTOLONE ENANTHATE (MENT) to silny steryd anaboliczny pochodz\u0105cy z hormonu nandrolonu. Jest popularnie uwa\u017cany za mieszank\u0119 Trenbolonu i Nandrolonu, oferuj\u0105c pot\u0119\u017cne po\u0142\u0105czenie przyrost\u00f3w si\u0142y i rozmiaru. Dzi\u0119ki wi\u0119kszej sile dzia\u0142ania ni\u017c Trenbolon, Trestolone Enanthate jest jednym z&hellip;<\/p>\n","protected":false},"featured_media":75700,"comment_status":"open","ping_status":"closed","template":"","meta":{"_acf_changed":false},"product_brand":[],"product_cat":[165],"product_tag":[],"class_list":{"0":"post-77777","1":"product","2":"type-product","3":"status-publish","4":"has-post-thumbnail","6":"product_cat-injectables-pl","7":"description-off","9":"first","10":"instock","11":"shipping-taxable","12":"product-type-simple"},"acf":[],"yoast_head":"<!-- This site is optimized with the Yoast SEO plugin v27.4 - https:\/\/yoast.com\/product\/yoast-seo-wordpress\/ -->\n<title>Trestolone Enanthate (MENT) - Astera Labs<\/title>\n<meta name=\"robots\" content=\"index, follow, max-snippet:-1, max-image-preview:large, max-video-preview:-1\" \/>\n<link rel=\"canonical\" href=\"https:\/\/asteralabs.org\/pl\/product\/trestolone-enanthate-ment\/\" \/>\n<meta property=\"og:locale\" content=\"pl_PL\" \/>\n<meta property=\"og:type\" content=\"article\" \/>\n<meta property=\"og:title\" content=\"Trestolone Enanthate (MENT) - Astera Labs\" \/>\n<meta property=\"og:description\" content=\"DAWKOWANIE: Trestolone Enanthate 50mg\/ml ZAWARTO\u015a\u0106 OPAKOWANIA: 1 x fiolka 10 ml, 50 mg na ml CO TO JEST: TRESTOLONE ENANTHATE (MENT) to silny steryd anaboliczny pochodz\u0105cy z hormonu nandrolonu. Jest popularnie uwa\u017cany za mieszank\u0119 Trenbolonu i Nandrolonu, oferuj\u0105c pot\u0119\u017cne po\u0142\u0105czenie przyrost\u00f3w si\u0142y i rozmiaru. Dzi\u0119ki wi\u0119kszej sile dzia\u0142ania ni\u017c Trenbolon, Trestolone Enanthate jest jednym z&hellip;\" \/>\n<meta property=\"og:url\" content=\"https:\/\/asteralabs.org\/pl\/product\/trestolone-enanthate-ment\/\" \/>\n<meta property=\"og:site_name\" content=\"Astera Labs\" \/>\n<meta property=\"article:modified_time\" content=\"2026-01-16T07:50:53+00:00\" \/>\n<meta property=\"og:image\" content=\"https:\/\/asteralabs.org\/wp-content\/uploads\/2022\/12\/8.png\" \/>\n\t<meta property=\"og:image:width\" content=\"2000\" \/>\n\t<meta property=\"og:image:height\" content=\"2000\" \/>\n\t<meta property=\"og:image:type\" content=\"image\/png\" \/>\n<meta name=\"twitter:card\" content=\"summary_large_image\" \/>\n<script type=\"application\/ld+json\" class=\"yoast-schema-graph\">{\"@context\":\"https:\\\/\\\/schema.org\",\"@graph\":[{\"@type\":\"WebPage\",\"@id\":\"https:\\\/\\\/asteralabs.org\\\/pl\\\/product\\\/trestolone-enanthate-ment\\\/\",\"url\":\"https:\\\/\\\/asteralabs.org\\\/pl\\\/product\\\/trestolone-enanthate-ment\\\/\",\"name\":\"Trestolone Enanthate (MENT) - Astera Labs\",\"isPartOf\":{\"@id\":\"https:\\\/\\\/asteralabs.org\\\/pl\\\/#website\"},\"primaryImageOfPage\":{\"@id\":\"https:\\\/\\\/asteralabs.org\\\/pl\\\/product\\\/trestolone-enanthate-ment\\\/#primaryimage\"},\"image\":{\"@id\":\"https:\\\/\\\/asteralabs.org\\\/pl\\\/product\\\/trestolone-enanthate-ment\\\/#primaryimage\"},\"thumbnailUrl\":\"https:\\\/\\\/asteralabs.org\\\/wp-content\\\/uploads\\\/2022\\\/12\\\/8.png\",\"datePublished\":\"2022-12-29T21:01:59+00:00\",\"dateModified\":\"2026-01-16T07:50:53+00:00\",\"breadcrumb\":{\"@id\":\"https:\\\/\\\/asteralabs.org\\\/pl\\\/product\\\/trestolone-enanthate-ment\\\/#breadcrumb\"},\"inLanguage\":\"pl-PL\",\"potentialAction\":[{\"@type\":\"ReadAction\",\"target\":[\"https:\\\/\\\/asteralabs.org\\\/pl\\\/product\\\/trestolone-enanthate-ment\\\/\"]}]},{\"@type\":\"ImageObject\",\"inLanguage\":\"pl-PL\",\"@id\":\"https:\\\/\\\/asteralabs.org\\\/pl\\\/product\\\/trestolone-enanthate-ment\\\/#primaryimage\",\"url\":\"https:\\\/\\\/asteralabs.org\\\/wp-content\\\/uploads\\\/2022\\\/12\\\/8.png\",\"contentUrl\":\"https:\\\/\\\/asteralabs.org\\\/wp-content\\\/uploads\\\/2022\\\/12\\\/8.png\",\"width\":2000,\"height\":2000},{\"@type\":\"BreadcrumbList\",\"@id\":\"https:\\\/\\\/asteralabs.org\\\/pl\\\/product\\\/trestolone-enanthate-ment\\\/#breadcrumb\",\"itemListElement\":[{\"@type\":\"ListItem\",\"position\":1,\"name\":\"Home\",\"item\":\"https:\\\/\\\/asteralabs.org\\\/pl\\\/\"},{\"@type\":\"ListItem\",\"position\":2,\"name\":\"Sklep\",\"item\":\"https:\\\/\\\/asteralabs.org\\\/pl\\\/sklep\\\/\"},{\"@type\":\"ListItem\",\"position\":3,\"name\":\"Trestolone Enanthate (MENT)\"}]},{\"@type\":\"WebSite\",\"@id\":\"https:\\\/\\\/asteralabs.org\\\/pl\\\/#website\",\"url\":\"https:\\\/\\\/asteralabs.org\\\/pl\\\/\",\"name\":\"Astera Labs\",\"description\":\"Improve Your Quality Of Life\",\"publisher\":{\"@id\":\"https:\\\/\\\/asteralabs.org\\\/pl\\\/#organization\"},\"potentialAction\":[{\"@type\":\"SearchAction\",\"target\":{\"@type\":\"EntryPoint\",\"urlTemplate\":\"https:\\\/\\\/asteralabs.org\\\/pl\\\/?s={search_term_string}\"},\"query-input\":{\"@type\":\"PropertyValueSpecification\",\"valueRequired\":true,\"valueName\":\"search_term_string\"}}],\"inLanguage\":\"pl-PL\"},{\"@type\":\"Organization\",\"@id\":\"https:\\\/\\\/asteralabs.org\\\/pl\\\/#organization\",\"name\":\"Astera Labs\",\"url\":\"https:\\\/\\\/asteralabs.org\\\/pl\\\/\",\"logo\":{\"@type\":\"ImageObject\",\"inLanguage\":\"pl-PL\",\"@id\":\"https:\\\/\\\/asteralabs.org\\\/pl\\\/#\\\/schema\\\/logo\\\/image\\\/\",\"url\":\"https:\\\/\\\/asteralabs.org\\\/wp-content\\\/uploads\\\/2022\\\/12\\\/astera-2.png\",\"contentUrl\":\"https:\\\/\\\/asteralabs.org\\\/wp-content\\\/uploads\\\/2022\\\/12\\\/astera-2.png\",\"width\":437,\"height\":111,\"caption\":\"Astera Labs\"},\"image\":{\"@id\":\"https:\\\/\\\/asteralabs.org\\\/pl\\\/#\\\/schema\\\/logo\\\/image\\\/\"}}]}<\/script>\n<!-- \/ Yoast SEO plugin. -->","yoast_head_json":{"title":"Trestolone Enanthate (MENT) - Astera Labs","robots":{"index":"index","follow":"follow","max-snippet":"max-snippet:-1","max-image-preview":"max-image-preview:large","max-video-preview":"max-video-preview:-1"},"canonical":"https:\/\/asteralabs.org\/pl\/product\/trestolone-enanthate-ment\/","og_locale":"pl_PL","og_type":"article","og_title":"Trestolone Enanthate (MENT) - Astera Labs","og_description":"DAWKOWANIE: Trestolone Enanthate 50mg\/ml ZAWARTO\u015a\u0106 OPAKOWANIA: 1 x fiolka 10 ml, 50 mg na ml CO TO JEST: TRESTOLONE ENANTHATE (MENT) to silny steryd anaboliczny pochodz\u0105cy z hormonu nandrolonu. Jest popularnie uwa\u017cany za mieszank\u0119 Trenbolonu i Nandrolonu, oferuj\u0105c pot\u0119\u017cne po\u0142\u0105czenie przyrost\u00f3w si\u0142y i rozmiaru. Dzi\u0119ki wi\u0119kszej sile dzia\u0142ania ni\u017c Trenbolon, Trestolone Enanthate jest jednym z&hellip;","og_url":"https:\/\/asteralabs.org\/pl\/product\/trestolone-enanthate-ment\/","og_site_name":"Astera Labs","article_modified_time":"2026-01-16T07:50:53+00:00","og_image":[{"width":2000,"height":2000,"url":"https:\/\/asteralabs.org\/wp-content\/uploads\/2022\/12\/8.png","type":"image\/png"}],"twitter_card":"summary_large_image","schema":{"@context":"https:\/\/schema.org","@graph":[{"@type":"WebPage","@id":"https:\/\/asteralabs.org\/pl\/product\/trestolone-enanthate-ment\/","url":"https:\/\/asteralabs.org\/pl\/product\/trestolone-enanthate-ment\/","name":"Trestolone Enanthate (MENT) - Astera Labs","isPartOf":{"@id":"https:\/\/asteralabs.org\/pl\/#website"},"primaryImageOfPage":{"@id":"https:\/\/asteralabs.org\/pl\/product\/trestolone-enanthate-ment\/#primaryimage"},"image":{"@id":"https:\/\/asteralabs.org\/pl\/product\/trestolone-enanthate-ment\/#primaryimage"},"thumbnailUrl":"https:\/\/asteralabs.org\/wp-content\/uploads\/2022\/12\/8.png","datePublished":"2022-12-29T21:01:59+00:00","dateModified":"2026-01-16T07:50:53+00:00","breadcrumb":{"@id":"https:\/\/asteralabs.org\/pl\/product\/trestolone-enanthate-ment\/#breadcrumb"},"inLanguage":"pl-PL","potentialAction":[{"@type":"ReadAction","target":["https:\/\/asteralabs.org\/pl\/product\/trestolone-enanthate-ment\/"]}]},{"@type":"ImageObject","inLanguage":"pl-PL","@id":"https:\/\/asteralabs.org\/pl\/product\/trestolone-enanthate-ment\/#primaryimage","url":"https:\/\/asteralabs.org\/wp-content\/uploads\/2022\/12\/8.png","contentUrl":"https:\/\/asteralabs.org\/wp-content\/uploads\/2022\/12\/8.png","width":2000,"height":2000},{"@type":"BreadcrumbList","@id":"https:\/\/asteralabs.org\/pl\/product\/trestolone-enanthate-ment\/#breadcrumb","itemListElement":[{"@type":"ListItem","position":1,"name":"Home","item":"https:\/\/asteralabs.org\/pl\/"},{"@type":"ListItem","position":2,"name":"Sklep","item":"https:\/\/asteralabs.org\/pl\/sklep\/"},{"@type":"ListItem","position":3,"name":"Trestolone Enanthate (MENT)"}]},{"@type":"WebSite","@id":"https:\/\/asteralabs.org\/pl\/#website","url":"https:\/\/asteralabs.org\/pl\/","name":"Astera Labs","description":"Improve Your Quality Of Life","publisher":{"@id":"https:\/\/asteralabs.org\/pl\/#organization"},"potentialAction":[{"@type":"SearchAction","target":{"@type":"EntryPoint","urlTemplate":"https:\/\/asteralabs.org\/pl\/?s={search_term_string}"},"query-input":{"@type":"PropertyValueSpecification","valueRequired":true,"valueName":"search_term_string"}}],"inLanguage":"pl-PL"},{"@type":"Organization","@id":"https:\/\/asteralabs.org\/pl\/#organization","name":"Astera Labs","url":"https:\/\/asteralabs.org\/pl\/","logo":{"@type":"ImageObject","inLanguage":"pl-PL","@id":"https:\/\/asteralabs.org\/pl\/#\/schema\/logo\/image\/","url":"https:\/\/asteralabs.org\/wp-content\/uploads\/2022\/12\/astera-2.png","contentUrl":"https:\/\/asteralabs.org\/wp-content\/uploads\/2022\/12\/astera-2.png","width":437,"height":111,"caption":"Astera Labs"},"image":{"@id":"https:\/\/asteralabs.org\/pl\/#\/schema\/logo\/image\/"}}]}},"_links":{"self":[{"href":"https:\/\/asteralabs.org\/pl\/wp-json\/wp\/v2\/product\/77777","targetHints":{"allow":["GET"]}}],"collection":[{"href":"https:\/\/asteralabs.org\/pl\/wp-json\/wp\/v2\/product"}],"about":[{"href":"https:\/\/asteralabs.org\/pl\/wp-json\/wp\/v2\/types\/product"}],"replies":[{"embeddable":true,"href":"https:\/\/asteralabs.org\/pl\/wp-json\/wp\/v2\/comments?post=77777"}],"version-history":[{"count":0,"href":"https:\/\/asteralabs.org\/pl\/wp-json\/wp\/v2\/product\/77777\/revisions"}],"wp:featuredmedia":[{"embeddable":true,"href":"https:\/\/asteralabs.org\/pl\/wp-json\/wp\/v2\/media\/75700"}],"wp:attachment":[{"href":"https:\/\/asteralabs.org\/pl\/wp-json\/wp\/v2\/media?parent=77777"}],"wp:term":[{"taxonomy":"product_brand","embeddable":true,"href":"https:\/\/asteralabs.org\/pl\/wp-json\/wp\/v2\/product_brand?post=77777"},{"taxonomy":"product_cat","embeddable":true,"href":"https:\/\/asteralabs.org\/pl\/wp-json\/wp\/v2\/product_cat?post=77777"},{"taxonomy":"product_tag","embeddable":true,"href":"https:\/\/asteralabs.org\/pl\/wp-json\/wp\/v2\/product_tag?post=77777"}],"curies":[{"name":"wp","href":"https:\/\/api.w.org\/{rel}","templated":true}]}}