{"id":77805,"date":"2022-11-05T23:10:13","date_gmt":"2022-11-05T23:10:13","guid":{"rendered":"https:\/\/asteralabs.org\/product\/fenylopropionian-nandrolonu-npp\/"},"modified":"2026-01-15T10:17:48","modified_gmt":"2026-01-15T10:17:48","slug":"fenylopropionian-nandrolonu-npp","status":"publish","type":"product","link":"https:\/\/asteralabs.org\/pl\/product\/fenylopropionian-nandrolonu-npp\/","title":{"rendered":"Fenylopropionian nandrolonu (NPP)"},"content":{"rendered":"<p><strong>DAWKOWANIE:<\/strong><br \/>\nFenylopropionian nandrolonu (NPP) 100 mg\/ml <strong>ZAWARTO\u015a\u0106 OPAKOWANIA:<\/strong><br \/>\n1 x fiolka 10 ml, 100 mg na ml <strong>CO TO JEST:<\/strong><br \/>\nNandrolon jest szeroko stosowanym sterydem nale\u017c\u0105cym do rodziny 19 nors. 19-Nors charakteryzuj\u0105 si\u0119 og\u00f3lnie anabolizmem i aktywno\u015bci\u0105 progestagenn\u0105.<br \/>\nS\u0105 bardzo anaboliczne, ale wykazuj\u0105 r\u00f3wnie\u017c znaczne ilo\u015bci interakcji satelitarnych z innymi receptorami w organizmie. Najbardziej godna uwagi jest ich interakcja z receptorem progesteronu.<br \/>\nProgestyny pochodne 19-Nor s\u0105 agonistami receptora progesteronu, co oznacza, \u017ce mog\u0105 wi\u0105za\u0107 si\u0119 z receptorem progesteronu i aktywowa\u0107 go. Nandrolon powoduje zmniejszenie zdolno\u015bci odczuwania b\u00f3lu (kt\u00f3rego wzrost jest mylony z efektem leczniczym) i mo\u017ce by\u0107 r\u00f3wnie\u017c zredukowany do DHN, DHN mo\u017ce wypiera\u0107 DHT z jego receptor\u00f3w, powoduj\u0105c kilka skutk\u00f3w ubocznych, w\u015br\u00f3d kt\u00f3rych wyr\u00f3\u017cniaj\u0105 si\u0119 wahania nastroju i brak erekcji, mo\u017cna temu zaradzi\u0107 stosuj\u0105c Masteron, Proviron lub inny steryd, kt\u00f3ry reaguje bezpo\u015brednio z receptorem androgenowym poprzez DHT. <strong>SPOS\u00d3B U\u017bYCIA:<\/strong><br \/>\nNormalne dawki wynosz\u0105 zwykle od 200 do 400 mg na tydzie\u0144 dla pocz\u0105tkuj\u0105cych i \u015brednio zaawansowanych sportowc\u00f3w, z mo\u017cliwo\u015bci\u0105 stosowania 800 na tydzie\u0144 do cel\u00f3w specyficznych lub konkurencyjnych. Poniewa\u017c ma kr\u00f3tki ester, zaleca si\u0119 wstrzykiwanie go ED lub EOD.<\/p>\n<p><strong>INFORMACJE O PARTII:<br \/>\n<\/strong>Nr partii: <span data-sheets-root=\"1\" data-sheets-value=\"{\" data-sheets-userformat=\"{\">FG43540<\/span><br \/>\nData produkcji: <span data-sheets-root=\"1\" data-sheets-value=\"{\" data-sheets-userformat=\"{\">10.2025.<\/span><br \/>\nData wa\u017cno\u015bci: <span data-sheets-root=\"1\" data-sheets-value=\"{\" data-sheets-userformat=\"{\">10.2028.<\/span><\/p>\n","protected":false},"excerpt":{"rendered":"<p>DAWKOWANIE: Fenylopropionian nandrolonu (NPP) 100 mg\/ml ZAWARTO\u015a\u0106 OPAKOWANIA: 1 x fiolka 10 ml, 100 mg na ml CO TO JEST: Nandrolon jest szeroko stosowanym sterydem nale\u017c\u0105cym do rodziny 19 nors. 19-Nors charakteryzuj\u0105 si\u0119 og\u00f3lnie anabolizmem i aktywno\u015bci\u0105 progestagenn\u0105. S\u0105 bardzo anaboliczne, ale wykazuj\u0105 r\u00f3wnie\u017c znaczne ilo\u015bci interakcji satelitarnych z innymi receptorami w organizmie. Najbardziej godna&hellip;<\/p>\n","protected":false},"featured_media":75196,"comment_status":"open","ping_status":"closed","template":"","meta":[],"product_cat":[167,165],"product_tag":[],"yoast_head":"<!-- This site is optimized with the Yoast SEO plugin v23.0 - https:\/\/yoast.com\/wordpress\/plugins\/seo\/ -->\n<title>Fenylopropionian nandrolonu (NPP) - Astera Labs<\/title>\n<meta name=\"robots\" content=\"index, follow, max-snippet:-1, max-image-preview:large, max-video-preview:-1\" \/>\n<link rel=\"canonical\" href=\"https:\/\/asteralabs.org\/pl\/product\/fenylopropionian-nandrolonu-npp\/\" \/>\n<meta property=\"og:locale\" content=\"pl_PL\" \/>\n<meta property=\"og:type\" content=\"article\" \/>\n<meta property=\"og:title\" content=\"Fenylopropionian nandrolonu (NPP) - Astera Labs\" \/>\n<meta property=\"og:description\" content=\"DAWKOWANIE: Fenylopropionian nandrolonu (NPP) 100 mg\/ml ZAWARTO\u015a\u0106 OPAKOWANIA: 1 x fiolka 10 ml, 100 mg na ml CO TO JEST: Nandrolon jest szeroko stosowanym sterydem nale\u017c\u0105cym do rodziny 19 nors. 19-Nors charakteryzuj\u0105 si\u0119 og\u00f3lnie anabolizmem i aktywno\u015bci\u0105 progestagenn\u0105. S\u0105 bardzo anaboliczne, ale wykazuj\u0105 r\u00f3wnie\u017c znaczne ilo\u015bci interakcji satelitarnych z innymi receptorami w organizmie. Najbardziej godna&hellip;\" \/>\n<meta property=\"og:url\" content=\"https:\/\/asteralabs.org\/pl\/product\/fenylopropionian-nandrolonu-npp\/\" \/>\n<meta property=\"og:site_name\" content=\"Astera Labs\" \/>\n<meta property=\"article:modified_time\" content=\"2026-01-15T10:17:48+00:00\" \/>\n<meta property=\"og:image\" content=\"https:\/\/asteralabs.org\/wp-content\/uploads\/2022\/11\/19.png\" \/>\n\t<meta property=\"og:image:width\" content=\"2000\" \/>\n\t<meta property=\"og:image:height\" content=\"2000\" \/>\n\t<meta property=\"og:image:type\" content=\"image\/png\" \/>\n<meta name=\"twitter:card\" content=\"summary_large_image\" \/>\n<script type=\"application\/ld+json\" class=\"yoast-schema-graph\">{\"@context\":\"https:\/\/schema.org\",\"@graph\":[{\"@type\":\"WebPage\",\"@id\":\"https:\/\/asteralabs.org\/pl\/product\/fenylopropionian-nandrolonu-npp\/\",\"url\":\"https:\/\/asteralabs.org\/pl\/product\/fenylopropionian-nandrolonu-npp\/\",\"name\":\"Fenylopropionian nandrolonu (NPP) - Astera Labs\",\"isPartOf\":{\"@id\":\"https:\/\/asteralabs.org\/pl\/#website\"},\"primaryImageOfPage\":{\"@id\":\"https:\/\/asteralabs.org\/pl\/product\/fenylopropionian-nandrolonu-npp\/#primaryimage\"},\"image\":{\"@id\":\"https:\/\/asteralabs.org\/pl\/product\/fenylopropionian-nandrolonu-npp\/#primaryimage\"},\"thumbnailUrl\":\"https:\/\/asteralabs.org\/wp-content\/uploads\/2022\/11\/19.png\",\"datePublished\":\"2022-11-05T23:10:13+00:00\",\"dateModified\":\"2026-01-15T10:17:48+00:00\",\"breadcrumb\":{\"@id\":\"https:\/\/asteralabs.org\/pl\/product\/fenylopropionian-nandrolonu-npp\/#breadcrumb\"},\"inLanguage\":\"pl-PL\",\"potentialAction\":[{\"@type\":\"ReadAction\",\"target\":[\"https:\/\/asteralabs.org\/pl\/product\/fenylopropionian-nandrolonu-npp\/\"]}]},{\"@type\":\"ImageObject\",\"inLanguage\":\"pl-PL\",\"@id\":\"https:\/\/asteralabs.org\/pl\/product\/fenylopropionian-nandrolonu-npp\/#primaryimage\",\"url\":\"https:\/\/asteralabs.org\/wp-content\/uploads\/2022\/11\/19.png\",\"contentUrl\":\"https:\/\/asteralabs.org\/wp-content\/uploads\/2022\/11\/19.png\",\"width\":2000,\"height\":2000},{\"@type\":\"BreadcrumbList\",\"@id\":\"https:\/\/asteralabs.org\/pl\/product\/fenylopropionian-nandrolonu-npp\/#breadcrumb\",\"itemListElement\":[{\"@type\":\"ListItem\",\"position\":1,\"name\":\"Home\",\"item\":\"https:\/\/asteralabs.org\/pl\/\"},{\"@type\":\"ListItem\",\"position\":2,\"name\":\"Sklep\",\"item\":\"https:\/\/asteralabs.org\/sklep\/\"},{\"@type\":\"ListItem\",\"position\":3,\"name\":\"Fenylopropionian nandrolonu (NPP)\"}]},{\"@type\":\"WebSite\",\"@id\":\"https:\/\/asteralabs.org\/pl\/#website\",\"url\":\"https:\/\/asteralabs.org\/pl\/\",\"name\":\"Astera Labs\",\"description\":\"Improve Your Quality Of Life\",\"publisher\":{\"@id\":\"https:\/\/asteralabs.org\/pl\/#organization\"},\"potentialAction\":[{\"@type\":\"SearchAction\",\"target\":{\"@type\":\"EntryPoint\",\"urlTemplate\":\"https:\/\/asteralabs.org\/pl\/?s={search_term_string}\"},\"query-input\":\"required name=search_term_string\"}],\"inLanguage\":\"pl-PL\"},{\"@type\":\"Organization\",\"@id\":\"https:\/\/asteralabs.org\/pl\/#organization\",\"name\":\"Astera Labs\",\"url\":\"https:\/\/asteralabs.org\/pl\/\",\"logo\":{\"@type\":\"ImageObject\",\"inLanguage\":\"pl-PL\",\"@id\":\"https:\/\/asteralabs.org\/pl\/#\/schema\/logo\/image\/\",\"url\":\"https:\/\/asteralabs.org\/wp-content\/uploads\/2022\/12\/astera-2.png\",\"contentUrl\":\"https:\/\/asteralabs.org\/wp-content\/uploads\/2022\/12\/astera-2.png\",\"width\":437,\"height\":111,\"caption\":\"Astera Labs\"},\"image\":{\"@id\":\"https:\/\/asteralabs.org\/pl\/#\/schema\/logo\/image\/\"}}]}<\/script>\n<!-- \/ Yoast SEO plugin. -->","yoast_head_json":{"title":"Fenylopropionian nandrolonu (NPP) - Astera Labs","robots":{"index":"index","follow":"follow","max-snippet":"max-snippet:-1","max-image-preview":"max-image-preview:large","max-video-preview":"max-video-preview:-1"},"canonical":"https:\/\/asteralabs.org\/pl\/product\/fenylopropionian-nandrolonu-npp\/","og_locale":"pl_PL","og_type":"article","og_title":"Fenylopropionian nandrolonu (NPP) - Astera Labs","og_description":"DAWKOWANIE: Fenylopropionian nandrolonu (NPP) 100 mg\/ml ZAWARTO\u015a\u0106 OPAKOWANIA: 1 x fiolka 10 ml, 100 mg na ml CO TO JEST: Nandrolon jest szeroko stosowanym sterydem nale\u017c\u0105cym do rodziny 19 nors. 19-Nors charakteryzuj\u0105 si\u0119 og\u00f3lnie anabolizmem i aktywno\u015bci\u0105 progestagenn\u0105. S\u0105 bardzo anaboliczne, ale wykazuj\u0105 r\u00f3wnie\u017c znaczne ilo\u015bci interakcji satelitarnych z innymi receptorami w organizmie. Najbardziej godna&hellip;","og_url":"https:\/\/asteralabs.org\/pl\/product\/fenylopropionian-nandrolonu-npp\/","og_site_name":"Astera Labs","article_modified_time":"2026-01-15T10:17:48+00:00","og_image":[{"width":2000,"height":2000,"url":"https:\/\/asteralabs.org\/wp-content\/uploads\/2022\/11\/19.png","type":"image\/png"}],"twitter_card":"summary_large_image","schema":{"@context":"https:\/\/schema.org","@graph":[{"@type":"WebPage","@id":"https:\/\/asteralabs.org\/pl\/product\/fenylopropionian-nandrolonu-npp\/","url":"https:\/\/asteralabs.org\/pl\/product\/fenylopropionian-nandrolonu-npp\/","name":"Fenylopropionian nandrolonu (NPP) - Astera Labs","isPartOf":{"@id":"https:\/\/asteralabs.org\/pl\/#website"},"primaryImageOfPage":{"@id":"https:\/\/asteralabs.org\/pl\/product\/fenylopropionian-nandrolonu-npp\/#primaryimage"},"image":{"@id":"https:\/\/asteralabs.org\/pl\/product\/fenylopropionian-nandrolonu-npp\/#primaryimage"},"thumbnailUrl":"https:\/\/asteralabs.org\/wp-content\/uploads\/2022\/11\/19.png","datePublished":"2022-11-05T23:10:13+00:00","dateModified":"2026-01-15T10:17:48+00:00","breadcrumb":{"@id":"https:\/\/asteralabs.org\/pl\/product\/fenylopropionian-nandrolonu-npp\/#breadcrumb"},"inLanguage":"pl-PL","potentialAction":[{"@type":"ReadAction","target":["https:\/\/asteralabs.org\/pl\/product\/fenylopropionian-nandrolonu-npp\/"]}]},{"@type":"ImageObject","inLanguage":"pl-PL","@id":"https:\/\/asteralabs.org\/pl\/product\/fenylopropionian-nandrolonu-npp\/#primaryimage","url":"https:\/\/asteralabs.org\/wp-content\/uploads\/2022\/11\/19.png","contentUrl":"https:\/\/asteralabs.org\/wp-content\/uploads\/2022\/11\/19.png","width":2000,"height":2000},{"@type":"BreadcrumbList","@id":"https:\/\/asteralabs.org\/pl\/product\/fenylopropionian-nandrolonu-npp\/#breadcrumb","itemListElement":[{"@type":"ListItem","position":1,"name":"Home","item":"https:\/\/asteralabs.org\/pl\/"},{"@type":"ListItem","position":2,"name":"Sklep","item":"https:\/\/asteralabs.org\/sklep\/"},{"@type":"ListItem","position":3,"name":"Fenylopropionian nandrolonu (NPP)"}]},{"@type":"WebSite","@id":"https:\/\/asteralabs.org\/pl\/#website","url":"https:\/\/asteralabs.org\/pl\/","name":"Astera Labs","description":"Improve Your Quality Of Life","publisher":{"@id":"https:\/\/asteralabs.org\/pl\/#organization"},"potentialAction":[{"@type":"SearchAction","target":{"@type":"EntryPoint","urlTemplate":"https:\/\/asteralabs.org\/pl\/?s={search_term_string}"},"query-input":"required name=search_term_string"}],"inLanguage":"pl-PL"},{"@type":"Organization","@id":"https:\/\/asteralabs.org\/pl\/#organization","name":"Astera Labs","url":"https:\/\/asteralabs.org\/pl\/","logo":{"@type":"ImageObject","inLanguage":"pl-PL","@id":"https:\/\/asteralabs.org\/pl\/#\/schema\/logo\/image\/","url":"https:\/\/asteralabs.org\/wp-content\/uploads\/2022\/12\/astera-2.png","contentUrl":"https:\/\/asteralabs.org\/wp-content\/uploads\/2022\/12\/astera-2.png","width":437,"height":111,"caption":"Astera Labs"},"image":{"@id":"https:\/\/asteralabs.org\/pl\/#\/schema\/logo\/image\/"}}]}},"_links":{"self":[{"href":"https:\/\/asteralabs.org\/pl\/wp-json\/wp\/v2\/product\/77805"}],"collection":[{"href":"https:\/\/asteralabs.org\/pl\/wp-json\/wp\/v2\/product"}],"about":[{"href":"https:\/\/asteralabs.org\/pl\/wp-json\/wp\/v2\/types\/product"}],"replies":[{"embeddable":true,"href":"https:\/\/asteralabs.org\/pl\/wp-json\/wp\/v2\/comments?post=77805"}],"version-history":[{"count":0,"href":"https:\/\/asteralabs.org\/pl\/wp-json\/wp\/v2\/product\/77805\/revisions"}],"wp:featuredmedia":[{"embeddable":true,"href":"https:\/\/asteralabs.org\/pl\/wp-json\/wp\/v2\/media\/75196"}],"wp:attachment":[{"href":"https:\/\/asteralabs.org\/pl\/wp-json\/wp\/v2\/media?parent=77805"}],"wp:term":[{"taxonomy":"product_cat","embeddable":true,"href":"https:\/\/asteralabs.org\/pl\/wp-json\/wp\/v2\/product_cat?post=77805"},{"taxonomy":"product_tag","embeddable":true,"href":"https:\/\/asteralabs.org\/pl\/wp-json\/wp\/v2\/product_tag?post=77805"}],"curies":[{"name":"wp","href":"https:\/\/api.w.org\/{rel}","templated":true}]}}