{"id":77812,"date":"2022-11-05T23:08:48","date_gmt":"2022-11-05T23:08:48","guid":{"rendered":"https:\/\/asteralabs.org\/product\/propionian-drostanolonu\/"},"modified":"2026-01-15T08:58:32","modified_gmt":"2026-01-15T08:58:32","slug":"propionian-drostanolonu","status":"publish","type":"product","link":"https:\/\/asteralabs.org\/pl\/product\/propionian-drostanolonu\/","title":{"rendered":"Propionian drostanolonu"},"content":{"rendered":"<p><strong>DAWKOWANIE:<\/strong><br \/>\nPropionian drostanolonu 100 mg \/ ml <strong>ZAWARTO\u015a\u0106 OPAKOWANIA:<\/strong><br \/>\n1 x fiolka 10 ml, 100 mg na <strong>ml CO TO JEST:<\/strong><br \/>\nPropionian drostanolonu jest sterydem anabolicznym do wstrzykiwa\u0144 o podwy\u017cszonej sile androgennej. Ze wzgl\u0119du na wysok\u0105 si\u0142\u0119 androgenn\u0105 jest zwykle stosowany podczas cykli ci\u0119cia w celu poprawy utraty tkanki t\u0142uszczowej, zwykle powoduje suchy i twardy wygl\u0105d, je\u015bli jest stosowany prawid\u0142owo, jest r\u00f3wnie\u017c przydatny jako wsparcie androgenne podczas cyklu z Nandrolonem, aby unikn\u0105\u0107 konwersji tego do DHN powoduje niepo\u017c\u0105dane skutki uboczne. <strong>SPOS\u00d3B U\u017bYCIA:<\/strong><br \/>\nNormalne dawki wynosz\u0105 zwykle od 300 do 500 mg na tydzie\u0144 dla pocz\u0105tkuj\u0105cych i \u015brednio zaawansowanych sportowc\u00f3w, z mo\u017cliwo\u015bci\u0105 stosowania 800 na tydzie\u0144 do cel\u00f3w specyficznych lub konkurencyjnych. Zwykle stosuje si\u0119 go od 10 do 16 tygodni. Poniewa\u017c ma du\u017c\u0105 si\u0142\u0119 androgenn\u0105, jego stosowanie przez kobiety nie jest zalecane, z wyj\u0105tkiem bardzo szczeg\u00f3lnych przypadk\u00f3w (cele konkurencyjne) w bardzo kr\u00f3tkich okresach czasu i przy bardzo niskich dawkach. Poniewa\u017c ma kr\u00f3tki ester, zaleca si\u0119 wstrzykiwanie go ED lub EOD. <strong>INFORMACJE O PARTII:<br \/>\n<\/strong>Nr partii: <span data-sheets-root=\"1\" data-sheets-value=\"{\" data-sheets-userformat=\"{\">XH08584<\/span><br \/>\nData produkcji: <span data-sheets-root=\"1\" data-sheets-value=\"{\" data-sheets-userformat=\"{\">10.2025.<\/span><br \/>\nData wa\u017cno\u015bci: <span data-sheets-root=\"1\" data-sheets-value=\"{\" data-sheets-userformat=\"{\">10.2028.<\/span><\/p>\n","protected":false},"excerpt":{"rendered":"<p>DAWKOWANIE: Propionian drostanolonu 100 mg \/ ml ZAWARTO\u015a\u0106 OPAKOWANIA: 1 x fiolka 10 ml, 100 mg na ml CO TO JEST: Propionian drostanolonu jest sterydem anabolicznym do wstrzykiwa\u0144 o podwy\u017cszonej sile androgennej. Ze wzgl\u0119du na wysok\u0105 si\u0142\u0119 androgenn\u0105 jest zwykle stosowany podczas cykli ci\u0119cia w celu poprawy utraty tkanki t\u0142uszczowej, zwykle powoduje suchy i twardy&hellip;<\/p>\n","protected":false},"featured_media":75188,"comment_status":"open","ping_status":"closed","template":"","meta":{"_acf_changed":false},"product_brand":[],"product_cat":[167,165],"product_tag":[],"class_list":{"0":"post-77812","1":"product","2":"type-product","3":"status-publish","4":"has-post-thumbnail","6":"product_cat-all-pl","7":"product_cat-injectables-pl","8":"description-off","10":"first","11":"instock","12":"shipping-taxable","13":"product-type-simple"},"acf":[],"yoast_head":"<!-- This site is optimized with the Yoast SEO plugin v27.4 - https:\/\/yoast.com\/product\/yoast-seo-wordpress\/ -->\n<title>Propionian drostanolonu - Astera Labs<\/title>\n<meta name=\"robots\" content=\"index, follow, max-snippet:-1, max-image-preview:large, max-video-preview:-1\" \/>\n<link rel=\"canonical\" href=\"https:\/\/asteralabs.org\/pl\/product\/propionian-drostanolonu\/\" \/>\n<meta property=\"og:locale\" content=\"pl_PL\" \/>\n<meta property=\"og:type\" content=\"article\" \/>\n<meta property=\"og:title\" content=\"Propionian drostanolonu - Astera Labs\" \/>\n<meta property=\"og:description\" content=\"DAWKOWANIE: Propionian drostanolonu 100 mg \/ ml ZAWARTO\u015a\u0106 OPAKOWANIA: 1 x fiolka 10 ml, 100 mg na ml CO TO JEST: Propionian drostanolonu jest sterydem anabolicznym do wstrzykiwa\u0144 o podwy\u017cszonej sile androgennej. Ze wzgl\u0119du na wysok\u0105 si\u0142\u0119 androgenn\u0105 jest zwykle stosowany podczas cykli ci\u0119cia w celu poprawy utraty tkanki t\u0142uszczowej, zwykle powoduje suchy i twardy&hellip;\" \/>\n<meta property=\"og:url\" content=\"https:\/\/asteralabs.org\/pl\/product\/propionian-drostanolonu\/\" \/>\n<meta property=\"og:site_name\" content=\"Astera Labs\" \/>\n<meta property=\"article:modified_time\" content=\"2026-01-15T08:58:32+00:00\" \/>\n<meta property=\"og:image\" content=\"https:\/\/asteralabs.org\/wp-content\/uploads\/2022\/11\/18.png\" \/>\n\t<meta property=\"og:image:width\" content=\"2000\" \/>\n\t<meta property=\"og:image:height\" content=\"2000\" \/>\n\t<meta property=\"og:image:type\" content=\"image\/png\" \/>\n<meta name=\"twitter:card\" content=\"summary_large_image\" \/>\n<script type=\"application\/ld+json\" class=\"yoast-schema-graph\">{\"@context\":\"https:\\\/\\\/schema.org\",\"@graph\":[{\"@type\":\"WebPage\",\"@id\":\"https:\\\/\\\/asteralabs.org\\\/pl\\\/product\\\/propionian-drostanolonu\\\/\",\"url\":\"https:\\\/\\\/asteralabs.org\\\/pl\\\/product\\\/propionian-drostanolonu\\\/\",\"name\":\"Propionian drostanolonu - Astera Labs\",\"isPartOf\":{\"@id\":\"https:\\\/\\\/asteralabs.org\\\/pl\\\/#website\"},\"primaryImageOfPage\":{\"@id\":\"https:\\\/\\\/asteralabs.org\\\/pl\\\/product\\\/propionian-drostanolonu\\\/#primaryimage\"},\"image\":{\"@id\":\"https:\\\/\\\/asteralabs.org\\\/pl\\\/product\\\/propionian-drostanolonu\\\/#primaryimage\"},\"thumbnailUrl\":\"https:\\\/\\\/asteralabs.org\\\/wp-content\\\/uploads\\\/2022\\\/11\\\/18.png\",\"datePublished\":\"2022-11-05T23:08:48+00:00\",\"dateModified\":\"2026-01-15T08:58:32+00:00\",\"breadcrumb\":{\"@id\":\"https:\\\/\\\/asteralabs.org\\\/pl\\\/product\\\/propionian-drostanolonu\\\/#breadcrumb\"},\"inLanguage\":\"pl-PL\",\"potentialAction\":[{\"@type\":\"ReadAction\",\"target\":[\"https:\\\/\\\/asteralabs.org\\\/pl\\\/product\\\/propionian-drostanolonu\\\/\"]}]},{\"@type\":\"ImageObject\",\"inLanguage\":\"pl-PL\",\"@id\":\"https:\\\/\\\/asteralabs.org\\\/pl\\\/product\\\/propionian-drostanolonu\\\/#primaryimage\",\"url\":\"https:\\\/\\\/asteralabs.org\\\/wp-content\\\/uploads\\\/2022\\\/11\\\/18.png\",\"contentUrl\":\"https:\\\/\\\/asteralabs.org\\\/wp-content\\\/uploads\\\/2022\\\/11\\\/18.png\",\"width\":2000,\"height\":2000},{\"@type\":\"BreadcrumbList\",\"@id\":\"https:\\\/\\\/asteralabs.org\\\/pl\\\/product\\\/propionian-drostanolonu\\\/#breadcrumb\",\"itemListElement\":[{\"@type\":\"ListItem\",\"position\":1,\"name\":\"Home\",\"item\":\"https:\\\/\\\/asteralabs.org\\\/pl\\\/\"},{\"@type\":\"ListItem\",\"position\":2,\"name\":\"Sklep\",\"item\":\"https:\\\/\\\/asteralabs.org\\\/pl\\\/sklep\\\/\"},{\"@type\":\"ListItem\",\"position\":3,\"name\":\"Propionian drostanolonu\"}]},{\"@type\":\"WebSite\",\"@id\":\"https:\\\/\\\/asteralabs.org\\\/pl\\\/#website\",\"url\":\"https:\\\/\\\/asteralabs.org\\\/pl\\\/\",\"name\":\"Astera Labs\",\"description\":\"Improve Your Quality Of Life\",\"publisher\":{\"@id\":\"https:\\\/\\\/asteralabs.org\\\/pl\\\/#organization\"},\"potentialAction\":[{\"@type\":\"SearchAction\",\"target\":{\"@type\":\"EntryPoint\",\"urlTemplate\":\"https:\\\/\\\/asteralabs.org\\\/pl\\\/?s={search_term_string}\"},\"query-input\":{\"@type\":\"PropertyValueSpecification\",\"valueRequired\":true,\"valueName\":\"search_term_string\"}}],\"inLanguage\":\"pl-PL\"},{\"@type\":\"Organization\",\"@id\":\"https:\\\/\\\/asteralabs.org\\\/pl\\\/#organization\",\"name\":\"Astera Labs\",\"url\":\"https:\\\/\\\/asteralabs.org\\\/pl\\\/\",\"logo\":{\"@type\":\"ImageObject\",\"inLanguage\":\"pl-PL\",\"@id\":\"https:\\\/\\\/asteralabs.org\\\/pl\\\/#\\\/schema\\\/logo\\\/image\\\/\",\"url\":\"https:\\\/\\\/asteralabs.org\\\/wp-content\\\/uploads\\\/2022\\\/12\\\/astera-2.png\",\"contentUrl\":\"https:\\\/\\\/asteralabs.org\\\/wp-content\\\/uploads\\\/2022\\\/12\\\/astera-2.png\",\"width\":437,\"height\":111,\"caption\":\"Astera Labs\"},\"image\":{\"@id\":\"https:\\\/\\\/asteralabs.org\\\/pl\\\/#\\\/schema\\\/logo\\\/image\\\/\"}}]}<\/script>\n<!-- \/ Yoast SEO plugin. -->","yoast_head_json":{"title":"Propionian drostanolonu - Astera Labs","robots":{"index":"index","follow":"follow","max-snippet":"max-snippet:-1","max-image-preview":"max-image-preview:large","max-video-preview":"max-video-preview:-1"},"canonical":"https:\/\/asteralabs.org\/pl\/product\/propionian-drostanolonu\/","og_locale":"pl_PL","og_type":"article","og_title":"Propionian drostanolonu - Astera Labs","og_description":"DAWKOWANIE: Propionian drostanolonu 100 mg \/ ml ZAWARTO\u015a\u0106 OPAKOWANIA: 1 x fiolka 10 ml, 100 mg na ml CO TO JEST: Propionian drostanolonu jest sterydem anabolicznym do wstrzykiwa\u0144 o podwy\u017cszonej sile androgennej. Ze wzgl\u0119du na wysok\u0105 si\u0142\u0119 androgenn\u0105 jest zwykle stosowany podczas cykli ci\u0119cia w celu poprawy utraty tkanki t\u0142uszczowej, zwykle powoduje suchy i twardy&hellip;","og_url":"https:\/\/asteralabs.org\/pl\/product\/propionian-drostanolonu\/","og_site_name":"Astera Labs","article_modified_time":"2026-01-15T08:58:32+00:00","og_image":[{"width":2000,"height":2000,"url":"https:\/\/asteralabs.org\/wp-content\/uploads\/2022\/11\/18.png","type":"image\/png"}],"twitter_card":"summary_large_image","schema":{"@context":"https:\/\/schema.org","@graph":[{"@type":"WebPage","@id":"https:\/\/asteralabs.org\/pl\/product\/propionian-drostanolonu\/","url":"https:\/\/asteralabs.org\/pl\/product\/propionian-drostanolonu\/","name":"Propionian drostanolonu - Astera Labs","isPartOf":{"@id":"https:\/\/asteralabs.org\/pl\/#website"},"primaryImageOfPage":{"@id":"https:\/\/asteralabs.org\/pl\/product\/propionian-drostanolonu\/#primaryimage"},"image":{"@id":"https:\/\/asteralabs.org\/pl\/product\/propionian-drostanolonu\/#primaryimage"},"thumbnailUrl":"https:\/\/asteralabs.org\/wp-content\/uploads\/2022\/11\/18.png","datePublished":"2022-11-05T23:08:48+00:00","dateModified":"2026-01-15T08:58:32+00:00","breadcrumb":{"@id":"https:\/\/asteralabs.org\/pl\/product\/propionian-drostanolonu\/#breadcrumb"},"inLanguage":"pl-PL","potentialAction":[{"@type":"ReadAction","target":["https:\/\/asteralabs.org\/pl\/product\/propionian-drostanolonu\/"]}]},{"@type":"ImageObject","inLanguage":"pl-PL","@id":"https:\/\/asteralabs.org\/pl\/product\/propionian-drostanolonu\/#primaryimage","url":"https:\/\/asteralabs.org\/wp-content\/uploads\/2022\/11\/18.png","contentUrl":"https:\/\/asteralabs.org\/wp-content\/uploads\/2022\/11\/18.png","width":2000,"height":2000},{"@type":"BreadcrumbList","@id":"https:\/\/asteralabs.org\/pl\/product\/propionian-drostanolonu\/#breadcrumb","itemListElement":[{"@type":"ListItem","position":1,"name":"Home","item":"https:\/\/asteralabs.org\/pl\/"},{"@type":"ListItem","position":2,"name":"Sklep","item":"https:\/\/asteralabs.org\/pl\/sklep\/"},{"@type":"ListItem","position":3,"name":"Propionian drostanolonu"}]},{"@type":"WebSite","@id":"https:\/\/asteralabs.org\/pl\/#website","url":"https:\/\/asteralabs.org\/pl\/","name":"Astera Labs","description":"Improve Your Quality Of Life","publisher":{"@id":"https:\/\/asteralabs.org\/pl\/#organization"},"potentialAction":[{"@type":"SearchAction","target":{"@type":"EntryPoint","urlTemplate":"https:\/\/asteralabs.org\/pl\/?s={search_term_string}"},"query-input":{"@type":"PropertyValueSpecification","valueRequired":true,"valueName":"search_term_string"}}],"inLanguage":"pl-PL"},{"@type":"Organization","@id":"https:\/\/asteralabs.org\/pl\/#organization","name":"Astera Labs","url":"https:\/\/asteralabs.org\/pl\/","logo":{"@type":"ImageObject","inLanguage":"pl-PL","@id":"https:\/\/asteralabs.org\/pl\/#\/schema\/logo\/image\/","url":"https:\/\/asteralabs.org\/wp-content\/uploads\/2022\/12\/astera-2.png","contentUrl":"https:\/\/asteralabs.org\/wp-content\/uploads\/2022\/12\/astera-2.png","width":437,"height":111,"caption":"Astera Labs"},"image":{"@id":"https:\/\/asteralabs.org\/pl\/#\/schema\/logo\/image\/"}}]}},"_links":{"self":[{"href":"https:\/\/asteralabs.org\/pl\/wp-json\/wp\/v2\/product\/77812","targetHints":{"allow":["GET"]}}],"collection":[{"href":"https:\/\/asteralabs.org\/pl\/wp-json\/wp\/v2\/product"}],"about":[{"href":"https:\/\/asteralabs.org\/pl\/wp-json\/wp\/v2\/types\/product"}],"replies":[{"embeddable":true,"href":"https:\/\/asteralabs.org\/pl\/wp-json\/wp\/v2\/comments?post=77812"}],"version-history":[{"count":0,"href":"https:\/\/asteralabs.org\/pl\/wp-json\/wp\/v2\/product\/77812\/revisions"}],"wp:featuredmedia":[{"embeddable":true,"href":"https:\/\/asteralabs.org\/pl\/wp-json\/wp\/v2\/media\/75188"}],"wp:attachment":[{"href":"https:\/\/asteralabs.org\/pl\/wp-json\/wp\/v2\/media?parent=77812"}],"wp:term":[{"taxonomy":"product_brand","embeddable":true,"href":"https:\/\/asteralabs.org\/pl\/wp-json\/wp\/v2\/product_brand?post=77812"},{"taxonomy":"product_cat","embeddable":true,"href":"https:\/\/asteralabs.org\/pl\/wp-json\/wp\/v2\/product_cat?post=77812"},{"taxonomy":"product_tag","embeddable":true,"href":"https:\/\/asteralabs.org\/pl\/wp-json\/wp\/v2\/product_tag?post=77812"}],"curies":[{"name":"wp","href":"https:\/\/api.w.org\/{rel}","templated":true}]}}