{"id":77817,"date":"2022-11-05T23:07:08","date_gmt":"2022-11-05T23:07:08","guid":{"rendered":"https:\/\/asteralabs.org\/product\/testosteron-bez-estrow\/"},"modified":"2026-01-15T11:17:19","modified_gmt":"2026-01-15T11:17:19","slug":"testosteron-bez-estrow","status":"publish","type":"product","link":"https:\/\/asteralabs.org\/pl\/product\/testosteron-bez-estrow\/","title":{"rendered":"Testosteron bez estr\u00f3w"},"content":{"rendered":"<p><strong>DAWKOWANIE: <\/strong><br \/>\nTestosteron bez estru 100 mg \/ ml <strong>ZAWARTO\u015a\u0106 OPAKOWANIA: <\/strong><br \/>\n1 x fiolka 10 ml, 100 mg na <strong>ml CO TO JEST: <\/strong><br \/>\nTestosteron jest najcz\u0119\u015bciej stosowanym i najbardziej wszechstronnym sterydem na rynku. Wszystkie cykle wymagaj\u0105 bazy testosteronu w po\u0142\u0105czeniu z innymi sterydami lub mog\u0105 nawet sk\u0142ada\u0107 si\u0119 tylko z testosteronu, mo\u017ce by\u0107 r\u00f3wnie\u017c stosowany w ma\u0142ych dawkach jako TRT. <strong>SPOS\u00d3B U\u017bYCIA: <\/strong><br \/>\nPoniewa\u017c nie ma estru, jego szybko\u015b\u0107 wch\u0142aniania b\u0119dzie bardzo szybka, a okres p\u00f3\u0142trwania bardzo kr\u00f3tki. Mo\u017ce by\u0107 stosowany jako przedtrening\u00f3wka, przed treningiem si\u0142owym lub cz\u0119sto wstrzykiwany codziennie jako doping, aby unikn\u0105\u0107 wykrycia w badaniu krwi. <strong>INFORMACJE O PARTII:<br \/>\n<\/strong>Nr partii: <span data-sheets-root=\"1\" data-sheets-value=\"{\" data-sheets-userformat=\"{\">HB44037<\/span><br \/>\nData produkcji: <span data-sheets-root=\"1\" data-sheets-value=\"{\" data-sheets-userformat=\"{\">10.2025.<\/span><br \/>\nData wa\u017cno\u015bci: <span data-sheets-root=\"1\" data-sheets-value=\"{\" data-sheets-userformat=\"{\">10.2028.<\/span><\/p>\n","protected":false},"excerpt":{"rendered":"<p>DAWKOWANIE: Testosteron bez estru 100 mg \/ ml ZAWARTO\u015a\u0106 OPAKOWANIA: 1 x fiolka 10 ml, 100 mg na ml CO TO JEST: Testosteron jest najcz\u0119\u015bciej stosowanym i najbardziej wszechstronnym sterydem na rynku. Wszystkie cykle wymagaj\u0105 bazy testosteronu w po\u0142\u0105czeniu z innymi sterydami lub mog\u0105 nawet sk\u0142ada\u0107 si\u0119 tylko z testosteronu, mo\u017ce by\u0107 r\u00f3wnie\u017c stosowany w&hellip;<\/p>\n","protected":false},"featured_media":75180,"comment_status":"open","ping_status":"closed","template":"","meta":[],"product_cat":[167,165],"product_tag":[],"yoast_head":"<!-- This site is optimized with the Yoast SEO plugin v23.0 - https:\/\/yoast.com\/wordpress\/plugins\/seo\/ -->\n<title>Testosteron bez estr\u00f3w - Astera Labs<\/title>\n<meta name=\"robots\" content=\"index, follow, max-snippet:-1, max-image-preview:large, max-video-preview:-1\" \/>\n<link rel=\"canonical\" href=\"https:\/\/asteralabs.org\/pl\/product\/testosteron-bez-estrow\/\" \/>\n<meta property=\"og:locale\" content=\"pl_PL\" \/>\n<meta property=\"og:type\" content=\"article\" \/>\n<meta property=\"og:title\" content=\"Testosteron bez estr\u00f3w - Astera Labs\" \/>\n<meta property=\"og:description\" content=\"DAWKOWANIE: Testosteron bez estru 100 mg \/ ml ZAWARTO\u015a\u0106 OPAKOWANIA: 1 x fiolka 10 ml, 100 mg na ml CO TO JEST: Testosteron jest najcz\u0119\u015bciej stosowanym i najbardziej wszechstronnym sterydem na rynku. Wszystkie cykle wymagaj\u0105 bazy testosteronu w po\u0142\u0105czeniu z innymi sterydami lub mog\u0105 nawet sk\u0142ada\u0107 si\u0119 tylko z testosteronu, mo\u017ce by\u0107 r\u00f3wnie\u017c stosowany w&hellip;\" \/>\n<meta property=\"og:url\" content=\"https:\/\/asteralabs.org\/pl\/product\/testosteron-bez-estrow\/\" \/>\n<meta property=\"og:site_name\" content=\"Astera Labs\" \/>\n<meta property=\"article:modified_time\" content=\"2026-01-15T11:17:19+00:00\" \/>\n<meta property=\"og:image\" content=\"https:\/\/asteralabs.org\/wp-content\/uploads\/2022\/11\/6.png\" \/>\n\t<meta property=\"og:image:width\" content=\"2000\" \/>\n\t<meta property=\"og:image:height\" content=\"2000\" \/>\n\t<meta property=\"og:image:type\" content=\"image\/png\" \/>\n<meta name=\"twitter:card\" content=\"summary_large_image\" \/>\n<script type=\"application\/ld+json\" class=\"yoast-schema-graph\">{\"@context\":\"https:\/\/schema.org\",\"@graph\":[{\"@type\":\"WebPage\",\"@id\":\"https:\/\/asteralabs.org\/pl\/product\/testosteron-bez-estrow\/\",\"url\":\"https:\/\/asteralabs.org\/pl\/product\/testosteron-bez-estrow\/\",\"name\":\"Testosteron bez estr\u00f3w - Astera Labs\",\"isPartOf\":{\"@id\":\"https:\/\/asteralabs.org\/pl\/#website\"},\"primaryImageOfPage\":{\"@id\":\"https:\/\/asteralabs.org\/pl\/product\/testosteron-bez-estrow\/#primaryimage\"},\"image\":{\"@id\":\"https:\/\/asteralabs.org\/pl\/product\/testosteron-bez-estrow\/#primaryimage\"},\"thumbnailUrl\":\"https:\/\/asteralabs.org\/wp-content\/uploads\/2022\/11\/6.png\",\"datePublished\":\"2022-11-05T23:07:08+00:00\",\"dateModified\":\"2026-01-15T11:17:19+00:00\",\"breadcrumb\":{\"@id\":\"https:\/\/asteralabs.org\/pl\/product\/testosteron-bez-estrow\/#breadcrumb\"},\"inLanguage\":\"pl-PL\",\"potentialAction\":[{\"@type\":\"ReadAction\",\"target\":[\"https:\/\/asteralabs.org\/pl\/product\/testosteron-bez-estrow\/\"]}]},{\"@type\":\"ImageObject\",\"inLanguage\":\"pl-PL\",\"@id\":\"https:\/\/asteralabs.org\/pl\/product\/testosteron-bez-estrow\/#primaryimage\",\"url\":\"https:\/\/asteralabs.org\/wp-content\/uploads\/2022\/11\/6.png\",\"contentUrl\":\"https:\/\/asteralabs.org\/wp-content\/uploads\/2022\/11\/6.png\",\"width\":2000,\"height\":2000},{\"@type\":\"BreadcrumbList\",\"@id\":\"https:\/\/asteralabs.org\/pl\/product\/testosteron-bez-estrow\/#breadcrumb\",\"itemListElement\":[{\"@type\":\"ListItem\",\"position\":1,\"name\":\"Home\",\"item\":\"https:\/\/asteralabs.org\/pl\/\"},{\"@type\":\"ListItem\",\"position\":2,\"name\":\"Sklep\",\"item\":\"https:\/\/asteralabs.org\/sklep\/\"},{\"@type\":\"ListItem\",\"position\":3,\"name\":\"Testosteron bez estr\u00f3w\"}]},{\"@type\":\"WebSite\",\"@id\":\"https:\/\/asteralabs.org\/pl\/#website\",\"url\":\"https:\/\/asteralabs.org\/pl\/\",\"name\":\"Astera Labs\",\"description\":\"Improve Your Quality Of Life\",\"publisher\":{\"@id\":\"https:\/\/asteralabs.org\/pl\/#organization\"},\"potentialAction\":[{\"@type\":\"SearchAction\",\"target\":{\"@type\":\"EntryPoint\",\"urlTemplate\":\"https:\/\/asteralabs.org\/pl\/?s={search_term_string}\"},\"query-input\":\"required name=search_term_string\"}],\"inLanguage\":\"pl-PL\"},{\"@type\":\"Organization\",\"@id\":\"https:\/\/asteralabs.org\/pl\/#organization\",\"name\":\"Astera Labs\",\"url\":\"https:\/\/asteralabs.org\/pl\/\",\"logo\":{\"@type\":\"ImageObject\",\"inLanguage\":\"pl-PL\",\"@id\":\"https:\/\/asteralabs.org\/pl\/#\/schema\/logo\/image\/\",\"url\":\"https:\/\/asteralabs.org\/wp-content\/uploads\/2022\/12\/astera-2.png\",\"contentUrl\":\"https:\/\/asteralabs.org\/wp-content\/uploads\/2022\/12\/astera-2.png\",\"width\":437,\"height\":111,\"caption\":\"Astera Labs\"},\"image\":{\"@id\":\"https:\/\/asteralabs.org\/pl\/#\/schema\/logo\/image\/\"}}]}<\/script>\n<!-- \/ Yoast SEO plugin. -->","yoast_head_json":{"title":"Testosteron bez estr\u00f3w - Astera Labs","robots":{"index":"index","follow":"follow","max-snippet":"max-snippet:-1","max-image-preview":"max-image-preview:large","max-video-preview":"max-video-preview:-1"},"canonical":"https:\/\/asteralabs.org\/pl\/product\/testosteron-bez-estrow\/","og_locale":"pl_PL","og_type":"article","og_title":"Testosteron bez estr\u00f3w - Astera Labs","og_description":"DAWKOWANIE: Testosteron bez estru 100 mg \/ ml ZAWARTO\u015a\u0106 OPAKOWANIA: 1 x fiolka 10 ml, 100 mg na ml CO TO JEST: Testosteron jest najcz\u0119\u015bciej stosowanym i najbardziej wszechstronnym sterydem na rynku. Wszystkie cykle wymagaj\u0105 bazy testosteronu w po\u0142\u0105czeniu z innymi sterydami lub mog\u0105 nawet sk\u0142ada\u0107 si\u0119 tylko z testosteronu, mo\u017ce by\u0107 r\u00f3wnie\u017c stosowany w&hellip;","og_url":"https:\/\/asteralabs.org\/pl\/product\/testosteron-bez-estrow\/","og_site_name":"Astera Labs","article_modified_time":"2026-01-15T11:17:19+00:00","og_image":[{"width":2000,"height":2000,"url":"https:\/\/asteralabs.org\/wp-content\/uploads\/2022\/11\/6.png","type":"image\/png"}],"twitter_card":"summary_large_image","schema":{"@context":"https:\/\/schema.org","@graph":[{"@type":"WebPage","@id":"https:\/\/asteralabs.org\/pl\/product\/testosteron-bez-estrow\/","url":"https:\/\/asteralabs.org\/pl\/product\/testosteron-bez-estrow\/","name":"Testosteron bez estr\u00f3w - Astera Labs","isPartOf":{"@id":"https:\/\/asteralabs.org\/pl\/#website"},"primaryImageOfPage":{"@id":"https:\/\/asteralabs.org\/pl\/product\/testosteron-bez-estrow\/#primaryimage"},"image":{"@id":"https:\/\/asteralabs.org\/pl\/product\/testosteron-bez-estrow\/#primaryimage"},"thumbnailUrl":"https:\/\/asteralabs.org\/wp-content\/uploads\/2022\/11\/6.png","datePublished":"2022-11-05T23:07:08+00:00","dateModified":"2026-01-15T11:17:19+00:00","breadcrumb":{"@id":"https:\/\/asteralabs.org\/pl\/product\/testosteron-bez-estrow\/#breadcrumb"},"inLanguage":"pl-PL","potentialAction":[{"@type":"ReadAction","target":["https:\/\/asteralabs.org\/pl\/product\/testosteron-bez-estrow\/"]}]},{"@type":"ImageObject","inLanguage":"pl-PL","@id":"https:\/\/asteralabs.org\/pl\/product\/testosteron-bez-estrow\/#primaryimage","url":"https:\/\/asteralabs.org\/wp-content\/uploads\/2022\/11\/6.png","contentUrl":"https:\/\/asteralabs.org\/wp-content\/uploads\/2022\/11\/6.png","width":2000,"height":2000},{"@type":"BreadcrumbList","@id":"https:\/\/asteralabs.org\/pl\/product\/testosteron-bez-estrow\/#breadcrumb","itemListElement":[{"@type":"ListItem","position":1,"name":"Home","item":"https:\/\/asteralabs.org\/pl\/"},{"@type":"ListItem","position":2,"name":"Sklep","item":"https:\/\/asteralabs.org\/sklep\/"},{"@type":"ListItem","position":3,"name":"Testosteron bez estr\u00f3w"}]},{"@type":"WebSite","@id":"https:\/\/asteralabs.org\/pl\/#website","url":"https:\/\/asteralabs.org\/pl\/","name":"Astera Labs","description":"Improve Your Quality Of Life","publisher":{"@id":"https:\/\/asteralabs.org\/pl\/#organization"},"potentialAction":[{"@type":"SearchAction","target":{"@type":"EntryPoint","urlTemplate":"https:\/\/asteralabs.org\/pl\/?s={search_term_string}"},"query-input":"required name=search_term_string"}],"inLanguage":"pl-PL"},{"@type":"Organization","@id":"https:\/\/asteralabs.org\/pl\/#organization","name":"Astera Labs","url":"https:\/\/asteralabs.org\/pl\/","logo":{"@type":"ImageObject","inLanguage":"pl-PL","@id":"https:\/\/asteralabs.org\/pl\/#\/schema\/logo\/image\/","url":"https:\/\/asteralabs.org\/wp-content\/uploads\/2022\/12\/astera-2.png","contentUrl":"https:\/\/asteralabs.org\/wp-content\/uploads\/2022\/12\/astera-2.png","width":437,"height":111,"caption":"Astera Labs"},"image":{"@id":"https:\/\/asteralabs.org\/pl\/#\/schema\/logo\/image\/"}}]}},"_links":{"self":[{"href":"https:\/\/asteralabs.org\/pl\/wp-json\/wp\/v2\/product\/77817"}],"collection":[{"href":"https:\/\/asteralabs.org\/pl\/wp-json\/wp\/v2\/product"}],"about":[{"href":"https:\/\/asteralabs.org\/pl\/wp-json\/wp\/v2\/types\/product"}],"replies":[{"embeddable":true,"href":"https:\/\/asteralabs.org\/pl\/wp-json\/wp\/v2\/comments?post=77817"}],"version-history":[{"count":0,"href":"https:\/\/asteralabs.org\/pl\/wp-json\/wp\/v2\/product\/77817\/revisions"}],"wp:featuredmedia":[{"embeddable":true,"href":"https:\/\/asteralabs.org\/pl\/wp-json\/wp\/v2\/media\/75180"}],"wp:attachment":[{"href":"https:\/\/asteralabs.org\/pl\/wp-json\/wp\/v2\/media?parent=77817"}],"wp:term":[{"taxonomy":"product_cat","embeddable":true,"href":"https:\/\/asteralabs.org\/pl\/wp-json\/wp\/v2\/product_cat?post=77817"},{"taxonomy":"product_tag","embeddable":true,"href":"https:\/\/asteralabs.org\/pl\/wp-json\/wp\/v2\/product_tag?post=77817"}],"curies":[{"name":"wp","href":"https:\/\/api.w.org\/{rel}","templated":true}]}}