{"id":77834,"date":"2022-11-05T23:06:18","date_gmt":"2022-11-05T23:06:18","guid":{"rendered":"https:\/\/asteralabs.org\/product\/dekanian-nandrolonu\/"},"modified":"2026-01-15T09:58:49","modified_gmt":"2026-01-15T09:58:49","slug":"dekanian-nandrolonu","status":"publish","type":"product","link":"https:\/\/asteralabs.org\/pl\/product\/dekanian-nandrolonu\/","title":{"rendered":"Dekanian nandrolonu"},"content":{"rendered":"<p><strong>DAWKOWANIE:<\/strong><br \/>\nDekanian nandrolonu 300 mg\/ml <strong>ZAWARTO\u015a\u0106 OPAKOWANIA:<\/strong><br \/>\n1 x fiolka 10 ml, 300 mg na ml <strong>CO TO JEST:<\/strong><br \/>\nNandrolon jest szeroko stosowanym sterydem nale\u017c\u0105cym do rodziny 19 nors. 19-Nors charakteryzuj\u0105 si\u0119 og\u00f3lnie anabolizmem i aktywno\u015bci\u0105 progestagenn\u0105.<br \/>\nS\u0105 bardzo anaboliczne, ale wykazuj\u0105 r\u00f3wnie\u017c znaczne ilo\u015bci interakcji satelitarnych z innymi receptorami w organizmie. Najbardziej godna uwagi jest ich interakcja z receptorem progesteronu.<br \/>\nProgestyny pochodne 19-Nor s\u0105 agonistami receptora progesteronu, co oznacza, \u017ce mog\u0105 wi\u0105za\u0107 si\u0119 z receptorem progesteronu i aktywowa\u0107 go. Nandrolon powoduje zmniejszenie zdolno\u015bci odczuwania b\u00f3lu (kt\u00f3rego wzrost jest mylony z efektem leczniczym) i mo\u017ce by\u0107 r\u00f3wnie\u017c zredukowany do DHN, DHN mo\u017ce wypiera\u0107 DHT z jego receptor\u00f3w, powoduj\u0105c kilka skutk\u00f3w ubocznych, w\u015br\u00f3d kt\u00f3rych wyr\u00f3\u017cniaj\u0105 si\u0119 wahania nastroju i brak erekcji, mo\u017cna temu zaradzi\u0107 stosuj\u0105c Masteron, Proviron lub inny steryd, kt\u00f3ry reaguje bezpo\u015brednio z receptorem androgenowym poprzez DHT. <strong>SPOS\u00d3B U\u017bYCIA:<\/strong><br \/>\nNormalne dawki wynosz\u0105 zwykle od 200 do 400 mg na tydzie\u0144 dla pocz\u0105tkuj\u0105cych i \u015brednio zaawansowanych sportowc\u00f3w, z mo\u017cliwo\u015bci\u0105 stosowania 800 na tydzie\u0144 do cel\u00f3w specyficznych lub konkurencyjnych. Poniewa\u017c ma d\u0142ugi ester, zaleca si\u0119 wstrzykiwanie go EOD lub E3D. <strong>INFORMACJE O PARTII:<br \/>\n<\/strong>Nr partii: <span data-sheets-root=\"1\" data-sheets-value=\"{\" data-sheets-userformat=\"{\">HV14386<\/span><br \/>\nData produkcji: <span data-sheets-root=\"1\" data-sheets-value=\"{\" data-sheets-userformat=\"{\">10.2025.<\/span><br \/>\nData wa\u017cno\u015bci: 10<span data-sheets-root=\"1\" data-sheets-value=\"{&quot;1&quot;:2,&quot;2&quot;:&quot;03.2026.&quot;}\" data-sheets-userformat=\"{&quot;2&quot;:637,&quot;3&quot;:{&quot;1&quot;:0},&quot;5&quot;:{&quot;1&quot;:[{&quot;1&quot;:2,&quot;2&quot;:0,&quot;5&quot;:{&quot;1&quot;:2,&quot;2&quot;:0}},{&quot;1&quot;:0,&quot;2&quot;:0,&quot;3&quot;:3},{&quot;1&quot;:1,&quot;2&quot;:0,&quot;4&quot;:1}]},&quot;6&quot;:{&quot;1&quot;:[{&quot;1&quot;:2,&quot;2&quot;:0,&quot;5&quot;:{&quot;1&quot;:2,&quot;2&quot;:0}},{&quot;1&quot;:0,&quot;2&quot;:0,&quot;3&quot;:3},{&quot;1&quot;:1,&quot;2&quot;:0,&quot;4&quot;:1}]},&quot;7&quot;:{&quot;1&quot;:[{&quot;1&quot;:2,&quot;2&quot;:0,&quot;5&quot;:{&quot;1&quot;:2,&quot;2&quot;:0}},{&quot;1&quot;:0,&quot;2&quot;:0,&quot;3&quot;:3},{&quot;1&quot;:1,&quot;2&quot;:0,&quot;4&quot;:1}]},&quot;8&quot;:{&quot;1&quot;:[{&quot;1&quot;:2,&quot;2&quot;:0,&quot;5&quot;:{&quot;1&quot;:2,&quot;2&quot;:0}},{&quot;1&quot;:0,&quot;2&quot;:0,&quot;3&quot;:3},{&quot;1&quot;:1,&quot;2&quot;:0,&quot;4&quot;:1}]},&quot;9&quot;:0,&quot;12&quot;:0}\">.2028.<\/span><\/p>\n","protected":false},"excerpt":{"rendered":"<p>DAWKOWANIE: Dekanian nandrolonu 300 mg\/ml ZAWARTO\u015a\u0106 OPAKOWANIA: 1 x fiolka 10 ml, 300 mg na ml CO TO JEST: Nandrolon jest szeroko stosowanym sterydem nale\u017c\u0105cym do rodziny 19 nors. 19-Nors charakteryzuj\u0105 si\u0119 og\u00f3lnie anabolizmem i aktywno\u015bci\u0105 progestagenn\u0105. S\u0105 bardzo anaboliczne, ale wykazuj\u0105 r\u00f3wnie\u017c znaczne ilo\u015bci interakcji satelitarnych z innymi receptorami w organizmie. Najbardziej godna uwagi&hellip;<\/p>\n","protected":false},"featured_media":75172,"comment_status":"open","ping_status":"closed","template":"","meta":{"_acf_changed":false},"product_brand":[],"product_cat":[167,165],"product_tag":[],"class_list":{"0":"post-77834","1":"product","2":"type-product","3":"status-publish","4":"has-post-thumbnail","6":"product_cat-all-pl","7":"product_cat-injectables-pl","8":"description-off","10":"first","11":"instock","12":"shipping-taxable","13":"product-type-simple"},"acf":[],"yoast_head":"<!-- This site is optimized with the Yoast SEO plugin v27.4 - https:\/\/yoast.com\/product\/yoast-seo-wordpress\/ -->\n<title>Dekanian nandrolonu - Astera Labs<\/title>\n<meta name=\"robots\" content=\"index, follow, max-snippet:-1, max-image-preview:large, max-video-preview:-1\" \/>\n<link rel=\"canonical\" href=\"https:\/\/asteralabs.org\/pl\/product\/dekanian-nandrolonu\/\" \/>\n<meta property=\"og:locale\" content=\"pl_PL\" \/>\n<meta property=\"og:type\" content=\"article\" \/>\n<meta property=\"og:title\" content=\"Dekanian nandrolonu - Astera Labs\" \/>\n<meta property=\"og:description\" content=\"DAWKOWANIE: Dekanian nandrolonu 300 mg\/ml ZAWARTO\u015a\u0106 OPAKOWANIA: 1 x fiolka 10 ml, 300 mg na ml CO TO JEST: Nandrolon jest szeroko stosowanym sterydem nale\u017c\u0105cym do rodziny 19 nors. 19-Nors charakteryzuj\u0105 si\u0119 og\u00f3lnie anabolizmem i aktywno\u015bci\u0105 progestagenn\u0105. S\u0105 bardzo anaboliczne, ale wykazuj\u0105 r\u00f3wnie\u017c znaczne ilo\u015bci interakcji satelitarnych z innymi receptorami w organizmie. Najbardziej godna uwagi&hellip;\" \/>\n<meta property=\"og:url\" content=\"https:\/\/asteralabs.org\/pl\/product\/dekanian-nandrolonu\/\" \/>\n<meta property=\"og:site_name\" content=\"Astera Labs\" \/>\n<meta property=\"article:modified_time\" content=\"2026-01-15T09:58:49+00:00\" \/>\n<meta property=\"og:image\" content=\"https:\/\/asteralabs.org\/wp-content\/uploads\/2022\/11\/13.png\" \/>\n\t<meta property=\"og:image:width\" content=\"2000\" \/>\n\t<meta property=\"og:image:height\" content=\"2000\" \/>\n\t<meta property=\"og:image:type\" content=\"image\/png\" \/>\n<meta name=\"twitter:card\" content=\"summary_large_image\" \/>\n<script type=\"application\/ld+json\" class=\"yoast-schema-graph\">{\"@context\":\"https:\\\/\\\/schema.org\",\"@graph\":[{\"@type\":\"WebPage\",\"@id\":\"https:\\\/\\\/asteralabs.org\\\/pl\\\/product\\\/dekanian-nandrolonu\\\/\",\"url\":\"https:\\\/\\\/asteralabs.org\\\/pl\\\/product\\\/dekanian-nandrolonu\\\/\",\"name\":\"Dekanian nandrolonu - Astera Labs\",\"isPartOf\":{\"@id\":\"https:\\\/\\\/asteralabs.org\\\/pl\\\/#website\"},\"primaryImageOfPage\":{\"@id\":\"https:\\\/\\\/asteralabs.org\\\/pl\\\/product\\\/dekanian-nandrolonu\\\/#primaryimage\"},\"image\":{\"@id\":\"https:\\\/\\\/asteralabs.org\\\/pl\\\/product\\\/dekanian-nandrolonu\\\/#primaryimage\"},\"thumbnailUrl\":\"https:\\\/\\\/asteralabs.org\\\/wp-content\\\/uploads\\\/2022\\\/11\\\/13.png\",\"datePublished\":\"2022-11-05T23:06:18+00:00\",\"dateModified\":\"2026-01-15T09:58:49+00:00\",\"breadcrumb\":{\"@id\":\"https:\\\/\\\/asteralabs.org\\\/pl\\\/product\\\/dekanian-nandrolonu\\\/#breadcrumb\"},\"inLanguage\":\"pl-PL\",\"potentialAction\":[{\"@type\":\"ReadAction\",\"target\":[\"https:\\\/\\\/asteralabs.org\\\/pl\\\/product\\\/dekanian-nandrolonu\\\/\"]}]},{\"@type\":\"ImageObject\",\"inLanguage\":\"pl-PL\",\"@id\":\"https:\\\/\\\/asteralabs.org\\\/pl\\\/product\\\/dekanian-nandrolonu\\\/#primaryimage\",\"url\":\"https:\\\/\\\/asteralabs.org\\\/wp-content\\\/uploads\\\/2022\\\/11\\\/13.png\",\"contentUrl\":\"https:\\\/\\\/asteralabs.org\\\/wp-content\\\/uploads\\\/2022\\\/11\\\/13.png\",\"width\":2000,\"height\":2000},{\"@type\":\"BreadcrumbList\",\"@id\":\"https:\\\/\\\/asteralabs.org\\\/pl\\\/product\\\/dekanian-nandrolonu\\\/#breadcrumb\",\"itemListElement\":[{\"@type\":\"ListItem\",\"position\":1,\"name\":\"Home\",\"item\":\"https:\\\/\\\/asteralabs.org\\\/pl\\\/\"},{\"@type\":\"ListItem\",\"position\":2,\"name\":\"Sklep\",\"item\":\"https:\\\/\\\/asteralabs.org\\\/pl\\\/sklep\\\/\"},{\"@type\":\"ListItem\",\"position\":3,\"name\":\"Dekanian nandrolonu\"}]},{\"@type\":\"WebSite\",\"@id\":\"https:\\\/\\\/asteralabs.org\\\/pl\\\/#website\",\"url\":\"https:\\\/\\\/asteralabs.org\\\/pl\\\/\",\"name\":\"Astera Labs\",\"description\":\"Improve Your Quality Of Life\",\"publisher\":{\"@id\":\"https:\\\/\\\/asteralabs.org\\\/pl\\\/#organization\"},\"potentialAction\":[{\"@type\":\"SearchAction\",\"target\":{\"@type\":\"EntryPoint\",\"urlTemplate\":\"https:\\\/\\\/asteralabs.org\\\/pl\\\/?s={search_term_string}\"},\"query-input\":{\"@type\":\"PropertyValueSpecification\",\"valueRequired\":true,\"valueName\":\"search_term_string\"}}],\"inLanguage\":\"pl-PL\"},{\"@type\":\"Organization\",\"@id\":\"https:\\\/\\\/asteralabs.org\\\/pl\\\/#organization\",\"name\":\"Astera Labs\",\"url\":\"https:\\\/\\\/asteralabs.org\\\/pl\\\/\",\"logo\":{\"@type\":\"ImageObject\",\"inLanguage\":\"pl-PL\",\"@id\":\"https:\\\/\\\/asteralabs.org\\\/pl\\\/#\\\/schema\\\/logo\\\/image\\\/\",\"url\":\"https:\\\/\\\/asteralabs.org\\\/wp-content\\\/uploads\\\/2022\\\/12\\\/astera-2.png\",\"contentUrl\":\"https:\\\/\\\/asteralabs.org\\\/wp-content\\\/uploads\\\/2022\\\/12\\\/astera-2.png\",\"width\":437,\"height\":111,\"caption\":\"Astera Labs\"},\"image\":{\"@id\":\"https:\\\/\\\/asteralabs.org\\\/pl\\\/#\\\/schema\\\/logo\\\/image\\\/\"}}]}<\/script>\n<!-- \/ Yoast SEO plugin. -->","yoast_head_json":{"title":"Dekanian nandrolonu - Astera Labs","robots":{"index":"index","follow":"follow","max-snippet":"max-snippet:-1","max-image-preview":"max-image-preview:large","max-video-preview":"max-video-preview:-1"},"canonical":"https:\/\/asteralabs.org\/pl\/product\/dekanian-nandrolonu\/","og_locale":"pl_PL","og_type":"article","og_title":"Dekanian nandrolonu - Astera Labs","og_description":"DAWKOWANIE: Dekanian nandrolonu 300 mg\/ml ZAWARTO\u015a\u0106 OPAKOWANIA: 1 x fiolka 10 ml, 300 mg na ml CO TO JEST: Nandrolon jest szeroko stosowanym sterydem nale\u017c\u0105cym do rodziny 19 nors. 19-Nors charakteryzuj\u0105 si\u0119 og\u00f3lnie anabolizmem i aktywno\u015bci\u0105 progestagenn\u0105. S\u0105 bardzo anaboliczne, ale wykazuj\u0105 r\u00f3wnie\u017c znaczne ilo\u015bci interakcji satelitarnych z innymi receptorami w organizmie. Najbardziej godna uwagi&hellip;","og_url":"https:\/\/asteralabs.org\/pl\/product\/dekanian-nandrolonu\/","og_site_name":"Astera Labs","article_modified_time":"2026-01-15T09:58:49+00:00","og_image":[{"width":2000,"height":2000,"url":"https:\/\/asteralabs.org\/wp-content\/uploads\/2022\/11\/13.png","type":"image\/png"}],"twitter_card":"summary_large_image","schema":{"@context":"https:\/\/schema.org","@graph":[{"@type":"WebPage","@id":"https:\/\/asteralabs.org\/pl\/product\/dekanian-nandrolonu\/","url":"https:\/\/asteralabs.org\/pl\/product\/dekanian-nandrolonu\/","name":"Dekanian nandrolonu - Astera Labs","isPartOf":{"@id":"https:\/\/asteralabs.org\/pl\/#website"},"primaryImageOfPage":{"@id":"https:\/\/asteralabs.org\/pl\/product\/dekanian-nandrolonu\/#primaryimage"},"image":{"@id":"https:\/\/asteralabs.org\/pl\/product\/dekanian-nandrolonu\/#primaryimage"},"thumbnailUrl":"https:\/\/asteralabs.org\/wp-content\/uploads\/2022\/11\/13.png","datePublished":"2022-11-05T23:06:18+00:00","dateModified":"2026-01-15T09:58:49+00:00","breadcrumb":{"@id":"https:\/\/asteralabs.org\/pl\/product\/dekanian-nandrolonu\/#breadcrumb"},"inLanguage":"pl-PL","potentialAction":[{"@type":"ReadAction","target":["https:\/\/asteralabs.org\/pl\/product\/dekanian-nandrolonu\/"]}]},{"@type":"ImageObject","inLanguage":"pl-PL","@id":"https:\/\/asteralabs.org\/pl\/product\/dekanian-nandrolonu\/#primaryimage","url":"https:\/\/asteralabs.org\/wp-content\/uploads\/2022\/11\/13.png","contentUrl":"https:\/\/asteralabs.org\/wp-content\/uploads\/2022\/11\/13.png","width":2000,"height":2000},{"@type":"BreadcrumbList","@id":"https:\/\/asteralabs.org\/pl\/product\/dekanian-nandrolonu\/#breadcrumb","itemListElement":[{"@type":"ListItem","position":1,"name":"Home","item":"https:\/\/asteralabs.org\/pl\/"},{"@type":"ListItem","position":2,"name":"Sklep","item":"https:\/\/asteralabs.org\/pl\/sklep\/"},{"@type":"ListItem","position":3,"name":"Dekanian nandrolonu"}]},{"@type":"WebSite","@id":"https:\/\/asteralabs.org\/pl\/#website","url":"https:\/\/asteralabs.org\/pl\/","name":"Astera Labs","description":"Improve Your Quality Of Life","publisher":{"@id":"https:\/\/asteralabs.org\/pl\/#organization"},"potentialAction":[{"@type":"SearchAction","target":{"@type":"EntryPoint","urlTemplate":"https:\/\/asteralabs.org\/pl\/?s={search_term_string}"},"query-input":{"@type":"PropertyValueSpecification","valueRequired":true,"valueName":"search_term_string"}}],"inLanguage":"pl-PL"},{"@type":"Organization","@id":"https:\/\/asteralabs.org\/pl\/#organization","name":"Astera Labs","url":"https:\/\/asteralabs.org\/pl\/","logo":{"@type":"ImageObject","inLanguage":"pl-PL","@id":"https:\/\/asteralabs.org\/pl\/#\/schema\/logo\/image\/","url":"https:\/\/asteralabs.org\/wp-content\/uploads\/2022\/12\/astera-2.png","contentUrl":"https:\/\/asteralabs.org\/wp-content\/uploads\/2022\/12\/astera-2.png","width":437,"height":111,"caption":"Astera Labs"},"image":{"@id":"https:\/\/asteralabs.org\/pl\/#\/schema\/logo\/image\/"}}]}},"_links":{"self":[{"href":"https:\/\/asteralabs.org\/pl\/wp-json\/wp\/v2\/product\/77834","targetHints":{"allow":["GET"]}}],"collection":[{"href":"https:\/\/asteralabs.org\/pl\/wp-json\/wp\/v2\/product"}],"about":[{"href":"https:\/\/asteralabs.org\/pl\/wp-json\/wp\/v2\/types\/product"}],"replies":[{"embeddable":true,"href":"https:\/\/asteralabs.org\/pl\/wp-json\/wp\/v2\/comments?post=77834"}],"version-history":[{"count":0,"href":"https:\/\/asteralabs.org\/pl\/wp-json\/wp\/v2\/product\/77834\/revisions"}],"wp:featuredmedia":[{"embeddable":true,"href":"https:\/\/asteralabs.org\/pl\/wp-json\/wp\/v2\/media\/75172"}],"wp:attachment":[{"href":"https:\/\/asteralabs.org\/pl\/wp-json\/wp\/v2\/media?parent=77834"}],"wp:term":[{"taxonomy":"product_brand","embeddable":true,"href":"https:\/\/asteralabs.org\/pl\/wp-json\/wp\/v2\/product_brand?post=77834"},{"taxonomy":"product_cat","embeddable":true,"href":"https:\/\/asteralabs.org\/pl\/wp-json\/wp\/v2\/product_cat?post=77834"},{"taxonomy":"product_tag","embeddable":true,"href":"https:\/\/asteralabs.org\/pl\/wp-json\/wp\/v2\/product_tag?post=77834"}],"curies":[{"name":"wp","href":"https:\/\/api.w.org\/{rel}","templated":true}]}}