{"id":77840,"date":"2022-11-05T23:04:20","date_gmt":"2022-11-05T23:04:20","guid":{"rendered":"https:\/\/asteralabs.org\/product\/oksymetholon\/"},"modified":"2026-01-15T10:26:00","modified_gmt":"2026-01-15T10:26:00","slug":"oksymetholon","status":"publish","type":"product","link":"https:\/\/asteralabs.org\/pl\/product\/oksymetholon\/","title":{"rendered":"Oksymetholon"},"content":{"rendered":"<p><strong>DAWKOWANIE: <\/strong><br \/>\nOxymetholone 50mg\/ml <strong>ZAWARTO\u015a\u0106 OPAKOWANIA: <\/strong><br \/>\n1 x fiolka 10ML, 50 mg na ml <strong>CO TO JEST: <\/strong><br \/>\nOxymetholone jest jednym z najcz\u0119\u015bciej stosowanych doustnych steryd\u00f3w na rynku. Zwykle stosuje si\u0119 go w cyklach \u0142\u0105czenia ze wzgl\u0119du na szybki przyrost masy mi\u0119\u015bniowej, kt\u00f3ry zapewnia (cz\u0119\u015bciowo dzi\u0119ki zwi\u0119kszeniu zapas\u00f3w glikogenu), r\u00f3wnie\u017c z tego powodu zapewnia znaczny wzrost si\u0142y, dlatego jest powszechnie stosowany w tr\u00f3jboju si\u0142owym i zawodach strongman. Jego hepatotoksyczno\u015b\u0107 nie jest tak wysoka, jak plotkowano, stosunkowo wysokie dawki s\u0105 uwa\u017cane za bezpieczne u chorych dzieci i os\u00f3b z rakiem i osteoporoz\u0105, zgodnie z r\u00f3\u017cnymi badaniami klinicznymi. B\u0119d\u0105c wersj\u0105 do wstrzykiwa\u0144, jego wch\u0142anianie b\u0119dzie wi\u0119ksze, a poniewa\u017c nie zawiera estru, jego wch\u0142anianie b\u0119dzie prawie tak szybkie, jak w przypadku wersji doustnej. <strong>SPOS\u00d3B U\u017bYCIA: <\/strong><br \/>\nNajcz\u0119stsze dawki wynosz\u0105 od 50 do 100 mg dziennie. Chocia\u017c jest to preparat do wstrzykiwania, u\u017cyliby\u015bmy tego samego protoko\u0142u, kt\u00f3ry jest u\u017cywany z wersj\u0105 doustn\u0105. Cykle zwykle trwaj\u0105 od 4 do 6 tygodni. <strong>INFORMACJE O PARTII:<br \/>\n<\/strong>Nr partii: <span data-sheets-root=\"1\" data-sheets-value=\"{\" data-sheets-userformat=\"{\">\u00a0PQ92604<\/span><br \/>\nData produkcji: <span data-sheets-root=\"1\" data-sheets-value=\"{\" data-sheets-userformat=\"{\">10.2025.<\/span><br \/>\nData wa\u017cno\u015bci: <span data-sheets-root=\"1\" data-sheets-value=\"{\" data-sheets-userformat=\"{\">10.2028.<\/span><\/p>\n","protected":false},"excerpt":{"rendered":"<p>DAWKOWANIE: Oxymetholone 50mg\/ml ZAWARTO\u015a\u0106 OPAKOWANIA: 1 x fiolka 10ML, 50 mg na ml CO TO JEST: Oxymetholone jest jednym z najcz\u0119\u015bciej stosowanych doustnych steryd\u00f3w na rynku. Zwykle stosuje si\u0119 go w cyklach \u0142\u0105czenia ze wzgl\u0119du na szybki przyrost masy mi\u0119\u015bniowej, kt\u00f3ry zapewnia (cz\u0119\u015bciowo dzi\u0119ki zwi\u0119kszeniu zapas\u00f3w glikogenu), r\u00f3wnie\u017c z tego powodu zapewnia znaczny wzrost si\u0142y,&hellip;<\/p>\n","protected":false},"featured_media":75164,"comment_status":"open","ping_status":"closed","template":"","meta":[],"product_cat":[167,165],"product_tag":[],"yoast_head":"<!-- This site is optimized with the Yoast SEO plugin v23.0 - https:\/\/yoast.com\/wordpress\/plugins\/seo\/ -->\n<title>Oksymetholon - Astera Labs<\/title>\n<meta name=\"robots\" content=\"index, follow, max-snippet:-1, max-image-preview:large, max-video-preview:-1\" \/>\n<link rel=\"canonical\" href=\"https:\/\/asteralabs.org\/pl\/product\/oksymetholon\/\" \/>\n<meta property=\"og:locale\" content=\"pl_PL\" \/>\n<meta property=\"og:type\" content=\"article\" \/>\n<meta property=\"og:title\" content=\"Oksymetholon - Astera Labs\" \/>\n<meta property=\"og:description\" content=\"DAWKOWANIE: Oxymetholone 50mg\/ml ZAWARTO\u015a\u0106 OPAKOWANIA: 1 x fiolka 10ML, 50 mg na ml CO TO JEST: Oxymetholone jest jednym z najcz\u0119\u015bciej stosowanych doustnych steryd\u00f3w na rynku. Zwykle stosuje si\u0119 go w cyklach \u0142\u0105czenia ze wzgl\u0119du na szybki przyrost masy mi\u0119\u015bniowej, kt\u00f3ry zapewnia (cz\u0119\u015bciowo dzi\u0119ki zwi\u0119kszeniu zapas\u00f3w glikogenu), r\u00f3wnie\u017c z tego powodu zapewnia znaczny wzrost si\u0142y,&hellip;\" \/>\n<meta property=\"og:url\" content=\"https:\/\/asteralabs.org\/pl\/product\/oksymetholon\/\" \/>\n<meta property=\"og:site_name\" content=\"Astera Labs\" \/>\n<meta property=\"article:modified_time\" content=\"2026-01-15T10:26:00+00:00\" \/>\n<meta property=\"og:image\" content=\"https:\/\/asteralabs.org\/wp-content\/uploads\/2022\/11\/26.png\" \/>\n\t<meta property=\"og:image:width\" content=\"2000\" \/>\n\t<meta property=\"og:image:height\" content=\"2000\" \/>\n\t<meta property=\"og:image:type\" content=\"image\/png\" \/>\n<meta name=\"twitter:card\" content=\"summary_large_image\" \/>\n<script type=\"application\/ld+json\" class=\"yoast-schema-graph\">{\"@context\":\"https:\/\/schema.org\",\"@graph\":[{\"@type\":\"WebPage\",\"@id\":\"https:\/\/asteralabs.org\/pl\/product\/oksymetholon\/\",\"url\":\"https:\/\/asteralabs.org\/pl\/product\/oksymetholon\/\",\"name\":\"Oksymetholon - Astera Labs\",\"isPartOf\":{\"@id\":\"https:\/\/asteralabs.org\/pl\/#website\"},\"primaryImageOfPage\":{\"@id\":\"https:\/\/asteralabs.org\/pl\/product\/oksymetholon\/#primaryimage\"},\"image\":{\"@id\":\"https:\/\/asteralabs.org\/pl\/product\/oksymetholon\/#primaryimage\"},\"thumbnailUrl\":\"https:\/\/asteralabs.org\/wp-content\/uploads\/2022\/11\/26.png\",\"datePublished\":\"2022-11-05T23:04:20+00:00\",\"dateModified\":\"2026-01-15T10:26:00+00:00\",\"breadcrumb\":{\"@id\":\"https:\/\/asteralabs.org\/pl\/product\/oksymetholon\/#breadcrumb\"},\"inLanguage\":\"pl-PL\",\"potentialAction\":[{\"@type\":\"ReadAction\",\"target\":[\"https:\/\/asteralabs.org\/pl\/product\/oksymetholon\/\"]}]},{\"@type\":\"ImageObject\",\"inLanguage\":\"pl-PL\",\"@id\":\"https:\/\/asteralabs.org\/pl\/product\/oksymetholon\/#primaryimage\",\"url\":\"https:\/\/asteralabs.org\/wp-content\/uploads\/2022\/11\/26.png\",\"contentUrl\":\"https:\/\/asteralabs.org\/wp-content\/uploads\/2022\/11\/26.png\",\"width\":2000,\"height\":2000},{\"@type\":\"BreadcrumbList\",\"@id\":\"https:\/\/asteralabs.org\/pl\/product\/oksymetholon\/#breadcrumb\",\"itemListElement\":[{\"@type\":\"ListItem\",\"position\":1,\"name\":\"Home\",\"item\":\"https:\/\/asteralabs.org\/pl\/\"},{\"@type\":\"ListItem\",\"position\":2,\"name\":\"Sklep\",\"item\":\"https:\/\/asteralabs.org\/sklep\/\"},{\"@type\":\"ListItem\",\"position\":3,\"name\":\"Oksymetholon\"}]},{\"@type\":\"WebSite\",\"@id\":\"https:\/\/asteralabs.org\/pl\/#website\",\"url\":\"https:\/\/asteralabs.org\/pl\/\",\"name\":\"Astera Labs\",\"description\":\"Improve Your Quality Of Life\",\"publisher\":{\"@id\":\"https:\/\/asteralabs.org\/pl\/#organization\"},\"potentialAction\":[{\"@type\":\"SearchAction\",\"target\":{\"@type\":\"EntryPoint\",\"urlTemplate\":\"https:\/\/asteralabs.org\/pl\/?s={search_term_string}\"},\"query-input\":\"required name=search_term_string\"}],\"inLanguage\":\"pl-PL\"},{\"@type\":\"Organization\",\"@id\":\"https:\/\/asteralabs.org\/pl\/#organization\",\"name\":\"Astera Labs\",\"url\":\"https:\/\/asteralabs.org\/pl\/\",\"logo\":{\"@type\":\"ImageObject\",\"inLanguage\":\"pl-PL\",\"@id\":\"https:\/\/asteralabs.org\/pl\/#\/schema\/logo\/image\/\",\"url\":\"https:\/\/asteralabs.org\/wp-content\/uploads\/2022\/12\/astera-2.png\",\"contentUrl\":\"https:\/\/asteralabs.org\/wp-content\/uploads\/2022\/12\/astera-2.png\",\"width\":437,\"height\":111,\"caption\":\"Astera Labs\"},\"image\":{\"@id\":\"https:\/\/asteralabs.org\/pl\/#\/schema\/logo\/image\/\"}}]}<\/script>\n<!-- \/ Yoast SEO plugin. -->","yoast_head_json":{"title":"Oksymetholon - Astera Labs","robots":{"index":"index","follow":"follow","max-snippet":"max-snippet:-1","max-image-preview":"max-image-preview:large","max-video-preview":"max-video-preview:-1"},"canonical":"https:\/\/asteralabs.org\/pl\/product\/oksymetholon\/","og_locale":"pl_PL","og_type":"article","og_title":"Oksymetholon - Astera Labs","og_description":"DAWKOWANIE: Oxymetholone 50mg\/ml ZAWARTO\u015a\u0106 OPAKOWANIA: 1 x fiolka 10ML, 50 mg na ml CO TO JEST: Oxymetholone jest jednym z najcz\u0119\u015bciej stosowanych doustnych steryd\u00f3w na rynku. Zwykle stosuje si\u0119 go w cyklach \u0142\u0105czenia ze wzgl\u0119du na szybki przyrost masy mi\u0119\u015bniowej, kt\u00f3ry zapewnia (cz\u0119\u015bciowo dzi\u0119ki zwi\u0119kszeniu zapas\u00f3w glikogenu), r\u00f3wnie\u017c z tego powodu zapewnia znaczny wzrost si\u0142y,&hellip;","og_url":"https:\/\/asteralabs.org\/pl\/product\/oksymetholon\/","og_site_name":"Astera Labs","article_modified_time":"2026-01-15T10:26:00+00:00","og_image":[{"width":2000,"height":2000,"url":"https:\/\/asteralabs.org\/wp-content\/uploads\/2022\/11\/26.png","type":"image\/png"}],"twitter_card":"summary_large_image","schema":{"@context":"https:\/\/schema.org","@graph":[{"@type":"WebPage","@id":"https:\/\/asteralabs.org\/pl\/product\/oksymetholon\/","url":"https:\/\/asteralabs.org\/pl\/product\/oksymetholon\/","name":"Oksymetholon - Astera Labs","isPartOf":{"@id":"https:\/\/asteralabs.org\/pl\/#website"},"primaryImageOfPage":{"@id":"https:\/\/asteralabs.org\/pl\/product\/oksymetholon\/#primaryimage"},"image":{"@id":"https:\/\/asteralabs.org\/pl\/product\/oksymetholon\/#primaryimage"},"thumbnailUrl":"https:\/\/asteralabs.org\/wp-content\/uploads\/2022\/11\/26.png","datePublished":"2022-11-05T23:04:20+00:00","dateModified":"2026-01-15T10:26:00+00:00","breadcrumb":{"@id":"https:\/\/asteralabs.org\/pl\/product\/oksymetholon\/#breadcrumb"},"inLanguage":"pl-PL","potentialAction":[{"@type":"ReadAction","target":["https:\/\/asteralabs.org\/pl\/product\/oksymetholon\/"]}]},{"@type":"ImageObject","inLanguage":"pl-PL","@id":"https:\/\/asteralabs.org\/pl\/product\/oksymetholon\/#primaryimage","url":"https:\/\/asteralabs.org\/wp-content\/uploads\/2022\/11\/26.png","contentUrl":"https:\/\/asteralabs.org\/wp-content\/uploads\/2022\/11\/26.png","width":2000,"height":2000},{"@type":"BreadcrumbList","@id":"https:\/\/asteralabs.org\/pl\/product\/oksymetholon\/#breadcrumb","itemListElement":[{"@type":"ListItem","position":1,"name":"Home","item":"https:\/\/asteralabs.org\/pl\/"},{"@type":"ListItem","position":2,"name":"Sklep","item":"https:\/\/asteralabs.org\/sklep\/"},{"@type":"ListItem","position":3,"name":"Oksymetholon"}]},{"@type":"WebSite","@id":"https:\/\/asteralabs.org\/pl\/#website","url":"https:\/\/asteralabs.org\/pl\/","name":"Astera Labs","description":"Improve Your Quality Of Life","publisher":{"@id":"https:\/\/asteralabs.org\/pl\/#organization"},"potentialAction":[{"@type":"SearchAction","target":{"@type":"EntryPoint","urlTemplate":"https:\/\/asteralabs.org\/pl\/?s={search_term_string}"},"query-input":"required name=search_term_string"}],"inLanguage":"pl-PL"},{"@type":"Organization","@id":"https:\/\/asteralabs.org\/pl\/#organization","name":"Astera Labs","url":"https:\/\/asteralabs.org\/pl\/","logo":{"@type":"ImageObject","inLanguage":"pl-PL","@id":"https:\/\/asteralabs.org\/pl\/#\/schema\/logo\/image\/","url":"https:\/\/asteralabs.org\/wp-content\/uploads\/2022\/12\/astera-2.png","contentUrl":"https:\/\/asteralabs.org\/wp-content\/uploads\/2022\/12\/astera-2.png","width":437,"height":111,"caption":"Astera Labs"},"image":{"@id":"https:\/\/asteralabs.org\/pl\/#\/schema\/logo\/image\/"}}]}},"_links":{"self":[{"href":"https:\/\/asteralabs.org\/pl\/wp-json\/wp\/v2\/product\/77840"}],"collection":[{"href":"https:\/\/asteralabs.org\/pl\/wp-json\/wp\/v2\/product"}],"about":[{"href":"https:\/\/asteralabs.org\/pl\/wp-json\/wp\/v2\/types\/product"}],"replies":[{"embeddable":true,"href":"https:\/\/asteralabs.org\/pl\/wp-json\/wp\/v2\/comments?post=77840"}],"version-history":[{"count":0,"href":"https:\/\/asteralabs.org\/pl\/wp-json\/wp\/v2\/product\/77840\/revisions"}],"wp:featuredmedia":[{"embeddable":true,"href":"https:\/\/asteralabs.org\/pl\/wp-json\/wp\/v2\/media\/75164"}],"wp:attachment":[{"href":"https:\/\/asteralabs.org\/pl\/wp-json\/wp\/v2\/media?parent=77840"}],"wp:term":[{"taxonomy":"product_cat","embeddable":true,"href":"https:\/\/asteralabs.org\/pl\/wp-json\/wp\/v2\/product_cat?post=77840"},{"taxonomy":"product_tag","embeddable":true,"href":"https:\/\/asteralabs.org\/pl\/wp-json\/wp\/v2\/product_tag?post=77840"}],"curies":[{"name":"wp","href":"https:\/\/api.w.org\/{rel}","templated":true}]}}