{"id":77858,"date":"2022-11-05T22:55:48","date_gmt":"2022-11-05T22:55:48","guid":{"rendered":"https:\/\/asteralabs.org\/product\/methenolone-enanthate-200\/"},"modified":"2026-01-15T09:41:40","modified_gmt":"2026-01-15T09:41:40","slug":"methenolone-enanthate-200","status":"publish","type":"product","link":"https:\/\/asteralabs.org\/pl\/product\/methenolone-enanthate-200\/","title":{"rendered":"Methenolone Enanthate 200"},"content":{"rendered":"<p><strong>DAWKOWANIE:<\/strong><br \/>\nMethenolone Enanthate 200mg\/ml <strong>ZAWARTO\u015a\u0106 OPAKOWANIA:<\/strong><br \/>\n1 x fiolka 10ML, 200 mg na ml <strong>CO TO JEST:<\/strong><br \/>\nMethenolone Enanthate jest jednym z najbardziej znanych i szeroko stosowanych steryd\u00f3w na rynku, cz\u0119\u015bciowo ze wzgl\u0119du na brak skutk\u00f3w ubocznych. Jest to przydatny steryd zar\u00f3wno w obj\u0119to\u015bci, jak i podczas fazy ci\u0119cia, poniewa\u017c poniewa\u017c nie ma skutk\u00f3w ubocznych, mo\u017cna go doda\u0107 do dowolnego cyklu, aby poprawi\u0107 jego moc. <strong>JAK STOSOWA\u0106:<\/strong><br \/>\nDawki, kt\u00f3re mo\u017cna stosowa\u0107 bez ryzyka lub z \u0142agodnymi skutkami ubocznymi, s\u0105 bardzo wysokie i zwykle stosuje si\u0119 od 400 mg tygodniowo do tego, na co pozwala kiesze\u0144. Cykle s\u0105 zwykle d\u0142ugie, zazwyczaj od 14 do 20 tygodni. Zalecam wstrzykiwanie EOD lub E3D. <strong>INFORMACJE O PARTII:<br \/>\n<\/strong>Nr partii: <span data-sheets-root=\"1\" data-sheets-value=\"{\" data-sheets-userformat=\"{\">IF90310<\/span><br \/>\nData produkcji: <span data-sheets-root=\"1\" data-sheets-value=\"{\" data-sheets-userformat=\"{\">10.2025.<\/span><br \/>\nData wa\u017cno\u015bci: <span data-sheets-root=\"1\" data-sheets-value=\"{\" data-sheets-userformat=\"{\">10.2028.<\/span><\/p>\n","protected":false},"excerpt":{"rendered":"<p>DAWKOWANIE: Methenolone Enanthate 200mg\/ml ZAWARTO\u015a\u0106 OPAKOWANIA: 1 x fiolka 10ML, 200 mg na ml CO TO JEST: Methenolone Enanthate jest jednym z najbardziej znanych i szeroko stosowanych steryd\u00f3w na rynku, cz\u0119\u015bciowo ze wzgl\u0119du na brak skutk\u00f3w ubocznych. Jest to przydatny steryd zar\u00f3wno w obj\u0119to\u015bci, jak i podczas fazy ci\u0119cia, poniewa\u017c poniewa\u017c nie ma skutk\u00f3w ubocznych,&hellip;<\/p>\n","protected":false},"featured_media":75140,"comment_status":"open","ping_status":"closed","template":"","meta":[],"product_cat":[167,165],"product_tag":[],"yoast_head":"<!-- This site is optimized with the Yoast SEO plugin v23.0 - https:\/\/yoast.com\/wordpress\/plugins\/seo\/ -->\n<title>Methenolone Enanthate 200 - Astera Labs<\/title>\n<meta name=\"robots\" content=\"index, follow, max-snippet:-1, max-image-preview:large, max-video-preview:-1\" \/>\n<link rel=\"canonical\" href=\"https:\/\/asteralabs.org\/pl\/product\/methenolone-enanthate-200\/\" \/>\n<meta property=\"og:locale\" content=\"pl_PL\" \/>\n<meta property=\"og:type\" content=\"article\" \/>\n<meta property=\"og:title\" content=\"Methenolone Enanthate 200 - Astera Labs\" \/>\n<meta property=\"og:description\" content=\"DAWKOWANIE: Methenolone Enanthate 200mg\/ml ZAWARTO\u015a\u0106 OPAKOWANIA: 1 x fiolka 10ML, 200 mg na ml CO TO JEST: Methenolone Enanthate jest jednym z najbardziej znanych i szeroko stosowanych steryd\u00f3w na rynku, cz\u0119\u015bciowo ze wzgl\u0119du na brak skutk\u00f3w ubocznych. Jest to przydatny steryd zar\u00f3wno w obj\u0119to\u015bci, jak i podczas fazy ci\u0119cia, poniewa\u017c poniewa\u017c nie ma skutk\u00f3w ubocznych,&hellip;\" \/>\n<meta property=\"og:url\" content=\"https:\/\/asteralabs.org\/pl\/product\/methenolone-enanthate-200\/\" \/>\n<meta property=\"og:site_name\" content=\"Astera Labs\" \/>\n<meta property=\"article:modified_time\" content=\"2026-01-15T09:41:40+00:00\" \/>\n<meta property=\"og:image\" content=\"https:\/\/asteralabs.org\/wp-content\/uploads\/2022\/11\/22.png\" \/>\n\t<meta property=\"og:image:width\" content=\"2000\" \/>\n\t<meta property=\"og:image:height\" content=\"2000\" \/>\n\t<meta property=\"og:image:type\" content=\"image\/png\" \/>\n<meta name=\"twitter:card\" content=\"summary_large_image\" \/>\n<script type=\"application\/ld+json\" class=\"yoast-schema-graph\">{\"@context\":\"https:\/\/schema.org\",\"@graph\":[{\"@type\":\"WebPage\",\"@id\":\"https:\/\/asteralabs.org\/pl\/product\/methenolone-enanthate-200\/\",\"url\":\"https:\/\/asteralabs.org\/pl\/product\/methenolone-enanthate-200\/\",\"name\":\"Methenolone Enanthate 200 - Astera Labs\",\"isPartOf\":{\"@id\":\"https:\/\/asteralabs.org\/pl\/#website\"},\"primaryImageOfPage\":{\"@id\":\"https:\/\/asteralabs.org\/pl\/product\/methenolone-enanthate-200\/#primaryimage\"},\"image\":{\"@id\":\"https:\/\/asteralabs.org\/pl\/product\/methenolone-enanthate-200\/#primaryimage\"},\"thumbnailUrl\":\"https:\/\/asteralabs.org\/wp-content\/uploads\/2022\/11\/22.png\",\"datePublished\":\"2022-11-05T22:55:48+00:00\",\"dateModified\":\"2026-01-15T09:41:40+00:00\",\"breadcrumb\":{\"@id\":\"https:\/\/asteralabs.org\/pl\/product\/methenolone-enanthate-200\/#breadcrumb\"},\"inLanguage\":\"pl-PL\",\"potentialAction\":[{\"@type\":\"ReadAction\",\"target\":[\"https:\/\/asteralabs.org\/pl\/product\/methenolone-enanthate-200\/\"]}]},{\"@type\":\"ImageObject\",\"inLanguage\":\"pl-PL\",\"@id\":\"https:\/\/asteralabs.org\/pl\/product\/methenolone-enanthate-200\/#primaryimage\",\"url\":\"https:\/\/asteralabs.org\/wp-content\/uploads\/2022\/11\/22.png\",\"contentUrl\":\"https:\/\/asteralabs.org\/wp-content\/uploads\/2022\/11\/22.png\",\"width\":2000,\"height\":2000},{\"@type\":\"BreadcrumbList\",\"@id\":\"https:\/\/asteralabs.org\/pl\/product\/methenolone-enanthate-200\/#breadcrumb\",\"itemListElement\":[{\"@type\":\"ListItem\",\"position\":1,\"name\":\"Home\",\"item\":\"https:\/\/asteralabs.org\/pl\/\"},{\"@type\":\"ListItem\",\"position\":2,\"name\":\"Sklep\",\"item\":\"https:\/\/asteralabs.org\/sklep\/\"},{\"@type\":\"ListItem\",\"position\":3,\"name\":\"Methenolone Enanthate 200\"}]},{\"@type\":\"WebSite\",\"@id\":\"https:\/\/asteralabs.org\/pl\/#website\",\"url\":\"https:\/\/asteralabs.org\/pl\/\",\"name\":\"Astera Labs\",\"description\":\"Improve Your Quality Of Life\",\"publisher\":{\"@id\":\"https:\/\/asteralabs.org\/pl\/#organization\"},\"potentialAction\":[{\"@type\":\"SearchAction\",\"target\":{\"@type\":\"EntryPoint\",\"urlTemplate\":\"https:\/\/asteralabs.org\/pl\/?s={search_term_string}\"},\"query-input\":\"required name=search_term_string\"}],\"inLanguage\":\"pl-PL\"},{\"@type\":\"Organization\",\"@id\":\"https:\/\/asteralabs.org\/pl\/#organization\",\"name\":\"Astera Labs\",\"url\":\"https:\/\/asteralabs.org\/pl\/\",\"logo\":{\"@type\":\"ImageObject\",\"inLanguage\":\"pl-PL\",\"@id\":\"https:\/\/asteralabs.org\/pl\/#\/schema\/logo\/image\/\",\"url\":\"https:\/\/asteralabs.org\/wp-content\/uploads\/2022\/12\/astera-2.png\",\"contentUrl\":\"https:\/\/asteralabs.org\/wp-content\/uploads\/2022\/12\/astera-2.png\",\"width\":437,\"height\":111,\"caption\":\"Astera Labs\"},\"image\":{\"@id\":\"https:\/\/asteralabs.org\/pl\/#\/schema\/logo\/image\/\"}}]}<\/script>\n<!-- \/ Yoast SEO plugin. -->","yoast_head_json":{"title":"Methenolone Enanthate 200 - Astera Labs","robots":{"index":"index","follow":"follow","max-snippet":"max-snippet:-1","max-image-preview":"max-image-preview:large","max-video-preview":"max-video-preview:-1"},"canonical":"https:\/\/asteralabs.org\/pl\/product\/methenolone-enanthate-200\/","og_locale":"pl_PL","og_type":"article","og_title":"Methenolone Enanthate 200 - Astera Labs","og_description":"DAWKOWANIE: Methenolone Enanthate 200mg\/ml ZAWARTO\u015a\u0106 OPAKOWANIA: 1 x fiolka 10ML, 200 mg na ml CO TO JEST: Methenolone Enanthate jest jednym z najbardziej znanych i szeroko stosowanych steryd\u00f3w na rynku, cz\u0119\u015bciowo ze wzgl\u0119du na brak skutk\u00f3w ubocznych. Jest to przydatny steryd zar\u00f3wno w obj\u0119to\u015bci, jak i podczas fazy ci\u0119cia, poniewa\u017c poniewa\u017c nie ma skutk\u00f3w ubocznych,&hellip;","og_url":"https:\/\/asteralabs.org\/pl\/product\/methenolone-enanthate-200\/","og_site_name":"Astera Labs","article_modified_time":"2026-01-15T09:41:40+00:00","og_image":[{"width":2000,"height":2000,"url":"https:\/\/asteralabs.org\/wp-content\/uploads\/2022\/11\/22.png","type":"image\/png"}],"twitter_card":"summary_large_image","schema":{"@context":"https:\/\/schema.org","@graph":[{"@type":"WebPage","@id":"https:\/\/asteralabs.org\/pl\/product\/methenolone-enanthate-200\/","url":"https:\/\/asteralabs.org\/pl\/product\/methenolone-enanthate-200\/","name":"Methenolone Enanthate 200 - Astera Labs","isPartOf":{"@id":"https:\/\/asteralabs.org\/pl\/#website"},"primaryImageOfPage":{"@id":"https:\/\/asteralabs.org\/pl\/product\/methenolone-enanthate-200\/#primaryimage"},"image":{"@id":"https:\/\/asteralabs.org\/pl\/product\/methenolone-enanthate-200\/#primaryimage"},"thumbnailUrl":"https:\/\/asteralabs.org\/wp-content\/uploads\/2022\/11\/22.png","datePublished":"2022-11-05T22:55:48+00:00","dateModified":"2026-01-15T09:41:40+00:00","breadcrumb":{"@id":"https:\/\/asteralabs.org\/pl\/product\/methenolone-enanthate-200\/#breadcrumb"},"inLanguage":"pl-PL","potentialAction":[{"@type":"ReadAction","target":["https:\/\/asteralabs.org\/pl\/product\/methenolone-enanthate-200\/"]}]},{"@type":"ImageObject","inLanguage":"pl-PL","@id":"https:\/\/asteralabs.org\/pl\/product\/methenolone-enanthate-200\/#primaryimage","url":"https:\/\/asteralabs.org\/wp-content\/uploads\/2022\/11\/22.png","contentUrl":"https:\/\/asteralabs.org\/wp-content\/uploads\/2022\/11\/22.png","width":2000,"height":2000},{"@type":"BreadcrumbList","@id":"https:\/\/asteralabs.org\/pl\/product\/methenolone-enanthate-200\/#breadcrumb","itemListElement":[{"@type":"ListItem","position":1,"name":"Home","item":"https:\/\/asteralabs.org\/pl\/"},{"@type":"ListItem","position":2,"name":"Sklep","item":"https:\/\/asteralabs.org\/sklep\/"},{"@type":"ListItem","position":3,"name":"Methenolone Enanthate 200"}]},{"@type":"WebSite","@id":"https:\/\/asteralabs.org\/pl\/#website","url":"https:\/\/asteralabs.org\/pl\/","name":"Astera Labs","description":"Improve Your Quality Of Life","publisher":{"@id":"https:\/\/asteralabs.org\/pl\/#organization"},"potentialAction":[{"@type":"SearchAction","target":{"@type":"EntryPoint","urlTemplate":"https:\/\/asteralabs.org\/pl\/?s={search_term_string}"},"query-input":"required name=search_term_string"}],"inLanguage":"pl-PL"},{"@type":"Organization","@id":"https:\/\/asteralabs.org\/pl\/#organization","name":"Astera Labs","url":"https:\/\/asteralabs.org\/pl\/","logo":{"@type":"ImageObject","inLanguage":"pl-PL","@id":"https:\/\/asteralabs.org\/pl\/#\/schema\/logo\/image\/","url":"https:\/\/asteralabs.org\/wp-content\/uploads\/2022\/12\/astera-2.png","contentUrl":"https:\/\/asteralabs.org\/wp-content\/uploads\/2022\/12\/astera-2.png","width":437,"height":111,"caption":"Astera Labs"},"image":{"@id":"https:\/\/asteralabs.org\/pl\/#\/schema\/logo\/image\/"}}]}},"_links":{"self":[{"href":"https:\/\/asteralabs.org\/pl\/wp-json\/wp\/v2\/product\/77858"}],"collection":[{"href":"https:\/\/asteralabs.org\/pl\/wp-json\/wp\/v2\/product"}],"about":[{"href":"https:\/\/asteralabs.org\/pl\/wp-json\/wp\/v2\/types\/product"}],"replies":[{"embeddable":true,"href":"https:\/\/asteralabs.org\/pl\/wp-json\/wp\/v2\/comments?post=77858"}],"version-history":[{"count":0,"href":"https:\/\/asteralabs.org\/pl\/wp-json\/wp\/v2\/product\/77858\/revisions"}],"wp:featuredmedia":[{"embeddable":true,"href":"https:\/\/asteralabs.org\/pl\/wp-json\/wp\/v2\/media\/75140"}],"wp:attachment":[{"href":"https:\/\/asteralabs.org\/pl\/wp-json\/wp\/v2\/media?parent=77858"}],"wp:term":[{"taxonomy":"product_cat","embeddable":true,"href":"https:\/\/asteralabs.org\/pl\/wp-json\/wp\/v2\/product_cat?post=77858"},{"taxonomy":"product_tag","embeddable":true,"href":"https:\/\/asteralabs.org\/pl\/wp-json\/wp\/v2\/product_tag?post=77858"}],"curies":[{"name":"wp","href":"https:\/\/api.w.org\/{rel}","templated":true}]}}