{"id":77873,"date":"2022-11-05T22:53:52","date_gmt":"2022-11-05T22:53:52","guid":{"rendered":"https:\/\/asteralabs.org\/product\/l-karnityna\/"},"modified":"2026-01-15T09:14:21","modified_gmt":"2026-01-15T09:14:21","slug":"l-karnityna","status":"publish","type":"product","link":"https:\/\/asteralabs.org\/pl\/product\/l-karnityna\/","title":{"rendered":"L-karnityna"},"content":{"rendered":"<p><strong>DAWKOWANIE:<\/strong><br \/>\nL-karnityna 500mg\/ml <strong>ZAWARTO\u015a\u0106 OPAKOWANIA:<\/strong><br \/>\n1 x fiolka 10ML, 500 mg na ml <strong>CO TO JEST:<\/strong><br \/>\nKarnityna jest aminokwasem, kt\u00f3rego funkcj\u0105 jest transport kwas\u00f3w t\u0142uszczowych do mitochondri\u00f3w. Karnityna jest przydatna w zwi\u0119kszaniu i optymalizacji spalania t\u0142uszczu, poprawie regeneracji i zwi\u0119kszaniu wybuchowych poziom\u00f3w si\u0142y. Poniewa\u017c poziom karnityny mo\u017ce zosta\u0107 znacznie obni\u017cony podczas zwyk\u0142ej sesji treningowej, zaleca si\u0119 jej egzogenne podawanie, a na podstawie dost\u0119pnych bada\u0144 klinicznych zaleca si\u0119 podawanie jej w stanie hiperinsulinemii w celu poprawy jej wch\u0142aniania. <strong>SPOS\u00d3B U\u017bYCIA:<\/strong><br \/>\nMo\u017ce by\u0107 podawana zar\u00f3wno domi\u0119\u015bniowo (IM), jak i podsk\u00f3rnie (Subq), minimalna dawka b\u0119dzie wynosi\u0107 400 mg dziennie, co najwy\u017cej tyle, na ile mo\u017cesz sobie pozwoli\u0107, chocia\u017c przy minimalnej wskazanej dawce na og\u00f3\u0142 b\u0119dziesz mie\u0107 wi\u0119cej ni\u017c wystarczaj\u0105co, o ile utrzymasz rytm wstrzykni\u0119\u0107. sta\u0142e utrzymywanie poziom\u00f3w nasycenia. Takiemu podawaniu L-karnityny musi towarzyszy\u0107 stan hiperinsulinemii, mo\u017cemy to osi\u0105gn\u0105\u0107 podaj\u0105c du\u017c\u0105 ilo\u015b\u0107 w\u0119glowodan\u00f3w prostych, oko\u0142o 90 gram\u00f3w. Mo\u017cna to r\u00f3wnie\u017c osi\u0105gn\u0105\u0107 po prostu wstrzykuj\u0105c insulin\u0119, u\u017cywaj\u0105c dok\u0142adnie 7 do 10IU ultraszybkiej insuliny podsk\u00f3rnie. <strong>INFORMACJE O PARTII:<br \/>\n<\/strong>Nr partii: <span data-sheets-root=\"1\" data-sheets-value=\"{\" data-sheets-userformat=\"{\">LU71048<\/span><br \/>\nData produkcji: <span data-sheets-root=\"1\" data-sheets-value=\"{\" data-sheets-userformat=\"{\">10.2025.<\/span><br \/>\nData wa\u017cno\u015bci: <span data-sheets-root=\"1\" data-sheets-value=\"{\" data-sheets-userformat=\"{\">10.2028.<\/span><\/p>\n","protected":false},"excerpt":{"rendered":"<p>DAWKOWANIE: L-karnityna 500mg\/ml ZAWARTO\u015a\u0106 OPAKOWANIA: 1 x fiolka 10ML, 500 mg na ml CO TO JEST: Karnityna jest aminokwasem, kt\u00f3rego funkcj\u0105 jest transport kwas\u00f3w t\u0142uszczowych do mitochondri\u00f3w. Karnityna jest przydatna w zwi\u0119kszaniu i optymalizacji spalania t\u0142uszczu, poprawie regeneracji i zwi\u0119kszaniu wybuchowych poziom\u00f3w si\u0142y. Poniewa\u017c poziom karnityny mo\u017ce zosta\u0107 znacznie obni\u017cony podczas zwyk\u0142ej sesji treningowej, zaleca&hellip;<\/p>\n","protected":false},"featured_media":75132,"comment_status":"open","ping_status":"closed","template":"","meta":[],"product_cat":[167,186],"product_tag":[],"yoast_head":"<!-- This site is optimized with the Yoast SEO plugin v23.0 - https:\/\/yoast.com\/wordpress\/plugins\/seo\/ -->\n<title>L-karnityna - Astera Labs<\/title>\n<meta name=\"robots\" content=\"index, follow, max-snippet:-1, max-image-preview:large, max-video-preview:-1\" \/>\n<link rel=\"canonical\" href=\"https:\/\/asteralabs.org\/pl\/product\/l-karnityna\/\" \/>\n<meta property=\"og:locale\" content=\"pl_PL\" \/>\n<meta property=\"og:type\" content=\"article\" \/>\n<meta property=\"og:title\" content=\"L-karnityna - Astera Labs\" \/>\n<meta property=\"og:description\" content=\"DAWKOWANIE: L-karnityna 500mg\/ml ZAWARTO\u015a\u0106 OPAKOWANIA: 1 x fiolka 10ML, 500 mg na ml CO TO JEST: Karnityna jest aminokwasem, kt\u00f3rego funkcj\u0105 jest transport kwas\u00f3w t\u0142uszczowych do mitochondri\u00f3w. Karnityna jest przydatna w zwi\u0119kszaniu i optymalizacji spalania t\u0142uszczu, poprawie regeneracji i zwi\u0119kszaniu wybuchowych poziom\u00f3w si\u0142y. Poniewa\u017c poziom karnityny mo\u017ce zosta\u0107 znacznie obni\u017cony podczas zwyk\u0142ej sesji treningowej, zaleca&hellip;\" \/>\n<meta property=\"og:url\" content=\"https:\/\/asteralabs.org\/pl\/product\/l-karnityna\/\" \/>\n<meta property=\"og:site_name\" content=\"Astera Labs\" \/>\n<meta property=\"article:modified_time\" content=\"2026-01-15T09:14:21+00:00\" \/>\n<meta property=\"og:image\" content=\"https:\/\/asteralabs.org\/wp-content\/uploads\/2022\/11\/25.png\" \/>\n\t<meta property=\"og:image:width\" content=\"2000\" \/>\n\t<meta property=\"og:image:height\" content=\"2000\" \/>\n\t<meta property=\"og:image:type\" content=\"image\/png\" \/>\n<meta name=\"twitter:card\" content=\"summary_large_image\" \/>\n<script type=\"application\/ld+json\" class=\"yoast-schema-graph\">{\"@context\":\"https:\/\/schema.org\",\"@graph\":[{\"@type\":\"WebPage\",\"@id\":\"https:\/\/asteralabs.org\/pl\/product\/l-karnityna\/\",\"url\":\"https:\/\/asteralabs.org\/pl\/product\/l-karnityna\/\",\"name\":\"L-karnityna - Astera Labs\",\"isPartOf\":{\"@id\":\"https:\/\/asteralabs.org\/pl\/#website\"},\"primaryImageOfPage\":{\"@id\":\"https:\/\/asteralabs.org\/pl\/product\/l-karnityna\/#primaryimage\"},\"image\":{\"@id\":\"https:\/\/asteralabs.org\/pl\/product\/l-karnityna\/#primaryimage\"},\"thumbnailUrl\":\"https:\/\/asteralabs.org\/wp-content\/uploads\/2022\/11\/25.png\",\"datePublished\":\"2022-11-05T22:53:52+00:00\",\"dateModified\":\"2026-01-15T09:14:21+00:00\",\"breadcrumb\":{\"@id\":\"https:\/\/asteralabs.org\/pl\/product\/l-karnityna\/#breadcrumb\"},\"inLanguage\":\"pl-PL\",\"potentialAction\":[{\"@type\":\"ReadAction\",\"target\":[\"https:\/\/asteralabs.org\/pl\/product\/l-karnityna\/\"]}]},{\"@type\":\"ImageObject\",\"inLanguage\":\"pl-PL\",\"@id\":\"https:\/\/asteralabs.org\/pl\/product\/l-karnityna\/#primaryimage\",\"url\":\"https:\/\/asteralabs.org\/wp-content\/uploads\/2022\/11\/25.png\",\"contentUrl\":\"https:\/\/asteralabs.org\/wp-content\/uploads\/2022\/11\/25.png\",\"width\":2000,\"height\":2000},{\"@type\":\"BreadcrumbList\",\"@id\":\"https:\/\/asteralabs.org\/pl\/product\/l-karnityna\/#breadcrumb\",\"itemListElement\":[{\"@type\":\"ListItem\",\"position\":1,\"name\":\"Home\",\"item\":\"https:\/\/asteralabs.org\/pl\/\"},{\"@type\":\"ListItem\",\"position\":2,\"name\":\"Sklep\",\"item\":\"https:\/\/asteralabs.org\/sklep\/\"},{\"@type\":\"ListItem\",\"position\":3,\"name\":\"L-karnityna\"}]},{\"@type\":\"WebSite\",\"@id\":\"https:\/\/asteralabs.org\/pl\/#website\",\"url\":\"https:\/\/asteralabs.org\/pl\/\",\"name\":\"Astera Labs\",\"description\":\"Improve Your Quality Of Life\",\"publisher\":{\"@id\":\"https:\/\/asteralabs.org\/pl\/#organization\"},\"potentialAction\":[{\"@type\":\"SearchAction\",\"target\":{\"@type\":\"EntryPoint\",\"urlTemplate\":\"https:\/\/asteralabs.org\/pl\/?s={search_term_string}\"},\"query-input\":\"required name=search_term_string\"}],\"inLanguage\":\"pl-PL\"},{\"@type\":\"Organization\",\"@id\":\"https:\/\/asteralabs.org\/pl\/#organization\",\"name\":\"Astera Labs\",\"url\":\"https:\/\/asteralabs.org\/pl\/\",\"logo\":{\"@type\":\"ImageObject\",\"inLanguage\":\"pl-PL\",\"@id\":\"https:\/\/asteralabs.org\/pl\/#\/schema\/logo\/image\/\",\"url\":\"https:\/\/asteralabs.org\/wp-content\/uploads\/2022\/12\/astera-2.png\",\"contentUrl\":\"https:\/\/asteralabs.org\/wp-content\/uploads\/2022\/12\/astera-2.png\",\"width\":437,\"height\":111,\"caption\":\"Astera Labs\"},\"image\":{\"@id\":\"https:\/\/asteralabs.org\/pl\/#\/schema\/logo\/image\/\"}}]}<\/script>\n<!-- \/ Yoast SEO plugin. -->","yoast_head_json":{"title":"L-karnityna - Astera Labs","robots":{"index":"index","follow":"follow","max-snippet":"max-snippet:-1","max-image-preview":"max-image-preview:large","max-video-preview":"max-video-preview:-1"},"canonical":"https:\/\/asteralabs.org\/pl\/product\/l-karnityna\/","og_locale":"pl_PL","og_type":"article","og_title":"L-karnityna - Astera Labs","og_description":"DAWKOWANIE: L-karnityna 500mg\/ml ZAWARTO\u015a\u0106 OPAKOWANIA: 1 x fiolka 10ML, 500 mg na ml CO TO JEST: Karnityna jest aminokwasem, kt\u00f3rego funkcj\u0105 jest transport kwas\u00f3w t\u0142uszczowych do mitochondri\u00f3w. Karnityna jest przydatna w zwi\u0119kszaniu i optymalizacji spalania t\u0142uszczu, poprawie regeneracji i zwi\u0119kszaniu wybuchowych poziom\u00f3w si\u0142y. Poniewa\u017c poziom karnityny mo\u017ce zosta\u0107 znacznie obni\u017cony podczas zwyk\u0142ej sesji treningowej, zaleca&hellip;","og_url":"https:\/\/asteralabs.org\/pl\/product\/l-karnityna\/","og_site_name":"Astera Labs","article_modified_time":"2026-01-15T09:14:21+00:00","og_image":[{"width":2000,"height":2000,"url":"https:\/\/asteralabs.org\/wp-content\/uploads\/2022\/11\/25.png","type":"image\/png"}],"twitter_card":"summary_large_image","schema":{"@context":"https:\/\/schema.org","@graph":[{"@type":"WebPage","@id":"https:\/\/asteralabs.org\/pl\/product\/l-karnityna\/","url":"https:\/\/asteralabs.org\/pl\/product\/l-karnityna\/","name":"L-karnityna - Astera Labs","isPartOf":{"@id":"https:\/\/asteralabs.org\/pl\/#website"},"primaryImageOfPage":{"@id":"https:\/\/asteralabs.org\/pl\/product\/l-karnityna\/#primaryimage"},"image":{"@id":"https:\/\/asteralabs.org\/pl\/product\/l-karnityna\/#primaryimage"},"thumbnailUrl":"https:\/\/asteralabs.org\/wp-content\/uploads\/2022\/11\/25.png","datePublished":"2022-11-05T22:53:52+00:00","dateModified":"2026-01-15T09:14:21+00:00","breadcrumb":{"@id":"https:\/\/asteralabs.org\/pl\/product\/l-karnityna\/#breadcrumb"},"inLanguage":"pl-PL","potentialAction":[{"@type":"ReadAction","target":["https:\/\/asteralabs.org\/pl\/product\/l-karnityna\/"]}]},{"@type":"ImageObject","inLanguage":"pl-PL","@id":"https:\/\/asteralabs.org\/pl\/product\/l-karnityna\/#primaryimage","url":"https:\/\/asteralabs.org\/wp-content\/uploads\/2022\/11\/25.png","contentUrl":"https:\/\/asteralabs.org\/wp-content\/uploads\/2022\/11\/25.png","width":2000,"height":2000},{"@type":"BreadcrumbList","@id":"https:\/\/asteralabs.org\/pl\/product\/l-karnityna\/#breadcrumb","itemListElement":[{"@type":"ListItem","position":1,"name":"Home","item":"https:\/\/asteralabs.org\/pl\/"},{"@type":"ListItem","position":2,"name":"Sklep","item":"https:\/\/asteralabs.org\/sklep\/"},{"@type":"ListItem","position":3,"name":"L-karnityna"}]},{"@type":"WebSite","@id":"https:\/\/asteralabs.org\/pl\/#website","url":"https:\/\/asteralabs.org\/pl\/","name":"Astera Labs","description":"Improve Your Quality Of Life","publisher":{"@id":"https:\/\/asteralabs.org\/pl\/#organization"},"potentialAction":[{"@type":"SearchAction","target":{"@type":"EntryPoint","urlTemplate":"https:\/\/asteralabs.org\/pl\/?s={search_term_string}"},"query-input":"required name=search_term_string"}],"inLanguage":"pl-PL"},{"@type":"Organization","@id":"https:\/\/asteralabs.org\/pl\/#organization","name":"Astera Labs","url":"https:\/\/asteralabs.org\/pl\/","logo":{"@type":"ImageObject","inLanguage":"pl-PL","@id":"https:\/\/asteralabs.org\/pl\/#\/schema\/logo\/image\/","url":"https:\/\/asteralabs.org\/wp-content\/uploads\/2022\/12\/astera-2.png","contentUrl":"https:\/\/asteralabs.org\/wp-content\/uploads\/2022\/12\/astera-2.png","width":437,"height":111,"caption":"Astera Labs"},"image":{"@id":"https:\/\/asteralabs.org\/pl\/#\/schema\/logo\/image\/"}}]}},"_links":{"self":[{"href":"https:\/\/asteralabs.org\/pl\/wp-json\/wp\/v2\/product\/77873"}],"collection":[{"href":"https:\/\/asteralabs.org\/pl\/wp-json\/wp\/v2\/product"}],"about":[{"href":"https:\/\/asteralabs.org\/pl\/wp-json\/wp\/v2\/types\/product"}],"replies":[{"embeddable":true,"href":"https:\/\/asteralabs.org\/pl\/wp-json\/wp\/v2\/comments?post=77873"}],"version-history":[{"count":0,"href":"https:\/\/asteralabs.org\/pl\/wp-json\/wp\/v2\/product\/77873\/revisions"}],"wp:featuredmedia":[{"embeddable":true,"href":"https:\/\/asteralabs.org\/pl\/wp-json\/wp\/v2\/media\/75132"}],"wp:attachment":[{"href":"https:\/\/asteralabs.org\/pl\/wp-json\/wp\/v2\/media?parent=77873"}],"wp:term":[{"taxonomy":"product_cat","embeddable":true,"href":"https:\/\/asteralabs.org\/pl\/wp-json\/wp\/v2\/product_cat?post=77873"},{"taxonomy":"product_tag","embeddable":true,"href":"https:\/\/asteralabs.org\/pl\/wp-json\/wp\/v2\/product_tag?post=77873"}],"curies":[{"name":"wp","href":"https:\/\/api.w.org\/{rel}","templated":true}]}}