{"id":77931,"date":"2022-11-05T22:32:03","date_gmt":"2022-11-05T22:32:03","guid":{"rendered":"https:\/\/asteralabs.org\/product\/octan-trestolonu-ment\/"},"modified":"2026-01-16T07:43:18","modified_gmt":"2026-01-16T07:43:18","slug":"octan-trestolonu-ment","status":"publish","type":"product","link":"https:\/\/asteralabs.org\/pl\/product\/octan-trestolonu-ment\/","title":{"rendered":"Octan trestolonu (MENT)"},"content":{"rendered":"<p><strong>DAWKOWANIE: <\/strong><br \/>\nTrestolone Acetate 50mg\/ml <strong>ZAWARTO\u015a\u0106 OPAKOWANIA: <\/strong><br \/>\n1 x 10ML fiolka, 50 mg na ml <strong>CO TO JEST: <\/strong><br \/>\nNajsilniejszy steryd znany jako Trestolone Acetate, kt\u00f3ry jest metylowan\u0105 wersj\u0105 Nandrolonu i ma moc znacznie wy\u017csz\u0105 ni\u017c Trenbolon, jest powszechnie uwa\u017cany za po\u0142\u0105czenie tych dw\u00f3ch. Jest to substancja wysoce aromatyzuj\u0105ca, wi\u0119c je\u015bli jest u\u017cywana, nale\u017cy zachowa\u0107 ostro\u017cno\u015b\u0107, aby zarz\u0105dza\u0107 estradiolem za pomoc\u0105 alternatywnych metod lub ni\u017cszych dawek ni\u017c by\u0142oby to typowe dla zwyk\u0142ych substancji. Nie jest przekszta\u0142cany w DHT. Jest to substancja chemiczna, kt\u00f3ra ma najwy\u017csz\u0105 sta\u0142\u0105 hamowania miligram do miligrama, a jednym z jej zastosowa\u0144 jest m\u0119ski \u015brodek antykoncepcyjny. <strong>SPOS\u00d3B U\u017bYCIA: <\/strong><br \/>\nDawkowanie zale\u017cy od u\u017cytkownika. W kontakcie, dawki 5-10 mg dziennie (35-70 mg tygodniowo) s\u0105 bardzo powszechne. Bardziej do\u015bwiadczeni u\u017cytkownicy zazwyczaj stosuj\u0105 10-25 mg dziennie (70-175 mg tygodniowo) lub nawet 25-50 mg dziennie (150-350 mg tygodniowo). Zalecamy zwi\u0119kszanie dawki co tydzie\u0144, a\u017c do znalezienia dawki, kt\u00f3ra najlepiej spe\u0142nia Twoje potrzeby. Zazwyczaj cykle trwaj\u0105 od 8 do 12 tygodni. <strong>INFORMACJE O PARTII:<br \/>\n<\/strong>Nr partii: <span data-sheets-root=\"1\" data-sheets-value=\"{\" data-sheets-userformat=\"{\">SY44821<\/span><br \/>\nData produkcji: <span data-sheets-root=\"1\" data-sheets-value=\"{\" data-sheets-userformat=\"{\">10.2025.<\/span><br \/>\nData wa\u017cno\u015bci: <span data-sheets-root=\"1\" data-sheets-value=\"{\" data-sheets-userformat=\"{\">10.2028.<\/span><\/p>\n","protected":false},"excerpt":{"rendered":"<p>DAWKOWANIE: Trestolone Acetate 50mg\/ml ZAWARTO\u015a\u0106 OPAKOWANIA: 1 x 10ML fiolka, 50 mg na ml CO TO JEST: Najsilniejszy steryd znany jako Trestolone Acetate, kt\u00f3ry jest metylowan\u0105 wersj\u0105 Nandrolonu i ma moc znacznie wy\u017csz\u0105 ni\u017c Trenbolon, jest powszechnie uwa\u017cany za po\u0142\u0105czenie tych dw\u00f3ch. Jest to substancja wysoce aromatyzuj\u0105ca, wi\u0119c je\u015bli jest u\u017cywana, nale\u017cy zachowa\u0107 ostro\u017cno\u015b\u0107, aby&hellip;<\/p>\n","protected":false},"featured_media":75068,"comment_status":"open","ping_status":"closed","template":"","meta":[],"product_cat":[167,165],"product_tag":[],"yoast_head":"<!-- This site is optimized with the Yoast SEO plugin v23.0 - https:\/\/yoast.com\/wordpress\/plugins\/seo\/ -->\n<title>Octan trestolonu (MENT) - Astera Labs<\/title>\n<meta name=\"robots\" content=\"index, follow, max-snippet:-1, max-image-preview:large, max-video-preview:-1\" \/>\n<link rel=\"canonical\" href=\"https:\/\/asteralabs.org\/pl\/product\/octan-trestolonu-ment\/\" \/>\n<meta property=\"og:locale\" content=\"pl_PL\" \/>\n<meta property=\"og:type\" content=\"article\" \/>\n<meta property=\"og:title\" content=\"Octan trestolonu (MENT) - Astera Labs\" \/>\n<meta property=\"og:description\" content=\"DAWKOWANIE: Trestolone Acetate 50mg\/ml ZAWARTO\u015a\u0106 OPAKOWANIA: 1 x 10ML fiolka, 50 mg na ml CO TO JEST: Najsilniejszy steryd znany jako Trestolone Acetate, kt\u00f3ry jest metylowan\u0105 wersj\u0105 Nandrolonu i ma moc znacznie wy\u017csz\u0105 ni\u017c Trenbolon, jest powszechnie uwa\u017cany za po\u0142\u0105czenie tych dw\u00f3ch. Jest to substancja wysoce aromatyzuj\u0105ca, wi\u0119c je\u015bli jest u\u017cywana, nale\u017cy zachowa\u0107 ostro\u017cno\u015b\u0107, aby&hellip;\" \/>\n<meta property=\"og:url\" content=\"https:\/\/asteralabs.org\/pl\/product\/octan-trestolonu-ment\/\" \/>\n<meta property=\"og:site_name\" content=\"Astera Labs\" \/>\n<meta property=\"article:modified_time\" content=\"2026-01-16T07:43:18+00:00\" \/>\n<meta property=\"og:image\" content=\"https:\/\/asteralabs.org\/wp-content\/uploads\/2022\/11\/28.png\" \/>\n\t<meta property=\"og:image:width\" content=\"2000\" \/>\n\t<meta property=\"og:image:height\" content=\"2000\" \/>\n\t<meta property=\"og:image:type\" content=\"image\/png\" \/>\n<meta name=\"twitter:card\" content=\"summary_large_image\" \/>\n<script type=\"application\/ld+json\" class=\"yoast-schema-graph\">{\"@context\":\"https:\/\/schema.org\",\"@graph\":[{\"@type\":\"WebPage\",\"@id\":\"https:\/\/asteralabs.org\/pl\/product\/octan-trestolonu-ment\/\",\"url\":\"https:\/\/asteralabs.org\/pl\/product\/octan-trestolonu-ment\/\",\"name\":\"Octan trestolonu (MENT) - Astera Labs\",\"isPartOf\":{\"@id\":\"https:\/\/asteralabs.org\/pl\/#website\"},\"primaryImageOfPage\":{\"@id\":\"https:\/\/asteralabs.org\/pl\/product\/octan-trestolonu-ment\/#primaryimage\"},\"image\":{\"@id\":\"https:\/\/asteralabs.org\/pl\/product\/octan-trestolonu-ment\/#primaryimage\"},\"thumbnailUrl\":\"https:\/\/asteralabs.org\/wp-content\/uploads\/2022\/11\/28.png\",\"datePublished\":\"2022-11-05T22:32:03+00:00\",\"dateModified\":\"2026-01-16T07:43:18+00:00\",\"breadcrumb\":{\"@id\":\"https:\/\/asteralabs.org\/pl\/product\/octan-trestolonu-ment\/#breadcrumb\"},\"inLanguage\":\"pl-PL\",\"potentialAction\":[{\"@type\":\"ReadAction\",\"target\":[\"https:\/\/asteralabs.org\/pl\/product\/octan-trestolonu-ment\/\"]}]},{\"@type\":\"ImageObject\",\"inLanguage\":\"pl-PL\",\"@id\":\"https:\/\/asteralabs.org\/pl\/product\/octan-trestolonu-ment\/#primaryimage\",\"url\":\"https:\/\/asteralabs.org\/wp-content\/uploads\/2022\/11\/28.png\",\"contentUrl\":\"https:\/\/asteralabs.org\/wp-content\/uploads\/2022\/11\/28.png\",\"width\":2000,\"height\":2000},{\"@type\":\"BreadcrumbList\",\"@id\":\"https:\/\/asteralabs.org\/pl\/product\/octan-trestolonu-ment\/#breadcrumb\",\"itemListElement\":[{\"@type\":\"ListItem\",\"position\":1,\"name\":\"Home\",\"item\":\"https:\/\/asteralabs.org\/pl\/\"},{\"@type\":\"ListItem\",\"position\":2,\"name\":\"Sklep\",\"item\":\"https:\/\/asteralabs.org\/sklep\/\"},{\"@type\":\"ListItem\",\"position\":3,\"name\":\"Octan trestolonu (MENT)\"}]},{\"@type\":\"WebSite\",\"@id\":\"https:\/\/asteralabs.org\/pl\/#website\",\"url\":\"https:\/\/asteralabs.org\/pl\/\",\"name\":\"Astera Labs\",\"description\":\"Improve Your Quality Of Life\",\"publisher\":{\"@id\":\"https:\/\/asteralabs.org\/pl\/#organization\"},\"potentialAction\":[{\"@type\":\"SearchAction\",\"target\":{\"@type\":\"EntryPoint\",\"urlTemplate\":\"https:\/\/asteralabs.org\/pl\/?s={search_term_string}\"},\"query-input\":\"required name=search_term_string\"}],\"inLanguage\":\"pl-PL\"},{\"@type\":\"Organization\",\"@id\":\"https:\/\/asteralabs.org\/pl\/#organization\",\"name\":\"Astera Labs\",\"url\":\"https:\/\/asteralabs.org\/pl\/\",\"logo\":{\"@type\":\"ImageObject\",\"inLanguage\":\"pl-PL\",\"@id\":\"https:\/\/asteralabs.org\/pl\/#\/schema\/logo\/image\/\",\"url\":\"https:\/\/asteralabs.org\/wp-content\/uploads\/2022\/12\/astera-2.png\",\"contentUrl\":\"https:\/\/asteralabs.org\/wp-content\/uploads\/2022\/12\/astera-2.png\",\"width\":437,\"height\":111,\"caption\":\"Astera Labs\"},\"image\":{\"@id\":\"https:\/\/asteralabs.org\/pl\/#\/schema\/logo\/image\/\"}}]}<\/script>\n<!-- \/ Yoast SEO plugin. -->","yoast_head_json":{"title":"Octan trestolonu (MENT) - Astera Labs","robots":{"index":"index","follow":"follow","max-snippet":"max-snippet:-1","max-image-preview":"max-image-preview:large","max-video-preview":"max-video-preview:-1"},"canonical":"https:\/\/asteralabs.org\/pl\/product\/octan-trestolonu-ment\/","og_locale":"pl_PL","og_type":"article","og_title":"Octan trestolonu (MENT) - Astera Labs","og_description":"DAWKOWANIE: Trestolone Acetate 50mg\/ml ZAWARTO\u015a\u0106 OPAKOWANIA: 1 x 10ML fiolka, 50 mg na ml CO TO JEST: Najsilniejszy steryd znany jako Trestolone Acetate, kt\u00f3ry jest metylowan\u0105 wersj\u0105 Nandrolonu i ma moc znacznie wy\u017csz\u0105 ni\u017c Trenbolon, jest powszechnie uwa\u017cany za po\u0142\u0105czenie tych dw\u00f3ch. Jest to substancja wysoce aromatyzuj\u0105ca, wi\u0119c je\u015bli jest u\u017cywana, nale\u017cy zachowa\u0107 ostro\u017cno\u015b\u0107, aby&hellip;","og_url":"https:\/\/asteralabs.org\/pl\/product\/octan-trestolonu-ment\/","og_site_name":"Astera Labs","article_modified_time":"2026-01-16T07:43:18+00:00","og_image":[{"width":2000,"height":2000,"url":"https:\/\/asteralabs.org\/wp-content\/uploads\/2022\/11\/28.png","type":"image\/png"}],"twitter_card":"summary_large_image","schema":{"@context":"https:\/\/schema.org","@graph":[{"@type":"WebPage","@id":"https:\/\/asteralabs.org\/pl\/product\/octan-trestolonu-ment\/","url":"https:\/\/asteralabs.org\/pl\/product\/octan-trestolonu-ment\/","name":"Octan trestolonu (MENT) - Astera Labs","isPartOf":{"@id":"https:\/\/asteralabs.org\/pl\/#website"},"primaryImageOfPage":{"@id":"https:\/\/asteralabs.org\/pl\/product\/octan-trestolonu-ment\/#primaryimage"},"image":{"@id":"https:\/\/asteralabs.org\/pl\/product\/octan-trestolonu-ment\/#primaryimage"},"thumbnailUrl":"https:\/\/asteralabs.org\/wp-content\/uploads\/2022\/11\/28.png","datePublished":"2022-11-05T22:32:03+00:00","dateModified":"2026-01-16T07:43:18+00:00","breadcrumb":{"@id":"https:\/\/asteralabs.org\/pl\/product\/octan-trestolonu-ment\/#breadcrumb"},"inLanguage":"pl-PL","potentialAction":[{"@type":"ReadAction","target":["https:\/\/asteralabs.org\/pl\/product\/octan-trestolonu-ment\/"]}]},{"@type":"ImageObject","inLanguage":"pl-PL","@id":"https:\/\/asteralabs.org\/pl\/product\/octan-trestolonu-ment\/#primaryimage","url":"https:\/\/asteralabs.org\/wp-content\/uploads\/2022\/11\/28.png","contentUrl":"https:\/\/asteralabs.org\/wp-content\/uploads\/2022\/11\/28.png","width":2000,"height":2000},{"@type":"BreadcrumbList","@id":"https:\/\/asteralabs.org\/pl\/product\/octan-trestolonu-ment\/#breadcrumb","itemListElement":[{"@type":"ListItem","position":1,"name":"Home","item":"https:\/\/asteralabs.org\/pl\/"},{"@type":"ListItem","position":2,"name":"Sklep","item":"https:\/\/asteralabs.org\/sklep\/"},{"@type":"ListItem","position":3,"name":"Octan trestolonu (MENT)"}]},{"@type":"WebSite","@id":"https:\/\/asteralabs.org\/pl\/#website","url":"https:\/\/asteralabs.org\/pl\/","name":"Astera Labs","description":"Improve Your Quality Of Life","publisher":{"@id":"https:\/\/asteralabs.org\/pl\/#organization"},"potentialAction":[{"@type":"SearchAction","target":{"@type":"EntryPoint","urlTemplate":"https:\/\/asteralabs.org\/pl\/?s={search_term_string}"},"query-input":"required name=search_term_string"}],"inLanguage":"pl-PL"},{"@type":"Organization","@id":"https:\/\/asteralabs.org\/pl\/#organization","name":"Astera Labs","url":"https:\/\/asteralabs.org\/pl\/","logo":{"@type":"ImageObject","inLanguage":"pl-PL","@id":"https:\/\/asteralabs.org\/pl\/#\/schema\/logo\/image\/","url":"https:\/\/asteralabs.org\/wp-content\/uploads\/2022\/12\/astera-2.png","contentUrl":"https:\/\/asteralabs.org\/wp-content\/uploads\/2022\/12\/astera-2.png","width":437,"height":111,"caption":"Astera Labs"},"image":{"@id":"https:\/\/asteralabs.org\/pl\/#\/schema\/logo\/image\/"}}]}},"_links":{"self":[{"href":"https:\/\/asteralabs.org\/pl\/wp-json\/wp\/v2\/product\/77931"}],"collection":[{"href":"https:\/\/asteralabs.org\/pl\/wp-json\/wp\/v2\/product"}],"about":[{"href":"https:\/\/asteralabs.org\/pl\/wp-json\/wp\/v2\/types\/product"}],"replies":[{"embeddable":true,"href":"https:\/\/asteralabs.org\/pl\/wp-json\/wp\/v2\/comments?post=77931"}],"version-history":[{"count":0,"href":"https:\/\/asteralabs.org\/pl\/wp-json\/wp\/v2\/product\/77931\/revisions"}],"wp:featuredmedia":[{"embeddable":true,"href":"https:\/\/asteralabs.org\/pl\/wp-json\/wp\/v2\/media\/75068"}],"wp:attachment":[{"href":"https:\/\/asteralabs.org\/pl\/wp-json\/wp\/v2\/media?parent=77931"}],"wp:term":[{"taxonomy":"product_cat","embeddable":true,"href":"https:\/\/asteralabs.org\/pl\/wp-json\/wp\/v2\/product_cat?post=77931"},{"taxonomy":"product_tag","embeddable":true,"href":"https:\/\/asteralabs.org\/pl\/wp-json\/wp\/v2\/product_tag?post=77931"}],"curies":[{"name":"wp","href":"https:\/\/api.w.org\/{rel}","templated":true}]}}