{"id":77954,"date":"2022-11-05T22:24:04","date_gmt":"2022-11-05T22:24:04","guid":{"rendered":"https:\/\/asteralabs.org\/product\/dihydroboldenon-dhb\/"},"modified":"2026-01-15T08:35:03","modified_gmt":"2026-01-15T08:35:03","slug":"dihydroboldenon-dhb","status":"publish","type":"product","link":"https:\/\/asteralabs.org\/pl\/product\/dihydroboldenon-dhb\/","title":{"rendered":"Dihydroboldenon (DHB)"},"content":{"rendered":"<p><strong>DAWKOWANIE<\/strong>:<br \/>\nDihydroboldenone (DHB) 100mg\/ml <strong>ZAWARTO\u015a\u0106 OPAKOWANIA: <\/strong><br \/>\n1 x fiolka 10ML, 100 mg na ml <strong>CO TO JEST: <\/strong><br \/>\nZredukowana forma Boldenone nazywa si\u0119 DHB-MED 100 (Dihydroboldenone Cypionate) i ostatnio zyska\u0142a wiele uwagi. Uwa\u017ca si\u0119, \u017ce ma moc do\u015b\u0107 podobn\u0105 do testosteronu w oparciu o badania na zwierz\u0119tach, jednak wymaga wysokich dawek, aby ca\u0142kowicie nasyci\u0107 UDP-Glukuronozylotransferazy, co jest bardzo fascynuj\u0105ce. Jest to bardzo fascynuj\u0105cy steryd podczas fazy ci\u0119cia ze wzgl\u0119du na jego silne powinowactwo do receptora androgenowego, co mo\u017ce pom\u00f3c stymulowa\u0107 lipazy w tkance t\u0142uszczowej i promowa\u0107 utrat\u0119 t\u0142uszczu. Ze wzgl\u0119du na wysokie powinowactwo do receptor\u00f3w androgenowych i aktywno\u015b\u0107 androgenn\u0105, zalecana dawka dla m\u0119\u017cczyzn wynosi od 200 mg do 400 mg na tydzie\u0144. Ze wzgl\u0119du na fakt, \u017ce ten produkt zawiera <strong>SPOS\u00d3B U\u017bYCIA: <\/strong><br \/>\nZe wzgl\u0119du na silne powinowactwo do receptor\u00f3w androgenowych i si\u0142\u0119 dzia\u0142ania androgennego, nie zalecamy tego produktu kobietom ze wzgl\u0119du na niebezpiecze\u0144stwo wirylizacji. Zalecana dawka dla m\u0119\u017cczyzn wynosi od 200 mg do 400 mg na tydzie\u0144.<br \/>\nMo\u017cna go podawa\u0107 w cyklach 8-12 tygodniowych, zawsze bior\u0105c pod uwag\u0119 wyniki bada\u0144 krwi i zwracaj\u0105c szczeg\u00f3ln\u0105 uwag\u0119 na parametry nerkowe.<\/p>\n<p><strong>INFORMACJE O BATCH:<br \/>\n<\/strong>Nr partii: <span data-sheets-root=\"1\" data-sheets-value=\"{\" data-sheets-userformat=\"{\">YQ15731<\/span><br \/>\nData produkcji: <span data-sheets-root=\"1\" data-sheets-value=\"{\" data-sheets-userformat=\"{\">10.2025.<\/span><br \/>\nData wa\u017cno\u015bci: <span data-sheets-root=\"1\" data-sheets-value=\"{\" data-sheets-userformat=\"{\">10.2028.<\/span><\/p>\n","protected":false},"excerpt":{"rendered":"<p>DAWKOWANIE: Dihydroboldenone (DHB) 100mg\/ml ZAWARTO\u015a\u0106 OPAKOWANIA: 1 x fiolka 10ML, 100 mg na ml CO TO JEST: Zredukowana forma Boldenone nazywa si\u0119 DHB-MED 100 (Dihydroboldenone Cypionate) i ostatnio zyska\u0142a wiele uwagi. Uwa\u017ca si\u0119, \u017ce ma moc do\u015b\u0107 podobn\u0105 do testosteronu w oparciu o badania na zwierz\u0119tach, jednak wymaga wysokich dawek, aby ca\u0142kowicie nasyci\u0107 UDP-Glukuronozylotransferazy, co&hellip;<\/p>\n","protected":false},"featured_media":75052,"comment_status":"open","ping_status":"closed","template":"","meta":[],"product_cat":[167,165],"product_tag":[],"yoast_head":"<!-- This site is optimized with the Yoast SEO plugin v23.0 - https:\/\/yoast.com\/wordpress\/plugins\/seo\/ -->\n<title>Dihydroboldenon (DHB) - Astera Labs<\/title>\n<meta name=\"robots\" content=\"index, follow, max-snippet:-1, max-image-preview:large, max-video-preview:-1\" \/>\n<link rel=\"canonical\" href=\"https:\/\/asteralabs.org\/pl\/product\/dihydroboldenon-dhb\/\" \/>\n<meta property=\"og:locale\" content=\"pl_PL\" \/>\n<meta property=\"og:type\" content=\"article\" \/>\n<meta property=\"og:title\" content=\"Dihydroboldenon (DHB) - Astera Labs\" \/>\n<meta property=\"og:description\" content=\"DAWKOWANIE: Dihydroboldenone (DHB) 100mg\/ml ZAWARTO\u015a\u0106 OPAKOWANIA: 1 x fiolka 10ML, 100 mg na ml CO TO JEST: Zredukowana forma Boldenone nazywa si\u0119 DHB-MED 100 (Dihydroboldenone Cypionate) i ostatnio zyska\u0142a wiele uwagi. Uwa\u017ca si\u0119, \u017ce ma moc do\u015b\u0107 podobn\u0105 do testosteronu w oparciu o badania na zwierz\u0119tach, jednak wymaga wysokich dawek, aby ca\u0142kowicie nasyci\u0107 UDP-Glukuronozylotransferazy, co&hellip;\" \/>\n<meta property=\"og:url\" content=\"https:\/\/asteralabs.org\/pl\/product\/dihydroboldenon-dhb\/\" \/>\n<meta property=\"og:site_name\" content=\"Astera Labs\" \/>\n<meta property=\"article:modified_time\" content=\"2026-01-15T08:35:03+00:00\" \/>\n<meta property=\"og:image\" content=\"https:\/\/asteralabs.org\/wp-content\/uploads\/2022\/11\/31.png\" \/>\n\t<meta property=\"og:image:width\" content=\"2000\" \/>\n\t<meta property=\"og:image:height\" content=\"2000\" \/>\n\t<meta property=\"og:image:type\" content=\"image\/png\" \/>\n<meta name=\"twitter:card\" content=\"summary_large_image\" \/>\n<script type=\"application\/ld+json\" class=\"yoast-schema-graph\">{\"@context\":\"https:\/\/schema.org\",\"@graph\":[{\"@type\":\"WebPage\",\"@id\":\"https:\/\/asteralabs.org\/pl\/product\/dihydroboldenon-dhb\/\",\"url\":\"https:\/\/asteralabs.org\/pl\/product\/dihydroboldenon-dhb\/\",\"name\":\"Dihydroboldenon (DHB) - Astera Labs\",\"isPartOf\":{\"@id\":\"https:\/\/asteralabs.org\/pl\/#website\"},\"primaryImageOfPage\":{\"@id\":\"https:\/\/asteralabs.org\/pl\/product\/dihydroboldenon-dhb\/#primaryimage\"},\"image\":{\"@id\":\"https:\/\/asteralabs.org\/pl\/product\/dihydroboldenon-dhb\/#primaryimage\"},\"thumbnailUrl\":\"https:\/\/asteralabs.org\/wp-content\/uploads\/2022\/11\/31.png\",\"datePublished\":\"2022-11-05T22:24:04+00:00\",\"dateModified\":\"2026-01-15T08:35:03+00:00\",\"breadcrumb\":{\"@id\":\"https:\/\/asteralabs.org\/pl\/product\/dihydroboldenon-dhb\/#breadcrumb\"},\"inLanguage\":\"pl-PL\",\"potentialAction\":[{\"@type\":\"ReadAction\",\"target\":[\"https:\/\/asteralabs.org\/pl\/product\/dihydroboldenon-dhb\/\"]}]},{\"@type\":\"ImageObject\",\"inLanguage\":\"pl-PL\",\"@id\":\"https:\/\/asteralabs.org\/pl\/product\/dihydroboldenon-dhb\/#primaryimage\",\"url\":\"https:\/\/asteralabs.org\/wp-content\/uploads\/2022\/11\/31.png\",\"contentUrl\":\"https:\/\/asteralabs.org\/wp-content\/uploads\/2022\/11\/31.png\",\"width\":2000,\"height\":2000},{\"@type\":\"BreadcrumbList\",\"@id\":\"https:\/\/asteralabs.org\/pl\/product\/dihydroboldenon-dhb\/#breadcrumb\",\"itemListElement\":[{\"@type\":\"ListItem\",\"position\":1,\"name\":\"Home\",\"item\":\"https:\/\/asteralabs.org\/pl\/\"},{\"@type\":\"ListItem\",\"position\":2,\"name\":\"Sklep\",\"item\":\"https:\/\/asteralabs.org\/sklep\/\"},{\"@type\":\"ListItem\",\"position\":3,\"name\":\"Dihydroboldenon (DHB)\"}]},{\"@type\":\"WebSite\",\"@id\":\"https:\/\/asteralabs.org\/pl\/#website\",\"url\":\"https:\/\/asteralabs.org\/pl\/\",\"name\":\"Astera Labs\",\"description\":\"Improve Your Quality Of Life\",\"publisher\":{\"@id\":\"https:\/\/asteralabs.org\/pl\/#organization\"},\"potentialAction\":[{\"@type\":\"SearchAction\",\"target\":{\"@type\":\"EntryPoint\",\"urlTemplate\":\"https:\/\/asteralabs.org\/pl\/?s={search_term_string}\"},\"query-input\":\"required name=search_term_string\"}],\"inLanguage\":\"pl-PL\"},{\"@type\":\"Organization\",\"@id\":\"https:\/\/asteralabs.org\/pl\/#organization\",\"name\":\"Astera Labs\",\"url\":\"https:\/\/asteralabs.org\/pl\/\",\"logo\":{\"@type\":\"ImageObject\",\"inLanguage\":\"pl-PL\",\"@id\":\"https:\/\/asteralabs.org\/pl\/#\/schema\/logo\/image\/\",\"url\":\"https:\/\/asteralabs.org\/wp-content\/uploads\/2022\/12\/astera-2.png\",\"contentUrl\":\"https:\/\/asteralabs.org\/wp-content\/uploads\/2022\/12\/astera-2.png\",\"width\":437,\"height\":111,\"caption\":\"Astera Labs\"},\"image\":{\"@id\":\"https:\/\/asteralabs.org\/pl\/#\/schema\/logo\/image\/\"}}]}<\/script>\n<!-- \/ Yoast SEO plugin. -->","yoast_head_json":{"title":"Dihydroboldenon (DHB) - Astera Labs","robots":{"index":"index","follow":"follow","max-snippet":"max-snippet:-1","max-image-preview":"max-image-preview:large","max-video-preview":"max-video-preview:-1"},"canonical":"https:\/\/asteralabs.org\/pl\/product\/dihydroboldenon-dhb\/","og_locale":"pl_PL","og_type":"article","og_title":"Dihydroboldenon (DHB) - Astera Labs","og_description":"DAWKOWANIE: Dihydroboldenone (DHB) 100mg\/ml ZAWARTO\u015a\u0106 OPAKOWANIA: 1 x fiolka 10ML, 100 mg na ml CO TO JEST: Zredukowana forma Boldenone nazywa si\u0119 DHB-MED 100 (Dihydroboldenone Cypionate) i ostatnio zyska\u0142a wiele uwagi. Uwa\u017ca si\u0119, \u017ce ma moc do\u015b\u0107 podobn\u0105 do testosteronu w oparciu o badania na zwierz\u0119tach, jednak wymaga wysokich dawek, aby ca\u0142kowicie nasyci\u0107 UDP-Glukuronozylotransferazy, co&hellip;","og_url":"https:\/\/asteralabs.org\/pl\/product\/dihydroboldenon-dhb\/","og_site_name":"Astera Labs","article_modified_time":"2026-01-15T08:35:03+00:00","og_image":[{"width":2000,"height":2000,"url":"https:\/\/asteralabs.org\/wp-content\/uploads\/2022\/11\/31.png","type":"image\/png"}],"twitter_card":"summary_large_image","schema":{"@context":"https:\/\/schema.org","@graph":[{"@type":"WebPage","@id":"https:\/\/asteralabs.org\/pl\/product\/dihydroboldenon-dhb\/","url":"https:\/\/asteralabs.org\/pl\/product\/dihydroboldenon-dhb\/","name":"Dihydroboldenon (DHB) - Astera Labs","isPartOf":{"@id":"https:\/\/asteralabs.org\/pl\/#website"},"primaryImageOfPage":{"@id":"https:\/\/asteralabs.org\/pl\/product\/dihydroboldenon-dhb\/#primaryimage"},"image":{"@id":"https:\/\/asteralabs.org\/pl\/product\/dihydroboldenon-dhb\/#primaryimage"},"thumbnailUrl":"https:\/\/asteralabs.org\/wp-content\/uploads\/2022\/11\/31.png","datePublished":"2022-11-05T22:24:04+00:00","dateModified":"2026-01-15T08:35:03+00:00","breadcrumb":{"@id":"https:\/\/asteralabs.org\/pl\/product\/dihydroboldenon-dhb\/#breadcrumb"},"inLanguage":"pl-PL","potentialAction":[{"@type":"ReadAction","target":["https:\/\/asteralabs.org\/pl\/product\/dihydroboldenon-dhb\/"]}]},{"@type":"ImageObject","inLanguage":"pl-PL","@id":"https:\/\/asteralabs.org\/pl\/product\/dihydroboldenon-dhb\/#primaryimage","url":"https:\/\/asteralabs.org\/wp-content\/uploads\/2022\/11\/31.png","contentUrl":"https:\/\/asteralabs.org\/wp-content\/uploads\/2022\/11\/31.png","width":2000,"height":2000},{"@type":"BreadcrumbList","@id":"https:\/\/asteralabs.org\/pl\/product\/dihydroboldenon-dhb\/#breadcrumb","itemListElement":[{"@type":"ListItem","position":1,"name":"Home","item":"https:\/\/asteralabs.org\/pl\/"},{"@type":"ListItem","position":2,"name":"Sklep","item":"https:\/\/asteralabs.org\/sklep\/"},{"@type":"ListItem","position":3,"name":"Dihydroboldenon (DHB)"}]},{"@type":"WebSite","@id":"https:\/\/asteralabs.org\/pl\/#website","url":"https:\/\/asteralabs.org\/pl\/","name":"Astera Labs","description":"Improve Your Quality Of Life","publisher":{"@id":"https:\/\/asteralabs.org\/pl\/#organization"},"potentialAction":[{"@type":"SearchAction","target":{"@type":"EntryPoint","urlTemplate":"https:\/\/asteralabs.org\/pl\/?s={search_term_string}"},"query-input":"required name=search_term_string"}],"inLanguage":"pl-PL"},{"@type":"Organization","@id":"https:\/\/asteralabs.org\/pl\/#organization","name":"Astera Labs","url":"https:\/\/asteralabs.org\/pl\/","logo":{"@type":"ImageObject","inLanguage":"pl-PL","@id":"https:\/\/asteralabs.org\/pl\/#\/schema\/logo\/image\/","url":"https:\/\/asteralabs.org\/wp-content\/uploads\/2022\/12\/astera-2.png","contentUrl":"https:\/\/asteralabs.org\/wp-content\/uploads\/2022\/12\/astera-2.png","width":437,"height":111,"caption":"Astera Labs"},"image":{"@id":"https:\/\/asteralabs.org\/pl\/#\/schema\/logo\/image\/"}}]}},"_links":{"self":[{"href":"https:\/\/asteralabs.org\/pl\/wp-json\/wp\/v2\/product\/77954"}],"collection":[{"href":"https:\/\/asteralabs.org\/pl\/wp-json\/wp\/v2\/product"}],"about":[{"href":"https:\/\/asteralabs.org\/pl\/wp-json\/wp\/v2\/types\/product"}],"replies":[{"embeddable":true,"href":"https:\/\/asteralabs.org\/pl\/wp-json\/wp\/v2\/comments?post=77954"}],"version-history":[{"count":0,"href":"https:\/\/asteralabs.org\/pl\/wp-json\/wp\/v2\/product\/77954\/revisions"}],"wp:featuredmedia":[{"embeddable":true,"href":"https:\/\/asteralabs.org\/pl\/wp-json\/wp\/v2\/media\/75052"}],"wp:attachment":[{"href":"https:\/\/asteralabs.org\/pl\/wp-json\/wp\/v2\/media?parent=77954"}],"wp:term":[{"taxonomy":"product_cat","embeddable":true,"href":"https:\/\/asteralabs.org\/pl\/wp-json\/wp\/v2\/product_cat?post=77954"},{"taxonomy":"product_tag","embeddable":true,"href":"https:\/\/asteralabs.org\/pl\/wp-json\/wp\/v2\/product_tag?post=77954"}],"curies":[{"name":"wp","href":"https:\/\/api.w.org\/{rel}","templated":true}]}}