{"id":77960,"date":"2022-11-05T22:22:28","date_gmt":"2022-11-05T22:22:28","guid":{"rendered":"https:\/\/asteralabs.org\/product\/mieszanka-o-dlugim-dzialaniu\/"},"modified":"2026-01-15T13:13:45","modified_gmt":"2026-01-15T13:13:45","slug":"mieszanka-o-dlugim-dzialaniu","status":"publish","type":"product","link":"https:\/\/asteralabs.org\/pl\/product\/mieszanka-o-dlugim-dzialaniu\/","title":{"rendered":"Mieszanka o d\u0142ugim dzia\u0142aniu"},"content":{"rendered":"<p><strong>DAWKOWANIE:<\/strong><br \/>\nDrostanolone Enanthate 200mg<br \/>\nTestosterone Enanthate 200mg<br \/>\nTrenbolone Enanthate 100mg <strong>ZAWARTO\u015a\u0106 OPAKOWANIA:<\/strong><br \/>\n1 x fiolka 10ML, 200\/200\/100 mg na ml <strong>CO TO JEST:<\/strong><br \/>\nTen produkt to kompletny cykl ci\u0119cia w fiolce, zawiera testosteron, masteron i trenbolon. <strong>JAK STOSOWA\u0106<\/strong><br \/>\nDawki b\u0119d\u0105 zale\u017ce\u0107 od u\u017cytkownika i cel\u00f3w, 2 ml tygodniowo wystarcz\u0105 dla wi\u0119kszo\u015bci u\u017cytkownik\u00f3w. Poniewa\u017c jest to po\u0142\u0105czenie d\u0142ugich estr\u00f3w, zalecamy wstrzykiwanie EOD lub E3D.<\/p>\n<p><strong>INFORMACJE O BATCH:<br \/>\n<\/strong>Nr partii: <span data-sheets-root=\"1\" data-sheets-value=\"{\" data-sheets-userformat=\"{\">FV52830<\/span><br \/>\nData produkcji: <span data-sheets-root=\"1\" data-sheets-value=\"{\" data-sheets-userformat=\"{\">10.2025.<\/span><br \/>\nData wa\u017cno\u015bci: <span data-sheets-root=\"1\" data-sheets-value=\"{\" data-sheets-userformat=\"{\">10.2028.<\/span><\/p>\n","protected":false},"excerpt":{"rendered":"<p>DAWKOWANIE: Drostanolone Enanthate 200mg Testosterone Enanthate 200mg Trenbolone Enanthate 100mg ZAWARTO\u015a\u0106 OPAKOWANIA: 1 x fiolka 10ML, 200\/200\/100 mg na ml CO TO JEST: Ten produkt to kompletny cykl ci\u0119cia w fiolce, zawiera testosteron, masteron i trenbolon. JAK STOSOWA\u0106 Dawki b\u0119d\u0105 zale\u017ce\u0107 od u\u017cytkownika i cel\u00f3w, 2 ml tygodniowo wystarcz\u0105 dla wi\u0119kszo\u015bci u\u017cytkownik\u00f3w. Poniewa\u017c jest to&hellip;<\/p>\n","protected":false},"featured_media":76020,"comment_status":"open","ping_status":"closed","template":"","meta":{"_acf_changed":false},"product_brand":[],"product_cat":[167,165],"product_tag":[],"class_list":{"0":"post-77960","1":"product","2":"type-product","3":"status-publish","4":"has-post-thumbnail","6":"product_cat-all-pl","7":"product_cat-injectables-pl","8":"description-off","10":"first","11":"instock","12":"shipping-taxable","13":"product-type-simple"},"acf":[],"yoast_head":"<!-- This site is optimized with the Yoast SEO plugin v27.4 - https:\/\/yoast.com\/product\/yoast-seo-wordpress\/ -->\n<title>Mieszanka o d\u0142ugim dzia\u0142aniu - Astera Labs<\/title>\n<meta name=\"robots\" content=\"index, follow, max-snippet:-1, max-image-preview:large, max-video-preview:-1\" \/>\n<link rel=\"canonical\" href=\"https:\/\/asteralabs.org\/pl\/product\/mieszanka-o-dlugim-dzialaniu\/\" \/>\n<meta property=\"og:locale\" content=\"pl_PL\" \/>\n<meta property=\"og:type\" content=\"article\" \/>\n<meta property=\"og:title\" content=\"Mieszanka o d\u0142ugim dzia\u0142aniu - Astera Labs\" \/>\n<meta property=\"og:description\" content=\"DAWKOWANIE: Drostanolone Enanthate 200mg Testosterone Enanthate 200mg Trenbolone Enanthate 100mg ZAWARTO\u015a\u0106 OPAKOWANIA: 1 x fiolka 10ML, 200\/200\/100 mg na ml CO TO JEST: Ten produkt to kompletny cykl ci\u0119cia w fiolce, zawiera testosteron, masteron i trenbolon. JAK STOSOWA\u0106 Dawki b\u0119d\u0105 zale\u017ce\u0107 od u\u017cytkownika i cel\u00f3w, 2 ml tygodniowo wystarcz\u0105 dla wi\u0119kszo\u015bci u\u017cytkownik\u00f3w. Poniewa\u017c jest to&hellip;\" \/>\n<meta property=\"og:url\" content=\"https:\/\/asteralabs.org\/pl\/product\/mieszanka-o-dlugim-dzialaniu\/\" \/>\n<meta property=\"og:site_name\" content=\"Astera Labs\" \/>\n<meta property=\"article:modified_time\" content=\"2026-01-15T13:13:45+00:00\" \/>\n<meta property=\"og:image\" content=\"https:\/\/asteralabs.org\/wp-content\/uploads\/2022\/11\/Long-acting-mix-inject-nbg.png\" \/>\n\t<meta property=\"og:image:width\" content=\"2000\" \/>\n\t<meta property=\"og:image:height\" content=\"2000\" \/>\n\t<meta property=\"og:image:type\" content=\"image\/png\" \/>\n<meta name=\"twitter:card\" content=\"summary_large_image\" \/>\n<script type=\"application\/ld+json\" class=\"yoast-schema-graph\">{\"@context\":\"https:\\\/\\\/schema.org\",\"@graph\":[{\"@type\":\"WebPage\",\"@id\":\"https:\\\/\\\/asteralabs.org\\\/pl\\\/product\\\/mieszanka-o-dlugim-dzialaniu\\\/\",\"url\":\"https:\\\/\\\/asteralabs.org\\\/pl\\\/product\\\/mieszanka-o-dlugim-dzialaniu\\\/\",\"name\":\"Mieszanka o d\u0142ugim dzia\u0142aniu - Astera Labs\",\"isPartOf\":{\"@id\":\"https:\\\/\\\/asteralabs.org\\\/pl\\\/#website\"},\"primaryImageOfPage\":{\"@id\":\"https:\\\/\\\/asteralabs.org\\\/pl\\\/product\\\/mieszanka-o-dlugim-dzialaniu\\\/#primaryimage\"},\"image\":{\"@id\":\"https:\\\/\\\/asteralabs.org\\\/pl\\\/product\\\/mieszanka-o-dlugim-dzialaniu\\\/#primaryimage\"},\"thumbnailUrl\":\"https:\\\/\\\/asteralabs.org\\\/wp-content\\\/uploads\\\/2022\\\/11\\\/Long-acting-mix-inject-nbg.png\",\"datePublished\":\"2022-11-05T22:22:28+00:00\",\"dateModified\":\"2026-01-15T13:13:45+00:00\",\"breadcrumb\":{\"@id\":\"https:\\\/\\\/asteralabs.org\\\/pl\\\/product\\\/mieszanka-o-dlugim-dzialaniu\\\/#breadcrumb\"},\"inLanguage\":\"pl-PL\",\"potentialAction\":[{\"@type\":\"ReadAction\",\"target\":[\"https:\\\/\\\/asteralabs.org\\\/pl\\\/product\\\/mieszanka-o-dlugim-dzialaniu\\\/\"]}]},{\"@type\":\"ImageObject\",\"inLanguage\":\"pl-PL\",\"@id\":\"https:\\\/\\\/asteralabs.org\\\/pl\\\/product\\\/mieszanka-o-dlugim-dzialaniu\\\/#primaryimage\",\"url\":\"https:\\\/\\\/asteralabs.org\\\/wp-content\\\/uploads\\\/2022\\\/11\\\/Long-acting-mix-inject-nbg.png\",\"contentUrl\":\"https:\\\/\\\/asteralabs.org\\\/wp-content\\\/uploads\\\/2022\\\/11\\\/Long-acting-mix-inject-nbg.png\",\"width\":2000,\"height\":2000},{\"@type\":\"BreadcrumbList\",\"@id\":\"https:\\\/\\\/asteralabs.org\\\/pl\\\/product\\\/mieszanka-o-dlugim-dzialaniu\\\/#breadcrumb\",\"itemListElement\":[{\"@type\":\"ListItem\",\"position\":1,\"name\":\"Home\",\"item\":\"https:\\\/\\\/asteralabs.org\\\/pl\\\/\"},{\"@type\":\"ListItem\",\"position\":2,\"name\":\"Sklep\",\"item\":\"https:\\\/\\\/asteralabs.org\\\/pl\\\/sklep\\\/\"},{\"@type\":\"ListItem\",\"position\":3,\"name\":\"Mieszanka o d\u0142ugim dzia\u0142aniu\"}]},{\"@type\":\"WebSite\",\"@id\":\"https:\\\/\\\/asteralabs.org\\\/pl\\\/#website\",\"url\":\"https:\\\/\\\/asteralabs.org\\\/pl\\\/\",\"name\":\"Astera Labs\",\"description\":\"Improve Your Quality Of Life\",\"publisher\":{\"@id\":\"https:\\\/\\\/asteralabs.org\\\/pl\\\/#organization\"},\"potentialAction\":[{\"@type\":\"SearchAction\",\"target\":{\"@type\":\"EntryPoint\",\"urlTemplate\":\"https:\\\/\\\/asteralabs.org\\\/pl\\\/?s={search_term_string}\"},\"query-input\":{\"@type\":\"PropertyValueSpecification\",\"valueRequired\":true,\"valueName\":\"search_term_string\"}}],\"inLanguage\":\"pl-PL\"},{\"@type\":\"Organization\",\"@id\":\"https:\\\/\\\/asteralabs.org\\\/pl\\\/#organization\",\"name\":\"Astera Labs\",\"url\":\"https:\\\/\\\/asteralabs.org\\\/pl\\\/\",\"logo\":{\"@type\":\"ImageObject\",\"inLanguage\":\"pl-PL\",\"@id\":\"https:\\\/\\\/asteralabs.org\\\/pl\\\/#\\\/schema\\\/logo\\\/image\\\/\",\"url\":\"https:\\\/\\\/asteralabs.org\\\/wp-content\\\/uploads\\\/2022\\\/12\\\/astera-2.png\",\"contentUrl\":\"https:\\\/\\\/asteralabs.org\\\/wp-content\\\/uploads\\\/2022\\\/12\\\/astera-2.png\",\"width\":437,\"height\":111,\"caption\":\"Astera Labs\"},\"image\":{\"@id\":\"https:\\\/\\\/asteralabs.org\\\/pl\\\/#\\\/schema\\\/logo\\\/image\\\/\"}}]}<\/script>\n<!-- \/ Yoast SEO plugin. -->","yoast_head_json":{"title":"Mieszanka o d\u0142ugim dzia\u0142aniu - Astera Labs","robots":{"index":"index","follow":"follow","max-snippet":"max-snippet:-1","max-image-preview":"max-image-preview:large","max-video-preview":"max-video-preview:-1"},"canonical":"https:\/\/asteralabs.org\/pl\/product\/mieszanka-o-dlugim-dzialaniu\/","og_locale":"pl_PL","og_type":"article","og_title":"Mieszanka o d\u0142ugim dzia\u0142aniu - Astera Labs","og_description":"DAWKOWANIE: Drostanolone Enanthate 200mg Testosterone Enanthate 200mg Trenbolone Enanthate 100mg ZAWARTO\u015a\u0106 OPAKOWANIA: 1 x fiolka 10ML, 200\/200\/100 mg na ml CO TO JEST: Ten produkt to kompletny cykl ci\u0119cia w fiolce, zawiera testosteron, masteron i trenbolon. JAK STOSOWA\u0106 Dawki b\u0119d\u0105 zale\u017ce\u0107 od u\u017cytkownika i cel\u00f3w, 2 ml tygodniowo wystarcz\u0105 dla wi\u0119kszo\u015bci u\u017cytkownik\u00f3w. Poniewa\u017c jest to&hellip;","og_url":"https:\/\/asteralabs.org\/pl\/product\/mieszanka-o-dlugim-dzialaniu\/","og_site_name":"Astera Labs","article_modified_time":"2026-01-15T13:13:45+00:00","og_image":[{"width":2000,"height":2000,"url":"https:\/\/asteralabs.org\/wp-content\/uploads\/2022\/11\/Long-acting-mix-inject-nbg.png","type":"image\/png"}],"twitter_card":"summary_large_image","schema":{"@context":"https:\/\/schema.org","@graph":[{"@type":"WebPage","@id":"https:\/\/asteralabs.org\/pl\/product\/mieszanka-o-dlugim-dzialaniu\/","url":"https:\/\/asteralabs.org\/pl\/product\/mieszanka-o-dlugim-dzialaniu\/","name":"Mieszanka o d\u0142ugim dzia\u0142aniu - Astera Labs","isPartOf":{"@id":"https:\/\/asteralabs.org\/pl\/#website"},"primaryImageOfPage":{"@id":"https:\/\/asteralabs.org\/pl\/product\/mieszanka-o-dlugim-dzialaniu\/#primaryimage"},"image":{"@id":"https:\/\/asteralabs.org\/pl\/product\/mieszanka-o-dlugim-dzialaniu\/#primaryimage"},"thumbnailUrl":"https:\/\/asteralabs.org\/wp-content\/uploads\/2022\/11\/Long-acting-mix-inject-nbg.png","datePublished":"2022-11-05T22:22:28+00:00","dateModified":"2026-01-15T13:13:45+00:00","breadcrumb":{"@id":"https:\/\/asteralabs.org\/pl\/product\/mieszanka-o-dlugim-dzialaniu\/#breadcrumb"},"inLanguage":"pl-PL","potentialAction":[{"@type":"ReadAction","target":["https:\/\/asteralabs.org\/pl\/product\/mieszanka-o-dlugim-dzialaniu\/"]}]},{"@type":"ImageObject","inLanguage":"pl-PL","@id":"https:\/\/asteralabs.org\/pl\/product\/mieszanka-o-dlugim-dzialaniu\/#primaryimage","url":"https:\/\/asteralabs.org\/wp-content\/uploads\/2022\/11\/Long-acting-mix-inject-nbg.png","contentUrl":"https:\/\/asteralabs.org\/wp-content\/uploads\/2022\/11\/Long-acting-mix-inject-nbg.png","width":2000,"height":2000},{"@type":"BreadcrumbList","@id":"https:\/\/asteralabs.org\/pl\/product\/mieszanka-o-dlugim-dzialaniu\/#breadcrumb","itemListElement":[{"@type":"ListItem","position":1,"name":"Home","item":"https:\/\/asteralabs.org\/pl\/"},{"@type":"ListItem","position":2,"name":"Sklep","item":"https:\/\/asteralabs.org\/pl\/sklep\/"},{"@type":"ListItem","position":3,"name":"Mieszanka o d\u0142ugim dzia\u0142aniu"}]},{"@type":"WebSite","@id":"https:\/\/asteralabs.org\/pl\/#website","url":"https:\/\/asteralabs.org\/pl\/","name":"Astera Labs","description":"Improve Your Quality Of Life","publisher":{"@id":"https:\/\/asteralabs.org\/pl\/#organization"},"potentialAction":[{"@type":"SearchAction","target":{"@type":"EntryPoint","urlTemplate":"https:\/\/asteralabs.org\/pl\/?s={search_term_string}"},"query-input":{"@type":"PropertyValueSpecification","valueRequired":true,"valueName":"search_term_string"}}],"inLanguage":"pl-PL"},{"@type":"Organization","@id":"https:\/\/asteralabs.org\/pl\/#organization","name":"Astera Labs","url":"https:\/\/asteralabs.org\/pl\/","logo":{"@type":"ImageObject","inLanguage":"pl-PL","@id":"https:\/\/asteralabs.org\/pl\/#\/schema\/logo\/image\/","url":"https:\/\/asteralabs.org\/wp-content\/uploads\/2022\/12\/astera-2.png","contentUrl":"https:\/\/asteralabs.org\/wp-content\/uploads\/2022\/12\/astera-2.png","width":437,"height":111,"caption":"Astera Labs"},"image":{"@id":"https:\/\/asteralabs.org\/pl\/#\/schema\/logo\/image\/"}}]}},"_links":{"self":[{"href":"https:\/\/asteralabs.org\/pl\/wp-json\/wp\/v2\/product\/77960","targetHints":{"allow":["GET"]}}],"collection":[{"href":"https:\/\/asteralabs.org\/pl\/wp-json\/wp\/v2\/product"}],"about":[{"href":"https:\/\/asteralabs.org\/pl\/wp-json\/wp\/v2\/types\/product"}],"replies":[{"embeddable":true,"href":"https:\/\/asteralabs.org\/pl\/wp-json\/wp\/v2\/comments?post=77960"}],"version-history":[{"count":0,"href":"https:\/\/asteralabs.org\/pl\/wp-json\/wp\/v2\/product\/77960\/revisions"}],"wp:featuredmedia":[{"embeddable":true,"href":"https:\/\/asteralabs.org\/pl\/wp-json\/wp\/v2\/media\/76020"}],"wp:attachment":[{"href":"https:\/\/asteralabs.org\/pl\/wp-json\/wp\/v2\/media?parent=77960"}],"wp:term":[{"taxonomy":"product_brand","embeddable":true,"href":"https:\/\/asteralabs.org\/pl\/wp-json\/wp\/v2\/product_brand?post=77960"},{"taxonomy":"product_cat","embeddable":true,"href":"https:\/\/asteralabs.org\/pl\/wp-json\/wp\/v2\/product_cat?post=77960"},{"taxonomy":"product_tag","embeddable":true,"href":"https:\/\/asteralabs.org\/pl\/wp-json\/wp\/v2\/product_tag?post=77960"}],"curies":[{"name":"wp","href":"https:\/\/api.w.org\/{rel}","templated":true}]}}