{"id":77965,"date":"2022-11-05T22:20:41","date_gmt":"2022-11-05T22:20:41","guid":{"rendered":"https:\/\/asteralabs.org\/product\/krotko-dzialajaca-mieszanka\/"},"modified":"2026-01-15T13:24:51","modified_gmt":"2026-01-15T13:24:51","slug":"krotko-dzialajaca-mieszanka","status":"publish","type":"product","link":"https:\/\/asteralabs.org\/pl\/product\/krotko-dzialajaca-mieszanka\/","title":{"rendered":"Kr\u00f3tko dzia\u0142aj\u0105ca mieszanka"},"content":{"rendered":"<p><strong>DAWKOWANIE:<\/strong><br \/>\nPropionian drostanolonu 75 mg<br \/>\nPropionian testosteronu 125 mg<br \/>\nOctan trenbolonu 75 mg <strong>ZAWARTO\u015a\u0106 OPAKOWANIA:<\/strong><br \/>\n1 x fiolka 10 ml, 75\/125\/75 mg na ml <strong>CO TO JEST:<\/strong><br \/>\nTen produkt to kompletny cykl ci\u0119cia w fiolce, zawiera testosteron, masteron i trenbolon. <strong>JAK STOSOWA\u0106<\/strong><br \/>\nDawki b\u0119d\u0105 zale\u017ce\u0107 od u\u017cytkownika i cel\u00f3w, 2 ml tygodniowo wystarcz\u0105 dla wi\u0119kszo\u015bci u\u017cytkownik\u00f3w. Poniewa\u017c jest to po\u0142\u0105czenie kr\u00f3tkich estr\u00f3w, zalecamy wstrzykiwanie ED lub EOD.<\/p>\n<p><strong>INFORMACJE O PARTII:<br \/>\n<\/strong>Nr partii: <span data-sheets-root=\"1\" data-sheets-value=\"{\" data-sheets-userformat=\"{\">KV90356<\/span><br \/>\nData produkcji: <span data-sheets-root=\"1\" data-sheets-value=\"{\" data-sheets-userformat=\"{\">10.2025.<\/span><br \/>\nData wa\u017cno\u015bci: <span data-sheets-root=\"1\" data-sheets-value=\"{\" data-sheets-userformat=\"{\">10.2028.<\/span><\/p>\n","protected":false},"excerpt":{"rendered":"<p>DAWKOWANIE: Propionian drostanolonu 75 mg Propionian testosteronu 125 mg Octan trenbolonu 75 mg ZAWARTO\u015a\u0106 OPAKOWANIA: 1 x fiolka 10 ml, 75\/125\/75 mg na ml CO TO JEST: Ten produkt to kompletny cykl ci\u0119cia w fiolce, zawiera testosteron, masteron i trenbolon. JAK STOSOWA\u0106 Dawki b\u0119d\u0105 zale\u017ce\u0107 od u\u017cytkownika i cel\u00f3w, 2 ml tygodniowo wystarcz\u0105 dla wi\u0119kszo\u015bci&hellip;<\/p>\n","protected":false},"featured_media":76028,"comment_status":"open","ping_status":"closed","template":"","meta":{"_acf_changed":false},"product_brand":[],"product_cat":[167,165],"product_tag":[166],"class_list":{"0":"post-77965","1":"product","2":"type-product","3":"status-publish","4":"has-post-thumbnail","6":"product_cat-all-pl","7":"product_cat-injectables-pl","8":"product_tag-bestseller-pl","9":"description-off","11":"first","12":"instock","13":"shipping-taxable","14":"product-type-simple"},"acf":[],"yoast_head":"<!-- This site is optimized with the Yoast SEO plugin v27.4 - https:\/\/yoast.com\/product\/yoast-seo-wordpress\/ -->\n<title>Kr\u00f3tko dzia\u0142aj\u0105ca mieszanka - Astera Labs<\/title>\n<meta name=\"robots\" content=\"index, follow, max-snippet:-1, max-image-preview:large, max-video-preview:-1\" \/>\n<link rel=\"canonical\" href=\"https:\/\/asteralabs.org\/pl\/product\/krotko-dzialajaca-mieszanka\/\" \/>\n<meta property=\"og:locale\" content=\"pl_PL\" \/>\n<meta property=\"og:type\" content=\"article\" \/>\n<meta property=\"og:title\" content=\"Kr\u00f3tko dzia\u0142aj\u0105ca mieszanka - Astera Labs\" \/>\n<meta property=\"og:description\" content=\"DAWKOWANIE: Propionian drostanolonu 75 mg Propionian testosteronu 125 mg Octan trenbolonu 75 mg ZAWARTO\u015a\u0106 OPAKOWANIA: 1 x fiolka 10 ml, 75\/125\/75 mg na ml CO TO JEST: Ten produkt to kompletny cykl ci\u0119cia w fiolce, zawiera testosteron, masteron i trenbolon. JAK STOSOWA\u0106 Dawki b\u0119d\u0105 zale\u017ce\u0107 od u\u017cytkownika i cel\u00f3w, 2 ml tygodniowo wystarcz\u0105 dla wi\u0119kszo\u015bci&hellip;\" \/>\n<meta property=\"og:url\" content=\"https:\/\/asteralabs.org\/pl\/product\/krotko-dzialajaca-mieszanka\/\" \/>\n<meta property=\"og:site_name\" content=\"Astera Labs\" \/>\n<meta property=\"article:modified_time\" content=\"2026-01-15T13:24:51+00:00\" \/>\n<meta property=\"og:image\" content=\"https:\/\/asteralabs.org\/wp-content\/uploads\/2022\/11\/Short-acting-mix-inject-nbg.png\" \/>\n\t<meta property=\"og:image:width\" content=\"2000\" \/>\n\t<meta property=\"og:image:height\" content=\"2000\" \/>\n\t<meta property=\"og:image:type\" content=\"image\/png\" \/>\n<meta name=\"twitter:card\" content=\"summary_large_image\" \/>\n<script type=\"application\/ld+json\" class=\"yoast-schema-graph\">{\"@context\":\"https:\\\/\\\/schema.org\",\"@graph\":[{\"@type\":\"WebPage\",\"@id\":\"https:\\\/\\\/asteralabs.org\\\/pl\\\/product\\\/krotko-dzialajaca-mieszanka\\\/\",\"url\":\"https:\\\/\\\/asteralabs.org\\\/pl\\\/product\\\/krotko-dzialajaca-mieszanka\\\/\",\"name\":\"Kr\u00f3tko dzia\u0142aj\u0105ca mieszanka - Astera Labs\",\"isPartOf\":{\"@id\":\"https:\\\/\\\/asteralabs.org\\\/pl\\\/#website\"},\"primaryImageOfPage\":{\"@id\":\"https:\\\/\\\/asteralabs.org\\\/pl\\\/product\\\/krotko-dzialajaca-mieszanka\\\/#primaryimage\"},\"image\":{\"@id\":\"https:\\\/\\\/asteralabs.org\\\/pl\\\/product\\\/krotko-dzialajaca-mieszanka\\\/#primaryimage\"},\"thumbnailUrl\":\"https:\\\/\\\/asteralabs.org\\\/wp-content\\\/uploads\\\/2022\\\/11\\\/Short-acting-mix-inject-nbg.png\",\"datePublished\":\"2022-11-05T22:20:41+00:00\",\"dateModified\":\"2026-01-15T13:24:51+00:00\",\"breadcrumb\":{\"@id\":\"https:\\\/\\\/asteralabs.org\\\/pl\\\/product\\\/krotko-dzialajaca-mieszanka\\\/#breadcrumb\"},\"inLanguage\":\"pl-PL\",\"potentialAction\":[{\"@type\":\"ReadAction\",\"target\":[\"https:\\\/\\\/asteralabs.org\\\/pl\\\/product\\\/krotko-dzialajaca-mieszanka\\\/\"]}]},{\"@type\":\"ImageObject\",\"inLanguage\":\"pl-PL\",\"@id\":\"https:\\\/\\\/asteralabs.org\\\/pl\\\/product\\\/krotko-dzialajaca-mieszanka\\\/#primaryimage\",\"url\":\"https:\\\/\\\/asteralabs.org\\\/wp-content\\\/uploads\\\/2022\\\/11\\\/Short-acting-mix-inject-nbg.png\",\"contentUrl\":\"https:\\\/\\\/asteralabs.org\\\/wp-content\\\/uploads\\\/2022\\\/11\\\/Short-acting-mix-inject-nbg.png\",\"width\":2000,\"height\":2000},{\"@type\":\"BreadcrumbList\",\"@id\":\"https:\\\/\\\/asteralabs.org\\\/pl\\\/product\\\/krotko-dzialajaca-mieszanka\\\/#breadcrumb\",\"itemListElement\":[{\"@type\":\"ListItem\",\"position\":1,\"name\":\"Home\",\"item\":\"https:\\\/\\\/asteralabs.org\\\/pl\\\/\"},{\"@type\":\"ListItem\",\"position\":2,\"name\":\"Sklep\",\"item\":\"https:\\\/\\\/asteralabs.org\\\/pl\\\/sklep\\\/\"},{\"@type\":\"ListItem\",\"position\":3,\"name\":\"Kr\u00f3tko dzia\u0142aj\u0105ca mieszanka\"}]},{\"@type\":\"WebSite\",\"@id\":\"https:\\\/\\\/asteralabs.org\\\/pl\\\/#website\",\"url\":\"https:\\\/\\\/asteralabs.org\\\/pl\\\/\",\"name\":\"Astera Labs\",\"description\":\"Improve Your Quality Of Life\",\"publisher\":{\"@id\":\"https:\\\/\\\/asteralabs.org\\\/pl\\\/#organization\"},\"potentialAction\":[{\"@type\":\"SearchAction\",\"target\":{\"@type\":\"EntryPoint\",\"urlTemplate\":\"https:\\\/\\\/asteralabs.org\\\/pl\\\/?s={search_term_string}\"},\"query-input\":{\"@type\":\"PropertyValueSpecification\",\"valueRequired\":true,\"valueName\":\"search_term_string\"}}],\"inLanguage\":\"pl-PL\"},{\"@type\":\"Organization\",\"@id\":\"https:\\\/\\\/asteralabs.org\\\/pl\\\/#organization\",\"name\":\"Astera Labs\",\"url\":\"https:\\\/\\\/asteralabs.org\\\/pl\\\/\",\"logo\":{\"@type\":\"ImageObject\",\"inLanguage\":\"pl-PL\",\"@id\":\"https:\\\/\\\/asteralabs.org\\\/pl\\\/#\\\/schema\\\/logo\\\/image\\\/\",\"url\":\"https:\\\/\\\/asteralabs.org\\\/wp-content\\\/uploads\\\/2022\\\/12\\\/astera-2.png\",\"contentUrl\":\"https:\\\/\\\/asteralabs.org\\\/wp-content\\\/uploads\\\/2022\\\/12\\\/astera-2.png\",\"width\":437,\"height\":111,\"caption\":\"Astera Labs\"},\"image\":{\"@id\":\"https:\\\/\\\/asteralabs.org\\\/pl\\\/#\\\/schema\\\/logo\\\/image\\\/\"}}]}<\/script>\n<!-- \/ Yoast SEO plugin. -->","yoast_head_json":{"title":"Kr\u00f3tko dzia\u0142aj\u0105ca mieszanka - Astera Labs","robots":{"index":"index","follow":"follow","max-snippet":"max-snippet:-1","max-image-preview":"max-image-preview:large","max-video-preview":"max-video-preview:-1"},"canonical":"https:\/\/asteralabs.org\/pl\/product\/krotko-dzialajaca-mieszanka\/","og_locale":"pl_PL","og_type":"article","og_title":"Kr\u00f3tko dzia\u0142aj\u0105ca mieszanka - Astera Labs","og_description":"DAWKOWANIE: Propionian drostanolonu 75 mg Propionian testosteronu 125 mg Octan trenbolonu 75 mg ZAWARTO\u015a\u0106 OPAKOWANIA: 1 x fiolka 10 ml, 75\/125\/75 mg na ml CO TO JEST: Ten produkt to kompletny cykl ci\u0119cia w fiolce, zawiera testosteron, masteron i trenbolon. JAK STOSOWA\u0106 Dawki b\u0119d\u0105 zale\u017ce\u0107 od u\u017cytkownika i cel\u00f3w, 2 ml tygodniowo wystarcz\u0105 dla wi\u0119kszo\u015bci&hellip;","og_url":"https:\/\/asteralabs.org\/pl\/product\/krotko-dzialajaca-mieszanka\/","og_site_name":"Astera Labs","article_modified_time":"2026-01-15T13:24:51+00:00","og_image":[{"width":2000,"height":2000,"url":"https:\/\/asteralabs.org\/wp-content\/uploads\/2022\/11\/Short-acting-mix-inject-nbg.png","type":"image\/png"}],"twitter_card":"summary_large_image","schema":{"@context":"https:\/\/schema.org","@graph":[{"@type":"WebPage","@id":"https:\/\/asteralabs.org\/pl\/product\/krotko-dzialajaca-mieszanka\/","url":"https:\/\/asteralabs.org\/pl\/product\/krotko-dzialajaca-mieszanka\/","name":"Kr\u00f3tko dzia\u0142aj\u0105ca mieszanka - Astera Labs","isPartOf":{"@id":"https:\/\/asteralabs.org\/pl\/#website"},"primaryImageOfPage":{"@id":"https:\/\/asteralabs.org\/pl\/product\/krotko-dzialajaca-mieszanka\/#primaryimage"},"image":{"@id":"https:\/\/asteralabs.org\/pl\/product\/krotko-dzialajaca-mieszanka\/#primaryimage"},"thumbnailUrl":"https:\/\/asteralabs.org\/wp-content\/uploads\/2022\/11\/Short-acting-mix-inject-nbg.png","datePublished":"2022-11-05T22:20:41+00:00","dateModified":"2026-01-15T13:24:51+00:00","breadcrumb":{"@id":"https:\/\/asteralabs.org\/pl\/product\/krotko-dzialajaca-mieszanka\/#breadcrumb"},"inLanguage":"pl-PL","potentialAction":[{"@type":"ReadAction","target":["https:\/\/asteralabs.org\/pl\/product\/krotko-dzialajaca-mieszanka\/"]}]},{"@type":"ImageObject","inLanguage":"pl-PL","@id":"https:\/\/asteralabs.org\/pl\/product\/krotko-dzialajaca-mieszanka\/#primaryimage","url":"https:\/\/asteralabs.org\/wp-content\/uploads\/2022\/11\/Short-acting-mix-inject-nbg.png","contentUrl":"https:\/\/asteralabs.org\/wp-content\/uploads\/2022\/11\/Short-acting-mix-inject-nbg.png","width":2000,"height":2000},{"@type":"BreadcrumbList","@id":"https:\/\/asteralabs.org\/pl\/product\/krotko-dzialajaca-mieszanka\/#breadcrumb","itemListElement":[{"@type":"ListItem","position":1,"name":"Home","item":"https:\/\/asteralabs.org\/pl\/"},{"@type":"ListItem","position":2,"name":"Sklep","item":"https:\/\/asteralabs.org\/pl\/sklep\/"},{"@type":"ListItem","position":3,"name":"Kr\u00f3tko dzia\u0142aj\u0105ca mieszanka"}]},{"@type":"WebSite","@id":"https:\/\/asteralabs.org\/pl\/#website","url":"https:\/\/asteralabs.org\/pl\/","name":"Astera Labs","description":"Improve Your Quality Of Life","publisher":{"@id":"https:\/\/asteralabs.org\/pl\/#organization"},"potentialAction":[{"@type":"SearchAction","target":{"@type":"EntryPoint","urlTemplate":"https:\/\/asteralabs.org\/pl\/?s={search_term_string}"},"query-input":{"@type":"PropertyValueSpecification","valueRequired":true,"valueName":"search_term_string"}}],"inLanguage":"pl-PL"},{"@type":"Organization","@id":"https:\/\/asteralabs.org\/pl\/#organization","name":"Astera Labs","url":"https:\/\/asteralabs.org\/pl\/","logo":{"@type":"ImageObject","inLanguage":"pl-PL","@id":"https:\/\/asteralabs.org\/pl\/#\/schema\/logo\/image\/","url":"https:\/\/asteralabs.org\/wp-content\/uploads\/2022\/12\/astera-2.png","contentUrl":"https:\/\/asteralabs.org\/wp-content\/uploads\/2022\/12\/astera-2.png","width":437,"height":111,"caption":"Astera Labs"},"image":{"@id":"https:\/\/asteralabs.org\/pl\/#\/schema\/logo\/image\/"}}]}},"_links":{"self":[{"href":"https:\/\/asteralabs.org\/pl\/wp-json\/wp\/v2\/product\/77965","targetHints":{"allow":["GET"]}}],"collection":[{"href":"https:\/\/asteralabs.org\/pl\/wp-json\/wp\/v2\/product"}],"about":[{"href":"https:\/\/asteralabs.org\/pl\/wp-json\/wp\/v2\/types\/product"}],"replies":[{"embeddable":true,"href":"https:\/\/asteralabs.org\/pl\/wp-json\/wp\/v2\/comments?post=77965"}],"version-history":[{"count":0,"href":"https:\/\/asteralabs.org\/pl\/wp-json\/wp\/v2\/product\/77965\/revisions"}],"wp:featuredmedia":[{"embeddable":true,"href":"https:\/\/asteralabs.org\/pl\/wp-json\/wp\/v2\/media\/76028"}],"wp:attachment":[{"href":"https:\/\/asteralabs.org\/pl\/wp-json\/wp\/v2\/media?parent=77965"}],"wp:term":[{"taxonomy":"product_brand","embeddable":true,"href":"https:\/\/asteralabs.org\/pl\/wp-json\/wp\/v2\/product_brand?post=77965"},{"taxonomy":"product_cat","embeddable":true,"href":"https:\/\/asteralabs.org\/pl\/wp-json\/wp\/v2\/product_cat?post=77965"},{"taxonomy":"product_tag","embeddable":true,"href":"https:\/\/asteralabs.org\/pl\/wp-json\/wp\/v2\/product_tag?post=77965"}],"curies":[{"name":"wp","href":"https:\/\/api.w.org\/{rel}","templated":true}]}}