{"id":77973,"date":"2022-11-05T22:17:23","date_gmt":"2022-11-05T22:17:23","guid":{"rendered":"https:\/\/asteralabs.org\/product\/trenbolone-mix\/"},"modified":"2026-01-15T14:05:30","modified_gmt":"2026-01-15T14:05:30","slug":"trenbolone-mix","status":"publish","type":"product","link":"https:\/\/asteralabs.org\/pl\/product\/trenbolone-mix\/","title":{"rendered":"Trenbolone Mix"},"content":{"rendered":"<p><strong>DAWKOWANIE:<\/strong><br \/>\nOctan trenbolonu 50 mg<br \/>\nTrenbolon Enanthate 50 mg<br \/>\nHeksahydrobenzylow\u0119glan trenbolonu 50 mg <strong>ZAWARTO\u015a\u0106 OPAKOWANIA:<\/strong><br \/>\n1 x fiolka 10 ml, 150 mg na ml <strong>CO TO JEST:<\/strong><br \/>\nTrenbolon jest sterydem pochodz\u0105cym z 19-Nortestosteronu i jest jednym z najpot\u0119\u017cniejszych i najskuteczniejszych obecnie istniej\u0105cych steryd\u00f3w. Ze wzgl\u0119du na wysokie powinowactwo do receptor\u00f3w androgenowych jest to wszechstronny steryd, przydatny do zwi\u0119kszania masy mi\u0119\u015bniowej, utraty t\u0142uszczu i zwi\u0119kszania si\u0142y. Jest bardzo przydatny podczas cyklu ci\u0119cia, aby utrzyma\u0107 jak najwi\u0119cej bezt\u0142uszczowej masy, jednocze\u015bnie trac\u0105c jak najwi\u0119cej t\u0142uszczu. Chocia\u017c jego skutki uboczne s\u0105 przesadzone i s\u0105 bardzo podobne do innych steryd\u00f3w i zale\u017c\u0105 od dawki, nale\u017cy wzi\u0105\u0107 pod uwag\u0119, \u017ce powoduje zaburzenia snu (w zale\u017cno\u015bci od dawki i czasu stosowania) i zmiany nastroju (w zale\u017cno\u015bci od osoby). <strong>JAK STOSOWA\u0106:<\/strong><br \/>\nB\u0119d\u0105c bardzo wszechstronnym sterydem, dawki 75 mg na tydzie\u0144 mog\u0105 by\u0107 bardzo przydatne podczas fazy ci\u0119cia bez powodowania skutk\u00f3w ubocznych lub zmniejszania szans na ich wyst\u0105pienie. Dawki 200-400 mg na tydzie\u0144 s\u0105 uwa\u017cane za &#8220;normalne&#8221; w zale\u017cno\u015bci od tego, jak zaawansowany jest sportowiec. Zalecamy rozpocz\u0119cie od 75 mg na tydzie\u0144 i stopniowe zwi\u0119kszanie dawki, a\u017c zauwa\u017cysz jakiekolwiek skutki uboczne i b\u0119dzie to maksymalna dawka. Poniewa\u017c ma kombinacj\u0119 trzech estr\u00f3w, zalecamy stosowanie tej samej cz\u0119stotliwo\u015bci wstrzykni\u0119\u0107, co w przypadku kr\u00f3tszego estru, czyli ED lub EOD.<\/p>\n<p><strong>INFORMACJE O BATCH:<br \/>\n<\/strong>Nr partii: <span data-sheets-root=\"1\" data-sheets-value=\"{\" data-sheets-userformat=\"{\">YO09765<\/span><br \/>\nData produkcji: <span data-sheets-root=\"1\" data-sheets-value=\"{\" data-sheets-userformat=\"{\">10.2025.<\/span><br \/>\nData wa\u017cno\u015bci: <span data-sheets-root=\"1\" data-sheets-value=\"{\" data-sheets-userformat=\"{\">10.2028.<\/span><\/p>\n","protected":false},"excerpt":{"rendered":"<p>DAWKOWANIE: Octan trenbolonu 50 mg Trenbolon Enanthate 50 mg Heksahydrobenzylow\u0119glan trenbolonu 50 mg ZAWARTO\u015a\u0106 OPAKOWANIA: 1 x fiolka 10 ml, 150 mg na ml CO TO JEST: Trenbolon jest sterydem pochodz\u0105cym z 19-Nortestosteronu i jest jednym z najpot\u0119\u017cniejszych i najskuteczniejszych obecnie istniej\u0105cych steryd\u00f3w. Ze wzgl\u0119du na wysokie powinowactwo do receptor\u00f3w androgenowych jest to wszechstronny steryd,&hellip;<\/p>\n","protected":false},"featured_media":76180,"comment_status":"open","ping_status":"closed","template":"","meta":[],"product_cat":[167,165],"product_tag":[],"yoast_head":"<!-- This site is optimized with the Yoast SEO plugin v23.0 - https:\/\/yoast.com\/wordpress\/plugins\/seo\/ -->\n<title>Trenbolone Mix - Astera Labs<\/title>\n<meta name=\"robots\" content=\"index, follow, max-snippet:-1, max-image-preview:large, max-video-preview:-1\" \/>\n<link rel=\"canonical\" href=\"https:\/\/asteralabs.org\/pl\/product\/trenbolone-mix\/\" \/>\n<meta property=\"og:locale\" content=\"pl_PL\" \/>\n<meta property=\"og:type\" content=\"article\" \/>\n<meta property=\"og:title\" content=\"Trenbolone Mix - Astera Labs\" \/>\n<meta property=\"og:description\" content=\"DAWKOWANIE: Octan trenbolonu 50 mg Trenbolon Enanthate 50 mg Heksahydrobenzylow\u0119glan trenbolonu 50 mg ZAWARTO\u015a\u0106 OPAKOWANIA: 1 x fiolka 10 ml, 150 mg na ml CO TO JEST: Trenbolon jest sterydem pochodz\u0105cym z 19-Nortestosteronu i jest jednym z najpot\u0119\u017cniejszych i najskuteczniejszych obecnie istniej\u0105cych steryd\u00f3w. Ze wzgl\u0119du na wysokie powinowactwo do receptor\u00f3w androgenowych jest to wszechstronny steryd,&hellip;\" \/>\n<meta property=\"og:url\" content=\"https:\/\/asteralabs.org\/pl\/product\/trenbolone-mix\/\" \/>\n<meta property=\"og:site_name\" content=\"Astera Labs\" \/>\n<meta property=\"article:modified_time\" content=\"2026-01-15T14:05:30+00:00\" \/>\n<meta property=\"og:image\" content=\"https:\/\/asteralabs.org\/wp-content\/uploads\/2022\/11\/Trenbolone-mix-inject-nbg-1.png\" \/>\n\t<meta property=\"og:image:width\" content=\"2000\" \/>\n\t<meta property=\"og:image:height\" content=\"2000\" \/>\n\t<meta property=\"og:image:type\" content=\"image\/png\" \/>\n<meta name=\"twitter:card\" content=\"summary_large_image\" \/>\n<script type=\"application\/ld+json\" class=\"yoast-schema-graph\">{\"@context\":\"https:\/\/schema.org\",\"@graph\":[{\"@type\":\"WebPage\",\"@id\":\"https:\/\/asteralabs.org\/pl\/product\/trenbolone-mix\/\",\"url\":\"https:\/\/asteralabs.org\/pl\/product\/trenbolone-mix\/\",\"name\":\"Trenbolone Mix - Astera Labs\",\"isPartOf\":{\"@id\":\"https:\/\/asteralabs.org\/pl\/#website\"},\"primaryImageOfPage\":{\"@id\":\"https:\/\/asteralabs.org\/pl\/product\/trenbolone-mix\/#primaryimage\"},\"image\":{\"@id\":\"https:\/\/asteralabs.org\/pl\/product\/trenbolone-mix\/#primaryimage\"},\"thumbnailUrl\":\"https:\/\/asteralabs.org\/wp-content\/uploads\/2022\/11\/Trenbolone-mix-inject-nbg-1.png\",\"datePublished\":\"2022-11-05T22:17:23+00:00\",\"dateModified\":\"2026-01-15T14:05:30+00:00\",\"breadcrumb\":{\"@id\":\"https:\/\/asteralabs.org\/pl\/product\/trenbolone-mix\/#breadcrumb\"},\"inLanguage\":\"pl-PL\",\"potentialAction\":[{\"@type\":\"ReadAction\",\"target\":[\"https:\/\/asteralabs.org\/pl\/product\/trenbolone-mix\/\"]}]},{\"@type\":\"ImageObject\",\"inLanguage\":\"pl-PL\",\"@id\":\"https:\/\/asteralabs.org\/pl\/product\/trenbolone-mix\/#primaryimage\",\"url\":\"https:\/\/asteralabs.org\/wp-content\/uploads\/2022\/11\/Trenbolone-mix-inject-nbg-1.png\",\"contentUrl\":\"https:\/\/asteralabs.org\/wp-content\/uploads\/2022\/11\/Trenbolone-mix-inject-nbg-1.png\",\"width\":2000,\"height\":2000},{\"@type\":\"BreadcrumbList\",\"@id\":\"https:\/\/asteralabs.org\/pl\/product\/trenbolone-mix\/#breadcrumb\",\"itemListElement\":[{\"@type\":\"ListItem\",\"position\":1,\"name\":\"Home\",\"item\":\"https:\/\/asteralabs.org\/pl\/\"},{\"@type\":\"ListItem\",\"position\":2,\"name\":\"Sklep\",\"item\":\"https:\/\/asteralabs.org\/sklep\/\"},{\"@type\":\"ListItem\",\"position\":3,\"name\":\"Trenbolone Mix\"}]},{\"@type\":\"WebSite\",\"@id\":\"https:\/\/asteralabs.org\/pl\/#website\",\"url\":\"https:\/\/asteralabs.org\/pl\/\",\"name\":\"Astera Labs\",\"description\":\"Improve Your Quality Of Life\",\"publisher\":{\"@id\":\"https:\/\/asteralabs.org\/pl\/#organization\"},\"potentialAction\":[{\"@type\":\"SearchAction\",\"target\":{\"@type\":\"EntryPoint\",\"urlTemplate\":\"https:\/\/asteralabs.org\/pl\/?s={search_term_string}\"},\"query-input\":\"required name=search_term_string\"}],\"inLanguage\":\"pl-PL\"},{\"@type\":\"Organization\",\"@id\":\"https:\/\/asteralabs.org\/pl\/#organization\",\"name\":\"Astera Labs\",\"url\":\"https:\/\/asteralabs.org\/pl\/\",\"logo\":{\"@type\":\"ImageObject\",\"inLanguage\":\"pl-PL\",\"@id\":\"https:\/\/asteralabs.org\/pl\/#\/schema\/logo\/image\/\",\"url\":\"https:\/\/asteralabs.org\/wp-content\/uploads\/2022\/12\/astera-2.png\",\"contentUrl\":\"https:\/\/asteralabs.org\/wp-content\/uploads\/2022\/12\/astera-2.png\",\"width\":437,\"height\":111,\"caption\":\"Astera Labs\"},\"image\":{\"@id\":\"https:\/\/asteralabs.org\/pl\/#\/schema\/logo\/image\/\"}}]}<\/script>\n<!-- \/ Yoast SEO plugin. -->","yoast_head_json":{"title":"Trenbolone Mix - Astera Labs","robots":{"index":"index","follow":"follow","max-snippet":"max-snippet:-1","max-image-preview":"max-image-preview:large","max-video-preview":"max-video-preview:-1"},"canonical":"https:\/\/asteralabs.org\/pl\/product\/trenbolone-mix\/","og_locale":"pl_PL","og_type":"article","og_title":"Trenbolone Mix - Astera Labs","og_description":"DAWKOWANIE: Octan trenbolonu 50 mg Trenbolon Enanthate 50 mg Heksahydrobenzylow\u0119glan trenbolonu 50 mg ZAWARTO\u015a\u0106 OPAKOWANIA: 1 x fiolka 10 ml, 150 mg na ml CO TO JEST: Trenbolon jest sterydem pochodz\u0105cym z 19-Nortestosteronu i jest jednym z najpot\u0119\u017cniejszych i najskuteczniejszych obecnie istniej\u0105cych steryd\u00f3w. Ze wzgl\u0119du na wysokie powinowactwo do receptor\u00f3w androgenowych jest to wszechstronny steryd,&hellip;","og_url":"https:\/\/asteralabs.org\/pl\/product\/trenbolone-mix\/","og_site_name":"Astera Labs","article_modified_time":"2026-01-15T14:05:30+00:00","og_image":[{"width":2000,"height":2000,"url":"https:\/\/asteralabs.org\/wp-content\/uploads\/2022\/11\/Trenbolone-mix-inject-nbg-1.png","type":"image\/png"}],"twitter_card":"summary_large_image","schema":{"@context":"https:\/\/schema.org","@graph":[{"@type":"WebPage","@id":"https:\/\/asteralabs.org\/pl\/product\/trenbolone-mix\/","url":"https:\/\/asteralabs.org\/pl\/product\/trenbolone-mix\/","name":"Trenbolone Mix - Astera Labs","isPartOf":{"@id":"https:\/\/asteralabs.org\/pl\/#website"},"primaryImageOfPage":{"@id":"https:\/\/asteralabs.org\/pl\/product\/trenbolone-mix\/#primaryimage"},"image":{"@id":"https:\/\/asteralabs.org\/pl\/product\/trenbolone-mix\/#primaryimage"},"thumbnailUrl":"https:\/\/asteralabs.org\/wp-content\/uploads\/2022\/11\/Trenbolone-mix-inject-nbg-1.png","datePublished":"2022-11-05T22:17:23+00:00","dateModified":"2026-01-15T14:05:30+00:00","breadcrumb":{"@id":"https:\/\/asteralabs.org\/pl\/product\/trenbolone-mix\/#breadcrumb"},"inLanguage":"pl-PL","potentialAction":[{"@type":"ReadAction","target":["https:\/\/asteralabs.org\/pl\/product\/trenbolone-mix\/"]}]},{"@type":"ImageObject","inLanguage":"pl-PL","@id":"https:\/\/asteralabs.org\/pl\/product\/trenbolone-mix\/#primaryimage","url":"https:\/\/asteralabs.org\/wp-content\/uploads\/2022\/11\/Trenbolone-mix-inject-nbg-1.png","contentUrl":"https:\/\/asteralabs.org\/wp-content\/uploads\/2022\/11\/Trenbolone-mix-inject-nbg-1.png","width":2000,"height":2000},{"@type":"BreadcrumbList","@id":"https:\/\/asteralabs.org\/pl\/product\/trenbolone-mix\/#breadcrumb","itemListElement":[{"@type":"ListItem","position":1,"name":"Home","item":"https:\/\/asteralabs.org\/pl\/"},{"@type":"ListItem","position":2,"name":"Sklep","item":"https:\/\/asteralabs.org\/sklep\/"},{"@type":"ListItem","position":3,"name":"Trenbolone Mix"}]},{"@type":"WebSite","@id":"https:\/\/asteralabs.org\/pl\/#website","url":"https:\/\/asteralabs.org\/pl\/","name":"Astera Labs","description":"Improve Your Quality Of Life","publisher":{"@id":"https:\/\/asteralabs.org\/pl\/#organization"},"potentialAction":[{"@type":"SearchAction","target":{"@type":"EntryPoint","urlTemplate":"https:\/\/asteralabs.org\/pl\/?s={search_term_string}"},"query-input":"required name=search_term_string"}],"inLanguage":"pl-PL"},{"@type":"Organization","@id":"https:\/\/asteralabs.org\/pl\/#organization","name":"Astera Labs","url":"https:\/\/asteralabs.org\/pl\/","logo":{"@type":"ImageObject","inLanguage":"pl-PL","@id":"https:\/\/asteralabs.org\/pl\/#\/schema\/logo\/image\/","url":"https:\/\/asteralabs.org\/wp-content\/uploads\/2022\/12\/astera-2.png","contentUrl":"https:\/\/asteralabs.org\/wp-content\/uploads\/2022\/12\/astera-2.png","width":437,"height":111,"caption":"Astera Labs"},"image":{"@id":"https:\/\/asteralabs.org\/pl\/#\/schema\/logo\/image\/"}}]}},"_links":{"self":[{"href":"https:\/\/asteralabs.org\/pl\/wp-json\/wp\/v2\/product\/77973"}],"collection":[{"href":"https:\/\/asteralabs.org\/pl\/wp-json\/wp\/v2\/product"}],"about":[{"href":"https:\/\/asteralabs.org\/pl\/wp-json\/wp\/v2\/types\/product"}],"replies":[{"embeddable":true,"href":"https:\/\/asteralabs.org\/pl\/wp-json\/wp\/v2\/comments?post=77973"}],"version-history":[{"count":0,"href":"https:\/\/asteralabs.org\/pl\/wp-json\/wp\/v2\/product\/77973\/revisions"}],"wp:featuredmedia":[{"embeddable":true,"href":"https:\/\/asteralabs.org\/pl\/wp-json\/wp\/v2\/media\/76180"}],"wp:attachment":[{"href":"https:\/\/asteralabs.org\/pl\/wp-json\/wp\/v2\/media?parent=77973"}],"wp:term":[{"taxonomy":"product_cat","embeddable":true,"href":"https:\/\/asteralabs.org\/pl\/wp-json\/wp\/v2\/product_cat?post=77973"},{"taxonomy":"product_tag","embeddable":true,"href":"https:\/\/asteralabs.org\/pl\/wp-json\/wp\/v2\/product_tag?post=77973"}],"curies":[{"name":"wp","href":"https:\/\/api.w.org\/{rel}","templated":true}]}}