{"id":77977,"date":"2022-11-05T22:11:39","date_gmt":"2022-11-05T22:11:39","guid":{"rendered":"https:\/\/asteralabs.org\/product\/cypionian-boldenonu\/"},"modified":"2026-01-15T08:18:05","modified_gmt":"2026-01-15T08:18:05","slug":"cypionian-boldenonu","status":"publish","type":"product","link":"https:\/\/asteralabs.org\/pl\/product\/cypionian-boldenonu\/","title":{"rendered":"Cypionian boldenonu"},"content":{"rendered":"<p><strong>DAWKOWANIE: <\/strong><br \/>\nCypionian boldenonu 200 mg\/ml <strong>ZAWARTO\u015a\u0106 OPAKOWANIA: <\/strong><br \/>\n1 x fiolka 10 ml, 200 mg na ml <strong>CO TO JEST: <\/strong><br \/>\nCypionian boldenonu to niezwykle popularny steryd anaboliczny do wstrzykiwa\u0144. Substancja ta jest syntetyczn\u0105 pochodn\u0105 testosteronu, kt\u00f3ra wykazuje mniejsz\u0105 aktywno\u015b\u0107 androgenn\u0105 ni\u017c testosteron, a jednocze\u015bnie ma silne w\u0142a\u015bciwo\u015bci anaboliczne. Ma taki sam poziom si\u0142y anabolicznej jak jego hormon ojciec, testosteron (100). Cykle Boldenone Cypionate s\u0105 cz\u0119sto przeprowadzane w celu zwi\u0119kszenia masy. Minimalna d\u0142ugo\u015b\u0107 cyklu wynosi 8 tygodni, a maksymalna 18 tygodni. <strong>SPOS\u00d3B U\u017bYCIA: <\/strong><br \/>\nZalecana dawka pocz\u0105tkowa cypionianu boldenonu wynosi od 300 do 500 mg na tydzie\u0144. D\u0142ugo\u015b\u0107 takiego cyklu powinna wynosi\u0107 \u0142\u0105cznie 14 tygodni. Typowa tygodniowa dawka dla zaawansowanych u\u017cytkownik\u00f3w wynosi ponad 600 mg. <strong>INFORMACJE O PARTII:<br \/>\n<\/strong>Nr partii: <span data-sheets-root=\"1\" data-sheets-value=\"{\" data-sheets-userformat=\"{\">VK06931<\/span><br \/>\nData produkcji: <span data-sheets-root=\"1\" data-sheets-value=\"{\" data-sheets-userformat=\"{\">10.2025.<\/span><br \/>\nData wa\u017cno\u015bci: <span data-sheets-root=\"1\" data-sheets-value=\"{\" data-sheets-userformat=\"{\">10.2028.<\/span><\/p>\n","protected":false},"excerpt":{"rendered":"<p>DAWKOWANIE: Cypionian boldenonu 200 mg\/ml ZAWARTO\u015a\u0106 OPAKOWANIA: 1 x fiolka 10 ml, 200 mg na ml CO TO JEST: Cypionian boldenonu to niezwykle popularny steryd anaboliczny do wstrzykiwa\u0144. Substancja ta jest syntetyczn\u0105 pochodn\u0105 testosteronu, kt\u00f3ra wykazuje mniejsz\u0105 aktywno\u015b\u0107 androgenn\u0105 ni\u017c testosteron, a jednocze\u015bnie ma silne w\u0142a\u015bciwo\u015bci anaboliczne. Ma taki sam poziom si\u0142y anabolicznej jak jego&hellip;<\/p>\n","protected":false},"featured_media":75020,"comment_status":"open","ping_status":"closed","template":"","meta":[],"product_cat":[167,165],"product_tag":[],"yoast_head":"<!-- This site is optimized with the Yoast SEO plugin v23.0 - https:\/\/yoast.com\/wordpress\/plugins\/seo\/ -->\n<title>Cypionian boldenonu - Astera Labs<\/title>\n<meta name=\"robots\" content=\"index, follow, max-snippet:-1, max-image-preview:large, max-video-preview:-1\" \/>\n<link rel=\"canonical\" href=\"https:\/\/asteralabs.org\/pl\/product\/cypionian-boldenonu\/\" \/>\n<meta property=\"og:locale\" content=\"pl_PL\" \/>\n<meta property=\"og:type\" content=\"article\" \/>\n<meta property=\"og:title\" content=\"Cypionian boldenonu - Astera Labs\" \/>\n<meta property=\"og:description\" content=\"DAWKOWANIE: Cypionian boldenonu 200 mg\/ml ZAWARTO\u015a\u0106 OPAKOWANIA: 1 x fiolka 10 ml, 200 mg na ml CO TO JEST: Cypionian boldenonu to niezwykle popularny steryd anaboliczny do wstrzykiwa\u0144. Substancja ta jest syntetyczn\u0105 pochodn\u0105 testosteronu, kt\u00f3ra wykazuje mniejsz\u0105 aktywno\u015b\u0107 androgenn\u0105 ni\u017c testosteron, a jednocze\u015bnie ma silne w\u0142a\u015bciwo\u015bci anaboliczne. Ma taki sam poziom si\u0142y anabolicznej jak jego&hellip;\" \/>\n<meta property=\"og:url\" content=\"https:\/\/asteralabs.org\/pl\/product\/cypionian-boldenonu\/\" \/>\n<meta property=\"og:site_name\" content=\"Astera Labs\" \/>\n<meta property=\"article:modified_time\" content=\"2026-01-15T08:18:05+00:00\" \/>\n<meta property=\"og:image\" content=\"https:\/\/asteralabs.org\/wp-content\/uploads\/2022\/11\/33.png\" \/>\n\t<meta property=\"og:image:width\" content=\"2000\" \/>\n\t<meta property=\"og:image:height\" content=\"2000\" \/>\n\t<meta property=\"og:image:type\" content=\"image\/png\" \/>\n<meta name=\"twitter:card\" content=\"summary_large_image\" \/>\n<script type=\"application\/ld+json\" class=\"yoast-schema-graph\">{\"@context\":\"https:\/\/schema.org\",\"@graph\":[{\"@type\":\"WebPage\",\"@id\":\"https:\/\/asteralabs.org\/pl\/product\/cypionian-boldenonu\/\",\"url\":\"https:\/\/asteralabs.org\/pl\/product\/cypionian-boldenonu\/\",\"name\":\"Cypionian boldenonu - Astera Labs\",\"isPartOf\":{\"@id\":\"https:\/\/asteralabs.org\/pl\/#website\"},\"primaryImageOfPage\":{\"@id\":\"https:\/\/asteralabs.org\/pl\/product\/cypionian-boldenonu\/#primaryimage\"},\"image\":{\"@id\":\"https:\/\/asteralabs.org\/pl\/product\/cypionian-boldenonu\/#primaryimage\"},\"thumbnailUrl\":\"https:\/\/asteralabs.org\/wp-content\/uploads\/2022\/11\/33.png\",\"datePublished\":\"2022-11-05T22:11:39+00:00\",\"dateModified\":\"2026-01-15T08:18:05+00:00\",\"breadcrumb\":{\"@id\":\"https:\/\/asteralabs.org\/pl\/product\/cypionian-boldenonu\/#breadcrumb\"},\"inLanguage\":\"pl-PL\",\"potentialAction\":[{\"@type\":\"ReadAction\",\"target\":[\"https:\/\/asteralabs.org\/pl\/product\/cypionian-boldenonu\/\"]}]},{\"@type\":\"ImageObject\",\"inLanguage\":\"pl-PL\",\"@id\":\"https:\/\/asteralabs.org\/pl\/product\/cypionian-boldenonu\/#primaryimage\",\"url\":\"https:\/\/asteralabs.org\/wp-content\/uploads\/2022\/11\/33.png\",\"contentUrl\":\"https:\/\/asteralabs.org\/wp-content\/uploads\/2022\/11\/33.png\",\"width\":2000,\"height\":2000},{\"@type\":\"BreadcrumbList\",\"@id\":\"https:\/\/asteralabs.org\/pl\/product\/cypionian-boldenonu\/#breadcrumb\",\"itemListElement\":[{\"@type\":\"ListItem\",\"position\":1,\"name\":\"Home\",\"item\":\"https:\/\/asteralabs.org\/pl\/\"},{\"@type\":\"ListItem\",\"position\":2,\"name\":\"Sklep\",\"item\":\"https:\/\/asteralabs.org\/sklep\/\"},{\"@type\":\"ListItem\",\"position\":3,\"name\":\"Cypionian boldenonu\"}]},{\"@type\":\"WebSite\",\"@id\":\"https:\/\/asteralabs.org\/pl\/#website\",\"url\":\"https:\/\/asteralabs.org\/pl\/\",\"name\":\"Astera Labs\",\"description\":\"Improve Your Quality Of Life\",\"publisher\":{\"@id\":\"https:\/\/asteralabs.org\/pl\/#organization\"},\"potentialAction\":[{\"@type\":\"SearchAction\",\"target\":{\"@type\":\"EntryPoint\",\"urlTemplate\":\"https:\/\/asteralabs.org\/pl\/?s={search_term_string}\"},\"query-input\":\"required name=search_term_string\"}],\"inLanguage\":\"pl-PL\"},{\"@type\":\"Organization\",\"@id\":\"https:\/\/asteralabs.org\/pl\/#organization\",\"name\":\"Astera Labs\",\"url\":\"https:\/\/asteralabs.org\/pl\/\",\"logo\":{\"@type\":\"ImageObject\",\"inLanguage\":\"pl-PL\",\"@id\":\"https:\/\/asteralabs.org\/pl\/#\/schema\/logo\/image\/\",\"url\":\"https:\/\/asteralabs.org\/wp-content\/uploads\/2022\/12\/astera-2.png\",\"contentUrl\":\"https:\/\/asteralabs.org\/wp-content\/uploads\/2022\/12\/astera-2.png\",\"width\":437,\"height\":111,\"caption\":\"Astera Labs\"},\"image\":{\"@id\":\"https:\/\/asteralabs.org\/pl\/#\/schema\/logo\/image\/\"}}]}<\/script>\n<!-- \/ Yoast SEO plugin. -->","yoast_head_json":{"title":"Cypionian boldenonu - Astera Labs","robots":{"index":"index","follow":"follow","max-snippet":"max-snippet:-1","max-image-preview":"max-image-preview:large","max-video-preview":"max-video-preview:-1"},"canonical":"https:\/\/asteralabs.org\/pl\/product\/cypionian-boldenonu\/","og_locale":"pl_PL","og_type":"article","og_title":"Cypionian boldenonu - Astera Labs","og_description":"DAWKOWANIE: Cypionian boldenonu 200 mg\/ml ZAWARTO\u015a\u0106 OPAKOWANIA: 1 x fiolka 10 ml, 200 mg na ml CO TO JEST: Cypionian boldenonu to niezwykle popularny steryd anaboliczny do wstrzykiwa\u0144. Substancja ta jest syntetyczn\u0105 pochodn\u0105 testosteronu, kt\u00f3ra wykazuje mniejsz\u0105 aktywno\u015b\u0107 androgenn\u0105 ni\u017c testosteron, a jednocze\u015bnie ma silne w\u0142a\u015bciwo\u015bci anaboliczne. Ma taki sam poziom si\u0142y anabolicznej jak jego&hellip;","og_url":"https:\/\/asteralabs.org\/pl\/product\/cypionian-boldenonu\/","og_site_name":"Astera Labs","article_modified_time":"2026-01-15T08:18:05+00:00","og_image":[{"width":2000,"height":2000,"url":"https:\/\/asteralabs.org\/wp-content\/uploads\/2022\/11\/33.png","type":"image\/png"}],"twitter_card":"summary_large_image","schema":{"@context":"https:\/\/schema.org","@graph":[{"@type":"WebPage","@id":"https:\/\/asteralabs.org\/pl\/product\/cypionian-boldenonu\/","url":"https:\/\/asteralabs.org\/pl\/product\/cypionian-boldenonu\/","name":"Cypionian boldenonu - Astera Labs","isPartOf":{"@id":"https:\/\/asteralabs.org\/pl\/#website"},"primaryImageOfPage":{"@id":"https:\/\/asteralabs.org\/pl\/product\/cypionian-boldenonu\/#primaryimage"},"image":{"@id":"https:\/\/asteralabs.org\/pl\/product\/cypionian-boldenonu\/#primaryimage"},"thumbnailUrl":"https:\/\/asteralabs.org\/wp-content\/uploads\/2022\/11\/33.png","datePublished":"2022-11-05T22:11:39+00:00","dateModified":"2026-01-15T08:18:05+00:00","breadcrumb":{"@id":"https:\/\/asteralabs.org\/pl\/product\/cypionian-boldenonu\/#breadcrumb"},"inLanguage":"pl-PL","potentialAction":[{"@type":"ReadAction","target":["https:\/\/asteralabs.org\/pl\/product\/cypionian-boldenonu\/"]}]},{"@type":"ImageObject","inLanguage":"pl-PL","@id":"https:\/\/asteralabs.org\/pl\/product\/cypionian-boldenonu\/#primaryimage","url":"https:\/\/asteralabs.org\/wp-content\/uploads\/2022\/11\/33.png","contentUrl":"https:\/\/asteralabs.org\/wp-content\/uploads\/2022\/11\/33.png","width":2000,"height":2000},{"@type":"BreadcrumbList","@id":"https:\/\/asteralabs.org\/pl\/product\/cypionian-boldenonu\/#breadcrumb","itemListElement":[{"@type":"ListItem","position":1,"name":"Home","item":"https:\/\/asteralabs.org\/pl\/"},{"@type":"ListItem","position":2,"name":"Sklep","item":"https:\/\/asteralabs.org\/sklep\/"},{"@type":"ListItem","position":3,"name":"Cypionian boldenonu"}]},{"@type":"WebSite","@id":"https:\/\/asteralabs.org\/pl\/#website","url":"https:\/\/asteralabs.org\/pl\/","name":"Astera Labs","description":"Improve Your Quality Of Life","publisher":{"@id":"https:\/\/asteralabs.org\/pl\/#organization"},"potentialAction":[{"@type":"SearchAction","target":{"@type":"EntryPoint","urlTemplate":"https:\/\/asteralabs.org\/pl\/?s={search_term_string}"},"query-input":"required name=search_term_string"}],"inLanguage":"pl-PL"},{"@type":"Organization","@id":"https:\/\/asteralabs.org\/pl\/#organization","name":"Astera Labs","url":"https:\/\/asteralabs.org\/pl\/","logo":{"@type":"ImageObject","inLanguage":"pl-PL","@id":"https:\/\/asteralabs.org\/pl\/#\/schema\/logo\/image\/","url":"https:\/\/asteralabs.org\/wp-content\/uploads\/2022\/12\/astera-2.png","contentUrl":"https:\/\/asteralabs.org\/wp-content\/uploads\/2022\/12\/astera-2.png","width":437,"height":111,"caption":"Astera Labs"},"image":{"@id":"https:\/\/asteralabs.org\/pl\/#\/schema\/logo\/image\/"}}]}},"_links":{"self":[{"href":"https:\/\/asteralabs.org\/pl\/wp-json\/wp\/v2\/product\/77977"}],"collection":[{"href":"https:\/\/asteralabs.org\/pl\/wp-json\/wp\/v2\/product"}],"about":[{"href":"https:\/\/asteralabs.org\/pl\/wp-json\/wp\/v2\/types\/product"}],"replies":[{"embeddable":true,"href":"https:\/\/asteralabs.org\/pl\/wp-json\/wp\/v2\/comments?post=77977"}],"version-history":[{"count":0,"href":"https:\/\/asteralabs.org\/pl\/wp-json\/wp\/v2\/product\/77977\/revisions"}],"wp:featuredmedia":[{"embeddable":true,"href":"https:\/\/asteralabs.org\/pl\/wp-json\/wp\/v2\/media\/75020"}],"wp:attachment":[{"href":"https:\/\/asteralabs.org\/pl\/wp-json\/wp\/v2\/media?parent=77977"}],"wp:term":[{"taxonomy":"product_cat","embeddable":true,"href":"https:\/\/asteralabs.org\/pl\/wp-json\/wp\/v2\/product_cat?post=77977"},{"taxonomy":"product_tag","embeddable":true,"href":"https:\/\/asteralabs.org\/pl\/wp-json\/wp\/v2\/product_tag?post=77977"}],"curies":[{"name":"wp","href":"https:\/\/api.w.org\/{rel}","templated":true}]}}