{"id":78009,"date":"2023-09-07T12:45:37","date_gmt":"2023-09-07T12:45:37","guid":{"rendered":"https:\/\/asteralabs.org\/product\/tb500-i-bpc157\/"},"modified":"2026-01-15T07:43:44","modified_gmt":"2026-01-15T07:43:44","slug":"tb500-i-bpc157","status":"publish","type":"product","link":"https:\/\/asteralabs.org\/pl\/product\/tb500-i-bpc157\/","title":{"rendered":"TB500 I BPC157"},"content":{"rendered":"<p><strong>DAWKOWANIE<\/strong>: TB500 (tymozyna beta-4) i BPC157 (Body Protection Compound-157), 10 mg na fiolk\u0119.<\/p>\n<p><strong>ZAWARTO\u015a\u0106 OPAKOWANIA:<\/strong><\/p>\n<p>1 fiolka zawieraj\u0105ca 10 mg roztworu peptydu do wstrzykiwa\u0144<\/p>\n<p><strong>CO TO JEST:<\/strong><\/p>\n<p>TB500 i BPC157 to syntetyczne peptydy powszechnie znane ze swoich silnych w\u0142a\u015bciwo\u015bci regeneracyjnych i zdolno\u015bci do wspomagania regeneracji uraz\u00f3w i naprawy tkanek. TB500, pochodz\u0105cy z tymozyny Beta-4, promuje migracj\u0119, proliferacj\u0119 i r\u00f3\u017cnicowanie kom\u00f3rek, kt\u00f3re s\u0105 niezb\u0119dnymi procesami do skutecznego gojenia si\u0119 ran i regeneracji tkanek. Z drugiej strony BPC157 stymuluje tworzenie nowych naczy\u0144 krwiono\u015bnych (angiogenez\u0119) i zwi\u0119ksza produkcj\u0119 kolagenu, przyczyniaj\u0105c si\u0119 do gojenia mi\u0119\u015bni, \u015bci\u0119gien, wi\u0119zade\u0142 i innych tkanek. Stosowane razem, peptydy te dzia\u0142aj\u0105 synergistycznie w celu poprawy regeneracji po urazach, zmniejszenia stanu zapalnego i poprawy og\u00f3lnego stanu tkanek.<\/p>\n<p><strong>SPOS\u00d3B U\u017bYCIA:<\/strong><\/p>\n<ul>\n<li>Dawkowanie:<\/li>\n<\/ul>\n<p>Zalecane dawkowanie zale\u017cy od rodzaju i ci\u0119\u017cko\u015bci urazu. Typowy protok\u00f3\u0142 obejmuje podawanie od 2 mg do 10 mg tygodniowo ka\u017cdego peptydu, podzielonego na kilka mniejszych dawek w celu zapewnienia trwa\u0142ego dzia\u0142ania.<\/p>\n<ul>\n<li>Administracja:<\/li>\n<\/ul>\n<p>TB500 i BPC157 mo\u017cna wstrzykiwa\u0107 podsk\u00f3rnie w tkank\u0119 t\u0142uszczow\u0105 lub domi\u0119\u015bniowo w pobli\u017cu miejsca urazu, niekt\u00f3rzy u\u017cytkownicy zg\u0142aszali, \u017ce IM maj\u0105 lepszy efekt, ale nie ma \u017cadnych bada\u0144 naukowych potwierdzaj\u0105cych te twierdzenia.<\/p>\n<ul>\n<li>Czas trwania leczenia:<\/li>\n<\/ul>\n<p>D\u0142ugo\u015b\u0107 leczenia r\u00f3\u017cni si\u0119 w zale\u017cno\u015bci od indywidualnej reakcji i charakteru urazu. W wi\u0119kszo\u015bci przypadk\u00f3w leczenie mo\u017ce trwa\u0107 od kilku tygodni (4-6 tygodni) do kilku miesi\u0119cy.<\/p>\n<p>INFORMACJE O PARTII:<br \/>\nNr partii: <span data-sheets-root=\"1\">JT23369<\/span><br \/>\nData produkcji: 10<span data-sheets-root=\"1\" data-sheets-value=\"{&quot;1&quot;:2,&quot;2&quot;:&quot;03.2023.&quot;}\" data-sheets-userformat=\"{&quot;2&quot;:577,&quot;3&quot;:{&quot;1&quot;:0},&quot;9&quot;:0,&quot;12&quot;:0}\">.2025.<\/span><br \/>\nData wa\u017cno\u015bci: <span data-sheets-root=\"1\" data-sheets-value=\"{&quot;1&quot;:2,&quot;2&quot;:&quot;03.2026.&quot;}\" data-sheets-userformat=\"{&quot;2&quot;:637,&quot;3&quot;:{&quot;1&quot;:0},&quot;5&quot;:{&quot;1&quot;:[{&quot;1&quot;:2,&quot;2&quot;:0,&quot;5&quot;:{&quot;1&quot;:2,&quot;2&quot;:0}},{&quot;1&quot;:0,&quot;2&quot;:0,&quot;3&quot;:3},{&quot;1&quot;:1,&quot;2&quot;:0,&quot;4&quot;:1}]},&quot;6&quot;:{&quot;1&quot;:[{&quot;1&quot;:2,&quot;2&quot;:0,&quot;5&quot;:{&quot;1&quot;:2,&quot;2&quot;:0}},{&quot;1&quot;:0,&quot;2&quot;:0,&quot;3&quot;:3},{&quot;1&quot;:1,&quot;2&quot;:0,&quot;4&quot;:1}]},&quot;7&quot;:{&quot;1&quot;:[{&quot;1&quot;:2,&quot;2&quot;:0,&quot;5&quot;:{&quot;1&quot;:2,&quot;2&quot;:0}},{&quot;1&quot;:0,&quot;2&quot;:0,&quot;3&quot;:3},{&quot;1&quot;:1,&quot;2&quot;:0,&quot;4&quot;:1}]},&quot;8&quot;:{&quot;1&quot;:[{&quot;1&quot;:2,&quot;2&quot;:0,&quot;5&quot;:{&quot;1&quot;:2,&quot;2&quot;:0}},{&quot;1&quot;:0,&quot;2&quot;:0,&quot;3&quot;:3},{&quot;1&quot;:1,&quot;2&quot;:0,&quot;4&quot;:1}]},&quot;9&quot;:0,&quot;12&quot;:0}\">10.2028.<\/span><\/p>\n","protected":false},"excerpt":{"rendered":"<p>DAWKOWANIE: TB500 (tymozyna beta-4) i BPC157 (Body Protection Compound-157), 10 mg na fiolk\u0119. ZAWARTO\u015a\u0106 OPAKOWANIA: 1 fiolka zawieraj\u0105ca 10 mg roztworu peptydu do wstrzykiwa\u0144 CO TO JEST: TB500 i BPC157 to syntetyczne peptydy powszechnie znane ze swoich silnych w\u0142a\u015bciwo\u015bci regeneracyjnych i zdolno\u015bci do wspomagania regeneracji uraz\u00f3w i naprawy tkanek. TB500, pochodz\u0105cy z tymozyny Beta-4, promuje&hellip;<\/p>\n","protected":false},"featured_media":76524,"comment_status":"closed","ping_status":"closed","template":"","meta":[],"product_cat":[167,192],"product_tag":[],"yoast_head":"<!-- This site is optimized with the Yoast SEO plugin v23.0 - https:\/\/yoast.com\/wordpress\/plugins\/seo\/ -->\n<title>TB500 I BPC157 - Astera Labs<\/title>\n<meta name=\"robots\" content=\"index, follow, max-snippet:-1, max-image-preview:large, max-video-preview:-1\" \/>\n<link rel=\"canonical\" href=\"https:\/\/asteralabs.org\/pl\/product\/tb500-i-bpc157\/\" \/>\n<meta property=\"og:locale\" content=\"pl_PL\" \/>\n<meta property=\"og:type\" content=\"article\" \/>\n<meta property=\"og:title\" content=\"TB500 I BPC157 - Astera Labs\" \/>\n<meta property=\"og:description\" content=\"DAWKOWANIE: TB500 (tymozyna beta-4) i BPC157 (Body Protection Compound-157), 10 mg na fiolk\u0119. ZAWARTO\u015a\u0106 OPAKOWANIA: 1 fiolka zawieraj\u0105ca 10 mg roztworu peptydu do wstrzykiwa\u0144 CO TO JEST: TB500 i BPC157 to syntetyczne peptydy powszechnie znane ze swoich silnych w\u0142a\u015bciwo\u015bci regeneracyjnych i zdolno\u015bci do wspomagania regeneracji uraz\u00f3w i naprawy tkanek. TB500, pochodz\u0105cy z tymozyny Beta-4, promuje&hellip;\" \/>\n<meta property=\"og:url\" content=\"https:\/\/asteralabs.org\/pl\/product\/tb500-i-bpc157\/\" \/>\n<meta property=\"og:site_name\" content=\"Astera Labs\" \/>\n<meta property=\"article:modified_time\" content=\"2026-01-15T07:43:44+00:00\" \/>\n<meta property=\"og:image\" content=\"https:\/\/asteralabs.org\/wp-content\/uploads\/2023\/09\/TBBPC-vial-front-noBG.png\" \/>\n\t<meta property=\"og:image:width\" content=\"2000\" \/>\n\t<meta property=\"og:image:height\" content=\"2000\" \/>\n\t<meta property=\"og:image:type\" content=\"image\/png\" \/>\n<meta name=\"twitter:card\" content=\"summary_large_image\" \/>\n<script type=\"application\/ld+json\" class=\"yoast-schema-graph\">{\"@context\":\"https:\/\/schema.org\",\"@graph\":[{\"@type\":\"WebPage\",\"@id\":\"https:\/\/asteralabs.org\/pl\/product\/tb500-i-bpc157\/\",\"url\":\"https:\/\/asteralabs.org\/pl\/product\/tb500-i-bpc157\/\",\"name\":\"TB500 I BPC157 - Astera Labs\",\"isPartOf\":{\"@id\":\"https:\/\/asteralabs.org\/pl\/#website\"},\"primaryImageOfPage\":{\"@id\":\"https:\/\/asteralabs.org\/pl\/product\/tb500-i-bpc157\/#primaryimage\"},\"image\":{\"@id\":\"https:\/\/asteralabs.org\/pl\/product\/tb500-i-bpc157\/#primaryimage\"},\"thumbnailUrl\":\"https:\/\/asteralabs.org\/wp-content\/uploads\/2023\/09\/TBBPC-vial-front-noBG.png\",\"datePublished\":\"2023-09-07T12:45:37+00:00\",\"dateModified\":\"2026-01-15T07:43:44+00:00\",\"breadcrumb\":{\"@id\":\"https:\/\/asteralabs.org\/pl\/product\/tb500-i-bpc157\/#breadcrumb\"},\"inLanguage\":\"pl-PL\",\"potentialAction\":[{\"@type\":\"ReadAction\",\"target\":[\"https:\/\/asteralabs.org\/pl\/product\/tb500-i-bpc157\/\"]}]},{\"@type\":\"ImageObject\",\"inLanguage\":\"pl-PL\",\"@id\":\"https:\/\/asteralabs.org\/pl\/product\/tb500-i-bpc157\/#primaryimage\",\"url\":\"https:\/\/asteralabs.org\/wp-content\/uploads\/2023\/09\/TBBPC-vial-front-noBG.png\",\"contentUrl\":\"https:\/\/asteralabs.org\/wp-content\/uploads\/2023\/09\/TBBPC-vial-front-noBG.png\",\"width\":2000,\"height\":2000},{\"@type\":\"BreadcrumbList\",\"@id\":\"https:\/\/asteralabs.org\/pl\/product\/tb500-i-bpc157\/#breadcrumb\",\"itemListElement\":[{\"@type\":\"ListItem\",\"position\":1,\"name\":\"Home\",\"item\":\"https:\/\/asteralabs.org\/pl\/\"},{\"@type\":\"ListItem\",\"position\":2,\"name\":\"Sklep\",\"item\":\"https:\/\/asteralabs.org\/sklep\/\"},{\"@type\":\"ListItem\",\"position\":3,\"name\":\"TB500 I BPC157\"}]},{\"@type\":\"WebSite\",\"@id\":\"https:\/\/asteralabs.org\/pl\/#website\",\"url\":\"https:\/\/asteralabs.org\/pl\/\",\"name\":\"Astera Labs\",\"description\":\"Improve Your Quality Of Life\",\"publisher\":{\"@id\":\"https:\/\/asteralabs.org\/pl\/#organization\"},\"potentialAction\":[{\"@type\":\"SearchAction\",\"target\":{\"@type\":\"EntryPoint\",\"urlTemplate\":\"https:\/\/asteralabs.org\/pl\/?s={search_term_string}\"},\"query-input\":\"required name=search_term_string\"}],\"inLanguage\":\"pl-PL\"},{\"@type\":\"Organization\",\"@id\":\"https:\/\/asteralabs.org\/pl\/#organization\",\"name\":\"Astera Labs\",\"url\":\"https:\/\/asteralabs.org\/pl\/\",\"logo\":{\"@type\":\"ImageObject\",\"inLanguage\":\"pl-PL\",\"@id\":\"https:\/\/asteralabs.org\/pl\/#\/schema\/logo\/image\/\",\"url\":\"https:\/\/asteralabs.org\/wp-content\/uploads\/2022\/12\/astera-2.png\",\"contentUrl\":\"https:\/\/asteralabs.org\/wp-content\/uploads\/2022\/12\/astera-2.png\",\"width\":437,\"height\":111,\"caption\":\"Astera Labs\"},\"image\":{\"@id\":\"https:\/\/asteralabs.org\/pl\/#\/schema\/logo\/image\/\"}}]}<\/script>\n<!-- \/ Yoast SEO plugin. -->","yoast_head_json":{"title":"TB500 I BPC157 - Astera Labs","robots":{"index":"index","follow":"follow","max-snippet":"max-snippet:-1","max-image-preview":"max-image-preview:large","max-video-preview":"max-video-preview:-1"},"canonical":"https:\/\/asteralabs.org\/pl\/product\/tb500-i-bpc157\/","og_locale":"pl_PL","og_type":"article","og_title":"TB500 I BPC157 - Astera Labs","og_description":"DAWKOWANIE: TB500 (tymozyna beta-4) i BPC157 (Body Protection Compound-157), 10 mg na fiolk\u0119. ZAWARTO\u015a\u0106 OPAKOWANIA: 1 fiolka zawieraj\u0105ca 10 mg roztworu peptydu do wstrzykiwa\u0144 CO TO JEST: TB500 i BPC157 to syntetyczne peptydy powszechnie znane ze swoich silnych w\u0142a\u015bciwo\u015bci regeneracyjnych i zdolno\u015bci do wspomagania regeneracji uraz\u00f3w i naprawy tkanek. TB500, pochodz\u0105cy z tymozyny Beta-4, promuje&hellip;","og_url":"https:\/\/asteralabs.org\/pl\/product\/tb500-i-bpc157\/","og_site_name":"Astera Labs","article_modified_time":"2026-01-15T07:43:44+00:00","og_image":[{"width":2000,"height":2000,"url":"https:\/\/asteralabs.org\/wp-content\/uploads\/2023\/09\/TBBPC-vial-front-noBG.png","type":"image\/png"}],"twitter_card":"summary_large_image","schema":{"@context":"https:\/\/schema.org","@graph":[{"@type":"WebPage","@id":"https:\/\/asteralabs.org\/pl\/product\/tb500-i-bpc157\/","url":"https:\/\/asteralabs.org\/pl\/product\/tb500-i-bpc157\/","name":"TB500 I BPC157 - Astera Labs","isPartOf":{"@id":"https:\/\/asteralabs.org\/pl\/#website"},"primaryImageOfPage":{"@id":"https:\/\/asteralabs.org\/pl\/product\/tb500-i-bpc157\/#primaryimage"},"image":{"@id":"https:\/\/asteralabs.org\/pl\/product\/tb500-i-bpc157\/#primaryimage"},"thumbnailUrl":"https:\/\/asteralabs.org\/wp-content\/uploads\/2023\/09\/TBBPC-vial-front-noBG.png","datePublished":"2023-09-07T12:45:37+00:00","dateModified":"2026-01-15T07:43:44+00:00","breadcrumb":{"@id":"https:\/\/asteralabs.org\/pl\/product\/tb500-i-bpc157\/#breadcrumb"},"inLanguage":"pl-PL","potentialAction":[{"@type":"ReadAction","target":["https:\/\/asteralabs.org\/pl\/product\/tb500-i-bpc157\/"]}]},{"@type":"ImageObject","inLanguage":"pl-PL","@id":"https:\/\/asteralabs.org\/pl\/product\/tb500-i-bpc157\/#primaryimage","url":"https:\/\/asteralabs.org\/wp-content\/uploads\/2023\/09\/TBBPC-vial-front-noBG.png","contentUrl":"https:\/\/asteralabs.org\/wp-content\/uploads\/2023\/09\/TBBPC-vial-front-noBG.png","width":2000,"height":2000},{"@type":"BreadcrumbList","@id":"https:\/\/asteralabs.org\/pl\/product\/tb500-i-bpc157\/#breadcrumb","itemListElement":[{"@type":"ListItem","position":1,"name":"Home","item":"https:\/\/asteralabs.org\/pl\/"},{"@type":"ListItem","position":2,"name":"Sklep","item":"https:\/\/asteralabs.org\/sklep\/"},{"@type":"ListItem","position":3,"name":"TB500 I BPC157"}]},{"@type":"WebSite","@id":"https:\/\/asteralabs.org\/pl\/#website","url":"https:\/\/asteralabs.org\/pl\/","name":"Astera Labs","description":"Improve Your Quality Of Life","publisher":{"@id":"https:\/\/asteralabs.org\/pl\/#organization"},"potentialAction":[{"@type":"SearchAction","target":{"@type":"EntryPoint","urlTemplate":"https:\/\/asteralabs.org\/pl\/?s={search_term_string}"},"query-input":"required name=search_term_string"}],"inLanguage":"pl-PL"},{"@type":"Organization","@id":"https:\/\/asteralabs.org\/pl\/#organization","name":"Astera Labs","url":"https:\/\/asteralabs.org\/pl\/","logo":{"@type":"ImageObject","inLanguage":"pl-PL","@id":"https:\/\/asteralabs.org\/pl\/#\/schema\/logo\/image\/","url":"https:\/\/asteralabs.org\/wp-content\/uploads\/2022\/12\/astera-2.png","contentUrl":"https:\/\/asteralabs.org\/wp-content\/uploads\/2022\/12\/astera-2.png","width":437,"height":111,"caption":"Astera Labs"},"image":{"@id":"https:\/\/asteralabs.org\/pl\/#\/schema\/logo\/image\/"}}]}},"_links":{"self":[{"href":"https:\/\/asteralabs.org\/pl\/wp-json\/wp\/v2\/product\/78009"}],"collection":[{"href":"https:\/\/asteralabs.org\/pl\/wp-json\/wp\/v2\/product"}],"about":[{"href":"https:\/\/asteralabs.org\/pl\/wp-json\/wp\/v2\/types\/product"}],"replies":[{"embeddable":true,"href":"https:\/\/asteralabs.org\/pl\/wp-json\/wp\/v2\/comments?post=78009"}],"version-history":[{"count":2,"href":"https:\/\/asteralabs.org\/pl\/wp-json\/wp\/v2\/product\/78009\/revisions"}],"predecessor-version":[{"id":79167,"href":"https:\/\/asteralabs.org\/pl\/wp-json\/wp\/v2\/product\/78009\/revisions\/79167"}],"wp:featuredmedia":[{"embeddable":true,"href":"https:\/\/asteralabs.org\/pl\/wp-json\/wp\/v2\/media\/76524"}],"wp:attachment":[{"href":"https:\/\/asteralabs.org\/pl\/wp-json\/wp\/v2\/media?parent=78009"}],"wp:term":[{"taxonomy":"product_cat","embeddable":true,"href":"https:\/\/asteralabs.org\/pl\/wp-json\/wp\/v2\/product_cat?post=78009"},{"taxonomy":"product_tag","embeddable":true,"href":"https:\/\/asteralabs.org\/pl\/wp-json\/wp\/v2\/product_tag?post=78009"}],"curies":[{"name":"wp","href":"https:\/\/api.w.org\/{rel}","templated":true}]}}