{"id":78015,"date":"2023-09-07T12:45:54","date_gmt":"2023-09-07T12:45:54","guid":{"rendered":"https:\/\/asteralabs.org\/product\/melanotan-2\/"},"modified":"2026-01-15T07:58:19","modified_gmt":"2026-01-15T07:58:19","slug":"melanotan-2","status":"publish","type":"product","link":"https:\/\/asteralabs.org\/pl\/product\/melanotan-2\/","title":{"rendered":"Melanotan 2"},"content":{"rendered":"<p><strong>DAWKOWANIE<\/strong>: Hormon peptydowy Melanotan II, 10 mg na fiolk\u0119<\/p>\n<p><strong>ZAWARTO\u015a\u0106 OPAKOWANIA:<\/strong><\/p>\n<p>1 fiolka zawieraj\u0105ca 10 mg roztworu peptydu do wstrzykiwa\u0144<\/p>\n<p><strong>CO TO JEST:<\/strong><\/p>\n<p>Melanotan II jest syntetycznym analogiem hormonu peptydowego alfa-melanocyt\u00f3w (\u03b1-MSH), kt\u00f3ry jest g\u0142\u00f3wnie odpowiedzialny za promowanie opalania sk\u00f3ry poprzez stymulowanie produkcji melaniny. Peptyd ten nie tylko zwi\u0119ksza pigmentacj\u0119 sk\u00f3ry, ale tak\u017ce wykazuje inne znacz\u0105ce korzy\u015bci. Ma w\u0142a\u015bciwo\u015bci afrodyzjakalne, kt\u00f3re pozytywnie wp\u0142ywaj\u0105 na libido i funkcje seksualne. Ponadto Melanotan II ma \u0142agodne dzia\u0142anie mobilizuj\u0105ce t\u0142uszcz, co czyni go wszechstronn\u0105 opcj\u0105 dla os\u00f3b poszukuj\u0105cych poprawy estetyki i sk\u0142adu cia\u0142a.<\/p>\n<p><strong>SPOS\u00d3B U\u017bYCIA:<\/strong><\/p>\n<p>Aby uzyska\u0107 optymalne wyniki, Melanotan II nale\u017cy podawa\u0107 zgodnie z poni\u017cszym protoko\u0142em:<\/p>\n<ul>\n<li>Faza pocz\u0105tkowa: Rozpocz\u0105\u0107 od dziennej dawki 300 mcg przez 1 do 2 tygodni. Ta ni\u017csza dawka pocz\u0105tkowa pomaga organizmowi dostosowa\u0107 si\u0119 do peptydu, jednocze\u015bnie minimalizuj\u0105c potencjalne skutki uboczne, takie jak nudno\u015bci.<\/li>\n<li>Faza podtrzymuj\u0105ca: Po okresie pocz\u0105tkowym nale\u017cy przej\u015b\u0107 do dawki podtrzymuj\u0105cej 500 mcg dwa razy w tygodniu, aby utrzyma\u0107 po\u017c\u0105dane efekty.<\/li>\n<\/ul>\n<p>&nbsp;<\/p>\n<p>Zastrzyki Melanotan II podaje si\u0119 podsk\u00f3rnie w tkank\u0119 t\u0142uszczow\u0105, zazwyczaj w okolicy brzucha. Rozpoczynanie od ni\u017cszych dawek jest szczeg\u00f3lnie wa\u017cne dla poprawy tolerancji i zmniejszenia prawdopodobie\u0144stwa wyst\u0105pienia nudno\u015bci. <strong><br \/>\nINFORMACJE O PARTII:<br \/>\n<\/strong>Nr partii: <span data-sheets-root=\"1\">ES67269<\/span><br \/>\nData produkcji: 10<span data-sheets-root=\"1\" data-sheets-value=\"{&quot;1&quot;:2,&quot;2&quot;:&quot;03.2023.&quot;}\" data-sheets-userformat=\"{&quot;2&quot;:577,&quot;3&quot;:{&quot;1&quot;:0},&quot;9&quot;:0,&quot;12&quot;:0}\">.2025.<\/span><br \/>\nData wa\u017cno\u015bci: 10<span data-sheets-root=\"1\" data-sheets-value=\"{&quot;1&quot;:2,&quot;2&quot;:&quot;03.2026.&quot;}\" data-sheets-userformat=\"{&quot;2&quot;:637,&quot;3&quot;:{&quot;1&quot;:0},&quot;5&quot;:{&quot;1&quot;:[{&quot;1&quot;:2,&quot;2&quot;:0,&quot;5&quot;:{&quot;1&quot;:2,&quot;2&quot;:0}},{&quot;1&quot;:0,&quot;2&quot;:0,&quot;3&quot;:3},{&quot;1&quot;:1,&quot;2&quot;:0,&quot;4&quot;:1}]},&quot;6&quot;:{&quot;1&quot;:[{&quot;1&quot;:2,&quot;2&quot;:0,&quot;5&quot;:{&quot;1&quot;:2,&quot;2&quot;:0}},{&quot;1&quot;:0,&quot;2&quot;:0,&quot;3&quot;:3},{&quot;1&quot;:1,&quot;2&quot;:0,&quot;4&quot;:1}]},&quot;7&quot;:{&quot;1&quot;:[{&quot;1&quot;:2,&quot;2&quot;:0,&quot;5&quot;:{&quot;1&quot;:2,&quot;2&quot;:0}},{&quot;1&quot;:0,&quot;2&quot;:0,&quot;3&quot;:3},{&quot;1&quot;:1,&quot;2&quot;:0,&quot;4&quot;:1}]},&quot;8&quot;:{&quot;1&quot;:[{&quot;1&quot;:2,&quot;2&quot;:0,&quot;5&quot;:{&quot;1&quot;:2,&quot;2&quot;:0}},{&quot;1&quot;:0,&quot;2&quot;:0,&quot;3&quot;:3},{&quot;1&quot;:1,&quot;2&quot;:0,&quot;4&quot;:1}]},&quot;9&quot;:0,&quot;12&quot;:0}\">.2028.<\/span><\/p>\n","protected":false},"excerpt":{"rendered":"<p>DAWKOWANIE: Hormon peptydowy Melanotan II, 10 mg na fiolk\u0119 ZAWARTO\u015a\u0106 OPAKOWANIA: 1 fiolka zawieraj\u0105ca 10 mg roztworu peptydu do wstrzykiwa\u0144 CO TO JEST: Melanotan II jest syntetycznym analogiem hormonu peptydowego alfa-melanocyt\u00f3w (\u03b1-MSH), kt\u00f3ry jest g\u0142\u00f3wnie odpowiedzialny za promowanie opalania sk\u00f3ry poprzez stymulowanie produkcji melaniny. Peptyd ten nie tylko zwi\u0119ksza pigmentacj\u0119 sk\u00f3ry, ale tak\u017ce wykazuje inne&hellip;<\/p>\n","protected":false},"featured_media":76516,"comment_status":"closed","ping_status":"closed","template":"","meta":[],"product_cat":[167,192],"product_tag":[],"yoast_head":"<!-- This site is optimized with the Yoast SEO plugin v23.0 - https:\/\/yoast.com\/wordpress\/plugins\/seo\/ -->\n<title>Melanotan 2 - Astera Labs<\/title>\n<meta name=\"robots\" content=\"index, follow, max-snippet:-1, max-image-preview:large, max-video-preview:-1\" \/>\n<link rel=\"canonical\" href=\"https:\/\/asteralabs.org\/pl\/product\/melanotan-2\/\" \/>\n<meta property=\"og:locale\" content=\"pl_PL\" \/>\n<meta property=\"og:type\" content=\"article\" \/>\n<meta property=\"og:title\" content=\"Melanotan 2 - Astera Labs\" \/>\n<meta property=\"og:description\" content=\"DAWKOWANIE: Hormon peptydowy Melanotan II, 10 mg na fiolk\u0119 ZAWARTO\u015a\u0106 OPAKOWANIA: 1 fiolka zawieraj\u0105ca 10 mg roztworu peptydu do wstrzykiwa\u0144 CO TO JEST: Melanotan II jest syntetycznym analogiem hormonu peptydowego alfa-melanocyt\u00f3w (\u03b1-MSH), kt\u00f3ry jest g\u0142\u00f3wnie odpowiedzialny za promowanie opalania sk\u00f3ry poprzez stymulowanie produkcji melaniny. Peptyd ten nie tylko zwi\u0119ksza pigmentacj\u0119 sk\u00f3ry, ale tak\u017ce wykazuje inne&hellip;\" \/>\n<meta property=\"og:url\" content=\"https:\/\/asteralabs.org\/pl\/product\/melanotan-2\/\" \/>\n<meta property=\"og:site_name\" content=\"Astera Labs\" \/>\n<meta property=\"article:modified_time\" content=\"2026-01-15T07:58:19+00:00\" \/>\n<meta property=\"og:image\" content=\"https:\/\/asteralabs.org\/wp-content\/uploads\/2023\/09\/Melanotan2-vial-front-noBG.png\" \/>\n\t<meta property=\"og:image:width\" content=\"2000\" \/>\n\t<meta property=\"og:image:height\" content=\"2000\" \/>\n\t<meta property=\"og:image:type\" content=\"image\/png\" \/>\n<meta name=\"twitter:card\" content=\"summary_large_image\" \/>\n<script type=\"application\/ld+json\" class=\"yoast-schema-graph\">{\"@context\":\"https:\/\/schema.org\",\"@graph\":[{\"@type\":\"WebPage\",\"@id\":\"https:\/\/asteralabs.org\/pl\/product\/melanotan-2\/\",\"url\":\"https:\/\/asteralabs.org\/pl\/product\/melanotan-2\/\",\"name\":\"Melanotan 2 - Astera Labs\",\"isPartOf\":{\"@id\":\"https:\/\/asteralabs.org\/pl\/#website\"},\"primaryImageOfPage\":{\"@id\":\"https:\/\/asteralabs.org\/pl\/product\/melanotan-2\/#primaryimage\"},\"image\":{\"@id\":\"https:\/\/asteralabs.org\/pl\/product\/melanotan-2\/#primaryimage\"},\"thumbnailUrl\":\"https:\/\/asteralabs.org\/wp-content\/uploads\/2023\/09\/Melanotan2-vial-front-noBG.png\",\"datePublished\":\"2023-09-07T12:45:54+00:00\",\"dateModified\":\"2026-01-15T07:58:19+00:00\",\"breadcrumb\":{\"@id\":\"https:\/\/asteralabs.org\/pl\/product\/melanotan-2\/#breadcrumb\"},\"inLanguage\":\"pl-PL\",\"potentialAction\":[{\"@type\":\"ReadAction\",\"target\":[\"https:\/\/asteralabs.org\/pl\/product\/melanotan-2\/\"]}]},{\"@type\":\"ImageObject\",\"inLanguage\":\"pl-PL\",\"@id\":\"https:\/\/asteralabs.org\/pl\/product\/melanotan-2\/#primaryimage\",\"url\":\"https:\/\/asteralabs.org\/wp-content\/uploads\/2023\/09\/Melanotan2-vial-front-noBG.png\",\"contentUrl\":\"https:\/\/asteralabs.org\/wp-content\/uploads\/2023\/09\/Melanotan2-vial-front-noBG.png\",\"width\":2000,\"height\":2000},{\"@type\":\"BreadcrumbList\",\"@id\":\"https:\/\/asteralabs.org\/pl\/product\/melanotan-2\/#breadcrumb\",\"itemListElement\":[{\"@type\":\"ListItem\",\"position\":1,\"name\":\"Home\",\"item\":\"https:\/\/asteralabs.org\/pl\/\"},{\"@type\":\"ListItem\",\"position\":2,\"name\":\"Sklep\",\"item\":\"https:\/\/asteralabs.org\/sklep\/\"},{\"@type\":\"ListItem\",\"position\":3,\"name\":\"Melanotan 2\"}]},{\"@type\":\"WebSite\",\"@id\":\"https:\/\/asteralabs.org\/pl\/#website\",\"url\":\"https:\/\/asteralabs.org\/pl\/\",\"name\":\"Astera Labs\",\"description\":\"Improve Your Quality Of Life\",\"publisher\":{\"@id\":\"https:\/\/asteralabs.org\/pl\/#organization\"},\"potentialAction\":[{\"@type\":\"SearchAction\",\"target\":{\"@type\":\"EntryPoint\",\"urlTemplate\":\"https:\/\/asteralabs.org\/pl\/?s={search_term_string}\"},\"query-input\":\"required name=search_term_string\"}],\"inLanguage\":\"pl-PL\"},{\"@type\":\"Organization\",\"@id\":\"https:\/\/asteralabs.org\/pl\/#organization\",\"name\":\"Astera Labs\",\"url\":\"https:\/\/asteralabs.org\/pl\/\",\"logo\":{\"@type\":\"ImageObject\",\"inLanguage\":\"pl-PL\",\"@id\":\"https:\/\/asteralabs.org\/pl\/#\/schema\/logo\/image\/\",\"url\":\"https:\/\/asteralabs.org\/wp-content\/uploads\/2022\/12\/astera-2.png\",\"contentUrl\":\"https:\/\/asteralabs.org\/wp-content\/uploads\/2022\/12\/astera-2.png\",\"width\":437,\"height\":111,\"caption\":\"Astera Labs\"},\"image\":{\"@id\":\"https:\/\/asteralabs.org\/pl\/#\/schema\/logo\/image\/\"}}]}<\/script>\n<!-- \/ Yoast SEO plugin. -->","yoast_head_json":{"title":"Melanotan 2 - Astera Labs","robots":{"index":"index","follow":"follow","max-snippet":"max-snippet:-1","max-image-preview":"max-image-preview:large","max-video-preview":"max-video-preview:-1"},"canonical":"https:\/\/asteralabs.org\/pl\/product\/melanotan-2\/","og_locale":"pl_PL","og_type":"article","og_title":"Melanotan 2 - Astera Labs","og_description":"DAWKOWANIE: Hormon peptydowy Melanotan II, 10 mg na fiolk\u0119 ZAWARTO\u015a\u0106 OPAKOWANIA: 1 fiolka zawieraj\u0105ca 10 mg roztworu peptydu do wstrzykiwa\u0144 CO TO JEST: Melanotan II jest syntetycznym analogiem hormonu peptydowego alfa-melanocyt\u00f3w (\u03b1-MSH), kt\u00f3ry jest g\u0142\u00f3wnie odpowiedzialny za promowanie opalania sk\u00f3ry poprzez stymulowanie produkcji melaniny. Peptyd ten nie tylko zwi\u0119ksza pigmentacj\u0119 sk\u00f3ry, ale tak\u017ce wykazuje inne&hellip;","og_url":"https:\/\/asteralabs.org\/pl\/product\/melanotan-2\/","og_site_name":"Astera Labs","article_modified_time":"2026-01-15T07:58:19+00:00","og_image":[{"width":2000,"height":2000,"url":"https:\/\/asteralabs.org\/wp-content\/uploads\/2023\/09\/Melanotan2-vial-front-noBG.png","type":"image\/png"}],"twitter_card":"summary_large_image","schema":{"@context":"https:\/\/schema.org","@graph":[{"@type":"WebPage","@id":"https:\/\/asteralabs.org\/pl\/product\/melanotan-2\/","url":"https:\/\/asteralabs.org\/pl\/product\/melanotan-2\/","name":"Melanotan 2 - Astera Labs","isPartOf":{"@id":"https:\/\/asteralabs.org\/pl\/#website"},"primaryImageOfPage":{"@id":"https:\/\/asteralabs.org\/pl\/product\/melanotan-2\/#primaryimage"},"image":{"@id":"https:\/\/asteralabs.org\/pl\/product\/melanotan-2\/#primaryimage"},"thumbnailUrl":"https:\/\/asteralabs.org\/wp-content\/uploads\/2023\/09\/Melanotan2-vial-front-noBG.png","datePublished":"2023-09-07T12:45:54+00:00","dateModified":"2026-01-15T07:58:19+00:00","breadcrumb":{"@id":"https:\/\/asteralabs.org\/pl\/product\/melanotan-2\/#breadcrumb"},"inLanguage":"pl-PL","potentialAction":[{"@type":"ReadAction","target":["https:\/\/asteralabs.org\/pl\/product\/melanotan-2\/"]}]},{"@type":"ImageObject","inLanguage":"pl-PL","@id":"https:\/\/asteralabs.org\/pl\/product\/melanotan-2\/#primaryimage","url":"https:\/\/asteralabs.org\/wp-content\/uploads\/2023\/09\/Melanotan2-vial-front-noBG.png","contentUrl":"https:\/\/asteralabs.org\/wp-content\/uploads\/2023\/09\/Melanotan2-vial-front-noBG.png","width":2000,"height":2000},{"@type":"BreadcrumbList","@id":"https:\/\/asteralabs.org\/pl\/product\/melanotan-2\/#breadcrumb","itemListElement":[{"@type":"ListItem","position":1,"name":"Home","item":"https:\/\/asteralabs.org\/pl\/"},{"@type":"ListItem","position":2,"name":"Sklep","item":"https:\/\/asteralabs.org\/sklep\/"},{"@type":"ListItem","position":3,"name":"Melanotan 2"}]},{"@type":"WebSite","@id":"https:\/\/asteralabs.org\/pl\/#website","url":"https:\/\/asteralabs.org\/pl\/","name":"Astera Labs","description":"Improve Your Quality Of Life","publisher":{"@id":"https:\/\/asteralabs.org\/pl\/#organization"},"potentialAction":[{"@type":"SearchAction","target":{"@type":"EntryPoint","urlTemplate":"https:\/\/asteralabs.org\/pl\/?s={search_term_string}"},"query-input":"required name=search_term_string"}],"inLanguage":"pl-PL"},{"@type":"Organization","@id":"https:\/\/asteralabs.org\/pl\/#organization","name":"Astera Labs","url":"https:\/\/asteralabs.org\/pl\/","logo":{"@type":"ImageObject","inLanguage":"pl-PL","@id":"https:\/\/asteralabs.org\/pl\/#\/schema\/logo\/image\/","url":"https:\/\/asteralabs.org\/wp-content\/uploads\/2022\/12\/astera-2.png","contentUrl":"https:\/\/asteralabs.org\/wp-content\/uploads\/2022\/12\/astera-2.png","width":437,"height":111,"caption":"Astera Labs"},"image":{"@id":"https:\/\/asteralabs.org\/pl\/#\/schema\/logo\/image\/"}}]}},"_links":{"self":[{"href":"https:\/\/asteralabs.org\/pl\/wp-json\/wp\/v2\/product\/78015"}],"collection":[{"href":"https:\/\/asteralabs.org\/pl\/wp-json\/wp\/v2\/product"}],"about":[{"href":"https:\/\/asteralabs.org\/pl\/wp-json\/wp\/v2\/types\/product"}],"replies":[{"embeddable":true,"href":"https:\/\/asteralabs.org\/pl\/wp-json\/wp\/v2\/comments?post=78015"}],"version-history":[{"count":2,"href":"https:\/\/asteralabs.org\/pl\/wp-json\/wp\/v2\/product\/78015\/revisions"}],"predecessor-version":[{"id":79185,"href":"https:\/\/asteralabs.org\/pl\/wp-json\/wp\/v2\/product\/78015\/revisions\/79185"}],"wp:featuredmedia":[{"embeddable":true,"href":"https:\/\/asteralabs.org\/pl\/wp-json\/wp\/v2\/media\/76516"}],"wp:attachment":[{"href":"https:\/\/asteralabs.org\/pl\/wp-json\/wp\/v2\/media?parent=78015"}],"wp:term":[{"taxonomy":"product_cat","embeddable":true,"href":"https:\/\/asteralabs.org\/pl\/wp-json\/wp\/v2\/product_cat?post=78015"},{"taxonomy":"product_tag","embeddable":true,"href":"https:\/\/asteralabs.org\/pl\/wp-json\/wp\/v2\/product_tag?post=78015"}],"curies":[{"name":"wp","href":"https:\/\/api.w.org\/{rel}","templated":true}]}}