{"id":78027,"date":"2023-09-07T12:39:07","date_gmt":"2023-09-07T12:39:07","guid":{"rendered":"https:\/\/asteralabs.org\/product\/hcg-ludzka-gonadotropina-kosmowkowa\/"},"modified":"2026-01-15T10:45:36","modified_gmt":"2026-01-15T10:45:36","slug":"hcg-ludzka-gonadotropina-kosmowkowa","status":"publish","type":"product","link":"https:\/\/asteralabs.org\/pl\/product\/hcg-ludzka-gonadotropina-kosmowkowa\/","title":{"rendered":"HCG (ludzka gonadotropina kosm\u00f3wkowa)"},"content":{"rendered":"<p><strong>DAWKOWANIE<\/strong>: Ludzka gonadotropina kosm\u00f3wkowa (HCG), 5000 j.m. na fiolk\u0119<\/p>\n<p><strong>ZAWARTO\u015a\u0106 OPAKOWANIA:<\/strong><\/p>\n<p>1 fiolka zawieraj\u0105ca 5000 j.m. roztworu do wstrzykiwa\u0144<\/p>\n<p><strong>CO TO JEST:<\/strong><\/p>\n<p>Ludzka gonadotropina kosm\u00f3wkowa (HCG) to wysoce skuteczny hormon do wstrzykiwa\u0144, kt\u00f3ry na\u015bladuje dzia\u0142anie hormonu luteinizuj\u0105cego (LH) w organizmie. Jest powszechnie stosowany do wspomagania p\u0142odno\u015bci u kobiet, przywracania naturalnego poziomu testosteronu u m\u0119\u017cczyzn z niskim poziomem testosteronu i zapobiegania kurczeniu si\u0119 j\u0105der podczas cykli steryd\u00f3w anabolicznych. HCG promuje owulacj\u0119, zwi\u0119ksza produkcj\u0119 testosteronu, utrzymuje funkcj\u0119 j\u0105der i poprawia jako\u015b\u0107 nasienia, co czyni go cennym narz\u0119dziem dla zdrowia reprodukcyjnego i r\u00f3wnowagi hormonalnej zar\u00f3wno u m\u0119\u017cczyzn, jak i kobiet.<\/p>\n<p><strong>SPOS\u00d3B U\u017bYCIA:<\/strong><\/p>\n<p>Zalecana dawka HCG zale\u017cy od jego przeznaczenia:<\/p>\n<ul>\n<li>Dla p\u0142odno\u015bci (kobiety):<\/li>\n<\/ul>\n<p>HCG stosuje si\u0119 w celu wywo\u0142ania owulacji u kobiet poddawanych leczeniu niep\u0142odno\u015bci. Typowy protok\u00f3\u0142 obejmuje pojedyncze wstrzykni\u0119cie domi\u0119\u015bniowe 5,000-10,000 IU, podawane oko\u0142o 36 godzin przed planowan\u0105 inseminacj\u0105 domaciczn\u0105 (IUI) lub pobraniem kom\u00f3rek jajowych do zap\u0142odnienia in vitro (IVF).<\/p>\n<ul>\n<li>Dla wsparcia p\u0142odno\u015bci (m\u0119\u017cczy\u017ani):<\/li>\n<\/ul>\n<p>Typowa dawka wynosi od 500 do 1000 j.m., podawana we wstrzykni\u0119ciu domi\u0119\u015bniowym lub podsk\u00f3rnym, dwa do trzech razy w tygodniu. <strong>INFORMACJE O PARTII:<br \/>\n<\/strong>Nr partii: <span data-sheets-root=\"1\">GR69023<\/span><br \/>\nData produkcji: <span data-sheets-root=\"1\" data-sheets-value=\"{&quot;1&quot;:2,&quot;2&quot;:&quot;03.2023.&quot;}\" data-sheets-userformat=\"{&quot;2&quot;:577,&quot;3&quot;:{&quot;1&quot;:0},&quot;9&quot;:0,&quot;12&quot;:0}\">10.2025.<\/span><br \/>\nData wa\u017cno\u015bci: 10<span data-sheets-root=\"1\" data-sheets-value=\"{&quot;1&quot;:2,&quot;2&quot;:&quot;03.2026.&quot;}\" data-sheets-userformat=\"{&quot;2&quot;:637,&quot;3&quot;:{&quot;1&quot;:0},&quot;5&quot;:{&quot;1&quot;:[{&quot;1&quot;:2,&quot;2&quot;:0,&quot;5&quot;:{&quot;1&quot;:2,&quot;2&quot;:0}},{&quot;1&quot;:0,&quot;2&quot;:0,&quot;3&quot;:3},{&quot;1&quot;:1,&quot;2&quot;:0,&quot;4&quot;:1}]},&quot;6&quot;:{&quot;1&quot;:[{&quot;1&quot;:2,&quot;2&quot;:0,&quot;5&quot;:{&quot;1&quot;:2,&quot;2&quot;:0}},{&quot;1&quot;:0,&quot;2&quot;:0,&quot;3&quot;:3},{&quot;1&quot;:1,&quot;2&quot;:0,&quot;4&quot;:1}]},&quot;7&quot;:{&quot;1&quot;:[{&quot;1&quot;:2,&quot;2&quot;:0,&quot;5&quot;:{&quot;1&quot;:2,&quot;2&quot;:0}},{&quot;1&quot;:0,&quot;2&quot;:0,&quot;3&quot;:3},{&quot;1&quot;:1,&quot;2&quot;:0,&quot;4&quot;:1}]},&quot;8&quot;:{&quot;1&quot;:[{&quot;1&quot;:2,&quot;2&quot;:0,&quot;5&quot;:{&quot;1&quot;:2,&quot;2&quot;:0}},{&quot;1&quot;:0,&quot;2&quot;:0,&quot;3&quot;:3},{&quot;1&quot;:1,&quot;2&quot;:0,&quot;4&quot;:1}]},&quot;9&quot;:0,&quot;12&quot;:0}\">.2028.<\/span><\/p>\n","protected":false},"excerpt":{"rendered":"<p>DAWKOWANIE: Ludzka gonadotropina kosm\u00f3wkowa (HCG), 5000 j.m. na fiolk\u0119 ZAWARTO\u015a\u0106 OPAKOWANIA: 1 fiolka zawieraj\u0105ca 5000 j.m. roztworu do wstrzykiwa\u0144 CO TO JEST: Ludzka gonadotropina kosm\u00f3wkowa (HCG) to wysoce skuteczny hormon do wstrzykiwa\u0144, kt\u00f3ry na\u015bladuje dzia\u0142anie hormonu luteinizuj\u0105cego (LH) w organizmie. Jest powszechnie stosowany do wspomagania p\u0142odno\u015bci u kobiet, przywracania naturalnego poziomu testosteronu u m\u0119\u017cczyzn z&hellip;<\/p>\n","protected":false},"featured_media":80469,"comment_status":"closed","ping_status":"closed","template":"","meta":[],"product_cat":[167,192],"product_tag":[],"yoast_head":"<!-- This site is optimized with the Yoast SEO plugin v23.0 - https:\/\/yoast.com\/wordpress\/plugins\/seo\/ -->\n<title>HCG (ludzka gonadotropina kosm\u00f3wkowa) - Astera Labs<\/title>\n<meta name=\"robots\" content=\"index, follow, max-snippet:-1, max-image-preview:large, max-video-preview:-1\" \/>\n<link rel=\"canonical\" href=\"https:\/\/asteralabs.org\/pl\/product\/hcg-ludzka-gonadotropina-kosmowkowa\/\" \/>\n<meta property=\"og:locale\" content=\"pl_PL\" \/>\n<meta property=\"og:type\" content=\"article\" \/>\n<meta property=\"og:title\" content=\"HCG (ludzka gonadotropina kosm\u00f3wkowa) - Astera Labs\" \/>\n<meta property=\"og:description\" content=\"DAWKOWANIE: Ludzka gonadotropina kosm\u00f3wkowa (HCG), 5000 j.m. na fiolk\u0119 ZAWARTO\u015a\u0106 OPAKOWANIA: 1 fiolka zawieraj\u0105ca 5000 j.m. roztworu do wstrzykiwa\u0144 CO TO JEST: Ludzka gonadotropina kosm\u00f3wkowa (HCG) to wysoce skuteczny hormon do wstrzykiwa\u0144, kt\u00f3ry na\u015bladuje dzia\u0142anie hormonu luteinizuj\u0105cego (LH) w organizmie. Jest powszechnie stosowany do wspomagania p\u0142odno\u015bci u kobiet, przywracania naturalnego poziomu testosteronu u m\u0119\u017cczyzn z&hellip;\" \/>\n<meta property=\"og:url\" content=\"https:\/\/asteralabs.org\/pl\/product\/hcg-ludzka-gonadotropina-kosmowkowa\/\" \/>\n<meta property=\"og:site_name\" content=\"Astera Labs\" \/>\n<meta property=\"article:modified_time\" content=\"2026-01-15T10:45:36+00:00\" \/>\n<meta property=\"og:image\" content=\"https:\/\/asteralabs.org\/wp-content\/uploads\/2023\/09\/HCG-vial-front-noBG.png\" \/>\n\t<meta property=\"og:image:width\" content=\"2000\" \/>\n\t<meta property=\"og:image:height\" content=\"2000\" \/>\n\t<meta property=\"og:image:type\" content=\"image\/png\" \/>\n<meta name=\"twitter:card\" content=\"summary_large_image\" \/>\n<script type=\"application\/ld+json\" class=\"yoast-schema-graph\">{\"@context\":\"https:\/\/schema.org\",\"@graph\":[{\"@type\":\"WebPage\",\"@id\":\"https:\/\/asteralabs.org\/pl\/product\/hcg-ludzka-gonadotropina-kosmowkowa\/\",\"url\":\"https:\/\/asteralabs.org\/pl\/product\/hcg-ludzka-gonadotropina-kosmowkowa\/\",\"name\":\"HCG (ludzka gonadotropina kosm\u00f3wkowa) - Astera Labs\",\"isPartOf\":{\"@id\":\"https:\/\/asteralabs.org\/pl\/#website\"},\"primaryImageOfPage\":{\"@id\":\"https:\/\/asteralabs.org\/pl\/product\/hcg-ludzka-gonadotropina-kosmowkowa\/#primaryimage\"},\"image\":{\"@id\":\"https:\/\/asteralabs.org\/pl\/product\/hcg-ludzka-gonadotropina-kosmowkowa\/#primaryimage\"},\"thumbnailUrl\":\"https:\/\/asteralabs.org\/wp-content\/uploads\/2023\/09\/HCG-vial-front-noBG-FIXED.png\",\"datePublished\":\"2023-09-07T12:39:07+00:00\",\"dateModified\":\"2026-01-15T10:45:36+00:00\",\"breadcrumb\":{\"@id\":\"https:\/\/asteralabs.org\/pl\/product\/hcg-ludzka-gonadotropina-kosmowkowa\/#breadcrumb\"},\"inLanguage\":\"pl-PL\",\"potentialAction\":[{\"@type\":\"ReadAction\",\"target\":[\"https:\/\/asteralabs.org\/pl\/product\/hcg-ludzka-gonadotropina-kosmowkowa\/\"]}]},{\"@type\":\"ImageObject\",\"inLanguage\":\"pl-PL\",\"@id\":\"https:\/\/asteralabs.org\/pl\/product\/hcg-ludzka-gonadotropina-kosmowkowa\/#primaryimage\",\"url\":\"https:\/\/asteralabs.org\/wp-content\/uploads\/2023\/09\/HCG-vial-front-noBG-FIXED.png\",\"contentUrl\":\"https:\/\/asteralabs.org\/wp-content\/uploads\/2023\/09\/HCG-vial-front-noBG-FIXED.png\",\"width\":2000,\"height\":2000},{\"@type\":\"BreadcrumbList\",\"@id\":\"https:\/\/asteralabs.org\/pl\/product\/hcg-ludzka-gonadotropina-kosmowkowa\/#breadcrumb\",\"itemListElement\":[{\"@type\":\"ListItem\",\"position\":1,\"name\":\"Home\",\"item\":\"https:\/\/asteralabs.org\/pl\/\"},{\"@type\":\"ListItem\",\"position\":2,\"name\":\"Sklep\",\"item\":\"https:\/\/asteralabs.org\/sklep\/\"},{\"@type\":\"ListItem\",\"position\":3,\"name\":\"HCG (ludzka gonadotropina kosm\u00f3wkowa)\"}]},{\"@type\":\"WebSite\",\"@id\":\"https:\/\/asteralabs.org\/pl\/#website\",\"url\":\"https:\/\/asteralabs.org\/pl\/\",\"name\":\"Astera Labs\",\"description\":\"Improve Your Quality Of Life\",\"publisher\":{\"@id\":\"https:\/\/asteralabs.org\/pl\/#organization\"},\"potentialAction\":[{\"@type\":\"SearchAction\",\"target\":{\"@type\":\"EntryPoint\",\"urlTemplate\":\"https:\/\/asteralabs.org\/pl\/?s={search_term_string}\"},\"query-input\":\"required name=search_term_string\"}],\"inLanguage\":\"pl-PL\"},{\"@type\":\"Organization\",\"@id\":\"https:\/\/asteralabs.org\/pl\/#organization\",\"name\":\"Astera Labs\",\"url\":\"https:\/\/asteralabs.org\/pl\/\",\"logo\":{\"@type\":\"ImageObject\",\"inLanguage\":\"pl-PL\",\"@id\":\"https:\/\/asteralabs.org\/pl\/#\/schema\/logo\/image\/\",\"url\":\"https:\/\/asteralabs.org\/wp-content\/uploads\/2022\/12\/astera-2.png\",\"contentUrl\":\"https:\/\/asteralabs.org\/wp-content\/uploads\/2022\/12\/astera-2.png\",\"width\":437,\"height\":111,\"caption\":\"Astera Labs\"},\"image\":{\"@id\":\"https:\/\/asteralabs.org\/pl\/#\/schema\/logo\/image\/\"}}]}<\/script>\n<!-- \/ Yoast SEO plugin. -->","yoast_head_json":{"title":"HCG (ludzka gonadotropina kosm\u00f3wkowa) - Astera Labs","robots":{"index":"index","follow":"follow","max-snippet":"max-snippet:-1","max-image-preview":"max-image-preview:large","max-video-preview":"max-video-preview:-1"},"canonical":"https:\/\/asteralabs.org\/pl\/product\/hcg-ludzka-gonadotropina-kosmowkowa\/","og_locale":"pl_PL","og_type":"article","og_title":"HCG (ludzka gonadotropina kosm\u00f3wkowa) - Astera Labs","og_description":"DAWKOWANIE: Ludzka gonadotropina kosm\u00f3wkowa (HCG), 5000 j.m. na fiolk\u0119 ZAWARTO\u015a\u0106 OPAKOWANIA: 1 fiolka zawieraj\u0105ca 5000 j.m. roztworu do wstrzykiwa\u0144 CO TO JEST: Ludzka gonadotropina kosm\u00f3wkowa (HCG) to wysoce skuteczny hormon do wstrzykiwa\u0144, kt\u00f3ry na\u015bladuje dzia\u0142anie hormonu luteinizuj\u0105cego (LH) w organizmie. Jest powszechnie stosowany do wspomagania p\u0142odno\u015bci u kobiet, przywracania naturalnego poziomu testosteronu u m\u0119\u017cczyzn z&hellip;","og_url":"https:\/\/asteralabs.org\/pl\/product\/hcg-ludzka-gonadotropina-kosmowkowa\/","og_site_name":"Astera Labs","article_modified_time":"2026-01-15T10:45:36+00:00","og_image":[{"width":2000,"height":2000,"url":"https:\/\/asteralabs.org\/wp-content\/uploads\/2023\/09\/HCG-vial-front-noBG.png","type":"image\/png"}],"twitter_card":"summary_large_image","schema":{"@context":"https:\/\/schema.org","@graph":[{"@type":"WebPage","@id":"https:\/\/asteralabs.org\/pl\/product\/hcg-ludzka-gonadotropina-kosmowkowa\/","url":"https:\/\/asteralabs.org\/pl\/product\/hcg-ludzka-gonadotropina-kosmowkowa\/","name":"HCG (ludzka gonadotropina kosm\u00f3wkowa) - Astera Labs","isPartOf":{"@id":"https:\/\/asteralabs.org\/pl\/#website"},"primaryImageOfPage":{"@id":"https:\/\/asteralabs.org\/pl\/product\/hcg-ludzka-gonadotropina-kosmowkowa\/#primaryimage"},"image":{"@id":"https:\/\/asteralabs.org\/pl\/product\/hcg-ludzka-gonadotropina-kosmowkowa\/#primaryimage"},"thumbnailUrl":"https:\/\/asteralabs.org\/wp-content\/uploads\/2023\/09\/HCG-vial-front-noBG-FIXED.png","datePublished":"2023-09-07T12:39:07+00:00","dateModified":"2026-01-15T10:45:36+00:00","breadcrumb":{"@id":"https:\/\/asteralabs.org\/pl\/product\/hcg-ludzka-gonadotropina-kosmowkowa\/#breadcrumb"},"inLanguage":"pl-PL","potentialAction":[{"@type":"ReadAction","target":["https:\/\/asteralabs.org\/pl\/product\/hcg-ludzka-gonadotropina-kosmowkowa\/"]}]},{"@type":"ImageObject","inLanguage":"pl-PL","@id":"https:\/\/asteralabs.org\/pl\/product\/hcg-ludzka-gonadotropina-kosmowkowa\/#primaryimage","url":"https:\/\/asteralabs.org\/wp-content\/uploads\/2023\/09\/HCG-vial-front-noBG-FIXED.png","contentUrl":"https:\/\/asteralabs.org\/wp-content\/uploads\/2023\/09\/HCG-vial-front-noBG-FIXED.png","width":2000,"height":2000},{"@type":"BreadcrumbList","@id":"https:\/\/asteralabs.org\/pl\/product\/hcg-ludzka-gonadotropina-kosmowkowa\/#breadcrumb","itemListElement":[{"@type":"ListItem","position":1,"name":"Home","item":"https:\/\/asteralabs.org\/pl\/"},{"@type":"ListItem","position":2,"name":"Sklep","item":"https:\/\/asteralabs.org\/sklep\/"},{"@type":"ListItem","position":3,"name":"HCG (ludzka gonadotropina kosm\u00f3wkowa)"}]},{"@type":"WebSite","@id":"https:\/\/asteralabs.org\/pl\/#website","url":"https:\/\/asteralabs.org\/pl\/","name":"Astera Labs","description":"Improve Your Quality Of Life","publisher":{"@id":"https:\/\/asteralabs.org\/pl\/#organization"},"potentialAction":[{"@type":"SearchAction","target":{"@type":"EntryPoint","urlTemplate":"https:\/\/asteralabs.org\/pl\/?s={search_term_string}"},"query-input":"required name=search_term_string"}],"inLanguage":"pl-PL"},{"@type":"Organization","@id":"https:\/\/asteralabs.org\/pl\/#organization","name":"Astera Labs","url":"https:\/\/asteralabs.org\/pl\/","logo":{"@type":"ImageObject","inLanguage":"pl-PL","@id":"https:\/\/asteralabs.org\/pl\/#\/schema\/logo\/image\/","url":"https:\/\/asteralabs.org\/wp-content\/uploads\/2022\/12\/astera-2.png","contentUrl":"https:\/\/asteralabs.org\/wp-content\/uploads\/2022\/12\/astera-2.png","width":437,"height":111,"caption":"Astera Labs"},"image":{"@id":"https:\/\/asteralabs.org\/pl\/#\/schema\/logo\/image\/"}}]}},"_links":{"self":[{"href":"https:\/\/asteralabs.org\/pl\/wp-json\/wp\/v2\/product\/78027"}],"collection":[{"href":"https:\/\/asteralabs.org\/pl\/wp-json\/wp\/v2\/product"}],"about":[{"href":"https:\/\/asteralabs.org\/pl\/wp-json\/wp\/v2\/types\/product"}],"replies":[{"embeddable":true,"href":"https:\/\/asteralabs.org\/pl\/wp-json\/wp\/v2\/comments?post=78027"}],"version-history":[{"count":2,"href":"https:\/\/asteralabs.org\/pl\/wp-json\/wp\/v2\/product\/78027\/revisions"}],"predecessor-version":[{"id":79492,"href":"https:\/\/asteralabs.org\/pl\/wp-json\/wp\/v2\/product\/78027\/revisions\/79492"}],"wp:featuredmedia":[{"embeddable":true,"href":"https:\/\/asteralabs.org\/pl\/wp-json\/wp\/v2\/media\/80469"}],"wp:attachment":[{"href":"https:\/\/asteralabs.org\/pl\/wp-json\/wp\/v2\/media?parent=78027"}],"wp:term":[{"taxonomy":"product_cat","embeddable":true,"href":"https:\/\/asteralabs.org\/pl\/wp-json\/wp\/v2\/product_cat?post=78027"},{"taxonomy":"product_tag","embeddable":true,"href":"https:\/\/asteralabs.org\/pl\/wp-json\/wp\/v2\/product_tag?post=78027"}],"curies":[{"name":"wp","href":"https:\/\/api.w.org\/{rel}","templated":true}]}}