{"id":78069,"date":"2023-09-07T12:34:02","date_gmt":"2023-09-07T12:34:02","guid":{"rendered":"https:\/\/asteralabs.org\/product\/s23-50-tabs\/"},"modified":"2026-01-15T12:34:43","modified_gmt":"2026-01-15T12:34:43","slug":"s23-50-tabs","status":"publish","type":"product","link":"https:\/\/asteralabs.org\/pl\/product\/s23-50-tabs\/","title":{"rendered":"S23 50 tabs"},"content":{"rendered":"<p><strong>DAWKOWANIE<\/strong>: S23 10 mg na tabletk\u0119<\/p>\n<p><strong>ZAWARTO\u015a\u0106 OPAKOWANIA:<\/strong><\/p>\n<p>1 saszetka zawieraj\u0105ca 50 tabletek, ka\u017cda po 10 mg<\/p>\n<p><strong>CO TO JEST:<\/strong><\/p>\n<p>S23 to selektywny modulator receptora androgenowego (SARM) przyjmowany doustnie, znany ze swojej zdolno\u015bci do zwi\u0119kszania bezt\u0142uszczowej masy mi\u0119\u015bniowej i zwi\u0119kszania g\u0119sto\u015bci ko\u015bci. W przeciwie\u0144stwie do tradycyjnych steryd\u00f3w, S23 jest selektywny tkankowo, co oznacza, \u017ce dzia\u0142a konkretnie na okre\u015blone tkanki. Pomaga zmniejszy\u0107 retencj\u0119 wody, promuj\u0105c bardziej zdefiniowany, rze\u017abiony wygl\u0105d ze zwi\u0119kszon\u0105 twardo\u015bci\u0105 mi\u0119\u015bni i ziarnist\u0105 tekstur\u0105. Jest to prawdopodobnie najpot\u0119\u017cniejszy SARM dost\u0119pny na rynku.<\/p>\n<p><strong>SPOS\u00d3B U\u017bYCIA:<\/strong><\/p>\n<p>W celu uzyskania optymalnych rezultat\u00f3w zaleca si\u0119 stosowanie u m\u0119\u017cczyzn dziennej dawki 10-30 mg, podzielonej na dwie dawki ze wzgl\u0119du na 12-godzinny okres p\u00f3\u0142trwania S23. Poniewa\u017c jest to naprawd\u0119 silny \u015brodek, zaleca si\u0119, aby nie przekracza\u0107 6 tygodni dziennego spo\u017cycia i przyjmowa\u0107 wraz z nim produkt wspomagaj\u0105cy w\u0105trob\u0119, taki jak TUDCA. <strong><br \/>\nINFORMACJE O PARTII:<br \/>\n<\/strong>Nr partii: <span data-sheets-root=\"1\" data-sheets-value=\"{\" data-sheets-userformat=\"{\">WS35857<\/span><br \/>\nData produkcji: <span data-sheets-root=\"1\" data-sheets-value=\"{\" data-sheets-userformat=\"{\">10.2025.<\/span><br \/>\nData wa\u017cno\u015bci: <span data-sheets-root=\"1\" data-sheets-value=\"{\" data-sheets-userformat=\"{\">10.2028.<\/span><\/p>\n","protected":false},"excerpt":{"rendered":"<p>DAWKOWANIE: S23 10 mg na tabletk\u0119 ZAWARTO\u015a\u0106 OPAKOWANIA: 1 saszetka zawieraj\u0105ca 50 tabletek, ka\u017cda po 10 mg CO TO JEST: S23 to selektywny modulator receptora androgenowego (SARM) przyjmowany doustnie, znany ze swojej zdolno\u015bci do zwi\u0119kszania bezt\u0142uszczowej masy mi\u0119\u015bniowej i zwi\u0119kszania g\u0119sto\u015bci ko\u015bci. W przeciwie\u0144stwie do tradycyjnych steryd\u00f3w, S23 jest selektywny tkankowo, co oznacza, \u017ce dzia\u0142a&hellip;<\/p>\n","protected":false},"featured_media":76460,"comment_status":"closed","ping_status":"closed","template":"","meta":{"_acf_changed":false},"product_brand":[],"product_cat":[167,202],"product_tag":[],"class_list":{"0":"post-78069","1":"product","2":"type-product","3":"status-publish","4":"has-post-thumbnail","6":"product_cat-all-pl","7":"product_cat-sarms-pl","8":"description-off","10":"first","11":"instock","12":"shipping-taxable","13":"product-type-simple"},"acf":[],"yoast_head":"<!-- This site is optimized with the Yoast SEO plugin v27.4 - https:\/\/yoast.com\/product\/yoast-seo-wordpress\/ -->\n<title>S23 50 tabs - Astera Labs<\/title>\n<meta name=\"robots\" content=\"index, follow, max-snippet:-1, max-image-preview:large, max-video-preview:-1\" \/>\n<link rel=\"canonical\" href=\"https:\/\/asteralabs.org\/pl\/product\/s23-50-tabs\/\" \/>\n<meta property=\"og:locale\" content=\"pl_PL\" \/>\n<meta property=\"og:type\" content=\"article\" \/>\n<meta property=\"og:title\" content=\"S23 50 tabs - Astera Labs\" \/>\n<meta property=\"og:description\" content=\"DAWKOWANIE: S23 10 mg na tabletk\u0119 ZAWARTO\u015a\u0106 OPAKOWANIA: 1 saszetka zawieraj\u0105ca 50 tabletek, ka\u017cda po 10 mg CO TO JEST: S23 to selektywny modulator receptora androgenowego (SARM) przyjmowany doustnie, znany ze swojej zdolno\u015bci do zwi\u0119kszania bezt\u0142uszczowej masy mi\u0119\u015bniowej i zwi\u0119kszania g\u0119sto\u015bci ko\u015bci. W przeciwie\u0144stwie do tradycyjnych steryd\u00f3w, S23 jest selektywny tkankowo, co oznacza, \u017ce dzia\u0142a&hellip;\" \/>\n<meta property=\"og:url\" content=\"https:\/\/asteralabs.org\/pl\/product\/s23-50-tabs\/\" \/>\n<meta property=\"og:site_name\" content=\"Astera Labs\" \/>\n<meta property=\"article:modified_time\" content=\"2026-01-15T12:34:43+00:00\" \/>\n<meta property=\"og:image\" content=\"https:\/\/asteralabs.org\/wp-content\/uploads\/2023\/09\/Astera-zipbag-SARMs-S23.png\" \/>\n\t<meta property=\"og:image:width\" content=\"2000\" \/>\n\t<meta property=\"og:image:height\" content=\"2000\" \/>\n\t<meta property=\"og:image:type\" content=\"image\/png\" \/>\n<meta name=\"twitter:card\" content=\"summary_large_image\" \/>\n<script type=\"application\/ld+json\" class=\"yoast-schema-graph\">{\"@context\":\"https:\\\/\\\/schema.org\",\"@graph\":[{\"@type\":\"WebPage\",\"@id\":\"https:\\\/\\\/asteralabs.org\\\/pl\\\/product\\\/s23-50-tabs\\\/\",\"url\":\"https:\\\/\\\/asteralabs.org\\\/pl\\\/product\\\/s23-50-tabs\\\/\",\"name\":\"S23 50 tabs - Astera Labs\",\"isPartOf\":{\"@id\":\"https:\\\/\\\/asteralabs.org\\\/pl\\\/#website\"},\"primaryImageOfPage\":{\"@id\":\"https:\\\/\\\/asteralabs.org\\\/pl\\\/product\\\/s23-50-tabs\\\/#primaryimage\"},\"image\":{\"@id\":\"https:\\\/\\\/asteralabs.org\\\/pl\\\/product\\\/s23-50-tabs\\\/#primaryimage\"},\"thumbnailUrl\":\"https:\\\/\\\/asteralabs.org\\\/wp-content\\\/uploads\\\/2023\\\/09\\\/Astera-zipbag-SARMs-S23.png\",\"datePublished\":\"2023-09-07T12:34:02+00:00\",\"dateModified\":\"2026-01-15T12:34:43+00:00\",\"breadcrumb\":{\"@id\":\"https:\\\/\\\/asteralabs.org\\\/pl\\\/product\\\/s23-50-tabs\\\/#breadcrumb\"},\"inLanguage\":\"pl-PL\",\"potentialAction\":[{\"@type\":\"ReadAction\",\"target\":[\"https:\\\/\\\/asteralabs.org\\\/pl\\\/product\\\/s23-50-tabs\\\/\"]}]},{\"@type\":\"ImageObject\",\"inLanguage\":\"pl-PL\",\"@id\":\"https:\\\/\\\/asteralabs.org\\\/pl\\\/product\\\/s23-50-tabs\\\/#primaryimage\",\"url\":\"https:\\\/\\\/asteralabs.org\\\/wp-content\\\/uploads\\\/2023\\\/09\\\/Astera-zipbag-SARMs-S23.png\",\"contentUrl\":\"https:\\\/\\\/asteralabs.org\\\/wp-content\\\/uploads\\\/2023\\\/09\\\/Astera-zipbag-SARMs-S23.png\",\"width\":2000,\"height\":2000},{\"@type\":\"BreadcrumbList\",\"@id\":\"https:\\\/\\\/asteralabs.org\\\/pl\\\/product\\\/s23-50-tabs\\\/#breadcrumb\",\"itemListElement\":[{\"@type\":\"ListItem\",\"position\":1,\"name\":\"Home\",\"item\":\"https:\\\/\\\/asteralabs.org\\\/pl\\\/\"},{\"@type\":\"ListItem\",\"position\":2,\"name\":\"Sklep\",\"item\":\"https:\\\/\\\/asteralabs.org\\\/pl\\\/sklep\\\/\"},{\"@type\":\"ListItem\",\"position\":3,\"name\":\"S23 50 tabs\"}]},{\"@type\":\"WebSite\",\"@id\":\"https:\\\/\\\/asteralabs.org\\\/pl\\\/#website\",\"url\":\"https:\\\/\\\/asteralabs.org\\\/pl\\\/\",\"name\":\"Astera Labs\",\"description\":\"Improve Your Quality Of Life\",\"publisher\":{\"@id\":\"https:\\\/\\\/asteralabs.org\\\/pl\\\/#organization\"},\"potentialAction\":[{\"@type\":\"SearchAction\",\"target\":{\"@type\":\"EntryPoint\",\"urlTemplate\":\"https:\\\/\\\/asteralabs.org\\\/pl\\\/?s={search_term_string}\"},\"query-input\":{\"@type\":\"PropertyValueSpecification\",\"valueRequired\":true,\"valueName\":\"search_term_string\"}}],\"inLanguage\":\"pl-PL\"},{\"@type\":\"Organization\",\"@id\":\"https:\\\/\\\/asteralabs.org\\\/pl\\\/#organization\",\"name\":\"Astera Labs\",\"url\":\"https:\\\/\\\/asteralabs.org\\\/pl\\\/\",\"logo\":{\"@type\":\"ImageObject\",\"inLanguage\":\"pl-PL\",\"@id\":\"https:\\\/\\\/asteralabs.org\\\/pl\\\/#\\\/schema\\\/logo\\\/image\\\/\",\"url\":\"https:\\\/\\\/asteralabs.org\\\/wp-content\\\/uploads\\\/2022\\\/12\\\/astera-2.png\",\"contentUrl\":\"https:\\\/\\\/asteralabs.org\\\/wp-content\\\/uploads\\\/2022\\\/12\\\/astera-2.png\",\"width\":437,\"height\":111,\"caption\":\"Astera Labs\"},\"image\":{\"@id\":\"https:\\\/\\\/asteralabs.org\\\/pl\\\/#\\\/schema\\\/logo\\\/image\\\/\"}}]}<\/script>\n<!-- \/ Yoast SEO plugin. -->","yoast_head_json":{"title":"S23 50 tabs - Astera Labs","robots":{"index":"index","follow":"follow","max-snippet":"max-snippet:-1","max-image-preview":"max-image-preview:large","max-video-preview":"max-video-preview:-1"},"canonical":"https:\/\/asteralabs.org\/pl\/product\/s23-50-tabs\/","og_locale":"pl_PL","og_type":"article","og_title":"S23 50 tabs - Astera Labs","og_description":"DAWKOWANIE: S23 10 mg na tabletk\u0119 ZAWARTO\u015a\u0106 OPAKOWANIA: 1 saszetka zawieraj\u0105ca 50 tabletek, ka\u017cda po 10 mg CO TO JEST: S23 to selektywny modulator receptora androgenowego (SARM) przyjmowany doustnie, znany ze swojej zdolno\u015bci do zwi\u0119kszania bezt\u0142uszczowej masy mi\u0119\u015bniowej i zwi\u0119kszania g\u0119sto\u015bci ko\u015bci. W przeciwie\u0144stwie do tradycyjnych steryd\u00f3w, S23 jest selektywny tkankowo, co oznacza, \u017ce dzia\u0142a&hellip;","og_url":"https:\/\/asteralabs.org\/pl\/product\/s23-50-tabs\/","og_site_name":"Astera Labs","article_modified_time":"2026-01-15T12:34:43+00:00","og_image":[{"width":2000,"height":2000,"url":"https:\/\/asteralabs.org\/wp-content\/uploads\/2023\/09\/Astera-zipbag-SARMs-S23.png","type":"image\/png"}],"twitter_card":"summary_large_image","schema":{"@context":"https:\/\/schema.org","@graph":[{"@type":"WebPage","@id":"https:\/\/asteralabs.org\/pl\/product\/s23-50-tabs\/","url":"https:\/\/asteralabs.org\/pl\/product\/s23-50-tabs\/","name":"S23 50 tabs - Astera Labs","isPartOf":{"@id":"https:\/\/asteralabs.org\/pl\/#website"},"primaryImageOfPage":{"@id":"https:\/\/asteralabs.org\/pl\/product\/s23-50-tabs\/#primaryimage"},"image":{"@id":"https:\/\/asteralabs.org\/pl\/product\/s23-50-tabs\/#primaryimage"},"thumbnailUrl":"https:\/\/asteralabs.org\/wp-content\/uploads\/2023\/09\/Astera-zipbag-SARMs-S23.png","datePublished":"2023-09-07T12:34:02+00:00","dateModified":"2026-01-15T12:34:43+00:00","breadcrumb":{"@id":"https:\/\/asteralabs.org\/pl\/product\/s23-50-tabs\/#breadcrumb"},"inLanguage":"pl-PL","potentialAction":[{"@type":"ReadAction","target":["https:\/\/asteralabs.org\/pl\/product\/s23-50-tabs\/"]}]},{"@type":"ImageObject","inLanguage":"pl-PL","@id":"https:\/\/asteralabs.org\/pl\/product\/s23-50-tabs\/#primaryimage","url":"https:\/\/asteralabs.org\/wp-content\/uploads\/2023\/09\/Astera-zipbag-SARMs-S23.png","contentUrl":"https:\/\/asteralabs.org\/wp-content\/uploads\/2023\/09\/Astera-zipbag-SARMs-S23.png","width":2000,"height":2000},{"@type":"BreadcrumbList","@id":"https:\/\/asteralabs.org\/pl\/product\/s23-50-tabs\/#breadcrumb","itemListElement":[{"@type":"ListItem","position":1,"name":"Home","item":"https:\/\/asteralabs.org\/pl\/"},{"@type":"ListItem","position":2,"name":"Sklep","item":"https:\/\/asteralabs.org\/pl\/sklep\/"},{"@type":"ListItem","position":3,"name":"S23 50 tabs"}]},{"@type":"WebSite","@id":"https:\/\/asteralabs.org\/pl\/#website","url":"https:\/\/asteralabs.org\/pl\/","name":"Astera Labs","description":"Improve Your Quality Of Life","publisher":{"@id":"https:\/\/asteralabs.org\/pl\/#organization"},"potentialAction":[{"@type":"SearchAction","target":{"@type":"EntryPoint","urlTemplate":"https:\/\/asteralabs.org\/pl\/?s={search_term_string}"},"query-input":{"@type":"PropertyValueSpecification","valueRequired":true,"valueName":"search_term_string"}}],"inLanguage":"pl-PL"},{"@type":"Organization","@id":"https:\/\/asteralabs.org\/pl\/#organization","name":"Astera Labs","url":"https:\/\/asteralabs.org\/pl\/","logo":{"@type":"ImageObject","inLanguage":"pl-PL","@id":"https:\/\/asteralabs.org\/pl\/#\/schema\/logo\/image\/","url":"https:\/\/asteralabs.org\/wp-content\/uploads\/2022\/12\/astera-2.png","contentUrl":"https:\/\/asteralabs.org\/wp-content\/uploads\/2022\/12\/astera-2.png","width":437,"height":111,"caption":"Astera Labs"},"image":{"@id":"https:\/\/asteralabs.org\/pl\/#\/schema\/logo\/image\/"}}]}},"_links":{"self":[{"href":"https:\/\/asteralabs.org\/pl\/wp-json\/wp\/v2\/product\/78069","targetHints":{"allow":["GET"]}}],"collection":[{"href":"https:\/\/asteralabs.org\/pl\/wp-json\/wp\/v2\/product"}],"about":[{"href":"https:\/\/asteralabs.org\/pl\/wp-json\/wp\/v2\/types\/product"}],"replies":[{"embeddable":true,"href":"https:\/\/asteralabs.org\/pl\/wp-json\/wp\/v2\/comments?post=78069"}],"version-history":[{"count":2,"href":"https:\/\/asteralabs.org\/pl\/wp-json\/wp\/v2\/product\/78069\/revisions"}],"predecessor-version":[{"id":79709,"href":"https:\/\/asteralabs.org\/pl\/wp-json\/wp\/v2\/product\/78069\/revisions\/79709"}],"wp:featuredmedia":[{"embeddable":true,"href":"https:\/\/asteralabs.org\/pl\/wp-json\/wp\/v2\/media\/76460"}],"wp:attachment":[{"href":"https:\/\/asteralabs.org\/pl\/wp-json\/wp\/v2\/media?parent=78069"}],"wp:term":[{"taxonomy":"product_brand","embeddable":true,"href":"https:\/\/asteralabs.org\/pl\/wp-json\/wp\/v2\/product_brand?post=78069"},{"taxonomy":"product_cat","embeddable":true,"href":"https:\/\/asteralabs.org\/pl\/wp-json\/wp\/v2\/product_cat?post=78069"},{"taxonomy":"product_tag","embeddable":true,"href":"https:\/\/asteralabs.org\/pl\/wp-json\/wp\/v2\/product_tag?post=78069"}],"curies":[{"name":"wp","href":"https:\/\/api.w.org\/{rel}","templated":true}]}}