{"id":78075,"date":"2023-09-07T12:30:27","date_gmt":"2023-09-07T12:30:27","guid":{"rendered":"https:\/\/asteralabs.org\/product\/rad140-50-tabletek\/"},"modified":"2026-01-15T12:40:08","modified_gmt":"2026-01-15T12:40:08","slug":"rad140-50-tabletek","status":"publish","type":"product","link":"https:\/\/asteralabs.org\/pl\/product\/rad140-50-tabletek\/","title":{"rendered":"RAD140 50 tabletek"},"content":{"rendered":"<p><strong>DAWKOWANIE<\/strong>: RAD140 Testolone 10 mg na tabletk\u0119<\/p>\n<p><strong>ZAWARTO\u015a\u0106 OPAKOWANIA:<\/strong><\/p>\n<p>1 saszetka zawieraj\u0105ca 50 tabletek, ka\u017cda po 10 mg<\/p>\n<p><strong>CO TO JEST:<\/strong><\/p>\n<p>Testolon, okre\u015blany r\u00f3wnie\u017c jako RAD140, jest selektywnym modulatorem receptora androgenowego (SARM) znanym ze swojego silnego potencja\u0142u do promowania wzrostu mi\u0119\u015bni. Znany jako jeden z najskuteczniejszych SARM\u00f3w na przyrost masy, jest wysoko ceniony za zwi\u0119kszanie rozmiaru i si\u0142y mi\u0119\u015bni.<br \/>\n<strong>KORZY\u015aCI:<br \/>\n<\/strong><\/p>\n<p>RAD140 jest szczeg\u00f3lnie ukierunkowany na rozw\u00f3j mi\u0119\u015bni, wspieraj\u0105c zar\u00f3wno wzrost mi\u0119\u015bni, jak i funkcjonowanie m\u00f3zgu. Opr\u00f3cz \u0142\u0105czenia, RAD140 nadaje si\u0119 r\u00f3wnie\u017c do cykli ci\u0119cia, poniewa\u017c pomaga rozwija\u0107 bezt\u0142uszczow\u0105 tkank\u0119 mi\u0119\u015bniow\u0105, jednocze\u015bnie wspieraj\u0105c utrat\u0119 t\u0142uszczu, dzi\u0119ki czemu jest wszechstronn\u0105 opcj\u0105 dla r\u00f3\u017cnych cel\u00f3w fitness, a tak\u017ce \u015bwietnie nadaje si\u0119 do \u0107wicze\u0144 si\u0142owych.<\/p>\n<p><strong>SPOS\u00d3B U\u017bYCIA:<\/strong><\/p>\n<p>Aby uzyska\u0107 najlepsze wyniki, RAD140 jest zwykle stosowany w cyklach do 8 tygodni. Dzienne spo\u017cycie 10-30 mg jest cz\u0119sto zalecane w celu zwi\u0119kszenia si\u0142y, przy czym skuteczne dawki wahaj\u0105 si\u0119 od 10 mg do 100 mg. Zaleca si\u0119, aby nie przekracza\u0107 8-tygodniowego cyklu. <strong><br \/>\nINFORMACJE O PARTII:<br \/>\n<\/strong>Nr partii: <span data-sheets-root=\"1\">SE67214<\/span><br \/>\nData produkcji: 10<span data-sheets-root=\"1\" data-sheets-value=\"{&quot;1&quot;:2,&quot;2&quot;:&quot;03.2023.&quot;}\" data-sheets-userformat=\"{&quot;2&quot;:577,&quot;3&quot;:{&quot;1&quot;:0},&quot;9&quot;:0,&quot;12&quot;:0}\">.2025.<\/span><br \/>\nData wa\u017cno\u015bci: 10<span data-sheets-root=\"1\" data-sheets-value=\"{&quot;1&quot;:2,&quot;2&quot;:&quot;03.2026.&quot;}\" data-sheets-userformat=\"{&quot;2&quot;:637,&quot;3&quot;:{&quot;1&quot;:0},&quot;5&quot;:{&quot;1&quot;:[{&quot;1&quot;:2,&quot;2&quot;:0,&quot;5&quot;:{&quot;1&quot;:2,&quot;2&quot;:0}},{&quot;1&quot;:0,&quot;2&quot;:0,&quot;3&quot;:3},{&quot;1&quot;:1,&quot;2&quot;:0,&quot;4&quot;:1}]},&quot;6&quot;:{&quot;1&quot;:[{&quot;1&quot;:2,&quot;2&quot;:0,&quot;5&quot;:{&quot;1&quot;:2,&quot;2&quot;:0}},{&quot;1&quot;:0,&quot;2&quot;:0,&quot;3&quot;:3},{&quot;1&quot;:1,&quot;2&quot;:0,&quot;4&quot;:1}]},&quot;7&quot;:{&quot;1&quot;:[{&quot;1&quot;:2,&quot;2&quot;:0,&quot;5&quot;:{&quot;1&quot;:2,&quot;2&quot;:0}},{&quot;1&quot;:0,&quot;2&quot;:0,&quot;3&quot;:3},{&quot;1&quot;:1,&quot;2&quot;:0,&quot;4&quot;:1}]},&quot;8&quot;:{&quot;1&quot;:[{&quot;1&quot;:2,&quot;2&quot;:0,&quot;5&quot;:{&quot;1&quot;:2,&quot;2&quot;:0}},{&quot;1&quot;:0,&quot;2&quot;:0,&quot;3&quot;:3},{&quot;1&quot;:1,&quot;2&quot;:0,&quot;4&quot;:1}]},&quot;9&quot;:0,&quot;12&quot;:0}\">.2028.<\/span><\/p>\n","protected":false},"excerpt":{"rendered":"<p>DAWKOWANIE: RAD140 Testolone 10 mg na tabletk\u0119 ZAWARTO\u015a\u0106 OPAKOWANIA: 1 saszetka zawieraj\u0105ca 50 tabletek, ka\u017cda po 10 mg CO TO JEST: Testolon, okre\u015blany r\u00f3wnie\u017c jako RAD140, jest selektywnym modulatorem receptora androgenowego (SARM) znanym ze swojego silnego potencja\u0142u do promowania wzrostu mi\u0119\u015bni. Znany jako jeden z najskuteczniejszych SARM\u00f3w na przyrost masy, jest wysoko ceniony za zwi\u0119kszanie&hellip;<\/p>\n","protected":false},"featured_media":76452,"comment_status":"closed","ping_status":"closed","template":"","meta":[],"product_cat":[167,202],"product_tag":[],"yoast_head":"<!-- This site is optimized with the Yoast SEO plugin v23.0 - https:\/\/yoast.com\/wordpress\/plugins\/seo\/ -->\n<title>RAD140 50 tabletek - Astera Labs<\/title>\n<meta name=\"robots\" content=\"index, follow, max-snippet:-1, max-image-preview:large, max-video-preview:-1\" \/>\n<link rel=\"canonical\" href=\"https:\/\/asteralabs.org\/pl\/product\/rad140-50-tabletek\/\" \/>\n<meta property=\"og:locale\" content=\"pl_PL\" \/>\n<meta property=\"og:type\" content=\"article\" \/>\n<meta property=\"og:title\" content=\"RAD140 50 tabletek - Astera Labs\" \/>\n<meta property=\"og:description\" content=\"DAWKOWANIE: RAD140 Testolone 10 mg na tabletk\u0119 ZAWARTO\u015a\u0106 OPAKOWANIA: 1 saszetka zawieraj\u0105ca 50 tabletek, ka\u017cda po 10 mg CO TO JEST: Testolon, okre\u015blany r\u00f3wnie\u017c jako RAD140, jest selektywnym modulatorem receptora androgenowego (SARM) znanym ze swojego silnego potencja\u0142u do promowania wzrostu mi\u0119\u015bni. Znany jako jeden z najskuteczniejszych SARM\u00f3w na przyrost masy, jest wysoko ceniony za zwi\u0119kszanie&hellip;\" \/>\n<meta property=\"og:url\" content=\"https:\/\/asteralabs.org\/pl\/product\/rad140-50-tabletek\/\" \/>\n<meta property=\"og:site_name\" content=\"Astera Labs\" \/>\n<meta property=\"article:modified_time\" content=\"2026-01-15T12:40:08+00:00\" \/>\n<meta property=\"og:image\" content=\"https:\/\/asteralabs.org\/wp-content\/uploads\/2023\/09\/Astera-zipbag-SARMs-RAD140.png\" \/>\n\t<meta property=\"og:image:width\" content=\"2000\" \/>\n\t<meta property=\"og:image:height\" content=\"2000\" \/>\n\t<meta property=\"og:image:type\" content=\"image\/png\" \/>\n<meta name=\"twitter:card\" content=\"summary_large_image\" \/>\n<script type=\"application\/ld+json\" class=\"yoast-schema-graph\">{\"@context\":\"https:\/\/schema.org\",\"@graph\":[{\"@type\":\"WebPage\",\"@id\":\"https:\/\/asteralabs.org\/pl\/product\/rad140-50-tabletek\/\",\"url\":\"https:\/\/asteralabs.org\/pl\/product\/rad140-50-tabletek\/\",\"name\":\"RAD140 50 tabletek - Astera Labs\",\"isPartOf\":{\"@id\":\"https:\/\/asteralabs.org\/pl\/#website\"},\"primaryImageOfPage\":{\"@id\":\"https:\/\/asteralabs.org\/pl\/product\/rad140-50-tabletek\/#primaryimage\"},\"image\":{\"@id\":\"https:\/\/asteralabs.org\/pl\/product\/rad140-50-tabletek\/#primaryimage\"},\"thumbnailUrl\":\"https:\/\/asteralabs.org\/wp-content\/uploads\/2023\/09\/Astera-zipbag-SARMs-RAD140.png\",\"datePublished\":\"2023-09-07T12:30:27+00:00\",\"dateModified\":\"2026-01-15T12:40:08+00:00\",\"breadcrumb\":{\"@id\":\"https:\/\/asteralabs.org\/pl\/product\/rad140-50-tabletek\/#breadcrumb\"},\"inLanguage\":\"pl-PL\",\"potentialAction\":[{\"@type\":\"ReadAction\",\"target\":[\"https:\/\/asteralabs.org\/pl\/product\/rad140-50-tabletek\/\"]}]},{\"@type\":\"ImageObject\",\"inLanguage\":\"pl-PL\",\"@id\":\"https:\/\/asteralabs.org\/pl\/product\/rad140-50-tabletek\/#primaryimage\",\"url\":\"https:\/\/asteralabs.org\/wp-content\/uploads\/2023\/09\/Astera-zipbag-SARMs-RAD140.png\",\"contentUrl\":\"https:\/\/asteralabs.org\/wp-content\/uploads\/2023\/09\/Astera-zipbag-SARMs-RAD140.png\",\"width\":2000,\"height\":2000},{\"@type\":\"BreadcrumbList\",\"@id\":\"https:\/\/asteralabs.org\/pl\/product\/rad140-50-tabletek\/#breadcrumb\",\"itemListElement\":[{\"@type\":\"ListItem\",\"position\":1,\"name\":\"Home\",\"item\":\"https:\/\/asteralabs.org\/pl\/\"},{\"@type\":\"ListItem\",\"position\":2,\"name\":\"Sklep\",\"item\":\"https:\/\/asteralabs.org\/sklep\/\"},{\"@type\":\"ListItem\",\"position\":3,\"name\":\"RAD140 50 tabletek\"}]},{\"@type\":\"WebSite\",\"@id\":\"https:\/\/asteralabs.org\/pl\/#website\",\"url\":\"https:\/\/asteralabs.org\/pl\/\",\"name\":\"Astera Labs\",\"description\":\"Improve Your Quality Of Life\",\"publisher\":{\"@id\":\"https:\/\/asteralabs.org\/pl\/#organization\"},\"potentialAction\":[{\"@type\":\"SearchAction\",\"target\":{\"@type\":\"EntryPoint\",\"urlTemplate\":\"https:\/\/asteralabs.org\/pl\/?s={search_term_string}\"},\"query-input\":\"required name=search_term_string\"}],\"inLanguage\":\"pl-PL\"},{\"@type\":\"Organization\",\"@id\":\"https:\/\/asteralabs.org\/pl\/#organization\",\"name\":\"Astera Labs\",\"url\":\"https:\/\/asteralabs.org\/pl\/\",\"logo\":{\"@type\":\"ImageObject\",\"inLanguage\":\"pl-PL\",\"@id\":\"https:\/\/asteralabs.org\/pl\/#\/schema\/logo\/image\/\",\"url\":\"https:\/\/asteralabs.org\/wp-content\/uploads\/2022\/12\/astera-2.png\",\"contentUrl\":\"https:\/\/asteralabs.org\/wp-content\/uploads\/2022\/12\/astera-2.png\",\"width\":437,\"height\":111,\"caption\":\"Astera Labs\"},\"image\":{\"@id\":\"https:\/\/asteralabs.org\/pl\/#\/schema\/logo\/image\/\"}}]}<\/script>\n<!-- \/ Yoast SEO plugin. -->","yoast_head_json":{"title":"RAD140 50 tabletek - Astera Labs","robots":{"index":"index","follow":"follow","max-snippet":"max-snippet:-1","max-image-preview":"max-image-preview:large","max-video-preview":"max-video-preview:-1"},"canonical":"https:\/\/asteralabs.org\/pl\/product\/rad140-50-tabletek\/","og_locale":"pl_PL","og_type":"article","og_title":"RAD140 50 tabletek - Astera Labs","og_description":"DAWKOWANIE: RAD140 Testolone 10 mg na tabletk\u0119 ZAWARTO\u015a\u0106 OPAKOWANIA: 1 saszetka zawieraj\u0105ca 50 tabletek, ka\u017cda po 10 mg CO TO JEST: Testolon, okre\u015blany r\u00f3wnie\u017c jako RAD140, jest selektywnym modulatorem receptora androgenowego (SARM) znanym ze swojego silnego potencja\u0142u do promowania wzrostu mi\u0119\u015bni. Znany jako jeden z najskuteczniejszych SARM\u00f3w na przyrost masy, jest wysoko ceniony za zwi\u0119kszanie&hellip;","og_url":"https:\/\/asteralabs.org\/pl\/product\/rad140-50-tabletek\/","og_site_name":"Astera Labs","article_modified_time":"2026-01-15T12:40:08+00:00","og_image":[{"width":2000,"height":2000,"url":"https:\/\/asteralabs.org\/wp-content\/uploads\/2023\/09\/Astera-zipbag-SARMs-RAD140.png","type":"image\/png"}],"twitter_card":"summary_large_image","schema":{"@context":"https:\/\/schema.org","@graph":[{"@type":"WebPage","@id":"https:\/\/asteralabs.org\/pl\/product\/rad140-50-tabletek\/","url":"https:\/\/asteralabs.org\/pl\/product\/rad140-50-tabletek\/","name":"RAD140 50 tabletek - Astera Labs","isPartOf":{"@id":"https:\/\/asteralabs.org\/pl\/#website"},"primaryImageOfPage":{"@id":"https:\/\/asteralabs.org\/pl\/product\/rad140-50-tabletek\/#primaryimage"},"image":{"@id":"https:\/\/asteralabs.org\/pl\/product\/rad140-50-tabletek\/#primaryimage"},"thumbnailUrl":"https:\/\/asteralabs.org\/wp-content\/uploads\/2023\/09\/Astera-zipbag-SARMs-RAD140.png","datePublished":"2023-09-07T12:30:27+00:00","dateModified":"2026-01-15T12:40:08+00:00","breadcrumb":{"@id":"https:\/\/asteralabs.org\/pl\/product\/rad140-50-tabletek\/#breadcrumb"},"inLanguage":"pl-PL","potentialAction":[{"@type":"ReadAction","target":["https:\/\/asteralabs.org\/pl\/product\/rad140-50-tabletek\/"]}]},{"@type":"ImageObject","inLanguage":"pl-PL","@id":"https:\/\/asteralabs.org\/pl\/product\/rad140-50-tabletek\/#primaryimage","url":"https:\/\/asteralabs.org\/wp-content\/uploads\/2023\/09\/Astera-zipbag-SARMs-RAD140.png","contentUrl":"https:\/\/asteralabs.org\/wp-content\/uploads\/2023\/09\/Astera-zipbag-SARMs-RAD140.png","width":2000,"height":2000},{"@type":"BreadcrumbList","@id":"https:\/\/asteralabs.org\/pl\/product\/rad140-50-tabletek\/#breadcrumb","itemListElement":[{"@type":"ListItem","position":1,"name":"Home","item":"https:\/\/asteralabs.org\/pl\/"},{"@type":"ListItem","position":2,"name":"Sklep","item":"https:\/\/asteralabs.org\/sklep\/"},{"@type":"ListItem","position":3,"name":"RAD140 50 tabletek"}]},{"@type":"WebSite","@id":"https:\/\/asteralabs.org\/pl\/#website","url":"https:\/\/asteralabs.org\/pl\/","name":"Astera Labs","description":"Improve Your Quality Of Life","publisher":{"@id":"https:\/\/asteralabs.org\/pl\/#organization"},"potentialAction":[{"@type":"SearchAction","target":{"@type":"EntryPoint","urlTemplate":"https:\/\/asteralabs.org\/pl\/?s={search_term_string}"},"query-input":"required name=search_term_string"}],"inLanguage":"pl-PL"},{"@type":"Organization","@id":"https:\/\/asteralabs.org\/pl\/#organization","name":"Astera Labs","url":"https:\/\/asteralabs.org\/pl\/","logo":{"@type":"ImageObject","inLanguage":"pl-PL","@id":"https:\/\/asteralabs.org\/pl\/#\/schema\/logo\/image\/","url":"https:\/\/asteralabs.org\/wp-content\/uploads\/2022\/12\/astera-2.png","contentUrl":"https:\/\/asteralabs.org\/wp-content\/uploads\/2022\/12\/astera-2.png","width":437,"height":111,"caption":"Astera Labs"},"image":{"@id":"https:\/\/asteralabs.org\/pl\/#\/schema\/logo\/image\/"}}]}},"_links":{"self":[{"href":"https:\/\/asteralabs.org\/pl\/wp-json\/wp\/v2\/product\/78075"}],"collection":[{"href":"https:\/\/asteralabs.org\/pl\/wp-json\/wp\/v2\/product"}],"about":[{"href":"https:\/\/asteralabs.org\/pl\/wp-json\/wp\/v2\/types\/product"}],"replies":[{"embeddable":true,"href":"https:\/\/asteralabs.org\/pl\/wp-json\/wp\/v2\/comments?post=78075"}],"version-history":[{"count":2,"href":"https:\/\/asteralabs.org\/pl\/wp-json\/wp\/v2\/product\/78075\/revisions"}],"predecessor-version":[{"id":79726,"href":"https:\/\/asteralabs.org\/pl\/wp-json\/wp\/v2\/product\/78075\/revisions\/79726"}],"wp:featuredmedia":[{"embeddable":true,"href":"https:\/\/asteralabs.org\/pl\/wp-json\/wp\/v2\/media\/76452"}],"wp:attachment":[{"href":"https:\/\/asteralabs.org\/pl\/wp-json\/wp\/v2\/media?parent=78075"}],"wp:term":[{"taxonomy":"product_cat","embeddable":true,"href":"https:\/\/asteralabs.org\/pl\/wp-json\/wp\/v2\/product_cat?post=78075"},{"taxonomy":"product_tag","embeddable":true,"href":"https:\/\/asteralabs.org\/pl\/wp-json\/wp\/v2\/product_tag?post=78075"}],"curies":[{"name":"wp","href":"https:\/\/api.w.org\/{rel}","templated":true}]}}