{"id":78086,"date":"2023-09-07T12:27:51","date_gmt":"2023-09-07T12:27:51","guid":{"rendered":"https:\/\/asteralabs.org\/product\/mk2866-50-tabs\/"},"modified":"2026-01-15T12:53:19","modified_gmt":"2026-01-15T12:53:19","slug":"mk2866-50-tabs","status":"publish","type":"product","link":"https:\/\/asteralabs.org\/pl\/product\/mk2866-50-tabs\/","title":{"rendered":"MK2866 50 tabs"},"content":{"rendered":"<p><strong>DAWKOWANIE<\/strong>: MK-2866 Ostarine 10 mg na tabletk\u0119<\/p>\n<p><strong>ZAWARTO\u015a\u0106 OPAKOWANIA:<\/strong><\/p>\n<p>1 saszetka zawieraj\u0105ca 50 tabletek, ka\u017cda po 10 mg<\/p>\n<p><strong>CO TO JEST:<\/strong><\/p>\n<p>Ostaryna, znana r\u00f3wnie\u017c jako MK-2866, jest silnym i selektywnym modulatorem receptora androgenowego (SARM) zaprojektowanym w celu poprawy si\u0142y, wytrzyma\u0142o\u015bci i bezt\u0142uszczowej masy mi\u0119\u015bniowej. Jest szczeg\u00f3lnie korzystny podczas utraty t\u0142uszczu lub faz ci\u0119cia, poniewa\u017c zachowuje mas\u0119 mi\u0119\u015bniow\u0105, zapobiega utracie mi\u0119\u015bni, wspomaga napraw\u0119 tkanki \u0142\u0105cznej, stymuluje wzrost bezt\u0142uszczowej masy mi\u0119\u015bniowej i zwi\u0119ksza g\u0119sto\u015b\u0107 ko\u015bci.<\/p>\n<p><strong>SPOS\u00d3B U\u017bYCIA:<\/strong><\/p>\n<p>W przypadku Ostarine MK-2866 zalecana dzienna dawka wynosi od 10 mg do 50 mg. Pocz\u0105tkuj\u0105cym zaleca si\u0119 rozpocz\u0119cie od konserwatywnej dawki 10 mg dziennie, \u015brednio zaawansowani u\u017cytkownicy mog\u0105 rozwa\u017cy\u0107 zwi\u0119kszenie dawki do 25 mg dziennie, podczas gdy zaawansowani u\u017cytkownicy mog\u0105 przyjmowa\u0107 do 50 mg dziennie. Wy\u017csze dawki, takie jak 100 mg, mog\u0105 zwi\u0119ksza\u0107 sucho\u015b\u0107 mi\u0119\u015bni, utrat\u0119 t\u0142uszczu i og\u00f3lne przyrosty mi\u0119\u015bni, ale mog\u0105 r\u00f3wnie\u017c zwi\u0119ksza\u0107 ryzyko wyst\u0105pienia dzia\u0142a\u0144 niepo\u017c\u0105danych. <strong><br \/>\nINFORMACJE O PARTII:<br \/>\n<\/strong>Nr partii: <span data-sheets-root=\"1\">OK61440<\/span><br \/>\nData produkcji: 10<span data-sheets-root=\"1\" data-sheets-value=\"{&quot;1&quot;:2,&quot;2&quot;:&quot;03.2023.&quot;}\" data-sheets-userformat=\"{&quot;2&quot;:577,&quot;3&quot;:{&quot;1&quot;:0},&quot;9&quot;:0,&quot;12&quot;:0}\">.2025.<\/span><br \/>\nData wa\u017cno\u015bci: 10<span data-sheets-root=\"1\" data-sheets-value=\"{&quot;1&quot;:2,&quot;2&quot;:&quot;03.2026.&quot;}\" data-sheets-userformat=\"{&quot;2&quot;:637,&quot;3&quot;:{&quot;1&quot;:0},&quot;5&quot;:{&quot;1&quot;:[{&quot;1&quot;:2,&quot;2&quot;:0,&quot;5&quot;:{&quot;1&quot;:2,&quot;2&quot;:0}},{&quot;1&quot;:0,&quot;2&quot;:0,&quot;3&quot;:3},{&quot;1&quot;:1,&quot;2&quot;:0,&quot;4&quot;:1}]},&quot;6&quot;:{&quot;1&quot;:[{&quot;1&quot;:2,&quot;2&quot;:0,&quot;5&quot;:{&quot;1&quot;:2,&quot;2&quot;:0}},{&quot;1&quot;:0,&quot;2&quot;:0,&quot;3&quot;:3},{&quot;1&quot;:1,&quot;2&quot;:0,&quot;4&quot;:1}]},&quot;7&quot;:{&quot;1&quot;:[{&quot;1&quot;:2,&quot;2&quot;:0,&quot;5&quot;:{&quot;1&quot;:2,&quot;2&quot;:0}},{&quot;1&quot;:0,&quot;2&quot;:0,&quot;3&quot;:3},{&quot;1&quot;:1,&quot;2&quot;:0,&quot;4&quot;:1}]},&quot;8&quot;:{&quot;1&quot;:[{&quot;1&quot;:2,&quot;2&quot;:0,&quot;5&quot;:{&quot;1&quot;:2,&quot;2&quot;:0}},{&quot;1&quot;:0,&quot;2&quot;:0,&quot;3&quot;:3},{&quot;1&quot;:1,&quot;2&quot;:0,&quot;4&quot;:1}]},&quot;9&quot;:0,&quot;12&quot;:0}\">.2028.<\/span><\/p>\n","protected":false},"excerpt":{"rendered":"<p>DAWKOWANIE: MK-2866 Ostarine 10 mg na tabletk\u0119 ZAWARTO\u015a\u0106 OPAKOWANIA: 1 saszetka zawieraj\u0105ca 50 tabletek, ka\u017cda po 10 mg CO TO JEST: Ostaryna, znana r\u00f3wnie\u017c jako MK-2866, jest silnym i selektywnym modulatorem receptora androgenowego (SARM) zaprojektowanym w celu poprawy si\u0142y, wytrzyma\u0142o\u015bci i bezt\u0142uszczowej masy mi\u0119\u015bniowej. Jest szczeg\u00f3lnie korzystny podczas utraty t\u0142uszczu lub faz ci\u0119cia, poniewa\u017c zachowuje&hellip;<\/p>\n","protected":false},"featured_media":76444,"comment_status":"closed","ping_status":"closed","template":"","meta":[],"product_cat":[167,202],"product_tag":[],"yoast_head":"<!-- This site is optimized with the Yoast SEO plugin v23.0 - https:\/\/yoast.com\/wordpress\/plugins\/seo\/ -->\n<title>MK2866 50 tabs - Astera Labs<\/title>\n<meta name=\"robots\" content=\"index, follow, max-snippet:-1, max-image-preview:large, max-video-preview:-1\" \/>\n<link rel=\"canonical\" href=\"https:\/\/asteralabs.org\/pl\/product\/mk2866-50-tabs\/\" \/>\n<meta property=\"og:locale\" content=\"pl_PL\" \/>\n<meta property=\"og:type\" content=\"article\" \/>\n<meta property=\"og:title\" content=\"MK2866 50 tabs - Astera Labs\" \/>\n<meta property=\"og:description\" content=\"DAWKOWANIE: MK-2866 Ostarine 10 mg na tabletk\u0119 ZAWARTO\u015a\u0106 OPAKOWANIA: 1 saszetka zawieraj\u0105ca 50 tabletek, ka\u017cda po 10 mg CO TO JEST: Ostaryna, znana r\u00f3wnie\u017c jako MK-2866, jest silnym i selektywnym modulatorem receptora androgenowego (SARM) zaprojektowanym w celu poprawy si\u0142y, wytrzyma\u0142o\u015bci i bezt\u0142uszczowej masy mi\u0119\u015bniowej. Jest szczeg\u00f3lnie korzystny podczas utraty t\u0142uszczu lub faz ci\u0119cia, poniewa\u017c zachowuje&hellip;\" \/>\n<meta property=\"og:url\" content=\"https:\/\/asteralabs.org\/pl\/product\/mk2866-50-tabs\/\" \/>\n<meta property=\"og:site_name\" content=\"Astera Labs\" \/>\n<meta property=\"article:modified_time\" content=\"2026-01-15T12:53:19+00:00\" \/>\n<meta property=\"og:image\" content=\"https:\/\/asteralabs.org\/wp-content\/uploads\/2023\/09\/Astera-zipbag-SARMs-MK2866.png\" \/>\n\t<meta property=\"og:image:width\" content=\"2000\" \/>\n\t<meta property=\"og:image:height\" content=\"2000\" \/>\n\t<meta property=\"og:image:type\" content=\"image\/png\" \/>\n<meta name=\"twitter:card\" content=\"summary_large_image\" \/>\n<script type=\"application\/ld+json\" class=\"yoast-schema-graph\">{\"@context\":\"https:\/\/schema.org\",\"@graph\":[{\"@type\":\"WebPage\",\"@id\":\"https:\/\/asteralabs.org\/pl\/product\/mk2866-50-tabs\/\",\"url\":\"https:\/\/asteralabs.org\/pl\/product\/mk2866-50-tabs\/\",\"name\":\"MK2866 50 tabs - Astera Labs\",\"isPartOf\":{\"@id\":\"https:\/\/asteralabs.org\/pl\/#website\"},\"primaryImageOfPage\":{\"@id\":\"https:\/\/asteralabs.org\/pl\/product\/mk2866-50-tabs\/#primaryimage\"},\"image\":{\"@id\":\"https:\/\/asteralabs.org\/pl\/product\/mk2866-50-tabs\/#primaryimage\"},\"thumbnailUrl\":\"https:\/\/asteralabs.org\/wp-content\/uploads\/2023\/09\/Astera-zipbag-SARMs-MK2866.png\",\"datePublished\":\"2023-09-07T12:27:51+00:00\",\"dateModified\":\"2026-01-15T12:53:19+00:00\",\"breadcrumb\":{\"@id\":\"https:\/\/asteralabs.org\/pl\/product\/mk2866-50-tabs\/#breadcrumb\"},\"inLanguage\":\"pl-PL\",\"potentialAction\":[{\"@type\":\"ReadAction\",\"target\":[\"https:\/\/asteralabs.org\/pl\/product\/mk2866-50-tabs\/\"]}]},{\"@type\":\"ImageObject\",\"inLanguage\":\"pl-PL\",\"@id\":\"https:\/\/asteralabs.org\/pl\/product\/mk2866-50-tabs\/#primaryimage\",\"url\":\"https:\/\/asteralabs.org\/wp-content\/uploads\/2023\/09\/Astera-zipbag-SARMs-MK2866.png\",\"contentUrl\":\"https:\/\/asteralabs.org\/wp-content\/uploads\/2023\/09\/Astera-zipbag-SARMs-MK2866.png\",\"width\":2000,\"height\":2000},{\"@type\":\"BreadcrumbList\",\"@id\":\"https:\/\/asteralabs.org\/pl\/product\/mk2866-50-tabs\/#breadcrumb\",\"itemListElement\":[{\"@type\":\"ListItem\",\"position\":1,\"name\":\"Home\",\"item\":\"https:\/\/asteralabs.org\/pl\/\"},{\"@type\":\"ListItem\",\"position\":2,\"name\":\"Sklep\",\"item\":\"https:\/\/asteralabs.org\/sklep\/\"},{\"@type\":\"ListItem\",\"position\":3,\"name\":\"MK2866 50 tabs\"}]},{\"@type\":\"WebSite\",\"@id\":\"https:\/\/asteralabs.org\/pl\/#website\",\"url\":\"https:\/\/asteralabs.org\/pl\/\",\"name\":\"Astera Labs\",\"description\":\"Improve Your Quality Of Life\",\"publisher\":{\"@id\":\"https:\/\/asteralabs.org\/pl\/#organization\"},\"potentialAction\":[{\"@type\":\"SearchAction\",\"target\":{\"@type\":\"EntryPoint\",\"urlTemplate\":\"https:\/\/asteralabs.org\/pl\/?s={search_term_string}\"},\"query-input\":\"required name=search_term_string\"}],\"inLanguage\":\"pl-PL\"},{\"@type\":\"Organization\",\"@id\":\"https:\/\/asteralabs.org\/pl\/#organization\",\"name\":\"Astera Labs\",\"url\":\"https:\/\/asteralabs.org\/pl\/\",\"logo\":{\"@type\":\"ImageObject\",\"inLanguage\":\"pl-PL\",\"@id\":\"https:\/\/asteralabs.org\/pl\/#\/schema\/logo\/image\/\",\"url\":\"https:\/\/asteralabs.org\/wp-content\/uploads\/2022\/12\/astera-2.png\",\"contentUrl\":\"https:\/\/asteralabs.org\/wp-content\/uploads\/2022\/12\/astera-2.png\",\"width\":437,\"height\":111,\"caption\":\"Astera Labs\"},\"image\":{\"@id\":\"https:\/\/asteralabs.org\/pl\/#\/schema\/logo\/image\/\"}}]}<\/script>\n<!-- \/ Yoast SEO plugin. -->","yoast_head_json":{"title":"MK2866 50 tabs - Astera Labs","robots":{"index":"index","follow":"follow","max-snippet":"max-snippet:-1","max-image-preview":"max-image-preview:large","max-video-preview":"max-video-preview:-1"},"canonical":"https:\/\/asteralabs.org\/pl\/product\/mk2866-50-tabs\/","og_locale":"pl_PL","og_type":"article","og_title":"MK2866 50 tabs - Astera Labs","og_description":"DAWKOWANIE: MK-2866 Ostarine 10 mg na tabletk\u0119 ZAWARTO\u015a\u0106 OPAKOWANIA: 1 saszetka zawieraj\u0105ca 50 tabletek, ka\u017cda po 10 mg CO TO JEST: Ostaryna, znana r\u00f3wnie\u017c jako MK-2866, jest silnym i selektywnym modulatorem receptora androgenowego (SARM) zaprojektowanym w celu poprawy si\u0142y, wytrzyma\u0142o\u015bci i bezt\u0142uszczowej masy mi\u0119\u015bniowej. Jest szczeg\u00f3lnie korzystny podczas utraty t\u0142uszczu lub faz ci\u0119cia, poniewa\u017c zachowuje&hellip;","og_url":"https:\/\/asteralabs.org\/pl\/product\/mk2866-50-tabs\/","og_site_name":"Astera Labs","article_modified_time":"2026-01-15T12:53:19+00:00","og_image":[{"width":2000,"height":2000,"url":"https:\/\/asteralabs.org\/wp-content\/uploads\/2023\/09\/Astera-zipbag-SARMs-MK2866.png","type":"image\/png"}],"twitter_card":"summary_large_image","schema":{"@context":"https:\/\/schema.org","@graph":[{"@type":"WebPage","@id":"https:\/\/asteralabs.org\/pl\/product\/mk2866-50-tabs\/","url":"https:\/\/asteralabs.org\/pl\/product\/mk2866-50-tabs\/","name":"MK2866 50 tabs - Astera Labs","isPartOf":{"@id":"https:\/\/asteralabs.org\/pl\/#website"},"primaryImageOfPage":{"@id":"https:\/\/asteralabs.org\/pl\/product\/mk2866-50-tabs\/#primaryimage"},"image":{"@id":"https:\/\/asteralabs.org\/pl\/product\/mk2866-50-tabs\/#primaryimage"},"thumbnailUrl":"https:\/\/asteralabs.org\/wp-content\/uploads\/2023\/09\/Astera-zipbag-SARMs-MK2866.png","datePublished":"2023-09-07T12:27:51+00:00","dateModified":"2026-01-15T12:53:19+00:00","breadcrumb":{"@id":"https:\/\/asteralabs.org\/pl\/product\/mk2866-50-tabs\/#breadcrumb"},"inLanguage":"pl-PL","potentialAction":[{"@type":"ReadAction","target":["https:\/\/asteralabs.org\/pl\/product\/mk2866-50-tabs\/"]}]},{"@type":"ImageObject","inLanguage":"pl-PL","@id":"https:\/\/asteralabs.org\/pl\/product\/mk2866-50-tabs\/#primaryimage","url":"https:\/\/asteralabs.org\/wp-content\/uploads\/2023\/09\/Astera-zipbag-SARMs-MK2866.png","contentUrl":"https:\/\/asteralabs.org\/wp-content\/uploads\/2023\/09\/Astera-zipbag-SARMs-MK2866.png","width":2000,"height":2000},{"@type":"BreadcrumbList","@id":"https:\/\/asteralabs.org\/pl\/product\/mk2866-50-tabs\/#breadcrumb","itemListElement":[{"@type":"ListItem","position":1,"name":"Home","item":"https:\/\/asteralabs.org\/pl\/"},{"@type":"ListItem","position":2,"name":"Sklep","item":"https:\/\/asteralabs.org\/sklep\/"},{"@type":"ListItem","position":3,"name":"MK2866 50 tabs"}]},{"@type":"WebSite","@id":"https:\/\/asteralabs.org\/pl\/#website","url":"https:\/\/asteralabs.org\/pl\/","name":"Astera Labs","description":"Improve Your Quality Of Life","publisher":{"@id":"https:\/\/asteralabs.org\/pl\/#organization"},"potentialAction":[{"@type":"SearchAction","target":{"@type":"EntryPoint","urlTemplate":"https:\/\/asteralabs.org\/pl\/?s={search_term_string}"},"query-input":"required name=search_term_string"}],"inLanguage":"pl-PL"},{"@type":"Organization","@id":"https:\/\/asteralabs.org\/pl\/#organization","name":"Astera Labs","url":"https:\/\/asteralabs.org\/pl\/","logo":{"@type":"ImageObject","inLanguage":"pl-PL","@id":"https:\/\/asteralabs.org\/pl\/#\/schema\/logo\/image\/","url":"https:\/\/asteralabs.org\/wp-content\/uploads\/2022\/12\/astera-2.png","contentUrl":"https:\/\/asteralabs.org\/wp-content\/uploads\/2022\/12\/astera-2.png","width":437,"height":111,"caption":"Astera Labs"},"image":{"@id":"https:\/\/asteralabs.org\/pl\/#\/schema\/logo\/image\/"}}]}},"_links":{"self":[{"href":"https:\/\/asteralabs.org\/pl\/wp-json\/wp\/v2\/product\/78086"}],"collection":[{"href":"https:\/\/asteralabs.org\/pl\/wp-json\/wp\/v2\/product"}],"about":[{"href":"https:\/\/asteralabs.org\/pl\/wp-json\/wp\/v2\/types\/product"}],"replies":[{"embeddable":true,"href":"https:\/\/asteralabs.org\/pl\/wp-json\/wp\/v2\/comments?post=78086"}],"version-history":[{"count":2,"href":"https:\/\/asteralabs.org\/pl\/wp-json\/wp\/v2\/product\/78086\/revisions"}],"predecessor-version":[{"id":79784,"href":"https:\/\/asteralabs.org\/pl\/wp-json\/wp\/v2\/product\/78086\/revisions\/79784"}],"wp:featuredmedia":[{"embeddable":true,"href":"https:\/\/asteralabs.org\/pl\/wp-json\/wp\/v2\/media\/76444"}],"wp:attachment":[{"href":"https:\/\/asteralabs.org\/pl\/wp-json\/wp\/v2\/media?parent=78086"}],"wp:term":[{"taxonomy":"product_cat","embeddable":true,"href":"https:\/\/asteralabs.org\/pl\/wp-json\/wp\/v2\/product_cat?post=78086"},{"taxonomy":"product_tag","embeddable":true,"href":"https:\/\/asteralabs.org\/pl\/wp-json\/wp\/v2\/product_tag?post=78086"}],"curies":[{"name":"wp","href":"https:\/\/api.w.org\/{rel}","templated":true}]}}