{"id":78092,"date":"2023-09-07T12:20:03","date_gmt":"2023-09-07T12:20:03","guid":{"rendered":"https:\/\/asteralabs.org\/product\/lgd4033-50-tabs\/"},"modified":"2026-01-15T13:01:25","modified_gmt":"2026-01-15T13:01:25","slug":"lgd4033-50-tabs","status":"publish","type":"product","link":"https:\/\/asteralabs.org\/pl\/product\/lgd4033-50-tabs\/","title":{"rendered":"LGD4033 50 tabs"},"content":{"rendered":"<p><strong>DAWKOWANIE<\/strong>: LGD4033 Ligandrol 10 mg na tabletk\u0119<\/p>\n<p><strong>ZAWARTO\u015a\u0106 OPAKOWANIA:<\/strong><\/p>\n<p>1 saszetka zawieraj\u0105ca 50 tabletek, ka\u017cda po 10 mg<\/p>\n<p><strong>CO TO JEST:<\/strong><\/p>\n<p>Ligandrol, znany r\u00f3wnie\u017c jako LGD4033, to selektywny modulator receptora androgenowego (SARM) znany ze swojego potencja\u0142u do promowania szybkiego przyrostu masy mi\u0119\u015bniowej. Uznany za najlepszy wyb\u00f3r do \u0142\u0105czenia zar\u00f3wno w\u015br\u00f3d kulturyst\u00f3w p\u0142ci m\u0119skiej, jak i \u017ce\u0144skiej, Ligandrol wspiera zwi\u0119kszon\u0105 aktywno\u015b\u0107 anaboliczn\u0105, zwi\u0119kszon\u0105 si\u0142\u0119 i znaczny wzrost mi\u0119\u015bni.<\/p>\n<p><strong>SPOS\u00d3B U\u017bYCIA:<\/strong><\/p>\n<p>Dawka dla pocz\u0105tkuj\u0105cych wynosi\u0142aby oko\u0142o 10 mg dziennie, dla \u015bredniozaawansowanych 20 mg dziennie, a dla zaawansowanych u\u017cytkownik\u00f3w 30-40 mg dziennie. Mo\u017cna go przyjmowa\u0107 raz dziennie, najlepiej rano z jedzeniem. <strong><br \/>\nINFORMACJE O PARTII:<br \/>\n<\/strong>Nr partii: <span data-sheets-root=\"1\">XN25652<\/span><br \/>\nData produkcji: <span data-sheets-root=\"1\" data-sheets-value=\"{&quot;1&quot;:2,&quot;2&quot;:&quot;03.2023.&quot;}\" data-sheets-userformat=\"{&quot;2&quot;:577,&quot;3&quot;:{&quot;1&quot;:0},&quot;9&quot;:0,&quot;12&quot;:0}\">10.2025.<\/span><br \/>\nData wa\u017cno\u015bci: 10<span data-sheets-root=\"1\" data-sheets-value=\"{&quot;1&quot;:2,&quot;2&quot;:&quot;03.2026.&quot;}\" data-sheets-userformat=\"{&quot;2&quot;:637,&quot;3&quot;:{&quot;1&quot;:0},&quot;5&quot;:{&quot;1&quot;:[{&quot;1&quot;:2,&quot;2&quot;:0,&quot;5&quot;:{&quot;1&quot;:2,&quot;2&quot;:0}},{&quot;1&quot;:0,&quot;2&quot;:0,&quot;3&quot;:3},{&quot;1&quot;:1,&quot;2&quot;:0,&quot;4&quot;:1}]},&quot;6&quot;:{&quot;1&quot;:[{&quot;1&quot;:2,&quot;2&quot;:0,&quot;5&quot;:{&quot;1&quot;:2,&quot;2&quot;:0}},{&quot;1&quot;:0,&quot;2&quot;:0,&quot;3&quot;:3},{&quot;1&quot;:1,&quot;2&quot;:0,&quot;4&quot;:1}]},&quot;7&quot;:{&quot;1&quot;:[{&quot;1&quot;:2,&quot;2&quot;:0,&quot;5&quot;:{&quot;1&quot;:2,&quot;2&quot;:0}},{&quot;1&quot;:0,&quot;2&quot;:0,&quot;3&quot;:3},{&quot;1&quot;:1,&quot;2&quot;:0,&quot;4&quot;:1}]},&quot;8&quot;:{&quot;1&quot;:[{&quot;1&quot;:2,&quot;2&quot;:0,&quot;5&quot;:{&quot;1&quot;:2,&quot;2&quot;:0}},{&quot;1&quot;:0,&quot;2&quot;:0,&quot;3&quot;:3},{&quot;1&quot;:1,&quot;2&quot;:0,&quot;4&quot;:1}]},&quot;9&quot;:0,&quot;12&quot;:0}\">.2028.<\/span><\/p>\n","protected":false},"excerpt":{"rendered":"<p>DAWKOWANIE: LGD4033 Ligandrol 10 mg na tabletk\u0119 ZAWARTO\u015a\u0106 OPAKOWANIA: 1 saszetka zawieraj\u0105ca 50 tabletek, ka\u017cda po 10 mg CO TO JEST: Ligandrol, znany r\u00f3wnie\u017c jako LGD4033, to selektywny modulator receptora androgenowego (SARM) znany ze swojego potencja\u0142u do promowania szybkiego przyrostu masy mi\u0119\u015bniowej. Uznany za najlepszy wyb\u00f3r do \u0142\u0105czenia zar\u00f3wno w\u015br\u00f3d kulturyst\u00f3w p\u0142ci m\u0119skiej, jak i&hellip;<\/p>\n","protected":false},"featured_media":76428,"comment_status":"closed","ping_status":"closed","template":"","meta":[],"product_cat":[167,202],"product_tag":[],"yoast_head":"<!-- This site is optimized with the Yoast SEO plugin v23.0 - https:\/\/yoast.com\/wordpress\/plugins\/seo\/ -->\n<title>LGD4033 50 tabs - Astera Labs<\/title>\n<meta name=\"robots\" content=\"index, follow, max-snippet:-1, max-image-preview:large, max-video-preview:-1\" \/>\n<link rel=\"canonical\" href=\"https:\/\/asteralabs.org\/pl\/product\/lgd4033-50-tabs\/\" \/>\n<meta property=\"og:locale\" content=\"pl_PL\" \/>\n<meta property=\"og:type\" content=\"article\" \/>\n<meta property=\"og:title\" content=\"LGD4033 50 tabs - Astera Labs\" \/>\n<meta property=\"og:description\" content=\"DAWKOWANIE: LGD4033 Ligandrol 10 mg na tabletk\u0119 ZAWARTO\u015a\u0106 OPAKOWANIA: 1 saszetka zawieraj\u0105ca 50 tabletek, ka\u017cda po 10 mg CO TO JEST: Ligandrol, znany r\u00f3wnie\u017c jako LGD4033, to selektywny modulator receptora androgenowego (SARM) znany ze swojego potencja\u0142u do promowania szybkiego przyrostu masy mi\u0119\u015bniowej. Uznany za najlepszy wyb\u00f3r do \u0142\u0105czenia zar\u00f3wno w\u015br\u00f3d kulturyst\u00f3w p\u0142ci m\u0119skiej, jak i&hellip;\" \/>\n<meta property=\"og:url\" content=\"https:\/\/asteralabs.org\/pl\/product\/lgd4033-50-tabs\/\" \/>\n<meta property=\"og:site_name\" content=\"Astera Labs\" \/>\n<meta property=\"article:modified_time\" content=\"2026-01-15T13:01:25+00:00\" \/>\n<meta property=\"og:image\" content=\"https:\/\/asteralabs.org\/wp-content\/uploads\/2023\/09\/Astera-zipbag-SARMs-LGD4033.png\" \/>\n\t<meta property=\"og:image:width\" content=\"2000\" \/>\n\t<meta property=\"og:image:height\" content=\"2000\" \/>\n\t<meta property=\"og:image:type\" content=\"image\/png\" \/>\n<meta name=\"twitter:card\" content=\"summary_large_image\" \/>\n<script type=\"application\/ld+json\" class=\"yoast-schema-graph\">{\"@context\":\"https:\/\/schema.org\",\"@graph\":[{\"@type\":\"WebPage\",\"@id\":\"https:\/\/asteralabs.org\/pl\/product\/lgd4033-50-tabs\/\",\"url\":\"https:\/\/asteralabs.org\/pl\/product\/lgd4033-50-tabs\/\",\"name\":\"LGD4033 50 tabs - Astera Labs\",\"isPartOf\":{\"@id\":\"https:\/\/asteralabs.org\/pl\/#website\"},\"primaryImageOfPage\":{\"@id\":\"https:\/\/asteralabs.org\/pl\/product\/lgd4033-50-tabs\/#primaryimage\"},\"image\":{\"@id\":\"https:\/\/asteralabs.org\/pl\/product\/lgd4033-50-tabs\/#primaryimage\"},\"thumbnailUrl\":\"https:\/\/asteralabs.org\/wp-content\/uploads\/2023\/09\/Astera-zipbag-SARMs-LGD4033.png\",\"datePublished\":\"2023-09-07T12:20:03+00:00\",\"dateModified\":\"2026-01-15T13:01:25+00:00\",\"breadcrumb\":{\"@id\":\"https:\/\/asteralabs.org\/pl\/product\/lgd4033-50-tabs\/#breadcrumb\"},\"inLanguage\":\"pl-PL\",\"potentialAction\":[{\"@type\":\"ReadAction\",\"target\":[\"https:\/\/asteralabs.org\/pl\/product\/lgd4033-50-tabs\/\"]}]},{\"@type\":\"ImageObject\",\"inLanguage\":\"pl-PL\",\"@id\":\"https:\/\/asteralabs.org\/pl\/product\/lgd4033-50-tabs\/#primaryimage\",\"url\":\"https:\/\/asteralabs.org\/wp-content\/uploads\/2023\/09\/Astera-zipbag-SARMs-LGD4033.png\",\"contentUrl\":\"https:\/\/asteralabs.org\/wp-content\/uploads\/2023\/09\/Astera-zipbag-SARMs-LGD4033.png\",\"width\":2000,\"height\":2000},{\"@type\":\"BreadcrumbList\",\"@id\":\"https:\/\/asteralabs.org\/pl\/product\/lgd4033-50-tabs\/#breadcrumb\",\"itemListElement\":[{\"@type\":\"ListItem\",\"position\":1,\"name\":\"Home\",\"item\":\"https:\/\/asteralabs.org\/pl\/\"},{\"@type\":\"ListItem\",\"position\":2,\"name\":\"Sklep\",\"item\":\"https:\/\/asteralabs.org\/sklep\/\"},{\"@type\":\"ListItem\",\"position\":3,\"name\":\"LGD4033 50 tabs\"}]},{\"@type\":\"WebSite\",\"@id\":\"https:\/\/asteralabs.org\/pl\/#website\",\"url\":\"https:\/\/asteralabs.org\/pl\/\",\"name\":\"Astera Labs\",\"description\":\"Improve Your Quality Of Life\",\"publisher\":{\"@id\":\"https:\/\/asteralabs.org\/pl\/#organization\"},\"potentialAction\":[{\"@type\":\"SearchAction\",\"target\":{\"@type\":\"EntryPoint\",\"urlTemplate\":\"https:\/\/asteralabs.org\/pl\/?s={search_term_string}\"},\"query-input\":\"required name=search_term_string\"}],\"inLanguage\":\"pl-PL\"},{\"@type\":\"Organization\",\"@id\":\"https:\/\/asteralabs.org\/pl\/#organization\",\"name\":\"Astera Labs\",\"url\":\"https:\/\/asteralabs.org\/pl\/\",\"logo\":{\"@type\":\"ImageObject\",\"inLanguage\":\"pl-PL\",\"@id\":\"https:\/\/asteralabs.org\/pl\/#\/schema\/logo\/image\/\",\"url\":\"https:\/\/asteralabs.org\/wp-content\/uploads\/2022\/12\/astera-2.png\",\"contentUrl\":\"https:\/\/asteralabs.org\/wp-content\/uploads\/2022\/12\/astera-2.png\",\"width\":437,\"height\":111,\"caption\":\"Astera Labs\"},\"image\":{\"@id\":\"https:\/\/asteralabs.org\/pl\/#\/schema\/logo\/image\/\"}}]}<\/script>\n<!-- \/ Yoast SEO plugin. -->","yoast_head_json":{"title":"LGD4033 50 tabs - Astera Labs","robots":{"index":"index","follow":"follow","max-snippet":"max-snippet:-1","max-image-preview":"max-image-preview:large","max-video-preview":"max-video-preview:-1"},"canonical":"https:\/\/asteralabs.org\/pl\/product\/lgd4033-50-tabs\/","og_locale":"pl_PL","og_type":"article","og_title":"LGD4033 50 tabs - Astera Labs","og_description":"DAWKOWANIE: LGD4033 Ligandrol 10 mg na tabletk\u0119 ZAWARTO\u015a\u0106 OPAKOWANIA: 1 saszetka zawieraj\u0105ca 50 tabletek, ka\u017cda po 10 mg CO TO JEST: Ligandrol, znany r\u00f3wnie\u017c jako LGD4033, to selektywny modulator receptora androgenowego (SARM) znany ze swojego potencja\u0142u do promowania szybkiego przyrostu masy mi\u0119\u015bniowej. Uznany za najlepszy wyb\u00f3r do \u0142\u0105czenia zar\u00f3wno w\u015br\u00f3d kulturyst\u00f3w p\u0142ci m\u0119skiej, jak i&hellip;","og_url":"https:\/\/asteralabs.org\/pl\/product\/lgd4033-50-tabs\/","og_site_name":"Astera Labs","article_modified_time":"2026-01-15T13:01:25+00:00","og_image":[{"width":2000,"height":2000,"url":"https:\/\/asteralabs.org\/wp-content\/uploads\/2023\/09\/Astera-zipbag-SARMs-LGD4033.png","type":"image\/png"}],"twitter_card":"summary_large_image","schema":{"@context":"https:\/\/schema.org","@graph":[{"@type":"WebPage","@id":"https:\/\/asteralabs.org\/pl\/product\/lgd4033-50-tabs\/","url":"https:\/\/asteralabs.org\/pl\/product\/lgd4033-50-tabs\/","name":"LGD4033 50 tabs - Astera Labs","isPartOf":{"@id":"https:\/\/asteralabs.org\/pl\/#website"},"primaryImageOfPage":{"@id":"https:\/\/asteralabs.org\/pl\/product\/lgd4033-50-tabs\/#primaryimage"},"image":{"@id":"https:\/\/asteralabs.org\/pl\/product\/lgd4033-50-tabs\/#primaryimage"},"thumbnailUrl":"https:\/\/asteralabs.org\/wp-content\/uploads\/2023\/09\/Astera-zipbag-SARMs-LGD4033.png","datePublished":"2023-09-07T12:20:03+00:00","dateModified":"2026-01-15T13:01:25+00:00","breadcrumb":{"@id":"https:\/\/asteralabs.org\/pl\/product\/lgd4033-50-tabs\/#breadcrumb"},"inLanguage":"pl-PL","potentialAction":[{"@type":"ReadAction","target":["https:\/\/asteralabs.org\/pl\/product\/lgd4033-50-tabs\/"]}]},{"@type":"ImageObject","inLanguage":"pl-PL","@id":"https:\/\/asteralabs.org\/pl\/product\/lgd4033-50-tabs\/#primaryimage","url":"https:\/\/asteralabs.org\/wp-content\/uploads\/2023\/09\/Astera-zipbag-SARMs-LGD4033.png","contentUrl":"https:\/\/asteralabs.org\/wp-content\/uploads\/2023\/09\/Astera-zipbag-SARMs-LGD4033.png","width":2000,"height":2000},{"@type":"BreadcrumbList","@id":"https:\/\/asteralabs.org\/pl\/product\/lgd4033-50-tabs\/#breadcrumb","itemListElement":[{"@type":"ListItem","position":1,"name":"Home","item":"https:\/\/asteralabs.org\/pl\/"},{"@type":"ListItem","position":2,"name":"Sklep","item":"https:\/\/asteralabs.org\/sklep\/"},{"@type":"ListItem","position":3,"name":"LGD4033 50 tabs"}]},{"@type":"WebSite","@id":"https:\/\/asteralabs.org\/pl\/#website","url":"https:\/\/asteralabs.org\/pl\/","name":"Astera Labs","description":"Improve Your Quality Of Life","publisher":{"@id":"https:\/\/asteralabs.org\/pl\/#organization"},"potentialAction":[{"@type":"SearchAction","target":{"@type":"EntryPoint","urlTemplate":"https:\/\/asteralabs.org\/pl\/?s={search_term_string}"},"query-input":"required name=search_term_string"}],"inLanguage":"pl-PL"},{"@type":"Organization","@id":"https:\/\/asteralabs.org\/pl\/#organization","name":"Astera Labs","url":"https:\/\/asteralabs.org\/pl\/","logo":{"@type":"ImageObject","inLanguage":"pl-PL","@id":"https:\/\/asteralabs.org\/pl\/#\/schema\/logo\/image\/","url":"https:\/\/asteralabs.org\/wp-content\/uploads\/2022\/12\/astera-2.png","contentUrl":"https:\/\/asteralabs.org\/wp-content\/uploads\/2022\/12\/astera-2.png","width":437,"height":111,"caption":"Astera Labs"},"image":{"@id":"https:\/\/asteralabs.org\/pl\/#\/schema\/logo\/image\/"}}]}},"_links":{"self":[{"href":"https:\/\/asteralabs.org\/pl\/wp-json\/wp\/v2\/product\/78092"}],"collection":[{"href":"https:\/\/asteralabs.org\/pl\/wp-json\/wp\/v2\/product"}],"about":[{"href":"https:\/\/asteralabs.org\/pl\/wp-json\/wp\/v2\/types\/product"}],"replies":[{"embeddable":true,"href":"https:\/\/asteralabs.org\/pl\/wp-json\/wp\/v2\/comments?post=78092"}],"version-history":[{"count":2,"href":"https:\/\/asteralabs.org\/pl\/wp-json\/wp\/v2\/product\/78092\/revisions"}],"predecessor-version":[{"id":79816,"href":"https:\/\/asteralabs.org\/pl\/wp-json\/wp\/v2\/product\/78092\/revisions\/79816"}],"wp:featuredmedia":[{"embeddable":true,"href":"https:\/\/asteralabs.org\/pl\/wp-json\/wp\/v2\/media\/76428"}],"wp:attachment":[{"href":"https:\/\/asteralabs.org\/pl\/wp-json\/wp\/v2\/media?parent=78092"}],"wp:term":[{"taxonomy":"product_cat","embeddable":true,"href":"https:\/\/asteralabs.org\/pl\/wp-json\/wp\/v2\/product_cat?post=78092"},{"taxonomy":"product_tag","embeddable":true,"href":"https:\/\/asteralabs.org\/pl\/wp-json\/wp\/v2\/product_tag?post=78092"}],"curies":[{"name":"wp","href":"https:\/\/api.w.org\/{rel}","templated":true}]}}