{"id":78129,"date":"2023-01-10T23:02:18","date_gmt":"2023-01-10T23:02:18","guid":{"rendered":"https:\/\/asteralabs.org\/product\/fluoksymesteron-halotestin\/"},"modified":"2026-01-16T09:12:12","modified_gmt":"2026-01-16T09:12:12","slug":"fluoksymesteron-halotestin","status":"publish","type":"product","link":"https:\/\/asteralabs.org\/pl\/product\/fluoksymesteron-halotestin\/","title":{"rendered":"Fluoksymesteron (Halotestin)"},"content":{"rendered":"<p><strong>DAWKOWANIE: <\/strong><br \/>\nFluoxymesterone (Halotestin) 5mg\/tab <strong>ZAWARTO\u015a\u0106 OPAKOWANIA: <\/strong><br \/>\n1 satchet, 50tabs, 5 mg na tab <strong>CO TO JEST: <\/strong><br \/>\nFluoxymesteron to bardzo silny doustny steryd, kt\u00f3ry wykazuje niezwykle silne w\u0142a\u015bciwo\u015bci androgenne. Dla kulturyst\u00f3w i sportowc\u00f3w si\u0142owych fluoksymesteron oferuje kilka wyra\u017anych zalet w por\u00f3wnaniu z innymi lekami. Wi\u0105\u017ce si\u0119 to jednak z powa\u017cnymi potencjalnymi skutkami ubocznymi. <strong>SPOS\u00d3B U\u017bYCIA: <\/strong><br \/>\nDawka i czas trwania cyklu zale\u017c\u0105 od cel\u00f3w u\u017cytkownika, dawki wahaj\u0105 si\u0119 od 20-50 mg dziennie i nie zaleca si\u0119 stosowania go d\u0142u\u017cej ni\u017c 4-6 tygodni z rz\u0119du. W kulturystyce stosuje si\u0119 go w celu spalenia wi\u0119kszej ilo\u015bci t\u0142uszczu i nadania bardziej androgenicznego wygl\u0105du na zawody, w sportach kontaktowych lub si\u0142owych stosuje si\u0119 go w celu zwi\u0119kszenia si\u0142y i agresywno\u015bci. <strong>INFORMACJE O PARTII:<br \/>\n<\/strong>Nr partii: <span data-sheets-root=\"1\" data-sheets-value=\"{&quot;1&quot;:2,&quot;2&quot;:&quot;DU90212&quot;}\" data-sheets-userformat=\"{&quot;2&quot;:4224,&quot;10&quot;:2,&quot;15&quot;:&quot;Arial&quot;}\">DP05787<\/span><br \/>\nData produkcji: <span data-sheets-root=\"1\" data-sheets-value=\"{\" data-sheets-userformat=\"{\">10.2025.<\/span><br \/>\nData wa\u017cno\u015bci: <span data-sheets-root=\"1\" data-sheets-value=\"{\" data-sheets-userformat=\"{\">10.2028.<\/span><\/p>\n","protected":false},"excerpt":{"rendered":"<p>DAWKOWANIE: Fluoxymesterone (Halotestin) 5mg\/tab ZAWARTO\u015a\u0106 OPAKOWANIA: 1 satchet, 50tabs, 5 mg na tab CO TO JEST: Fluoxymesteron to bardzo silny doustny steryd, kt\u00f3ry wykazuje niezwykle silne w\u0142a\u015bciwo\u015bci androgenne. Dla kulturyst\u00f3w i sportowc\u00f3w si\u0142owych fluoksymesteron oferuje kilka wyra\u017anych zalet w por\u00f3wnaniu z innymi lekami. Wi\u0105\u017ce si\u0119 to jednak z powa\u017cnymi potencjalnymi skutkami ubocznymi. SPOS\u00d3B U\u017bYCIA: Dawka&hellip;<\/p>\n","protected":false},"featured_media":76060,"comment_status":"open","ping_status":"closed","template":"","meta":{"_acf_changed":false},"product_brand":[],"product_cat":[167,180],"product_tag":[],"class_list":{"0":"post-78129","1":"product","2":"type-product","3":"status-publish","4":"has-post-thumbnail","6":"product_cat-all-pl","7":"product_cat-orals-pl","8":"description-off","10":"first","11":"instock","12":"shipping-taxable","13":"product-type-simple"},"acf":[],"yoast_head":"<!-- This site is optimized with the Yoast SEO plugin v27.4 - https:\/\/yoast.com\/product\/yoast-seo-wordpress\/ -->\n<title>Fluoksymesteron (Halotestin) - Astera Labs<\/title>\n<meta name=\"robots\" content=\"index, follow, max-snippet:-1, max-image-preview:large, max-video-preview:-1\" \/>\n<link rel=\"canonical\" href=\"https:\/\/asteralabs.org\/pl\/product\/fluoksymesteron-halotestin\/\" \/>\n<meta property=\"og:locale\" content=\"pl_PL\" \/>\n<meta property=\"og:type\" content=\"article\" \/>\n<meta property=\"og:title\" content=\"Fluoksymesteron (Halotestin) - Astera Labs\" \/>\n<meta property=\"og:description\" content=\"DAWKOWANIE: Fluoxymesterone (Halotestin) 5mg\/tab ZAWARTO\u015a\u0106 OPAKOWANIA: 1 satchet, 50tabs, 5 mg na tab CO TO JEST: Fluoxymesteron to bardzo silny doustny steryd, kt\u00f3ry wykazuje niezwykle silne w\u0142a\u015bciwo\u015bci androgenne. Dla kulturyst\u00f3w i sportowc\u00f3w si\u0142owych fluoksymesteron oferuje kilka wyra\u017anych zalet w por\u00f3wnaniu z innymi lekami. Wi\u0105\u017ce si\u0119 to jednak z powa\u017cnymi potencjalnymi skutkami ubocznymi. SPOS\u00d3B U\u017bYCIA: Dawka&hellip;\" \/>\n<meta property=\"og:url\" content=\"https:\/\/asteralabs.org\/pl\/product\/fluoksymesteron-halotestin\/\" \/>\n<meta property=\"og:site_name\" content=\"Astera Labs\" \/>\n<meta property=\"article:modified_time\" content=\"2026-01-16T09:12:12+00:00\" \/>\n<meta property=\"og:image\" content=\"https:\/\/asteralabs.org\/wp-content\/uploads\/2023\/01\/Halotestin-mockup-nbg.png\" \/>\n\t<meta property=\"og:image:width\" content=\"2000\" \/>\n\t<meta property=\"og:image:height\" content=\"2000\" \/>\n\t<meta property=\"og:image:type\" content=\"image\/png\" \/>\n<meta name=\"twitter:card\" content=\"summary_large_image\" \/>\n<script type=\"application\/ld+json\" class=\"yoast-schema-graph\">{\"@context\":\"https:\\\/\\\/schema.org\",\"@graph\":[{\"@type\":\"WebPage\",\"@id\":\"https:\\\/\\\/asteralabs.org\\\/pl\\\/product\\\/fluoksymesteron-halotestin\\\/\",\"url\":\"https:\\\/\\\/asteralabs.org\\\/pl\\\/product\\\/fluoksymesteron-halotestin\\\/\",\"name\":\"Fluoksymesteron (Halotestin) - Astera Labs\",\"isPartOf\":{\"@id\":\"https:\\\/\\\/asteralabs.org\\\/pl\\\/#website\"},\"primaryImageOfPage\":{\"@id\":\"https:\\\/\\\/asteralabs.org\\\/pl\\\/product\\\/fluoksymesteron-halotestin\\\/#primaryimage\"},\"image\":{\"@id\":\"https:\\\/\\\/asteralabs.org\\\/pl\\\/product\\\/fluoksymesteron-halotestin\\\/#primaryimage\"},\"thumbnailUrl\":\"https:\\\/\\\/asteralabs.org\\\/wp-content\\\/uploads\\\/2023\\\/01\\\/Halotestin-mockup-nbg.png\",\"datePublished\":\"2023-01-10T23:02:18+00:00\",\"dateModified\":\"2026-01-16T09:12:12+00:00\",\"breadcrumb\":{\"@id\":\"https:\\\/\\\/asteralabs.org\\\/pl\\\/product\\\/fluoksymesteron-halotestin\\\/#breadcrumb\"},\"inLanguage\":\"pl-PL\",\"potentialAction\":[{\"@type\":\"ReadAction\",\"target\":[\"https:\\\/\\\/asteralabs.org\\\/pl\\\/product\\\/fluoksymesteron-halotestin\\\/\"]}]},{\"@type\":\"ImageObject\",\"inLanguage\":\"pl-PL\",\"@id\":\"https:\\\/\\\/asteralabs.org\\\/pl\\\/product\\\/fluoksymesteron-halotestin\\\/#primaryimage\",\"url\":\"https:\\\/\\\/asteralabs.org\\\/wp-content\\\/uploads\\\/2023\\\/01\\\/Halotestin-mockup-nbg.png\",\"contentUrl\":\"https:\\\/\\\/asteralabs.org\\\/wp-content\\\/uploads\\\/2023\\\/01\\\/Halotestin-mockup-nbg.png\",\"width\":2000,\"height\":2000},{\"@type\":\"BreadcrumbList\",\"@id\":\"https:\\\/\\\/asteralabs.org\\\/pl\\\/product\\\/fluoksymesteron-halotestin\\\/#breadcrumb\",\"itemListElement\":[{\"@type\":\"ListItem\",\"position\":1,\"name\":\"Home\",\"item\":\"https:\\\/\\\/asteralabs.org\\\/pl\\\/\"},{\"@type\":\"ListItem\",\"position\":2,\"name\":\"Shop\",\"item\":\"https:\\\/\\\/asteralabs.org\\\/shop\\\/\"},{\"@type\":\"ListItem\",\"position\":3,\"name\":\"Fluoksymesteron (Halotestin)\"}]},{\"@type\":\"WebSite\",\"@id\":\"https:\\\/\\\/asteralabs.org\\\/pl\\\/#website\",\"url\":\"https:\\\/\\\/asteralabs.org\\\/pl\\\/\",\"name\":\"Astera Labs\",\"description\":\"Improve Your Quality Of Life\",\"publisher\":{\"@id\":\"https:\\\/\\\/asteralabs.org\\\/pl\\\/#organization\"},\"potentialAction\":[{\"@type\":\"SearchAction\",\"target\":{\"@type\":\"EntryPoint\",\"urlTemplate\":\"https:\\\/\\\/asteralabs.org\\\/pl\\\/?s={search_term_string}\"},\"query-input\":{\"@type\":\"PropertyValueSpecification\",\"valueRequired\":true,\"valueName\":\"search_term_string\"}}],\"inLanguage\":\"pl-PL\"},{\"@type\":\"Organization\",\"@id\":\"https:\\\/\\\/asteralabs.org\\\/pl\\\/#organization\",\"name\":\"Astera Labs\",\"url\":\"https:\\\/\\\/asteralabs.org\\\/pl\\\/\",\"logo\":{\"@type\":\"ImageObject\",\"inLanguage\":\"pl-PL\",\"@id\":\"https:\\\/\\\/asteralabs.org\\\/pl\\\/#\\\/schema\\\/logo\\\/image\\\/\",\"url\":\"https:\\\/\\\/asteralabs.org\\\/wp-content\\\/uploads\\\/2022\\\/12\\\/astera-2.png\",\"contentUrl\":\"https:\\\/\\\/asteralabs.org\\\/wp-content\\\/uploads\\\/2022\\\/12\\\/astera-2.png\",\"width\":437,\"height\":111,\"caption\":\"Astera Labs\"},\"image\":{\"@id\":\"https:\\\/\\\/asteralabs.org\\\/pl\\\/#\\\/schema\\\/logo\\\/image\\\/\"}}]}<\/script>\n<!-- \/ Yoast SEO plugin. -->","yoast_head_json":{"title":"Fluoksymesteron (Halotestin) - Astera Labs","robots":{"index":"index","follow":"follow","max-snippet":"max-snippet:-1","max-image-preview":"max-image-preview:large","max-video-preview":"max-video-preview:-1"},"canonical":"https:\/\/asteralabs.org\/pl\/product\/fluoksymesteron-halotestin\/","og_locale":"pl_PL","og_type":"article","og_title":"Fluoksymesteron (Halotestin) - Astera Labs","og_description":"DAWKOWANIE: Fluoxymesterone (Halotestin) 5mg\/tab ZAWARTO\u015a\u0106 OPAKOWANIA: 1 satchet, 50tabs, 5 mg na tab CO TO JEST: Fluoxymesteron to bardzo silny doustny steryd, kt\u00f3ry wykazuje niezwykle silne w\u0142a\u015bciwo\u015bci androgenne. Dla kulturyst\u00f3w i sportowc\u00f3w si\u0142owych fluoksymesteron oferuje kilka wyra\u017anych zalet w por\u00f3wnaniu z innymi lekami. Wi\u0105\u017ce si\u0119 to jednak z powa\u017cnymi potencjalnymi skutkami ubocznymi. SPOS\u00d3B U\u017bYCIA: Dawka&hellip;","og_url":"https:\/\/asteralabs.org\/pl\/product\/fluoksymesteron-halotestin\/","og_site_name":"Astera Labs","article_modified_time":"2026-01-16T09:12:12+00:00","og_image":[{"width":2000,"height":2000,"url":"https:\/\/asteralabs.org\/wp-content\/uploads\/2023\/01\/Halotestin-mockup-nbg.png","type":"image\/png"}],"twitter_card":"summary_large_image","schema":{"@context":"https:\/\/schema.org","@graph":[{"@type":"WebPage","@id":"https:\/\/asteralabs.org\/pl\/product\/fluoksymesteron-halotestin\/","url":"https:\/\/asteralabs.org\/pl\/product\/fluoksymesteron-halotestin\/","name":"Fluoksymesteron (Halotestin) - Astera Labs","isPartOf":{"@id":"https:\/\/asteralabs.org\/pl\/#website"},"primaryImageOfPage":{"@id":"https:\/\/asteralabs.org\/pl\/product\/fluoksymesteron-halotestin\/#primaryimage"},"image":{"@id":"https:\/\/asteralabs.org\/pl\/product\/fluoksymesteron-halotestin\/#primaryimage"},"thumbnailUrl":"https:\/\/asteralabs.org\/wp-content\/uploads\/2023\/01\/Halotestin-mockup-nbg.png","datePublished":"2023-01-10T23:02:18+00:00","dateModified":"2026-01-16T09:12:12+00:00","breadcrumb":{"@id":"https:\/\/asteralabs.org\/pl\/product\/fluoksymesteron-halotestin\/#breadcrumb"},"inLanguage":"pl-PL","potentialAction":[{"@type":"ReadAction","target":["https:\/\/asteralabs.org\/pl\/product\/fluoksymesteron-halotestin\/"]}]},{"@type":"ImageObject","inLanguage":"pl-PL","@id":"https:\/\/asteralabs.org\/pl\/product\/fluoksymesteron-halotestin\/#primaryimage","url":"https:\/\/asteralabs.org\/wp-content\/uploads\/2023\/01\/Halotestin-mockup-nbg.png","contentUrl":"https:\/\/asteralabs.org\/wp-content\/uploads\/2023\/01\/Halotestin-mockup-nbg.png","width":2000,"height":2000},{"@type":"BreadcrumbList","@id":"https:\/\/asteralabs.org\/pl\/product\/fluoksymesteron-halotestin\/#breadcrumb","itemListElement":[{"@type":"ListItem","position":1,"name":"Home","item":"https:\/\/asteralabs.org\/pl\/"},{"@type":"ListItem","position":2,"name":"Shop","item":"https:\/\/asteralabs.org\/shop\/"},{"@type":"ListItem","position":3,"name":"Fluoksymesteron (Halotestin)"}]},{"@type":"WebSite","@id":"https:\/\/asteralabs.org\/pl\/#website","url":"https:\/\/asteralabs.org\/pl\/","name":"Astera Labs","description":"Improve Your Quality Of Life","publisher":{"@id":"https:\/\/asteralabs.org\/pl\/#organization"},"potentialAction":[{"@type":"SearchAction","target":{"@type":"EntryPoint","urlTemplate":"https:\/\/asteralabs.org\/pl\/?s={search_term_string}"},"query-input":{"@type":"PropertyValueSpecification","valueRequired":true,"valueName":"search_term_string"}}],"inLanguage":"pl-PL"},{"@type":"Organization","@id":"https:\/\/asteralabs.org\/pl\/#organization","name":"Astera Labs","url":"https:\/\/asteralabs.org\/pl\/","logo":{"@type":"ImageObject","inLanguage":"pl-PL","@id":"https:\/\/asteralabs.org\/pl\/#\/schema\/logo\/image\/","url":"https:\/\/asteralabs.org\/wp-content\/uploads\/2022\/12\/astera-2.png","contentUrl":"https:\/\/asteralabs.org\/wp-content\/uploads\/2022\/12\/astera-2.png","width":437,"height":111,"caption":"Astera Labs"},"image":{"@id":"https:\/\/asteralabs.org\/pl\/#\/schema\/logo\/image\/"}}]}},"_links":{"self":[{"href":"https:\/\/asteralabs.org\/pl\/wp-json\/wp\/v2\/product\/78129","targetHints":{"allow":["GET"]}}],"collection":[{"href":"https:\/\/asteralabs.org\/pl\/wp-json\/wp\/v2\/product"}],"about":[{"href":"https:\/\/asteralabs.org\/pl\/wp-json\/wp\/v2\/types\/product"}],"replies":[{"embeddable":true,"href":"https:\/\/asteralabs.org\/pl\/wp-json\/wp\/v2\/comments?post=78129"}],"version-history":[{"count":0,"href":"https:\/\/asteralabs.org\/pl\/wp-json\/wp\/v2\/product\/78129\/revisions"}],"wp:featuredmedia":[{"embeddable":true,"href":"https:\/\/asteralabs.org\/pl\/wp-json\/wp\/v2\/media\/76060"}],"wp:attachment":[{"href":"https:\/\/asteralabs.org\/pl\/wp-json\/wp\/v2\/media?parent=78129"}],"wp:term":[{"taxonomy":"product_brand","embeddable":true,"href":"https:\/\/asteralabs.org\/pl\/wp-json\/wp\/v2\/product_brand?post=78129"},{"taxonomy":"product_cat","embeddable":true,"href":"https:\/\/asteralabs.org\/pl\/wp-json\/wp\/v2\/product_cat?post=78129"},{"taxonomy":"product_tag","embeddable":true,"href":"https:\/\/asteralabs.org\/pl\/wp-json\/wp\/v2\/product_tag?post=78129"}],"curies":[{"name":"wp","href":"https:\/\/api.w.org\/{rel}","templated":true}]}}