{"id":78152,"date":"2023-01-10T23:00:06","date_gmt":"2023-01-10T23:00:06","guid":{"rendered":"https:\/\/asteralabs.org\/product\/clenbuterol-hcl\/"},"modified":"2026-01-16T08:33:33","modified_gmt":"2026-01-16T08:33:33","slug":"clenbuterol-hcl","status":"publish","type":"product","link":"https:\/\/asteralabs.org\/pl\/product\/clenbuterol-hcl\/","title":{"rendered":"Clenbuterol HCL"},"content":{"rendered":"<p><strong>DAWKOWANIE: <\/strong><br \/>\nClenbuterol HCL 40mcg\/tab <strong>ZAWARTO\u015a\u0106 OPAKOWANIA: <\/strong><br \/>\n1 saszetka, 100 tabletek, 40mcg na tabletk\u0119 <strong>CO TO JEST: <\/strong><br \/>\nClenbuterol jest amin\u0105 sympatykomimetyczn\u0105 stosowan\u0105 przez osoby cierpi\u0105ce na zaburzenia oddychania jako \u015brodek zmniejszaj\u0105cy przekrwienie i rozszerzaj\u0105cy oskrzela. Je\u015bli chodzi o stosowanie clenbuterolu przez sportowc\u00f3w si\u0142owych i kulturyst\u00f3w, jego funkcja jako agonisty beta-2 mo\u017ce pom\u00f3c zwi\u0119kszy\u0107 lipoliz\u0119. Odbywa si\u0119 to poprzez wzrost podstawowej przemiany materii, a tak\u017ce zwi\u0119kszon\u0105 produkcj\u0119 ciep\u0142a w mitochondriach, co s\u0142u\u017cy zwi\u0119kszeniu temperatury cia\u0142a, a tym samym zwi\u0119kszeniu termogenezy. Dodatkowo wykazano, \u017ce clenbuterol jest w stanie bezpo\u015brednio stymulowa\u0107 kom\u00f3rki t\u0142uszczowe i przyspiesza\u0107 rozpad tr\u00f3jgliceryd\u00f3w, tworz\u0105c w ten spos\u00f3b wolne kwasy t\u0142uszczowe. <strong>SPOS\u00d3B U\u017bYCIA: <\/strong><br \/>\nChocia\u017c ma bardzo d\u0142ugi okres p\u00f3\u0142trwania, zaleca si\u0119 podzielenie dawki na trzy dawki roz\u0142o\u017cone w ci\u0105gu dnia. Pocz\u0105tkowa dawka wynosi zwykle 20 mg, zaleca si\u0119 stopniowe zwi\u0119kszanie dawki za ka\u017cdym razem, gdy przestaje wywiera\u0107 swoje dzia\u0142anie (wskazane jest poszukanie szablonu cyklu piramidy clenbuterolu). Aby unikn\u0105\u0107 niepo\u017c\u0105danych skutk\u00f3w ubocznych, takich jak tachykardia lub przebudowa serca, zaleca si\u0119 \u0142\u0105czenie go z niskimi dawkami Nebivololu. <strong>INFORMACJE O PARTII:<br \/>\n<\/strong>Nr partii: <span data-sheets-root=\"1\" data-sheets-value=\"{\" data-sheets-userformat=\"{\">AD21833<\/span><br \/>\nData produkcji: <span data-sheets-root=\"1\" data-sheets-value=\"{\" data-sheets-userformat=\"{\">10.2025.<\/span><br \/>\nData wa\u017cno\u015bci: <span data-sheets-root=\"1\" data-sheets-value=\"{\" data-sheets-userformat=\"{\">10.2028.<\/span><\/p>\n","protected":false},"excerpt":{"rendered":"<p>DAWKOWANIE: Clenbuterol HCL 40mcg\/tab ZAWARTO\u015a\u0106 OPAKOWANIA: 1 saszetka, 100 tabletek, 40mcg na tabletk\u0119 CO TO JEST: Clenbuterol jest amin\u0105 sympatykomimetyczn\u0105 stosowan\u0105 przez osoby cierpi\u0105ce na zaburzenia oddychania jako \u015brodek zmniejszaj\u0105cy przekrwienie i rozszerzaj\u0105cy oskrzela. Je\u015bli chodzi o stosowanie clenbuterolu przez sportowc\u00f3w si\u0142owych i kulturyst\u00f3w, jego funkcja jako agonisty beta-2 mo\u017ce pom\u00f3c zwi\u0119kszy\u0107 lipoliz\u0119. Odbywa si\u0119&hellip;<\/p>\n","protected":false},"featured_media":76228,"comment_status":"open","ping_status":"closed","template":"","meta":{"_acf_changed":false},"product_brand":[],"product_cat":[167,180],"product_tag":[],"class_list":{"0":"post-78152","1":"product","2":"type-product","3":"status-publish","4":"has-post-thumbnail","6":"product_cat-all-pl","7":"product_cat-orals-pl","8":"description-off","10":"first","11":"instock","12":"shipping-taxable","13":"product-type-simple"},"acf":[],"yoast_head":"<!-- This site is optimized with the Yoast SEO plugin v27.4 - https:\/\/yoast.com\/product\/yoast-seo-wordpress\/ -->\n<title>Clenbuterol HCL - Astera Labs<\/title>\n<meta name=\"robots\" content=\"index, follow, max-snippet:-1, max-image-preview:large, max-video-preview:-1\" \/>\n<link rel=\"canonical\" href=\"https:\/\/asteralabs.org\/pl\/product\/clenbuterol-hcl\/\" \/>\n<meta property=\"og:locale\" content=\"pl_PL\" \/>\n<meta property=\"og:type\" content=\"article\" \/>\n<meta property=\"og:title\" content=\"Clenbuterol HCL - Astera Labs\" \/>\n<meta property=\"og:description\" content=\"DAWKOWANIE: Clenbuterol HCL 40mcg\/tab ZAWARTO\u015a\u0106 OPAKOWANIA: 1 saszetka, 100 tabletek, 40mcg na tabletk\u0119 CO TO JEST: Clenbuterol jest amin\u0105 sympatykomimetyczn\u0105 stosowan\u0105 przez osoby cierpi\u0105ce na zaburzenia oddychania jako \u015brodek zmniejszaj\u0105cy przekrwienie i rozszerzaj\u0105cy oskrzela. Je\u015bli chodzi o stosowanie clenbuterolu przez sportowc\u00f3w si\u0142owych i kulturyst\u00f3w, jego funkcja jako agonisty beta-2 mo\u017ce pom\u00f3c zwi\u0119kszy\u0107 lipoliz\u0119. Odbywa si\u0119&hellip;\" \/>\n<meta property=\"og:url\" content=\"https:\/\/asteralabs.org\/pl\/product\/clenbuterol-hcl\/\" \/>\n<meta property=\"og:site_name\" content=\"Astera Labs\" \/>\n<meta property=\"article:modified_time\" content=\"2026-01-16T08:33:33+00:00\" \/>\n<meta property=\"og:image\" content=\"https:\/\/asteralabs.org\/wp-content\/uploads\/2023\/01\/Clenbuterol-HCL-mockup-nbg.png\" \/>\n\t<meta property=\"og:image:width\" content=\"2000\" \/>\n\t<meta property=\"og:image:height\" content=\"2000\" \/>\n\t<meta property=\"og:image:type\" content=\"image\/png\" \/>\n<meta name=\"twitter:card\" content=\"summary_large_image\" \/>\n<script type=\"application\/ld+json\" class=\"yoast-schema-graph\">{\"@context\":\"https:\\\/\\\/schema.org\",\"@graph\":[{\"@type\":\"WebPage\",\"@id\":\"https:\\\/\\\/asteralabs.org\\\/pl\\\/product\\\/clenbuterol-hcl\\\/\",\"url\":\"https:\\\/\\\/asteralabs.org\\\/pl\\\/product\\\/clenbuterol-hcl\\\/\",\"name\":\"Clenbuterol HCL - Astera Labs\",\"isPartOf\":{\"@id\":\"https:\\\/\\\/asteralabs.org\\\/pl\\\/#website\"},\"primaryImageOfPage\":{\"@id\":\"https:\\\/\\\/asteralabs.org\\\/pl\\\/product\\\/clenbuterol-hcl\\\/#primaryimage\"},\"image\":{\"@id\":\"https:\\\/\\\/asteralabs.org\\\/pl\\\/product\\\/clenbuterol-hcl\\\/#primaryimage\"},\"thumbnailUrl\":\"https:\\\/\\\/asteralabs.org\\\/wp-content\\\/uploads\\\/2023\\\/01\\\/Clenbuterol-HCL-mockup-nbg.png\",\"datePublished\":\"2023-01-10T23:00:06+00:00\",\"dateModified\":\"2026-01-16T08:33:33+00:00\",\"breadcrumb\":{\"@id\":\"https:\\\/\\\/asteralabs.org\\\/pl\\\/product\\\/clenbuterol-hcl\\\/#breadcrumb\"},\"inLanguage\":\"pl-PL\",\"potentialAction\":[{\"@type\":\"ReadAction\",\"target\":[\"https:\\\/\\\/asteralabs.org\\\/pl\\\/product\\\/clenbuterol-hcl\\\/\"]}]},{\"@type\":\"ImageObject\",\"inLanguage\":\"pl-PL\",\"@id\":\"https:\\\/\\\/asteralabs.org\\\/pl\\\/product\\\/clenbuterol-hcl\\\/#primaryimage\",\"url\":\"https:\\\/\\\/asteralabs.org\\\/wp-content\\\/uploads\\\/2023\\\/01\\\/Clenbuterol-HCL-mockup-nbg.png\",\"contentUrl\":\"https:\\\/\\\/asteralabs.org\\\/wp-content\\\/uploads\\\/2023\\\/01\\\/Clenbuterol-HCL-mockup-nbg.png\",\"width\":2000,\"height\":2000},{\"@type\":\"BreadcrumbList\",\"@id\":\"https:\\\/\\\/asteralabs.org\\\/pl\\\/product\\\/clenbuterol-hcl\\\/#breadcrumb\",\"itemListElement\":[{\"@type\":\"ListItem\",\"position\":1,\"name\":\"Home\",\"item\":\"https:\\\/\\\/asteralabs.org\\\/pl\\\/\"},{\"@type\":\"ListItem\",\"position\":2,\"name\":\"Sklep\",\"item\":\"https:\\\/\\\/asteralabs.org\\\/pl\\\/sklep\\\/\"},{\"@type\":\"ListItem\",\"position\":3,\"name\":\"Clenbuterol HCL\"}]},{\"@type\":\"WebSite\",\"@id\":\"https:\\\/\\\/asteralabs.org\\\/pl\\\/#website\",\"url\":\"https:\\\/\\\/asteralabs.org\\\/pl\\\/\",\"name\":\"Astera Labs\",\"description\":\"Improve Your Quality Of Life\",\"publisher\":{\"@id\":\"https:\\\/\\\/asteralabs.org\\\/pl\\\/#organization\"},\"potentialAction\":[{\"@type\":\"SearchAction\",\"target\":{\"@type\":\"EntryPoint\",\"urlTemplate\":\"https:\\\/\\\/asteralabs.org\\\/pl\\\/?s={search_term_string}\"},\"query-input\":{\"@type\":\"PropertyValueSpecification\",\"valueRequired\":true,\"valueName\":\"search_term_string\"}}],\"inLanguage\":\"pl-PL\"},{\"@type\":\"Organization\",\"@id\":\"https:\\\/\\\/asteralabs.org\\\/pl\\\/#organization\",\"name\":\"Astera Labs\",\"url\":\"https:\\\/\\\/asteralabs.org\\\/pl\\\/\",\"logo\":{\"@type\":\"ImageObject\",\"inLanguage\":\"pl-PL\",\"@id\":\"https:\\\/\\\/asteralabs.org\\\/pl\\\/#\\\/schema\\\/logo\\\/image\\\/\",\"url\":\"https:\\\/\\\/asteralabs.org\\\/wp-content\\\/uploads\\\/2022\\\/12\\\/astera-2.png\",\"contentUrl\":\"https:\\\/\\\/asteralabs.org\\\/wp-content\\\/uploads\\\/2022\\\/12\\\/astera-2.png\",\"width\":437,\"height\":111,\"caption\":\"Astera Labs\"},\"image\":{\"@id\":\"https:\\\/\\\/asteralabs.org\\\/pl\\\/#\\\/schema\\\/logo\\\/image\\\/\"}}]}<\/script>\n<!-- \/ Yoast SEO plugin. -->","yoast_head_json":{"title":"Clenbuterol HCL - Astera Labs","robots":{"index":"index","follow":"follow","max-snippet":"max-snippet:-1","max-image-preview":"max-image-preview:large","max-video-preview":"max-video-preview:-1"},"canonical":"https:\/\/asteralabs.org\/pl\/product\/clenbuterol-hcl\/","og_locale":"pl_PL","og_type":"article","og_title":"Clenbuterol HCL - Astera Labs","og_description":"DAWKOWANIE: Clenbuterol HCL 40mcg\/tab ZAWARTO\u015a\u0106 OPAKOWANIA: 1 saszetka, 100 tabletek, 40mcg na tabletk\u0119 CO TO JEST: Clenbuterol jest amin\u0105 sympatykomimetyczn\u0105 stosowan\u0105 przez osoby cierpi\u0105ce na zaburzenia oddychania jako \u015brodek zmniejszaj\u0105cy przekrwienie i rozszerzaj\u0105cy oskrzela. Je\u015bli chodzi o stosowanie clenbuterolu przez sportowc\u00f3w si\u0142owych i kulturyst\u00f3w, jego funkcja jako agonisty beta-2 mo\u017ce pom\u00f3c zwi\u0119kszy\u0107 lipoliz\u0119. Odbywa si\u0119&hellip;","og_url":"https:\/\/asteralabs.org\/pl\/product\/clenbuterol-hcl\/","og_site_name":"Astera Labs","article_modified_time":"2026-01-16T08:33:33+00:00","og_image":[{"width":2000,"height":2000,"url":"https:\/\/asteralabs.org\/wp-content\/uploads\/2023\/01\/Clenbuterol-HCL-mockup-nbg.png","type":"image\/png"}],"twitter_card":"summary_large_image","schema":{"@context":"https:\/\/schema.org","@graph":[{"@type":"WebPage","@id":"https:\/\/asteralabs.org\/pl\/product\/clenbuterol-hcl\/","url":"https:\/\/asteralabs.org\/pl\/product\/clenbuterol-hcl\/","name":"Clenbuterol HCL - Astera Labs","isPartOf":{"@id":"https:\/\/asteralabs.org\/pl\/#website"},"primaryImageOfPage":{"@id":"https:\/\/asteralabs.org\/pl\/product\/clenbuterol-hcl\/#primaryimage"},"image":{"@id":"https:\/\/asteralabs.org\/pl\/product\/clenbuterol-hcl\/#primaryimage"},"thumbnailUrl":"https:\/\/asteralabs.org\/wp-content\/uploads\/2023\/01\/Clenbuterol-HCL-mockup-nbg.png","datePublished":"2023-01-10T23:00:06+00:00","dateModified":"2026-01-16T08:33:33+00:00","breadcrumb":{"@id":"https:\/\/asteralabs.org\/pl\/product\/clenbuterol-hcl\/#breadcrumb"},"inLanguage":"pl-PL","potentialAction":[{"@type":"ReadAction","target":["https:\/\/asteralabs.org\/pl\/product\/clenbuterol-hcl\/"]}]},{"@type":"ImageObject","inLanguage":"pl-PL","@id":"https:\/\/asteralabs.org\/pl\/product\/clenbuterol-hcl\/#primaryimage","url":"https:\/\/asteralabs.org\/wp-content\/uploads\/2023\/01\/Clenbuterol-HCL-mockup-nbg.png","contentUrl":"https:\/\/asteralabs.org\/wp-content\/uploads\/2023\/01\/Clenbuterol-HCL-mockup-nbg.png","width":2000,"height":2000},{"@type":"BreadcrumbList","@id":"https:\/\/asteralabs.org\/pl\/product\/clenbuterol-hcl\/#breadcrumb","itemListElement":[{"@type":"ListItem","position":1,"name":"Home","item":"https:\/\/asteralabs.org\/pl\/"},{"@type":"ListItem","position":2,"name":"Sklep","item":"https:\/\/asteralabs.org\/pl\/sklep\/"},{"@type":"ListItem","position":3,"name":"Clenbuterol HCL"}]},{"@type":"WebSite","@id":"https:\/\/asteralabs.org\/pl\/#website","url":"https:\/\/asteralabs.org\/pl\/","name":"Astera Labs","description":"Improve Your Quality Of Life","publisher":{"@id":"https:\/\/asteralabs.org\/pl\/#organization"},"potentialAction":[{"@type":"SearchAction","target":{"@type":"EntryPoint","urlTemplate":"https:\/\/asteralabs.org\/pl\/?s={search_term_string}"},"query-input":{"@type":"PropertyValueSpecification","valueRequired":true,"valueName":"search_term_string"}}],"inLanguage":"pl-PL"},{"@type":"Organization","@id":"https:\/\/asteralabs.org\/pl\/#organization","name":"Astera Labs","url":"https:\/\/asteralabs.org\/pl\/","logo":{"@type":"ImageObject","inLanguage":"pl-PL","@id":"https:\/\/asteralabs.org\/pl\/#\/schema\/logo\/image\/","url":"https:\/\/asteralabs.org\/wp-content\/uploads\/2022\/12\/astera-2.png","contentUrl":"https:\/\/asteralabs.org\/wp-content\/uploads\/2022\/12\/astera-2.png","width":437,"height":111,"caption":"Astera Labs"},"image":{"@id":"https:\/\/asteralabs.org\/pl\/#\/schema\/logo\/image\/"}}]}},"_links":{"self":[{"href":"https:\/\/asteralabs.org\/pl\/wp-json\/wp\/v2\/product\/78152","targetHints":{"allow":["GET"]}}],"collection":[{"href":"https:\/\/asteralabs.org\/pl\/wp-json\/wp\/v2\/product"}],"about":[{"href":"https:\/\/asteralabs.org\/pl\/wp-json\/wp\/v2\/types\/product"}],"replies":[{"embeddable":true,"href":"https:\/\/asteralabs.org\/pl\/wp-json\/wp\/v2\/comments?post=78152"}],"version-history":[{"count":0,"href":"https:\/\/asteralabs.org\/pl\/wp-json\/wp\/v2\/product\/78152\/revisions"}],"wp:featuredmedia":[{"embeddable":true,"href":"https:\/\/asteralabs.org\/pl\/wp-json\/wp\/v2\/media\/76228"}],"wp:attachment":[{"href":"https:\/\/asteralabs.org\/pl\/wp-json\/wp\/v2\/media?parent=78152"}],"wp:term":[{"taxonomy":"product_brand","embeddable":true,"href":"https:\/\/asteralabs.org\/pl\/wp-json\/wp\/v2\/product_brand?post=78152"},{"taxonomy":"product_cat","embeddable":true,"href":"https:\/\/asteralabs.org\/pl\/wp-json\/wp\/v2\/product_cat?post=78152"},{"taxonomy":"product_tag","embeddable":true,"href":"https:\/\/asteralabs.org\/pl\/wp-json\/wp\/v2\/product_tag?post=78152"}],"curies":[{"name":"wp","href":"https:\/\/api.w.org\/{rel}","templated":true}]}}