{"id":78164,"date":"2023-01-10T22:56:46","date_gmt":"2023-01-10T22:56:46","guid":{"rendered":"https:\/\/asteralabs.org\/product\/mibolerone-krople-kontrolne\/"},"modified":"2026-01-16T10:21:16","modified_gmt":"2026-01-16T10:21:16","slug":"mibolerone-krople-kontrolne","status":"publish","type":"product","link":"https:\/\/asteralabs.org\/pl\/product\/mibolerone-krople-kontrolne\/","title":{"rendered":"Mibolerone (krople kontrolne)"},"content":{"rendered":"<p><strong>DAWKOWANIE: <\/strong><br \/>\nMibolerone 0.5mg\/tab <strong>ZAWARTO\u015a\u0106 OPAKOWANIA: <\/strong><br \/>\n1 saszetka, 50 tabs\u00f3w, 0.5mg na tab <strong>CO TO JEST: <\/strong><br \/>\nMiboleron jest 7,17-dimetylowan\u0105 pochodn\u0105 nandrolonu, jest bardzo silnym doustnym sterydem, ale jego zastosowania s\u0105 bardzo specyficzne, g\u0142\u00f3wnie w zawodach tr\u00f3jboju si\u0142owego, strongmanach lub sportach kontaktowych w celu zwi\u0119kszenia si\u0142y i agresywno\u015bci. <strong>SPOS\u00d3B U\u017bYCIA: <\/strong><br \/>\nZaleca si\u0119 przyjmowanie od 0,5 do 1 mg 30 minut przed zawodami sport\u00f3w si\u0142owych, sportowiec powinien wzi\u0105\u0107 pod uwag\u0119, \u017ce ci\u015bnienie krwi mo\u017ce wzrosn\u0105\u0107 do niebezpiecznego poziomu przy jego stosowaniu. <strong>INFORMACJE O PARTII:<br \/>\n<\/strong>Nr partii: <span data-sheets-root=\"1\" data-sheets-value=\"{\" data-sheets-userformat=\"{\">MD29854<\/span><br \/>\nData produkcji: <span data-sheets-root=\"1\" data-sheets-value=\"{\" data-sheets-userformat=\"{\">10.2025.<\/span><br \/>\nData wa\u017cno\u015bci: <span data-sheets-root=\"1\" data-sheets-value=\"{\" data-sheets-userformat=\"{\">10.2028.<\/span><\/p>\n","protected":false},"excerpt":{"rendered":"<p>DAWKOWANIE: Mibolerone 0.5mg\/tab ZAWARTO\u015a\u0106 OPAKOWANIA: 1 saszetka, 50 tabs\u00f3w, 0.5mg na tab CO TO JEST: Miboleron jest 7,17-dimetylowan\u0105 pochodn\u0105 nandrolonu, jest bardzo silnym doustnym sterydem, ale jego zastosowania s\u0105 bardzo specyficzne, g\u0142\u00f3wnie w zawodach tr\u00f3jboju si\u0142owego, strongmanach lub sportach kontaktowych w celu zwi\u0119kszenia si\u0142y i agresywno\u015bci. SPOS\u00d3B U\u017bYCIA: Zaleca si\u0119 przyjmowanie od 0,5 do 1&hellip;<\/p>\n","protected":false},"featured_media":76316,"comment_status":"open","ping_status":"closed","template":"","meta":{"_acf_changed":false},"product_brand":[],"product_cat":[167,180],"product_tag":[],"class_list":{"0":"post-78164","1":"product","2":"type-product","3":"status-publish","4":"has-post-thumbnail","6":"product_cat-all-pl","7":"product_cat-orals-pl","8":"description-off","10":"first","11":"instock","12":"shipping-taxable","13":"product-type-simple"},"acf":[],"yoast_head":"<!-- This site is optimized with the Yoast SEO plugin v27.4 - https:\/\/yoast.com\/product\/yoast-seo-wordpress\/ -->\n<title>Mibolerone (krople kontrolne) - Astera Labs<\/title>\n<meta name=\"robots\" content=\"index, follow, max-snippet:-1, max-image-preview:large, max-video-preview:-1\" \/>\n<link rel=\"canonical\" href=\"https:\/\/asteralabs.org\/pl\/product\/mibolerone-krople-kontrolne\/\" \/>\n<meta property=\"og:locale\" content=\"pl_PL\" \/>\n<meta property=\"og:type\" content=\"article\" \/>\n<meta property=\"og:title\" content=\"Mibolerone (krople kontrolne) - Astera Labs\" \/>\n<meta property=\"og:description\" content=\"DAWKOWANIE: Mibolerone 0.5mg\/tab ZAWARTO\u015a\u0106 OPAKOWANIA: 1 saszetka, 50 tabs\u00f3w, 0.5mg na tab CO TO JEST: Miboleron jest 7,17-dimetylowan\u0105 pochodn\u0105 nandrolonu, jest bardzo silnym doustnym sterydem, ale jego zastosowania s\u0105 bardzo specyficzne, g\u0142\u00f3wnie w zawodach tr\u00f3jboju si\u0142owego, strongmanach lub sportach kontaktowych w celu zwi\u0119kszenia si\u0142y i agresywno\u015bci. SPOS\u00d3B U\u017bYCIA: Zaleca si\u0119 przyjmowanie od 0,5 do 1&hellip;\" \/>\n<meta property=\"og:url\" content=\"https:\/\/asteralabs.org\/pl\/product\/mibolerone-krople-kontrolne\/\" \/>\n<meta property=\"og:site_name\" content=\"Astera Labs\" \/>\n<meta property=\"article:modified_time\" content=\"2026-01-16T10:21:16+00:00\" \/>\n<meta property=\"og:image\" content=\"https:\/\/asteralabs.org\/wp-content\/uploads\/2023\/01\/Mibolerone-cheque-drops-mockup-nbg.png\" \/>\n\t<meta property=\"og:image:width\" content=\"2000\" \/>\n\t<meta property=\"og:image:height\" content=\"2000\" \/>\n\t<meta property=\"og:image:type\" content=\"image\/png\" \/>\n<meta name=\"twitter:card\" content=\"summary_large_image\" \/>\n<script type=\"application\/ld+json\" class=\"yoast-schema-graph\">{\"@context\":\"https:\\\/\\\/schema.org\",\"@graph\":[{\"@type\":\"WebPage\",\"@id\":\"https:\\\/\\\/asteralabs.org\\\/pl\\\/product\\\/mibolerone-krople-kontrolne\\\/\",\"url\":\"https:\\\/\\\/asteralabs.org\\\/pl\\\/product\\\/mibolerone-krople-kontrolne\\\/\",\"name\":\"Mibolerone (krople kontrolne) - Astera Labs\",\"isPartOf\":{\"@id\":\"https:\\\/\\\/asteralabs.org\\\/pl\\\/#website\"},\"primaryImageOfPage\":{\"@id\":\"https:\\\/\\\/asteralabs.org\\\/pl\\\/product\\\/mibolerone-krople-kontrolne\\\/#primaryimage\"},\"image\":{\"@id\":\"https:\\\/\\\/asteralabs.org\\\/pl\\\/product\\\/mibolerone-krople-kontrolne\\\/#primaryimage\"},\"thumbnailUrl\":\"https:\\\/\\\/asteralabs.org\\\/wp-content\\\/uploads\\\/2023\\\/01\\\/Mibolerone-cheque-drops-mockup-nbg.png\",\"datePublished\":\"2023-01-10T22:56:46+00:00\",\"dateModified\":\"2026-01-16T10:21:16+00:00\",\"breadcrumb\":{\"@id\":\"https:\\\/\\\/asteralabs.org\\\/pl\\\/product\\\/mibolerone-krople-kontrolne\\\/#breadcrumb\"},\"inLanguage\":\"pl-PL\",\"potentialAction\":[{\"@type\":\"ReadAction\",\"target\":[\"https:\\\/\\\/asteralabs.org\\\/pl\\\/product\\\/mibolerone-krople-kontrolne\\\/\"]}]},{\"@type\":\"ImageObject\",\"inLanguage\":\"pl-PL\",\"@id\":\"https:\\\/\\\/asteralabs.org\\\/pl\\\/product\\\/mibolerone-krople-kontrolne\\\/#primaryimage\",\"url\":\"https:\\\/\\\/asteralabs.org\\\/wp-content\\\/uploads\\\/2023\\\/01\\\/Mibolerone-cheque-drops-mockup-nbg.png\",\"contentUrl\":\"https:\\\/\\\/asteralabs.org\\\/wp-content\\\/uploads\\\/2023\\\/01\\\/Mibolerone-cheque-drops-mockup-nbg.png\",\"width\":2000,\"height\":2000},{\"@type\":\"BreadcrumbList\",\"@id\":\"https:\\\/\\\/asteralabs.org\\\/pl\\\/product\\\/mibolerone-krople-kontrolne\\\/#breadcrumb\",\"itemListElement\":[{\"@type\":\"ListItem\",\"position\":1,\"name\":\"Home\",\"item\":\"https:\\\/\\\/asteralabs.org\\\/pl\\\/\"},{\"@type\":\"ListItem\",\"position\":2,\"name\":\"Sklep\",\"item\":\"https:\\\/\\\/asteralabs.org\\\/pl\\\/sklep\\\/\"},{\"@type\":\"ListItem\",\"position\":3,\"name\":\"Mibolerone (krople kontrolne)\"}]},{\"@type\":\"WebSite\",\"@id\":\"https:\\\/\\\/asteralabs.org\\\/pl\\\/#website\",\"url\":\"https:\\\/\\\/asteralabs.org\\\/pl\\\/\",\"name\":\"Astera Labs\",\"description\":\"Improve Your Quality Of Life\",\"publisher\":{\"@id\":\"https:\\\/\\\/asteralabs.org\\\/pl\\\/#organization\"},\"potentialAction\":[{\"@type\":\"SearchAction\",\"target\":{\"@type\":\"EntryPoint\",\"urlTemplate\":\"https:\\\/\\\/asteralabs.org\\\/pl\\\/?s={search_term_string}\"},\"query-input\":{\"@type\":\"PropertyValueSpecification\",\"valueRequired\":true,\"valueName\":\"search_term_string\"}}],\"inLanguage\":\"pl-PL\"},{\"@type\":\"Organization\",\"@id\":\"https:\\\/\\\/asteralabs.org\\\/pl\\\/#organization\",\"name\":\"Astera Labs\",\"url\":\"https:\\\/\\\/asteralabs.org\\\/pl\\\/\",\"logo\":{\"@type\":\"ImageObject\",\"inLanguage\":\"pl-PL\",\"@id\":\"https:\\\/\\\/asteralabs.org\\\/pl\\\/#\\\/schema\\\/logo\\\/image\\\/\",\"url\":\"https:\\\/\\\/asteralabs.org\\\/wp-content\\\/uploads\\\/2022\\\/12\\\/astera-2.png\",\"contentUrl\":\"https:\\\/\\\/asteralabs.org\\\/wp-content\\\/uploads\\\/2022\\\/12\\\/astera-2.png\",\"width\":437,\"height\":111,\"caption\":\"Astera Labs\"},\"image\":{\"@id\":\"https:\\\/\\\/asteralabs.org\\\/pl\\\/#\\\/schema\\\/logo\\\/image\\\/\"}}]}<\/script>\n<!-- \/ Yoast SEO plugin. -->","yoast_head_json":{"title":"Mibolerone (krople kontrolne) - Astera Labs","robots":{"index":"index","follow":"follow","max-snippet":"max-snippet:-1","max-image-preview":"max-image-preview:large","max-video-preview":"max-video-preview:-1"},"canonical":"https:\/\/asteralabs.org\/pl\/product\/mibolerone-krople-kontrolne\/","og_locale":"pl_PL","og_type":"article","og_title":"Mibolerone (krople kontrolne) - Astera Labs","og_description":"DAWKOWANIE: Mibolerone 0.5mg\/tab ZAWARTO\u015a\u0106 OPAKOWANIA: 1 saszetka, 50 tabs\u00f3w, 0.5mg na tab CO TO JEST: Miboleron jest 7,17-dimetylowan\u0105 pochodn\u0105 nandrolonu, jest bardzo silnym doustnym sterydem, ale jego zastosowania s\u0105 bardzo specyficzne, g\u0142\u00f3wnie w zawodach tr\u00f3jboju si\u0142owego, strongmanach lub sportach kontaktowych w celu zwi\u0119kszenia si\u0142y i agresywno\u015bci. SPOS\u00d3B U\u017bYCIA: Zaleca si\u0119 przyjmowanie od 0,5 do 1&hellip;","og_url":"https:\/\/asteralabs.org\/pl\/product\/mibolerone-krople-kontrolne\/","og_site_name":"Astera Labs","article_modified_time":"2026-01-16T10:21:16+00:00","og_image":[{"width":2000,"height":2000,"url":"https:\/\/asteralabs.org\/wp-content\/uploads\/2023\/01\/Mibolerone-cheque-drops-mockup-nbg.png","type":"image\/png"}],"twitter_card":"summary_large_image","schema":{"@context":"https:\/\/schema.org","@graph":[{"@type":"WebPage","@id":"https:\/\/asteralabs.org\/pl\/product\/mibolerone-krople-kontrolne\/","url":"https:\/\/asteralabs.org\/pl\/product\/mibolerone-krople-kontrolne\/","name":"Mibolerone (krople kontrolne) - Astera Labs","isPartOf":{"@id":"https:\/\/asteralabs.org\/pl\/#website"},"primaryImageOfPage":{"@id":"https:\/\/asteralabs.org\/pl\/product\/mibolerone-krople-kontrolne\/#primaryimage"},"image":{"@id":"https:\/\/asteralabs.org\/pl\/product\/mibolerone-krople-kontrolne\/#primaryimage"},"thumbnailUrl":"https:\/\/asteralabs.org\/wp-content\/uploads\/2023\/01\/Mibolerone-cheque-drops-mockup-nbg.png","datePublished":"2023-01-10T22:56:46+00:00","dateModified":"2026-01-16T10:21:16+00:00","breadcrumb":{"@id":"https:\/\/asteralabs.org\/pl\/product\/mibolerone-krople-kontrolne\/#breadcrumb"},"inLanguage":"pl-PL","potentialAction":[{"@type":"ReadAction","target":["https:\/\/asteralabs.org\/pl\/product\/mibolerone-krople-kontrolne\/"]}]},{"@type":"ImageObject","inLanguage":"pl-PL","@id":"https:\/\/asteralabs.org\/pl\/product\/mibolerone-krople-kontrolne\/#primaryimage","url":"https:\/\/asteralabs.org\/wp-content\/uploads\/2023\/01\/Mibolerone-cheque-drops-mockup-nbg.png","contentUrl":"https:\/\/asteralabs.org\/wp-content\/uploads\/2023\/01\/Mibolerone-cheque-drops-mockup-nbg.png","width":2000,"height":2000},{"@type":"BreadcrumbList","@id":"https:\/\/asteralabs.org\/pl\/product\/mibolerone-krople-kontrolne\/#breadcrumb","itemListElement":[{"@type":"ListItem","position":1,"name":"Home","item":"https:\/\/asteralabs.org\/pl\/"},{"@type":"ListItem","position":2,"name":"Sklep","item":"https:\/\/asteralabs.org\/pl\/sklep\/"},{"@type":"ListItem","position":3,"name":"Mibolerone (krople kontrolne)"}]},{"@type":"WebSite","@id":"https:\/\/asteralabs.org\/pl\/#website","url":"https:\/\/asteralabs.org\/pl\/","name":"Astera Labs","description":"Improve Your Quality Of Life","publisher":{"@id":"https:\/\/asteralabs.org\/pl\/#organization"},"potentialAction":[{"@type":"SearchAction","target":{"@type":"EntryPoint","urlTemplate":"https:\/\/asteralabs.org\/pl\/?s={search_term_string}"},"query-input":{"@type":"PropertyValueSpecification","valueRequired":true,"valueName":"search_term_string"}}],"inLanguage":"pl-PL"},{"@type":"Organization","@id":"https:\/\/asteralabs.org\/pl\/#organization","name":"Astera Labs","url":"https:\/\/asteralabs.org\/pl\/","logo":{"@type":"ImageObject","inLanguage":"pl-PL","@id":"https:\/\/asteralabs.org\/pl\/#\/schema\/logo\/image\/","url":"https:\/\/asteralabs.org\/wp-content\/uploads\/2022\/12\/astera-2.png","contentUrl":"https:\/\/asteralabs.org\/wp-content\/uploads\/2022\/12\/astera-2.png","width":437,"height":111,"caption":"Astera Labs"},"image":{"@id":"https:\/\/asteralabs.org\/pl\/#\/schema\/logo\/image\/"}}]}},"_links":{"self":[{"href":"https:\/\/asteralabs.org\/pl\/wp-json\/wp\/v2\/product\/78164","targetHints":{"allow":["GET"]}}],"collection":[{"href":"https:\/\/asteralabs.org\/pl\/wp-json\/wp\/v2\/product"}],"about":[{"href":"https:\/\/asteralabs.org\/pl\/wp-json\/wp\/v2\/types\/product"}],"replies":[{"embeddable":true,"href":"https:\/\/asteralabs.org\/pl\/wp-json\/wp\/v2\/comments?post=78164"}],"version-history":[{"count":0,"href":"https:\/\/asteralabs.org\/pl\/wp-json\/wp\/v2\/product\/78164\/revisions"}],"wp:featuredmedia":[{"embeddable":true,"href":"https:\/\/asteralabs.org\/pl\/wp-json\/wp\/v2\/media\/76316"}],"wp:attachment":[{"href":"https:\/\/asteralabs.org\/pl\/wp-json\/wp\/v2\/media?parent=78164"}],"wp:term":[{"taxonomy":"product_brand","embeddable":true,"href":"https:\/\/asteralabs.org\/pl\/wp-json\/wp\/v2\/product_brand?post=78164"},{"taxonomy":"product_cat","embeddable":true,"href":"https:\/\/asteralabs.org\/pl\/wp-json\/wp\/v2\/product_cat?post=78164"},{"taxonomy":"product_tag","embeddable":true,"href":"https:\/\/asteralabs.org\/pl\/wp-json\/wp\/v2\/product_tag?post=78164"}],"curies":[{"name":"wp","href":"https:\/\/api.w.org\/{rel}","templated":true}]}}