{"id":78175,"date":"2023-01-10T22:54:15","date_gmt":"2023-01-10T22:54:15","guid":{"rendered":"https:\/\/asteralabs.org\/product\/lewotyroksyna-sodowa-t4\/"},"modified":"2026-01-16T09:31:02","modified_gmt":"2026-01-16T09:31:02","slug":"lewotyroksyna-sodowa-t4","status":"publish","type":"product","link":"https:\/\/asteralabs.org\/pl\/product\/lewotyroksyna-sodowa-t4\/","title":{"rendered":"Lewotyroksyna sodowa (T4)"},"content":{"rendered":"<p><strong>DAWKOWANIE: <\/strong><br \/>\nLewotyroksyna sodowa (T4) 50mcg\/tab <strong>ZAWARTO\u015a\u0106 OPAKOWANIA: <\/strong><br \/>\n1 saszetka, 50 tabletek, 50mcg na tabletk\u0119 <strong>CO TO JEST: <\/strong><br \/>\nTyroksyna, zwana r\u00f3wnie\u017c tetrajodotyronin\u0105 (zwykle w skr\u00f3cie T4), jest g\u0142\u00f3wnym rodzajem hormonu tarczycy wydzielanym przez kom\u00f3rki p\u0119cherzykowe tarczycy. Stosuje si\u0119 j\u0105 w celu zwi\u0119kszenia podstawowej przemiany materii, co sprzyja utracie masy cia\u0142a i tkanki t\u0142uszczowej. <strong>SPOS\u00d3B U\u017bYCIA: <\/strong><br \/>\nJego dawka zale\u017cy od zastosowania, jakie chcemy mu nada\u0107. Je\u015bli chcemy po prostu u\u017cy\u0107 go w celu unikni\u0119cia pewnej adaptacji na poziomie podstawowej przemiany materii, ogranicz si\u0119 do stosowania T4 w dziennej dawce od 12,5 do 50mcg dziennie. Je\u015bli chcemy u\u017cy\u0107 go do znacznego zwi\u0119kszenia podstawowej przemiany materii, dawka do u\u017cycia b\u0119dzie wynosi\u0107 250mcg dziennie. Dawk\u0119 przyjmuje si\u0119 raz dziennie na pusty \u017co\u0142\u0105dek. <strong>INFORMACJE O PARTII:<br \/>\n<\/strong>Nr partii: <span data-sheets-root=\"1\" data-sheets-value=\"{\" data-sheets-userformat=\"{\">XE28298<\/span><br \/>\nData produkcji: <span data-sheets-root=\"1\" data-sheets-value=\"{\" data-sheets-userformat=\"{\">10.2025.<\/span><br \/>\nData wa\u017cno\u015bci: <span data-sheets-root=\"1\" data-sheets-value=\"{\" data-sheets-userformat=\"{\">10.2028.<\/span><\/p>\n","protected":false},"excerpt":{"rendered":"<p>DAWKOWANIE: Lewotyroksyna sodowa (T4) 50mcg\/tab ZAWARTO\u015a\u0106 OPAKOWANIA: 1 saszetka, 50 tabletek, 50mcg na tabletk\u0119 CO TO JEST: Tyroksyna, zwana r\u00f3wnie\u017c tetrajodotyronin\u0105 (zwykle w skr\u00f3cie T4), jest g\u0142\u00f3wnym rodzajem hormonu tarczycy wydzielanym przez kom\u00f3rki p\u0119cherzykowe tarczycy. Stosuje si\u0119 j\u0105 w celu zwi\u0119kszenia podstawowej przemiany materii, co sprzyja utracie masy cia\u0142a i tkanki t\u0142uszczowej. SPOS\u00d3B U\u017bYCIA: Jego&hellip;<\/p>\n","protected":false},"featured_media":76068,"comment_status":"open","ping_status":"closed","template":"","meta":{"_acf_changed":false},"product_brand":[],"product_cat":[167,180],"product_tag":[],"class_list":{"0":"post-78175","1":"product","2":"type-product","3":"status-publish","4":"has-post-thumbnail","6":"product_cat-all-pl","7":"product_cat-orals-pl","8":"description-off","10":"first","11":"instock","12":"shipping-taxable","13":"product-type-simple"},"acf":[],"yoast_head":"<!-- This site is optimized with the Yoast SEO plugin v27.4 - https:\/\/yoast.com\/product\/yoast-seo-wordpress\/ -->\n<title>Lewotyroksyna sodowa (T4) - Astera Labs<\/title>\n<meta name=\"robots\" content=\"index, follow, max-snippet:-1, max-image-preview:large, max-video-preview:-1\" \/>\n<link rel=\"canonical\" href=\"https:\/\/asteralabs.org\/pl\/product\/lewotyroksyna-sodowa-t4\/\" \/>\n<meta property=\"og:locale\" content=\"pl_PL\" \/>\n<meta property=\"og:type\" content=\"article\" \/>\n<meta property=\"og:title\" content=\"Lewotyroksyna sodowa (T4) - Astera Labs\" \/>\n<meta property=\"og:description\" content=\"DAWKOWANIE: Lewotyroksyna sodowa (T4) 50mcg\/tab ZAWARTO\u015a\u0106 OPAKOWANIA: 1 saszetka, 50 tabletek, 50mcg na tabletk\u0119 CO TO JEST: Tyroksyna, zwana r\u00f3wnie\u017c tetrajodotyronin\u0105 (zwykle w skr\u00f3cie T4), jest g\u0142\u00f3wnym rodzajem hormonu tarczycy wydzielanym przez kom\u00f3rki p\u0119cherzykowe tarczycy. Stosuje si\u0119 j\u0105 w celu zwi\u0119kszenia podstawowej przemiany materii, co sprzyja utracie masy cia\u0142a i tkanki t\u0142uszczowej. SPOS\u00d3B U\u017bYCIA: Jego&hellip;\" \/>\n<meta property=\"og:url\" content=\"https:\/\/asteralabs.org\/pl\/product\/lewotyroksyna-sodowa-t4\/\" \/>\n<meta property=\"og:site_name\" content=\"Astera Labs\" \/>\n<meta property=\"article:modified_time\" content=\"2026-01-16T09:31:02+00:00\" \/>\n<meta property=\"og:image\" content=\"https:\/\/asteralabs.org\/wp-content\/uploads\/2023\/01\/T4-mockup-nbg.png\" \/>\n\t<meta property=\"og:image:width\" content=\"2000\" \/>\n\t<meta property=\"og:image:height\" content=\"2000\" \/>\n\t<meta property=\"og:image:type\" content=\"image\/png\" \/>\n<meta name=\"twitter:card\" content=\"summary_large_image\" \/>\n<script type=\"application\/ld+json\" class=\"yoast-schema-graph\">{\"@context\":\"https:\\\/\\\/schema.org\",\"@graph\":[{\"@type\":\"WebPage\",\"@id\":\"https:\\\/\\\/asteralabs.org\\\/pl\\\/product\\\/lewotyroksyna-sodowa-t4\\\/\",\"url\":\"https:\\\/\\\/asteralabs.org\\\/pl\\\/product\\\/lewotyroksyna-sodowa-t4\\\/\",\"name\":\"Lewotyroksyna sodowa (T4) - Astera Labs\",\"isPartOf\":{\"@id\":\"https:\\\/\\\/asteralabs.org\\\/pl\\\/#website\"},\"primaryImageOfPage\":{\"@id\":\"https:\\\/\\\/asteralabs.org\\\/pl\\\/product\\\/lewotyroksyna-sodowa-t4\\\/#primaryimage\"},\"image\":{\"@id\":\"https:\\\/\\\/asteralabs.org\\\/pl\\\/product\\\/lewotyroksyna-sodowa-t4\\\/#primaryimage\"},\"thumbnailUrl\":\"https:\\\/\\\/asteralabs.org\\\/wp-content\\\/uploads\\\/2023\\\/01\\\/T4-mockup-nbg.png\",\"datePublished\":\"2023-01-10T22:54:15+00:00\",\"dateModified\":\"2026-01-16T09:31:02+00:00\",\"breadcrumb\":{\"@id\":\"https:\\\/\\\/asteralabs.org\\\/pl\\\/product\\\/lewotyroksyna-sodowa-t4\\\/#breadcrumb\"},\"inLanguage\":\"pl-PL\",\"potentialAction\":[{\"@type\":\"ReadAction\",\"target\":[\"https:\\\/\\\/asteralabs.org\\\/pl\\\/product\\\/lewotyroksyna-sodowa-t4\\\/\"]}]},{\"@type\":\"ImageObject\",\"inLanguage\":\"pl-PL\",\"@id\":\"https:\\\/\\\/asteralabs.org\\\/pl\\\/product\\\/lewotyroksyna-sodowa-t4\\\/#primaryimage\",\"url\":\"https:\\\/\\\/asteralabs.org\\\/wp-content\\\/uploads\\\/2023\\\/01\\\/T4-mockup-nbg.png\",\"contentUrl\":\"https:\\\/\\\/asteralabs.org\\\/wp-content\\\/uploads\\\/2023\\\/01\\\/T4-mockup-nbg.png\",\"width\":2000,\"height\":2000},{\"@type\":\"BreadcrumbList\",\"@id\":\"https:\\\/\\\/asteralabs.org\\\/pl\\\/product\\\/lewotyroksyna-sodowa-t4\\\/#breadcrumb\",\"itemListElement\":[{\"@type\":\"ListItem\",\"position\":1,\"name\":\"Home\",\"item\":\"https:\\\/\\\/asteralabs.org\\\/pl\\\/\"},{\"@type\":\"ListItem\",\"position\":2,\"name\":\"Sklep\",\"item\":\"https:\\\/\\\/asteralabs.org\\\/pl\\\/sklep\\\/\"},{\"@type\":\"ListItem\",\"position\":3,\"name\":\"Lewotyroksyna sodowa (T4)\"}]},{\"@type\":\"WebSite\",\"@id\":\"https:\\\/\\\/asteralabs.org\\\/pl\\\/#website\",\"url\":\"https:\\\/\\\/asteralabs.org\\\/pl\\\/\",\"name\":\"Astera Labs\",\"description\":\"Improve Your Quality Of Life\",\"publisher\":{\"@id\":\"https:\\\/\\\/asteralabs.org\\\/pl\\\/#organization\"},\"potentialAction\":[{\"@type\":\"SearchAction\",\"target\":{\"@type\":\"EntryPoint\",\"urlTemplate\":\"https:\\\/\\\/asteralabs.org\\\/pl\\\/?s={search_term_string}\"},\"query-input\":{\"@type\":\"PropertyValueSpecification\",\"valueRequired\":true,\"valueName\":\"search_term_string\"}}],\"inLanguage\":\"pl-PL\"},{\"@type\":\"Organization\",\"@id\":\"https:\\\/\\\/asteralabs.org\\\/pl\\\/#organization\",\"name\":\"Astera Labs\",\"url\":\"https:\\\/\\\/asteralabs.org\\\/pl\\\/\",\"logo\":{\"@type\":\"ImageObject\",\"inLanguage\":\"pl-PL\",\"@id\":\"https:\\\/\\\/asteralabs.org\\\/pl\\\/#\\\/schema\\\/logo\\\/image\\\/\",\"url\":\"https:\\\/\\\/asteralabs.org\\\/wp-content\\\/uploads\\\/2022\\\/12\\\/astera-2.png\",\"contentUrl\":\"https:\\\/\\\/asteralabs.org\\\/wp-content\\\/uploads\\\/2022\\\/12\\\/astera-2.png\",\"width\":437,\"height\":111,\"caption\":\"Astera Labs\"},\"image\":{\"@id\":\"https:\\\/\\\/asteralabs.org\\\/pl\\\/#\\\/schema\\\/logo\\\/image\\\/\"}}]}<\/script>\n<!-- \/ Yoast SEO plugin. -->","yoast_head_json":{"title":"Lewotyroksyna sodowa (T4) - Astera Labs","robots":{"index":"index","follow":"follow","max-snippet":"max-snippet:-1","max-image-preview":"max-image-preview:large","max-video-preview":"max-video-preview:-1"},"canonical":"https:\/\/asteralabs.org\/pl\/product\/lewotyroksyna-sodowa-t4\/","og_locale":"pl_PL","og_type":"article","og_title":"Lewotyroksyna sodowa (T4) - Astera Labs","og_description":"DAWKOWANIE: Lewotyroksyna sodowa (T4) 50mcg\/tab ZAWARTO\u015a\u0106 OPAKOWANIA: 1 saszetka, 50 tabletek, 50mcg na tabletk\u0119 CO TO JEST: Tyroksyna, zwana r\u00f3wnie\u017c tetrajodotyronin\u0105 (zwykle w skr\u00f3cie T4), jest g\u0142\u00f3wnym rodzajem hormonu tarczycy wydzielanym przez kom\u00f3rki p\u0119cherzykowe tarczycy. Stosuje si\u0119 j\u0105 w celu zwi\u0119kszenia podstawowej przemiany materii, co sprzyja utracie masy cia\u0142a i tkanki t\u0142uszczowej. SPOS\u00d3B U\u017bYCIA: Jego&hellip;","og_url":"https:\/\/asteralabs.org\/pl\/product\/lewotyroksyna-sodowa-t4\/","og_site_name":"Astera Labs","article_modified_time":"2026-01-16T09:31:02+00:00","og_image":[{"width":2000,"height":2000,"url":"https:\/\/asteralabs.org\/wp-content\/uploads\/2023\/01\/T4-mockup-nbg.png","type":"image\/png"}],"twitter_card":"summary_large_image","schema":{"@context":"https:\/\/schema.org","@graph":[{"@type":"WebPage","@id":"https:\/\/asteralabs.org\/pl\/product\/lewotyroksyna-sodowa-t4\/","url":"https:\/\/asteralabs.org\/pl\/product\/lewotyroksyna-sodowa-t4\/","name":"Lewotyroksyna sodowa (T4) - Astera Labs","isPartOf":{"@id":"https:\/\/asteralabs.org\/pl\/#website"},"primaryImageOfPage":{"@id":"https:\/\/asteralabs.org\/pl\/product\/lewotyroksyna-sodowa-t4\/#primaryimage"},"image":{"@id":"https:\/\/asteralabs.org\/pl\/product\/lewotyroksyna-sodowa-t4\/#primaryimage"},"thumbnailUrl":"https:\/\/asteralabs.org\/wp-content\/uploads\/2023\/01\/T4-mockup-nbg.png","datePublished":"2023-01-10T22:54:15+00:00","dateModified":"2026-01-16T09:31:02+00:00","breadcrumb":{"@id":"https:\/\/asteralabs.org\/pl\/product\/lewotyroksyna-sodowa-t4\/#breadcrumb"},"inLanguage":"pl-PL","potentialAction":[{"@type":"ReadAction","target":["https:\/\/asteralabs.org\/pl\/product\/lewotyroksyna-sodowa-t4\/"]}]},{"@type":"ImageObject","inLanguage":"pl-PL","@id":"https:\/\/asteralabs.org\/pl\/product\/lewotyroksyna-sodowa-t4\/#primaryimage","url":"https:\/\/asteralabs.org\/wp-content\/uploads\/2023\/01\/T4-mockup-nbg.png","contentUrl":"https:\/\/asteralabs.org\/wp-content\/uploads\/2023\/01\/T4-mockup-nbg.png","width":2000,"height":2000},{"@type":"BreadcrumbList","@id":"https:\/\/asteralabs.org\/pl\/product\/lewotyroksyna-sodowa-t4\/#breadcrumb","itemListElement":[{"@type":"ListItem","position":1,"name":"Home","item":"https:\/\/asteralabs.org\/pl\/"},{"@type":"ListItem","position":2,"name":"Sklep","item":"https:\/\/asteralabs.org\/pl\/sklep\/"},{"@type":"ListItem","position":3,"name":"Lewotyroksyna sodowa (T4)"}]},{"@type":"WebSite","@id":"https:\/\/asteralabs.org\/pl\/#website","url":"https:\/\/asteralabs.org\/pl\/","name":"Astera Labs","description":"Improve Your Quality Of Life","publisher":{"@id":"https:\/\/asteralabs.org\/pl\/#organization"},"potentialAction":[{"@type":"SearchAction","target":{"@type":"EntryPoint","urlTemplate":"https:\/\/asteralabs.org\/pl\/?s={search_term_string}"},"query-input":{"@type":"PropertyValueSpecification","valueRequired":true,"valueName":"search_term_string"}}],"inLanguage":"pl-PL"},{"@type":"Organization","@id":"https:\/\/asteralabs.org\/pl\/#organization","name":"Astera Labs","url":"https:\/\/asteralabs.org\/pl\/","logo":{"@type":"ImageObject","inLanguage":"pl-PL","@id":"https:\/\/asteralabs.org\/pl\/#\/schema\/logo\/image\/","url":"https:\/\/asteralabs.org\/wp-content\/uploads\/2022\/12\/astera-2.png","contentUrl":"https:\/\/asteralabs.org\/wp-content\/uploads\/2022\/12\/astera-2.png","width":437,"height":111,"caption":"Astera Labs"},"image":{"@id":"https:\/\/asteralabs.org\/pl\/#\/schema\/logo\/image\/"}}]}},"_links":{"self":[{"href":"https:\/\/asteralabs.org\/pl\/wp-json\/wp\/v2\/product\/78175","targetHints":{"allow":["GET"]}}],"collection":[{"href":"https:\/\/asteralabs.org\/pl\/wp-json\/wp\/v2\/product"}],"about":[{"href":"https:\/\/asteralabs.org\/pl\/wp-json\/wp\/v2\/types\/product"}],"replies":[{"embeddable":true,"href":"https:\/\/asteralabs.org\/pl\/wp-json\/wp\/v2\/comments?post=78175"}],"version-history":[{"count":0,"href":"https:\/\/asteralabs.org\/pl\/wp-json\/wp\/v2\/product\/78175\/revisions"}],"wp:featuredmedia":[{"embeddable":true,"href":"https:\/\/asteralabs.org\/pl\/wp-json\/wp\/v2\/media\/76068"}],"wp:attachment":[{"href":"https:\/\/asteralabs.org\/pl\/wp-json\/wp\/v2\/media?parent=78175"}],"wp:term":[{"taxonomy":"product_brand","embeddable":true,"href":"https:\/\/asteralabs.org\/pl\/wp-json\/wp\/v2\/product_brand?post=78175"},{"taxonomy":"product_cat","embeddable":true,"href":"https:\/\/asteralabs.org\/pl\/wp-json\/wp\/v2\/product_cat?post=78175"},{"taxonomy":"product_tag","embeddable":true,"href":"https:\/\/asteralabs.org\/pl\/wp-json\/wp\/v2\/product_tag?post=78175"}],"curies":[{"name":"wp","href":"https:\/\/api.w.org\/{rel}","templated":true}]}}