{"id":78198,"date":"2023-01-10T22:52:49","date_gmt":"2023-01-10T22:52:49","guid":{"rendered":"https:\/\/asteralabs.org\/product\/17a-metylotestosteron\/"},"modified":"2026-01-16T08:05:49","modified_gmt":"2026-01-16T08:05:49","slug":"17a-metylotestosteron","status":"publish","type":"product","link":"https:\/\/asteralabs.org\/pl\/product\/17a-metylotestosteron\/","title":{"rendered":"17a-metylotestosteron"},"content":{"rendered":"\t\t<div data-elementor-type=\"product-post\" data-elementor-id=\"78198\" class=\"elementor elementor-78198 elementor-72857\" data-elementor-post-type=\"product\">\n\t\t\t\t\t\t\t\t\t<section class=\"elementor-section elementor-top-section elementor-element elementor-element-40a61ab5 elementor-section-boxed elementor-section-height-default elementor-section-height-default\" data-id=\"40a61ab5\" data-element_type=\"section\">\n\t\t\t\t\t\t<div class=\"elementor-container elementor-column-gap-default\">\n\t\t\t\t\t<div class=\"elementor-column elementor-col-100 elementor-top-column elementor-element elementor-element-64552d02\" data-id=\"64552d02\" data-element_type=\"column\">\n\t\t\t<div class=\"elementor-widget-wrap elementor-element-populated\">\n\t\t\t\t\t\t\t\t<div class=\"elementor-element elementor-element-228cf8c elementor-widget elementor-widget-text-editor\" data-id=\"228cf8c\" data-element_type=\"widget\" data-widget_type=\"text-editor.default\">\n\t\t\t\t<div class=\"elementor-widget-container\">\n\t\t\t\t\t\t\t<p><strong>DAWKOWANIE: <\/strong><br \/>17a-Methyltestosterone 25mg\/tab <strong>ZAWARTO\u015a\u0106 OPAKOWANIA: <\/strong><br \/>1 saszetka, 100 tabletek, 25 mg na tabletk\u0119 <strong>CO TO JEST: <\/strong><br \/>Jest androgenem i sterydem anabolicznym, kt\u00f3ry jest stosowany w leczeniu niskiego poziomu testosteronu u m\u0119\u017cczyzn, op\u00f3\u017anionego dojrzewania u ch\u0142opc\u00f3w, w niskich dawkach jako sk\u0142adnik hormonalnej terapii menopauzalnej w przypadku objaw\u00f3w menopauzy, takich jak uderzenia gor\u0105ca, osteoporoza i niskie po\u017c\u0105danie seksualne u kobiet oraz w leczeniu raka piersi u kobiet. <strong>JAK STOSOWA\u0106: <\/strong><br \/>Anegdotyczne dowody m\u00f3wi\u0105 nam, \u017ce nale\u017cy stosowa\u0107 od 25 do 50 mg, najlepiej przez kr\u00f3tki czas, zwracaj\u0105c uwag\u0119 na poziom estrogenu i najlepiej stosuj\u0105c go przed treningiem. <strong>INFORMACJE O PARTII:<br \/><\/strong>Nr partii: <span data-sheets-root=\"1\" data-sheets-value=\"{\" data-sheets-userformat=\"{\">GH32316<\/span><br \/>Data produkcji: 10.<span data-sheets-root=\"1\" data-sheets-value=\"{\" data-sheets-userformat=\"{\">2025.<\/span><br \/>Data wa\u017cno\u015bci: 10<span data-sheets-root=\"1\" data-sheets-value=\"{\" data-sheets-userformat=\"{\">.2028<\/span><span data-sheets-root=\"1\" data-sheets-value=\"{\" data-sheets-userformat=\"{\">.<\/span><\/p>\t\t\t\t\t\t<\/div>\n\t\t\t\t<\/div>\n\t\t\t\t\t<\/div>\n\t\t<\/div>\n\t\t\t\t\t\t\t<\/div>\n\t\t<\/section>\n\t\t\t\t\t\t\t<\/div>\n\t\t","protected":false},"excerpt":{"rendered":"<p>DAWKOWANIE: 17a-Methyltestosterone 25mg\/tab ZAWARTO\u015a\u0106 OPAKOWANIA: 1 saszetka, 100 tabletek, 25 mg na tabletk\u0119 CO TO JEST: Jest androgenem i sterydem anabolicznym, kt\u00f3ry jest stosowany w leczeniu niskiego poziomu testosteronu u m\u0119\u017cczyzn, op\u00f3\u017anionego dojrzewania u ch\u0142opc\u00f3w, w niskich dawkach jako sk\u0142adnik hormonalnej terapii menopauzalnej w przypadku objaw\u00f3w menopauzy, takich jak uderzenia gor\u0105ca, osteoporoza i niskie po\u017c\u0105danie&hellip;<\/p>\n","protected":false},"featured_media":76204,"comment_status":"open","ping_status":"closed","template":"","meta":[],"product_cat":[167,180],"product_tag":[],"yoast_head":"<!-- This site is optimized with the Yoast SEO plugin v23.0 - https:\/\/yoast.com\/wordpress\/plugins\/seo\/ -->\n<title>17a-metylotestosteron - Astera Labs<\/title>\n<meta name=\"robots\" content=\"index, follow, max-snippet:-1, max-image-preview:large, max-video-preview:-1\" \/>\n<link rel=\"canonical\" href=\"https:\/\/asteralabs.org\/pl\/product\/17a-metylotestosteron\/\" \/>\n<meta property=\"og:locale\" content=\"pl_PL\" \/>\n<meta property=\"og:type\" content=\"article\" \/>\n<meta property=\"og:title\" content=\"17a-metylotestosteron - Astera Labs\" \/>\n<meta property=\"og:description\" content=\"DAWKOWANIE: 17a-Methyltestosterone 25mg\/tab ZAWARTO\u015a\u0106 OPAKOWANIA: 1 saszetka, 100 tabletek, 25 mg na tabletk\u0119 CO TO JEST: Jest androgenem i sterydem anabolicznym, kt\u00f3ry jest stosowany w leczeniu niskiego poziomu testosteronu u m\u0119\u017cczyzn, op\u00f3\u017anionego dojrzewania u ch\u0142opc\u00f3w, w niskich dawkach jako sk\u0142adnik hormonalnej terapii menopauzalnej w przypadku objaw\u00f3w menopauzy, takich jak uderzenia gor\u0105ca, osteoporoza i niskie po\u017c\u0105danie&hellip;\" \/>\n<meta property=\"og:url\" content=\"https:\/\/asteralabs.org\/pl\/product\/17a-metylotestosteron\/\" \/>\n<meta property=\"og:site_name\" content=\"Astera Labs\" \/>\n<meta property=\"article:modified_time\" content=\"2026-01-16T08:05:49+00:00\" \/>\n<meta property=\"og:image\" content=\"https:\/\/asteralabs.org\/wp-content\/uploads\/2023\/01\/17\u03b1-Methyltestosterone-mockup-nbg.png\" \/>\n\t<meta property=\"og:image:width\" content=\"2000\" \/>\n\t<meta property=\"og:image:height\" content=\"2000\" \/>\n\t<meta property=\"og:image:type\" content=\"image\/png\" \/>\n<meta name=\"twitter:card\" content=\"summary_large_image\" \/>\n<script type=\"application\/ld+json\" class=\"yoast-schema-graph\">{\"@context\":\"https:\/\/schema.org\",\"@graph\":[{\"@type\":\"WebPage\",\"@id\":\"https:\/\/asteralabs.org\/pl\/product\/17a-metylotestosteron\/\",\"url\":\"https:\/\/asteralabs.org\/pl\/product\/17a-metylotestosteron\/\",\"name\":\"17a-metylotestosteron - Astera Labs\",\"isPartOf\":{\"@id\":\"https:\/\/asteralabs.org\/pl\/#website\"},\"primaryImageOfPage\":{\"@id\":\"https:\/\/asteralabs.org\/pl\/product\/17a-metylotestosteron\/#primaryimage\"},\"image\":{\"@id\":\"https:\/\/asteralabs.org\/pl\/product\/17a-metylotestosteron\/#primaryimage\"},\"thumbnailUrl\":\"https:\/\/asteralabs.org\/wp-content\/uploads\/2023\/01\/17\u03b1-Methyltestosterone-mockup-nbg.png\",\"datePublished\":\"2023-01-10T22:52:49+00:00\",\"dateModified\":\"2026-01-16T08:05:49+00:00\",\"breadcrumb\":{\"@id\":\"https:\/\/asteralabs.org\/pl\/product\/17a-metylotestosteron\/#breadcrumb\"},\"inLanguage\":\"pl-PL\",\"potentialAction\":[{\"@type\":\"ReadAction\",\"target\":[\"https:\/\/asteralabs.org\/pl\/product\/17a-metylotestosteron\/\"]}]},{\"@type\":\"ImageObject\",\"inLanguage\":\"pl-PL\",\"@id\":\"https:\/\/asteralabs.org\/pl\/product\/17a-metylotestosteron\/#primaryimage\",\"url\":\"https:\/\/asteralabs.org\/wp-content\/uploads\/2023\/01\/17\u03b1-Methyltestosterone-mockup-nbg.png\",\"contentUrl\":\"https:\/\/asteralabs.org\/wp-content\/uploads\/2023\/01\/17\u03b1-Methyltestosterone-mockup-nbg.png\",\"width\":2000,\"height\":2000},{\"@type\":\"BreadcrumbList\",\"@id\":\"https:\/\/asteralabs.org\/pl\/product\/17a-metylotestosteron\/#breadcrumb\",\"itemListElement\":[{\"@type\":\"ListItem\",\"position\":1,\"name\":\"Home\",\"item\":\"https:\/\/asteralabs.org\/pl\/\"},{\"@type\":\"ListItem\",\"position\":2,\"name\":\"Sklep\",\"item\":\"https:\/\/asteralabs.org\/sklep\/\"},{\"@type\":\"ListItem\",\"position\":3,\"name\":\"17a-metylotestosteron\"}]},{\"@type\":\"WebSite\",\"@id\":\"https:\/\/asteralabs.org\/pl\/#website\",\"url\":\"https:\/\/asteralabs.org\/pl\/\",\"name\":\"Astera Labs\",\"description\":\"Improve Your Quality Of Life\",\"publisher\":{\"@id\":\"https:\/\/asteralabs.org\/pl\/#organization\"},\"potentialAction\":[{\"@type\":\"SearchAction\",\"target\":{\"@type\":\"EntryPoint\",\"urlTemplate\":\"https:\/\/asteralabs.org\/pl\/?s={search_term_string}\"},\"query-input\":\"required name=search_term_string\"}],\"inLanguage\":\"pl-PL\"},{\"@type\":\"Organization\",\"@id\":\"https:\/\/asteralabs.org\/pl\/#organization\",\"name\":\"Astera Labs\",\"url\":\"https:\/\/asteralabs.org\/pl\/\",\"logo\":{\"@type\":\"ImageObject\",\"inLanguage\":\"pl-PL\",\"@id\":\"https:\/\/asteralabs.org\/pl\/#\/schema\/logo\/image\/\",\"url\":\"https:\/\/asteralabs.org\/wp-content\/uploads\/2022\/12\/astera-2.png\",\"contentUrl\":\"https:\/\/asteralabs.org\/wp-content\/uploads\/2022\/12\/astera-2.png\",\"width\":437,\"height\":111,\"caption\":\"Astera Labs\"},\"image\":{\"@id\":\"https:\/\/asteralabs.org\/pl\/#\/schema\/logo\/image\/\"}}]}<\/script>\n<!-- \/ Yoast SEO plugin. -->","yoast_head_json":{"title":"17a-metylotestosteron - Astera Labs","robots":{"index":"index","follow":"follow","max-snippet":"max-snippet:-1","max-image-preview":"max-image-preview:large","max-video-preview":"max-video-preview:-1"},"canonical":"https:\/\/asteralabs.org\/pl\/product\/17a-metylotestosteron\/","og_locale":"pl_PL","og_type":"article","og_title":"17a-metylotestosteron - Astera Labs","og_description":"DAWKOWANIE: 17a-Methyltestosterone 25mg\/tab ZAWARTO\u015a\u0106 OPAKOWANIA: 1 saszetka, 100 tabletek, 25 mg na tabletk\u0119 CO TO JEST: Jest androgenem i sterydem anabolicznym, kt\u00f3ry jest stosowany w leczeniu niskiego poziomu testosteronu u m\u0119\u017cczyzn, op\u00f3\u017anionego dojrzewania u ch\u0142opc\u00f3w, w niskich dawkach jako sk\u0142adnik hormonalnej terapii menopauzalnej w przypadku objaw\u00f3w menopauzy, takich jak uderzenia gor\u0105ca, osteoporoza i niskie po\u017c\u0105danie&hellip;","og_url":"https:\/\/asteralabs.org\/pl\/product\/17a-metylotestosteron\/","og_site_name":"Astera Labs","article_modified_time":"2026-01-16T08:05:49+00:00","og_image":[{"width":2000,"height":2000,"url":"https:\/\/asteralabs.org\/wp-content\/uploads\/2023\/01\/17\u03b1-Methyltestosterone-mockup-nbg.png","type":"image\/png"}],"twitter_card":"summary_large_image","schema":{"@context":"https:\/\/schema.org","@graph":[{"@type":"WebPage","@id":"https:\/\/asteralabs.org\/pl\/product\/17a-metylotestosteron\/","url":"https:\/\/asteralabs.org\/pl\/product\/17a-metylotestosteron\/","name":"17a-metylotestosteron - Astera Labs","isPartOf":{"@id":"https:\/\/asteralabs.org\/pl\/#website"},"primaryImageOfPage":{"@id":"https:\/\/asteralabs.org\/pl\/product\/17a-metylotestosteron\/#primaryimage"},"image":{"@id":"https:\/\/asteralabs.org\/pl\/product\/17a-metylotestosteron\/#primaryimage"},"thumbnailUrl":"https:\/\/asteralabs.org\/wp-content\/uploads\/2023\/01\/17\u03b1-Methyltestosterone-mockup-nbg.png","datePublished":"2023-01-10T22:52:49+00:00","dateModified":"2026-01-16T08:05:49+00:00","breadcrumb":{"@id":"https:\/\/asteralabs.org\/pl\/product\/17a-metylotestosteron\/#breadcrumb"},"inLanguage":"pl-PL","potentialAction":[{"@type":"ReadAction","target":["https:\/\/asteralabs.org\/pl\/product\/17a-metylotestosteron\/"]}]},{"@type":"ImageObject","inLanguage":"pl-PL","@id":"https:\/\/asteralabs.org\/pl\/product\/17a-metylotestosteron\/#primaryimage","url":"https:\/\/asteralabs.org\/wp-content\/uploads\/2023\/01\/17\u03b1-Methyltestosterone-mockup-nbg.png","contentUrl":"https:\/\/asteralabs.org\/wp-content\/uploads\/2023\/01\/17\u03b1-Methyltestosterone-mockup-nbg.png","width":2000,"height":2000},{"@type":"BreadcrumbList","@id":"https:\/\/asteralabs.org\/pl\/product\/17a-metylotestosteron\/#breadcrumb","itemListElement":[{"@type":"ListItem","position":1,"name":"Home","item":"https:\/\/asteralabs.org\/pl\/"},{"@type":"ListItem","position":2,"name":"Sklep","item":"https:\/\/asteralabs.org\/sklep\/"},{"@type":"ListItem","position":3,"name":"17a-metylotestosteron"}]},{"@type":"WebSite","@id":"https:\/\/asteralabs.org\/pl\/#website","url":"https:\/\/asteralabs.org\/pl\/","name":"Astera Labs","description":"Improve Your Quality Of Life","publisher":{"@id":"https:\/\/asteralabs.org\/pl\/#organization"},"potentialAction":[{"@type":"SearchAction","target":{"@type":"EntryPoint","urlTemplate":"https:\/\/asteralabs.org\/pl\/?s={search_term_string}"},"query-input":"required name=search_term_string"}],"inLanguage":"pl-PL"},{"@type":"Organization","@id":"https:\/\/asteralabs.org\/pl\/#organization","name":"Astera Labs","url":"https:\/\/asteralabs.org\/pl\/","logo":{"@type":"ImageObject","inLanguage":"pl-PL","@id":"https:\/\/asteralabs.org\/pl\/#\/schema\/logo\/image\/","url":"https:\/\/asteralabs.org\/wp-content\/uploads\/2022\/12\/astera-2.png","contentUrl":"https:\/\/asteralabs.org\/wp-content\/uploads\/2022\/12\/astera-2.png","width":437,"height":111,"caption":"Astera Labs"},"image":{"@id":"https:\/\/asteralabs.org\/pl\/#\/schema\/logo\/image\/"}}]}},"_links":{"self":[{"href":"https:\/\/asteralabs.org\/pl\/wp-json\/wp\/v2\/product\/78198"}],"collection":[{"href":"https:\/\/asteralabs.org\/pl\/wp-json\/wp\/v2\/product"}],"about":[{"href":"https:\/\/asteralabs.org\/pl\/wp-json\/wp\/v2\/types\/product"}],"replies":[{"embeddable":true,"href":"https:\/\/asteralabs.org\/pl\/wp-json\/wp\/v2\/comments?post=78198"}],"version-history":[{"count":0,"href":"https:\/\/asteralabs.org\/pl\/wp-json\/wp\/v2\/product\/78198\/revisions"}],"wp:featuredmedia":[{"embeddable":true,"href":"https:\/\/asteralabs.org\/pl\/wp-json\/wp\/v2\/media\/76204"}],"wp:attachment":[{"href":"https:\/\/asteralabs.org\/pl\/wp-json\/wp\/v2\/media?parent=78198"}],"wp:term":[{"taxonomy":"product_cat","embeddable":true,"href":"https:\/\/asteralabs.org\/pl\/wp-json\/wp\/v2\/product_cat?post=78198"},{"taxonomy":"product_tag","embeddable":true,"href":"https:\/\/asteralabs.org\/pl\/wp-json\/wp\/v2\/product_tag?post=78198"}],"curies":[{"name":"wp","href":"https:\/\/api.w.org\/{rel}","templated":true}]}}