{"id":78204,"date":"2023-01-10T22:52:10","date_gmt":"2023-01-10T22:52:10","guid":{"rendered":"https:\/\/asteralabs.org\/product\/cytrynian-tamoksyfenu\/"},"modified":"2026-01-15T13:11:29","modified_gmt":"2026-01-15T13:11:29","slug":"cytrynian-tamoksyfenu","status":"publish","type":"product","link":"https:\/\/asteralabs.org\/pl\/product\/cytrynian-tamoksyfenu\/","title":{"rendered":"Cytrynian tamoksyfenu"},"content":{"rendered":"<p><strong>DAWKOWANIE: <\/strong><br \/>\nCytrynian tamoksyfenu 20mg\/tab <strong>ZAWARTO\u015a\u0106 OPAKOWANIA: <\/strong><br \/>\n1 saszetka, 50 tabletek, 20 mg na tabletk\u0119 <strong>CO TO JEST: <\/strong><br \/>\nCytrynian tamoksyfenu jest selektywnym modulatorem receptora estrogenowego. Selektywne modulatory receptora estrogenowego mog\u0105 dzia\u0142a\u0107 jako agoni\u015bci lub antagoni\u015bci receptora estrogenowego. Ta aktywno\u015b\u0107 cytrynianu tamoksyfenu jest selektywna tkankowo, wp\u0142ywaj\u0105c na receptory estrogenowe zlokalizowane w w\u0105trobie, piersi i ko\u015bciach.<br \/>\nKiedy cz\u0105steczka tamoksyfenu wi\u0105\u017ce si\u0119 z tym receptorem, estrogen jest blokowany i nie mo\u017ce wywiera\u0107 \u017cadnego efektu. Dla kulturyst\u00f3w cytrynian tamoksyfenu mo\u017ce pom\u00f3c na dwa sposoby.<br \/>\nPo pierwsze ze wzgl\u0119du na powinowactwo wi\u0105zania zwi\u0105zku jest w stanie pom\u00f3c w zapobieganiu ginekomastii. Tamoksyfen b\u0119dzie konkurowa\u0142 z estrogenem o receptory estrogenowe w niekt\u00f3rych tkankach, w tym w piersiach, a je\u015bli mo\u017ce wi\u0105za\u0107 si\u0119 z receptorem, estrogen nie b\u0119dzie mia\u0142 mo\u017cliwo\u015bci interakcji z receptorem, a zatem ginekomastia nie powinna by\u0107 w stanie si\u0119 rozwin\u0105\u0107. Drugim i prawdopodobnie bardziej korzystnym aspektem cytrynianu tamoksyfenu dla u\u017cytkownik\u00f3w steryd\u00f3w jest jego zdolno\u015b\u0107 do zwi\u0119kszania produkcji hormonu luteinizuj\u0105cego i hormonu folikulotropowego, a tym samym zwi\u0119kszania poziomu testosteronu. Ta zdolno\u015b\u0107 jest powodem, dla kt\u00f3rego jest<br \/>\ncz\u0119sto u\u017cywany przez u\u017cytkownik\u00f3w steryd\u00f3w podczas terapii po cyklu. <strong>SPOS\u00d3B U\u017bYCIA: <\/strong><br \/>\nDawka do leczenia zar\u00f3wno ginekomastii, jak i do stosowania w PCT waha si\u0119 mi\u0119dzy 20-40 mg dziennie, dawk\u0119 nale\u017cy regulowa\u0107 a\u017c do osi\u0105gni\u0119cia po\u017c\u0105danego efektu.<\/p>\n<p><strong>INFORMACJE O PARTII:<br \/>\n<\/strong>Nr partii: <span data-sheets-root=\"1\" data-sheets-value=\"{\" data-sheets-userformat=\"{\">ZF85240<\/span><br \/>\nData produkcji: <span data-sheets-root=\"1\" data-sheets-value=\"{\" data-sheets-userformat=\"{\">10.2025.<\/span><br \/>\nData wa\u017cno\u015bci: <span data-sheets-root=\"1\" data-sheets-value=\"{\" data-sheets-userformat=\"{\">10.2028.<\/span><\/p>\n","protected":false},"excerpt":{"rendered":"<p>DAWKOWANIE: Cytrynian tamoksyfenu 20mg\/tab ZAWARTO\u015a\u0106 OPAKOWANIA: 1 saszetka, 50 tabletek, 20 mg na tabletk\u0119 CO TO JEST: Cytrynian tamoksyfenu jest selektywnym modulatorem receptora estrogenowego. Selektywne modulatory receptora estrogenowego mog\u0105 dzia\u0142a\u0107 jako agoni\u015bci lub antagoni\u015bci receptora estrogenowego. Ta aktywno\u015b\u0107 cytrynianu tamoksyfenu jest selektywna tkankowo, wp\u0142ywaj\u0105c na receptory estrogenowe zlokalizowane w w\u0105trobie, piersi i ko\u015bciach. Kiedy cz\u0105steczka&hellip;<\/p>\n","protected":false},"featured_media":76356,"comment_status":"open","ping_status":"closed","template":"","meta":[],"product_cat":[167,180],"product_tag":[],"yoast_head":"<!-- This site is optimized with the Yoast SEO plugin v23.0 - https:\/\/yoast.com\/wordpress\/plugins\/seo\/ -->\n<title>Cytrynian tamoksyfenu - Astera Labs<\/title>\n<meta name=\"robots\" content=\"index, follow, max-snippet:-1, max-image-preview:large, max-video-preview:-1\" \/>\n<link rel=\"canonical\" href=\"https:\/\/asteralabs.org\/pl\/product\/cytrynian-tamoksyfenu\/\" \/>\n<meta property=\"og:locale\" content=\"pl_PL\" \/>\n<meta property=\"og:type\" content=\"article\" \/>\n<meta property=\"og:title\" content=\"Cytrynian tamoksyfenu - Astera Labs\" \/>\n<meta property=\"og:description\" content=\"DAWKOWANIE: Cytrynian tamoksyfenu 20mg\/tab ZAWARTO\u015a\u0106 OPAKOWANIA: 1 saszetka, 50 tabletek, 20 mg na tabletk\u0119 CO TO JEST: Cytrynian tamoksyfenu jest selektywnym modulatorem receptora estrogenowego. Selektywne modulatory receptora estrogenowego mog\u0105 dzia\u0142a\u0107 jako agoni\u015bci lub antagoni\u015bci receptora estrogenowego. Ta aktywno\u015b\u0107 cytrynianu tamoksyfenu jest selektywna tkankowo, wp\u0142ywaj\u0105c na receptory estrogenowe zlokalizowane w w\u0105trobie, piersi i ko\u015bciach. Kiedy cz\u0105steczka&hellip;\" \/>\n<meta property=\"og:url\" content=\"https:\/\/asteralabs.org\/pl\/product\/cytrynian-tamoksyfenu\/\" \/>\n<meta property=\"og:site_name\" content=\"Astera Labs\" \/>\n<meta property=\"article:modified_time\" content=\"2026-01-15T13:11:29+00:00\" \/>\n<meta property=\"og:image\" content=\"https:\/\/asteralabs.org\/wp-content\/uploads\/2023\/01\/Tamoxifen-citrate-mockup-nbg.png\" \/>\n\t<meta property=\"og:image:width\" content=\"2000\" \/>\n\t<meta property=\"og:image:height\" content=\"2000\" \/>\n\t<meta property=\"og:image:type\" content=\"image\/png\" \/>\n<meta name=\"twitter:card\" content=\"summary_large_image\" \/>\n<script type=\"application\/ld+json\" class=\"yoast-schema-graph\">{\"@context\":\"https:\/\/schema.org\",\"@graph\":[{\"@type\":\"WebPage\",\"@id\":\"https:\/\/asteralabs.org\/pl\/product\/cytrynian-tamoksyfenu\/\",\"url\":\"https:\/\/asteralabs.org\/pl\/product\/cytrynian-tamoksyfenu\/\",\"name\":\"Cytrynian tamoksyfenu - Astera Labs\",\"isPartOf\":{\"@id\":\"https:\/\/asteralabs.org\/pl\/#website\"},\"primaryImageOfPage\":{\"@id\":\"https:\/\/asteralabs.org\/pl\/product\/cytrynian-tamoksyfenu\/#primaryimage\"},\"image\":{\"@id\":\"https:\/\/asteralabs.org\/pl\/product\/cytrynian-tamoksyfenu\/#primaryimage\"},\"thumbnailUrl\":\"https:\/\/asteralabs.org\/wp-content\/uploads\/2023\/01\/Tamoxifen-citrate-mockup-nbg.png\",\"datePublished\":\"2023-01-10T22:52:10+00:00\",\"dateModified\":\"2026-01-15T13:11:29+00:00\",\"breadcrumb\":{\"@id\":\"https:\/\/asteralabs.org\/pl\/product\/cytrynian-tamoksyfenu\/#breadcrumb\"},\"inLanguage\":\"pl-PL\",\"potentialAction\":[{\"@type\":\"ReadAction\",\"target\":[\"https:\/\/asteralabs.org\/pl\/product\/cytrynian-tamoksyfenu\/\"]}]},{\"@type\":\"ImageObject\",\"inLanguage\":\"pl-PL\",\"@id\":\"https:\/\/asteralabs.org\/pl\/product\/cytrynian-tamoksyfenu\/#primaryimage\",\"url\":\"https:\/\/asteralabs.org\/wp-content\/uploads\/2023\/01\/Tamoxifen-citrate-mockup-nbg.png\",\"contentUrl\":\"https:\/\/asteralabs.org\/wp-content\/uploads\/2023\/01\/Tamoxifen-citrate-mockup-nbg.png\",\"width\":2000,\"height\":2000},{\"@type\":\"BreadcrumbList\",\"@id\":\"https:\/\/asteralabs.org\/pl\/product\/cytrynian-tamoksyfenu\/#breadcrumb\",\"itemListElement\":[{\"@type\":\"ListItem\",\"position\":1,\"name\":\"Home\",\"item\":\"https:\/\/asteralabs.org\/pl\/\"},{\"@type\":\"ListItem\",\"position\":2,\"name\":\"Sklep\",\"item\":\"https:\/\/asteralabs.org\/sklep\/\"},{\"@type\":\"ListItem\",\"position\":3,\"name\":\"Cytrynian tamoksyfenu\"}]},{\"@type\":\"WebSite\",\"@id\":\"https:\/\/asteralabs.org\/pl\/#website\",\"url\":\"https:\/\/asteralabs.org\/pl\/\",\"name\":\"Astera Labs\",\"description\":\"Improve Your Quality Of Life\",\"publisher\":{\"@id\":\"https:\/\/asteralabs.org\/pl\/#organization\"},\"potentialAction\":[{\"@type\":\"SearchAction\",\"target\":{\"@type\":\"EntryPoint\",\"urlTemplate\":\"https:\/\/asteralabs.org\/pl\/?s={search_term_string}\"},\"query-input\":\"required name=search_term_string\"}],\"inLanguage\":\"pl-PL\"},{\"@type\":\"Organization\",\"@id\":\"https:\/\/asteralabs.org\/pl\/#organization\",\"name\":\"Astera Labs\",\"url\":\"https:\/\/asteralabs.org\/pl\/\",\"logo\":{\"@type\":\"ImageObject\",\"inLanguage\":\"pl-PL\",\"@id\":\"https:\/\/asteralabs.org\/pl\/#\/schema\/logo\/image\/\",\"url\":\"https:\/\/asteralabs.org\/wp-content\/uploads\/2022\/12\/astera-2.png\",\"contentUrl\":\"https:\/\/asteralabs.org\/wp-content\/uploads\/2022\/12\/astera-2.png\",\"width\":437,\"height\":111,\"caption\":\"Astera Labs\"},\"image\":{\"@id\":\"https:\/\/asteralabs.org\/pl\/#\/schema\/logo\/image\/\"}}]}<\/script>\n<!-- \/ Yoast SEO plugin. -->","yoast_head_json":{"title":"Cytrynian tamoksyfenu - Astera Labs","robots":{"index":"index","follow":"follow","max-snippet":"max-snippet:-1","max-image-preview":"max-image-preview:large","max-video-preview":"max-video-preview:-1"},"canonical":"https:\/\/asteralabs.org\/pl\/product\/cytrynian-tamoksyfenu\/","og_locale":"pl_PL","og_type":"article","og_title":"Cytrynian tamoksyfenu - Astera Labs","og_description":"DAWKOWANIE: Cytrynian tamoksyfenu 20mg\/tab ZAWARTO\u015a\u0106 OPAKOWANIA: 1 saszetka, 50 tabletek, 20 mg na tabletk\u0119 CO TO JEST: Cytrynian tamoksyfenu jest selektywnym modulatorem receptora estrogenowego. Selektywne modulatory receptora estrogenowego mog\u0105 dzia\u0142a\u0107 jako agoni\u015bci lub antagoni\u015bci receptora estrogenowego. Ta aktywno\u015b\u0107 cytrynianu tamoksyfenu jest selektywna tkankowo, wp\u0142ywaj\u0105c na receptory estrogenowe zlokalizowane w w\u0105trobie, piersi i ko\u015bciach. Kiedy cz\u0105steczka&hellip;","og_url":"https:\/\/asteralabs.org\/pl\/product\/cytrynian-tamoksyfenu\/","og_site_name":"Astera Labs","article_modified_time":"2026-01-15T13:11:29+00:00","og_image":[{"width":2000,"height":2000,"url":"https:\/\/asteralabs.org\/wp-content\/uploads\/2023\/01\/Tamoxifen-citrate-mockup-nbg.png","type":"image\/png"}],"twitter_card":"summary_large_image","schema":{"@context":"https:\/\/schema.org","@graph":[{"@type":"WebPage","@id":"https:\/\/asteralabs.org\/pl\/product\/cytrynian-tamoksyfenu\/","url":"https:\/\/asteralabs.org\/pl\/product\/cytrynian-tamoksyfenu\/","name":"Cytrynian tamoksyfenu - Astera Labs","isPartOf":{"@id":"https:\/\/asteralabs.org\/pl\/#website"},"primaryImageOfPage":{"@id":"https:\/\/asteralabs.org\/pl\/product\/cytrynian-tamoksyfenu\/#primaryimage"},"image":{"@id":"https:\/\/asteralabs.org\/pl\/product\/cytrynian-tamoksyfenu\/#primaryimage"},"thumbnailUrl":"https:\/\/asteralabs.org\/wp-content\/uploads\/2023\/01\/Tamoxifen-citrate-mockup-nbg.png","datePublished":"2023-01-10T22:52:10+00:00","dateModified":"2026-01-15T13:11:29+00:00","breadcrumb":{"@id":"https:\/\/asteralabs.org\/pl\/product\/cytrynian-tamoksyfenu\/#breadcrumb"},"inLanguage":"pl-PL","potentialAction":[{"@type":"ReadAction","target":["https:\/\/asteralabs.org\/pl\/product\/cytrynian-tamoksyfenu\/"]}]},{"@type":"ImageObject","inLanguage":"pl-PL","@id":"https:\/\/asteralabs.org\/pl\/product\/cytrynian-tamoksyfenu\/#primaryimage","url":"https:\/\/asteralabs.org\/wp-content\/uploads\/2023\/01\/Tamoxifen-citrate-mockup-nbg.png","contentUrl":"https:\/\/asteralabs.org\/wp-content\/uploads\/2023\/01\/Tamoxifen-citrate-mockup-nbg.png","width":2000,"height":2000},{"@type":"BreadcrumbList","@id":"https:\/\/asteralabs.org\/pl\/product\/cytrynian-tamoksyfenu\/#breadcrumb","itemListElement":[{"@type":"ListItem","position":1,"name":"Home","item":"https:\/\/asteralabs.org\/pl\/"},{"@type":"ListItem","position":2,"name":"Sklep","item":"https:\/\/asteralabs.org\/sklep\/"},{"@type":"ListItem","position":3,"name":"Cytrynian tamoksyfenu"}]},{"@type":"WebSite","@id":"https:\/\/asteralabs.org\/pl\/#website","url":"https:\/\/asteralabs.org\/pl\/","name":"Astera Labs","description":"Improve Your Quality Of Life","publisher":{"@id":"https:\/\/asteralabs.org\/pl\/#organization"},"potentialAction":[{"@type":"SearchAction","target":{"@type":"EntryPoint","urlTemplate":"https:\/\/asteralabs.org\/pl\/?s={search_term_string}"},"query-input":"required name=search_term_string"}],"inLanguage":"pl-PL"},{"@type":"Organization","@id":"https:\/\/asteralabs.org\/pl\/#organization","name":"Astera Labs","url":"https:\/\/asteralabs.org\/pl\/","logo":{"@type":"ImageObject","inLanguage":"pl-PL","@id":"https:\/\/asteralabs.org\/pl\/#\/schema\/logo\/image\/","url":"https:\/\/asteralabs.org\/wp-content\/uploads\/2022\/12\/astera-2.png","contentUrl":"https:\/\/asteralabs.org\/wp-content\/uploads\/2022\/12\/astera-2.png","width":437,"height":111,"caption":"Astera Labs"},"image":{"@id":"https:\/\/asteralabs.org\/pl\/#\/schema\/logo\/image\/"}}]}},"_links":{"self":[{"href":"https:\/\/asteralabs.org\/pl\/wp-json\/wp\/v2\/product\/78204"}],"collection":[{"href":"https:\/\/asteralabs.org\/pl\/wp-json\/wp\/v2\/product"}],"about":[{"href":"https:\/\/asteralabs.org\/pl\/wp-json\/wp\/v2\/types\/product"}],"replies":[{"embeddable":true,"href":"https:\/\/asteralabs.org\/pl\/wp-json\/wp\/v2\/comments?post=78204"}],"version-history":[{"count":2,"href":"https:\/\/asteralabs.org\/pl\/wp-json\/wp\/v2\/product\/78204\/revisions"}],"predecessor-version":[{"id":79856,"href":"https:\/\/asteralabs.org\/pl\/wp-json\/wp\/v2\/product\/78204\/revisions\/79856"}],"wp:featuredmedia":[{"embeddable":true,"href":"https:\/\/asteralabs.org\/pl\/wp-json\/wp\/v2\/media\/76356"}],"wp:attachment":[{"href":"https:\/\/asteralabs.org\/pl\/wp-json\/wp\/v2\/media?parent=78204"}],"wp:term":[{"taxonomy":"product_cat","embeddable":true,"href":"https:\/\/asteralabs.org\/pl\/wp-json\/wp\/v2\/product_cat?post=78204"},{"taxonomy":"product_tag","embeddable":true,"href":"https:\/\/asteralabs.org\/pl\/wp-json\/wp\/v2\/product_tag?post=78204"}],"curies":[{"name":"wp","href":"https:\/\/api.w.org\/{rel}","templated":true}]}}