{"id":78209,"date":"2023-01-10T22:51:03","date_gmt":"2023-01-10T22:51:03","guid":{"rendered":"https:\/\/asteralabs.org\/product\/cytrynian-klomifenu\/"},"modified":"2026-01-16T08:40:51","modified_gmt":"2026-01-16T08:40:51","slug":"cytrynian-klomifenu","status":"publish","type":"product","link":"https:\/\/asteralabs.org\/pl\/product\/cytrynian-klomifenu\/","title":{"rendered":"Cytrynian klomifenu"},"content":{"rendered":"<p><strong>DAWKOWANIE: <\/strong><br \/>\nCytrynian klomifenu 50mg\/tab <strong>ZAWARTO\u015a\u0106 OPAKOWANIA: <\/strong><br \/>\n1 saszetka, 50 tabletek, 50mg na tabletk\u0119 <strong>CO TO JEST: <\/strong><br \/>\nPierwotnie opracowany jako \u015brodek wspomagaj\u0105cy p\u0142odno\u015b\u0107 kobiet, cytrynian klomifenu jest popularny w\u015br\u00f3d u\u017cytkownik\u00f3w steryd\u00f3w od d\u0142u\u017cszego czasu jako zwi\u0105zek stosowany po cyklu, kt\u00f3ry pomaga przywr\u00f3ci\u0107 naturaln\u0105 produkcj\u0119 testosteronu. Zwi\u0105zek ten dzia\u0142a poprzez cz\u0119\u015bciowe lub ca\u0142kowite blokowanie dzia\u0142ania estrogenu w organizmie. Wynika to z faktu, \u017ce jest to syntetyczny estrogen o w\u0142a\u015bciwo\u015bciach zar\u00f3wno agonistycznych, jak i antagonistycznych. <strong>SPOS\u00d3B U\u017bYCIA: <\/strong><br \/>\nZaleca si\u0119 przyjmowanie od 25 do 50 mg dziennie przez 3 tygodnie, dawk\u0119 nale\u017cy dostosowa\u0107 w zale\u017cno\u015bci od po\u017c\u0105danego efektu i skutk\u00f3w ubocznych. <strong>INFORMACJE O PARTII:<br \/>\n<\/strong>Nr partii: <span data-sheets-root=\"1\" data-sheets-value=\"{\" data-sheets-userformat=\"{\">AD40777<\/span><br \/>\nData produkcji: <span data-sheets-root=\"1\" data-sheets-value=\"{\" data-sheets-userformat=\"{\">10.2025.<\/span><br \/>\nData wa\u017cno\u015bci: <span data-sheets-root=\"1\" data-sheets-value=\"{\" data-sheets-userformat=\"{\">10.2028.<\/span><\/p>\n","protected":false},"excerpt":{"rendered":"<p>DAWKOWANIE: Cytrynian klomifenu 50mg\/tab ZAWARTO\u015a\u0106 OPAKOWANIA: 1 saszetka, 50 tabletek, 50mg na tabletk\u0119 CO TO JEST: Pierwotnie opracowany jako \u015brodek wspomagaj\u0105cy p\u0142odno\u015b\u0107 kobiet, cytrynian klomifenu jest popularny w\u015br\u00f3d u\u017cytkownik\u00f3w steryd\u00f3w od d\u0142u\u017cszego czasu jako zwi\u0105zek stosowany po cyklu, kt\u00f3ry pomaga przywr\u00f3ci\u0107 naturaln\u0105 produkcj\u0119 testosteronu. Zwi\u0105zek ten dzia\u0142a poprzez cz\u0119\u015bciowe lub ca\u0142kowite blokowanie dzia\u0142ania estrogenu w&hellip;<\/p>\n","protected":false},"featured_media":76236,"comment_status":"open","ping_status":"closed","template":"","meta":[],"product_cat":[167,180],"product_tag":[],"yoast_head":"<!-- This site is optimized with the Yoast SEO plugin v23.0 - https:\/\/yoast.com\/wordpress\/plugins\/seo\/ -->\n<title>Cytrynian klomifenu - Astera Labs<\/title>\n<meta name=\"robots\" content=\"index, follow, max-snippet:-1, max-image-preview:large, max-video-preview:-1\" \/>\n<link rel=\"canonical\" href=\"https:\/\/asteralabs.org\/pl\/product\/cytrynian-klomifenu\/\" \/>\n<meta property=\"og:locale\" content=\"pl_PL\" \/>\n<meta property=\"og:type\" content=\"article\" \/>\n<meta property=\"og:title\" content=\"Cytrynian klomifenu - Astera Labs\" \/>\n<meta property=\"og:description\" content=\"DAWKOWANIE: Cytrynian klomifenu 50mg\/tab ZAWARTO\u015a\u0106 OPAKOWANIA: 1 saszetka, 50 tabletek, 50mg na tabletk\u0119 CO TO JEST: Pierwotnie opracowany jako \u015brodek wspomagaj\u0105cy p\u0142odno\u015b\u0107 kobiet, cytrynian klomifenu jest popularny w\u015br\u00f3d u\u017cytkownik\u00f3w steryd\u00f3w od d\u0142u\u017cszego czasu jako zwi\u0105zek stosowany po cyklu, kt\u00f3ry pomaga przywr\u00f3ci\u0107 naturaln\u0105 produkcj\u0119 testosteronu. Zwi\u0105zek ten dzia\u0142a poprzez cz\u0119\u015bciowe lub ca\u0142kowite blokowanie dzia\u0142ania estrogenu w&hellip;\" \/>\n<meta property=\"og:url\" content=\"https:\/\/asteralabs.org\/pl\/product\/cytrynian-klomifenu\/\" \/>\n<meta property=\"og:site_name\" content=\"Astera Labs\" \/>\n<meta property=\"article:modified_time\" content=\"2026-01-16T08:40:51+00:00\" \/>\n<meta property=\"og:image\" content=\"https:\/\/asteralabs.org\/wp-content\/uploads\/2023\/01\/Clomiphene-citrate-mockup-nbg.png\" \/>\n\t<meta property=\"og:image:width\" content=\"2000\" \/>\n\t<meta property=\"og:image:height\" content=\"2000\" \/>\n\t<meta property=\"og:image:type\" content=\"image\/png\" \/>\n<meta name=\"twitter:card\" content=\"summary_large_image\" \/>\n<script type=\"application\/ld+json\" class=\"yoast-schema-graph\">{\"@context\":\"https:\/\/schema.org\",\"@graph\":[{\"@type\":\"WebPage\",\"@id\":\"https:\/\/asteralabs.org\/pl\/product\/cytrynian-klomifenu\/\",\"url\":\"https:\/\/asteralabs.org\/pl\/product\/cytrynian-klomifenu\/\",\"name\":\"Cytrynian klomifenu - Astera Labs\",\"isPartOf\":{\"@id\":\"https:\/\/asteralabs.org\/pl\/#website\"},\"primaryImageOfPage\":{\"@id\":\"https:\/\/asteralabs.org\/pl\/product\/cytrynian-klomifenu\/#primaryimage\"},\"image\":{\"@id\":\"https:\/\/asteralabs.org\/pl\/product\/cytrynian-klomifenu\/#primaryimage\"},\"thumbnailUrl\":\"https:\/\/asteralabs.org\/wp-content\/uploads\/2023\/01\/Clomiphene-citrate-mockup-nbg.png\",\"datePublished\":\"2023-01-10T22:51:03+00:00\",\"dateModified\":\"2026-01-16T08:40:51+00:00\",\"breadcrumb\":{\"@id\":\"https:\/\/asteralabs.org\/pl\/product\/cytrynian-klomifenu\/#breadcrumb\"},\"inLanguage\":\"pl-PL\",\"potentialAction\":[{\"@type\":\"ReadAction\",\"target\":[\"https:\/\/asteralabs.org\/pl\/product\/cytrynian-klomifenu\/\"]}]},{\"@type\":\"ImageObject\",\"inLanguage\":\"pl-PL\",\"@id\":\"https:\/\/asteralabs.org\/pl\/product\/cytrynian-klomifenu\/#primaryimage\",\"url\":\"https:\/\/asteralabs.org\/wp-content\/uploads\/2023\/01\/Clomiphene-citrate-mockup-nbg.png\",\"contentUrl\":\"https:\/\/asteralabs.org\/wp-content\/uploads\/2023\/01\/Clomiphene-citrate-mockup-nbg.png\",\"width\":2000,\"height\":2000},{\"@type\":\"BreadcrumbList\",\"@id\":\"https:\/\/asteralabs.org\/pl\/product\/cytrynian-klomifenu\/#breadcrumb\",\"itemListElement\":[{\"@type\":\"ListItem\",\"position\":1,\"name\":\"Home\",\"item\":\"https:\/\/asteralabs.org\/pl\/\"},{\"@type\":\"ListItem\",\"position\":2,\"name\":\"Sklep\",\"item\":\"https:\/\/asteralabs.org\/sklep\/\"},{\"@type\":\"ListItem\",\"position\":3,\"name\":\"Cytrynian klomifenu\"}]},{\"@type\":\"WebSite\",\"@id\":\"https:\/\/asteralabs.org\/pl\/#website\",\"url\":\"https:\/\/asteralabs.org\/pl\/\",\"name\":\"Astera Labs\",\"description\":\"Improve Your Quality Of Life\",\"publisher\":{\"@id\":\"https:\/\/asteralabs.org\/pl\/#organization\"},\"potentialAction\":[{\"@type\":\"SearchAction\",\"target\":{\"@type\":\"EntryPoint\",\"urlTemplate\":\"https:\/\/asteralabs.org\/pl\/?s={search_term_string}\"},\"query-input\":\"required name=search_term_string\"}],\"inLanguage\":\"pl-PL\"},{\"@type\":\"Organization\",\"@id\":\"https:\/\/asteralabs.org\/pl\/#organization\",\"name\":\"Astera Labs\",\"url\":\"https:\/\/asteralabs.org\/pl\/\",\"logo\":{\"@type\":\"ImageObject\",\"inLanguage\":\"pl-PL\",\"@id\":\"https:\/\/asteralabs.org\/pl\/#\/schema\/logo\/image\/\",\"url\":\"https:\/\/asteralabs.org\/wp-content\/uploads\/2022\/12\/astera-2.png\",\"contentUrl\":\"https:\/\/asteralabs.org\/wp-content\/uploads\/2022\/12\/astera-2.png\",\"width\":437,\"height\":111,\"caption\":\"Astera Labs\"},\"image\":{\"@id\":\"https:\/\/asteralabs.org\/pl\/#\/schema\/logo\/image\/\"}}]}<\/script>\n<!-- \/ Yoast SEO plugin. -->","yoast_head_json":{"title":"Cytrynian klomifenu - Astera Labs","robots":{"index":"index","follow":"follow","max-snippet":"max-snippet:-1","max-image-preview":"max-image-preview:large","max-video-preview":"max-video-preview:-1"},"canonical":"https:\/\/asteralabs.org\/pl\/product\/cytrynian-klomifenu\/","og_locale":"pl_PL","og_type":"article","og_title":"Cytrynian klomifenu - Astera Labs","og_description":"DAWKOWANIE: Cytrynian klomifenu 50mg\/tab ZAWARTO\u015a\u0106 OPAKOWANIA: 1 saszetka, 50 tabletek, 50mg na tabletk\u0119 CO TO JEST: Pierwotnie opracowany jako \u015brodek wspomagaj\u0105cy p\u0142odno\u015b\u0107 kobiet, cytrynian klomifenu jest popularny w\u015br\u00f3d u\u017cytkownik\u00f3w steryd\u00f3w od d\u0142u\u017cszego czasu jako zwi\u0105zek stosowany po cyklu, kt\u00f3ry pomaga przywr\u00f3ci\u0107 naturaln\u0105 produkcj\u0119 testosteronu. Zwi\u0105zek ten dzia\u0142a poprzez cz\u0119\u015bciowe lub ca\u0142kowite blokowanie dzia\u0142ania estrogenu w&hellip;","og_url":"https:\/\/asteralabs.org\/pl\/product\/cytrynian-klomifenu\/","og_site_name":"Astera Labs","article_modified_time":"2026-01-16T08:40:51+00:00","og_image":[{"width":2000,"height":2000,"url":"https:\/\/asteralabs.org\/wp-content\/uploads\/2023\/01\/Clomiphene-citrate-mockup-nbg.png","type":"image\/png"}],"twitter_card":"summary_large_image","schema":{"@context":"https:\/\/schema.org","@graph":[{"@type":"WebPage","@id":"https:\/\/asteralabs.org\/pl\/product\/cytrynian-klomifenu\/","url":"https:\/\/asteralabs.org\/pl\/product\/cytrynian-klomifenu\/","name":"Cytrynian klomifenu - Astera Labs","isPartOf":{"@id":"https:\/\/asteralabs.org\/pl\/#website"},"primaryImageOfPage":{"@id":"https:\/\/asteralabs.org\/pl\/product\/cytrynian-klomifenu\/#primaryimage"},"image":{"@id":"https:\/\/asteralabs.org\/pl\/product\/cytrynian-klomifenu\/#primaryimage"},"thumbnailUrl":"https:\/\/asteralabs.org\/wp-content\/uploads\/2023\/01\/Clomiphene-citrate-mockup-nbg.png","datePublished":"2023-01-10T22:51:03+00:00","dateModified":"2026-01-16T08:40:51+00:00","breadcrumb":{"@id":"https:\/\/asteralabs.org\/pl\/product\/cytrynian-klomifenu\/#breadcrumb"},"inLanguage":"pl-PL","potentialAction":[{"@type":"ReadAction","target":["https:\/\/asteralabs.org\/pl\/product\/cytrynian-klomifenu\/"]}]},{"@type":"ImageObject","inLanguage":"pl-PL","@id":"https:\/\/asteralabs.org\/pl\/product\/cytrynian-klomifenu\/#primaryimage","url":"https:\/\/asteralabs.org\/wp-content\/uploads\/2023\/01\/Clomiphene-citrate-mockup-nbg.png","contentUrl":"https:\/\/asteralabs.org\/wp-content\/uploads\/2023\/01\/Clomiphene-citrate-mockup-nbg.png","width":2000,"height":2000},{"@type":"BreadcrumbList","@id":"https:\/\/asteralabs.org\/pl\/product\/cytrynian-klomifenu\/#breadcrumb","itemListElement":[{"@type":"ListItem","position":1,"name":"Home","item":"https:\/\/asteralabs.org\/pl\/"},{"@type":"ListItem","position":2,"name":"Sklep","item":"https:\/\/asteralabs.org\/sklep\/"},{"@type":"ListItem","position":3,"name":"Cytrynian klomifenu"}]},{"@type":"WebSite","@id":"https:\/\/asteralabs.org\/pl\/#website","url":"https:\/\/asteralabs.org\/pl\/","name":"Astera Labs","description":"Improve Your Quality Of Life","publisher":{"@id":"https:\/\/asteralabs.org\/pl\/#organization"},"potentialAction":[{"@type":"SearchAction","target":{"@type":"EntryPoint","urlTemplate":"https:\/\/asteralabs.org\/pl\/?s={search_term_string}"},"query-input":"required name=search_term_string"}],"inLanguage":"pl-PL"},{"@type":"Organization","@id":"https:\/\/asteralabs.org\/pl\/#organization","name":"Astera Labs","url":"https:\/\/asteralabs.org\/pl\/","logo":{"@type":"ImageObject","inLanguage":"pl-PL","@id":"https:\/\/asteralabs.org\/pl\/#\/schema\/logo\/image\/","url":"https:\/\/asteralabs.org\/wp-content\/uploads\/2022\/12\/astera-2.png","contentUrl":"https:\/\/asteralabs.org\/wp-content\/uploads\/2022\/12\/astera-2.png","width":437,"height":111,"caption":"Astera Labs"},"image":{"@id":"https:\/\/asteralabs.org\/pl\/#\/schema\/logo\/image\/"}}]}},"_links":{"self":[{"href":"https:\/\/asteralabs.org\/pl\/wp-json\/wp\/v2\/product\/78209"}],"collection":[{"href":"https:\/\/asteralabs.org\/pl\/wp-json\/wp\/v2\/product"}],"about":[{"href":"https:\/\/asteralabs.org\/pl\/wp-json\/wp\/v2\/types\/product"}],"replies":[{"embeddable":true,"href":"https:\/\/asteralabs.org\/pl\/wp-json\/wp\/v2\/comments?post=78209"}],"version-history":[{"count":0,"href":"https:\/\/asteralabs.org\/pl\/wp-json\/wp\/v2\/product\/78209\/revisions"}],"wp:featuredmedia":[{"embeddable":true,"href":"https:\/\/asteralabs.org\/pl\/wp-json\/wp\/v2\/media\/76236"}],"wp:attachment":[{"href":"https:\/\/asteralabs.org\/pl\/wp-json\/wp\/v2\/media?parent=78209"}],"wp:term":[{"taxonomy":"product_cat","embeddable":true,"href":"https:\/\/asteralabs.org\/pl\/wp-json\/wp\/v2\/product_cat?post=78209"},{"taxonomy":"product_tag","embeddable":true,"href":"https:\/\/asteralabs.org\/pl\/wp-json\/wp\/v2\/product_tag?post=78209"}],"curies":[{"name":"wp","href":"https:\/\/api.w.org\/{rel}","templated":true}]}}