{"id":78217,"date":"2023-01-10T22:49:48","date_gmt":"2023-01-10T22:49:48","guid":{"rendered":"https:\/\/asteralabs.org\/product\/anastrozol\/"},"modified":"2026-01-16T08:13:08","modified_gmt":"2026-01-16T08:13:08","slug":"anastrozol","status":"publish","type":"product","link":"https:\/\/asteralabs.org\/pl\/product\/anastrozol\/","title":{"rendered":"Anastrozol"},"content":{"rendered":"<p><strong>DAWKOWANIE: <\/strong><br \/>\nAnastrozol 1mg\/tab <strong>ZAWARTO\u015a\u0106 OPAKOWANIA: <\/strong><br \/>\n1 saszetka, 50 tab, 1mg na tab <strong>CO TO JEST: <\/strong><br \/>\nAnastrozol jest inhibitorem aromatazy. Inhibitory aromatazy zapobiegaj\u0105 przekszta\u0142caniu androgen\u00f3w w estrogeny w tkance t\u0142uszczowej, mi\u0119\u015bniach, piersiach i m\u00f3zgu. Medyczne zastosowanie Anastrozolu polega przede wszystkim na hamowaniu progresji i wzrostu raka piersi u kobiet poprzez blokowanie enzymu aromatazy. Anastrozol jest r\u00f3wnie\u017c stosowany przez niekt\u00f3rych lekarzy w leczeniu niskiego poziomu testosteronu u m\u0119\u017cczyzn, a tak\u017ce w po\u0142\u0105czeniu z testosteronow\u0105 terapi\u0105 zast\u0119pcz\u0105.<br \/>\nW przypadku kulturyst\u00f3w i sportowc\u00f3w si\u0142owych Anastrozol jest stosowany w celu zminimalizowania aromatyzacji steryd\u00f3w anabolicznych, aw mniejszym stopniu ze wzgl\u0119du na jego zdolno\u015b\u0107 do podnoszenia poziomu testosteronu u u\u017cytkownik\u00f3w.<br \/>\nZmniejszaj\u0105c ilo\u015b\u0107 estrogenu w organizmie u\u017cytkownika steryd\u00f3w, b\u0119dzie on w stanie unikn\u0105\u0107 skutk\u00f3w ubocznych zwi\u0105zanych z estrogenami, takich jak zatrzymywanie wody, gynocomastia itp. <strong>SPOS\u00d3B U\u017bYCIA: <\/strong><br \/>\nDawkowanie r\u00f3\u017cni si\u0119 znacznie w zale\u017cno\u015bci od u\u017cytkownika i stosowanych zwi\u0105zk\u00f3w aromatyzuj\u0105cych, niekt\u00f3rzy u\u017cytkownicy stwierdz\u0105, \u017ce 0,5 mg E3.5D wystarczy, aby nie mie\u0107 \u017cadnych estrogennych skutk\u00f3w ubocznych.<\/p>\n<p><strong>INFORMACJE O PARTII:<br \/>\n<\/strong>Nr partii: <span data-sheets-root=\"1\" data-sheets-value=\"{\" data-sheets-userformat=\"{\">DM55007<\/span><br \/>\nData produkcji: <span data-sheets-root=\"1\" data-sheets-value=\"{\" data-sheets-userformat=\"{\">10.2025.<\/span><br \/>\nData wa\u017cno\u015bci: <span data-sheets-root=\"1\" data-sheets-value=\"{\" data-sheets-userformat=\"{\">10.2028.<\/span><\/p>\n","protected":false},"excerpt":{"rendered":"<p>DAWKOWANIE: Anastrozol 1mg\/tab ZAWARTO\u015a\u0106 OPAKOWANIA: 1 saszetka, 50 tab, 1mg na tab CO TO JEST: Anastrozol jest inhibitorem aromatazy. Inhibitory aromatazy zapobiegaj\u0105 przekszta\u0142caniu androgen\u00f3w w estrogeny w tkance t\u0142uszczowej, mi\u0119\u015bniach, piersiach i m\u00f3zgu. Medyczne zastosowanie Anastrozolu polega przede wszystkim na hamowaniu progresji i wzrostu raka piersi u kobiet poprzez blokowanie enzymu aromatazy. Anastrozol jest r\u00f3wnie\u017c&hellip;<\/p>\n","protected":false},"featured_media":76212,"comment_status":"open","ping_status":"closed","template":"","meta":[],"product_cat":[167,180],"product_tag":[],"yoast_head":"<!-- This site is optimized with the Yoast SEO plugin v23.0 - https:\/\/yoast.com\/wordpress\/plugins\/seo\/ -->\n<title>Anastrozol - Astera Labs<\/title>\n<meta name=\"robots\" content=\"index, follow, max-snippet:-1, max-image-preview:large, max-video-preview:-1\" \/>\n<link rel=\"canonical\" href=\"https:\/\/asteralabs.org\/pl\/product\/anastrozol\/\" \/>\n<meta property=\"og:locale\" content=\"pl_PL\" \/>\n<meta property=\"og:type\" content=\"article\" \/>\n<meta property=\"og:title\" content=\"Anastrozol - Astera Labs\" \/>\n<meta property=\"og:description\" content=\"DAWKOWANIE: Anastrozol 1mg\/tab ZAWARTO\u015a\u0106 OPAKOWANIA: 1 saszetka, 50 tab, 1mg na tab CO TO JEST: Anastrozol jest inhibitorem aromatazy. Inhibitory aromatazy zapobiegaj\u0105 przekszta\u0142caniu androgen\u00f3w w estrogeny w tkance t\u0142uszczowej, mi\u0119\u015bniach, piersiach i m\u00f3zgu. Medyczne zastosowanie Anastrozolu polega przede wszystkim na hamowaniu progresji i wzrostu raka piersi u kobiet poprzez blokowanie enzymu aromatazy. Anastrozol jest r\u00f3wnie\u017c&hellip;\" \/>\n<meta property=\"og:url\" content=\"https:\/\/asteralabs.org\/pl\/product\/anastrozol\/\" \/>\n<meta property=\"og:site_name\" content=\"Astera Labs\" \/>\n<meta property=\"article:modified_time\" content=\"2026-01-16T08:13:08+00:00\" \/>\n<meta property=\"og:image\" content=\"https:\/\/asteralabs.org\/wp-content\/uploads\/2023\/01\/Anastrozole-mockup-nbg.png\" \/>\n\t<meta property=\"og:image:width\" content=\"2000\" \/>\n\t<meta property=\"og:image:height\" content=\"2000\" \/>\n\t<meta property=\"og:image:type\" content=\"image\/png\" \/>\n<meta name=\"twitter:card\" content=\"summary_large_image\" \/>\n<script type=\"application\/ld+json\" class=\"yoast-schema-graph\">{\"@context\":\"https:\/\/schema.org\",\"@graph\":[{\"@type\":\"WebPage\",\"@id\":\"https:\/\/asteralabs.org\/pl\/product\/anastrozol\/\",\"url\":\"https:\/\/asteralabs.org\/pl\/product\/anastrozol\/\",\"name\":\"Anastrozol - Astera Labs\",\"isPartOf\":{\"@id\":\"https:\/\/asteralabs.org\/pl\/#website\"},\"primaryImageOfPage\":{\"@id\":\"https:\/\/asteralabs.org\/pl\/product\/anastrozol\/#primaryimage\"},\"image\":{\"@id\":\"https:\/\/asteralabs.org\/pl\/product\/anastrozol\/#primaryimage\"},\"thumbnailUrl\":\"https:\/\/asteralabs.org\/wp-content\/uploads\/2023\/01\/Anastrozole-mockup-nbg.png\",\"datePublished\":\"2023-01-10T22:49:48+00:00\",\"dateModified\":\"2026-01-16T08:13:08+00:00\",\"breadcrumb\":{\"@id\":\"https:\/\/asteralabs.org\/pl\/product\/anastrozol\/#breadcrumb\"},\"inLanguage\":\"pl-PL\",\"potentialAction\":[{\"@type\":\"ReadAction\",\"target\":[\"https:\/\/asteralabs.org\/pl\/product\/anastrozol\/\"]}]},{\"@type\":\"ImageObject\",\"inLanguage\":\"pl-PL\",\"@id\":\"https:\/\/asteralabs.org\/pl\/product\/anastrozol\/#primaryimage\",\"url\":\"https:\/\/asteralabs.org\/wp-content\/uploads\/2023\/01\/Anastrozole-mockup-nbg.png\",\"contentUrl\":\"https:\/\/asteralabs.org\/wp-content\/uploads\/2023\/01\/Anastrozole-mockup-nbg.png\",\"width\":2000,\"height\":2000},{\"@type\":\"BreadcrumbList\",\"@id\":\"https:\/\/asteralabs.org\/pl\/product\/anastrozol\/#breadcrumb\",\"itemListElement\":[{\"@type\":\"ListItem\",\"position\":1,\"name\":\"Home\",\"item\":\"https:\/\/asteralabs.org\/pl\/\"},{\"@type\":\"ListItem\",\"position\":2,\"name\":\"Sklep\",\"item\":\"https:\/\/asteralabs.org\/sklep\/\"},{\"@type\":\"ListItem\",\"position\":3,\"name\":\"Anastrozol\"}]},{\"@type\":\"WebSite\",\"@id\":\"https:\/\/asteralabs.org\/pl\/#website\",\"url\":\"https:\/\/asteralabs.org\/pl\/\",\"name\":\"Astera Labs\",\"description\":\"Improve Your Quality Of Life\",\"publisher\":{\"@id\":\"https:\/\/asteralabs.org\/pl\/#organization\"},\"potentialAction\":[{\"@type\":\"SearchAction\",\"target\":{\"@type\":\"EntryPoint\",\"urlTemplate\":\"https:\/\/asteralabs.org\/pl\/?s={search_term_string}\"},\"query-input\":\"required name=search_term_string\"}],\"inLanguage\":\"pl-PL\"},{\"@type\":\"Organization\",\"@id\":\"https:\/\/asteralabs.org\/pl\/#organization\",\"name\":\"Astera Labs\",\"url\":\"https:\/\/asteralabs.org\/pl\/\",\"logo\":{\"@type\":\"ImageObject\",\"inLanguage\":\"pl-PL\",\"@id\":\"https:\/\/asteralabs.org\/pl\/#\/schema\/logo\/image\/\",\"url\":\"https:\/\/asteralabs.org\/wp-content\/uploads\/2022\/12\/astera-2.png\",\"contentUrl\":\"https:\/\/asteralabs.org\/wp-content\/uploads\/2022\/12\/astera-2.png\",\"width\":437,\"height\":111,\"caption\":\"Astera Labs\"},\"image\":{\"@id\":\"https:\/\/asteralabs.org\/pl\/#\/schema\/logo\/image\/\"}}]}<\/script>\n<!-- \/ Yoast SEO plugin. -->","yoast_head_json":{"title":"Anastrozol - Astera Labs","robots":{"index":"index","follow":"follow","max-snippet":"max-snippet:-1","max-image-preview":"max-image-preview:large","max-video-preview":"max-video-preview:-1"},"canonical":"https:\/\/asteralabs.org\/pl\/product\/anastrozol\/","og_locale":"pl_PL","og_type":"article","og_title":"Anastrozol - Astera Labs","og_description":"DAWKOWANIE: Anastrozol 1mg\/tab ZAWARTO\u015a\u0106 OPAKOWANIA: 1 saszetka, 50 tab, 1mg na tab CO TO JEST: Anastrozol jest inhibitorem aromatazy. Inhibitory aromatazy zapobiegaj\u0105 przekszta\u0142caniu androgen\u00f3w w estrogeny w tkance t\u0142uszczowej, mi\u0119\u015bniach, piersiach i m\u00f3zgu. Medyczne zastosowanie Anastrozolu polega przede wszystkim na hamowaniu progresji i wzrostu raka piersi u kobiet poprzez blokowanie enzymu aromatazy. Anastrozol jest r\u00f3wnie\u017c&hellip;","og_url":"https:\/\/asteralabs.org\/pl\/product\/anastrozol\/","og_site_name":"Astera Labs","article_modified_time":"2026-01-16T08:13:08+00:00","og_image":[{"width":2000,"height":2000,"url":"https:\/\/asteralabs.org\/wp-content\/uploads\/2023\/01\/Anastrozole-mockup-nbg.png","type":"image\/png"}],"twitter_card":"summary_large_image","schema":{"@context":"https:\/\/schema.org","@graph":[{"@type":"WebPage","@id":"https:\/\/asteralabs.org\/pl\/product\/anastrozol\/","url":"https:\/\/asteralabs.org\/pl\/product\/anastrozol\/","name":"Anastrozol - Astera Labs","isPartOf":{"@id":"https:\/\/asteralabs.org\/pl\/#website"},"primaryImageOfPage":{"@id":"https:\/\/asteralabs.org\/pl\/product\/anastrozol\/#primaryimage"},"image":{"@id":"https:\/\/asteralabs.org\/pl\/product\/anastrozol\/#primaryimage"},"thumbnailUrl":"https:\/\/asteralabs.org\/wp-content\/uploads\/2023\/01\/Anastrozole-mockup-nbg.png","datePublished":"2023-01-10T22:49:48+00:00","dateModified":"2026-01-16T08:13:08+00:00","breadcrumb":{"@id":"https:\/\/asteralabs.org\/pl\/product\/anastrozol\/#breadcrumb"},"inLanguage":"pl-PL","potentialAction":[{"@type":"ReadAction","target":["https:\/\/asteralabs.org\/pl\/product\/anastrozol\/"]}]},{"@type":"ImageObject","inLanguage":"pl-PL","@id":"https:\/\/asteralabs.org\/pl\/product\/anastrozol\/#primaryimage","url":"https:\/\/asteralabs.org\/wp-content\/uploads\/2023\/01\/Anastrozole-mockup-nbg.png","contentUrl":"https:\/\/asteralabs.org\/wp-content\/uploads\/2023\/01\/Anastrozole-mockup-nbg.png","width":2000,"height":2000},{"@type":"BreadcrumbList","@id":"https:\/\/asteralabs.org\/pl\/product\/anastrozol\/#breadcrumb","itemListElement":[{"@type":"ListItem","position":1,"name":"Home","item":"https:\/\/asteralabs.org\/pl\/"},{"@type":"ListItem","position":2,"name":"Sklep","item":"https:\/\/asteralabs.org\/sklep\/"},{"@type":"ListItem","position":3,"name":"Anastrozol"}]},{"@type":"WebSite","@id":"https:\/\/asteralabs.org\/pl\/#website","url":"https:\/\/asteralabs.org\/pl\/","name":"Astera Labs","description":"Improve Your Quality Of Life","publisher":{"@id":"https:\/\/asteralabs.org\/pl\/#organization"},"potentialAction":[{"@type":"SearchAction","target":{"@type":"EntryPoint","urlTemplate":"https:\/\/asteralabs.org\/pl\/?s={search_term_string}"},"query-input":"required name=search_term_string"}],"inLanguage":"pl-PL"},{"@type":"Organization","@id":"https:\/\/asteralabs.org\/pl\/#organization","name":"Astera Labs","url":"https:\/\/asteralabs.org\/pl\/","logo":{"@type":"ImageObject","inLanguage":"pl-PL","@id":"https:\/\/asteralabs.org\/pl\/#\/schema\/logo\/image\/","url":"https:\/\/asteralabs.org\/wp-content\/uploads\/2022\/12\/astera-2.png","contentUrl":"https:\/\/asteralabs.org\/wp-content\/uploads\/2022\/12\/astera-2.png","width":437,"height":111,"caption":"Astera Labs"},"image":{"@id":"https:\/\/asteralabs.org\/pl\/#\/schema\/logo\/image\/"}}]}},"_links":{"self":[{"href":"https:\/\/asteralabs.org\/pl\/wp-json\/wp\/v2\/product\/78217"}],"collection":[{"href":"https:\/\/asteralabs.org\/pl\/wp-json\/wp\/v2\/product"}],"about":[{"href":"https:\/\/asteralabs.org\/pl\/wp-json\/wp\/v2\/types\/product"}],"replies":[{"embeddable":true,"href":"https:\/\/asteralabs.org\/pl\/wp-json\/wp\/v2\/comments?post=78217"}],"version-history":[{"count":0,"href":"https:\/\/asteralabs.org\/pl\/wp-json\/wp\/v2\/product\/78217\/revisions"}],"wp:featuredmedia":[{"embeddable":true,"href":"https:\/\/asteralabs.org\/pl\/wp-json\/wp\/v2\/media\/76212"}],"wp:attachment":[{"href":"https:\/\/asteralabs.org\/pl\/wp-json\/wp\/v2\/media?parent=78217"}],"wp:term":[{"taxonomy":"product_cat","embeddable":true,"href":"https:\/\/asteralabs.org\/pl\/wp-json\/wp\/v2\/product_cat?post=78217"},{"taxonomy":"product_tag","embeddable":true,"href":"https:\/\/asteralabs.org\/pl\/wp-json\/wp\/v2\/product_tag?post=78217"}],"curies":[{"name":"wp","href":"https:\/\/api.w.org\/{rel}","templated":true}]}}