{"id":76699,"date":"2022-10-28T12:27:11","date_gmt":"2022-10-28T12:27:11","guid":{"rendered":"https:\/\/asteralabs.org\/exempel-pa-sida\/"},"modified":"2025-01-29T15:41:34","modified_gmt":"2025-01-29T15:41:34","slug":"exempel-pa-sida","status":"publish","type":"page","link":"https:\/\/asteralabs.org\/sv\/exempel-pa-sida\/","title":{"rendered":"Exempel p\u00e5 sida"},"content":{"rendered":"\n<p>Det h\u00e4r \u00e4r en exempelsida. Den skiljer sig fr\u00e5n ett blogginl\u00e4gg eftersom den kommer att ligga kvar p\u00e5 samma st\u00e4lle och visas i webbplatsnavigeringen (i de flesta teman). De flesta b\u00f6rjar med en &#8220;Om&#8221;-sida som presenterar dem f\u00f6r potentiella bes\u00f6kare. Det kan st\u00e5 n\u00e5got i stil med detta:   <\/p>\n\n<blockquote class=\"wp-block-quote is-layout-flow wp-block-quote-is-layout-flow\"><p>Hej p\u00e5 er! Jag \u00e4r cykelbud p\u00e5 dagen, aspirerande sk\u00e5despelare p\u00e5 natten och det h\u00e4r \u00e4r min hemsida. Jag bor i Los Angeles, har en fantastisk hund som heter Jack och jag gillar pi\u00f1a coladas. (Och att fastna i regnet.)   <\/p><\/blockquote>\n\n<p>&#8230;eller n\u00e5got i den stilen:<\/p>\n\n<blockquote class=\"wp-block-quote is-layout-flow wp-block-quote-is-layout-flow\"><p>XYZ Doohickey Company grundades 1971 och har sedan dess levererat kvalitetsdoohickeys till allm\u00e4nheten. XYZ ligger i Gotham City och syssels\u00e4tter \u00f6ver 2 000 personer och g\u00f6r alla m\u00f6jliga fantastiska saker f\u00f6r Gotham-samh\u00e4llet. <\/p><\/blockquote>\n\n<p>Som ny WordPress-anv\u00e4ndare b\u00f6r du g\u00e5 till <a href=\"https:\/\/asteralabs.org\/wp-admin\/\">din instrumentpanel<\/a> f\u00f6r att ta bort den h\u00e4r sidan och skapa nya sidor f\u00f6r ditt inneh\u00e5ll. Ha det s\u00e5 kul! <\/p>\n","protected":false},"excerpt":{"rendered":"<p>Det h\u00e4r \u00e4r en exempelsida. Den skiljer sig fr\u00e5n ett blogginl\u00e4gg eftersom den kommer att ligga kvar p\u00e5 samma st\u00e4lle och visas i webbplatsnavigeringen (i de flesta teman). De flesta b\u00f6rjar med en &#8220;Om&#8221;-sida som presenterar dem f\u00f6r potentiella bes\u00f6kare. Det kan st\u00e5 n\u00e5got i stil med detta: Hej p\u00e5 er! Jag \u00e4r cykelbud p\u00e5&hellip;<\/p>\n","protected":false},"author":1,"featured_media":0,"parent":0,"menu_order":0,"comment_status":"closed","ping_status":"open","template":"","meta":{"_acf_changed":false,"footnotes":""},"class_list":["post-76699","page","type-page","status-publish","hentry","description-off"],"acf":[],"yoast_head":"<!-- This site is optimized with the Yoast SEO plugin v27.4 - https:\/\/yoast.com\/product\/yoast-seo-wordpress\/ -->\n<title>Exempel p\u00e5 sida - Astera Labs<\/title>\n<meta name=\"robots\" content=\"index, follow, max-snippet:-1, max-image-preview:large, max-video-preview:-1\" \/>\n<link rel=\"canonical\" href=\"https:\/\/asteralabs.org\/sv\/exempel-pa-sida\/\" \/>\n<meta property=\"og:locale\" content=\"sv_SE\" \/>\n<meta property=\"og:type\" content=\"article\" \/>\n<meta property=\"og:title\" content=\"Exempel p\u00e5 sida - Astera Labs\" \/>\n<meta property=\"og:description\" content=\"Det h\u00e4r \u00e4r en exempelsida. Den skiljer sig fr\u00e5n ett blogginl\u00e4gg eftersom den kommer att ligga kvar p\u00e5 samma st\u00e4lle och visas i webbplatsnavigeringen (i de flesta teman). De flesta b\u00f6rjar med en &#8220;Om&#8221;-sida som presenterar dem f\u00f6r potentiella bes\u00f6kare. Det kan st\u00e5 n\u00e5got i stil med detta: Hej p\u00e5 er! Jag \u00e4r cykelbud p\u00e5&hellip;\" \/>\n<meta property=\"og:url\" content=\"https:\/\/asteralabs.org\/sv\/exempel-pa-sida\/\" \/>\n<meta property=\"og:site_name\" content=\"Astera Labs\" \/>\n<meta property=\"article:modified_time\" content=\"2025-01-29T15:41:34+00:00\" \/>\n<meta name=\"twitter:card\" content=\"summary_large_image\" \/>\n<script type=\"application\/ld+json\" class=\"yoast-schema-graph\">{\"@context\":\"https:\\\/\\\/schema.org\",\"@graph\":[{\"@type\":\"WebPage\",\"@id\":\"https:\\\/\\\/asteralabs.org\\\/sv\\\/exempel-pa-sida\\\/\",\"url\":\"https:\\\/\\\/asteralabs.org\\\/sv\\\/exempel-pa-sida\\\/\",\"name\":\"Exempel p\u00e5 sida - Astera Labs\",\"isPartOf\":{\"@id\":\"https:\\\/\\\/asteralabs.org\\\/sv\\\/#website\"},\"datePublished\":\"2022-10-28T12:27:11+00:00\",\"dateModified\":\"2025-01-29T15:41:34+00:00\",\"breadcrumb\":{\"@id\":\"https:\\\/\\\/asteralabs.org\\\/sv\\\/exempel-pa-sida\\\/#breadcrumb\"},\"inLanguage\":\"sv-SE\",\"potentialAction\":[{\"@type\":\"ReadAction\",\"target\":[\"https:\\\/\\\/asteralabs.org\\\/sv\\\/exempel-pa-sida\\\/\"]}]},{\"@type\":\"BreadcrumbList\",\"@id\":\"https:\\\/\\\/asteralabs.org\\\/sv\\\/exempel-pa-sida\\\/#breadcrumb\",\"itemListElement\":[{\"@type\":\"ListItem\",\"position\":1,\"name\":\"Home\",\"item\":\"https:\\\/\\\/asteralabs.org\\\/sv\\\/\"},{\"@type\":\"ListItem\",\"position\":2,\"name\":\"Exempel p\u00e5 sida\"}]},{\"@type\":\"WebSite\",\"@id\":\"https:\\\/\\\/asteralabs.org\\\/sv\\\/#website\",\"url\":\"https:\\\/\\\/asteralabs.org\\\/sv\\\/\",\"name\":\"Astera Labs\",\"description\":\"Improve Your Quality Of Life\",\"publisher\":{\"@id\":\"https:\\\/\\\/asteralabs.org\\\/sv\\\/#organization\"},\"potentialAction\":[{\"@type\":\"SearchAction\",\"target\":{\"@type\":\"EntryPoint\",\"urlTemplate\":\"https:\\\/\\\/asteralabs.org\\\/sv\\\/?s={search_term_string}\"},\"query-input\":{\"@type\":\"PropertyValueSpecification\",\"valueRequired\":true,\"valueName\":\"search_term_string\"}}],\"inLanguage\":\"sv-SE\"},{\"@type\":\"Organization\",\"@id\":\"https:\\\/\\\/asteralabs.org\\\/sv\\\/#organization\",\"name\":\"Astera Labs\",\"url\":\"https:\\\/\\\/asteralabs.org\\\/sv\\\/\",\"logo\":{\"@type\":\"ImageObject\",\"inLanguage\":\"sv-SE\",\"@id\":\"https:\\\/\\\/asteralabs.org\\\/sv\\\/#\\\/schema\\\/logo\\\/image\\\/\",\"url\":\"https:\\\/\\\/asteralabs.org\\\/wp-content\\\/uploads\\\/2022\\\/12\\\/astera-2.png\",\"contentUrl\":\"https:\\\/\\\/asteralabs.org\\\/wp-content\\\/uploads\\\/2022\\\/12\\\/astera-2.png\",\"width\":437,\"height\":111,\"caption\":\"Astera Labs\"},\"image\":{\"@id\":\"https:\\\/\\\/asteralabs.org\\\/sv\\\/#\\\/schema\\\/logo\\\/image\\\/\"}}]}<\/script>\n<!-- \/ Yoast SEO plugin. -->","yoast_head_json":{"title":"Exempel p\u00e5 sida - Astera Labs","robots":{"index":"index","follow":"follow","max-snippet":"max-snippet:-1","max-image-preview":"max-image-preview:large","max-video-preview":"max-video-preview:-1"},"canonical":"https:\/\/asteralabs.org\/sv\/exempel-pa-sida\/","og_locale":"sv_SE","og_type":"article","og_title":"Exempel p\u00e5 sida - Astera Labs","og_description":"Det h\u00e4r \u00e4r en exempelsida. Den skiljer sig fr\u00e5n ett blogginl\u00e4gg eftersom den kommer att ligga kvar p\u00e5 samma st\u00e4lle och visas i webbplatsnavigeringen (i de flesta teman). De flesta b\u00f6rjar med en &#8220;Om&#8221;-sida som presenterar dem f\u00f6r potentiella bes\u00f6kare. Det kan st\u00e5 n\u00e5got i stil med detta: Hej p\u00e5 er! Jag \u00e4r cykelbud p\u00e5&hellip;","og_url":"https:\/\/asteralabs.org\/sv\/exempel-pa-sida\/","og_site_name":"Astera Labs","article_modified_time":"2025-01-29T15:41:34+00:00","twitter_card":"summary_large_image","schema":{"@context":"https:\/\/schema.org","@graph":[{"@type":"WebPage","@id":"https:\/\/asteralabs.org\/sv\/exempel-pa-sida\/","url":"https:\/\/asteralabs.org\/sv\/exempel-pa-sida\/","name":"Exempel p\u00e5 sida - Astera Labs","isPartOf":{"@id":"https:\/\/asteralabs.org\/sv\/#website"},"datePublished":"2022-10-28T12:27:11+00:00","dateModified":"2025-01-29T15:41:34+00:00","breadcrumb":{"@id":"https:\/\/asteralabs.org\/sv\/exempel-pa-sida\/#breadcrumb"},"inLanguage":"sv-SE","potentialAction":[{"@type":"ReadAction","target":["https:\/\/asteralabs.org\/sv\/exempel-pa-sida\/"]}]},{"@type":"BreadcrumbList","@id":"https:\/\/asteralabs.org\/sv\/exempel-pa-sida\/#breadcrumb","itemListElement":[{"@type":"ListItem","position":1,"name":"Home","item":"https:\/\/asteralabs.org\/sv\/"},{"@type":"ListItem","position":2,"name":"Exempel p\u00e5 sida"}]},{"@type":"WebSite","@id":"https:\/\/asteralabs.org\/sv\/#website","url":"https:\/\/asteralabs.org\/sv\/","name":"Astera Labs","description":"Improve Your Quality Of Life","publisher":{"@id":"https:\/\/asteralabs.org\/sv\/#organization"},"potentialAction":[{"@type":"SearchAction","target":{"@type":"EntryPoint","urlTemplate":"https:\/\/asteralabs.org\/sv\/?s={search_term_string}"},"query-input":{"@type":"PropertyValueSpecification","valueRequired":true,"valueName":"search_term_string"}}],"inLanguage":"sv-SE"},{"@type":"Organization","@id":"https:\/\/asteralabs.org\/sv\/#organization","name":"Astera Labs","url":"https:\/\/asteralabs.org\/sv\/","logo":{"@type":"ImageObject","inLanguage":"sv-SE","@id":"https:\/\/asteralabs.org\/sv\/#\/schema\/logo\/image\/","url":"https:\/\/asteralabs.org\/wp-content\/uploads\/2022\/12\/astera-2.png","contentUrl":"https:\/\/asteralabs.org\/wp-content\/uploads\/2022\/12\/astera-2.png","width":437,"height":111,"caption":"Astera Labs"},"image":{"@id":"https:\/\/asteralabs.org\/sv\/#\/schema\/logo\/image\/"}}]}},"_links":{"self":[{"href":"https:\/\/asteralabs.org\/sv\/wp-json\/wp\/v2\/pages\/76699","targetHints":{"allow":["GET"]}}],"collection":[{"href":"https:\/\/asteralabs.org\/sv\/wp-json\/wp\/v2\/pages"}],"about":[{"href":"https:\/\/asteralabs.org\/sv\/wp-json\/wp\/v2\/types\/page"}],"author":[{"embeddable":true,"href":"https:\/\/asteralabs.org\/sv\/wp-json\/wp\/v2\/users\/1"}],"replies":[{"embeddable":true,"href":"https:\/\/asteralabs.org\/sv\/wp-json\/wp\/v2\/comments?post=76699"}],"version-history":[{"count":1,"href":"https:\/\/asteralabs.org\/sv\/wp-json\/wp\/v2\/pages\/76699\/revisions"}],"predecessor-version":[{"id":76701,"href":"https:\/\/asteralabs.org\/sv\/wp-json\/wp\/v2\/pages\/76699\/revisions\/76701"}],"wp:attachment":[{"href":"https:\/\/asteralabs.org\/sv\/wp-json\/wp\/v2\/media?parent=76699"}],"curies":[{"name":"wp","href":"https:\/\/api.w.org\/{rel}","templated":true}]}}