{"id":77073,"date":"2023-05-11T20:49:26","date_gmt":"2023-05-11T20:49:26","guid":{"rendered":"https:\/\/asteralabs.org\/verifiera-saljaren\/"},"modified":"2025-01-29T16:11:04","modified_gmt":"2025-01-29T16:11:04","slug":"verifiera-saljaren","status":"publish","type":"page","link":"https:\/\/asteralabs.org\/sv\/verifiera-saljaren\/","title":{"rendered":"Verifiera s\u00e4ljaren"},"content":{"rendered":"\t\t<div data-elementor-type=\"wp-page\" data-elementor-id=\"77073\" class=\"elementor elementor-77073 elementor-73367\" data-elementor-post-type=\"page\">\n\t\t\t\t\t\t\t\t\t<section class=\"elementor-section elementor-top-section elementor-element elementor-element-01a130a elementor-section-boxed elementor-section-height-default elementor-section-height-default\" data-id=\"01a130a\" data-element_type=\"section\">\n\t\t\t\t\t\t<div class=\"elementor-container elementor-column-gap-default\">\n\t\t\t\t\t<div class=\"elementor-column elementor-col-100 elementor-top-column elementor-element elementor-element-2e65de2\" data-id=\"2e65de2\" data-element_type=\"column\">\n\t\t\t<div class=\"elementor-widget-wrap elementor-element-populated\">\n\t\t\t\t\t\t\t\t<div class=\"elementor-element elementor-element-628ace2 elementor-widget elementor-widget-heading\" data-id=\"628ace2\" data-element_type=\"widget\" data-widget_type=\"heading.default\">\n\t\t\t\t<div class=\"elementor-widget-container\">\n\t\t\t<h2 class=\"elementor-heading-title elementor-size-default\">Verifiera \u00e5terf\u00f6rs\u00e4ljare<\/h2>\t\t<\/div>\n\t\t\t\t<\/div>\n\t\t\t\t<div class=\"elementor-element elementor-element-f9b648c elementor-widget elementor-widget-text-editor\" data-id=\"f9b648c\" data-element_type=\"widget\" data-widget_type=\"text-editor.default\">\n\t\t\t\t<div class=\"elementor-widget-container\">\n\t\t\t\t\t\t\t<p>Ange namn, webbplatsdom\u00e4n, e-post eller telegram anv\u00e4ndarnamn och kontrollera s\u00e4ljaren<\/p>\n\t\t\t\t\t\t<\/div>\n\t\t\t\t<\/div>\n\t\t\t\t<div class=\"elementor-element elementor-element-11f083f elementor-widget-divider--view-line elementor-widget elementor-widget-divider\" data-id=\"11f083f\" data-element_type=\"widget\" data-widget_type=\"divider.default\">\n\t\t\t\t<div class=\"elementor-widget-container\">\n\t\t\t\t\t<div class=\"elementor-divider\">\n\t\t\t<span class=\"elementor-divider-separator\">\n\t\t\t\t\t\t<\/span>\n\t\t<\/div>\n\t\t\t\t<\/div>\n\t\t\t\t<\/div>\n\t\t\t\t<div class=\"elementor-element elementor-element-84277e2 elementor-widget elementor-widget-shortcode\" data-id=\"84277e2\" data-element_type=\"widget\" data-widget_type=\"shortcode.default\">\n\t\t\t\t<div class=\"elementor-widget-container\">\n\t\t\t\t\t<div class=\"elementor-shortcode\">\n            <div class='wrap' style='font-family:Poppins,sans-serif;'>\n\n                <form method='POST'>\n\t\t\t\t\n\n                     <div class='form-group'>\n                       <div>\n                           <input type='text' id='wname' name='wname' style='font-family: Poppins, sans-serif; width:90%;height:40px;font-size:20px;margin-bottom:2%;margin-top:2%;border-radius: 3px; margin-right:10px;margin: auto;display: block;' placeholder='Search here'>\n                           <input type='submit' id='btncheck' name='btncheck' class='page-title-action' value='Check Reseller' style='font-family: Poppins, sans-serif;margin-top:10px !important; padding: 1.5%; font-size:18px;border: 1px solid;border-radius: 10px;color: white;background: #d67f3f; margin: auto;display: block;'>\n\n                       <\/div>\n                     <\/div>\n\n\t\t\t\t<\/form>\n\t\t\t  <\/div>  \n\t\t\t  \n\t\t\t  \n        <\/div>\n\t\t\t\t<\/div>\n\t\t\t\t<\/div>\n\t\t\t\t\t<\/div>\n\t\t<\/div>\n\t\t\t\t\t\t\t<\/div>\n\t\t<\/section>\n\t\t\t\t<section class=\"elementor-section elementor-top-section elementor-element elementor-element-4c1c03f elementor-section-boxed elementor-section-height-default elementor-section-height-default\" data-id=\"4c1c03f\" data-element_type=\"section\">\n\t\t\t\t\t\t<div class=\"elementor-container elementor-column-gap-default\">\n\t\t\t\t\t<div class=\"elementor-column elementor-col-100 elementor-top-column elementor-element elementor-element-02590a9\" data-id=\"02590a9\" data-element_type=\"column\">\n\t\t\t<div class=\"elementor-widget-wrap elementor-element-populated\">\n\t\t\t\t\t\t\t\t<div class=\"elementor-element elementor-element-2b48235 elementor-widget elementor-widget-html\" data-id=\"2b48235\" data-element_type=\"widget\" data-widget_type=\"html.default\">\n\t\t\t\t<div class=\"elementor-widget-container\">\n\t\t\t<style>\n@media screen and (min-width:1024px){\n.wf-container-footer{\n\t\tposition: block;\n    width: 100%;\n    bottom: 0;\n    z-index: 99;\n}}\n<\/style>\t\t<\/div>\n\t\t\t\t<\/div>\n\t\t\t\t\t<\/div>\n\t\t<\/div>\n\t\t\t\t\t\t\t<\/div>\n\t\t<\/section>\n\t\t\t\t\t\t\t<\/div>\n\t\t","protected":false},"excerpt":{"rendered":"<p>Verifiera \u00e5terf\u00f6rs\u00e4ljare Ange namn, webbplatsdom\u00e4n, e-post eller telegram anv\u00e4ndarnamn och kontrollera s\u00e4ljaren<\/p>\n","protected":false},"author":1,"featured_media":0,"parent":0,"menu_order":0,"comment_status":"closed","ping_status":"closed","template":"","meta":{"footnotes":""},"yoast_head":"<!-- This site is optimized with the Yoast SEO plugin v23.0 - https:\/\/yoast.com\/wordpress\/plugins\/seo\/ -->\n<title>Verifiera s\u00e4ljaren - Astera Labs<\/title>\n<meta name=\"robots\" content=\"index, follow, max-snippet:-1, max-image-preview:large, max-video-preview:-1\" \/>\n<link rel=\"canonical\" href=\"https:\/\/asteralabs.org\/sv\/verifiera-saljaren\/\" \/>\n<meta property=\"og:locale\" content=\"sv_SE\" \/>\n<meta property=\"og:type\" content=\"article\" \/>\n<meta property=\"og:title\" content=\"Verifiera s\u00e4ljaren - Astera Labs\" \/>\n<meta property=\"og:description\" content=\"Verifiera \u00e5terf\u00f6rs\u00e4ljare Ange namn, webbplatsdom\u00e4n, e-post eller telegram anv\u00e4ndarnamn och kontrollera s\u00e4ljaren\" \/>\n<meta property=\"og:url\" content=\"https:\/\/asteralabs.org\/sv\/verifiera-saljaren\/\" \/>\n<meta property=\"og:site_name\" content=\"Astera Labs\" \/>\n<meta property=\"article:modified_time\" content=\"2025-01-29T16:11:04+00:00\" \/>\n<meta name=\"twitter:card\" content=\"summary_large_image\" \/>\n<script type=\"application\/ld+json\" class=\"yoast-schema-graph\">{\"@context\":\"https:\/\/schema.org\",\"@graph\":[{\"@type\":\"WebPage\",\"@id\":\"https:\/\/asteralabs.org\/sv\/verifiera-saljaren\/\",\"url\":\"https:\/\/asteralabs.org\/sv\/verifiera-saljaren\/\",\"name\":\"Verifiera s\u00e4ljaren - Astera Labs\",\"isPartOf\":{\"@id\":\"https:\/\/asteralabs.org\/sv\/#website\"},\"datePublished\":\"2023-05-11T20:49:26+00:00\",\"dateModified\":\"2025-01-29T16:11:04+00:00\",\"breadcrumb\":{\"@id\":\"https:\/\/asteralabs.org\/sv\/verifiera-saljaren\/#breadcrumb\"},\"inLanguage\":\"sv-SE\",\"potentialAction\":[{\"@type\":\"ReadAction\",\"target\":[\"https:\/\/asteralabs.org\/sv\/verifiera-saljaren\/\"]}]},{\"@type\":\"BreadcrumbList\",\"@id\":\"https:\/\/asteralabs.org\/sv\/verifiera-saljaren\/#breadcrumb\",\"itemListElement\":[{\"@type\":\"ListItem\",\"position\":1,\"name\":\"Home\",\"item\":\"https:\/\/asteralabs.org\/sv\/\"},{\"@type\":\"ListItem\",\"position\":2,\"name\":\"Verifiera s\u00e4ljaren\"}]},{\"@type\":\"WebSite\",\"@id\":\"https:\/\/asteralabs.org\/sv\/#website\",\"url\":\"https:\/\/asteralabs.org\/sv\/\",\"name\":\"Astera Labs\",\"description\":\"Improve Your Quality Of Life\",\"publisher\":{\"@id\":\"https:\/\/asteralabs.org\/sv\/#organization\"},\"potentialAction\":[{\"@type\":\"SearchAction\",\"target\":{\"@type\":\"EntryPoint\",\"urlTemplate\":\"https:\/\/asteralabs.org\/sv\/?s={search_term_string}\"},\"query-input\":\"required name=search_term_string\"}],\"inLanguage\":\"sv-SE\"},{\"@type\":\"Organization\",\"@id\":\"https:\/\/asteralabs.org\/sv\/#organization\",\"name\":\"Astera Labs\",\"url\":\"https:\/\/asteralabs.org\/sv\/\",\"logo\":{\"@type\":\"ImageObject\",\"inLanguage\":\"sv-SE\",\"@id\":\"https:\/\/asteralabs.org\/sv\/#\/schema\/logo\/image\/\",\"url\":\"https:\/\/asteralabs.org\/wp-content\/uploads\/2022\/12\/astera-2.png\",\"contentUrl\":\"https:\/\/asteralabs.org\/wp-content\/uploads\/2022\/12\/astera-2.png\",\"width\":437,\"height\":111,\"caption\":\"Astera Labs\"},\"image\":{\"@id\":\"https:\/\/asteralabs.org\/sv\/#\/schema\/logo\/image\/\"}}]}<\/script>\n<!-- \/ Yoast SEO plugin. -->","yoast_head_json":{"title":"Verifiera s\u00e4ljaren - Astera Labs","robots":{"index":"index","follow":"follow","max-snippet":"max-snippet:-1","max-image-preview":"max-image-preview:large","max-video-preview":"max-video-preview:-1"},"canonical":"https:\/\/asteralabs.org\/sv\/verifiera-saljaren\/","og_locale":"sv_SE","og_type":"article","og_title":"Verifiera s\u00e4ljaren - Astera Labs","og_description":"Verifiera \u00e5terf\u00f6rs\u00e4ljare Ange namn, webbplatsdom\u00e4n, e-post eller telegram anv\u00e4ndarnamn och kontrollera s\u00e4ljaren","og_url":"https:\/\/asteralabs.org\/sv\/verifiera-saljaren\/","og_site_name":"Astera Labs","article_modified_time":"2025-01-29T16:11:04+00:00","twitter_card":"summary_large_image","schema":{"@context":"https:\/\/schema.org","@graph":[{"@type":"WebPage","@id":"https:\/\/asteralabs.org\/sv\/verifiera-saljaren\/","url":"https:\/\/asteralabs.org\/sv\/verifiera-saljaren\/","name":"Verifiera s\u00e4ljaren - Astera Labs","isPartOf":{"@id":"https:\/\/asteralabs.org\/sv\/#website"},"datePublished":"2023-05-11T20:49:26+00:00","dateModified":"2025-01-29T16:11:04+00:00","breadcrumb":{"@id":"https:\/\/asteralabs.org\/sv\/verifiera-saljaren\/#breadcrumb"},"inLanguage":"sv-SE","potentialAction":[{"@type":"ReadAction","target":["https:\/\/asteralabs.org\/sv\/verifiera-saljaren\/"]}]},{"@type":"BreadcrumbList","@id":"https:\/\/asteralabs.org\/sv\/verifiera-saljaren\/#breadcrumb","itemListElement":[{"@type":"ListItem","position":1,"name":"Home","item":"https:\/\/asteralabs.org\/sv\/"},{"@type":"ListItem","position":2,"name":"Verifiera s\u00e4ljaren"}]},{"@type":"WebSite","@id":"https:\/\/asteralabs.org\/sv\/#website","url":"https:\/\/asteralabs.org\/sv\/","name":"Astera Labs","description":"Improve Your Quality Of Life","publisher":{"@id":"https:\/\/asteralabs.org\/sv\/#organization"},"potentialAction":[{"@type":"SearchAction","target":{"@type":"EntryPoint","urlTemplate":"https:\/\/asteralabs.org\/sv\/?s={search_term_string}"},"query-input":"required name=search_term_string"}],"inLanguage":"sv-SE"},{"@type":"Organization","@id":"https:\/\/asteralabs.org\/sv\/#organization","name":"Astera Labs","url":"https:\/\/asteralabs.org\/sv\/","logo":{"@type":"ImageObject","inLanguage":"sv-SE","@id":"https:\/\/asteralabs.org\/sv\/#\/schema\/logo\/image\/","url":"https:\/\/asteralabs.org\/wp-content\/uploads\/2022\/12\/astera-2.png","contentUrl":"https:\/\/asteralabs.org\/wp-content\/uploads\/2022\/12\/astera-2.png","width":437,"height":111,"caption":"Astera Labs"},"image":{"@id":"https:\/\/asteralabs.org\/sv\/#\/schema\/logo\/image\/"}}]}},"_links":{"self":[{"href":"https:\/\/asteralabs.org\/sv\/wp-json\/wp\/v2\/pages\/77073"}],"collection":[{"href":"https:\/\/asteralabs.org\/sv\/wp-json\/wp\/v2\/pages"}],"about":[{"href":"https:\/\/asteralabs.org\/sv\/wp-json\/wp\/v2\/types\/page"}],"author":[{"embeddable":true,"href":"https:\/\/asteralabs.org\/sv\/wp-json\/wp\/v2\/users\/1"}],"replies":[{"embeddable":true,"href":"https:\/\/asteralabs.org\/sv\/wp-json\/wp\/v2\/comments?post=77073"}],"version-history":[{"count":1,"href":"https:\/\/asteralabs.org\/sv\/wp-json\/wp\/v2\/pages\/77073\/revisions"}],"predecessor-version":[{"id":77075,"href":"https:\/\/asteralabs.org\/sv\/wp-json\/wp\/v2\/pages\/77073\/revisions\/77075"}],"wp:attachment":[{"href":"https:\/\/asteralabs.org\/sv\/wp-json\/wp\/v2\/media?parent=77073"}],"curies":[{"name":"wp","href":"https:\/\/api.w.org\/{rel}","templated":true}]}}