{"id":77085,"date":"2023-02-21T19:33:10","date_gmt":"2023-02-21T19:33:10","guid":{"rendered":"https:\/\/asteralabs.org\/villkor-for-tjansten\/"},"modified":"2025-01-30T13:26:35","modified_gmt":"2025-01-30T13:26:35","slug":"villkor-for-tjansten","status":"publish","type":"page","link":"https:\/\/asteralabs.org\/sv\/villkor-for-tjansten\/","title":{"rendered":"Villkor f\u00f6r tj\u00e4nsten"},"content":{"rendered":"\t\t<div data-elementor-type=\"wp-page\" data-elementor-id=\"77085\" class=\"elementor elementor-77085 elementor-72914\" data-elementor-post-type=\"page\">\n\t\t\t\t\t\t\t\t\t<section class=\"elementor-section elementor-top-section elementor-element elementor-element-40ea88b elementor-section-boxed elementor-section-height-default elementor-section-height-default\" data-id=\"40ea88b\" data-element_type=\"section\">\n\t\t\t\t\t\t<div class=\"elementor-container elementor-column-gap-default\">\n\t\t\t\t\t<div class=\"elementor-column elementor-col-100 elementor-top-column elementor-element elementor-element-3ed11c8\" data-id=\"3ed11c8\" data-element_type=\"column\">\n\t\t\t<div class=\"elementor-widget-wrap elementor-element-populated\">\n\t\t\t\t\t\t\t\t<div class=\"elementor-element elementor-element-62d9358 elementor-widget elementor-widget-heading\" data-id=\"62d9358\" data-element_type=\"widget\" data-widget_type=\"heading.default\">\n\t\t\t\t<div class=\"elementor-widget-container\">\n\t\t\t<h2 class=\"elementor-heading-title elementor-size-default\">Villkor f\u00f6r tj\u00e4nsten<\/h2>\t\t<\/div>\n\t\t\t\t<\/div>\n\t\t\t\t<div class=\"elementor-element elementor-element-051793c elementor-widget elementor-widget-text-editor\" data-id=\"051793c\" data-element_type=\"widget\" data-widget_type=\"text-editor.default\">\n\t\t\t\t<div class=\"elementor-widget-container\">\n\t\t\t\t\t\t\t<p><span style=\"color: #000000;\"><span style=\"font-size: x-large;\">1. Villkor<\/span><\/span><\/p>\n<p align=\"justify\"><span style=\"color: #000000;\"><span style=\"font-size: medium;\">Genom att g\u00e5 in p\u00e5 webbplatsen p\u00e5&nbsp;<\/span><\/span><span style=\"color: #0000ff;\"><u><span style=\"font-size: medium;\"><a href=\"https:\/\/asteralabs.org\/sv\/\">https:\/\/asteralabs.org\/<\/a><\/span><\/u><\/span><span style=\"color: #000000;\"><span style=\"font-size: medium;\">godk\u00e4nner du att vara bunden av dessa anv\u00e4ndarvillkor, alla till\u00e4mpliga lagar och f\u00f6rordningar, och godk\u00e4nner att du \u00e4r ansvarig f\u00f6r att f\u00f6lja alla till\u00e4mpliga lokala lagar. Om du inte samtycker till n\u00e5got av dessa villkor f\u00e5r du inte anv\u00e4nda eller g\u00e5 in p\u00e5 denna webbplats. Materialet p\u00e5 denna webbplats skyddas av g\u00e4llande upphovsr\u00e4tts- och varum\u00e4rkeslagar.  <\/span><\/span><\/p>\n<h3 class=\"western\"><span style=\"color: #000000;\"><span style=\"font-size: x-large;\">2. Anv\u00e4nd licens<\/span><\/span><\/h3>\n<ol start=\"2\">\n<li style=\"list-style-type: none;\">\n<ol>\n<li><span style=\"color: #000000;\"><span style=\"font-size: medium;\">Tillst\u00e5nd beviljas f\u00f6r att tillf\u00e4lligt ladda ner en kopia av materialet (information eller programvara) p\u00e5 Astera Labs webbplats endast f\u00f6r personlig, icke-kommersiell visning. Detta \u00e4r beviljandet av en licens, inte en \u00f6verf\u00f6ring av \u00e4gander\u00e4tten, och enligt denna licens f\u00e5r du inte: <\/span><\/span>\n<ol>\n<li><span style=\"color: #000000;\"><span style=\"font-size: medium;\">modifiera eller kopiera materialet;<\/span><\/span><\/li>\n<li><span style=\"color: #000000;\"><span style=\"font-size: medium;\">anv\u00e4nda materialet f\u00f6r n\u00e5got kommersiellt \u00e4ndam\u00e5l eller f\u00f6r n\u00e5gon offentlig visning (kommersiell eller icke-kommersiell);<\/span><\/span><\/li>\n<li><span style=\"color: #000000;\"><span style=\"font-size: medium;\">f\u00f6rs\u00f6ka dekompilera eller bak\u00e5tutveckla n\u00e5gon programvara som finns p\u00e5 Astera Labs webbplats;<\/span><\/span><\/li>\n<li><span style=\"color: #000000;\"><span style=\"font-size: medium;\">ta bort upphovsr\u00e4tts- eller andra \u00e4gander\u00e4ttsnoteringar fr\u00e5n materialet; eller<\/span><\/span><\/li>\n<li><span style=\"color: #000000;\"><span style=\"font-size: medium;\">\u00f6verf\u00f6ra materialet till en annan person eller &#8220;spegla&#8221; materialet p\u00e5 n\u00e5gon annan server.<\/span><\/span><\/li>\n<\/ol>\n<\/li>\n<li><span style=\"color: #000000;\"><span style=\"font-size: medium;\">Denna licens upph\u00f6r automatiskt om du bryter mot n\u00e5gon av dessa begr\u00e4nsningar och kan s\u00e4gas upp av Astera Labs n\u00e4r som helst. N\u00e4r du avslutar din visning av dessa material eller n\u00e4r denna licens upph\u00f6r, m\u00e5ste du f\u00f6rst\u00f6ra allt nedladdat material som du har i din \u00e4go, oavsett om det \u00e4r i elektroniskt eller tryckt format. <\/span><\/span><\/li>\n<\/ol>\n<\/li>\n<\/ol>\n<h3 class=\"western\"><span style=\"color: #000000;\"><span style=\"font-size: x-large;\">3. Ansvarsfriskrivning<\/span><\/span><\/h3>\n<ol start=\"3\">\n<li style=\"list-style-type: none;\">\n<ol>\n<li><span style=\"color: #000000;\"><span style=\"font-size: medium;\">Materialet p\u00e5 Astera Labs webbplats tillhandah\u00e5lls &#8220;i befintligt skick&#8221;. Astera Labs ger inga garantier, varken uttryckliga eller underf\u00f6rst\u00e5dda, och fr\u00e5ns\u00e4ger sig h\u00e4rmed alla andra garantier, inklusive, utan begr\u00e4nsning, underf\u00f6rst\u00e5dda garantier eller villkor f\u00f6r s\u00e4ljbarhet, l\u00e4mplighet f\u00f6r ett visst \u00e4ndam\u00e5l eller icke-intr\u00e5ng i immateriella r\u00e4ttigheter eller andra kr\u00e4nkningar av r\u00e4ttigheter. <\/span><\/span><\/li>\n<li><span style=\"color: #000000;\"><span style=\"font-size: medium;\">Vidare garanterar Astera Labs inte eller g\u00f6r n\u00e5gra utf\u00e4stelser om noggrannheten, de sannolika resultaten eller tillf\u00f6rlitligheten av anv\u00e4ndningen av materialet p\u00e5 sin webbplats eller p\u00e5 annat s\u00e4tt relaterat till s\u00e5dant material eller p\u00e5 webbplatser som \u00e4r l\u00e4nkade till denna webbplats.<\/span><\/span><\/li>\n<\/ol>\n<\/li>\n<\/ol>\n<h3 class=\"western\"><span style=\"color: #000000;\"><span style=\"font-size: x-large;\">4. Begr\u00e4nsningar<\/span><\/span><\/h3>\n<p align=\"justify\"><span style=\"font-size: medium;\"><span style=\"color: #000000;\">Under inga omst\u00e4ndigheter ska Astera Labs eller dess leverant\u00f6rer h\u00e5llas ansvariga f\u00f6r skador (inklusive, utan begr\u00e4nsning, skador f\u00f6r f\u00f6rlust av data eller vinst, eller p\u00e5 grund av avbrott i verksamheten) som uppst\u00e5r p\u00e5 grund av anv\u00e4ndning eller of\u00f6rm\u00e5ga att anv\u00e4nda materialet p\u00e5 Astera Labs webbplats, \u00e4ven om Astera Labs eller en auktoriserad representant f\u00f6r Astera Labs har meddelats muntligen eller skriftligen om m\u00f6jligheten till s\u00e5dan skada. Eftersom vissa jurisdiktioner inte till\u00e5ter begr\u00e4nsningar av underf\u00f6rst\u00e5dda garantier eller begr\u00e4nsningar av ansvar f\u00f6r f\u00f6ljdskador eller of\u00f6rutsedda skador, kanske dessa begr\u00e4nsningar inte g\u00e4ller f\u00f6r dig. <\/span><\/span><\/p>\n<h3 class=\"western\"><span style=\"color: #000000;\"><span style=\"font-size: x-large;\">5. Noggrannhet i material<\/span><\/span><\/h3>\n<p align=\"justify\"><span style=\"font-size: medium;\"><span style=\"color: #000000;\">Materialet som visas p\u00e5 Astera Labs webbplats kan inneh\u00e5lla tekniska, typografiska eller fotografiska fel. Astera Labs garanterar inte att n\u00e5got av materialen p\u00e5 dess webbplats \u00e4r korrekt, fullst\u00e4ndigt eller aktuellt. Astera Labs kan g\u00f6ra \u00e4ndringar i materialet p\u00e5 sin webbplats n\u00e4r som helst utan f\u00f6reg\u00e5ende meddelande. Astera Labs g\u00f6r dock inga utf\u00e4stelser om att uppdatera materialet.   <\/span><\/span><\/p>\n<h3 class=\"western\"><span style=\"color: #000000;\"><span style=\"font-size: x-large;\">6. L\u00e4nkar<\/span><\/span><\/h3>\n<p align=\"justify\"><span style=\"font-size: medium;\"><span style=\"color: #000000;\">Astera Labs har inte granskat alla webbplatser som \u00e4r l\u00e4nkade till dess webbplats och ansvarar inte f\u00f6r inneh\u00e5llet p\u00e5 n\u00e5gon s\u00e5dan l\u00e4nkad webbplats. Att en l\u00e4nk finns med inneb\u00e4r inte att Astera Labs st\u00f6djer webbplatsen. Anv\u00e4ndning av en s\u00e5dan l\u00e4nkad webbplats sker p\u00e5 anv\u00e4ndarens egen risk.  <\/span><\/span><\/p>\n<h3 class=\"western\"><span style=\"color: #000000;\"><span style=\"font-size: x-large;\">7. \u00c4ndringar<\/span><\/span><\/h3>\n<p align=\"justify\"><span style=\"font-size: medium;\"><span style=\"color: #000000;\">Astera Labs kan revidera dessa anv\u00e4ndarvillkor f\u00f6r sin webbplats n\u00e4r som helst utan f\u00f6reg\u00e5ende meddelande. Genom att anv\u00e4nda denna webbplats samtycker du till att vara bunden av den d\u00e5 aktuella versionen av dessa anv\u00e4ndarvillkor. <\/span><\/span><\/p>\n<h3 class=\"western\"><span style=\"color: #000000;\"><span style=\"font-size: x-large;\">8. Till\u00e4mplig lag<\/span><\/span><\/h3>\n<p><span style=\"color: #000000;\"><span style=\"font-size: medium;\">Dessa Anv\u00e4ndarvillkor och eventuella separata avtal varigenom vi tillhandah\u00e5ller dig Tj\u00e4nster ska regleras av och tolkas i enlighet med lag.<\/span><\/span><\/p>\n<h3 class=\"western\"><span style=\"color: #000000;\"><span style=\"font-size: x-large;\">8. Kontaktuppgifter<\/span><\/span><\/h3>\n<p><span style=\"color: #000000;\"><span style=\"font-size: medium;\">Fr\u00e5gor om anv\u00e4ndarvillkoren ska skickas till oss p\u00e5 <\/span><\/span><span style=\"color: #0000ff;\"><u><a href=\"mailto:info@dev.asteralabs.org\"><span style=\"font-size: medium;\">info@asteralabs.org<\/span><\/a><\/u><\/span><\/p>\t\t\t\t\t\t<\/div>\n\t\t\t\t<\/div>\n\t\t\t\t\t<\/div>\n\t\t<\/div>\n\t\t\t\t\t\t\t<\/div>\n\t\t<\/section>\n\t\t\t\t\t\t\t<\/div>\n\t\t","protected":false},"excerpt":{"rendered":"<p>Villkor f\u00f6r tj\u00e4nsten 1. Villkor Genom att g\u00e5 in p\u00e5 webbplatsen p\u00e5&nbsp;https:\/\/asteralabs.org\/godk\u00e4nner du att vara bunden av dessa anv\u00e4ndarvillkor, alla till\u00e4mpliga lagar och f\u00f6rordningar, och godk\u00e4nner att du \u00e4r ansvarig f\u00f6r att f\u00f6lja alla till\u00e4mpliga lokala lagar. Om du inte samtycker till n\u00e5got av dessa villkor f\u00e5r du inte anv\u00e4nda eller g\u00e5 in p\u00e5 denna&hellip;<\/p>\n","protected":false},"author":1,"featured_media":0,"parent":0,"menu_order":0,"comment_status":"closed","ping_status":"closed","template":"","meta":{"footnotes":""},"yoast_head":"<!-- This site is optimized with the Yoast SEO plugin v23.0 - https:\/\/yoast.com\/wordpress\/plugins\/seo\/ -->\n<title>Villkor f\u00f6r tj\u00e4nsten - Astera Labs<\/title>\n<meta name=\"robots\" content=\"index, follow, max-snippet:-1, max-image-preview:large, max-video-preview:-1\" \/>\n<link rel=\"canonical\" href=\"https:\/\/asteralabs.org\/sv\/villkor-for-tjansten\/\" \/>\n<meta property=\"og:locale\" content=\"sv_SE\" \/>\n<meta property=\"og:type\" content=\"article\" \/>\n<meta property=\"og:title\" content=\"Villkor f\u00f6r tj\u00e4nsten - Astera Labs\" \/>\n<meta property=\"og:description\" content=\"Villkor f\u00f6r tj\u00e4nsten 1. Villkor Genom att g\u00e5 in p\u00e5 webbplatsen p\u00e5&nbsp;https:\/\/asteralabs.org\/godk\u00e4nner du att vara bunden av dessa anv\u00e4ndarvillkor, alla till\u00e4mpliga lagar och f\u00f6rordningar, och godk\u00e4nner att du \u00e4r ansvarig f\u00f6r att f\u00f6lja alla till\u00e4mpliga lokala lagar. Om du inte samtycker till n\u00e5got av dessa villkor f\u00e5r du inte anv\u00e4nda eller g\u00e5 in p\u00e5 denna&hellip;\" \/>\n<meta property=\"og:url\" content=\"https:\/\/asteralabs.org\/sv\/villkor-for-tjansten\/\" \/>\n<meta property=\"og:site_name\" content=\"Astera Labs\" \/>\n<meta property=\"article:modified_time\" content=\"2025-01-30T13:26:35+00:00\" \/>\n<meta name=\"twitter:card\" content=\"summary_large_image\" \/>\n<script type=\"application\/ld+json\" class=\"yoast-schema-graph\">{\"@context\":\"https:\/\/schema.org\",\"@graph\":[{\"@type\":\"WebPage\",\"@id\":\"https:\/\/asteralabs.org\/sv\/villkor-for-tjansten\/\",\"url\":\"https:\/\/asteralabs.org\/sv\/villkor-for-tjansten\/\",\"name\":\"Villkor f\u00f6r tj\u00e4nsten - Astera Labs\",\"isPartOf\":{\"@id\":\"https:\/\/asteralabs.org\/sv\/#website\"},\"datePublished\":\"2023-02-21T19:33:10+00:00\",\"dateModified\":\"2025-01-30T13:26:35+00:00\",\"breadcrumb\":{\"@id\":\"https:\/\/asteralabs.org\/sv\/villkor-for-tjansten\/#breadcrumb\"},\"inLanguage\":\"sv-SE\",\"potentialAction\":[{\"@type\":\"ReadAction\",\"target\":[\"https:\/\/asteralabs.org\/sv\/villkor-for-tjansten\/\"]}]},{\"@type\":\"BreadcrumbList\",\"@id\":\"https:\/\/asteralabs.org\/sv\/villkor-for-tjansten\/#breadcrumb\",\"itemListElement\":[{\"@type\":\"ListItem\",\"position\":1,\"name\":\"Home\",\"item\":\"https:\/\/asteralabs.org\/sv\/\"},{\"@type\":\"ListItem\",\"position\":2,\"name\":\"Villkor f\u00f6r tj\u00e4nsten\"}]},{\"@type\":\"WebSite\",\"@id\":\"https:\/\/asteralabs.org\/sv\/#website\",\"url\":\"https:\/\/asteralabs.org\/sv\/\",\"name\":\"Astera Labs\",\"description\":\"Improve Your Quality Of Life\",\"publisher\":{\"@id\":\"https:\/\/asteralabs.org\/sv\/#organization\"},\"potentialAction\":[{\"@type\":\"SearchAction\",\"target\":{\"@type\":\"EntryPoint\",\"urlTemplate\":\"https:\/\/asteralabs.org\/sv\/?s={search_term_string}\"},\"query-input\":\"required name=search_term_string\"}],\"inLanguage\":\"sv-SE\"},{\"@type\":\"Organization\",\"@id\":\"https:\/\/asteralabs.org\/sv\/#organization\",\"name\":\"Astera Labs\",\"url\":\"https:\/\/asteralabs.org\/sv\/\",\"logo\":{\"@type\":\"ImageObject\",\"inLanguage\":\"sv-SE\",\"@id\":\"https:\/\/asteralabs.org\/sv\/#\/schema\/logo\/image\/\",\"url\":\"https:\/\/asteralabs.org\/wp-content\/uploads\/2022\/12\/astera-2.png\",\"contentUrl\":\"https:\/\/asteralabs.org\/wp-content\/uploads\/2022\/12\/astera-2.png\",\"width\":437,\"height\":111,\"caption\":\"Astera Labs\"},\"image\":{\"@id\":\"https:\/\/asteralabs.org\/sv\/#\/schema\/logo\/image\/\"}}]}<\/script>\n<!-- \/ Yoast SEO plugin. -->","yoast_head_json":{"title":"Villkor f\u00f6r tj\u00e4nsten - Astera Labs","robots":{"index":"index","follow":"follow","max-snippet":"max-snippet:-1","max-image-preview":"max-image-preview:large","max-video-preview":"max-video-preview:-1"},"canonical":"https:\/\/asteralabs.org\/sv\/villkor-for-tjansten\/","og_locale":"sv_SE","og_type":"article","og_title":"Villkor f\u00f6r tj\u00e4nsten - Astera Labs","og_description":"Villkor f\u00f6r tj\u00e4nsten 1. Villkor Genom att g\u00e5 in p\u00e5 webbplatsen p\u00e5&nbsp;https:\/\/asteralabs.org\/godk\u00e4nner du att vara bunden av dessa anv\u00e4ndarvillkor, alla till\u00e4mpliga lagar och f\u00f6rordningar, och godk\u00e4nner att du \u00e4r ansvarig f\u00f6r att f\u00f6lja alla till\u00e4mpliga lokala lagar. Om du inte samtycker till n\u00e5got av dessa villkor f\u00e5r du inte anv\u00e4nda eller g\u00e5 in p\u00e5 denna&hellip;","og_url":"https:\/\/asteralabs.org\/sv\/villkor-for-tjansten\/","og_site_name":"Astera Labs","article_modified_time":"2025-01-30T13:26:35+00:00","twitter_card":"summary_large_image","schema":{"@context":"https:\/\/schema.org","@graph":[{"@type":"WebPage","@id":"https:\/\/asteralabs.org\/sv\/villkor-for-tjansten\/","url":"https:\/\/asteralabs.org\/sv\/villkor-for-tjansten\/","name":"Villkor f\u00f6r tj\u00e4nsten - Astera Labs","isPartOf":{"@id":"https:\/\/asteralabs.org\/sv\/#website"},"datePublished":"2023-02-21T19:33:10+00:00","dateModified":"2025-01-30T13:26:35+00:00","breadcrumb":{"@id":"https:\/\/asteralabs.org\/sv\/villkor-for-tjansten\/#breadcrumb"},"inLanguage":"sv-SE","potentialAction":[{"@type":"ReadAction","target":["https:\/\/asteralabs.org\/sv\/villkor-for-tjansten\/"]}]},{"@type":"BreadcrumbList","@id":"https:\/\/asteralabs.org\/sv\/villkor-for-tjansten\/#breadcrumb","itemListElement":[{"@type":"ListItem","position":1,"name":"Home","item":"https:\/\/asteralabs.org\/sv\/"},{"@type":"ListItem","position":2,"name":"Villkor f\u00f6r tj\u00e4nsten"}]},{"@type":"WebSite","@id":"https:\/\/asteralabs.org\/sv\/#website","url":"https:\/\/asteralabs.org\/sv\/","name":"Astera Labs","description":"Improve Your Quality Of Life","publisher":{"@id":"https:\/\/asteralabs.org\/sv\/#organization"},"potentialAction":[{"@type":"SearchAction","target":{"@type":"EntryPoint","urlTemplate":"https:\/\/asteralabs.org\/sv\/?s={search_term_string}"},"query-input":"required name=search_term_string"}],"inLanguage":"sv-SE"},{"@type":"Organization","@id":"https:\/\/asteralabs.org\/sv\/#organization","name":"Astera Labs","url":"https:\/\/asteralabs.org\/sv\/","logo":{"@type":"ImageObject","inLanguage":"sv-SE","@id":"https:\/\/asteralabs.org\/sv\/#\/schema\/logo\/image\/","url":"https:\/\/asteralabs.org\/wp-content\/uploads\/2022\/12\/astera-2.png","contentUrl":"https:\/\/asteralabs.org\/wp-content\/uploads\/2022\/12\/astera-2.png","width":437,"height":111,"caption":"Astera Labs"},"image":{"@id":"https:\/\/asteralabs.org\/sv\/#\/schema\/logo\/image\/"}}]}},"_links":{"self":[{"href":"https:\/\/asteralabs.org\/sv\/wp-json\/wp\/v2\/pages\/77085"}],"collection":[{"href":"https:\/\/asteralabs.org\/sv\/wp-json\/wp\/v2\/pages"}],"about":[{"href":"https:\/\/asteralabs.org\/sv\/wp-json\/wp\/v2\/types\/page"}],"author":[{"embeddable":true,"href":"https:\/\/asteralabs.org\/sv\/wp-json\/wp\/v2\/users\/1"}],"replies":[{"embeddable":true,"href":"https:\/\/asteralabs.org\/sv\/wp-json\/wp\/v2\/comments?post=77085"}],"version-history":[{"count":1,"href":"https:\/\/asteralabs.org\/sv\/wp-json\/wp\/v2\/pages\/77085\/revisions"}],"predecessor-version":[{"id":77087,"href":"https:\/\/asteralabs.org\/sv\/wp-json\/wp\/v2\/pages\/77085\/revisions\/77087"}],"wp:attachment":[{"href":"https:\/\/asteralabs.org\/sv\/wp-json\/wp\/v2\/media?parent=77085"}],"curies":[{"name":"wp","href":"https:\/\/api.w.org\/{rel}","templated":true}]}}