{"id":77097,"date":"2023-02-21T19:32:09","date_gmt":"2023-02-21T19:32:09","guid":{"rendered":"https:\/\/asteralabs.org\/integritetspolicy-2\/"},"modified":"2025-01-30T13:22:17","modified_gmt":"2025-01-30T13:22:17","slug":"integritetspolicy","status":"publish","type":"page","link":"https:\/\/asteralabs.org\/sv\/integritetspolicy\/","title":{"rendered":"Integritetspolicy"},"content":{"rendered":"\t\t<div data-elementor-type=\"wp-page\" data-elementor-id=\"77097\" class=\"elementor elementor-77097 elementor-72912\" data-elementor-post-type=\"page\">\n\t\t\t\t\t\t<section class=\"elementor-section elementor-top-section elementor-element elementor-element-778deb4 elementor-section-boxed elementor-section-height-default elementor-section-height-default\" data-id=\"778deb4\" data-element_type=\"section\" data-e-type=\"section\">\n\t\t\t\t\t\t<div class=\"elementor-container elementor-column-gap-default\">\n\t\t\t\t\t<div class=\"elementor-column elementor-col-100 elementor-top-column elementor-element elementor-element-b7ac418\" data-id=\"b7ac418\" data-element_type=\"column\" data-e-type=\"column\">\n\t\t\t<div class=\"elementor-widget-wrap elementor-element-populated\">\n\t\t\t\t\t\t<div class=\"elementor-element elementor-element-120ff5a elementor-widget elementor-widget-heading\" data-id=\"120ff5a\" data-element_type=\"widget\" data-e-type=\"widget\" data-widget_type=\"heading.default\">\n\t\t\t\t<div class=\"elementor-widget-container\">\n\t\t\t\t\t<h2 class=\"elementor-heading-title elementor-size-default\">Integritetspolicy<\/h2>\t\t\t\t<\/div>\n\t\t\t\t<\/div>\n\t\t\t\t<div class=\"elementor-element elementor-element-f2e1b90 elementor-widget elementor-widget-text-editor\" data-id=\"f2e1b90\" data-element_type=\"widget\" data-e-type=\"widget\" data-widget_type=\"text-editor.default\">\n\t\t\t\t<div class=\"elementor-widget-container\">\n\t\t\t\t\t\t\t\t\t<p align=\"justify\"><span style=\"font-family:  \" open=\"\" sans=\"\" open-sans=\"\"><span style=\"font-size: medium;\">Denna sekretesspolicy (&#8220;policy&#8221;) hj\u00e4lper dig att f\u00f6rst\u00e5 hur Astera Labs (&#8220;oss&#8221;, &#8220;vi&#8221;, &#8220;v\u00e5r&#8221;) anv\u00e4nder och skyddar de uppgifter du tillhandah\u00e5ller oss n\u00e4r du bes\u00f6ker och anv\u00e4nder https:\/\/asteralabs.org\/ webbplats.  <\/span><\/span><\/p>\n<p align=\"justify\"><span style=\"font-family: Arial, serif;\"><span style=\"font-size: medium;\">Vi f\u00f6rbeh\u00e5ller oss r\u00e4tten att n\u00e4r som helst \u00e4ndra denna policy, och du kommer d\u00e5 att f\u00e5 omedelbar information om detta. Om du vill vara s\u00e4ker p\u00e5 att du \u00e4r uppdaterad med de senaste \u00e4ndringarna rekommenderar vi att du ofta bes\u00f6ker denna sida. <\/span><\/span><\/p>\n<p align=\"justify\"><span style=\"font-family: Arial, serif;\"><span style=\"font-size: medium;\"><b>Vilka anv\u00e4ndardata vi samlar in<\/b><\/span><\/span><\/p>\n<p align=\"justify\"><span style=\"font-family: Arial, serif;\"><span style=\"font-size: medium;\">N\u00e4r du bes\u00f6ker webbplatsen kan vi samla in f\u00f6ljande uppgifter:<\/span><\/span><\/p>\n<ul>\n<li>\n<p align=\"justify\"><span style=\"font-family: Arial, serif;\"><span style=\"font-size: medium;\">Din IP-adress.<\/span><\/span><\/p>\n<\/li>\n<li>\n<p align=\"justify\"><span style=\"font-family: Arial, serif;\"><span style=\"font-size: medium;\">Din kontaktinformation och e-postadress.<\/span><\/span><\/p>\n<\/li>\n<li>\n<p align=\"justify\"><span style=\"font-family: Arial, serif;\"><span style=\"font-size: medium;\">Annan information s\u00e5som intressen och preferenser.<\/span><\/span><\/p>\n<\/li>\n<li>\n<p align=\"justify\"><span style=\"font-family: Arial, serif;\"><span style=\"font-size: medium;\">Dataprofil avseende ditt online-beteende p\u00e5 v\u00e5r webbplats.<\/span><\/span><\/p>\n<\/li>\n<\/ul>\n<p align=\"justify\"><span style=\"font-family: Arial, serif;\"><span style=\"font-size: medium;\"><b>Varf\u00f6r vi samlar in dina uppgifter<\/b><\/span><\/span><\/p>\n<p align=\"justify\"><span style=\"font-family: Arial, serif;\"><span style=\"font-size: medium;\">Vi samlar in dina uppgifter av flera sk\u00e4l:<\/span><\/span><\/p>\n<ul>\n<li>\n<p align=\"justify\"><span style=\"font-family: Arial, serif;\"><span style=\"font-size: medium;\">F\u00f6r att b\u00e4ttre f\u00f6rst\u00e5 dina behov.<\/span><\/span><\/p>\n<\/li>\n<li>\n<p align=\"justify\"><span style=\"font-family: Arial, serif;\"><span style=\"font-size: medium;\">F\u00f6r att f\u00f6rb\u00e4ttra v\u00e5ra tj\u00e4nster och produkter.<\/span><\/span><\/p>\n<\/li>\n<li>\n<p align=\"justify\"><span style=\"font-family: Arial, serif;\"><span style=\"font-size: medium;\">F\u00f6r att skicka dig e-postmeddelanden med information som vi tror att du kommer att tycka \u00e4r intressant.<\/span><\/span><\/p>\n<\/li>\n<li>\n<p align=\"justify\"><span style=\"font-family: Arial, serif;\"><span style=\"font-size: medium;\">F\u00f6r att kontakta dig f\u00f6r att fylla i enk\u00e4ter och delta i andra typer av marknadsunders\u00f6kningar.<\/span><\/span><\/p>\n<\/li>\n<li>\n<p align=\"justify\"><span style=\"font-family: Arial, serif;\"><span style=\"font-size: medium;\">F\u00f6r att anpassa v\u00e5r webbplats efter ditt beteende p\u00e5 n\u00e4tet och dina personliga preferenser.<\/span><\/span><\/p>\n<\/li>\n<\/ul>\n<p align=\"justify\"><span style=\"font-family: Arial, serif;\"><span style=\"font-size: medium;\"><b>Skydd och s\u00e4kerst\u00e4llande av data<\/b><\/span><\/span><\/p>\n<p align=\"justify\"><span style=\"font-family: Arial, serif;\"><span style=\"font-size: medium;\">Astera Labs har \u00e5tagit sig att s\u00e4kra dina uppgifter och h\u00e5lla dem konfidentiella. Astera Labs har gjort allt som st\u00e5r i dess makt f\u00f6r att f\u00f6rhindra datast\u00f6ld, obeh\u00f6rig \u00e5tkomst och avsl\u00f6jande genom att implementera den senaste tekniken och programvaran, vilket hj\u00e4lper oss att skydda all information vi samlar in online. <\/span><\/span><\/p>\n<p align=\"justify\"><span style=\"font-family: Arial, serif;\"><span style=\"font-size: medium;\"><b>V\u00e5r cookiepolicy<\/b><\/span><\/span><\/p>\n<p align=\"justify\"><span style=\"font-family: Arial, serif;\"><span style=\"font-size: medium;\">N\u00e4r du samtycker till att v\u00e5r webbplats anv\u00e4nder cookies samtycker du ocks\u00e5 till att anv\u00e4nda de uppgifter som samlas in om ditt beteende p\u00e5 n\u00e4tet (analysera webbtrafik, webbsidor som du bes\u00f6ker och tillbringar mest tid p\u00e5).<\/span><\/span><\/p>\n<p align=\"justify\"><a name=\"_GoBack\"><\/a> <span style=\"font-family: Arial, serif;\"><span style=\"font-size: medium;\">De uppgifter som vi samlar in med hj\u00e4lp av cookies anv\u00e4nds f\u00f6r att anpassa v\u00e5r webbplats efter dina behov. Efter att vi har anv\u00e4nt uppgifterna f\u00f6r statistisk analys tas uppgifterna helt bort fr\u00e5n v\u00e5ra system. <\/span><\/span><\/p>\n<p align=\"justify\"><span style=\"font-family: Arial, serif;\"><span style=\"font-size: medium;\">Observera att cookies inte g\u00f6r det m\u00f6jligt f\u00f6r oss att f\u00e5 kontroll \u00f6ver din dator p\u00e5 n\u00e5got s\u00e4tt. De anv\u00e4nds endast f\u00f6r att \u00f6vervaka vilka sidor du tycker \u00e4r anv\u00e4ndbara och vilka du inte tycker \u00e4r det, s\u00e5 att vi kan ge dig en b\u00e4ttre upplevelse. <\/span><\/span><\/p>\n<p align=\"justify\"><span style=\"font-family: Arial, serif;\"><span style=\"font-size: medium;\">Om du vill inaktivera cookies kan du g\u00f6ra det genom att g\u00e5 till inst\u00e4llningarna i din webbl\u00e4sare. Du kan bes\u00f6ka   <\/span><\/span><span style=\"color: #0563c1;\"><u><a href=\"https:\/\/www.internetcookies.com\/\"><span style=\"font-family: Arial, serif;\"><span style=\"font-size: medium;\">https:\/\/www.internetcookies.com<\/span><\/span><\/a><\/u><\/span><span style=\"font-family: Arial, serif;\"><span style=\"font-size: medium;\">som inneh\u00e5ller omfattande information om hur du g\u00f6r detta i en m\u00e4ngd olika webbl\u00e4sare och enheter.<\/span><\/span><\/p>\n<p align=\"justify\"><span style=\"font-family: Arial, serif;\"><span style=\"font-size: medium;\"><b>L\u00e4nkar till andra webbplatser<\/b><\/span><\/span><\/p>\n<p align=\"justify\"><span style=\"font-family: Arial, serif;\"><span style=\"font-size: medium;\">V\u00e5r webbplats inneh\u00e5ller l\u00e4nkar som leder till andra webbplatser. Om du klickar p\u00e5 dessa l\u00e4nkar \u00e4r Astera Labs inte ansvarigt f\u00f6r ditt data- och integritetsskydd. Bes\u00f6k p\u00e5 dessa webbplatser regleras inte av detta avtal om integritetspolicy. Se till att l\u00e4sa sekretesspolicyn f\u00f6r den webbplats som du bes\u00f6ker fr\u00e5n v\u00e5r webbplats.   <\/span><\/span><\/p>\n<p align=\"justify\"><span style=\"font-family: Arial, serif;\"><span style=\"font-size: medium;\"><b>Begr\u00e4nsning av insamlingen av dina personuppgifter<\/b><\/span><\/span><\/p>\n<p align=\"justify\"><span style=\"font-family: Arial, serif;\"><span style=\"font-size: medium;\">Vid n\u00e5got tillf\u00e4lle kanske du vill begr\u00e4nsa anv\u00e4ndningen och insamlingen av dina personuppgifter. Du kan g\u00f6ra detta genom att g\u00f6ra f\u00f6ljande: <\/span><\/span><\/p>\n<p align=\"justify\"><span style=\"font-family: Arial, serif;\"><span style=\"font-size: medium;\">N\u00e4r du fyller i formul\u00e4ren p\u00e5 webbplatsen, se till att kontrollera om det finns en ruta som du kan l\u00e4mna omarkerad om du inte vill l\u00e4mna ut din personliga information.<\/span><\/span><\/p>\n<p align=\"justify\"><span style=\"font-family: Arial, serif;\"><span style=\"font-size: medium;\">Om du redan har samtyckt till att dela din information med oss \u00e4r du v\u00e4lkommen att kontakta oss via e-post s\u00e5 \u00e4ndrar vi mer \u00e4n g\u00e4rna detta \u00e5t dig.<\/span><\/span><\/p>\n<p><span style=\"font-family: Arial, serif;\"><span style=\"font-size: medium;\">Astera Labs kommer inte att hyra ut, s\u00e4lja eller distribuera din personliga information till n\u00e5gon tredje part, s\u00e5vida vi inte har ditt tillst\u00e5nd. Vi kan g\u00f6ra det om lagen tvingar oss. Din personliga information kommer att anv\u00e4ndas n\u00e4r vi beh\u00f6ver skicka reklammaterial till dig om du godk\u00e4nner denna sekretesspolicy.    <\/span><\/span><\/p>\t\t\t\t\t\t\t\t<\/div>\n\t\t\t\t<\/div>\n\t\t\t\t\t<\/div>\n\t\t<\/div>\n\t\t\t\t\t<\/div>\n\t\t<\/section>\n\t\t\t\t<\/div>\n\t\t","protected":false},"excerpt":{"rendered":"<p>Integritetspolicy Denna sekretesspolicy (&#8220;policy&#8221;) hj\u00e4lper dig att f\u00f6rst\u00e5 hur Astera Labs (&#8220;oss&#8221;, &#8220;vi&#8221;, &#8220;v\u00e5r&#8221;) anv\u00e4nder och skyddar de uppgifter du tillhandah\u00e5ller oss n\u00e4r du bes\u00f6ker och anv\u00e4nder https:\/\/asteralabs.org\/ webbplats. Vi f\u00f6rbeh\u00e5ller oss r\u00e4tten att n\u00e4r som helst \u00e4ndra denna policy, och du kommer d\u00e5 att f\u00e5 omedelbar information om detta. Om du vill vara s\u00e4ker&hellip;<\/p>\n","protected":false},"author":1,"featured_media":0,"parent":0,"menu_order":0,"comment_status":"closed","ping_status":"closed","template":"","meta":{"_acf_changed":false,"footnotes":""},"class_list":["post-77097","page","type-page","status-publish","hentry"],"acf":[],"yoast_head":"<!-- This site is optimized with the Yoast SEO plugin v27.4 - https:\/\/yoast.com\/product\/yoast-seo-wordpress\/ -->\n<title>Integritetspolicy - Astera Labs<\/title>\n<meta name=\"robots\" content=\"index, follow, max-snippet:-1, max-image-preview:large, max-video-preview:-1\" \/>\n<link rel=\"canonical\" href=\"https:\/\/asteralabs.org\/sv\/integritetspolicy\/\" \/>\n<meta property=\"og:locale\" content=\"sv_SE\" \/>\n<meta property=\"og:type\" content=\"article\" \/>\n<meta property=\"og:title\" content=\"Integritetspolicy - Astera Labs\" \/>\n<meta property=\"og:description\" content=\"Integritetspolicy Denna sekretesspolicy (&#8220;policy&#8221;) hj\u00e4lper dig att f\u00f6rst\u00e5 hur Astera Labs (&#8220;oss&#8221;, &#8220;vi&#8221;, &#8220;v\u00e5r&#8221;) anv\u00e4nder och skyddar de uppgifter du tillhandah\u00e5ller oss n\u00e4r du bes\u00f6ker och anv\u00e4nder https:\/\/asteralabs.org\/ webbplats. Vi f\u00f6rbeh\u00e5ller oss r\u00e4tten att n\u00e4r som helst \u00e4ndra denna policy, och du kommer d\u00e5 att f\u00e5 omedelbar information om detta. Om du vill vara s\u00e4ker&hellip;\" \/>\n<meta property=\"og:url\" content=\"https:\/\/asteralabs.org\/sv\/integritetspolicy\/\" \/>\n<meta property=\"og:site_name\" content=\"Astera Labs\" \/>\n<meta property=\"article:modified_time\" content=\"2025-01-30T13:22:17+00:00\" \/>\n<meta name=\"twitter:card\" content=\"summary_large_image\" \/>\n<script type=\"application\/ld+json\" class=\"yoast-schema-graph\">{\"@context\":\"https:\\\/\\\/schema.org\",\"@graph\":[{\"@type\":\"WebPage\",\"@id\":\"https:\\\/\\\/asteralabs.org\\\/sv\\\/integritetspolicy\\\/\",\"url\":\"https:\\\/\\\/asteralabs.org\\\/sv\\\/integritetspolicy\\\/\",\"name\":\"Integritetspolicy - Astera Labs\",\"isPartOf\":{\"@id\":\"https:\\\/\\\/asteralabs.org\\\/sv\\\/#website\"},\"datePublished\":\"2023-02-21T19:32:09+00:00\",\"dateModified\":\"2025-01-30T13:22:17+00:00\",\"breadcrumb\":{\"@id\":\"https:\\\/\\\/asteralabs.org\\\/sv\\\/integritetspolicy\\\/#breadcrumb\"},\"inLanguage\":\"sv-SE\",\"potentialAction\":[{\"@type\":\"ReadAction\",\"target\":[\"https:\\\/\\\/asteralabs.org\\\/sv\\\/integritetspolicy\\\/\"]}]},{\"@type\":\"BreadcrumbList\",\"@id\":\"https:\\\/\\\/asteralabs.org\\\/sv\\\/integritetspolicy\\\/#breadcrumb\",\"itemListElement\":[{\"@type\":\"ListItem\",\"position\":1,\"name\":\"Home\",\"item\":\"https:\\\/\\\/asteralabs.org\\\/sv\\\/\"},{\"@type\":\"ListItem\",\"position\":2,\"name\":\"Integritetspolicy\"}]},{\"@type\":\"WebSite\",\"@id\":\"https:\\\/\\\/asteralabs.org\\\/sv\\\/#website\",\"url\":\"https:\\\/\\\/asteralabs.org\\\/sv\\\/\",\"name\":\"Astera Labs\",\"description\":\"Improve Your Quality Of Life\",\"publisher\":{\"@id\":\"https:\\\/\\\/asteralabs.org\\\/sv\\\/#organization\"},\"potentialAction\":[{\"@type\":\"SearchAction\",\"target\":{\"@type\":\"EntryPoint\",\"urlTemplate\":\"https:\\\/\\\/asteralabs.org\\\/sv\\\/?s={search_term_string}\"},\"query-input\":{\"@type\":\"PropertyValueSpecification\",\"valueRequired\":true,\"valueName\":\"search_term_string\"}}],\"inLanguage\":\"sv-SE\"},{\"@type\":\"Organization\",\"@id\":\"https:\\\/\\\/asteralabs.org\\\/sv\\\/#organization\",\"name\":\"Astera Labs\",\"url\":\"https:\\\/\\\/asteralabs.org\\\/sv\\\/\",\"logo\":{\"@type\":\"ImageObject\",\"inLanguage\":\"sv-SE\",\"@id\":\"https:\\\/\\\/asteralabs.org\\\/sv\\\/#\\\/schema\\\/logo\\\/image\\\/\",\"url\":\"https:\\\/\\\/asteralabs.org\\\/wp-content\\\/uploads\\\/2022\\\/12\\\/astera-2.png\",\"contentUrl\":\"https:\\\/\\\/asteralabs.org\\\/wp-content\\\/uploads\\\/2022\\\/12\\\/astera-2.png\",\"width\":437,\"height\":111,\"caption\":\"Astera Labs\"},\"image\":{\"@id\":\"https:\\\/\\\/asteralabs.org\\\/sv\\\/#\\\/schema\\\/logo\\\/image\\\/\"}}]}<\/script>\n<!-- \/ Yoast SEO plugin. -->","yoast_head_json":{"title":"Integritetspolicy - Astera Labs","robots":{"index":"index","follow":"follow","max-snippet":"max-snippet:-1","max-image-preview":"max-image-preview:large","max-video-preview":"max-video-preview:-1"},"canonical":"https:\/\/asteralabs.org\/sv\/integritetspolicy\/","og_locale":"sv_SE","og_type":"article","og_title":"Integritetspolicy - Astera Labs","og_description":"Integritetspolicy Denna sekretesspolicy (&#8220;policy&#8221;) hj\u00e4lper dig att f\u00f6rst\u00e5 hur Astera Labs (&#8220;oss&#8221;, &#8220;vi&#8221;, &#8220;v\u00e5r&#8221;) anv\u00e4nder och skyddar de uppgifter du tillhandah\u00e5ller oss n\u00e4r du bes\u00f6ker och anv\u00e4nder https:\/\/asteralabs.org\/ webbplats. Vi f\u00f6rbeh\u00e5ller oss r\u00e4tten att n\u00e4r som helst \u00e4ndra denna policy, och du kommer d\u00e5 att f\u00e5 omedelbar information om detta. Om du vill vara s\u00e4ker&hellip;","og_url":"https:\/\/asteralabs.org\/sv\/integritetspolicy\/","og_site_name":"Astera Labs","article_modified_time":"2025-01-30T13:22:17+00:00","twitter_card":"summary_large_image","schema":{"@context":"https:\/\/schema.org","@graph":[{"@type":"WebPage","@id":"https:\/\/asteralabs.org\/sv\/integritetspolicy\/","url":"https:\/\/asteralabs.org\/sv\/integritetspolicy\/","name":"Integritetspolicy - Astera Labs","isPartOf":{"@id":"https:\/\/asteralabs.org\/sv\/#website"},"datePublished":"2023-02-21T19:32:09+00:00","dateModified":"2025-01-30T13:22:17+00:00","breadcrumb":{"@id":"https:\/\/asteralabs.org\/sv\/integritetspolicy\/#breadcrumb"},"inLanguage":"sv-SE","potentialAction":[{"@type":"ReadAction","target":["https:\/\/asteralabs.org\/sv\/integritetspolicy\/"]}]},{"@type":"BreadcrumbList","@id":"https:\/\/asteralabs.org\/sv\/integritetspolicy\/#breadcrumb","itemListElement":[{"@type":"ListItem","position":1,"name":"Home","item":"https:\/\/asteralabs.org\/sv\/"},{"@type":"ListItem","position":2,"name":"Integritetspolicy"}]},{"@type":"WebSite","@id":"https:\/\/asteralabs.org\/sv\/#website","url":"https:\/\/asteralabs.org\/sv\/","name":"Astera Labs","description":"Improve Your Quality Of Life","publisher":{"@id":"https:\/\/asteralabs.org\/sv\/#organization"},"potentialAction":[{"@type":"SearchAction","target":{"@type":"EntryPoint","urlTemplate":"https:\/\/asteralabs.org\/sv\/?s={search_term_string}"},"query-input":{"@type":"PropertyValueSpecification","valueRequired":true,"valueName":"search_term_string"}}],"inLanguage":"sv-SE"},{"@type":"Organization","@id":"https:\/\/asteralabs.org\/sv\/#organization","name":"Astera Labs","url":"https:\/\/asteralabs.org\/sv\/","logo":{"@type":"ImageObject","inLanguage":"sv-SE","@id":"https:\/\/asteralabs.org\/sv\/#\/schema\/logo\/image\/","url":"https:\/\/asteralabs.org\/wp-content\/uploads\/2022\/12\/astera-2.png","contentUrl":"https:\/\/asteralabs.org\/wp-content\/uploads\/2022\/12\/astera-2.png","width":437,"height":111,"caption":"Astera Labs"},"image":{"@id":"https:\/\/asteralabs.org\/sv\/#\/schema\/logo\/image\/"}}]}},"_links":{"self":[{"href":"https:\/\/asteralabs.org\/sv\/wp-json\/wp\/v2\/pages\/77097","targetHints":{"allow":["GET"]}}],"collection":[{"href":"https:\/\/asteralabs.org\/sv\/wp-json\/wp\/v2\/pages"}],"about":[{"href":"https:\/\/asteralabs.org\/sv\/wp-json\/wp\/v2\/types\/page"}],"author":[{"embeddable":true,"href":"https:\/\/asteralabs.org\/sv\/wp-json\/wp\/v2\/users\/1"}],"replies":[{"embeddable":true,"href":"https:\/\/asteralabs.org\/sv\/wp-json\/wp\/v2\/comments?post=77097"}],"version-history":[{"count":1,"href":"https:\/\/asteralabs.org\/sv\/wp-json\/wp\/v2\/pages\/77097\/revisions"}],"predecessor-version":[{"id":77099,"href":"https:\/\/asteralabs.org\/sv\/wp-json\/wp\/v2\/pages\/77097\/revisions\/77099"}],"wp:attachment":[{"href":"https:\/\/asteralabs.org\/sv\/wp-json\/wp\/v2\/media?parent=77097"}],"curies":[{"name":"wp","href":"https:\/\/api.w.org\/{rel}","templated":true}]}}