{"id":77660,"date":"2022-10-30T18:28:38","date_gmt":"2022-10-30T18:28:38","guid":{"rendered":"https:\/\/asteralabs.org\/product\/drostanolon-enanthate\/"},"modified":"2026-01-15T08:49:57","modified_gmt":"2026-01-15T08:49:57","slug":"drostanolon-enanthate","status":"publish","type":"product","link":"https:\/\/asteralabs.org\/sv\/product\/drostanolon-enanthate\/","title":{"rendered":"Drostanolon Enanthate"},"content":{"rendered":"<p><strong>DOSERING:<\/strong><br \/>\nDrostanolone Enanthate 200 mg \/ ml <strong>F\u00d6RPACKNINGSINNEH\u00c5LL:<\/strong><br \/>\n1 x 10ML injektionsflaska, 200 mg per ml VAD \u00c4R <strong>DET:<\/strong><br \/>\nDrostanolone Enanthate \u00e4r en injicerbar anabol steroid med en f\u00f6rh\u00f6jd androgen styrka. P\u00e5 grund av sin h\u00f6ga androgena potens anv\u00e4nds den vanligtvis under sk\u00e4rcykler f\u00f6r att f\u00f6rb\u00e4ttra fettf\u00f6rlusten, det orsakar vanligtvis ett torrt och h\u00e5rt utseende om det anv\u00e4nds korrekt, det \u00e4r ocks\u00e5 anv\u00e4ndbart som androgent st\u00f6d under en cykel med Nandrolone f\u00f6r att undvika att omvandlingen av detta till DHN orsakar o\u00f6nskade biverkningar. HUR MAN ANV\u00c4NDER <strong>:<\/strong><br \/>\nNormala doser \u00e4r vanligtvis 400 till 600 mg per vecka f\u00f6r nyb\u00f6rjare och mellanliggande idrottare, med m\u00f6jlighet att anv\u00e4nda 800 till 1000 mg per vecka f\u00f6r specifika eller konkurrenskraftiga \u00e4ndam\u00e5l. Det anv\u00e4nds vanligtvis fr\u00e5n 10 till 16 veckor. Eftersom den har en stor androgen styrka rekommenderas dess anv\u00e4ndning av kvinnor inte utom i mycket specifika fall (t\u00e4vlings\u00e4ndam\u00e5l) under mycket korta tidsperioder och vid mycket l\u00e5ga doser. <strong>BATCH INFORMATION:<br \/>\n<\/strong>Batch nr: <span data-sheets-root=\"1\" data-sheets-value=\"{\" data-sheets-userformat=\"{\">OI10210<\/span><br \/>\nTillverkningsdatum: <span data-sheets-root=\"1\" data-sheets-value=\"{\" data-sheets-userformat=\"{\">10.2025.<\/span><br \/>\nUtg\u00e5ngsdatum: <span data-sheets-root=\"1\" data-sheets-value=\"{\" data-sheets-userformat=\"{\">10.2028.<\/span><\/p>\n","protected":false},"excerpt":{"rendered":"<p>DOSERING: Drostanolone Enanthate 200 mg \/ ml F\u00d6RPACKNINGSINNEH\u00c5LL: 1 x 10ML injektionsflaska, 200 mg per ml VAD \u00c4R DET: Drostanolone Enanthate \u00e4r en injicerbar anabol steroid med en f\u00f6rh\u00f6jd androgen styrka. P\u00e5 grund av sin h\u00f6ga androgena potens anv\u00e4nds den vanligtvis under sk\u00e4rcykler f\u00f6r att f\u00f6rb\u00e4ttra fettf\u00f6rlusten, det orsakar vanligtvis ett torrt och h\u00e5rt utseende&hellip;<\/p>\n","protected":false},"featured_media":74838,"comment_status":"open","ping_status":"closed","template":"","meta":{"_acf_changed":false},"product_brand":[],"product_cat":[171,169],"product_tag":[170],"class_list":{"0":"post-77660","1":"product","2":"type-product","3":"status-publish","4":"has-post-thumbnail","6":"product_cat-all-sv","7":"product_cat-injectables-sv","8":"product_tag-bastsaljare","9":"description-off","11":"first","12":"instock","13":"shipping-taxable","14":"product-type-simple"},"acf":[],"yoast_head":"<!-- This site is optimized with the Yoast SEO plugin v27.4 - https:\/\/yoast.com\/product\/yoast-seo-wordpress\/ -->\n<title>Drostanolon Enanthate - Astera Labs<\/title>\n<meta name=\"robots\" content=\"index, follow, max-snippet:-1, max-image-preview:large, max-video-preview:-1\" \/>\n<link rel=\"canonical\" href=\"https:\/\/asteralabs.org\/sv\/product\/drostanolon-enanthate\/\" \/>\n<meta property=\"og:locale\" content=\"sv_SE\" \/>\n<meta property=\"og:type\" content=\"article\" \/>\n<meta property=\"og:title\" content=\"Drostanolon Enanthate - Astera Labs\" \/>\n<meta property=\"og:description\" content=\"DOSERING: Drostanolone Enanthate 200 mg \/ ml F\u00d6RPACKNINGSINNEH\u00c5LL: 1 x 10ML injektionsflaska, 200 mg per ml VAD \u00c4R DET: Drostanolone Enanthate \u00e4r en injicerbar anabol steroid med en f\u00f6rh\u00f6jd androgen styrka. P\u00e5 grund av sin h\u00f6ga androgena potens anv\u00e4nds den vanligtvis under sk\u00e4rcykler f\u00f6r att f\u00f6rb\u00e4ttra fettf\u00f6rlusten, det orsakar vanligtvis ett torrt och h\u00e5rt utseende&hellip;\" \/>\n<meta property=\"og:url\" content=\"https:\/\/asteralabs.org\/sv\/product\/drostanolon-enanthate\/\" \/>\n<meta property=\"og:site_name\" content=\"Astera Labs\" \/>\n<meta property=\"article:modified_time\" content=\"2026-01-15T08:49:57+00:00\" \/>\n<meta property=\"og:image\" content=\"https:\/\/asteralabs.org\/wp-content\/uploads\/2022\/10\/121.png\" \/>\n\t<meta property=\"og:image:width\" content=\"2000\" \/>\n\t<meta property=\"og:image:height\" content=\"2000\" \/>\n\t<meta property=\"og:image:type\" content=\"image\/png\" \/>\n<meta name=\"twitter:card\" content=\"summary_large_image\" \/>\n<script type=\"application\/ld+json\" class=\"yoast-schema-graph\">{\"@context\":\"https:\\\/\\\/schema.org\",\"@graph\":[{\"@type\":\"WebPage\",\"@id\":\"https:\\\/\\\/asteralabs.org\\\/sv\\\/product\\\/drostanolon-enanthate\\\/\",\"url\":\"https:\\\/\\\/asteralabs.org\\\/sv\\\/product\\\/drostanolon-enanthate\\\/\",\"name\":\"Drostanolon Enanthate - Astera Labs\",\"isPartOf\":{\"@id\":\"https:\\\/\\\/asteralabs.org\\\/sv\\\/#website\"},\"primaryImageOfPage\":{\"@id\":\"https:\\\/\\\/asteralabs.org\\\/sv\\\/product\\\/drostanolon-enanthate\\\/#primaryimage\"},\"image\":{\"@id\":\"https:\\\/\\\/asteralabs.org\\\/sv\\\/product\\\/drostanolon-enanthate\\\/#primaryimage\"},\"thumbnailUrl\":\"https:\\\/\\\/asteralabs.org\\\/wp-content\\\/uploads\\\/2022\\\/10\\\/121.png\",\"datePublished\":\"2022-10-30T18:28:38+00:00\",\"dateModified\":\"2026-01-15T08:49:57+00:00\",\"breadcrumb\":{\"@id\":\"https:\\\/\\\/asteralabs.org\\\/sv\\\/product\\\/drostanolon-enanthate\\\/#breadcrumb\"},\"inLanguage\":\"sv-SE\",\"potentialAction\":[{\"@type\":\"ReadAction\",\"target\":[\"https:\\\/\\\/asteralabs.org\\\/sv\\\/product\\\/drostanolon-enanthate\\\/\"]}]},{\"@type\":\"ImageObject\",\"inLanguage\":\"sv-SE\",\"@id\":\"https:\\\/\\\/asteralabs.org\\\/sv\\\/product\\\/drostanolon-enanthate\\\/#primaryimage\",\"url\":\"https:\\\/\\\/asteralabs.org\\\/wp-content\\\/uploads\\\/2022\\\/10\\\/121.png\",\"contentUrl\":\"https:\\\/\\\/asteralabs.org\\\/wp-content\\\/uploads\\\/2022\\\/10\\\/121.png\",\"width\":2000,\"height\":2000},{\"@type\":\"BreadcrumbList\",\"@id\":\"https:\\\/\\\/asteralabs.org\\\/sv\\\/product\\\/drostanolon-enanthate\\\/#breadcrumb\",\"itemListElement\":[{\"@type\":\"ListItem\",\"position\":1,\"name\":\"Home\",\"item\":\"https:\\\/\\\/asteralabs.org\\\/sv\\\/\"},{\"@type\":\"ListItem\",\"position\":2,\"name\":\"Butik\",\"item\":\"https:\\\/\\\/asteralabs.org\\\/sv\\\/butik\\\/\"},{\"@type\":\"ListItem\",\"position\":3,\"name\":\"Drostanolon Enanthate\"}]},{\"@type\":\"WebSite\",\"@id\":\"https:\\\/\\\/asteralabs.org\\\/sv\\\/#website\",\"url\":\"https:\\\/\\\/asteralabs.org\\\/sv\\\/\",\"name\":\"Astera Labs\",\"description\":\"Improve Your Quality Of Life\",\"publisher\":{\"@id\":\"https:\\\/\\\/asteralabs.org\\\/sv\\\/#organization\"},\"potentialAction\":[{\"@type\":\"SearchAction\",\"target\":{\"@type\":\"EntryPoint\",\"urlTemplate\":\"https:\\\/\\\/asteralabs.org\\\/sv\\\/?s={search_term_string}\"},\"query-input\":{\"@type\":\"PropertyValueSpecification\",\"valueRequired\":true,\"valueName\":\"search_term_string\"}}],\"inLanguage\":\"sv-SE\"},{\"@type\":\"Organization\",\"@id\":\"https:\\\/\\\/asteralabs.org\\\/sv\\\/#organization\",\"name\":\"Astera Labs\",\"url\":\"https:\\\/\\\/asteralabs.org\\\/sv\\\/\",\"logo\":{\"@type\":\"ImageObject\",\"inLanguage\":\"sv-SE\",\"@id\":\"https:\\\/\\\/asteralabs.org\\\/sv\\\/#\\\/schema\\\/logo\\\/image\\\/\",\"url\":\"https:\\\/\\\/asteralabs.org\\\/wp-content\\\/uploads\\\/2022\\\/12\\\/astera-2.png\",\"contentUrl\":\"https:\\\/\\\/asteralabs.org\\\/wp-content\\\/uploads\\\/2022\\\/12\\\/astera-2.png\",\"width\":437,\"height\":111,\"caption\":\"Astera Labs\"},\"image\":{\"@id\":\"https:\\\/\\\/asteralabs.org\\\/sv\\\/#\\\/schema\\\/logo\\\/image\\\/\"}}]}<\/script>\n<!-- \/ Yoast SEO plugin. -->","yoast_head_json":{"title":"Drostanolon Enanthate - Astera Labs","robots":{"index":"index","follow":"follow","max-snippet":"max-snippet:-1","max-image-preview":"max-image-preview:large","max-video-preview":"max-video-preview:-1"},"canonical":"https:\/\/asteralabs.org\/sv\/product\/drostanolon-enanthate\/","og_locale":"sv_SE","og_type":"article","og_title":"Drostanolon Enanthate - Astera Labs","og_description":"DOSERING: Drostanolone Enanthate 200 mg \/ ml F\u00d6RPACKNINGSINNEH\u00c5LL: 1 x 10ML injektionsflaska, 200 mg per ml VAD \u00c4R DET: Drostanolone Enanthate \u00e4r en injicerbar anabol steroid med en f\u00f6rh\u00f6jd androgen styrka. P\u00e5 grund av sin h\u00f6ga androgena potens anv\u00e4nds den vanligtvis under sk\u00e4rcykler f\u00f6r att f\u00f6rb\u00e4ttra fettf\u00f6rlusten, det orsakar vanligtvis ett torrt och h\u00e5rt utseende&hellip;","og_url":"https:\/\/asteralabs.org\/sv\/product\/drostanolon-enanthate\/","og_site_name":"Astera Labs","article_modified_time":"2026-01-15T08:49:57+00:00","og_image":[{"width":2000,"height":2000,"url":"https:\/\/asteralabs.org\/wp-content\/uploads\/2022\/10\/121.png","type":"image\/png"}],"twitter_card":"summary_large_image","schema":{"@context":"https:\/\/schema.org","@graph":[{"@type":"WebPage","@id":"https:\/\/asteralabs.org\/sv\/product\/drostanolon-enanthate\/","url":"https:\/\/asteralabs.org\/sv\/product\/drostanolon-enanthate\/","name":"Drostanolon Enanthate - Astera Labs","isPartOf":{"@id":"https:\/\/asteralabs.org\/sv\/#website"},"primaryImageOfPage":{"@id":"https:\/\/asteralabs.org\/sv\/product\/drostanolon-enanthate\/#primaryimage"},"image":{"@id":"https:\/\/asteralabs.org\/sv\/product\/drostanolon-enanthate\/#primaryimage"},"thumbnailUrl":"https:\/\/asteralabs.org\/wp-content\/uploads\/2022\/10\/121.png","datePublished":"2022-10-30T18:28:38+00:00","dateModified":"2026-01-15T08:49:57+00:00","breadcrumb":{"@id":"https:\/\/asteralabs.org\/sv\/product\/drostanolon-enanthate\/#breadcrumb"},"inLanguage":"sv-SE","potentialAction":[{"@type":"ReadAction","target":["https:\/\/asteralabs.org\/sv\/product\/drostanolon-enanthate\/"]}]},{"@type":"ImageObject","inLanguage":"sv-SE","@id":"https:\/\/asteralabs.org\/sv\/product\/drostanolon-enanthate\/#primaryimage","url":"https:\/\/asteralabs.org\/wp-content\/uploads\/2022\/10\/121.png","contentUrl":"https:\/\/asteralabs.org\/wp-content\/uploads\/2022\/10\/121.png","width":2000,"height":2000},{"@type":"BreadcrumbList","@id":"https:\/\/asteralabs.org\/sv\/product\/drostanolon-enanthate\/#breadcrumb","itemListElement":[{"@type":"ListItem","position":1,"name":"Home","item":"https:\/\/asteralabs.org\/sv\/"},{"@type":"ListItem","position":2,"name":"Butik","item":"https:\/\/asteralabs.org\/sv\/butik\/"},{"@type":"ListItem","position":3,"name":"Drostanolon Enanthate"}]},{"@type":"WebSite","@id":"https:\/\/asteralabs.org\/sv\/#website","url":"https:\/\/asteralabs.org\/sv\/","name":"Astera Labs","description":"Improve Your Quality Of Life","publisher":{"@id":"https:\/\/asteralabs.org\/sv\/#organization"},"potentialAction":[{"@type":"SearchAction","target":{"@type":"EntryPoint","urlTemplate":"https:\/\/asteralabs.org\/sv\/?s={search_term_string}"},"query-input":{"@type":"PropertyValueSpecification","valueRequired":true,"valueName":"search_term_string"}}],"inLanguage":"sv-SE"},{"@type":"Organization","@id":"https:\/\/asteralabs.org\/sv\/#organization","name":"Astera Labs","url":"https:\/\/asteralabs.org\/sv\/","logo":{"@type":"ImageObject","inLanguage":"sv-SE","@id":"https:\/\/asteralabs.org\/sv\/#\/schema\/logo\/image\/","url":"https:\/\/asteralabs.org\/wp-content\/uploads\/2022\/12\/astera-2.png","contentUrl":"https:\/\/asteralabs.org\/wp-content\/uploads\/2022\/12\/astera-2.png","width":437,"height":111,"caption":"Astera Labs"},"image":{"@id":"https:\/\/asteralabs.org\/sv\/#\/schema\/logo\/image\/"}}]}},"_links":{"self":[{"href":"https:\/\/asteralabs.org\/sv\/wp-json\/wp\/v2\/product\/77660","targetHints":{"allow":["GET"]}}],"collection":[{"href":"https:\/\/asteralabs.org\/sv\/wp-json\/wp\/v2\/product"}],"about":[{"href":"https:\/\/asteralabs.org\/sv\/wp-json\/wp\/v2\/types\/product"}],"replies":[{"embeddable":true,"href":"https:\/\/asteralabs.org\/sv\/wp-json\/wp\/v2\/comments?post=77660"}],"version-history":[{"count":0,"href":"https:\/\/asteralabs.org\/sv\/wp-json\/wp\/v2\/product\/77660\/revisions"}],"wp:featuredmedia":[{"embeddable":true,"href":"https:\/\/asteralabs.org\/sv\/wp-json\/wp\/v2\/media\/74838"}],"wp:attachment":[{"href":"https:\/\/asteralabs.org\/sv\/wp-json\/wp\/v2\/media?parent=77660"}],"wp:term":[{"taxonomy":"product_brand","embeddable":true,"href":"https:\/\/asteralabs.org\/sv\/wp-json\/wp\/v2\/product_brand?post=77660"},{"taxonomy":"product_cat","embeddable":true,"href":"https:\/\/asteralabs.org\/sv\/wp-json\/wp\/v2\/product_cat?post=77660"},{"taxonomy":"product_tag","embeddable":true,"href":"https:\/\/asteralabs.org\/sv\/wp-json\/wp\/v2\/product_tag?post=77660"}],"curies":[{"name":"wp","href":"https:\/\/api.w.org\/{rel}","templated":true}]}}