{"id":77729,"date":"2023-01-10T22:24:53","date_gmt":"2023-01-10T22:24:53","guid":{"rendered":"https:\/\/asteralabs.org\/product\/sex-hard-mix-viagra-cialis\/"},"modified":"2026-01-16T12:12:14","modified_gmt":"2026-01-16T12:12:14","slug":"sex-hard-mix-viagra-cialis","status":"publish","type":"product","link":"https:\/\/asteralabs.org\/sv\/product\/sex-hard-mix-viagra-cialis\/","title":{"rendered":"Sex Hard Mix (Viagra + Cialis)"},"content":{"rendered":"<p><strong>DOSERING: <\/strong><br \/>\nSildenafilcitrat (Viagra) 50 mg\/tab<br \/>\nTadalafil (Cialis) 20 mg\/tab <strong>F\u00d6RPACKNINGSINNEH\u00c5LL <\/strong>:<br \/>\n1 <strong>dosett <\/strong>, 100 tabletter, 70 mg per tablett VAD \u00c4R <strong>DET: <\/strong><br \/>\nKombinationen av Viagra och Cialis hj\u00e4lper dig att f\u00e5 en varaktig erektion under l\u00e5ng tid. Den akuta effekten av viagra kombineras med den l\u00e5ngvariga effekten av cialis. <strong>HUR MAN ANV\u00c4NDER: <\/strong><br \/>\nDet \u00e4r tillr\u00e5dligt att ta det tv\u00e5 timmar f\u00f6re den sexuella aktiviteten s\u00e5 att den ut\u00f6var sin effekt. Det \u00e4r bara n\u00f6dv\u00e4ndigt att ta det en g\u00e5ng om dagen och doserna b\u00f6r inte vara h\u00f6gre \u00e4n 1 flik per dag.<\/p>\n<p><strong>BATCH INFORMATION:<br \/>\n<\/strong>Batch nr: <span data-sheets-root=\"1\" data-sheets-value=\"{\" data-sheets-userformat=\"{\">VY05604<\/span><br \/>\nTillverkningsdatum: <span data-sheets-root=\"1\" data-sheets-value=\"{\" data-sheets-userformat=\"{\">10.2025.<\/span><br \/>\nUtg\u00e5ngsdatum: <span data-sheets-root=\"1\" data-sheets-value=\"{\" data-sheets-userformat=\"{\">10.2028.<\/span><\/p>\n","protected":false},"excerpt":{"rendered":"<p>DOSERING: Sildenafilcitrat (Viagra) 50 mg\/tab Tadalafil (Cialis) 20 mg\/tab F\u00d6RPACKNINGSINNEH\u00c5LL : 1 dosett , 100 tabletter, 70 mg per tablett VAD \u00c4R DET: Kombinationen av Viagra och Cialis hj\u00e4lper dig att f\u00e5 en varaktig erektion under l\u00e5ng tid. Den akuta effekten av viagra kombineras med den l\u00e5ngvariga effekten av cialis. HUR MAN ANV\u00c4NDER: Det \u00e4r&hellip;<\/p>\n","protected":false},"featured_media":76190,"comment_status":"open","ping_status":"closed","template":"","meta":[],"product_cat":[171,179],"product_tag":[],"yoast_head":"<!-- This site is optimized with the Yoast SEO plugin v23.0 - https:\/\/yoast.com\/wordpress\/plugins\/seo\/ -->\n<title>Sex Hard Mix (Viagra + Cialis) - Astera Labs<\/title>\n<meta name=\"robots\" content=\"index, follow, max-snippet:-1, max-image-preview:large, max-video-preview:-1\" \/>\n<link rel=\"canonical\" href=\"https:\/\/asteralabs.org\/sv\/product\/sex-hard-mix-viagra-cialis\/\" \/>\n<meta property=\"og:locale\" content=\"sv_SE\" \/>\n<meta property=\"og:type\" content=\"article\" \/>\n<meta property=\"og:title\" content=\"Sex Hard Mix (Viagra + Cialis) - Astera Labs\" \/>\n<meta property=\"og:description\" content=\"DOSERING: Sildenafilcitrat (Viagra) 50 mg\/tab Tadalafil (Cialis) 20 mg\/tab F\u00d6RPACKNINGSINNEH\u00c5LL : 1 dosett , 100 tabletter, 70 mg per tablett VAD \u00c4R DET: Kombinationen av Viagra och Cialis hj\u00e4lper dig att f\u00e5 en varaktig erektion under l\u00e5ng tid. Den akuta effekten av viagra kombineras med den l\u00e5ngvariga effekten av cialis. HUR MAN ANV\u00c4NDER: Det \u00e4r&hellip;\" \/>\n<meta property=\"og:url\" content=\"https:\/\/asteralabs.org\/sv\/product\/sex-hard-mix-viagra-cialis\/\" \/>\n<meta property=\"og:site_name\" content=\"Astera Labs\" \/>\n<meta property=\"article:modified_time\" content=\"2026-01-16T12:12:14+00:00\" \/>\n<meta property=\"og:image\" content=\"https:\/\/asteralabs.org\/wp-content\/uploads\/2023\/01\/Sex-hard-mix-mockup-nbg.png\" \/>\n\t<meta property=\"og:image:width\" content=\"2000\" \/>\n\t<meta property=\"og:image:height\" content=\"2000\" \/>\n\t<meta property=\"og:image:type\" content=\"image\/png\" \/>\n<meta name=\"twitter:card\" content=\"summary_large_image\" \/>\n<script type=\"application\/ld+json\" class=\"yoast-schema-graph\">{\"@context\":\"https:\/\/schema.org\",\"@graph\":[{\"@type\":\"WebPage\",\"@id\":\"https:\/\/asteralabs.org\/sv\/product\/sex-hard-mix-viagra-cialis\/\",\"url\":\"https:\/\/asteralabs.org\/sv\/product\/sex-hard-mix-viagra-cialis\/\",\"name\":\"Sex Hard Mix (Viagra + Cialis) - Astera Labs\",\"isPartOf\":{\"@id\":\"https:\/\/asteralabs.org\/sv\/#website\"},\"primaryImageOfPage\":{\"@id\":\"https:\/\/asteralabs.org\/sv\/product\/sex-hard-mix-viagra-cialis\/#primaryimage\"},\"image\":{\"@id\":\"https:\/\/asteralabs.org\/sv\/product\/sex-hard-mix-viagra-cialis\/#primaryimage\"},\"thumbnailUrl\":\"https:\/\/asteralabs.org\/wp-content\/uploads\/2023\/01\/Sex-hard-mix-mockup-nbg.png\",\"datePublished\":\"2023-01-10T22:24:53+00:00\",\"dateModified\":\"2026-01-16T12:12:14+00:00\",\"breadcrumb\":{\"@id\":\"https:\/\/asteralabs.org\/sv\/product\/sex-hard-mix-viagra-cialis\/#breadcrumb\"},\"inLanguage\":\"sv-SE\",\"potentialAction\":[{\"@type\":\"ReadAction\",\"target\":[\"https:\/\/asteralabs.org\/sv\/product\/sex-hard-mix-viagra-cialis\/\"]}]},{\"@type\":\"ImageObject\",\"inLanguage\":\"sv-SE\",\"@id\":\"https:\/\/asteralabs.org\/sv\/product\/sex-hard-mix-viagra-cialis\/#primaryimage\",\"url\":\"https:\/\/asteralabs.org\/wp-content\/uploads\/2023\/01\/Sex-hard-mix-mockup-nbg.png\",\"contentUrl\":\"https:\/\/asteralabs.org\/wp-content\/uploads\/2023\/01\/Sex-hard-mix-mockup-nbg.png\",\"width\":2000,\"height\":2000},{\"@type\":\"BreadcrumbList\",\"@id\":\"https:\/\/asteralabs.org\/sv\/product\/sex-hard-mix-viagra-cialis\/#breadcrumb\",\"itemListElement\":[{\"@type\":\"ListItem\",\"position\":1,\"name\":\"Home\",\"item\":\"https:\/\/asteralabs.org\/sv\/\"},{\"@type\":\"ListItem\",\"position\":2,\"name\":\"Butik\",\"item\":\"https:\/\/asteralabs.org\/butik\/\"},{\"@type\":\"ListItem\",\"position\":3,\"name\":\"Sex Hard Mix (Viagra + Cialis)\"}]},{\"@type\":\"WebSite\",\"@id\":\"https:\/\/asteralabs.org\/sv\/#website\",\"url\":\"https:\/\/asteralabs.org\/sv\/\",\"name\":\"Astera Labs\",\"description\":\"Improve Your Quality Of Life\",\"publisher\":{\"@id\":\"https:\/\/asteralabs.org\/sv\/#organization\"},\"potentialAction\":[{\"@type\":\"SearchAction\",\"target\":{\"@type\":\"EntryPoint\",\"urlTemplate\":\"https:\/\/asteralabs.org\/sv\/?s={search_term_string}\"},\"query-input\":\"required name=search_term_string\"}],\"inLanguage\":\"sv-SE\"},{\"@type\":\"Organization\",\"@id\":\"https:\/\/asteralabs.org\/sv\/#organization\",\"name\":\"Astera Labs\",\"url\":\"https:\/\/asteralabs.org\/sv\/\",\"logo\":{\"@type\":\"ImageObject\",\"inLanguage\":\"sv-SE\",\"@id\":\"https:\/\/asteralabs.org\/sv\/#\/schema\/logo\/image\/\",\"url\":\"https:\/\/asteralabs.org\/wp-content\/uploads\/2022\/12\/astera-2.png\",\"contentUrl\":\"https:\/\/asteralabs.org\/wp-content\/uploads\/2022\/12\/astera-2.png\",\"width\":437,\"height\":111,\"caption\":\"Astera Labs\"},\"image\":{\"@id\":\"https:\/\/asteralabs.org\/sv\/#\/schema\/logo\/image\/\"}}]}<\/script>\n<!-- \/ Yoast SEO plugin. -->","yoast_head_json":{"title":"Sex Hard Mix (Viagra + Cialis) - Astera Labs","robots":{"index":"index","follow":"follow","max-snippet":"max-snippet:-1","max-image-preview":"max-image-preview:large","max-video-preview":"max-video-preview:-1"},"canonical":"https:\/\/asteralabs.org\/sv\/product\/sex-hard-mix-viagra-cialis\/","og_locale":"sv_SE","og_type":"article","og_title":"Sex Hard Mix (Viagra + Cialis) - Astera Labs","og_description":"DOSERING: Sildenafilcitrat (Viagra) 50 mg\/tab Tadalafil (Cialis) 20 mg\/tab F\u00d6RPACKNINGSINNEH\u00c5LL : 1 dosett , 100 tabletter, 70 mg per tablett VAD \u00c4R DET: Kombinationen av Viagra och Cialis hj\u00e4lper dig att f\u00e5 en varaktig erektion under l\u00e5ng tid. Den akuta effekten av viagra kombineras med den l\u00e5ngvariga effekten av cialis. HUR MAN ANV\u00c4NDER: Det \u00e4r&hellip;","og_url":"https:\/\/asteralabs.org\/sv\/product\/sex-hard-mix-viagra-cialis\/","og_site_name":"Astera Labs","article_modified_time":"2026-01-16T12:12:14+00:00","og_image":[{"width":2000,"height":2000,"url":"https:\/\/asteralabs.org\/wp-content\/uploads\/2023\/01\/Sex-hard-mix-mockup-nbg.png","type":"image\/png"}],"twitter_card":"summary_large_image","schema":{"@context":"https:\/\/schema.org","@graph":[{"@type":"WebPage","@id":"https:\/\/asteralabs.org\/sv\/product\/sex-hard-mix-viagra-cialis\/","url":"https:\/\/asteralabs.org\/sv\/product\/sex-hard-mix-viagra-cialis\/","name":"Sex Hard Mix (Viagra + Cialis) - Astera Labs","isPartOf":{"@id":"https:\/\/asteralabs.org\/sv\/#website"},"primaryImageOfPage":{"@id":"https:\/\/asteralabs.org\/sv\/product\/sex-hard-mix-viagra-cialis\/#primaryimage"},"image":{"@id":"https:\/\/asteralabs.org\/sv\/product\/sex-hard-mix-viagra-cialis\/#primaryimage"},"thumbnailUrl":"https:\/\/asteralabs.org\/wp-content\/uploads\/2023\/01\/Sex-hard-mix-mockup-nbg.png","datePublished":"2023-01-10T22:24:53+00:00","dateModified":"2026-01-16T12:12:14+00:00","breadcrumb":{"@id":"https:\/\/asteralabs.org\/sv\/product\/sex-hard-mix-viagra-cialis\/#breadcrumb"},"inLanguage":"sv-SE","potentialAction":[{"@type":"ReadAction","target":["https:\/\/asteralabs.org\/sv\/product\/sex-hard-mix-viagra-cialis\/"]}]},{"@type":"ImageObject","inLanguage":"sv-SE","@id":"https:\/\/asteralabs.org\/sv\/product\/sex-hard-mix-viagra-cialis\/#primaryimage","url":"https:\/\/asteralabs.org\/wp-content\/uploads\/2023\/01\/Sex-hard-mix-mockup-nbg.png","contentUrl":"https:\/\/asteralabs.org\/wp-content\/uploads\/2023\/01\/Sex-hard-mix-mockup-nbg.png","width":2000,"height":2000},{"@type":"BreadcrumbList","@id":"https:\/\/asteralabs.org\/sv\/product\/sex-hard-mix-viagra-cialis\/#breadcrumb","itemListElement":[{"@type":"ListItem","position":1,"name":"Home","item":"https:\/\/asteralabs.org\/sv\/"},{"@type":"ListItem","position":2,"name":"Butik","item":"https:\/\/asteralabs.org\/butik\/"},{"@type":"ListItem","position":3,"name":"Sex Hard Mix (Viagra + Cialis)"}]},{"@type":"WebSite","@id":"https:\/\/asteralabs.org\/sv\/#website","url":"https:\/\/asteralabs.org\/sv\/","name":"Astera Labs","description":"Improve Your Quality Of Life","publisher":{"@id":"https:\/\/asteralabs.org\/sv\/#organization"},"potentialAction":[{"@type":"SearchAction","target":{"@type":"EntryPoint","urlTemplate":"https:\/\/asteralabs.org\/sv\/?s={search_term_string}"},"query-input":"required name=search_term_string"}],"inLanguage":"sv-SE"},{"@type":"Organization","@id":"https:\/\/asteralabs.org\/sv\/#organization","name":"Astera Labs","url":"https:\/\/asteralabs.org\/sv\/","logo":{"@type":"ImageObject","inLanguage":"sv-SE","@id":"https:\/\/asteralabs.org\/sv\/#\/schema\/logo\/image\/","url":"https:\/\/asteralabs.org\/wp-content\/uploads\/2022\/12\/astera-2.png","contentUrl":"https:\/\/asteralabs.org\/wp-content\/uploads\/2022\/12\/astera-2.png","width":437,"height":111,"caption":"Astera Labs"},"image":{"@id":"https:\/\/asteralabs.org\/sv\/#\/schema\/logo\/image\/"}}]}},"_links":{"self":[{"href":"https:\/\/asteralabs.org\/sv\/wp-json\/wp\/v2\/product\/77729"}],"collection":[{"href":"https:\/\/asteralabs.org\/sv\/wp-json\/wp\/v2\/product"}],"about":[{"href":"https:\/\/asteralabs.org\/sv\/wp-json\/wp\/v2\/types\/product"}],"replies":[{"embeddable":true,"href":"https:\/\/asteralabs.org\/sv\/wp-json\/wp\/v2\/comments?post=77729"}],"version-history":[{"count":0,"href":"https:\/\/asteralabs.org\/sv\/wp-json\/wp\/v2\/product\/77729\/revisions"}],"wp:featuredmedia":[{"embeddable":true,"href":"https:\/\/asteralabs.org\/sv\/wp-json\/wp\/v2\/media\/76190"}],"wp:attachment":[{"href":"https:\/\/asteralabs.org\/sv\/wp-json\/wp\/v2\/media?parent=77729"}],"wp:term":[{"taxonomy":"product_cat","embeddable":true,"href":"https:\/\/asteralabs.org\/sv\/wp-json\/wp\/v2\/product_cat?post=77729"},{"taxonomy":"product_tag","embeddable":true,"href":"https:\/\/asteralabs.org\/sv\/wp-json\/wp\/v2\/product_tag?post=77729"}],"curies":[{"name":"wp","href":"https:\/\/api.w.org\/{rel}","templated":true}]}}