{"id":77736,"date":"2023-01-10T22:23:05","date_gmt":"2023-01-10T22:23:05","guid":{"rendered":"https:\/\/asteralabs.org\/product\/sex-hard-strong-mix-viagra-cialis-dapoxetine-hcl\/"},"modified":"2026-01-15T14:23:40","modified_gmt":"2026-01-15T14:23:40","slug":"sex-hard-strong-mix-viagra-cialis-dapoxetine-hcl","status":"publish","type":"product","link":"https:\/\/asteralabs.org\/sv\/product\/sex-hard-strong-mix-viagra-cialis-dapoxetine-hcl\/","title":{"rendered":"Sex Hard &amp; Strong Mix (Viagra + Cialis + Dapoxetine HCL)"},"content":{"rendered":"<p><strong>DOSERING: <\/strong><br \/>\nSildenafil Citrate (Viagra) 50 mg\/tab<br \/>\nTadalafil (Cialis) 20 mg\/tab<br \/>\nDapoxetine HCL 30 mg\/tab <strong>F\u00d6RPACKNINGSINNEH\u00c5LL <\/strong>:<br \/>\n1 portion, 100 tabletter, 100 mg per tablett <strong>VAD \u00c4R DET: <\/strong><br \/>\nKombinationen av Viagra, Cialis och Dapoxetine hj\u00e4lper dig att uppn\u00e5 den b\u00e4sta sexuella prestationen du kan beg\u00e4ra. Den akuta effekten av viagra kombineras med den l\u00e5ngvariga effekten av cialis och den f\u00f6rdr\u00f6jande effekten av Dapoxetine. <strong>HUR MAN ANV\u00c4NDER: <\/strong><br \/>\nDet \u00e4r tillr\u00e5dligt att ta det en timme f\u00f6re den sexuella aktiviteten s\u00e5 att den ut\u00f6var sin effekt. Det \u00e4r bara n\u00f6dv\u00e4ndigt att ta det en g\u00e5ng om dagen och doserna b\u00f6r inte vara h\u00f6gre \u00e4n 1 flik per dag. <strong>BATCHINFORMATION:<br \/>\n<\/strong>Batch nr: <span data-sheets-root=\"1\">LW22138<\/span><br \/>\nTillverkningsdatum: <span data-sheets-root=\"1\" data-sheets-value=\"{&quot;1&quot;:2,&quot;2&quot;:&quot;03.2023.&quot;}\" data-sheets-userformat=\"{&quot;2&quot;:577,&quot;3&quot;:{&quot;1&quot;:0},&quot;9&quot;:0,&quot;12&quot;:0}\">10.2025.<\/span><br \/>\nUtg\u00e5ngsdatum: 10<span data-sheets-root=\"1\" data-sheets-value=\"{&quot;1&quot;:2,&quot;2&quot;:&quot;03.2026.&quot;}\" data-sheets-userformat=\"{&quot;2&quot;:637,&quot;3&quot;:{&quot;1&quot;:0},&quot;5&quot;:{&quot;1&quot;:[{&quot;1&quot;:2,&quot;2&quot;:0,&quot;5&quot;:{&quot;1&quot;:2,&quot;2&quot;:0}},{&quot;1&quot;:0,&quot;2&quot;:0,&quot;3&quot;:3},{&quot;1&quot;:1,&quot;2&quot;:0,&quot;4&quot;:1}]},&quot;6&quot;:{&quot;1&quot;:[{&quot;1&quot;:2,&quot;2&quot;:0,&quot;5&quot;:{&quot;1&quot;:2,&quot;2&quot;:0}},{&quot;1&quot;:0,&quot;2&quot;:0,&quot;3&quot;:3},{&quot;1&quot;:1,&quot;2&quot;:0,&quot;4&quot;:1}]},&quot;7&quot;:{&quot;1&quot;:[{&quot;1&quot;:2,&quot;2&quot;:0,&quot;5&quot;:{&quot;1&quot;:2,&quot;2&quot;:0}},{&quot;1&quot;:0,&quot;2&quot;:0,&quot;3&quot;:3},{&quot;1&quot;:1,&quot;2&quot;:0,&quot;4&quot;:1}]},&quot;8&quot;:{&quot;1&quot;:[{&quot;1&quot;:2,&quot;2&quot;:0,&quot;5&quot;:{&quot;1&quot;:2,&quot;2&quot;:0}},{&quot;1&quot;:0,&quot;2&quot;:0,&quot;3&quot;:3},{&quot;1&quot;:1,&quot;2&quot;:0,&quot;4&quot;:1}]},&quot;9&quot;:0,&quot;12&quot;:0}\">.2028.<\/span><\/p>\n","protected":false},"excerpt":{"rendered":"<p>DOSERING: Sildenafil Citrate (Viagra) 50 mg\/tab Tadalafil (Cialis) 20 mg\/tab Dapoxetine HCL 30 mg\/tab F\u00d6RPACKNINGSINNEH\u00c5LL : 1 portion, 100 tabletter, 100 mg per tablett VAD \u00c4R DET: Kombinationen av Viagra, Cialis och Dapoxetine hj\u00e4lper dig att uppn\u00e5 den b\u00e4sta sexuella prestationen du kan beg\u00e4ra. Den akuta effekten av viagra kombineras med den l\u00e5ngvariga effekten av&hellip;<\/p>\n","protected":false},"featured_media":76198,"comment_status":"open","ping_status":"closed","template":"","meta":[],"product_cat":[171,179],"product_tag":[],"yoast_head":"<!-- This site is optimized with the Yoast SEO plugin v23.0 - https:\/\/yoast.com\/wordpress\/plugins\/seo\/ -->\n<title>Sex Hard &amp; Strong Mix (Viagra + Cialis + Dapoxetine HCL) - Astera Labs<\/title>\n<meta name=\"robots\" content=\"index, follow, max-snippet:-1, max-image-preview:large, max-video-preview:-1\" \/>\n<link rel=\"canonical\" href=\"https:\/\/asteralabs.org\/sv\/product\/sex-hard-strong-mix-viagra-cialis-dapoxetine-hcl\/\" \/>\n<meta property=\"og:locale\" content=\"sv_SE\" \/>\n<meta property=\"og:type\" content=\"article\" \/>\n<meta property=\"og:title\" content=\"Sex Hard &amp; Strong Mix (Viagra + Cialis + Dapoxetine HCL) - Astera Labs\" \/>\n<meta property=\"og:description\" content=\"DOSERING: Sildenafil Citrate (Viagra) 50 mg\/tab Tadalafil (Cialis) 20 mg\/tab Dapoxetine HCL 30 mg\/tab F\u00d6RPACKNINGSINNEH\u00c5LL : 1 portion, 100 tabletter, 100 mg per tablett VAD \u00c4R DET: Kombinationen av Viagra, Cialis och Dapoxetine hj\u00e4lper dig att uppn\u00e5 den b\u00e4sta sexuella prestationen du kan beg\u00e4ra. Den akuta effekten av viagra kombineras med den l\u00e5ngvariga effekten av&hellip;\" \/>\n<meta property=\"og:url\" content=\"https:\/\/asteralabs.org\/sv\/product\/sex-hard-strong-mix-viagra-cialis-dapoxetine-hcl\/\" \/>\n<meta property=\"og:site_name\" content=\"Astera Labs\" \/>\n<meta property=\"article:modified_time\" content=\"2026-01-15T14:23:40+00:00\" \/>\n<meta property=\"og:image\" content=\"https:\/\/asteralabs.org\/wp-content\/uploads\/2023\/01\/Sex-hard-strong-mix-mockup-nbg.png\" \/>\n\t<meta property=\"og:image:width\" content=\"2000\" \/>\n\t<meta property=\"og:image:height\" content=\"2000\" \/>\n\t<meta property=\"og:image:type\" content=\"image\/png\" \/>\n<meta name=\"twitter:card\" content=\"summary_large_image\" \/>\n<script type=\"application\/ld+json\" class=\"yoast-schema-graph\">{\"@context\":\"https:\/\/schema.org\",\"@graph\":[{\"@type\":\"WebPage\",\"@id\":\"https:\/\/asteralabs.org\/sv\/product\/sex-hard-strong-mix-viagra-cialis-dapoxetine-hcl\/\",\"url\":\"https:\/\/asteralabs.org\/sv\/product\/sex-hard-strong-mix-viagra-cialis-dapoxetine-hcl\/\",\"name\":\"Sex Hard &amp; Strong Mix (Viagra + Cialis + Dapoxetine HCL) - Astera Labs\",\"isPartOf\":{\"@id\":\"https:\/\/asteralabs.org\/sv\/#website\"},\"primaryImageOfPage\":{\"@id\":\"https:\/\/asteralabs.org\/sv\/product\/sex-hard-strong-mix-viagra-cialis-dapoxetine-hcl\/#primaryimage\"},\"image\":{\"@id\":\"https:\/\/asteralabs.org\/sv\/product\/sex-hard-strong-mix-viagra-cialis-dapoxetine-hcl\/#primaryimage\"},\"thumbnailUrl\":\"https:\/\/asteralabs.org\/wp-content\/uploads\/2023\/01\/Sex-hard-strong-mix-mockup-nbg.png\",\"datePublished\":\"2023-01-10T22:23:05+00:00\",\"dateModified\":\"2026-01-15T14:23:40+00:00\",\"breadcrumb\":{\"@id\":\"https:\/\/asteralabs.org\/sv\/product\/sex-hard-strong-mix-viagra-cialis-dapoxetine-hcl\/#breadcrumb\"},\"inLanguage\":\"sv-SE\",\"potentialAction\":[{\"@type\":\"ReadAction\",\"target\":[\"https:\/\/asteralabs.org\/sv\/product\/sex-hard-strong-mix-viagra-cialis-dapoxetine-hcl\/\"]}]},{\"@type\":\"ImageObject\",\"inLanguage\":\"sv-SE\",\"@id\":\"https:\/\/asteralabs.org\/sv\/product\/sex-hard-strong-mix-viagra-cialis-dapoxetine-hcl\/#primaryimage\",\"url\":\"https:\/\/asteralabs.org\/wp-content\/uploads\/2023\/01\/Sex-hard-strong-mix-mockup-nbg.png\",\"contentUrl\":\"https:\/\/asteralabs.org\/wp-content\/uploads\/2023\/01\/Sex-hard-strong-mix-mockup-nbg.png\",\"width\":2000,\"height\":2000},{\"@type\":\"BreadcrumbList\",\"@id\":\"https:\/\/asteralabs.org\/sv\/product\/sex-hard-strong-mix-viagra-cialis-dapoxetine-hcl\/#breadcrumb\",\"itemListElement\":[{\"@type\":\"ListItem\",\"position\":1,\"name\":\"Home\",\"item\":\"https:\/\/asteralabs.org\/sv\/\"},{\"@type\":\"ListItem\",\"position\":2,\"name\":\"Butik\",\"item\":\"https:\/\/asteralabs.org\/butik\/\"},{\"@type\":\"ListItem\",\"position\":3,\"name\":\"Sex Hard &amp; Strong Mix (Viagra + Cialis + Dapoxetine HCL)\"}]},{\"@type\":\"WebSite\",\"@id\":\"https:\/\/asteralabs.org\/sv\/#website\",\"url\":\"https:\/\/asteralabs.org\/sv\/\",\"name\":\"Astera Labs\",\"description\":\"Improve Your Quality Of Life\",\"publisher\":{\"@id\":\"https:\/\/asteralabs.org\/sv\/#organization\"},\"potentialAction\":[{\"@type\":\"SearchAction\",\"target\":{\"@type\":\"EntryPoint\",\"urlTemplate\":\"https:\/\/asteralabs.org\/sv\/?s={search_term_string}\"},\"query-input\":\"required name=search_term_string\"}],\"inLanguage\":\"sv-SE\"},{\"@type\":\"Organization\",\"@id\":\"https:\/\/asteralabs.org\/sv\/#organization\",\"name\":\"Astera Labs\",\"url\":\"https:\/\/asteralabs.org\/sv\/\",\"logo\":{\"@type\":\"ImageObject\",\"inLanguage\":\"sv-SE\",\"@id\":\"https:\/\/asteralabs.org\/sv\/#\/schema\/logo\/image\/\",\"url\":\"https:\/\/asteralabs.org\/wp-content\/uploads\/2022\/12\/astera-2.png\",\"contentUrl\":\"https:\/\/asteralabs.org\/wp-content\/uploads\/2022\/12\/astera-2.png\",\"width\":437,\"height\":111,\"caption\":\"Astera Labs\"},\"image\":{\"@id\":\"https:\/\/asteralabs.org\/sv\/#\/schema\/logo\/image\/\"}}]}<\/script>\n<!-- \/ Yoast SEO plugin. -->","yoast_head_json":{"title":"Sex Hard &amp; Strong Mix (Viagra + Cialis + Dapoxetine HCL) - Astera Labs","robots":{"index":"index","follow":"follow","max-snippet":"max-snippet:-1","max-image-preview":"max-image-preview:large","max-video-preview":"max-video-preview:-1"},"canonical":"https:\/\/asteralabs.org\/sv\/product\/sex-hard-strong-mix-viagra-cialis-dapoxetine-hcl\/","og_locale":"sv_SE","og_type":"article","og_title":"Sex Hard &amp; Strong Mix (Viagra + Cialis + Dapoxetine HCL) - Astera Labs","og_description":"DOSERING: Sildenafil Citrate (Viagra) 50 mg\/tab Tadalafil (Cialis) 20 mg\/tab Dapoxetine HCL 30 mg\/tab F\u00d6RPACKNINGSINNEH\u00c5LL : 1 portion, 100 tabletter, 100 mg per tablett VAD \u00c4R DET: Kombinationen av Viagra, Cialis och Dapoxetine hj\u00e4lper dig att uppn\u00e5 den b\u00e4sta sexuella prestationen du kan beg\u00e4ra. Den akuta effekten av viagra kombineras med den l\u00e5ngvariga effekten av&hellip;","og_url":"https:\/\/asteralabs.org\/sv\/product\/sex-hard-strong-mix-viagra-cialis-dapoxetine-hcl\/","og_site_name":"Astera Labs","article_modified_time":"2026-01-15T14:23:40+00:00","og_image":[{"width":2000,"height":2000,"url":"https:\/\/asteralabs.org\/wp-content\/uploads\/2023\/01\/Sex-hard-strong-mix-mockup-nbg.png","type":"image\/png"}],"twitter_card":"summary_large_image","schema":{"@context":"https:\/\/schema.org","@graph":[{"@type":"WebPage","@id":"https:\/\/asteralabs.org\/sv\/product\/sex-hard-strong-mix-viagra-cialis-dapoxetine-hcl\/","url":"https:\/\/asteralabs.org\/sv\/product\/sex-hard-strong-mix-viagra-cialis-dapoxetine-hcl\/","name":"Sex Hard &amp; Strong Mix (Viagra + Cialis + Dapoxetine HCL) - Astera Labs","isPartOf":{"@id":"https:\/\/asteralabs.org\/sv\/#website"},"primaryImageOfPage":{"@id":"https:\/\/asteralabs.org\/sv\/product\/sex-hard-strong-mix-viagra-cialis-dapoxetine-hcl\/#primaryimage"},"image":{"@id":"https:\/\/asteralabs.org\/sv\/product\/sex-hard-strong-mix-viagra-cialis-dapoxetine-hcl\/#primaryimage"},"thumbnailUrl":"https:\/\/asteralabs.org\/wp-content\/uploads\/2023\/01\/Sex-hard-strong-mix-mockup-nbg.png","datePublished":"2023-01-10T22:23:05+00:00","dateModified":"2026-01-15T14:23:40+00:00","breadcrumb":{"@id":"https:\/\/asteralabs.org\/sv\/product\/sex-hard-strong-mix-viagra-cialis-dapoxetine-hcl\/#breadcrumb"},"inLanguage":"sv-SE","potentialAction":[{"@type":"ReadAction","target":["https:\/\/asteralabs.org\/sv\/product\/sex-hard-strong-mix-viagra-cialis-dapoxetine-hcl\/"]}]},{"@type":"ImageObject","inLanguage":"sv-SE","@id":"https:\/\/asteralabs.org\/sv\/product\/sex-hard-strong-mix-viagra-cialis-dapoxetine-hcl\/#primaryimage","url":"https:\/\/asteralabs.org\/wp-content\/uploads\/2023\/01\/Sex-hard-strong-mix-mockup-nbg.png","contentUrl":"https:\/\/asteralabs.org\/wp-content\/uploads\/2023\/01\/Sex-hard-strong-mix-mockup-nbg.png","width":2000,"height":2000},{"@type":"BreadcrumbList","@id":"https:\/\/asteralabs.org\/sv\/product\/sex-hard-strong-mix-viagra-cialis-dapoxetine-hcl\/#breadcrumb","itemListElement":[{"@type":"ListItem","position":1,"name":"Home","item":"https:\/\/asteralabs.org\/sv\/"},{"@type":"ListItem","position":2,"name":"Butik","item":"https:\/\/asteralabs.org\/butik\/"},{"@type":"ListItem","position":3,"name":"Sex Hard &amp; Strong Mix (Viagra + Cialis + Dapoxetine HCL)"}]},{"@type":"WebSite","@id":"https:\/\/asteralabs.org\/sv\/#website","url":"https:\/\/asteralabs.org\/sv\/","name":"Astera Labs","description":"Improve Your Quality Of Life","publisher":{"@id":"https:\/\/asteralabs.org\/sv\/#organization"},"potentialAction":[{"@type":"SearchAction","target":{"@type":"EntryPoint","urlTemplate":"https:\/\/asteralabs.org\/sv\/?s={search_term_string}"},"query-input":"required name=search_term_string"}],"inLanguage":"sv-SE"},{"@type":"Organization","@id":"https:\/\/asteralabs.org\/sv\/#organization","name":"Astera Labs","url":"https:\/\/asteralabs.org\/sv\/","logo":{"@type":"ImageObject","inLanguage":"sv-SE","@id":"https:\/\/asteralabs.org\/sv\/#\/schema\/logo\/image\/","url":"https:\/\/asteralabs.org\/wp-content\/uploads\/2022\/12\/astera-2.png","contentUrl":"https:\/\/asteralabs.org\/wp-content\/uploads\/2022\/12\/astera-2.png","width":437,"height":111,"caption":"Astera Labs"},"image":{"@id":"https:\/\/asteralabs.org\/sv\/#\/schema\/logo\/image\/"}}]}},"_links":{"self":[{"href":"https:\/\/asteralabs.org\/sv\/wp-json\/wp\/v2\/product\/77736"}],"collection":[{"href":"https:\/\/asteralabs.org\/sv\/wp-json\/wp\/v2\/product"}],"about":[{"href":"https:\/\/asteralabs.org\/sv\/wp-json\/wp\/v2\/types\/product"}],"replies":[{"embeddable":true,"href":"https:\/\/asteralabs.org\/sv\/wp-json\/wp\/v2\/comments?post=77736"}],"version-history":[{"count":2,"href":"https:\/\/asteralabs.org\/sv\/wp-json\/wp\/v2\/product\/77736\/revisions"}],"predecessor-version":[{"id":80020,"href":"https:\/\/asteralabs.org\/sv\/wp-json\/wp\/v2\/product\/77736\/revisions\/80020"}],"wp:featuredmedia":[{"embeddable":true,"href":"https:\/\/asteralabs.org\/sv\/wp-json\/wp\/v2\/media\/76198"}],"wp:attachment":[{"href":"https:\/\/asteralabs.org\/sv\/wp-json\/wp\/v2\/media?parent=77736"}],"wp:term":[{"taxonomy":"product_cat","embeddable":true,"href":"https:\/\/asteralabs.org\/sv\/wp-json\/wp\/v2\/product_cat?post=77736"},{"taxonomy":"product_tag","embeddable":true,"href":"https:\/\/asteralabs.org\/sv\/wp-json\/wp\/v2\/product_tag?post=77736"}],"curies":[{"name":"wp","href":"https:\/\/api.w.org\/{rel}","templated":true}]}}