{"id":77751,"date":"2023-01-10T22:21:28","date_gmt":"2023-01-10T22:21:28","guid":{"rendered":"https:\/\/asteralabs.org\/product\/methyldrostanolone-superdrol\/"},"modified":"2026-01-16T10:09:48","modified_gmt":"2026-01-16T10:09:48","slug":"methyldrostanolone-superdrol","status":"publish","type":"product","link":"https:\/\/asteralabs.org\/sv\/product\/methyldrostanolone-superdrol\/","title":{"rendered":"Methyldrostanolone (Superdrol)"},"content":{"rendered":"<p><strong>DOSERING: <\/strong><br \/>\nMethyldrostanolone 10mg\/tab <strong>F\u00f6rpackningens inneh\u00e5ll: <\/strong><br \/>\n1 satchet, 50tabs, 10 mg per tab <strong>VAD <\/strong> \u00c4R DET:<br \/>\nMethyldrosnanolone \u00e4ven k\u00e4nd som Superdrol \u00e4r den mest kraftfulla orala steroid i existens. Det \u00e4r en metylerad modifiering av drostanolon, men det ser inte ut som det, det har en h\u00f6g anabol och androgen kraft, och kan anv\u00e4ndas i volym, klippa eller i styrka stadier och precis som Anadrol m\u00e4ttar glykogen ins\u00e4ttningar. Det \u00e4r en mycket hepatotoxisk steroid. <strong>HUR MAN ANV\u00c4NDER: <\/strong><br \/>\nEn dos p\u00e5 10 mg \u00e4r redan mycket effektiv, men doser p\u00e5 upp till 20-30 mg per dag anv\u00e4nds ofta. Vi rekommenderar att du anv\u00e4nder den i h\u00f6gst 4 veckor. Vi rekommenderar att du delar upp doce tv\u00e5 g\u00e5nger per dag. Det b\u00f6r anv\u00e4ndas tillsammans med ett leverskyddsmedel som TUDCA. <strong>BATCHINFORMATION:<br \/>\n<\/strong>Batch nr: <span data-sheets-root=\"1\" data-sheets-value=\"{\" data-sheets-userformat=\"{\">VA38269<\/span><br \/>\nTillverkningsdatum: <span data-sheets-root=\"1\" data-sheets-value=\"{\" data-sheets-userformat=\"{\">10.2025.<\/span><br \/>\nUtg\u00e5ngsdatum: <span data-sheets-root=\"1\" data-sheets-value=\"{\" data-sheets-userformat=\"{\">10.2028.<\/span><\/p>\n","protected":false},"excerpt":{"rendered":"<p>DOSERING: Methyldrostanolone 10mg\/tab F\u00f6rpackningens inneh\u00e5ll: 1 satchet, 50tabs, 10 mg per tab VAD \u00c4R DET: Methyldrosnanolone \u00e4ven k\u00e4nd som Superdrol \u00e4r den mest kraftfulla orala steroid i existens. Det \u00e4r en metylerad modifiering av drostanolon, men det ser inte ut som det, det har en h\u00f6g anabol och androgen kraft, och kan anv\u00e4ndas i volym,&hellip;<\/p>\n","protected":false},"featured_media":76302,"comment_status":"open","ping_status":"closed","template":"","meta":[],"product_cat":[171,179],"product_tag":[],"yoast_head":"<!-- This site is optimized with the Yoast SEO plugin v23.0 - https:\/\/yoast.com\/wordpress\/plugins\/seo\/ -->\n<title>Methyldrostanolone (Superdrol) - Astera Labs<\/title>\n<meta name=\"robots\" content=\"index, follow, max-snippet:-1, max-image-preview:large, max-video-preview:-1\" \/>\n<link rel=\"canonical\" href=\"https:\/\/asteralabs.org\/sv\/product\/methyldrostanolone-superdrol\/\" \/>\n<meta property=\"og:locale\" content=\"sv_SE\" \/>\n<meta property=\"og:type\" content=\"article\" \/>\n<meta property=\"og:title\" content=\"Methyldrostanolone (Superdrol) - Astera Labs\" \/>\n<meta property=\"og:description\" content=\"DOSERING: Methyldrostanolone 10mg\/tab F\u00f6rpackningens inneh\u00e5ll: 1 satchet, 50tabs, 10 mg per tab VAD \u00c4R DET: Methyldrosnanolone \u00e4ven k\u00e4nd som Superdrol \u00e4r den mest kraftfulla orala steroid i existens. Det \u00e4r en metylerad modifiering av drostanolon, men det ser inte ut som det, det har en h\u00f6g anabol och androgen kraft, och kan anv\u00e4ndas i volym,&hellip;\" \/>\n<meta property=\"og:url\" content=\"https:\/\/asteralabs.org\/sv\/product\/methyldrostanolone-superdrol\/\" \/>\n<meta property=\"og:site_name\" content=\"Astera Labs\" \/>\n<meta property=\"article:modified_time\" content=\"2026-01-16T10:09:48+00:00\" \/>\n<meta property=\"og:image\" content=\"https:\/\/asteralabs.org\/wp-content\/uploads\/2023\/01\/Methyldrostanolone-superdrol-mockup-nbg.png\" \/>\n\t<meta property=\"og:image:width\" content=\"2000\" \/>\n\t<meta property=\"og:image:height\" content=\"2000\" \/>\n\t<meta property=\"og:image:type\" content=\"image\/png\" \/>\n<meta name=\"twitter:card\" content=\"summary_large_image\" \/>\n<script type=\"application\/ld+json\" class=\"yoast-schema-graph\">{\"@context\":\"https:\/\/schema.org\",\"@graph\":[{\"@type\":\"WebPage\",\"@id\":\"https:\/\/asteralabs.org\/sv\/product\/methyldrostanolone-superdrol\/\",\"url\":\"https:\/\/asteralabs.org\/sv\/product\/methyldrostanolone-superdrol\/\",\"name\":\"Methyldrostanolone (Superdrol) - Astera Labs\",\"isPartOf\":{\"@id\":\"https:\/\/asteralabs.org\/sv\/#website\"},\"primaryImageOfPage\":{\"@id\":\"https:\/\/asteralabs.org\/sv\/product\/methyldrostanolone-superdrol\/#primaryimage\"},\"image\":{\"@id\":\"https:\/\/asteralabs.org\/sv\/product\/methyldrostanolone-superdrol\/#primaryimage\"},\"thumbnailUrl\":\"https:\/\/asteralabs.org\/wp-content\/uploads\/2023\/01\/Methyldrostanolone-superdrol-mockup-nbg.png\",\"datePublished\":\"2023-01-10T22:21:28+00:00\",\"dateModified\":\"2026-01-16T10:09:48+00:00\",\"breadcrumb\":{\"@id\":\"https:\/\/asteralabs.org\/sv\/product\/methyldrostanolone-superdrol\/#breadcrumb\"},\"inLanguage\":\"sv-SE\",\"potentialAction\":[{\"@type\":\"ReadAction\",\"target\":[\"https:\/\/asteralabs.org\/sv\/product\/methyldrostanolone-superdrol\/\"]}]},{\"@type\":\"ImageObject\",\"inLanguage\":\"sv-SE\",\"@id\":\"https:\/\/asteralabs.org\/sv\/product\/methyldrostanolone-superdrol\/#primaryimage\",\"url\":\"https:\/\/asteralabs.org\/wp-content\/uploads\/2023\/01\/Methyldrostanolone-superdrol-mockup-nbg.png\",\"contentUrl\":\"https:\/\/asteralabs.org\/wp-content\/uploads\/2023\/01\/Methyldrostanolone-superdrol-mockup-nbg.png\",\"width\":2000,\"height\":2000},{\"@type\":\"BreadcrumbList\",\"@id\":\"https:\/\/asteralabs.org\/sv\/product\/methyldrostanolone-superdrol\/#breadcrumb\",\"itemListElement\":[{\"@type\":\"ListItem\",\"position\":1,\"name\":\"Home\",\"item\":\"https:\/\/asteralabs.org\/sv\/\"},{\"@type\":\"ListItem\",\"position\":2,\"name\":\"Butik\",\"item\":\"https:\/\/asteralabs.org\/butik\/\"},{\"@type\":\"ListItem\",\"position\":3,\"name\":\"Methyldrostanolone (Superdrol)\"}]},{\"@type\":\"WebSite\",\"@id\":\"https:\/\/asteralabs.org\/sv\/#website\",\"url\":\"https:\/\/asteralabs.org\/sv\/\",\"name\":\"Astera Labs\",\"description\":\"Improve Your Quality Of Life\",\"publisher\":{\"@id\":\"https:\/\/asteralabs.org\/sv\/#organization\"},\"potentialAction\":[{\"@type\":\"SearchAction\",\"target\":{\"@type\":\"EntryPoint\",\"urlTemplate\":\"https:\/\/asteralabs.org\/sv\/?s={search_term_string}\"},\"query-input\":\"required name=search_term_string\"}],\"inLanguage\":\"sv-SE\"},{\"@type\":\"Organization\",\"@id\":\"https:\/\/asteralabs.org\/sv\/#organization\",\"name\":\"Astera Labs\",\"url\":\"https:\/\/asteralabs.org\/sv\/\",\"logo\":{\"@type\":\"ImageObject\",\"inLanguage\":\"sv-SE\",\"@id\":\"https:\/\/asteralabs.org\/sv\/#\/schema\/logo\/image\/\",\"url\":\"https:\/\/asteralabs.org\/wp-content\/uploads\/2022\/12\/astera-2.png\",\"contentUrl\":\"https:\/\/asteralabs.org\/wp-content\/uploads\/2022\/12\/astera-2.png\",\"width\":437,\"height\":111,\"caption\":\"Astera Labs\"},\"image\":{\"@id\":\"https:\/\/asteralabs.org\/sv\/#\/schema\/logo\/image\/\"}}]}<\/script>\n<!-- \/ Yoast SEO plugin. -->","yoast_head_json":{"title":"Methyldrostanolone (Superdrol) - Astera Labs","robots":{"index":"index","follow":"follow","max-snippet":"max-snippet:-1","max-image-preview":"max-image-preview:large","max-video-preview":"max-video-preview:-1"},"canonical":"https:\/\/asteralabs.org\/sv\/product\/methyldrostanolone-superdrol\/","og_locale":"sv_SE","og_type":"article","og_title":"Methyldrostanolone (Superdrol) - Astera Labs","og_description":"DOSERING: Methyldrostanolone 10mg\/tab F\u00f6rpackningens inneh\u00e5ll: 1 satchet, 50tabs, 10 mg per tab VAD \u00c4R DET: Methyldrosnanolone \u00e4ven k\u00e4nd som Superdrol \u00e4r den mest kraftfulla orala steroid i existens. Det \u00e4r en metylerad modifiering av drostanolon, men det ser inte ut som det, det har en h\u00f6g anabol och androgen kraft, och kan anv\u00e4ndas i volym,&hellip;","og_url":"https:\/\/asteralabs.org\/sv\/product\/methyldrostanolone-superdrol\/","og_site_name":"Astera Labs","article_modified_time":"2026-01-16T10:09:48+00:00","og_image":[{"width":2000,"height":2000,"url":"https:\/\/asteralabs.org\/wp-content\/uploads\/2023\/01\/Methyldrostanolone-superdrol-mockup-nbg.png","type":"image\/png"}],"twitter_card":"summary_large_image","schema":{"@context":"https:\/\/schema.org","@graph":[{"@type":"WebPage","@id":"https:\/\/asteralabs.org\/sv\/product\/methyldrostanolone-superdrol\/","url":"https:\/\/asteralabs.org\/sv\/product\/methyldrostanolone-superdrol\/","name":"Methyldrostanolone (Superdrol) - Astera Labs","isPartOf":{"@id":"https:\/\/asteralabs.org\/sv\/#website"},"primaryImageOfPage":{"@id":"https:\/\/asteralabs.org\/sv\/product\/methyldrostanolone-superdrol\/#primaryimage"},"image":{"@id":"https:\/\/asteralabs.org\/sv\/product\/methyldrostanolone-superdrol\/#primaryimage"},"thumbnailUrl":"https:\/\/asteralabs.org\/wp-content\/uploads\/2023\/01\/Methyldrostanolone-superdrol-mockup-nbg.png","datePublished":"2023-01-10T22:21:28+00:00","dateModified":"2026-01-16T10:09:48+00:00","breadcrumb":{"@id":"https:\/\/asteralabs.org\/sv\/product\/methyldrostanolone-superdrol\/#breadcrumb"},"inLanguage":"sv-SE","potentialAction":[{"@type":"ReadAction","target":["https:\/\/asteralabs.org\/sv\/product\/methyldrostanolone-superdrol\/"]}]},{"@type":"ImageObject","inLanguage":"sv-SE","@id":"https:\/\/asteralabs.org\/sv\/product\/methyldrostanolone-superdrol\/#primaryimage","url":"https:\/\/asteralabs.org\/wp-content\/uploads\/2023\/01\/Methyldrostanolone-superdrol-mockup-nbg.png","contentUrl":"https:\/\/asteralabs.org\/wp-content\/uploads\/2023\/01\/Methyldrostanolone-superdrol-mockup-nbg.png","width":2000,"height":2000},{"@type":"BreadcrumbList","@id":"https:\/\/asteralabs.org\/sv\/product\/methyldrostanolone-superdrol\/#breadcrumb","itemListElement":[{"@type":"ListItem","position":1,"name":"Home","item":"https:\/\/asteralabs.org\/sv\/"},{"@type":"ListItem","position":2,"name":"Butik","item":"https:\/\/asteralabs.org\/butik\/"},{"@type":"ListItem","position":3,"name":"Methyldrostanolone (Superdrol)"}]},{"@type":"WebSite","@id":"https:\/\/asteralabs.org\/sv\/#website","url":"https:\/\/asteralabs.org\/sv\/","name":"Astera Labs","description":"Improve Your Quality Of Life","publisher":{"@id":"https:\/\/asteralabs.org\/sv\/#organization"},"potentialAction":[{"@type":"SearchAction","target":{"@type":"EntryPoint","urlTemplate":"https:\/\/asteralabs.org\/sv\/?s={search_term_string}"},"query-input":"required name=search_term_string"}],"inLanguage":"sv-SE"},{"@type":"Organization","@id":"https:\/\/asteralabs.org\/sv\/#organization","name":"Astera Labs","url":"https:\/\/asteralabs.org\/sv\/","logo":{"@type":"ImageObject","inLanguage":"sv-SE","@id":"https:\/\/asteralabs.org\/sv\/#\/schema\/logo\/image\/","url":"https:\/\/asteralabs.org\/wp-content\/uploads\/2022\/12\/astera-2.png","contentUrl":"https:\/\/asteralabs.org\/wp-content\/uploads\/2022\/12\/astera-2.png","width":437,"height":111,"caption":"Astera Labs"},"image":{"@id":"https:\/\/asteralabs.org\/sv\/#\/schema\/logo\/image\/"}}]}},"_links":{"self":[{"href":"https:\/\/asteralabs.org\/sv\/wp-json\/wp\/v2\/product\/77751"}],"collection":[{"href":"https:\/\/asteralabs.org\/sv\/wp-json\/wp\/v2\/product"}],"about":[{"href":"https:\/\/asteralabs.org\/sv\/wp-json\/wp\/v2\/types\/product"}],"replies":[{"embeddable":true,"href":"https:\/\/asteralabs.org\/sv\/wp-json\/wp\/v2\/comments?post=77751"}],"version-history":[{"count":0,"href":"https:\/\/asteralabs.org\/sv\/wp-json\/wp\/v2\/product\/77751\/revisions"}],"wp:featuredmedia":[{"embeddable":true,"href":"https:\/\/asteralabs.org\/sv\/wp-json\/wp\/v2\/media\/76302"}],"wp:attachment":[{"href":"https:\/\/asteralabs.org\/sv\/wp-json\/wp\/v2\/media?parent=77751"}],"wp:term":[{"taxonomy":"product_cat","embeddable":true,"href":"https:\/\/asteralabs.org\/sv\/wp-json\/wp\/v2\/product_cat?post=77751"},{"taxonomy":"product_tag","embeddable":true,"href":"https:\/\/asteralabs.org\/sv\/wp-json\/wp\/v2\/product_tag?post=77751"}],"curies":[{"name":"wp","href":"https:\/\/api.w.org\/{rel}","templated":true}]}}