{"id":77757,"date":"2023-01-10T22:19:43","date_gmt":"2023-01-10T22:19:43","guid":{"rendered":"https:\/\/asteralabs.org\/product\/mesterolon\/"},"modified":"2026-01-16T09:39:12","modified_gmt":"2026-01-16T09:39:12","slug":"mesterolon","status":"publish","type":"product","link":"https:\/\/asteralabs.org\/sv\/product\/mesterolon\/","title":{"rendered":"Mesterolon"},"content":{"rendered":"<p><strong>DOSERING: <\/strong><br \/>\nMesterolone 50mg\/tab <strong>F\u00f6rpackningsinneh\u00e5ll: <\/strong><br \/>\n1 satchet, 50tabs, 50 mg per tab <strong>VAD \u00c4R DET: <\/strong><br \/>\nMesterolone \u00e4r en androgen och anabol steroid som anv\u00e4nds vid behandling av androgenbrist och f\u00f6r att st\u00f6dja manlig fertilitet, Det har ocks\u00e5 anv\u00e4nts f\u00f6r att behandla f\u00f6rsenad pubertet hos pojkar. Eftersom det saknar \u00f6strogena effekter, mesterolone kan vara indicerat f\u00f6r behandling av fall av androgenbrist i vilka gynekomasti \u00e4r ocks\u00e5 n\u00e4rvarande. <strong>HUR MAN ANV\u00c4NDER: <\/strong><br \/>\nDess vanligaste anv\u00e4ndning \u00e4r f\u00f6r androgent st\u00f6d, vilket \u00e4r anv\u00e4ndbart f\u00f6r att \u00f6ka libido, br\u00e4nna mer fett eller undvika biverkningar av andra \u00e4mnen som Nandrolone. Doserna varierar beroende p\u00e5 vad som kr\u00e4vs, \u00e4r 50-100mg den vanligaste, jag rekommenderar att dela upp dosen i tv\u00e5 dagliga doser. Proviron \u00e4r oftast fri fr\u00e5n allvarliga biverkningar. <strong>BATCHINFORMATION:<br \/>\n<\/strong>Batch nr: <span data-sheets-root=\"1\" data-sheets-value=\"{\" data-sheets-userformat=\"{\">GZ77347<\/span><br \/>\nTillverkningsdatum: 10<span data-sheets-root=\"1\" data-sheets-value=\"{\" data-sheets-userformat=\"{\">.2025<\/span>.<br \/>\nUtg\u00e5ngsdatum: 10<span data-sheets-root=\"1\" data-sheets-value=\"{\" data-sheets-userformat=\"{\">.2028<\/span>.<\/p>\n","protected":false},"excerpt":{"rendered":"<p>DOSERING: Mesterolone 50mg\/tab F\u00f6rpackningsinneh\u00e5ll: 1 satchet, 50tabs, 50 mg per tab VAD \u00c4R DET: Mesterolone \u00e4r en androgen och anabol steroid som anv\u00e4nds vid behandling av androgenbrist och f\u00f6r att st\u00f6dja manlig fertilitet, Det har ocks\u00e5 anv\u00e4nts f\u00f6r att behandla f\u00f6rsenad pubertet hos pojkar. Eftersom det saknar \u00f6strogena effekter, mesterolone kan vara indicerat f\u00f6r behandling&hellip;<\/p>\n","protected":false},"featured_media":76278,"comment_status":"open","ping_status":"closed","template":"","meta":{"_acf_changed":false},"product_brand":[],"product_cat":[171,179],"product_tag":[],"class_list":{"0":"post-77757","1":"product","2":"type-product","3":"status-publish","4":"has-post-thumbnail","6":"product_cat-all-sv","7":"product_cat-orals-sv","8":"description-off","10":"first","11":"instock","12":"shipping-taxable","13":"product-type-simple"},"acf":[],"yoast_head":"<!-- This site is optimized with the Yoast SEO plugin v27.4 - https:\/\/yoast.com\/product\/yoast-seo-wordpress\/ -->\n<title>Mesterolon - Astera Labs<\/title>\n<meta name=\"robots\" content=\"index, follow, max-snippet:-1, max-image-preview:large, max-video-preview:-1\" \/>\n<link rel=\"canonical\" href=\"https:\/\/asteralabs.org\/sv\/product\/mesterolon\/\" \/>\n<meta property=\"og:locale\" content=\"sv_SE\" \/>\n<meta property=\"og:type\" content=\"article\" \/>\n<meta property=\"og:title\" content=\"Mesterolon - Astera Labs\" \/>\n<meta property=\"og:description\" content=\"DOSERING: Mesterolone 50mg\/tab F\u00f6rpackningsinneh\u00e5ll: 1 satchet, 50tabs, 50 mg per tab VAD \u00c4R DET: Mesterolone \u00e4r en androgen och anabol steroid som anv\u00e4nds vid behandling av androgenbrist och f\u00f6r att st\u00f6dja manlig fertilitet, Det har ocks\u00e5 anv\u00e4nts f\u00f6r att behandla f\u00f6rsenad pubertet hos pojkar. Eftersom det saknar \u00f6strogena effekter, mesterolone kan vara indicerat f\u00f6r behandling&hellip;\" \/>\n<meta property=\"og:url\" content=\"https:\/\/asteralabs.org\/sv\/product\/mesterolon\/\" \/>\n<meta property=\"og:site_name\" content=\"Astera Labs\" \/>\n<meta property=\"article:modified_time\" content=\"2026-01-16T09:39:12+00:00\" \/>\n<meta property=\"og:image\" content=\"https:\/\/asteralabs.org\/wp-content\/uploads\/2023\/01\/Mesterolone-mockup-nbg.png\" \/>\n\t<meta property=\"og:image:width\" content=\"2000\" \/>\n\t<meta property=\"og:image:height\" content=\"2000\" \/>\n\t<meta property=\"og:image:type\" content=\"image\/png\" \/>\n<meta name=\"twitter:card\" content=\"summary_large_image\" \/>\n<script type=\"application\/ld+json\" class=\"yoast-schema-graph\">{\"@context\":\"https:\\\/\\\/schema.org\",\"@graph\":[{\"@type\":\"WebPage\",\"@id\":\"https:\\\/\\\/asteralabs.org\\\/sv\\\/product\\\/mesterolon\\\/\",\"url\":\"https:\\\/\\\/asteralabs.org\\\/sv\\\/product\\\/mesterolon\\\/\",\"name\":\"Mesterolon - Astera Labs\",\"isPartOf\":{\"@id\":\"https:\\\/\\\/asteralabs.org\\\/sv\\\/#website\"},\"primaryImageOfPage\":{\"@id\":\"https:\\\/\\\/asteralabs.org\\\/sv\\\/product\\\/mesterolon\\\/#primaryimage\"},\"image\":{\"@id\":\"https:\\\/\\\/asteralabs.org\\\/sv\\\/product\\\/mesterolon\\\/#primaryimage\"},\"thumbnailUrl\":\"https:\\\/\\\/asteralabs.org\\\/wp-content\\\/uploads\\\/2023\\\/01\\\/Mesterolone-mockup-nbg.png\",\"datePublished\":\"2023-01-10T22:19:43+00:00\",\"dateModified\":\"2026-01-16T09:39:12+00:00\",\"breadcrumb\":{\"@id\":\"https:\\\/\\\/asteralabs.org\\\/sv\\\/product\\\/mesterolon\\\/#breadcrumb\"},\"inLanguage\":\"sv-SE\",\"potentialAction\":[{\"@type\":\"ReadAction\",\"target\":[\"https:\\\/\\\/asteralabs.org\\\/sv\\\/product\\\/mesterolon\\\/\"]}]},{\"@type\":\"ImageObject\",\"inLanguage\":\"sv-SE\",\"@id\":\"https:\\\/\\\/asteralabs.org\\\/sv\\\/product\\\/mesterolon\\\/#primaryimage\",\"url\":\"https:\\\/\\\/asteralabs.org\\\/wp-content\\\/uploads\\\/2023\\\/01\\\/Mesterolone-mockup-nbg.png\",\"contentUrl\":\"https:\\\/\\\/asteralabs.org\\\/wp-content\\\/uploads\\\/2023\\\/01\\\/Mesterolone-mockup-nbg.png\",\"width\":2000,\"height\":2000},{\"@type\":\"BreadcrumbList\",\"@id\":\"https:\\\/\\\/asteralabs.org\\\/sv\\\/product\\\/mesterolon\\\/#breadcrumb\",\"itemListElement\":[{\"@type\":\"ListItem\",\"position\":1,\"name\":\"Home\",\"item\":\"https:\\\/\\\/asteralabs.org\\\/sv\\\/\"},{\"@type\":\"ListItem\",\"position\":2,\"name\":\"Butik\",\"item\":\"https:\\\/\\\/asteralabs.org\\\/sv\\\/butik\\\/\"},{\"@type\":\"ListItem\",\"position\":3,\"name\":\"Mesterolon\"}]},{\"@type\":\"WebSite\",\"@id\":\"https:\\\/\\\/asteralabs.org\\\/sv\\\/#website\",\"url\":\"https:\\\/\\\/asteralabs.org\\\/sv\\\/\",\"name\":\"Astera Labs\",\"description\":\"Improve Your Quality Of Life\",\"publisher\":{\"@id\":\"https:\\\/\\\/asteralabs.org\\\/sv\\\/#organization\"},\"potentialAction\":[{\"@type\":\"SearchAction\",\"target\":{\"@type\":\"EntryPoint\",\"urlTemplate\":\"https:\\\/\\\/asteralabs.org\\\/sv\\\/?s={search_term_string}\"},\"query-input\":{\"@type\":\"PropertyValueSpecification\",\"valueRequired\":true,\"valueName\":\"search_term_string\"}}],\"inLanguage\":\"sv-SE\"},{\"@type\":\"Organization\",\"@id\":\"https:\\\/\\\/asteralabs.org\\\/sv\\\/#organization\",\"name\":\"Astera Labs\",\"url\":\"https:\\\/\\\/asteralabs.org\\\/sv\\\/\",\"logo\":{\"@type\":\"ImageObject\",\"inLanguage\":\"sv-SE\",\"@id\":\"https:\\\/\\\/asteralabs.org\\\/sv\\\/#\\\/schema\\\/logo\\\/image\\\/\",\"url\":\"https:\\\/\\\/asteralabs.org\\\/wp-content\\\/uploads\\\/2022\\\/12\\\/astera-2.png\",\"contentUrl\":\"https:\\\/\\\/asteralabs.org\\\/wp-content\\\/uploads\\\/2022\\\/12\\\/astera-2.png\",\"width\":437,\"height\":111,\"caption\":\"Astera Labs\"},\"image\":{\"@id\":\"https:\\\/\\\/asteralabs.org\\\/sv\\\/#\\\/schema\\\/logo\\\/image\\\/\"}}]}<\/script>\n<!-- \/ Yoast SEO plugin. -->","yoast_head_json":{"title":"Mesterolon - Astera Labs","robots":{"index":"index","follow":"follow","max-snippet":"max-snippet:-1","max-image-preview":"max-image-preview:large","max-video-preview":"max-video-preview:-1"},"canonical":"https:\/\/asteralabs.org\/sv\/product\/mesterolon\/","og_locale":"sv_SE","og_type":"article","og_title":"Mesterolon - Astera Labs","og_description":"DOSERING: Mesterolone 50mg\/tab F\u00f6rpackningsinneh\u00e5ll: 1 satchet, 50tabs, 50 mg per tab VAD \u00c4R DET: Mesterolone \u00e4r en androgen och anabol steroid som anv\u00e4nds vid behandling av androgenbrist och f\u00f6r att st\u00f6dja manlig fertilitet, Det har ocks\u00e5 anv\u00e4nts f\u00f6r att behandla f\u00f6rsenad pubertet hos pojkar. Eftersom det saknar \u00f6strogena effekter, mesterolone kan vara indicerat f\u00f6r behandling&hellip;","og_url":"https:\/\/asteralabs.org\/sv\/product\/mesterolon\/","og_site_name":"Astera Labs","article_modified_time":"2026-01-16T09:39:12+00:00","og_image":[{"width":2000,"height":2000,"url":"https:\/\/asteralabs.org\/wp-content\/uploads\/2023\/01\/Mesterolone-mockup-nbg.png","type":"image\/png"}],"twitter_card":"summary_large_image","schema":{"@context":"https:\/\/schema.org","@graph":[{"@type":"WebPage","@id":"https:\/\/asteralabs.org\/sv\/product\/mesterolon\/","url":"https:\/\/asteralabs.org\/sv\/product\/mesterolon\/","name":"Mesterolon - Astera Labs","isPartOf":{"@id":"https:\/\/asteralabs.org\/sv\/#website"},"primaryImageOfPage":{"@id":"https:\/\/asteralabs.org\/sv\/product\/mesterolon\/#primaryimage"},"image":{"@id":"https:\/\/asteralabs.org\/sv\/product\/mesterolon\/#primaryimage"},"thumbnailUrl":"https:\/\/asteralabs.org\/wp-content\/uploads\/2023\/01\/Mesterolone-mockup-nbg.png","datePublished":"2023-01-10T22:19:43+00:00","dateModified":"2026-01-16T09:39:12+00:00","breadcrumb":{"@id":"https:\/\/asteralabs.org\/sv\/product\/mesterolon\/#breadcrumb"},"inLanguage":"sv-SE","potentialAction":[{"@type":"ReadAction","target":["https:\/\/asteralabs.org\/sv\/product\/mesterolon\/"]}]},{"@type":"ImageObject","inLanguage":"sv-SE","@id":"https:\/\/asteralabs.org\/sv\/product\/mesterolon\/#primaryimage","url":"https:\/\/asteralabs.org\/wp-content\/uploads\/2023\/01\/Mesterolone-mockup-nbg.png","contentUrl":"https:\/\/asteralabs.org\/wp-content\/uploads\/2023\/01\/Mesterolone-mockup-nbg.png","width":2000,"height":2000},{"@type":"BreadcrumbList","@id":"https:\/\/asteralabs.org\/sv\/product\/mesterolon\/#breadcrumb","itemListElement":[{"@type":"ListItem","position":1,"name":"Home","item":"https:\/\/asteralabs.org\/sv\/"},{"@type":"ListItem","position":2,"name":"Butik","item":"https:\/\/asteralabs.org\/sv\/butik\/"},{"@type":"ListItem","position":3,"name":"Mesterolon"}]},{"@type":"WebSite","@id":"https:\/\/asteralabs.org\/sv\/#website","url":"https:\/\/asteralabs.org\/sv\/","name":"Astera Labs","description":"Improve Your Quality Of Life","publisher":{"@id":"https:\/\/asteralabs.org\/sv\/#organization"},"potentialAction":[{"@type":"SearchAction","target":{"@type":"EntryPoint","urlTemplate":"https:\/\/asteralabs.org\/sv\/?s={search_term_string}"},"query-input":{"@type":"PropertyValueSpecification","valueRequired":true,"valueName":"search_term_string"}}],"inLanguage":"sv-SE"},{"@type":"Organization","@id":"https:\/\/asteralabs.org\/sv\/#organization","name":"Astera Labs","url":"https:\/\/asteralabs.org\/sv\/","logo":{"@type":"ImageObject","inLanguage":"sv-SE","@id":"https:\/\/asteralabs.org\/sv\/#\/schema\/logo\/image\/","url":"https:\/\/asteralabs.org\/wp-content\/uploads\/2022\/12\/astera-2.png","contentUrl":"https:\/\/asteralabs.org\/wp-content\/uploads\/2022\/12\/astera-2.png","width":437,"height":111,"caption":"Astera Labs"},"image":{"@id":"https:\/\/asteralabs.org\/sv\/#\/schema\/logo\/image\/"}}]}},"_links":{"self":[{"href":"https:\/\/asteralabs.org\/sv\/wp-json\/wp\/v2\/product\/77757","targetHints":{"allow":["GET"]}}],"collection":[{"href":"https:\/\/asteralabs.org\/sv\/wp-json\/wp\/v2\/product"}],"about":[{"href":"https:\/\/asteralabs.org\/sv\/wp-json\/wp\/v2\/types\/product"}],"replies":[{"embeddable":true,"href":"https:\/\/asteralabs.org\/sv\/wp-json\/wp\/v2\/comments?post=77757"}],"version-history":[{"count":0,"href":"https:\/\/asteralabs.org\/sv\/wp-json\/wp\/v2\/product\/77757\/revisions"}],"wp:featuredmedia":[{"embeddable":true,"href":"https:\/\/asteralabs.org\/sv\/wp-json\/wp\/v2\/media\/76278"}],"wp:attachment":[{"href":"https:\/\/asteralabs.org\/sv\/wp-json\/wp\/v2\/media?parent=77757"}],"wp:term":[{"taxonomy":"product_brand","embeddable":true,"href":"https:\/\/asteralabs.org\/sv\/wp-json\/wp\/v2\/product_brand?post=77757"},{"taxonomy":"product_cat","embeddable":true,"href":"https:\/\/asteralabs.org\/sv\/wp-json\/wp\/v2\/product_cat?post=77757"},{"taxonomy":"product_tag","embeddable":true,"href":"https:\/\/asteralabs.org\/sv\/wp-json\/wp\/v2\/product_tag?post=77757"}],"curies":[{"name":"wp","href":"https:\/\/api.w.org\/{rel}","templated":true}]}}